{"id":323789,"date":"2025-07-10T10:33:04","date_gmt":"2025-07-10T08:33:04","guid":{"rendered":"https:\/\/miomiorun.com\/?post_type=product&#038;p=323789"},"modified":"2026-01-25T16:50:47","modified_gmt":"2026-01-25T15:50:47","slug":"cascadia-19-homme","status":"publish","type":"product","link":"https:\/\/www.miomiorun.com\/fr\/produit\/cascadia-19-homme\/","title":{"rendered":"Cascadia 19 homme"},"content":{"rendered":"<div class=\"vc-row container\"><div class=\"vc-column\"><div class=\"vc-column-text\"><\/p>\n<p><strong>Caract\u00e9ristiques techniques<\/strong><\/p>\n<p>Cat\u00e9gorie : amorti sup\u00e9rieur<br \/>\nD\u00e9calage : 6 mm<br \/>\nPoids : 303,3 g<br \/>\nId\u00e9al pour : les coureurs de trail et les amateurs de randonn\u00e9e \u00e0 la recherche d&#8217;un mod\u00e8le amorti, protecteur et robuste, pouvant \u00eatre utilis\u00e9 pour les longues et moyennes distances en montagne et sur les chemins de terre.<br \/>\nPoids de l&#8217;athl\u00e8te : 70-90 kg<br \/>\nAllure de course : moyenne-lente (&gt;5,00 min\/km)<br \/>\n<a href=\"https:\/\/miomiorun.com\/guida-alle-specifiche-tecniche\/\">Guide des sp\u00e9cifications techniques<\/a><\/p>\n<p><\/div><\/div><div class=\"vc-column\"><div class=\"vc-column-text\"><\/p>\n<p data-start=\"164\" data-end=\"607\">Pr\u00e9parez-vous \u00e0 affronter tous les terrains avec la Brooks Cascadia 19 pour homme, une chaussure de trail running con\u00e7ue pour garantir stabilit\u00e9, adaptabilit\u00e9 et confort sur tous les types de terrain. Gr\u00e2ce au nouveau Trail Adapt System, qui int\u00e8gre une plaque rock plate flexible avec un amorti en m\u00e9lange DNA LOFT v3, la chaussure s&#8217;adapte de mani\u00e8re dynamique aux irr\u00e9gularit\u00e9s du sol, offrant une protection constante m\u00eame sur les parcours les plus techniques. <\/p>\n<p data-start=\"609\" data-end=\"979\">La semelle est compos\u00e9e \u00e0 25 % de mat\u00e9riaux recycl\u00e9s et assure une excellente adh\u00e9rence sur les terrains secs comme humides, offrant un appui s\u00fbr et stable dans toutes les conditions. L&#8217;amorti nitro-infus\u00e9 offre une souplesse suppl\u00e9mentaire, avec 2 mm de plus au talon et 4 mm \u00e0 l&#8217;avant-pied pour mieux absorber les chocs lors des descentes ou des passages les plus accident\u00e9s.<\/p>\n<p data-start=\"981\" data-end=\"1332\">La tige en mesh technique, l\u00e9g\u00e8re et respirante, enveloppe le pied gr\u00e2ce \u00e0 une structure renforc\u00e9e qui am\u00e9liore le maintien et la stabilit\u00e9, m\u00eame lors des mouvements lat\u00e9raux. Avec la Cascadia 19 aux pieds, vous pouvez vous concentrer uniquement sur votre foul\u00e9e : elle s&#8217;occupe du reste. C&#8217;est la compagne id\u00e9ale pour les longues aventures en montagne, pr\u00eate \u00e0 vous accompagner partout. <\/p>\n<p><\/div><\/div><\/div>\n","protected":false},"excerpt":{"rendered":"<ul class=\"m-long-description__features\">\n<li class=\"m-long-description__feature\">\n<div class=\"m-long-description__feature-text\">Course adaptable<\/div>\n<\/li>\n<li class=\"m-long-description__feature\">\n<div class=\"m-long-description__feature-text\">Pr\u00eate pour tous les types de terrain<\/div>\n<\/li>\n<li class=\"m-long-description__feature\">\n<div class=\"m-long-description__feature-text\">Traction sur surfaces mouill\u00e9es et s\u00e8ches<\/div>\n<\/li>\n<\/ul>\n","protected":false},"featured_media":401257,"template":"","meta":{"_acf_changed":false,"inline_featured_image":false},"product_brand":[],"product_cat":[24448,24445],"product_tag":[23462,23655],"class_list":{"0":"post-323789","1":"product","2":"type-product","3":"status-publish","4":"has-post-thumbnail","6":"product_cat-chaussures-pour-hommes-fr","7":"product_cat-trail-fr-3","8":"product_tag-brooks-fr","9":"product_tag-brooks-homme","10":"pa_attivita-outdoor-fr","11":"pa_attivita-trail-fr","12":"pa_colore-cascadia-19-beacon-blue-starfish-coconut","13":"pa_colore-cascadia-19-black-yellow-chateau","14":"pa_marca-brooks-fr","15":"pa_sesso-homme","16":"pa_size-41-fr","17":"pa_size-42-fr","18":"pa_size-42-5-fr","19":"pa_size-43-fr","20":"pa_size-44-fr","21":"pa_size-44-5-fr","22":"pa_size-45-5-fr","23":"pa_size-46-5-fr","25":"first","26":"instock","27":"sale","28":"taxable","29":"shipping-taxable","30":"purchasable","31":"product-type-variable","32":"wvs-archive-product-wrapper"},"acf":[],"yoast_head":"<!-- This site is optimized with the Yoast SEO plugin v26.8 - https:\/\/yoast.com\/product\/yoast-seo-wordpress\/ -->\n<title>Brooks Cascadia 19 homme - chaussures de trail pour homme - MioMioRun.com<\/title>\n<meta name=\"description\" content=\"D\u00e9couvrez la Brooks Cascadia 19 pour homme : une chaussure de trail stable, amortissante et adapt\u00e9e \u00e0 tous les terrains. Confort, adh\u00e9rence et protection pour vos aventures en montagne.\" \/>\n<meta name=\"robots\" content=\"index, follow, max-snippet:-1, max-image-preview:large, max-video-preview:-1\" \/>\n<link rel=\"canonical\" href=\"https:\/\/www.miomiorun.com\/fr\/produit\/cascadia-19-homme\/\" \/>\n<meta property=\"og:locale\" content=\"fr_FR\" \/>\n<meta property=\"og:type\" content=\"article\" \/>\n<meta property=\"og:title\" content=\"Brooks Cascadia 19 homme - chaussures de trail pour homme - MioMioRun.com\" \/>\n<meta property=\"og:description\" content=\"D\u00e9couvrez la Brooks Cascadia 19 pour homme : une chaussure de trail stable, amortissante et adapt\u00e9e \u00e0 tous les terrains. Confort, adh\u00e9rence et protection pour vos aventures en montagne.\" \/>\n<meta property=\"og:url\" content=\"https:\/\/www.miomiorun.com\/fr\/produit\/cascadia-19-homme\/\" \/>\n<meta property=\"og:site_name\" content=\"MioMioRun\" \/>\n<meta property=\"article:publisher\" content=\"https:\/\/www.facebook.com\/miomiorun\/\" \/>\n<meta property=\"article:modified_time\" content=\"2026-01-25T15:50:47+00:00\" \/>\n<meta property=\"og:image\" content=\"https:\/\/www.miomiorun.com\/app\/uploads\/2026\/02\/brooks-Cascadia-19-beacon-blue-starfish-coconut-1104571D455.webp\" \/>\n\t<meta property=\"og:image:width\" content=\"720\" \/>\n\t<meta property=\"og:image:height\" content=\"720\" \/>\n\t<meta property=\"og:image:type\" content=\"image\/webp\" \/>\n<meta name=\"twitter:card\" content=\"summary_large_image\" \/>\n<meta name=\"twitter:label1\" content=\"Est. reading time\" \/>\n\t<meta name=\"twitter:data1\" content=\"2 minutes\" \/>\n<script type=\"application\/ld+json\" class=\"yoast-schema-graph\">{\"@context\":\"https:\/\/schema.org\",\"@graph\":[{\"@type\":\"WebPage\",\"@id\":\"https:\/\/www.miomiorun.com\/fr\/produit\/cascadia-19-homme\/\",\"url\":\"https:\/\/www.miomiorun.com\/fr\/produit\/cascadia-19-homme\/\",\"name\":\"Brooks Cascadia 19 homme - chaussures de trail pour homme - MioMioRun.com\",\"isPartOf\":{\"@id\":\"https:\/\/www.miomiorun.com\/fr\/#website\"},\"primaryImageOfPage\":{\"@id\":\"https:\/\/www.miomiorun.com\/fr\/produit\/cascadia-19-homme\/#primaryimage\"},\"image\":{\"@id\":\"https:\/\/www.miomiorun.com\/fr\/produit\/cascadia-19-homme\/#primaryimage\"},\"thumbnailUrl\":\"https:\/\/www.miomiorun.com\/app\/uploads\/2026\/02\/brooks-Cascadia-19-beacon-blue-starfish-coconut-1104571D455.webp\",\"datePublished\":\"2025-07-10T08:33:04+00:00\",\"dateModified\":\"2026-01-25T15:50:47+00:00\",\"description\":\"D\u00e9couvrez la Brooks Cascadia 19 pour homme : une chaussure de trail stable, amortissante et adapt\u00e9e \u00e0 tous les terrains. Confort, adh\u00e9rence et protection pour vos aventures en montagne.\",\"breadcrumb\":{\"@id\":\"https:\/\/www.miomiorun.com\/fr\/produit\/cascadia-19-homme\/#breadcrumb\"},\"inLanguage\":\"fr-FR\",\"potentialAction\":[{\"@type\":\"ReadAction\",\"target\":[\"https:\/\/www.miomiorun.com\/fr\/produit\/cascadia-19-homme\/\"]}]},{\"@type\":\"ImageObject\",\"inLanguage\":\"fr-FR\",\"@id\":\"https:\/\/www.miomiorun.com\/fr\/produit\/cascadia-19-homme\/#primaryimage\",\"url\":\"https:\/\/www.miomiorun.com\/app\/uploads\/2026\/02\/brooks-Cascadia-19-beacon-blue-starfish-coconut-1104571D455.webp\",\"contentUrl\":\"https:\/\/www.miomiorun.com\/app\/uploads\/2026\/02\/brooks-Cascadia-19-beacon-blue-starfish-coconut-1104571D455.webp\",\"width\":720,\"height\":720,\"caption\":\"brooks Cascadia 19 beacon blue starfish coconut 1104571D455\"},{\"@type\":\"BreadcrumbList\",\"@id\":\"https:\/\/www.miomiorun.com\/fr\/produit\/cascadia-19-homme\/#breadcrumb\",\"itemListElement\":[{\"@type\":\"ListItem\",\"position\":1,\"name\":\"Home\",\"item\":\"https:\/\/www.miomiorun.com\/fr\/home-page\/\"},{\"@type\":\"ListItem\",\"position\":2,\"name\":\"Shop\",\"item\":\"https:\/\/www.miomiorun.com\/shop\/\"},{\"@type\":\"ListItem\",\"position\":3,\"name\":\"Cascadia 19 homme\"}]},{\"@type\":\"WebSite\",\"@id\":\"https:\/\/www.miomiorun.com\/fr\/#website\",\"url\":\"https:\/\/www.miomiorun.com\/fr\/\",\"name\":\"MioMioRun\",\"description\":\"Boutique 100% running et trail\",\"publisher\":{\"@id\":\"https:\/\/www.miomiorun.com\/fr\/#organization\"},\"potentialAction\":[{\"@type\":\"SearchAction\",\"target\":{\"@type\":\"EntryPoint\",\"urlTemplate\":\"https:\/\/www.miomiorun.com\/fr\/?s={search_term_string}\"},\"query-input\":{\"@type\":\"PropertyValueSpecification\",\"valueRequired\":true,\"valueName\":\"search_term_string\"}}],\"inLanguage\":\"fr-FR\"},{\"@type\":\"Organization\",\"@id\":\"https:\/\/www.miomiorun.com\/fr\/#organization\",\"name\":\"MioMio Run\",\"url\":\"https:\/\/www.miomiorun.com\/fr\/\",\"logo\":{\"@type\":\"ImageObject\",\"inLanguage\":\"fr-FR\",\"@id\":\"https:\/\/www.miomiorun.com\/fr\/#\/schema\/logo\/image\/\",\"url\":\"https:\/\/www.miomiorun.com\/app\/uploads\/2019\/12\/logomio.png\",\"contentUrl\":\"https:\/\/www.miomiorun.com\/app\/uploads\/2019\/12\/logomio.png\",\"width\":115,\"height\":82,\"caption\":\"MioMio Run\"},\"image\":{\"@id\":\"https:\/\/www.miomiorun.com\/fr\/#\/schema\/logo\/image\/\"},\"sameAs\":[\"https:\/\/www.facebook.com\/miomiorun\/\",\"https:\/\/www.instagram.com\/miomiorun\/\"]}]}<\/script>\n<!-- \/ Yoast SEO plugin. -->","yoast_head_json":{"title":"Brooks Cascadia 19 homme - chaussures de trail pour homme - MioMioRun.com","description":"D\u00e9couvrez la Brooks Cascadia 19 pour homme : une chaussure de trail stable, amortissante et adapt\u00e9e \u00e0 tous les terrains. Confort, adh\u00e9rence et protection pour vos aventures en montagne.","robots":{"index":"index","follow":"follow","max-snippet":"max-snippet:-1","max-image-preview":"max-image-preview:large","max-video-preview":"max-video-preview:-1"},"canonical":"https:\/\/www.miomiorun.com\/fr\/produit\/cascadia-19-homme\/","og_locale":"fr_FR","og_type":"article","og_title":"Brooks Cascadia 19 homme - chaussures de trail pour homme - MioMioRun.com","og_description":"D\u00e9couvrez la Brooks Cascadia 19 pour homme : une chaussure de trail stable, amortissante et adapt\u00e9e \u00e0 tous les terrains. Confort, adh\u00e9rence et protection pour vos aventures en montagne.","og_url":"https:\/\/www.miomiorun.com\/fr\/produit\/cascadia-19-homme\/","og_site_name":"MioMioRun","article_publisher":"https:\/\/www.facebook.com\/miomiorun\/","article_modified_time":"2026-01-25T15:50:47+00:00","og_image":[{"width":720,"height":720,"url":"https:\/\/www.miomiorun.com\/app\/uploads\/2026\/02\/brooks-Cascadia-19-beacon-blue-starfish-coconut-1104571D455.webp","type":"image\/webp"}],"twitter_card":"summary_large_image","twitter_misc":{"Est. reading time":"2 minutes"},"schema":{"@context":"https:\/\/schema.org","@graph":[{"@type":"WebPage","@id":"https:\/\/www.miomiorun.com\/fr\/produit\/cascadia-19-homme\/","url":"https:\/\/www.miomiorun.com\/fr\/produit\/cascadia-19-homme\/","name":"Brooks Cascadia 19 homme - chaussures de trail pour homme - MioMioRun.com","isPartOf":{"@id":"https:\/\/www.miomiorun.com\/fr\/#website"},"primaryImageOfPage":{"@id":"https:\/\/www.miomiorun.com\/fr\/produit\/cascadia-19-homme\/#primaryimage"},"image":{"@id":"https:\/\/www.miomiorun.com\/fr\/produit\/cascadia-19-homme\/#primaryimage"},"thumbnailUrl":"https:\/\/www.miomiorun.com\/app\/uploads\/2026\/02\/brooks-Cascadia-19-beacon-blue-starfish-coconut-1104571D455.webp","datePublished":"2025-07-10T08:33:04+00:00","dateModified":"2026-01-25T15:50:47+00:00","description":"D\u00e9couvrez la Brooks Cascadia 19 pour homme : une chaussure de trail stable, amortissante et adapt\u00e9e \u00e0 tous les terrains. Confort, adh\u00e9rence et protection pour vos aventures en montagne.","breadcrumb":{"@id":"https:\/\/www.miomiorun.com\/fr\/produit\/cascadia-19-homme\/#breadcrumb"},"inLanguage":"fr-FR","potentialAction":[{"@type":"ReadAction","target":["https:\/\/www.miomiorun.com\/fr\/produit\/cascadia-19-homme\/"]}]},{"@type":"ImageObject","inLanguage":"fr-FR","@id":"https:\/\/www.miomiorun.com\/fr\/produit\/cascadia-19-homme\/#primaryimage","url":"https:\/\/www.miomiorun.com\/app\/uploads\/2026\/02\/brooks-Cascadia-19-beacon-blue-starfish-coconut-1104571D455.webp","contentUrl":"https:\/\/www.miomiorun.com\/app\/uploads\/2026\/02\/brooks-Cascadia-19-beacon-blue-starfish-coconut-1104571D455.webp","width":720,"height":720,"caption":"brooks Cascadia 19 beacon blue starfish coconut 1104571D455"},{"@type":"BreadcrumbList","@id":"https:\/\/www.miomiorun.com\/fr\/produit\/cascadia-19-homme\/#breadcrumb","itemListElement":[{"@type":"ListItem","position":1,"name":"Home","item":"https:\/\/www.miomiorun.com\/fr\/home-page\/"},{"@type":"ListItem","position":2,"name":"Shop","item":"https:\/\/www.miomiorun.com\/shop\/"},{"@type":"ListItem","position":3,"name":"Cascadia 19 homme"}]},{"@type":"WebSite","@id":"https:\/\/www.miomiorun.com\/fr\/#website","url":"https:\/\/www.miomiorun.com\/fr\/","name":"MioMioRun","description":"Boutique 100% running et trail","publisher":{"@id":"https:\/\/www.miomiorun.com\/fr\/#organization"},"potentialAction":[{"@type":"SearchAction","target":{"@type":"EntryPoint","urlTemplate":"https:\/\/www.miomiorun.com\/fr\/?s={search_term_string}"},"query-input":{"@type":"PropertyValueSpecification","valueRequired":true,"valueName":"search_term_string"}}],"inLanguage":"fr-FR"},{"@type":"Organization","@id":"https:\/\/www.miomiorun.com\/fr\/#organization","name":"MioMio Run","url":"https:\/\/www.miomiorun.com\/fr\/","logo":{"@type":"ImageObject","inLanguage":"fr-FR","@id":"https:\/\/www.miomiorun.com\/fr\/#\/schema\/logo\/image\/","url":"https:\/\/www.miomiorun.com\/app\/uploads\/2019\/12\/logomio.png","contentUrl":"https:\/\/www.miomiorun.com\/app\/uploads\/2019\/12\/logomio.png","width":115,"height":82,"caption":"MioMio Run"},"image":{"@id":"https:\/\/www.miomiorun.com\/fr\/#\/schema\/logo\/image\/"},"sameAs":["https:\/\/www.facebook.com\/miomiorun\/","https:\/\/www.instagram.com\/miomiorun\/"]}]}},"_links":{"self":[{"href":"https:\/\/www.miomiorun.com\/fr\/wp-json\/wp\/v2\/product\/323789","targetHints":{"allow":["GET"]}}],"collection":[{"href":"https:\/\/www.miomiorun.com\/fr\/wp-json\/wp\/v2\/product"}],"about":[{"href":"https:\/\/www.miomiorun.com\/fr\/wp-json\/wp\/v2\/types\/product"}],"wp:featuredmedia":[{"embeddable":true,"href":"https:\/\/www.miomiorun.com\/fr\/wp-json\/wp\/v2\/media\/401257"}],"wp:attachment":[{"href":"https:\/\/www.miomiorun.com\/fr\/wp-json\/wp\/v2\/media?parent=323789"}],"wp:term":[{"taxonomy":"product_brand","embeddable":true,"href":"https:\/\/www.miomiorun.com\/fr\/wp-json\/wp\/v2\/product_brand?post=323789"},{"taxonomy":"product_cat","embeddable":true,"href":"https:\/\/www.miomiorun.com\/fr\/wp-json\/wp\/v2\/product_cat?post=323789"},{"taxonomy":"product_tag","embeddable":true,"href":"https:\/\/www.miomiorun.com\/fr\/wp-json\/wp\/v2\/product_tag?post=323789"}],"curies":[{"name":"wp","href":"https:\/\/api.w.org\/{rel}","templated":true}]}}