{"id":323647,"date":"2025-07-10T10:20:31","date_gmt":"2025-07-10T08:20:31","guid":{"rendered":"https:\/\/miomiorun.com\/?post_type=product&#038;p=323647"},"modified":"2026-01-29T15:23:37","modified_gmt":"2026-01-29T14:23:37","slug":"revel-8-homme","status":"publish","type":"product","link":"https:\/\/www.miomiorun.com\/fr\/produit\/revel-8-homme\/","title":{"rendered":"Revel 8 homme"},"content":{"rendered":"<div class=\"vc-row container\"><div class=\"vc-column\"><div class=\"vc-column-text\"><\/p>\n<p><strong>Caract\u00e9ristiques techniques<\/strong><\/p>\n<p>Cat\u00e9gorie : amorti r\u00e9actif<br \/>\nD\u00e9calage : 8 mm<br \/>\nPoids : 258,0 g<br \/>\nId\u00e9al pour : les coureurs \u00e0 foul\u00e9e neutre et pied moyen \u00e0 la recherche d&#8217;une chaussure polyvalente et l\u00e9g\u00e8re, pour affronter avec aisance les distances moyennes et les entra\u00eenements, m\u00eame de qualit\u00e9.<br \/>\nPoids de l&#8217;athl\u00e8te : 60-75 kg<br \/>\nAllure de course : moyenne \u00e0 rapide (4,00-5,30 min\/km)<br \/>\n<a href=\"https:\/\/miomiorun.com\/guida-alle-specifiche-tecniche\/\">Guide des sp\u00e9cifications techniques<\/a><\/p>\n<p><\/div><\/div><div class=\"vc-column\"><div class=\"vc-column-text\"><\/p>\n<p data-start=\"232\" data-end=\"513\">Lorsque la journ\u00e9e s&#8217;acc\u00e9l\u00e8re, les <strong data-start=\"282\" data-end=\"308\">Brooks Revel 8 pour homme<\/strong> sont l\u00e0 pour vous offrir un soutien constant et un style impeccable. Con\u00e7ues pour vous accompagner de la course au bureau, jusqu&#8217;\u00e0 vos loisirs, ces chaussures allient performance et confort dans un design \u00e9pur\u00e9.<\/p>\n<p data-start=\"515\" data-end=\"796\">L&#8217;amorti am\u00e9lior\u00e9 garantit une course fluide et confortable, tandis que la tige en <strong data-start=\"608\" data-end=\"636\">mesh technique respirant<\/strong> assure fra\u00eecheur et l\u00e9g\u00e8ret\u00e9 en toute situation. Parfaites pour les entra\u00eenements l\u00e9gers ou pour ceux qui souhaitent simplement \u00eatre \u00e0 l&#8217;aise toute la journ\u00e9e.<\/p>\n<p data-start=\"798\" data-end=\"1052\">Le design \u00e9pur\u00e9, avec des lignes modernes et des d\u00e9tails discrets, s&#8217;adapte facilement \u00e0 toutes les tenues. Les Revel 8 ne sont pas seulement des chaussures de course, mais un choix intelligent pour ceux qui veulent affronter chaque journ\u00e9e avec confort et s\u00e9curit\u00e9, sans renoncer au style. <\/p>\n<p><\/div><\/div><\/div>\n","protected":false},"excerpt":{"rendered":"<ul class=\"m-long-description__features\">\n<li class=\"m-long-description__feature\">Tige redessin\u00e9e.<\/li>\n<li class=\"m-long-description__feature\">R\u00e9active et confortable.<\/li>\n<li class=\"m-long-description__feature\">Transitions rapides.<\/li>\n<\/ul>\n","protected":false},"featured_media":325713,"template":"","meta":{"_acf_changed":false,"inline_featured_image":false},"product_brand":[],"product_cat":[24448,24447],"product_tag":[23462,23655],"class_list":{"0":"post-323647","1":"product","2":"type-product","3":"status-publish","4":"has-post-thumbnail","6":"product_cat-chaussures-pour-hommes-fr","7":"product_cat-neutre-fr-3","8":"product_tag-brooks-fr","9":"product_tag-brooks-homme","10":"pa_attivita-fitness-fr","11":"pa_attivita-marcher","12":"pa_attivita-running-fr","13":"pa_colore-revel-8-black-grey-white-fr","14":"pa_colore-revel-8-white-black-oak-buff-fr","15":"pa_marca-brooks-fr","16":"pa_sesso-homme","17":"pa_size-45-fr","18":"pa_size-45-5-fr","20":"first","21":"outofstock","22":"sale","23":"taxable","24":"shipping-taxable","25":"purchasable","26":"product-type-variable","27":"wvs-archive-product-wrapper"},"acf":[],"yoast_head":"<!-- This site is optimized with the Yoast SEO plugin v26.8 - https:\/\/yoast.com\/product\/yoast-seo-wordpress\/ -->\n<title>Brooks Revel 8 homme - chaussures de course pour homme - MioMioRun .com<\/title>\n<meta name=\"description\" content=\"Revel 8 homme : chaussure polyvalente avec amorti souple et tige respirante. Confort id\u00e9al pour la course, les loisirs et la vie quotidienne.\" \/>\n<meta name=\"robots\" content=\"index, follow, max-snippet:-1, max-image-preview:large, max-video-preview:-1\" \/>\n<link rel=\"canonical\" href=\"https:\/\/www.miomiorun.com\/fr\/produit\/revel-8-homme\/\" \/>\n<meta property=\"og:locale\" content=\"fr_FR\" \/>\n<meta property=\"og:type\" content=\"article\" \/>\n<meta property=\"og:title\" content=\"Brooks Revel 8 homme - chaussures de course pour homme - MioMioRun .com\" \/>\n<meta property=\"og:description\" content=\"Revel 8 homme : chaussure polyvalente avec amorti souple et tige respirante. Confort id\u00e9al pour la course, les loisirs et la vie quotidienne.\" \/>\n<meta property=\"og:url\" content=\"https:\/\/www.miomiorun.com\/fr\/produit\/revel-8-homme\/\" \/>\n<meta property=\"og:site_name\" content=\"MioMioRun\" \/>\n<meta property=\"article:publisher\" content=\"https:\/\/www.facebook.com\/miomiorun\/\" \/>\n<meta property=\"article:modified_time\" content=\"2026-01-29T14:23:37+00:00\" \/>\n<meta property=\"og:image\" content=\"https:\/\/www.miomiorun.com\/app\/uploads\/2025\/07\/brooks-Revel-8-white-black-oak-buff-1104681D107.webp\" \/>\n\t<meta property=\"og:image:width\" content=\"600\" \/>\n\t<meta property=\"og:image:height\" content=\"600\" \/>\n\t<meta property=\"og:image:type\" content=\"image\/webp\" \/>\n<meta name=\"twitter:card\" content=\"summary_large_image\" \/>\n<meta name=\"twitter:label1\" content=\"Est. reading time\" \/>\n\t<meta name=\"twitter:data1\" content=\"1 minute\" \/>\n<script type=\"application\/ld+json\" class=\"yoast-schema-graph\">{\"@context\":\"https:\/\/schema.org\",\"@graph\":[{\"@type\":\"WebPage\",\"@id\":\"https:\/\/www.miomiorun.com\/fr\/produit\/revel-8-homme\/\",\"url\":\"https:\/\/www.miomiorun.com\/fr\/produit\/revel-8-homme\/\",\"name\":\"Brooks Revel 8 homme - chaussures de course pour homme - MioMioRun .com\",\"isPartOf\":{\"@id\":\"https:\/\/www.miomiorun.com\/fr\/#website\"},\"primaryImageOfPage\":{\"@id\":\"https:\/\/www.miomiorun.com\/fr\/produit\/revel-8-homme\/#primaryimage\"},\"image\":{\"@id\":\"https:\/\/www.miomiorun.com\/fr\/produit\/revel-8-homme\/#primaryimage\"},\"thumbnailUrl\":\"https:\/\/www.miomiorun.com\/app\/uploads\/2025\/07\/brooks-Revel-8-white-black-oak-buff-1104681D107.webp\",\"datePublished\":\"2025-07-10T08:20:31+00:00\",\"dateModified\":\"2026-01-29T14:23:37+00:00\",\"description\":\"Revel 8 homme : chaussure polyvalente avec amorti souple et tige respirante. Confort id\u00e9al pour la course, les loisirs et la vie quotidienne.\",\"breadcrumb\":{\"@id\":\"https:\/\/www.miomiorun.com\/fr\/produit\/revel-8-homme\/#breadcrumb\"},\"inLanguage\":\"fr-FR\",\"potentialAction\":[{\"@type\":\"ReadAction\",\"target\":[\"https:\/\/www.miomiorun.com\/fr\/produit\/revel-8-homme\/\"]}]},{\"@type\":\"ImageObject\",\"inLanguage\":\"fr-FR\",\"@id\":\"https:\/\/www.miomiorun.com\/fr\/produit\/revel-8-homme\/#primaryimage\",\"url\":\"https:\/\/www.miomiorun.com\/app\/uploads\/2025\/07\/brooks-Revel-8-white-black-oak-buff-1104681D107.webp\",\"contentUrl\":\"https:\/\/www.miomiorun.com\/app\/uploads\/2025\/07\/brooks-Revel-8-white-black-oak-buff-1104681D107.webp\",\"width\":600,\"height\":600,\"caption\":\"brooks Revel 8 white black oak buff 1104681D107\"},{\"@type\":\"BreadcrumbList\",\"@id\":\"https:\/\/www.miomiorun.com\/fr\/produit\/revel-8-homme\/#breadcrumb\",\"itemListElement\":[{\"@type\":\"ListItem\",\"position\":1,\"name\":\"Home\",\"item\":\"https:\/\/www.miomiorun.com\/fr\/home-page\/\"},{\"@type\":\"ListItem\",\"position\":2,\"name\":\"Shop\",\"item\":\"https:\/\/www.miomiorun.com\/shop\/\"},{\"@type\":\"ListItem\",\"position\":3,\"name\":\"Revel 8 homme\"}]},{\"@type\":\"WebSite\",\"@id\":\"https:\/\/www.miomiorun.com\/fr\/#website\",\"url\":\"https:\/\/www.miomiorun.com\/fr\/\",\"name\":\"MioMioRun\",\"description\":\"Boutique 100% running et trail\",\"publisher\":{\"@id\":\"https:\/\/www.miomiorun.com\/fr\/#organization\"},\"potentialAction\":[{\"@type\":\"SearchAction\",\"target\":{\"@type\":\"EntryPoint\",\"urlTemplate\":\"https:\/\/www.miomiorun.com\/fr\/?s={search_term_string}\"},\"query-input\":{\"@type\":\"PropertyValueSpecification\",\"valueRequired\":true,\"valueName\":\"search_term_string\"}}],\"inLanguage\":\"fr-FR\"},{\"@type\":\"Organization\",\"@id\":\"https:\/\/www.miomiorun.com\/fr\/#organization\",\"name\":\"MioMio Run\",\"url\":\"https:\/\/www.miomiorun.com\/fr\/\",\"logo\":{\"@type\":\"ImageObject\",\"inLanguage\":\"fr-FR\",\"@id\":\"https:\/\/www.miomiorun.com\/fr\/#\/schema\/logo\/image\/\",\"url\":\"https:\/\/www.miomiorun.com\/app\/uploads\/2019\/12\/logomio.png\",\"contentUrl\":\"https:\/\/www.miomiorun.com\/app\/uploads\/2019\/12\/logomio.png\",\"width\":115,\"height\":82,\"caption\":\"MioMio Run\"},\"image\":{\"@id\":\"https:\/\/www.miomiorun.com\/fr\/#\/schema\/logo\/image\/\"},\"sameAs\":[\"https:\/\/www.facebook.com\/miomiorun\/\",\"https:\/\/www.instagram.com\/miomiorun\/\"]}]}<\/script>\n<!-- \/ Yoast SEO plugin. -->","yoast_head_json":{"title":"Brooks Revel 8 homme - chaussures de course pour homme - MioMioRun .com","description":"Revel 8 homme : chaussure polyvalente avec amorti souple et tige respirante. Confort id\u00e9al pour la course, les loisirs et la vie quotidienne.","robots":{"index":"index","follow":"follow","max-snippet":"max-snippet:-1","max-image-preview":"max-image-preview:large","max-video-preview":"max-video-preview:-1"},"canonical":"https:\/\/www.miomiorun.com\/fr\/produit\/revel-8-homme\/","og_locale":"fr_FR","og_type":"article","og_title":"Brooks Revel 8 homme - chaussures de course pour homme - MioMioRun .com","og_description":"Revel 8 homme : chaussure polyvalente avec amorti souple et tige respirante. Confort id\u00e9al pour la course, les loisirs et la vie quotidienne.","og_url":"https:\/\/www.miomiorun.com\/fr\/produit\/revel-8-homme\/","og_site_name":"MioMioRun","article_publisher":"https:\/\/www.facebook.com\/miomiorun\/","article_modified_time":"2026-01-29T14:23:37+00:00","og_image":[{"width":600,"height":600,"url":"https:\/\/www.miomiorun.com\/app\/uploads\/2025\/07\/brooks-Revel-8-white-black-oak-buff-1104681D107.webp","type":"image\/webp"}],"twitter_card":"summary_large_image","twitter_misc":{"Est. reading time":"1 minute"},"schema":{"@context":"https:\/\/schema.org","@graph":[{"@type":"WebPage","@id":"https:\/\/www.miomiorun.com\/fr\/produit\/revel-8-homme\/","url":"https:\/\/www.miomiorun.com\/fr\/produit\/revel-8-homme\/","name":"Brooks Revel 8 homme - chaussures de course pour homme - MioMioRun .com","isPartOf":{"@id":"https:\/\/www.miomiorun.com\/fr\/#website"},"primaryImageOfPage":{"@id":"https:\/\/www.miomiorun.com\/fr\/produit\/revel-8-homme\/#primaryimage"},"image":{"@id":"https:\/\/www.miomiorun.com\/fr\/produit\/revel-8-homme\/#primaryimage"},"thumbnailUrl":"https:\/\/www.miomiorun.com\/app\/uploads\/2025\/07\/brooks-Revel-8-white-black-oak-buff-1104681D107.webp","datePublished":"2025-07-10T08:20:31+00:00","dateModified":"2026-01-29T14:23:37+00:00","description":"Revel 8 homme : chaussure polyvalente avec amorti souple et tige respirante. Confort id\u00e9al pour la course, les loisirs et la vie quotidienne.","breadcrumb":{"@id":"https:\/\/www.miomiorun.com\/fr\/produit\/revel-8-homme\/#breadcrumb"},"inLanguage":"fr-FR","potentialAction":[{"@type":"ReadAction","target":["https:\/\/www.miomiorun.com\/fr\/produit\/revel-8-homme\/"]}]},{"@type":"ImageObject","inLanguage":"fr-FR","@id":"https:\/\/www.miomiorun.com\/fr\/produit\/revel-8-homme\/#primaryimage","url":"https:\/\/www.miomiorun.com\/app\/uploads\/2025\/07\/brooks-Revel-8-white-black-oak-buff-1104681D107.webp","contentUrl":"https:\/\/www.miomiorun.com\/app\/uploads\/2025\/07\/brooks-Revel-8-white-black-oak-buff-1104681D107.webp","width":600,"height":600,"caption":"brooks Revel 8 white black oak buff 1104681D107"},{"@type":"BreadcrumbList","@id":"https:\/\/www.miomiorun.com\/fr\/produit\/revel-8-homme\/#breadcrumb","itemListElement":[{"@type":"ListItem","position":1,"name":"Home","item":"https:\/\/www.miomiorun.com\/fr\/home-page\/"},{"@type":"ListItem","position":2,"name":"Shop","item":"https:\/\/www.miomiorun.com\/shop\/"},{"@type":"ListItem","position":3,"name":"Revel 8 homme"}]},{"@type":"WebSite","@id":"https:\/\/www.miomiorun.com\/fr\/#website","url":"https:\/\/www.miomiorun.com\/fr\/","name":"MioMioRun","description":"Boutique 100% running et trail","publisher":{"@id":"https:\/\/www.miomiorun.com\/fr\/#organization"},"potentialAction":[{"@type":"SearchAction","target":{"@type":"EntryPoint","urlTemplate":"https:\/\/www.miomiorun.com\/fr\/?s={search_term_string}"},"query-input":{"@type":"PropertyValueSpecification","valueRequired":true,"valueName":"search_term_string"}}],"inLanguage":"fr-FR"},{"@type":"Organization","@id":"https:\/\/www.miomiorun.com\/fr\/#organization","name":"MioMio Run","url":"https:\/\/www.miomiorun.com\/fr\/","logo":{"@type":"ImageObject","inLanguage":"fr-FR","@id":"https:\/\/www.miomiorun.com\/fr\/#\/schema\/logo\/image\/","url":"https:\/\/www.miomiorun.com\/app\/uploads\/2019\/12\/logomio.png","contentUrl":"https:\/\/www.miomiorun.com\/app\/uploads\/2019\/12\/logomio.png","width":115,"height":82,"caption":"MioMio Run"},"image":{"@id":"https:\/\/www.miomiorun.com\/fr\/#\/schema\/logo\/image\/"},"sameAs":["https:\/\/www.facebook.com\/miomiorun\/","https:\/\/www.instagram.com\/miomiorun\/"]}]}},"_links":{"self":[{"href":"https:\/\/www.miomiorun.com\/fr\/wp-json\/wp\/v2\/product\/323647","targetHints":{"allow":["GET"]}}],"collection":[{"href":"https:\/\/www.miomiorun.com\/fr\/wp-json\/wp\/v2\/product"}],"about":[{"href":"https:\/\/www.miomiorun.com\/fr\/wp-json\/wp\/v2\/types\/product"}],"wp:featuredmedia":[{"embeddable":true,"href":"https:\/\/www.miomiorun.com\/fr\/wp-json\/wp\/v2\/media\/325713"}],"wp:attachment":[{"href":"https:\/\/www.miomiorun.com\/fr\/wp-json\/wp\/v2\/media?parent=323647"}],"wp:term":[{"taxonomy":"product_brand","embeddable":true,"href":"https:\/\/www.miomiorun.com\/fr\/wp-json\/wp\/v2\/product_brand?post=323647"},{"taxonomy":"product_cat","embeddable":true,"href":"https:\/\/www.miomiorun.com\/fr\/wp-json\/wp\/v2\/product_cat?post=323647"},{"taxonomy":"product_tag","embeddable":true,"href":"https:\/\/www.miomiorun.com\/fr\/wp-json\/wp\/v2\/product_tag?post=323647"}],"curies":[{"name":"wp","href":"https:\/\/api.w.org\/{rel}","templated":true}]}}