{"id":323570,"date":"2025-07-10T10:14:49","date_gmt":"2025-07-10T08:14:49","guid":{"rendered":"https:\/\/miomiorun.com\/?post_type=product&#038;p=323570"},"modified":"2025-12-09T11:46:23","modified_gmt":"2025-12-09T10:46:23","slug":"hyperion-elite-5","status":"publish","type":"product","link":"https:\/\/www.miomiorun.com\/fr\/produit\/hyperion-elite-5\/","title":{"rendered":"Hyperion Elite 5"},"content":{"rendered":"<div class=\"vc-row container\"><div class=\"vc-column\"><div class=\"vc-column-text\"><\/p>\n<h4>Caract\u00e9ristiques techniques<\/h4>\n<p>Cat\u00e9gorie : plaque en carbone<br \/>\nD\u00e9port : 8 mm<br \/>\nPoids : 195,6 g<br \/>\nId\u00e9al pour : id\u00e9al pour les athl\u00e8tes rapides et l\u00e9gers pour les comp\u00e9titions de moyenne et longue distance, gr\u00e2ce \u00e0 son amorti en DNA Flash V2 \u00e0 infusion de nitro et \u00e0 sa plaque en carbone, il offre un retour d&#8217;\u00e9nergie m\u00eame sur de longues distances.<br \/>\nPoids de l&#8217;athl\u00e8te : &lt; 70 kg<br \/>\nAllure de course : &lt; 4,30 min\/km<br \/>\n<a href=\"https:\/\/miomiorun.com\/guida-alle-specifiche-tecniche\/\">Guide des sp\u00e9cifications techniques<\/a><\/p>\n<p><\/div><\/div><div class=\"vc-column\"><div class=\"vc-column-text\"><\/p>\n<p data-start=\"300\" data-end=\"607\">Affrontez la course sans crainte avec les nouvelles <strong data-start=\"342\" data-end=\"369\">Brooks Hyperion Elite 5<\/strong>, les chaussures con\u00e7ues pour vous accompagner au maximum de vos performances lors du jour le plus important. D\u00e9velopp\u00e9es et test\u00e9es en collaboration avec des athl\u00e8tes professionnels, elles allient innovation, l\u00e9g\u00e8ret\u00e9 et r\u00e9activit\u00e9 dans un design de course haute performance.<\/p>\n<p data-start=\"609\" data-end=\"1087\">Le m\u00e9lange <strong data-start=\"620\" data-end=\"642\">DNA GOLD 100 % PEBA<\/strong> est le plus l\u00e9ger et le plus r\u00e9actif jamais produit par Brooks : il offre une sensation de l\u00e9g\u00e8ret\u00e9 comme l&#8217;air et un retour d&#8217;\u00e9nergie sup\u00e9rieur, pour vous permettre de voler vers la ligne d&#8217;arriv\u00e9e. Le c\u0153ur propulsif de la chaussure est la <strong data-start=\"852\" data-end=\"880\">plaque SpeedVault Race+<\/strong> en fibre de carbone Arris\u00ae, calibr\u00e9e individuellement pour chaque chaussure : une technologie de pr\u00e9cision qui r\u00e9duit le poids et optimise la rigidit\u00e9 et la flexibilit\u00e9, am\u00e9liorant le rythme et l&#8217;efficacit\u00e9 \u00e0 chaque foul\u00e9e.<\/p>\n<p data-start=\"1089\" data-end=\"1381\">La tige, encore plus l\u00e9g\u00e8re et fine, se comporte comme une seconde peau. Les <strong data-start=\"1169\" data-end=\"1201\">grains en silicone des lacets<\/strong> et la structure enti\u00e8rement moul\u00e9e en TPU permettent un ajustement stable et adh\u00e9rent, pour une connexion totale entre le pied et la chaussure, fondamentale dans les moments d\u00e9cisifs de la course.<\/p>\n<p data-start=\"1383\" data-end=\"1498\">Parfaite pour la comp\u00e9tition, la Hyperion Elite 5 est votre alli\u00e9e id\u00e9ale pour donner le meilleur de vous-m\u00eame quand cela compte vraiment.<br \/>\n<\/div><\/div><\/div>\n<\/p><\/p>\n","protected":false},"excerpt":{"rendered":"<ul>\n<li class=\"m-long-description__feature\">\n<div class=\"m-long-description__feature-text\">Amorti PEBA ultra-l\u00e9ger<\/div>\n<\/li>\n<li class=\"m-long-description__feature\">\n<div class=\"m-long-description__feature-text\">Plaque de propulsion calibr\u00e9e<\/div>\n<\/li>\n<li class=\"m-long-description__feature\">\n<div class=\"m-long-description__feature-text\">Pr\u00eate pour la course<\/div>\n<\/li>\n<\/ul>\n","protected":false},"featured_media":400725,"template":"","meta":{"_acf_changed":false,"inline_featured_image":false},"product_brand":[],"product_cat":[22605,24448,22606,24447],"product_tag":[23462,23656,23655],"class_list":{"0":"post-323570","1":"product","2":"type-product","3":"status-publish","4":"has-post-thumbnail","6":"product_cat-chaussures-pour-femmes","7":"product_cat-chaussures-pour-hommes-fr","8":"product_cat-neutre","9":"product_cat-neutre-fr-3","10":"product_tag-brooks-fr","11":"product_tag-brooks-femme","12":"product_tag-brooks-homme","13":"pa_attivita-running-fr","14":"pa_colore-hyperion-elite-5-limpet-black-green-geck","15":"pa_colore-hyperion-elite-5-luminary-yellow-gray","16":"pa_colore-hyperion-elite-5-pink-clay-atomizer-blue-fr","17":"pa_marca-brooks-fr","18":"pa_sesso-femme","19":"pa_sesso-homme","20":"pa_size-41-fr","21":"pa_size-42-fr","22":"pa_size-42-5-fr","23":"pa_size-43-fr","24":"pa_size-44-fr","25":"pa_size-44-5-fr","26":"pa_size-45-fr","27":"pa_size-45-5-fr","29":"first","30":"instock","31":"sale","32":"taxable","33":"shipping-taxable","34":"purchasable","35":"product-type-variable","36":"wvs-archive-product-wrapper"},"acf":[],"yoast_head":"<!-- This site is optimized with the Yoast SEO plugin v26.8 - https:\/\/yoast.com\/product\/yoast-seo-wordpress\/ -->\n<title>Brooks Hyperion Elite 5 - chaussures de course - MioMioRun.com<\/title>\n<meta name=\"description\" content=\"Hyperion Elite 5 : chaussure de course ultra-l\u00e9g\u00e8re et r\u00e9active, test\u00e9e par des professionnels. Amorti DNA GOLD et plaque en carbone pour des performances optimales.\" \/>\n<meta name=\"robots\" content=\"index, follow, max-snippet:-1, max-image-preview:large, max-video-preview:-1\" \/>\n<link rel=\"canonical\" href=\"https:\/\/www.miomiorun.com\/fr\/produit\/hyperion-elite-5\/\" \/>\n<meta property=\"og:locale\" content=\"fr_FR\" \/>\n<meta property=\"og:type\" content=\"article\" \/>\n<meta property=\"og:title\" content=\"Brooks Hyperion Elite 5 - chaussures de course - MioMioRun.com\" \/>\n<meta property=\"og:description\" content=\"Hyperion Elite 5 : chaussure de course ultra-l\u00e9g\u00e8re et r\u00e9active, test\u00e9e par des professionnels. Amorti DNA GOLD et plaque en carbone pour des performances optimales.\" \/>\n<meta property=\"og:url\" content=\"https:\/\/www.miomiorun.com\/fr\/produit\/hyperion-elite-5\/\" \/>\n<meta property=\"og:site_name\" content=\"MioMioRun\" \/>\n<meta property=\"article:publisher\" content=\"https:\/\/www.facebook.com\/miomiorun\/\" \/>\n<meta property=\"article:modified_time\" content=\"2025-12-09T10:46:23+00:00\" \/>\n<meta property=\"og:image\" content=\"https:\/\/www.miomiorun.com\/app\/uploads\/2026\/02\/brooks-Hyperion-Elite-5-limpet-black-green-geck-1000491D411.webp\" \/>\n\t<meta property=\"og:image:width\" content=\"720\" \/>\n\t<meta property=\"og:image:height\" content=\"720\" \/>\n\t<meta property=\"og:image:type\" content=\"image\/webp\" \/>\n<meta name=\"twitter:card\" content=\"summary_large_image\" \/>\n<meta name=\"twitter:label1\" content=\"Est. reading time\" \/>\n\t<meta name=\"twitter:data1\" content=\"2 minutes\" \/>\n<script type=\"application\/ld+json\" class=\"yoast-schema-graph\">{\"@context\":\"https:\/\/schema.org\",\"@graph\":[{\"@type\":\"WebPage\",\"@id\":\"https:\/\/www.miomiorun.com\/fr\/produit\/hyperion-elite-5\/\",\"url\":\"https:\/\/www.miomiorun.com\/fr\/produit\/hyperion-elite-5\/\",\"name\":\"Brooks Hyperion Elite 5 - chaussures de course - MioMioRun.com\",\"isPartOf\":{\"@id\":\"https:\/\/www.miomiorun.com\/fr\/#website\"},\"primaryImageOfPage\":{\"@id\":\"https:\/\/www.miomiorun.com\/fr\/produit\/hyperion-elite-5\/#primaryimage\"},\"image\":{\"@id\":\"https:\/\/www.miomiorun.com\/fr\/produit\/hyperion-elite-5\/#primaryimage\"},\"thumbnailUrl\":\"https:\/\/www.miomiorun.com\/app\/uploads\/2026\/02\/brooks-Hyperion-Elite-5-limpet-black-green-geck-1000491D411.webp\",\"datePublished\":\"2025-07-10T08:14:49+00:00\",\"dateModified\":\"2025-12-09T10:46:23+00:00\",\"description\":\"Hyperion Elite 5 : chaussure de course ultra-l\u00e9g\u00e8re et r\u00e9active, test\u00e9e par des professionnels. Amorti DNA GOLD et plaque en carbone pour des performances optimales.\",\"breadcrumb\":{\"@id\":\"https:\/\/www.miomiorun.com\/fr\/produit\/hyperion-elite-5\/#breadcrumb\"},\"inLanguage\":\"fr-FR\",\"potentialAction\":[{\"@type\":\"ReadAction\",\"target\":[\"https:\/\/www.miomiorun.com\/fr\/produit\/hyperion-elite-5\/\"]}]},{\"@type\":\"ImageObject\",\"inLanguage\":\"fr-FR\",\"@id\":\"https:\/\/www.miomiorun.com\/fr\/produit\/hyperion-elite-5\/#primaryimage\",\"url\":\"https:\/\/www.miomiorun.com\/app\/uploads\/2026\/02\/brooks-Hyperion-Elite-5-limpet-black-green-geck-1000491D411.webp\",\"contentUrl\":\"https:\/\/www.miomiorun.com\/app\/uploads\/2026\/02\/brooks-Hyperion-Elite-5-limpet-black-green-geck-1000491D411.webp\",\"width\":720,\"height\":720,\"caption\":\"brooks Hyperion Elite 5 limpet black green geck 1000491D411\"},{\"@type\":\"BreadcrumbList\",\"@id\":\"https:\/\/www.miomiorun.com\/fr\/produit\/hyperion-elite-5\/#breadcrumb\",\"itemListElement\":[{\"@type\":\"ListItem\",\"position\":1,\"name\":\"Home\",\"item\":\"https:\/\/www.miomiorun.com\/fr\/home-page\/\"},{\"@type\":\"ListItem\",\"position\":2,\"name\":\"Shop\",\"item\":\"https:\/\/www.miomiorun.com\/shop\/\"},{\"@type\":\"ListItem\",\"position\":3,\"name\":\"Hyperion Elite 5\"}]},{\"@type\":\"WebSite\",\"@id\":\"https:\/\/www.miomiorun.com\/fr\/#website\",\"url\":\"https:\/\/www.miomiorun.com\/fr\/\",\"name\":\"MioMioRun\",\"description\":\"Boutique 100% running et trail\",\"publisher\":{\"@id\":\"https:\/\/www.miomiorun.com\/fr\/#organization\"},\"potentialAction\":[{\"@type\":\"SearchAction\",\"target\":{\"@type\":\"EntryPoint\",\"urlTemplate\":\"https:\/\/www.miomiorun.com\/fr\/?s={search_term_string}\"},\"query-input\":{\"@type\":\"PropertyValueSpecification\",\"valueRequired\":true,\"valueName\":\"search_term_string\"}}],\"inLanguage\":\"fr-FR\"},{\"@type\":\"Organization\",\"@id\":\"https:\/\/www.miomiorun.com\/fr\/#organization\",\"name\":\"MioMio Run\",\"url\":\"https:\/\/www.miomiorun.com\/fr\/\",\"logo\":{\"@type\":\"ImageObject\",\"inLanguage\":\"fr-FR\",\"@id\":\"https:\/\/www.miomiorun.com\/fr\/#\/schema\/logo\/image\/\",\"url\":\"https:\/\/www.miomiorun.com\/app\/uploads\/2019\/12\/logomio.png\",\"contentUrl\":\"https:\/\/www.miomiorun.com\/app\/uploads\/2019\/12\/logomio.png\",\"width\":115,\"height\":82,\"caption\":\"MioMio Run\"},\"image\":{\"@id\":\"https:\/\/www.miomiorun.com\/fr\/#\/schema\/logo\/image\/\"},\"sameAs\":[\"https:\/\/www.facebook.com\/miomiorun\/\",\"https:\/\/www.instagram.com\/miomiorun\/\"]}]}<\/script>\n<!-- \/ Yoast SEO plugin. -->","yoast_head_json":{"title":"Brooks Hyperion Elite 5 - chaussures de course - MioMioRun.com","description":"Hyperion Elite 5 : chaussure de course ultra-l\u00e9g\u00e8re et r\u00e9active, test\u00e9e par des professionnels. Amorti DNA GOLD et plaque en carbone pour des performances optimales.","robots":{"index":"index","follow":"follow","max-snippet":"max-snippet:-1","max-image-preview":"max-image-preview:large","max-video-preview":"max-video-preview:-1"},"canonical":"https:\/\/www.miomiorun.com\/fr\/produit\/hyperion-elite-5\/","og_locale":"fr_FR","og_type":"article","og_title":"Brooks Hyperion Elite 5 - chaussures de course - MioMioRun.com","og_description":"Hyperion Elite 5 : chaussure de course ultra-l\u00e9g\u00e8re et r\u00e9active, test\u00e9e par des professionnels. Amorti DNA GOLD et plaque en carbone pour des performances optimales.","og_url":"https:\/\/www.miomiorun.com\/fr\/produit\/hyperion-elite-5\/","og_site_name":"MioMioRun","article_publisher":"https:\/\/www.facebook.com\/miomiorun\/","article_modified_time":"2025-12-09T10:46:23+00:00","og_image":[{"width":720,"height":720,"url":"https:\/\/www.miomiorun.com\/app\/uploads\/2026\/02\/brooks-Hyperion-Elite-5-limpet-black-green-geck-1000491D411.webp","type":"image\/webp"}],"twitter_card":"summary_large_image","twitter_misc":{"Est. reading time":"2 minutes"},"schema":{"@context":"https:\/\/schema.org","@graph":[{"@type":"WebPage","@id":"https:\/\/www.miomiorun.com\/fr\/produit\/hyperion-elite-5\/","url":"https:\/\/www.miomiorun.com\/fr\/produit\/hyperion-elite-5\/","name":"Brooks Hyperion Elite 5 - chaussures de course - MioMioRun.com","isPartOf":{"@id":"https:\/\/www.miomiorun.com\/fr\/#website"},"primaryImageOfPage":{"@id":"https:\/\/www.miomiorun.com\/fr\/produit\/hyperion-elite-5\/#primaryimage"},"image":{"@id":"https:\/\/www.miomiorun.com\/fr\/produit\/hyperion-elite-5\/#primaryimage"},"thumbnailUrl":"https:\/\/www.miomiorun.com\/app\/uploads\/2026\/02\/brooks-Hyperion-Elite-5-limpet-black-green-geck-1000491D411.webp","datePublished":"2025-07-10T08:14:49+00:00","dateModified":"2025-12-09T10:46:23+00:00","description":"Hyperion Elite 5 : chaussure de course ultra-l\u00e9g\u00e8re et r\u00e9active, test\u00e9e par des professionnels. Amorti DNA GOLD et plaque en carbone pour des performances optimales.","breadcrumb":{"@id":"https:\/\/www.miomiorun.com\/fr\/produit\/hyperion-elite-5\/#breadcrumb"},"inLanguage":"fr-FR","potentialAction":[{"@type":"ReadAction","target":["https:\/\/www.miomiorun.com\/fr\/produit\/hyperion-elite-5\/"]}]},{"@type":"ImageObject","inLanguage":"fr-FR","@id":"https:\/\/www.miomiorun.com\/fr\/produit\/hyperion-elite-5\/#primaryimage","url":"https:\/\/www.miomiorun.com\/app\/uploads\/2026\/02\/brooks-Hyperion-Elite-5-limpet-black-green-geck-1000491D411.webp","contentUrl":"https:\/\/www.miomiorun.com\/app\/uploads\/2026\/02\/brooks-Hyperion-Elite-5-limpet-black-green-geck-1000491D411.webp","width":720,"height":720,"caption":"brooks Hyperion Elite 5 limpet black green geck 1000491D411"},{"@type":"BreadcrumbList","@id":"https:\/\/www.miomiorun.com\/fr\/produit\/hyperion-elite-5\/#breadcrumb","itemListElement":[{"@type":"ListItem","position":1,"name":"Home","item":"https:\/\/www.miomiorun.com\/fr\/home-page\/"},{"@type":"ListItem","position":2,"name":"Shop","item":"https:\/\/www.miomiorun.com\/shop\/"},{"@type":"ListItem","position":3,"name":"Hyperion Elite 5"}]},{"@type":"WebSite","@id":"https:\/\/www.miomiorun.com\/fr\/#website","url":"https:\/\/www.miomiorun.com\/fr\/","name":"MioMioRun","description":"Boutique 100% running et trail","publisher":{"@id":"https:\/\/www.miomiorun.com\/fr\/#organization"},"potentialAction":[{"@type":"SearchAction","target":{"@type":"EntryPoint","urlTemplate":"https:\/\/www.miomiorun.com\/fr\/?s={search_term_string}"},"query-input":{"@type":"PropertyValueSpecification","valueRequired":true,"valueName":"search_term_string"}}],"inLanguage":"fr-FR"},{"@type":"Organization","@id":"https:\/\/www.miomiorun.com\/fr\/#organization","name":"MioMio Run","url":"https:\/\/www.miomiorun.com\/fr\/","logo":{"@type":"ImageObject","inLanguage":"fr-FR","@id":"https:\/\/www.miomiorun.com\/fr\/#\/schema\/logo\/image\/","url":"https:\/\/www.miomiorun.com\/app\/uploads\/2019\/12\/logomio.png","contentUrl":"https:\/\/www.miomiorun.com\/app\/uploads\/2019\/12\/logomio.png","width":115,"height":82,"caption":"MioMio Run"},"image":{"@id":"https:\/\/www.miomiorun.com\/fr\/#\/schema\/logo\/image\/"},"sameAs":["https:\/\/www.facebook.com\/miomiorun\/","https:\/\/www.instagram.com\/miomiorun\/"]}]}},"_links":{"self":[{"href":"https:\/\/www.miomiorun.com\/fr\/wp-json\/wp\/v2\/product\/323570","targetHints":{"allow":["GET"]}}],"collection":[{"href":"https:\/\/www.miomiorun.com\/fr\/wp-json\/wp\/v2\/product"}],"about":[{"href":"https:\/\/www.miomiorun.com\/fr\/wp-json\/wp\/v2\/types\/product"}],"wp:featuredmedia":[{"embeddable":true,"href":"https:\/\/www.miomiorun.com\/fr\/wp-json\/wp\/v2\/media\/400725"}],"wp:attachment":[{"href":"https:\/\/www.miomiorun.com\/fr\/wp-json\/wp\/v2\/media?parent=323570"}],"wp:term":[{"taxonomy":"product_brand","embeddable":true,"href":"https:\/\/www.miomiorun.com\/fr\/wp-json\/wp\/v2\/product_brand?post=323570"},{"taxonomy":"product_cat","embeddable":true,"href":"https:\/\/www.miomiorun.com\/fr\/wp-json\/wp\/v2\/product_cat?post=323570"},{"taxonomy":"product_tag","embeddable":true,"href":"https:\/\/www.miomiorun.com\/fr\/wp-json\/wp\/v2\/product_tag?post=323570"}],"curies":[{"name":"wp","href":"https:\/\/api.w.org\/{rel}","templated":true}]}}