{"id":323161,"date":"2025-07-05T16:59:09","date_gmt":"2025-07-05T14:59:09","guid":{"rendered":"https:\/\/miomiorun.com\/?post_type=product&#038;p=323161"},"modified":"2025-12-09T11:42:39","modified_gmt":"2025-12-09T10:42:39","slug":"hyperion-max-3-homme","status":"publish","type":"product","link":"https:\/\/www.miomiorun.com\/fr\/produit\/hyperion-max-3-homme\/","title":{"rendered":"Hyperion Max 3 homme"},"content":{"rendered":"<div class=\"vc-row container\"><div class=\"vc-column\"><div class=\"vc-column-text\"><\/p>\n<h4>Caract\u00e9ristiques techniques<\/h4>\n<p>Cat\u00e9gorie : Super amorti<br \/>\nD\u00e9calage : 6 mm<br \/>\nPoids : 230 g<br \/>\nId\u00e9al pour : cette chaussure, id\u00e9ale pour les athl\u00e8tes rapides et pour les entra\u00eenements en vue d&#8217;une comp\u00e9tition, gr\u00e2ce \u00e0 son amorti en DNA Flash, souple et r\u00e9actif, convient \u00e9galement aux athl\u00e8tes moins performants qui recherchent une chaussure r\u00e9active pour des entra\u00eenements de moyenne et courte dur\u00e9e.<br \/>\nPoids de l&#8217;athl\u00e8te : &gt;50 kg<br \/>\nAllure de course : &gt; 4,30 min \/ km<br \/>\n<a href=\"https:\/\/miomiorun.com\/guida-alle-specifiche-tecniche\/\">Guide des sp\u00e9cifications techniques<\/a><\/p>\n<p><\/div><\/div><div class=\"vc-column\"><div class=\"vc-column-text\"><\/p>\n<p>Courez vite sur des kilom\u00e8tres et des kilom\u00e8tres. Les nouvelles <strong>Brooks Hyperion Max 3 pour homme<\/strong> sont con\u00e7ues pour ceux qui veulent se donner \u00e0 fond \u00e0 l&#8217;entra\u00eenement sans renoncer au confort et \u00e0 la protection. L&#8217;amorti \u00e0 stack \u00e9lev\u00e9, associ\u00e9 \u00e0 la <strong data-start=\"443\" data-end=\"489\">plaque de propulsion SpeedVault en nylon<\/strong>, vous offre un appui souple mais r\u00e9actif, vous aidant \u00e0 courir plus vite et \u00e0 mieux r\u00e9cup\u00e9rer apr\u00e8s chaque s\u00e9ance.<\/p>\n<p>La combinaison innovante entre le <strong>DNA FLASH v2 et le DNA GOLD 100 %<\/strong> garantit une sensation de l\u00e9g\u00e8ret\u00e9 et de plaisir \u00e0 chaque foul\u00e9e, tandis que la g\u00e9om\u00e9trie incurv\u00e9e <strong>RapidRoll Rocker<\/strong> favorise des transitions rapides et assist\u00e9es du talon \u00e0 la pointe, pour un d\u00e9collage imm\u00e9diat et naturel.<\/p>\n<p>La tige, en mesh l\u00e9ger et respirant, reste bien en place sur le pied et offre une bonne stabilit\u00e9 m\u00eame \u00e0 grande vitesse. Le r\u00e9sultat est une chaussure confortable, rapide et fiable, parfaite pour les longues courses, les entra\u00eenements intenses et les s\u00e9ances de qualit\u00e9.<\/p>\n<p>Les Hyperion Max 3 sont l&#8217;alli\u00e9 id\u00e9al pour ceux qui veulent am\u00e9liorer leurs performances sans sacrifier le confort. Entra\u00eenez-vous au maximum, r\u00e9cup\u00e9rez mieux et repoussez chaque jour un peu plus vos limites.<\/p>\n<p><\/div><\/div><\/div>\n","protected":false},"excerpt":{"rendered":"<ul class=\"m-long-description__features\">\n<li class=\"m-long-description__feature\">\n<div class=\"m-long-description__feature-text\">Con\u00e7us pour la vitesse<\/div>\n<\/li>\n<li class=\"m-long-description__feature\">\n<div class=\"m-long-description__feature-text\">Transitions rapides<\/div>\n<\/li>\n<li class=\"m-long-description__feature\">\n<div class=\"m-long-description__feature-text\">Coupe l\u00e9g\u00e8re<\/div>\n<\/li>\n<\/ul>\n","protected":false},"featured_media":401521,"template":"","meta":{"_acf_changed":false,"inline_featured_image":false},"product_brand":[],"product_cat":[24448,24447],"product_tag":[23462,23655],"class_list":{"0":"post-323161","1":"product","2":"type-product","3":"status-publish","4":"has-post-thumbnail","6":"product_cat-chaussures-pour-hommes-fr","7":"product_cat-neutre-fr-3","8":"product_tag-brooks-fr","9":"product_tag-brooks-homme","10":"pa_attivita-running-fr","11":"pa_colore-hyperion-max-3-coconut-green-gecko-pink-fr","12":"pa_colore-hyperion-max-3-green-gecko-black-blue","13":"pa_colore-hyperion-max-3-luminary-cyber-yellow-bla","14":"pa_colore-hyperion-max-3-white-gray-mist-green","15":"pa_marca-brooks-fr","16":"pa_sesso-homme","17":"pa_size-41-fr","18":"pa_size-42-fr","19":"pa_size-42-5-fr","20":"pa_size-43-fr","21":"pa_size-44-fr","22":"pa_size-44-5-fr","23":"pa_size-45-fr","24":"pa_size-45-5-fr","25":"pa_size-46-fr","27":"first","28":"instock","29":"sale","30":"taxable","31":"shipping-taxable","32":"purchasable","33":"product-type-variable","34":"wvs-archive-product-wrapper"},"acf":[],"yoast_head":"<!-- This site is optimized with the Yoast SEO plugin v26.8 - https:\/\/yoast.com\/product\/yoast-seo-wordpress\/ -->\n<title>Brooks Hyperion Max 3 homme - chaussures de course - MioMioRun.com<\/title>\n<meta name=\"description\" content=\"Brooks Hyperion Max 3 pour homme : chaussures de course l\u00e9g\u00e8res et r\u00e9actives avec amorti \u00e9lev\u00e9 et plaque SpeedVault. Vitesse, confort et r\u00e9cup\u00e9ration rapide.\" \/>\n<meta name=\"robots\" content=\"index, follow, max-snippet:-1, max-image-preview:large, max-video-preview:-1\" \/>\n<link rel=\"canonical\" href=\"https:\/\/www.miomiorun.com\/fr\/produit\/hyperion-max-3-homme\/\" \/>\n<meta property=\"og:locale\" content=\"fr_FR\" \/>\n<meta property=\"og:type\" content=\"article\" \/>\n<meta property=\"og:title\" content=\"Brooks Hyperion Max 3 homme - chaussures de course - MioMioRun.com\" \/>\n<meta property=\"og:description\" content=\"Brooks Hyperion Max 3 pour homme : chaussures de course l\u00e9g\u00e8res et r\u00e9actives avec amorti \u00e9lev\u00e9 et plaque SpeedVault. Vitesse, confort et r\u00e9cup\u00e9ration rapide.\" \/>\n<meta property=\"og:url\" content=\"https:\/\/www.miomiorun.com\/fr\/produit\/hyperion-max-3-homme\/\" \/>\n<meta property=\"og:site_name\" content=\"MioMioRun\" \/>\n<meta property=\"article:publisher\" content=\"https:\/\/www.facebook.com\/miomiorun\/\" \/>\n<meta property=\"article:modified_time\" content=\"2025-12-09T10:42:39+00:00\" \/>\n<meta property=\"og:image\" content=\"https:\/\/www.miomiorun.com\/app\/uploads\/2025\/07\/brooks-Hyperion-Max-3-coconut-green-gecko-pink-1104671D182.webp\" \/>\n\t<meta property=\"og:image:width\" content=\"600\" \/>\n\t<meta property=\"og:image:height\" content=\"600\" \/>\n\t<meta property=\"og:image:type\" content=\"image\/webp\" \/>\n<meta name=\"twitter:card\" content=\"summary_large_image\" \/>\n<meta name=\"twitter:label1\" content=\"Est. reading time\" \/>\n\t<meta name=\"twitter:data1\" content=\"2 minutes\" \/>\n<script type=\"application\/ld+json\" class=\"yoast-schema-graph\">{\"@context\":\"https:\/\/schema.org\",\"@graph\":[{\"@type\":\"WebPage\",\"@id\":\"https:\/\/www.miomiorun.com\/fr\/produit\/hyperion-max-3-homme\/\",\"url\":\"https:\/\/www.miomiorun.com\/fr\/produit\/hyperion-max-3-homme\/\",\"name\":\"Brooks Hyperion Max 3 homme - chaussures de course - MioMioRun.com\",\"isPartOf\":{\"@id\":\"https:\/\/www.miomiorun.com\/fr\/#website\"},\"primaryImageOfPage\":{\"@id\":\"https:\/\/www.miomiorun.com\/fr\/produit\/hyperion-max-3-homme\/#primaryimage\"},\"image\":{\"@id\":\"https:\/\/www.miomiorun.com\/fr\/produit\/hyperion-max-3-homme\/#primaryimage\"},\"thumbnailUrl\":\"https:\/\/www.miomiorun.com\/app\/uploads\/2026\/02\/brooks-Hyperion-Max-3-green-gecko-black-blue-1104671D318.webp\",\"datePublished\":\"2025-07-05T14:59:09+00:00\",\"dateModified\":\"2025-12-09T10:42:39+00:00\",\"description\":\"Brooks Hyperion Max 3 pour homme : chaussures de course l\u00e9g\u00e8res et r\u00e9actives avec amorti \u00e9lev\u00e9 et plaque SpeedVault. Vitesse, confort et r\u00e9cup\u00e9ration rapide.\",\"breadcrumb\":{\"@id\":\"https:\/\/www.miomiorun.com\/fr\/produit\/hyperion-max-3-homme\/#breadcrumb\"},\"inLanguage\":\"fr-FR\",\"potentialAction\":[{\"@type\":\"ReadAction\",\"target\":[\"https:\/\/www.miomiorun.com\/fr\/produit\/hyperion-max-3-homme\/\"]}]},{\"@type\":\"ImageObject\",\"inLanguage\":\"fr-FR\",\"@id\":\"https:\/\/www.miomiorun.com\/fr\/produit\/hyperion-max-3-homme\/#primaryimage\",\"url\":\"https:\/\/www.miomiorun.com\/app\/uploads\/2026\/02\/brooks-Hyperion-Max-3-green-gecko-black-blue-1104671D318.webp\",\"contentUrl\":\"https:\/\/www.miomiorun.com\/app\/uploads\/2026\/02\/brooks-Hyperion-Max-3-green-gecko-black-blue-1104671D318.webp\",\"width\":720,\"height\":720,\"caption\":\"brooks Hyperion Max 3 green gecko black blue 1104671D318\"},{\"@type\":\"BreadcrumbList\",\"@id\":\"https:\/\/www.miomiorun.com\/fr\/produit\/hyperion-max-3-homme\/#breadcrumb\",\"itemListElement\":[{\"@type\":\"ListItem\",\"position\":1,\"name\":\"Home\",\"item\":\"https:\/\/www.miomiorun.com\/fr\/home-page\/\"},{\"@type\":\"ListItem\",\"position\":2,\"name\":\"Shop\",\"item\":\"https:\/\/www.miomiorun.com\/shop\/\"},{\"@type\":\"ListItem\",\"position\":3,\"name\":\"Hyperion Max 3 homme\"}]},{\"@type\":\"WebSite\",\"@id\":\"https:\/\/www.miomiorun.com\/fr\/#website\",\"url\":\"https:\/\/www.miomiorun.com\/fr\/\",\"name\":\"MioMioRun\",\"description\":\"Boutique 100% running et trail\",\"publisher\":{\"@id\":\"https:\/\/www.miomiorun.com\/fr\/#organization\"},\"potentialAction\":[{\"@type\":\"SearchAction\",\"target\":{\"@type\":\"EntryPoint\",\"urlTemplate\":\"https:\/\/www.miomiorun.com\/fr\/?s={search_term_string}\"},\"query-input\":{\"@type\":\"PropertyValueSpecification\",\"valueRequired\":true,\"valueName\":\"search_term_string\"}}],\"inLanguage\":\"fr-FR\"},{\"@type\":\"Organization\",\"@id\":\"https:\/\/www.miomiorun.com\/fr\/#organization\",\"name\":\"MioMio Run\",\"url\":\"https:\/\/www.miomiorun.com\/fr\/\",\"logo\":{\"@type\":\"ImageObject\",\"inLanguage\":\"fr-FR\",\"@id\":\"https:\/\/www.miomiorun.com\/fr\/#\/schema\/logo\/image\/\",\"url\":\"https:\/\/www.miomiorun.com\/app\/uploads\/2019\/12\/logomio.png\",\"contentUrl\":\"https:\/\/www.miomiorun.com\/app\/uploads\/2019\/12\/logomio.png\",\"width\":115,\"height\":82,\"caption\":\"MioMio Run\"},\"image\":{\"@id\":\"https:\/\/www.miomiorun.com\/fr\/#\/schema\/logo\/image\/\"},\"sameAs\":[\"https:\/\/www.facebook.com\/miomiorun\/\",\"https:\/\/www.instagram.com\/miomiorun\/\"]}]}<\/script>\n<!-- \/ Yoast SEO plugin. -->","yoast_head_json":{"title":"Brooks Hyperion Max 3 homme - chaussures de course - MioMioRun.com","description":"Brooks Hyperion Max 3 pour homme : chaussures de course l\u00e9g\u00e8res et r\u00e9actives avec amorti \u00e9lev\u00e9 et plaque SpeedVault. Vitesse, confort et r\u00e9cup\u00e9ration rapide.","robots":{"index":"index","follow":"follow","max-snippet":"max-snippet:-1","max-image-preview":"max-image-preview:large","max-video-preview":"max-video-preview:-1"},"canonical":"https:\/\/www.miomiorun.com\/fr\/produit\/hyperion-max-3-homme\/","og_locale":"fr_FR","og_type":"article","og_title":"Brooks Hyperion Max 3 homme - chaussures de course - MioMioRun.com","og_description":"Brooks Hyperion Max 3 pour homme : chaussures de course l\u00e9g\u00e8res et r\u00e9actives avec amorti \u00e9lev\u00e9 et plaque SpeedVault. Vitesse, confort et r\u00e9cup\u00e9ration rapide.","og_url":"https:\/\/www.miomiorun.com\/fr\/produit\/hyperion-max-3-homme\/","og_site_name":"MioMioRun","article_publisher":"https:\/\/www.facebook.com\/miomiorun\/","article_modified_time":"2025-12-09T10:42:39+00:00","og_image":[{"width":600,"height":600,"url":"https:\/\/www.miomiorun.com\/app\/uploads\/2025\/07\/brooks-Hyperion-Max-3-coconut-green-gecko-pink-1104671D182.webp","type":"image\/webp"}],"twitter_card":"summary_large_image","twitter_misc":{"Est. reading time":"2 minutes"},"schema":{"@context":"https:\/\/schema.org","@graph":[{"@type":"WebPage","@id":"https:\/\/www.miomiorun.com\/fr\/produit\/hyperion-max-3-homme\/","url":"https:\/\/www.miomiorun.com\/fr\/produit\/hyperion-max-3-homme\/","name":"Brooks Hyperion Max 3 homme - chaussures de course - MioMioRun.com","isPartOf":{"@id":"https:\/\/www.miomiorun.com\/fr\/#website"},"primaryImageOfPage":{"@id":"https:\/\/www.miomiorun.com\/fr\/produit\/hyperion-max-3-homme\/#primaryimage"},"image":{"@id":"https:\/\/www.miomiorun.com\/fr\/produit\/hyperion-max-3-homme\/#primaryimage"},"thumbnailUrl":"https:\/\/www.miomiorun.com\/app\/uploads\/2026\/02\/brooks-Hyperion-Max-3-green-gecko-black-blue-1104671D318.webp","datePublished":"2025-07-05T14:59:09+00:00","dateModified":"2025-12-09T10:42:39+00:00","description":"Brooks Hyperion Max 3 pour homme : chaussures de course l\u00e9g\u00e8res et r\u00e9actives avec amorti \u00e9lev\u00e9 et plaque SpeedVault. Vitesse, confort et r\u00e9cup\u00e9ration rapide.","breadcrumb":{"@id":"https:\/\/www.miomiorun.com\/fr\/produit\/hyperion-max-3-homme\/#breadcrumb"},"inLanguage":"fr-FR","potentialAction":[{"@type":"ReadAction","target":["https:\/\/www.miomiorun.com\/fr\/produit\/hyperion-max-3-homme\/"]}]},{"@type":"ImageObject","inLanguage":"fr-FR","@id":"https:\/\/www.miomiorun.com\/fr\/produit\/hyperion-max-3-homme\/#primaryimage","url":"https:\/\/www.miomiorun.com\/app\/uploads\/2026\/02\/brooks-Hyperion-Max-3-green-gecko-black-blue-1104671D318.webp","contentUrl":"https:\/\/www.miomiorun.com\/app\/uploads\/2026\/02\/brooks-Hyperion-Max-3-green-gecko-black-blue-1104671D318.webp","width":720,"height":720,"caption":"brooks Hyperion Max 3 green gecko black blue 1104671D318"},{"@type":"BreadcrumbList","@id":"https:\/\/www.miomiorun.com\/fr\/produit\/hyperion-max-3-homme\/#breadcrumb","itemListElement":[{"@type":"ListItem","position":1,"name":"Home","item":"https:\/\/www.miomiorun.com\/fr\/home-page\/"},{"@type":"ListItem","position":2,"name":"Shop","item":"https:\/\/www.miomiorun.com\/shop\/"},{"@type":"ListItem","position":3,"name":"Hyperion Max 3 homme"}]},{"@type":"WebSite","@id":"https:\/\/www.miomiorun.com\/fr\/#website","url":"https:\/\/www.miomiorun.com\/fr\/","name":"MioMioRun","description":"Boutique 100% running et trail","publisher":{"@id":"https:\/\/www.miomiorun.com\/fr\/#organization"},"potentialAction":[{"@type":"SearchAction","target":{"@type":"EntryPoint","urlTemplate":"https:\/\/www.miomiorun.com\/fr\/?s={search_term_string}"},"query-input":{"@type":"PropertyValueSpecification","valueRequired":true,"valueName":"search_term_string"}}],"inLanguage":"fr-FR"},{"@type":"Organization","@id":"https:\/\/www.miomiorun.com\/fr\/#organization","name":"MioMio Run","url":"https:\/\/www.miomiorun.com\/fr\/","logo":{"@type":"ImageObject","inLanguage":"fr-FR","@id":"https:\/\/www.miomiorun.com\/fr\/#\/schema\/logo\/image\/","url":"https:\/\/www.miomiorun.com\/app\/uploads\/2019\/12\/logomio.png","contentUrl":"https:\/\/www.miomiorun.com\/app\/uploads\/2019\/12\/logomio.png","width":115,"height":82,"caption":"MioMio Run"},"image":{"@id":"https:\/\/www.miomiorun.com\/fr\/#\/schema\/logo\/image\/"},"sameAs":["https:\/\/www.facebook.com\/miomiorun\/","https:\/\/www.instagram.com\/miomiorun\/"]}]}},"_links":{"self":[{"href":"https:\/\/www.miomiorun.com\/fr\/wp-json\/wp\/v2\/product\/323161","targetHints":{"allow":["GET"]}}],"collection":[{"href":"https:\/\/www.miomiorun.com\/fr\/wp-json\/wp\/v2\/product"}],"about":[{"href":"https:\/\/www.miomiorun.com\/fr\/wp-json\/wp\/v2\/types\/product"}],"wp:featuredmedia":[{"embeddable":true,"href":"https:\/\/www.miomiorun.com\/fr\/wp-json\/wp\/v2\/media\/401521"}],"wp:attachment":[{"href":"https:\/\/www.miomiorun.com\/fr\/wp-json\/wp\/v2\/media?parent=323161"}],"wp:term":[{"taxonomy":"product_brand","embeddable":true,"href":"https:\/\/www.miomiorun.com\/fr\/wp-json\/wp\/v2\/product_brand?post=323161"},{"taxonomy":"product_cat","embeddable":true,"href":"https:\/\/www.miomiorun.com\/fr\/wp-json\/wp\/v2\/product_cat?post=323161"},{"taxonomy":"product_tag","embeddable":true,"href":"https:\/\/www.miomiorun.com\/fr\/wp-json\/wp\/v2\/product_tag?post=323161"}],"curies":[{"name":"wp","href":"https:\/\/api.w.org\/{rel}","templated":true}]}}