{"id":323156,"date":"2025-07-05T16:58:37","date_gmt":"2025-07-05T14:58:37","guid":{"rendered":"https:\/\/miomiorun.com\/?post_type=product&#038;p=323156"},"modified":"2025-12-09T11:43:36","modified_gmt":"2025-12-09T10:43:36","slug":"hyperion-3-femme","status":"publish","type":"product","link":"https:\/\/www.miomiorun.com\/fr\/produit\/hyperion-3-femme\/","title":{"rendered":"Hyperion 3 femme"},"content":{"rendered":"<div class=\"vc-row container\"><div class=\"vc-column\"><div class=\"vc-column-text\"><\/p>\n<p><strong>Caract\u00e9ristiques techniques<\/strong><\/p>\n<p>Cat\u00e9gorie : amorti r\u00e9actif<br \/>\nD\u00e9calage : 8 mm<br \/>\nPoids : 207,0 g<br \/>\nId\u00e9al pour : les coureurs \u00e0 foul\u00e9e neutre et pied moyen \u00e0 la recherche d&#8217;une chaussure polyvalente et l\u00e9g\u00e8re, pour affronter avec aisance les distances moyennes et les entra\u00eenements, m\u00eame de qualit\u00e9.<br \/>\nPoids de l&#8217;athl\u00e8te : 50-65 kg<br \/>\nAllure de course : moyenne \u00e0 rapide (4,00-5,30 min\/km)<br \/>\n<a href=\"https:\/\/miomiorun.com\/guida-alle-specifiche-tecniche\/\">Guide des sp\u00e9cifications techniques<\/a><\/p>\n<p><\/div><\/div><div class=\"vc-column\"><div class=\"vc-column-text\"><\/p>\n<p data-start=\"290\" data-end=\"631\">Con\u00e7ue pour celles qui aiment repousser leurs limites, la nouvelle <strong data-start=\"343\" data-end=\"365\">Hyperion 3 pour femmes<\/strong> de Brooks est la chaussure qui vous permet de voler, gr\u00e2ce \u00e0 un m\u00e9lange imbattable de l\u00e9g\u00e8ret\u00e9, de r\u00e9activit\u00e9 et de confort. Parfaite pour les courses rapides et les entra\u00eenements les plus intenses, elle offre des performances polyvalentes qui en font une alli\u00e9e id\u00e9ale pour vos sorties quotidiennes. <\/p>\n<p data-start=\"633\" data-end=\"1117\">Son extraordinaire <strong data-start=\"654\" data-end=\"706\">amorti DNA FLASH v2 avec infusion de nitro<\/strong> est ultra r\u00e9actif et vif : 2 mm d&#8217;\u00e9paisseur en plus par rapport au mod\u00e8le pr\u00e9c\u00e9dent offrent une souplesse sup\u00e9rieure sans compromettre la vitesse, pour une exp\u00e9rience de course \u00e0 pleine puissance. Gr\u00e2ce \u00e0 la combinaison de l\u00e9g\u00e8ret\u00e9 et d&#8217;amorti, l&#8217;Hyperion 3 vous accompagne partout, vous permettant d&#8217;affronter au mieux non seulement la course, mais aussi les entra\u00eenements les plus exigeants et les d\u00e9fis de la vie quotidienne.<\/p>\n<p data-start=\"1119\" data-end=\"1447\">La tige l\u00e9g\u00e8re en mesh respirant enveloppe le pied comme une seconde peau, garantissant une excellente ventilation et maintenant la vo\u00fbte plantaire parfaitement en place gr\u00e2ce \u00e0 un soutien pr\u00e9cis et s\u00fbr. Il en r\u00e9sulte un confort durable, m\u00eame lorsque vous acc\u00e9l\u00e9rez le rythme, pour une exp\u00e9rience de course plus naturelle et plus rapide.<\/p>\n<p data-start=\"1449\" data-end=\"1651\">Avec <strong data-start=\"1453\" data-end=\"1467\">Hyperion 3<\/strong>, chaque foul\u00e9e est con\u00e7ue pour maximiser vos performances : ultra-rapide, polyvalente et incroyablement l\u00e9g\u00e8re, c&#8217;est la chaussure qui vous permet de poursuivre et d&#8217;atteindre tous vos objectifs.<\/p>\n<p><\/div><\/div><\/div><\/p>\n","protected":false},"excerpt":{"rendered":"<ul>\n<li class=\"m-long-description__feature-text\">Le mot d&#8217;ordre : la vitesse<\/li>\n<li class=\"m-long-description__feature-text\">Des performances polyvalentes<\/li>\n<li class=\"m-long-description__feature-text\">Une tige respirante et l\u00e9g\u00e8re<\/li>\n<\/ul>\n","protected":false},"featured_media":402958,"template":"","meta":{"_acf_changed":false,"inline_featured_image":false},"product_brand":[],"product_cat":[22605,22606],"product_tag":[23462,23656],"class_list":{"0":"post-323156","1":"product","2":"type-product","3":"status-publish","4":"has-post-thumbnail","6":"product_cat-chaussures-pour-femmes","7":"product_cat-neutre","8":"product_tag-brooks-fr","9":"product_tag-brooks-femme","10":"pa_attivita-fitness-fr","11":"pa_attivita-marcher","12":"pa_attivita-running-fr","13":"pa_colore-hyperion-3-w-black-grey-white","14":"pa_colore-hyperion-3-w-white-luminary-cyber-pink","15":"pa_colore-hyperion-3-w-white-pink-clay-atomizer","16":"pa_marca-brooks-fr","17":"pa_sesso-femme","18":"pa_size-37-5-fr","19":"pa_size-38-fr","20":"pa_size-38-5-fr","21":"pa_size-39-fr","22":"pa_size-40-fr","23":"pa_size-40-5-fr","24":"pa_size-41-fr","26":"first","27":"instock","28":"sale","29":"taxable","30":"shipping-taxable","31":"purchasable","32":"product-type-variable","33":"wvs-archive-product-wrapper"},"acf":[],"yoast_head":"<!-- This site is optimized with the Yoast SEO plugin v26.8 - https:\/\/yoast.com\/product\/yoast-seo-wordpress\/ -->\n<title>Brooks Hyperion 3 femme - chaussures de course pour femmes - MioMioRun.com<\/title>\n<meta name=\"description\" content=\"Brooks Hyperion 3 pour femme : chaussure de course ultral\u00e9g\u00e8re avec amorti r\u00e9actif DNA FLASH v2, tige respirante et performances polyvalentes pour l&#039;entra\u00eenement et la course rapide.\" \/>\n<meta name=\"robots\" content=\"index, follow, max-snippet:-1, max-image-preview:large, max-video-preview:-1\" \/>\n<link rel=\"canonical\" href=\"https:\/\/www.miomiorun.com\/fr\/produit\/hyperion-3-femme\/\" \/>\n<meta property=\"og:locale\" content=\"fr_FR\" \/>\n<meta property=\"og:type\" content=\"article\" \/>\n<meta property=\"og:title\" content=\"Brooks Hyperion 3 femme - chaussures de course pour femmes - MioMioRun.com\" \/>\n<meta property=\"og:description\" content=\"Brooks Hyperion 3 pour femme : chaussure de course ultral\u00e9g\u00e8re avec amorti r\u00e9actif DNA FLASH v2, tige respirante et performances polyvalentes pour l&#039;entra\u00eenement et la course rapide.\" \/>\n<meta property=\"og:url\" content=\"https:\/\/www.miomiorun.com\/fr\/produit\/hyperion-3-femme\/\" \/>\n<meta property=\"og:site_name\" content=\"MioMioRun\" \/>\n<meta property=\"article:publisher\" content=\"https:\/\/www.facebook.com\/miomiorun\/\" \/>\n<meta property=\"article:modified_time\" content=\"2025-12-09T10:43:36+00:00\" \/>\n<meta property=\"og:image\" content=\"https:\/\/www.miomiorun.com\/app\/uploads\/2026\/02\/brooks-Hyperion-3-W-white-luminary-cyber-pink-1204531B189.webp\" \/>\n\t<meta property=\"og:image:width\" content=\"720\" \/>\n\t<meta property=\"og:image:height\" content=\"720\" \/>\n\t<meta property=\"og:image:type\" content=\"image\/webp\" \/>\n<meta name=\"twitter:card\" content=\"summary_large_image\" \/>\n<meta name=\"twitter:label1\" content=\"Est. reading time\" \/>\n\t<meta name=\"twitter:data1\" content=\"2 minutes\" \/>\n<script type=\"application\/ld+json\" class=\"yoast-schema-graph\">{\"@context\":\"https:\/\/schema.org\",\"@graph\":[{\"@type\":\"WebPage\",\"@id\":\"https:\/\/www.miomiorun.com\/fr\/produit\/hyperion-3-femme\/\",\"url\":\"https:\/\/www.miomiorun.com\/fr\/produit\/hyperion-3-femme\/\",\"name\":\"Brooks Hyperion 3 femme - chaussures de course pour femmes - MioMioRun.com\",\"isPartOf\":{\"@id\":\"https:\/\/www.miomiorun.com\/fr\/#website\"},\"primaryImageOfPage\":{\"@id\":\"https:\/\/www.miomiorun.com\/fr\/produit\/hyperion-3-femme\/#primaryimage\"},\"image\":{\"@id\":\"https:\/\/www.miomiorun.com\/fr\/produit\/hyperion-3-femme\/#primaryimage\"},\"thumbnailUrl\":\"https:\/\/www.miomiorun.com\/app\/uploads\/2026\/02\/brooks-Hyperion-3-W-white-luminary-cyber-pink-1204531B189.webp\",\"datePublished\":\"2025-07-05T14:58:37+00:00\",\"dateModified\":\"2025-12-09T10:43:36+00:00\",\"description\":\"Brooks Hyperion 3 pour femme : chaussure de course ultral\u00e9g\u00e8re avec amorti r\u00e9actif DNA FLASH v2, tige respirante et performances polyvalentes pour l'entra\u00eenement et la course rapide.\",\"breadcrumb\":{\"@id\":\"https:\/\/www.miomiorun.com\/fr\/produit\/hyperion-3-femme\/#breadcrumb\"},\"inLanguage\":\"fr-FR\",\"potentialAction\":[{\"@type\":\"ReadAction\",\"target\":[\"https:\/\/www.miomiorun.com\/fr\/produit\/hyperion-3-femme\/\"]}]},{\"@type\":\"ImageObject\",\"inLanguage\":\"fr-FR\",\"@id\":\"https:\/\/www.miomiorun.com\/fr\/produit\/hyperion-3-femme\/#primaryimage\",\"url\":\"https:\/\/www.miomiorun.com\/app\/uploads\/2026\/02\/brooks-Hyperion-3-W-white-luminary-cyber-pink-1204531B189.webp\",\"contentUrl\":\"https:\/\/www.miomiorun.com\/app\/uploads\/2026\/02\/brooks-Hyperion-3-W-white-luminary-cyber-pink-1204531B189.webp\",\"width\":720,\"height\":720,\"caption\":\"brooks Hyperion 3 W white luminary cyber pink 1204531B189\"},{\"@type\":\"BreadcrumbList\",\"@id\":\"https:\/\/www.miomiorun.com\/fr\/produit\/hyperion-3-femme\/#breadcrumb\",\"itemListElement\":[{\"@type\":\"ListItem\",\"position\":1,\"name\":\"Home\",\"item\":\"https:\/\/www.miomiorun.com\/fr\/home-page\/\"},{\"@type\":\"ListItem\",\"position\":2,\"name\":\"Shop\",\"item\":\"https:\/\/www.miomiorun.com\/shop\/\"},{\"@type\":\"ListItem\",\"position\":3,\"name\":\"Hyperion 3 femme\"}]},{\"@type\":\"WebSite\",\"@id\":\"https:\/\/www.miomiorun.com\/fr\/#website\",\"url\":\"https:\/\/www.miomiorun.com\/fr\/\",\"name\":\"MioMioRun\",\"description\":\"Boutique 100% running et trail\",\"publisher\":{\"@id\":\"https:\/\/www.miomiorun.com\/fr\/#organization\"},\"potentialAction\":[{\"@type\":\"SearchAction\",\"target\":{\"@type\":\"EntryPoint\",\"urlTemplate\":\"https:\/\/www.miomiorun.com\/fr\/?s={search_term_string}\"},\"query-input\":{\"@type\":\"PropertyValueSpecification\",\"valueRequired\":true,\"valueName\":\"search_term_string\"}}],\"inLanguage\":\"fr-FR\"},{\"@type\":\"Organization\",\"@id\":\"https:\/\/www.miomiorun.com\/fr\/#organization\",\"name\":\"MioMio Run\",\"url\":\"https:\/\/www.miomiorun.com\/fr\/\",\"logo\":{\"@type\":\"ImageObject\",\"inLanguage\":\"fr-FR\",\"@id\":\"https:\/\/www.miomiorun.com\/fr\/#\/schema\/logo\/image\/\",\"url\":\"https:\/\/www.miomiorun.com\/app\/uploads\/2019\/12\/logomio.png\",\"contentUrl\":\"https:\/\/www.miomiorun.com\/app\/uploads\/2019\/12\/logomio.png\",\"width\":115,\"height\":82,\"caption\":\"MioMio Run\"},\"image\":{\"@id\":\"https:\/\/www.miomiorun.com\/fr\/#\/schema\/logo\/image\/\"},\"sameAs\":[\"https:\/\/www.facebook.com\/miomiorun\/\",\"https:\/\/www.instagram.com\/miomiorun\/\"]}]}<\/script>\n<!-- \/ Yoast SEO plugin. -->","yoast_head_json":{"title":"Brooks Hyperion 3 femme - chaussures de course pour femmes - MioMioRun.com","description":"Brooks Hyperion 3 pour femme : chaussure de course ultral\u00e9g\u00e8re avec amorti r\u00e9actif DNA FLASH v2, tige respirante et performances polyvalentes pour l'entra\u00eenement et la course rapide.","robots":{"index":"index","follow":"follow","max-snippet":"max-snippet:-1","max-image-preview":"max-image-preview:large","max-video-preview":"max-video-preview:-1"},"canonical":"https:\/\/www.miomiorun.com\/fr\/produit\/hyperion-3-femme\/","og_locale":"fr_FR","og_type":"article","og_title":"Brooks Hyperion 3 femme - chaussures de course pour femmes - MioMioRun.com","og_description":"Brooks Hyperion 3 pour femme : chaussure de course ultral\u00e9g\u00e8re avec amorti r\u00e9actif DNA FLASH v2, tige respirante et performances polyvalentes pour l'entra\u00eenement et la course rapide.","og_url":"https:\/\/www.miomiorun.com\/fr\/produit\/hyperion-3-femme\/","og_site_name":"MioMioRun","article_publisher":"https:\/\/www.facebook.com\/miomiorun\/","article_modified_time":"2025-12-09T10:43:36+00:00","og_image":[{"width":720,"height":720,"url":"https:\/\/www.miomiorun.com\/app\/uploads\/2026\/02\/brooks-Hyperion-3-W-white-luminary-cyber-pink-1204531B189.webp","type":"image\/webp"}],"twitter_card":"summary_large_image","twitter_misc":{"Est. reading time":"2 minutes"},"schema":{"@context":"https:\/\/schema.org","@graph":[{"@type":"WebPage","@id":"https:\/\/www.miomiorun.com\/fr\/produit\/hyperion-3-femme\/","url":"https:\/\/www.miomiorun.com\/fr\/produit\/hyperion-3-femme\/","name":"Brooks Hyperion 3 femme - chaussures de course pour femmes - MioMioRun.com","isPartOf":{"@id":"https:\/\/www.miomiorun.com\/fr\/#website"},"primaryImageOfPage":{"@id":"https:\/\/www.miomiorun.com\/fr\/produit\/hyperion-3-femme\/#primaryimage"},"image":{"@id":"https:\/\/www.miomiorun.com\/fr\/produit\/hyperion-3-femme\/#primaryimage"},"thumbnailUrl":"https:\/\/www.miomiorun.com\/app\/uploads\/2026\/02\/brooks-Hyperion-3-W-white-luminary-cyber-pink-1204531B189.webp","datePublished":"2025-07-05T14:58:37+00:00","dateModified":"2025-12-09T10:43:36+00:00","description":"Brooks Hyperion 3 pour femme : chaussure de course ultral\u00e9g\u00e8re avec amorti r\u00e9actif DNA FLASH v2, tige respirante et performances polyvalentes pour l'entra\u00eenement et la course rapide.","breadcrumb":{"@id":"https:\/\/www.miomiorun.com\/fr\/produit\/hyperion-3-femme\/#breadcrumb"},"inLanguage":"fr-FR","potentialAction":[{"@type":"ReadAction","target":["https:\/\/www.miomiorun.com\/fr\/produit\/hyperion-3-femme\/"]}]},{"@type":"ImageObject","inLanguage":"fr-FR","@id":"https:\/\/www.miomiorun.com\/fr\/produit\/hyperion-3-femme\/#primaryimage","url":"https:\/\/www.miomiorun.com\/app\/uploads\/2026\/02\/brooks-Hyperion-3-W-white-luminary-cyber-pink-1204531B189.webp","contentUrl":"https:\/\/www.miomiorun.com\/app\/uploads\/2026\/02\/brooks-Hyperion-3-W-white-luminary-cyber-pink-1204531B189.webp","width":720,"height":720,"caption":"brooks Hyperion 3 W white luminary cyber pink 1204531B189"},{"@type":"BreadcrumbList","@id":"https:\/\/www.miomiorun.com\/fr\/produit\/hyperion-3-femme\/#breadcrumb","itemListElement":[{"@type":"ListItem","position":1,"name":"Home","item":"https:\/\/www.miomiorun.com\/fr\/home-page\/"},{"@type":"ListItem","position":2,"name":"Shop","item":"https:\/\/www.miomiorun.com\/shop\/"},{"@type":"ListItem","position":3,"name":"Hyperion 3 femme"}]},{"@type":"WebSite","@id":"https:\/\/www.miomiorun.com\/fr\/#website","url":"https:\/\/www.miomiorun.com\/fr\/","name":"MioMioRun","description":"Boutique 100% running et trail","publisher":{"@id":"https:\/\/www.miomiorun.com\/fr\/#organization"},"potentialAction":[{"@type":"SearchAction","target":{"@type":"EntryPoint","urlTemplate":"https:\/\/www.miomiorun.com\/fr\/?s={search_term_string}"},"query-input":{"@type":"PropertyValueSpecification","valueRequired":true,"valueName":"search_term_string"}}],"inLanguage":"fr-FR"},{"@type":"Organization","@id":"https:\/\/www.miomiorun.com\/fr\/#organization","name":"MioMio Run","url":"https:\/\/www.miomiorun.com\/fr\/","logo":{"@type":"ImageObject","inLanguage":"fr-FR","@id":"https:\/\/www.miomiorun.com\/fr\/#\/schema\/logo\/image\/","url":"https:\/\/www.miomiorun.com\/app\/uploads\/2019\/12\/logomio.png","contentUrl":"https:\/\/www.miomiorun.com\/app\/uploads\/2019\/12\/logomio.png","width":115,"height":82,"caption":"MioMio Run"},"image":{"@id":"https:\/\/www.miomiorun.com\/fr\/#\/schema\/logo\/image\/"},"sameAs":["https:\/\/www.facebook.com\/miomiorun\/","https:\/\/www.instagram.com\/miomiorun\/"]}]}},"_links":{"self":[{"href":"https:\/\/www.miomiorun.com\/fr\/wp-json\/wp\/v2\/product\/323156","targetHints":{"allow":["GET"]}}],"collection":[{"href":"https:\/\/www.miomiorun.com\/fr\/wp-json\/wp\/v2\/product"}],"about":[{"href":"https:\/\/www.miomiorun.com\/fr\/wp-json\/wp\/v2\/types\/product"}],"wp:featuredmedia":[{"embeddable":true,"href":"https:\/\/www.miomiorun.com\/fr\/wp-json\/wp\/v2\/media\/402958"}],"wp:attachment":[{"href":"https:\/\/www.miomiorun.com\/fr\/wp-json\/wp\/v2\/media?parent=323156"}],"wp:term":[{"taxonomy":"product_brand","embeddable":true,"href":"https:\/\/www.miomiorun.com\/fr\/wp-json\/wp\/v2\/product_brand?post=323156"},{"taxonomy":"product_cat","embeddable":true,"href":"https:\/\/www.miomiorun.com\/fr\/wp-json\/wp\/v2\/product_cat?post=323156"},{"taxonomy":"product_tag","embeddable":true,"href":"https:\/\/www.miomiorun.com\/fr\/wp-json\/wp\/v2\/product_tag?post=323156"}],"curies":[{"name":"wp","href":"https:\/\/api.w.org\/{rel}","templated":true}]}}