{"id":321590,"date":"2025-06-26T19:23:36","date_gmt":"2025-06-26T17:23:36","guid":{"rendered":"https:\/\/miomiorun.com\/?post_type=product&#038;p=321590"},"modified":"2026-04-28T07:20:52","modified_gmt":"2026-04-28T05:20:52","slug":"kinvara-16-homme","status":"publish","type":"product","link":"https:\/\/www.miomiorun.com\/fr\/produit\/kinvara-16-homme\/","title":{"rendered":"Kinvara 16 homme"},"content":{"rendered":"<div class=\"vc-row container\"><div class=\"vc-column\"><div class=\"vc-column-text\"><\/p>\n<p><strong>Caract\u00e9ristiques techniques<\/strong><\/p>\n<p>Cat\u00e9gorie : amorti r\u00e9actif<br \/>\nD\u00e9calage : 4 mm (29\/25 mm)<br \/>\nPoids : 206 g<br \/>\nId\u00e9al pour : les coureurs \u00e0 la recherche d&#8217;un mod\u00e8le interm\u00e9diaire, caract\u00e9ris\u00e9 par sa l\u00e9g\u00e8ret\u00e9 et son \u00e9lasticit\u00e9, pour courir sur toutes les distances, capables d&#8217;appr\u00e9cier la r\u00e9activit\u00e9 et un amorti discret.<br \/>\nPoids de l&#8217;athl\u00e8te : 50-70 kg<br \/>\nAllure de course : moyenne \u00e0 rapide (3,30-5,00 min\/km)<br \/>\n<a href=\"https:\/\/miomiorun.com\/guida-alle-specifiche-tecniche\/\">Guide des sp\u00e9cifications techniques<\/a><\/p>\n<p><\/div><\/div><div class=\"vc-column\"><div class=\"vc-column-text\"><\/p>\n<p data-start=\"219\" data-end=\"489\">Con\u00e7ue pour les coureurs qui veulent courir l\u00e9ger et vite tous les jours, la <strong data-start=\"291\" data-end=\"305\">Kinvara 16<\/strong> offre un m\u00e9lange imbattable de r\u00e9activit\u00e9, de confort et de polyvalence. Avec sa construction ultra-l\u00e9g\u00e8re et flexible, elle est con\u00e7ue pour vous faire sentir rapide du premier au dernier kilom\u00e8tre.<\/p>\n<p data-start=\"491\" data-end=\"523\"><strong data-start=\"491\" data-end=\"523\">Pourquoi choisir la Kinvara 16 ?<\/strong><\/p>\n<ul data-start=\"525\" data-end=\"1264\">\n<li data-start=\"525\" data-end=\"717\">\n<p data-start=\"527\" data-end=\"717\">&nbsp;<strong data-start=\"529\" data-end=\"557\">Amorti r\u00e9actif<\/strong> : le nouveau m\u00e9lange <strong data-start=\"579\" data-end=\"589\">PWRRUN<\/strong> offre un meilleur retour d&#8217;\u00e9nergie et une plus grande r\u00e9sistance \u00e0 l&#8217;usure quotidienne, pour que vous puissiez acc\u00e9l\u00e9rer le rythme en toute confiance.\n<\/p>\n<\/li>\n<li data-start=\"718\" data-end=\"908\">\n<p data-start=\"720\" data-end=\"908\">&nbsp;<strong data-start=\"722\" data-end=\"744\">Transition fluide<\/strong> : la g\u00e9om\u00e9trie am\u00e9lior\u00e9e, avec un c\u00f4t\u00e9 plus bas et une partie m\u00e9diane plus droite, accompagne le pied dans un roulement naturel et confortable, m\u00eame lorsque vous acc\u00e9l\u00e9rez.\n<\/p>\n<\/li>\n<li data-start=\"909\" data-end=\"1071\">\n<p data-start=\"911\" data-end=\"1071\">&nbsp;<strong data-start=\"913\" data-end=\"935\">Confort instantan\u00e9<\/strong> : la semelle int\u00e9rieure <strong data-start=\"948\" data-end=\"955\">SRS<\/strong> offre un soutien plus souple que jamais, r\u00e9duisant la fatigue et am\u00e9liorant la sensation \u00e0 chaque pas.\n<\/p>\n<\/li>\n<li data-start=\"1072\" data-end=\"1264\">\n<p data-start=\"1074\" data-end=\"1264\">&nbsp;<strong data-start=\"1076\" data-end=\"1108\">Ajustement s\u00fbr et respirant<\/strong> : la tige en mesh l\u00e9ger garde vos pieds au frais et au sec, tandis que la coque talonni\u00e8re moul\u00e9e en 3D assure stabilit\u00e9 et ajustement pr\u00e9cis.\n<\/p>\n<\/li>\n<\/ul>\n<p data-start=\"1266\" data-end=\"1323\"><strong data-start=\"1266\" data-end=\"1323\">Con\u00e7ue pour ceux qui veulent donner le meilleur d&#8217;eux-m\u00eames chaque jour.<\/strong><\/p>\n<p data-start=\"1325\" data-end=\"1536\">Avec un <strong data-start=\"1332\" data-end=\"1350\">drop de 4 mm<\/strong> (29\/25 mm) et un poids de seulement <strong data-start=\"1380\" data-end=\"1389\">206 g<\/strong>, la <strong data-start=\"1391\" data-end=\"1405\">Kinvara 16<\/strong> est la partenaire id\u00e9ale pour vos courses quotidiennes, vous offrant l\u00e9g\u00e8ret\u00e9 et r\u00e9activit\u00e9 sans sacrifier l&#8217;amorti protecteur. <\/p>\n<p data-start=\"1538\" data-end=\"1661\"><strong data-start=\"1541\" data-end=\"1558\">Durabilit\u00e9<\/strong> : ce mod\u00e8le est vegan et fabriqu\u00e9 \u00e0 partir de mat\u00e9riaux recycl\u00e9s, pour courir dans le respect de l&#8217;environnement. <\/p>\n<p data-start=\"1663\" data-end=\"1685\"><strong data-start=\"1666\" data-end=\"1682\">Parfaite pour<\/strong> :<\/p>\n<ul data-start=\"1686\" data-end=\"1776\">\n<li data-start=\"1686\" data-end=\"1707\">\n<p data-start=\"1688\" data-end=\"1707\">Courses quotidiennes<\/p>\n<\/li>\n<li data-start=\"1708\" data-end=\"1730\">\n<p data-start=\"1710\" data-end=\"1730\">Entra\u00eenements rapides<\/p>\n<\/li>\n<li data-start=\"1731\" data-end=\"1776\">\n<p data-start=\"1733\" data-end=\"1776\">Les coureurs qui recherchent l\u00e9g\u00e8ret\u00e9 et vitesse<\/p>\n<\/li>\n<\/ul>\n<p><\/div><\/div><\/div>\n","protected":false},"excerpt":{"rendered":"<ul>\n<li>Chaussure de course l\u00e9g\u00e8re, rapide et r\u00e9active.<\/li>\n<li>Id\u00e9ale pour les coureurs qui veulent courir vite et repousser leurs limites.<\/li>\n<\/ul>\n","protected":false},"featured_media":332528,"template":"","meta":{"_acf_changed":false,"inline_featured_image":false},"product_brand":[],"product_cat":[24448,24447],"product_tag":[23579,23546],"class_list":{"0":"post-321590","1":"product","2":"type-product","3":"status-publish","4":"has-post-thumbnail","6":"product_cat-chaussures-pour-hommes-fr","7":"product_cat-neutre-fr-3","8":"product_tag-saucony-fr","9":"product_tag-saucony-homme","10":"pa_attivita-fitness-fr","11":"pa_attivita-marcher","12":"pa_attivita-running-fr","13":"pa_colore-kinvara-16-citron-black-fr","14":"pa_colore-kinvara-16-slime-black","15":"pa_colore-kinvara-16-white-crimson","16":"pa_colore-kinvara-16-white-red-fr","17":"pa_marca-saucony-fr","18":"pa_sesso-homme","19":"pa_size-41-fr","20":"pa_size-42-fr","21":"pa_size-42-5-fr","22":"pa_size-43-fr","23":"pa_size-44-fr","24":"pa_size-44-5-fr","25":"pa_size-45-fr","26":"pa_size-46-fr","28":"first","29":"instock","30":"sale","31":"taxable","32":"shipping-taxable","33":"purchasable","34":"product-type-variable","35":"wvs-archive-product-wrapper"},"acf":[],"yoast_head":"<!-- This site is optimized with the Yoast SEO plugin v26.8 - https:\/\/yoast.com\/product\/yoast-seo-wordpress\/ -->\n<title>Saucony Kinvara 16 homme - chaussures de course pour homme- MioMioRun<\/title>\n<meta name=\"description\" content=\"Kinvara 16 : chaussure de course ultra-l\u00e9g\u00e8re et r\u00e9active avec PWRRUN, g\u00e9om\u00e9trie am\u00e9lior\u00e9e et semelle int\u00e9rieure SRS. Confort et vitesse pour vos courses quotidiennes.\" \/>\n<meta name=\"robots\" content=\"index, follow, max-snippet:-1, max-image-preview:large, max-video-preview:-1\" \/>\n<link rel=\"canonical\" href=\"https:\/\/www.miomiorun.com\/fr\/produit\/kinvara-16-homme\/\" \/>\n<meta property=\"og:locale\" content=\"fr_FR\" \/>\n<meta property=\"og:type\" content=\"article\" \/>\n<meta property=\"og:title\" content=\"Saucony Kinvara 16 homme - chaussures de course pour homme- MioMioRun\" \/>\n<meta property=\"og:description\" content=\"Kinvara 16 : chaussure de course ultra-l\u00e9g\u00e8re et r\u00e9active avec PWRRUN, g\u00e9om\u00e9trie am\u00e9lior\u00e9e et semelle int\u00e9rieure SRS. Confort et vitesse pour vos courses quotidiennes.\" \/>\n<meta property=\"og:url\" content=\"https:\/\/www.miomiorun.com\/fr\/produit\/kinvara-16-homme\/\" \/>\n<meta property=\"og:site_name\" content=\"MioMioRun\" \/>\n<meta property=\"article:publisher\" content=\"https:\/\/www.facebook.com\/miomiorun\/\" \/>\n<meta property=\"article:modified_time\" content=\"2026-04-28T05:20:52+00:00\" \/>\n<meta property=\"og:image\" content=\"https:\/\/www.miomiorun.com\/app\/uploads\/2025\/07\/saucony-Kinvara-16-citron-black-S21020-286.webp\" \/>\n\t<meta property=\"og:image:width\" content=\"600\" \/>\n\t<meta property=\"og:image:height\" content=\"600\" \/>\n\t<meta property=\"og:image:type\" content=\"image\/webp\" \/>\n<meta name=\"twitter:card\" content=\"summary_large_image\" \/>\n<meta name=\"twitter:label1\" content=\"Est. reading time\" \/>\n\t<meta name=\"twitter:data1\" content=\"2 minutes\" \/>\n<script type=\"application\/ld+json\" class=\"yoast-schema-graph\">{\"@context\":\"https:\/\/schema.org\",\"@graph\":[{\"@type\":\"WebPage\",\"@id\":\"https:\/\/www.miomiorun.com\/fr\/produit\/kinvara-16-homme\/\",\"url\":\"https:\/\/www.miomiorun.com\/fr\/produit\/kinvara-16-homme\/\",\"name\":\"Saucony Kinvara 16 homme - chaussures de course pour homme- MioMioRun\",\"isPartOf\":{\"@id\":\"https:\/\/www.miomiorun.com\/fr\/#website\"},\"primaryImageOfPage\":{\"@id\":\"https:\/\/www.miomiorun.com\/fr\/produit\/kinvara-16-homme\/#primaryimage\"},\"image\":{\"@id\":\"https:\/\/www.miomiorun.com\/fr\/produit\/kinvara-16-homme\/#primaryimage\"},\"thumbnailUrl\":\"https:\/\/www.miomiorun.com\/app\/uploads\/2025\/07\/saucony-Kinvara-16-citron-black-S21020-286.webp\",\"datePublished\":\"2025-06-26T17:23:36+00:00\",\"dateModified\":\"2026-04-28T05:20:52+00:00\",\"description\":\"Kinvara 16 : chaussure de course ultra-l\u00e9g\u00e8re et r\u00e9active avec PWRRUN, g\u00e9om\u00e9trie am\u00e9lior\u00e9e et semelle int\u00e9rieure SRS. Confort et vitesse pour vos courses quotidiennes.\",\"breadcrumb\":{\"@id\":\"https:\/\/www.miomiorun.com\/fr\/produit\/kinvara-16-homme\/#breadcrumb\"},\"inLanguage\":\"fr-FR\",\"potentialAction\":[{\"@type\":\"ReadAction\",\"target\":[\"https:\/\/www.miomiorun.com\/fr\/produit\/kinvara-16-homme\/\"]}]},{\"@type\":\"ImageObject\",\"inLanguage\":\"fr-FR\",\"@id\":\"https:\/\/www.miomiorun.com\/fr\/produit\/kinvara-16-homme\/#primaryimage\",\"url\":\"https:\/\/www.miomiorun.com\/app\/uploads\/2025\/07\/saucony-Kinvara-16-citron-black-S21020-286.webp\",\"contentUrl\":\"https:\/\/www.miomiorun.com\/app\/uploads\/2025\/07\/saucony-Kinvara-16-citron-black-S21020-286.webp\",\"width\":600,\"height\":600,\"caption\":\"saucony Kinvara 16 citron black S21020-286\"},{\"@type\":\"BreadcrumbList\",\"@id\":\"https:\/\/www.miomiorun.com\/fr\/produit\/kinvara-16-homme\/#breadcrumb\",\"itemListElement\":[{\"@type\":\"ListItem\",\"position\":1,\"name\":\"Home\",\"item\":\"https:\/\/www.miomiorun.com\/fr\/home-page\/\"},{\"@type\":\"ListItem\",\"position\":2,\"name\":\"Shop\",\"item\":\"https:\/\/www.miomiorun.com\/shop\/\"},{\"@type\":\"ListItem\",\"position\":3,\"name\":\"Kinvara 16 homme\"}]},{\"@type\":\"WebSite\",\"@id\":\"https:\/\/www.miomiorun.com\/fr\/#website\",\"url\":\"https:\/\/www.miomiorun.com\/fr\/\",\"name\":\"MioMioRun\",\"description\":\"Boutique 100% running et trail\",\"publisher\":{\"@id\":\"https:\/\/www.miomiorun.com\/fr\/#organization\"},\"potentialAction\":[{\"@type\":\"SearchAction\",\"target\":{\"@type\":\"EntryPoint\",\"urlTemplate\":\"https:\/\/www.miomiorun.com\/fr\/?s={search_term_string}\"},\"query-input\":{\"@type\":\"PropertyValueSpecification\",\"valueRequired\":true,\"valueName\":\"search_term_string\"}}],\"inLanguage\":\"fr-FR\"},{\"@type\":\"Organization\",\"@id\":\"https:\/\/www.miomiorun.com\/fr\/#organization\",\"name\":\"MioMio Run\",\"url\":\"https:\/\/www.miomiorun.com\/fr\/\",\"logo\":{\"@type\":\"ImageObject\",\"inLanguage\":\"fr-FR\",\"@id\":\"https:\/\/www.miomiorun.com\/fr\/#\/schema\/logo\/image\/\",\"url\":\"https:\/\/www.miomiorun.com\/app\/uploads\/2019\/12\/logomio.png\",\"contentUrl\":\"https:\/\/www.miomiorun.com\/app\/uploads\/2019\/12\/logomio.png\",\"width\":115,\"height\":82,\"caption\":\"MioMio Run\"},\"image\":{\"@id\":\"https:\/\/www.miomiorun.com\/fr\/#\/schema\/logo\/image\/\"},\"sameAs\":[\"https:\/\/www.facebook.com\/miomiorun\/\",\"https:\/\/www.instagram.com\/miomiorun\/\"]}]}<\/script>\n<!-- \/ Yoast SEO plugin. -->","yoast_head_json":{"title":"Saucony Kinvara 16 homme - chaussures de course pour homme- MioMioRun","description":"Kinvara 16 : chaussure de course ultra-l\u00e9g\u00e8re et r\u00e9active avec PWRRUN, g\u00e9om\u00e9trie am\u00e9lior\u00e9e et semelle int\u00e9rieure SRS. Confort et vitesse pour vos courses quotidiennes.","robots":{"index":"index","follow":"follow","max-snippet":"max-snippet:-1","max-image-preview":"max-image-preview:large","max-video-preview":"max-video-preview:-1"},"canonical":"https:\/\/www.miomiorun.com\/fr\/produit\/kinvara-16-homme\/","og_locale":"fr_FR","og_type":"article","og_title":"Saucony Kinvara 16 homme - chaussures de course pour homme- MioMioRun","og_description":"Kinvara 16 : chaussure de course ultra-l\u00e9g\u00e8re et r\u00e9active avec PWRRUN, g\u00e9om\u00e9trie am\u00e9lior\u00e9e et semelle int\u00e9rieure SRS. Confort et vitesse pour vos courses quotidiennes.","og_url":"https:\/\/www.miomiorun.com\/fr\/produit\/kinvara-16-homme\/","og_site_name":"MioMioRun","article_publisher":"https:\/\/www.facebook.com\/miomiorun\/","article_modified_time":"2026-04-28T05:20:52+00:00","og_image":[{"width":600,"height":600,"url":"https:\/\/www.miomiorun.com\/app\/uploads\/2025\/07\/saucony-Kinvara-16-citron-black-S21020-286.webp","type":"image\/webp"}],"twitter_card":"summary_large_image","twitter_misc":{"Est. reading time":"2 minutes"},"schema":{"@context":"https:\/\/schema.org","@graph":[{"@type":"WebPage","@id":"https:\/\/www.miomiorun.com\/fr\/produit\/kinvara-16-homme\/","url":"https:\/\/www.miomiorun.com\/fr\/produit\/kinvara-16-homme\/","name":"Saucony Kinvara 16 homme - chaussures de course pour homme- MioMioRun","isPartOf":{"@id":"https:\/\/www.miomiorun.com\/fr\/#website"},"primaryImageOfPage":{"@id":"https:\/\/www.miomiorun.com\/fr\/produit\/kinvara-16-homme\/#primaryimage"},"image":{"@id":"https:\/\/www.miomiorun.com\/fr\/produit\/kinvara-16-homme\/#primaryimage"},"thumbnailUrl":"https:\/\/www.miomiorun.com\/app\/uploads\/2025\/07\/saucony-Kinvara-16-citron-black-S21020-286.webp","datePublished":"2025-06-26T17:23:36+00:00","dateModified":"2026-04-28T05:20:52+00:00","description":"Kinvara 16 : chaussure de course ultra-l\u00e9g\u00e8re et r\u00e9active avec PWRRUN, g\u00e9om\u00e9trie am\u00e9lior\u00e9e et semelle int\u00e9rieure SRS. Confort et vitesse pour vos courses quotidiennes.","breadcrumb":{"@id":"https:\/\/www.miomiorun.com\/fr\/produit\/kinvara-16-homme\/#breadcrumb"},"inLanguage":"fr-FR","potentialAction":[{"@type":"ReadAction","target":["https:\/\/www.miomiorun.com\/fr\/produit\/kinvara-16-homme\/"]}]},{"@type":"ImageObject","inLanguage":"fr-FR","@id":"https:\/\/www.miomiorun.com\/fr\/produit\/kinvara-16-homme\/#primaryimage","url":"https:\/\/www.miomiorun.com\/app\/uploads\/2025\/07\/saucony-Kinvara-16-citron-black-S21020-286.webp","contentUrl":"https:\/\/www.miomiorun.com\/app\/uploads\/2025\/07\/saucony-Kinvara-16-citron-black-S21020-286.webp","width":600,"height":600,"caption":"saucony Kinvara 16 citron black S21020-286"},{"@type":"BreadcrumbList","@id":"https:\/\/www.miomiorun.com\/fr\/produit\/kinvara-16-homme\/#breadcrumb","itemListElement":[{"@type":"ListItem","position":1,"name":"Home","item":"https:\/\/www.miomiorun.com\/fr\/home-page\/"},{"@type":"ListItem","position":2,"name":"Shop","item":"https:\/\/www.miomiorun.com\/shop\/"},{"@type":"ListItem","position":3,"name":"Kinvara 16 homme"}]},{"@type":"WebSite","@id":"https:\/\/www.miomiorun.com\/fr\/#website","url":"https:\/\/www.miomiorun.com\/fr\/","name":"MioMioRun","description":"Boutique 100% running et trail","publisher":{"@id":"https:\/\/www.miomiorun.com\/fr\/#organization"},"potentialAction":[{"@type":"SearchAction","target":{"@type":"EntryPoint","urlTemplate":"https:\/\/www.miomiorun.com\/fr\/?s={search_term_string}"},"query-input":{"@type":"PropertyValueSpecification","valueRequired":true,"valueName":"search_term_string"}}],"inLanguage":"fr-FR"},{"@type":"Organization","@id":"https:\/\/www.miomiorun.com\/fr\/#organization","name":"MioMio Run","url":"https:\/\/www.miomiorun.com\/fr\/","logo":{"@type":"ImageObject","inLanguage":"fr-FR","@id":"https:\/\/www.miomiorun.com\/fr\/#\/schema\/logo\/image\/","url":"https:\/\/www.miomiorun.com\/app\/uploads\/2019\/12\/logomio.png","contentUrl":"https:\/\/www.miomiorun.com\/app\/uploads\/2019\/12\/logomio.png","width":115,"height":82,"caption":"MioMio Run"},"image":{"@id":"https:\/\/www.miomiorun.com\/fr\/#\/schema\/logo\/image\/"},"sameAs":["https:\/\/www.facebook.com\/miomiorun\/","https:\/\/www.instagram.com\/miomiorun\/"]}]}},"_links":{"self":[{"href":"https:\/\/www.miomiorun.com\/fr\/wp-json\/wp\/v2\/product\/321590","targetHints":{"allow":["GET"]}}],"collection":[{"href":"https:\/\/www.miomiorun.com\/fr\/wp-json\/wp\/v2\/product"}],"about":[{"href":"https:\/\/www.miomiorun.com\/fr\/wp-json\/wp\/v2\/types\/product"}],"wp:featuredmedia":[{"embeddable":true,"href":"https:\/\/www.miomiorun.com\/fr\/wp-json\/wp\/v2\/media\/332528"}],"wp:attachment":[{"href":"https:\/\/www.miomiorun.com\/fr\/wp-json\/wp\/v2\/media?parent=321590"}],"wp:term":[{"taxonomy":"product_brand","embeddable":true,"href":"https:\/\/www.miomiorun.com\/fr\/wp-json\/wp\/v2\/product_brand?post=321590"},{"taxonomy":"product_cat","embeddable":true,"href":"https:\/\/www.miomiorun.com\/fr\/wp-json\/wp\/v2\/product_cat?post=321590"},{"taxonomy":"product_tag","embeddable":true,"href":"https:\/\/www.miomiorun.com\/fr\/wp-json\/wp\/v2\/product_tag?post=321590"}],"curies":[{"name":"wp","href":"https:\/\/api.w.org\/{rel}","templated":true}]}}