{"id":321020,"date":"2025-06-26T17:27:24","date_gmt":"2025-06-26T15:27:24","guid":{"rendered":"https:\/\/miomiorun.com\/?post_type=product&#038;p=321020"},"modified":"2026-03-26T15:10:39","modified_gmt":"2026-03-26T14:10:39","slug":"endorphin-speed-5-homme","status":"publish","type":"product","link":"https:\/\/www.miomiorun.com\/fr\/produit\/endorphin-speed-5-homme\/","title":{"rendered":"Endorphin Speed 5 homme"},"content":{"rendered":"<table style=\"border-collapse: collapse;width: 100%\">\n<tbody>\n<tr>\n<td style=\"width: 33.3333%;vertical-align: top;text-align: center\">\n<h4>Caract\u00e9ristiques techniques<\/h4>\n<p>Cat\u00e9gorie : amorti moyen<br \/>\nD\u00e9calage : 8 mm (36 mm\/28 mm)<br \/>\nPoids : 237 g<br \/>\nId\u00e9al pour : les coureurs de niveau interm\u00e9diaire \u00e0 avanc\u00e9, \u00e0 la recherche \u00e0 la fois de performances et de confort, pour obtenir de bons r\u00e9sultats en comp\u00e9tition ou pour des entra\u00eenements de qualit\u00e9.<br \/>\nPoids de l&#8217;athl\u00e8te : 55-75 kg<br \/>\nAllure de course : rapide (&gt;4,30 min\/km)<br \/>\n<a href=\"https:\/\/miomiorun.com\/guida-alle-specifiche-tecniche\/\">Guide des sp\u00e9cifications techniques<\/a><\/td>\n<td style=\"width: 66.6666%;vertical-align: top;text-align: center\">\n<p data-start=\"197\" data-end=\"467\">&nbsp;<strong data-start=\"203\" data-end=\"253\">C&#8217;est le jour de la course. D\u00e9passez vos limites.<\/strong><br data-start=\"253\" data-end=\"256\">\u00cates-vous pr\u00eat \u00e0 donner le meilleur de vous-m\u00eame ? Nos nouvelles chaussures de course sont con\u00e7ues pour vous offrir <strong data-start=\"348\" data-end=\"371\">des performances \u00e9lev\u00e9es<\/strong> \u00e0 chaque course, que vous visiez un nouveau record ou que vous vous entra\u00eeniez quotidiennement.<\/p>\n<p data-start=\"469\" data-end=\"682\">&nbsp;<strong data-start=\"472\" data-end=\"496\">Technologie SPEEDROLL<\/strong><br data-start=\"496\" data-end=\"499\">Chaque foul\u00e9e vous propulse vers l&#8217;avant. La g\u00e9om\u00e9trie sp\u00e9ciale SPEEDROLL favorise une transition fluide et continue, transformant l&#8217;\u00e9nergie en vitesse naturelle, avec moins d&#8217;effort et plus de propulsion.<\/p>\n<p data-start=\"684\" data-end=\"703\">&nbsp;<strong data-start=\"687\" data-end=\"703\">\u00c0 noter :<\/strong><\/p>\n<p data-start=\"705\" data-end=\"930\">&nbsp;<strong data-start=\"707\" data-end=\"736\">Con\u00e7ues pour la vitesse<\/strong><br data-start=\"736\" data-end=\"739\">Gr\u00e2ce \u00e0 leur nouveau tissu en maille ultra-l\u00e9ger, ces chaussures offrent un ajustement confortable et respirant. Parfaites pour les courses les plus intenses, mais aussi pour affronter la journ\u00e9e avec l\u00e9g\u00e8ret\u00e9.<\/p>\n<p data-start=\"932\" data-end=\"1184\">&nbsp;<strong data-start=\"934\" data-end=\"972\">Semelle optimis\u00e9e pour tous les terrains<\/strong><br data-start=\"972\" data-end=\"975\">La semelle a \u00e9t\u00e9 redessin\u00e9e avec une couverture \u00e9tendue sur le talon pour offrir une <strong data-start=\"1054\" data-end=\"1074\">r\u00e9sistance suppl\u00e9mentaire<\/strong> dans les moments les plus rapides. L&#8217;<strong data-start=\"1102\" data-end=\"1132\">adh\u00e9rence sur toute la longueur<\/strong> am\u00e9liore la traction et le cycle naturel de la foul\u00e9e.<\/p>\n<p data-start=\"1186\" data-end=\"1422\">&nbsp;<strong data-start=\"1188\" data-end=\"1219\">Une course plus r\u00e9active que jamais<\/strong><br data-start=\"1219\" data-end=\"1222\"><\/p>\n<p data-start=\"1424\" data-end=\"1588\">&nbsp; <strong data-start=\"1426\" data-end=\"1457\">Une fluidit\u00e9 sans interruption<\/strong><br data-start=\"1457\" data-end=\"1460\">L&#8217;adh\u00e9rence int\u00e9grale vous accompagne \u00e0 chaque phase de la foul\u00e9e, assurant des <strong data-start=\"1532\" data-end=\"1558\">transitions plus fluides<\/strong> et naturelles, pas apr\u00e8s pas.\n<\/p>\n<\/p>\n<\/p>\n<\/td>\n<\/tr>\n<\/tbody>\n<\/table>\n<p>&nbsp;<\/p>\n","protected":false},"excerpt":{"rendered":"<div>\n<ul>\n<li>Une chaussure qui vous permettra de courir plus vite.<\/li>\n<li>Id\u00e9ale pour vos entra\u00eenements et vos comp\u00e9titions.<\/li>\n<\/ul>\n<\/div>\n","protected":false},"featured_media":387068,"template":"","meta":{"_acf_changed":false,"inline_featured_image":false},"product_brand":[],"product_cat":[24448,24447],"product_tag":[23579,23546],"class_list":{"0":"post-321020","1":"product","2":"type-product","3":"status-publish","4":"has-post-thumbnail","6":"product_cat-chaussures-pour-hommes-fr","7":"product_cat-neutre-fr-3","8":"product_tag-saucony-fr","9":"product_tag-saucony-homme","10":"pa_attivita-running-fr","11":"pa_colore-endorphin-speed-5-black-white-fr","12":"pa_colore-endorphin-speed-5-citron-lapis-fr","13":"pa_colore-endorphin-speed-5-shock-black-fr","14":"pa_colore-endorphin-speed-5-white-citron-fr","15":"pa_colore-endorphin-speed-5-white-nightsky","16":"pa_marca-saucony-fr","17":"pa_sesso-homme","18":"pa_size-41-fr","19":"pa_size-42-fr","20":"pa_size-42-5-fr","21":"pa_size-43-fr","22":"pa_size-44-fr","23":"pa_size-44-5-fr","24":"pa_size-45-fr","25":"pa_size-46-fr","27":"first","28":"instock","29":"sale","30":"taxable","31":"shipping-taxable","32":"purchasable","33":"product-type-variable","34":"wvs-archive-product-wrapper"},"acf":[],"yoast_head":"<!-- This site is optimized with the Yoast SEO plugin v26.8 - https:\/\/yoast.com\/product\/yoast-seo-wordpress\/ -->\n<title>Saucony Endorphin Speed 5 homme - chaussures de course - MioMioRun<\/title>\n<meta name=\"description\" content=\"Chaussures de course l\u00e9g\u00e8res et r\u00e9actives avec plaque en nylon et technologie SPEEDROLL. Id\u00e9ales pour les courses rapides et les entra\u00eenements quotidiens. Propulsion et adh\u00e9rence maximales.\" \/>\n<meta name=\"robots\" content=\"index, follow, max-snippet:-1, max-image-preview:large, max-video-preview:-1\" \/>\n<link rel=\"canonical\" href=\"https:\/\/www.miomiorun.com\/fr\/produit\/endorphin-speed-5-homme\/\" \/>\n<meta property=\"og:locale\" content=\"fr_FR\" \/>\n<meta property=\"og:type\" content=\"article\" \/>\n<meta property=\"og:title\" content=\"Saucony Endorphin Speed 5 homme - chaussures de course - MioMioRun\" \/>\n<meta property=\"og:description\" content=\"Chaussures de course l\u00e9g\u00e8res et r\u00e9actives avec plaque en nylon et technologie SPEEDROLL. Id\u00e9ales pour les courses rapides et les entra\u00eenements quotidiens. Propulsion et adh\u00e9rence maximales.\" \/>\n<meta property=\"og:url\" content=\"https:\/\/www.miomiorun.com\/fr\/produit\/endorphin-speed-5-homme\/\" \/>\n<meta property=\"og:site_name\" content=\"MioMioRun\" \/>\n<meta property=\"article:publisher\" content=\"https:\/\/www.facebook.com\/miomiorun\/\" \/>\n<meta property=\"article:modified_time\" content=\"2026-03-26T14:10:39+00:00\" \/>\n<meta property=\"og:image\" content=\"https:\/\/www.miomiorun.com\/app\/uploads\/2026\/01\/saucony-Endorphin-Speed-5-ivory-fire-S21007-142.webp\" \/>\n\t<meta property=\"og:image:width\" content=\"720\" \/>\n\t<meta property=\"og:image:height\" content=\"720\" \/>\n\t<meta property=\"og:image:type\" content=\"image\/webp\" \/>\n<meta name=\"twitter:card\" content=\"summary_large_image\" \/>\n<meta name=\"twitter:label1\" content=\"Est. reading time\" \/>\n\t<meta name=\"twitter:data1\" content=\"1 minute\" \/>\n<script type=\"application\/ld+json\" class=\"yoast-schema-graph\">{\"@context\":\"https:\/\/schema.org\",\"@graph\":[{\"@type\":\"WebPage\",\"@id\":\"https:\/\/www.miomiorun.com\/fr\/produit\/endorphin-speed-5-homme\/\",\"url\":\"https:\/\/www.miomiorun.com\/fr\/produit\/endorphin-speed-5-homme\/\",\"name\":\"Saucony Endorphin Speed 5 homme - chaussures de course - MioMioRun\",\"isPartOf\":{\"@id\":\"https:\/\/www.miomiorun.com\/fr\/#website\"},\"primaryImageOfPage\":{\"@id\":\"https:\/\/www.miomiorun.com\/fr\/produit\/endorphin-speed-5-homme\/#primaryimage\"},\"image\":{\"@id\":\"https:\/\/www.miomiorun.com\/fr\/produit\/endorphin-speed-5-homme\/#primaryimage\"},\"thumbnailUrl\":\"https:\/\/www.miomiorun.com\/app\/uploads\/2026\/01\/saucony-Endorphin-Speed-5-ivory-fire-S21007-142.webp\",\"datePublished\":\"2025-06-26T15:27:24+00:00\",\"dateModified\":\"2026-03-26T14:10:39+00:00\",\"description\":\"Chaussures de course l\u00e9g\u00e8res et r\u00e9actives avec plaque en nylon et technologie SPEEDROLL. Id\u00e9ales pour les courses rapides et les entra\u00eenements quotidiens. Propulsion et adh\u00e9rence maximales.\",\"breadcrumb\":{\"@id\":\"https:\/\/www.miomiorun.com\/fr\/produit\/endorphin-speed-5-homme\/#breadcrumb\"},\"inLanguage\":\"fr-FR\",\"potentialAction\":[{\"@type\":\"ReadAction\",\"target\":[\"https:\/\/www.miomiorun.com\/fr\/produit\/endorphin-speed-5-homme\/\"]}]},{\"@type\":\"ImageObject\",\"inLanguage\":\"fr-FR\",\"@id\":\"https:\/\/www.miomiorun.com\/fr\/produit\/endorphin-speed-5-homme\/#primaryimage\",\"url\":\"https:\/\/www.miomiorun.com\/app\/uploads\/2026\/01\/saucony-Endorphin-Speed-5-ivory-fire-S21007-142.webp\",\"contentUrl\":\"https:\/\/www.miomiorun.com\/app\/uploads\/2026\/01\/saucony-Endorphin-Speed-5-ivory-fire-S21007-142.webp\",\"width\":720,\"height\":720,\"caption\":\"saucony Endorphin Speed 5 ivory fire S21007-142\"},{\"@type\":\"BreadcrumbList\",\"@id\":\"https:\/\/www.miomiorun.com\/fr\/produit\/endorphin-speed-5-homme\/#breadcrumb\",\"itemListElement\":[{\"@type\":\"ListItem\",\"position\":1,\"name\":\"Home\",\"item\":\"https:\/\/www.miomiorun.com\/fr\/home-page\/\"},{\"@type\":\"ListItem\",\"position\":2,\"name\":\"Shop\",\"item\":\"https:\/\/www.miomiorun.com\/shop\/\"},{\"@type\":\"ListItem\",\"position\":3,\"name\":\"Endorphin Speed 5 homme\"}]},{\"@type\":\"WebSite\",\"@id\":\"https:\/\/www.miomiorun.com\/fr\/#website\",\"url\":\"https:\/\/www.miomiorun.com\/fr\/\",\"name\":\"MioMioRun\",\"description\":\"Boutique 100% running et trail\",\"publisher\":{\"@id\":\"https:\/\/www.miomiorun.com\/fr\/#organization\"},\"potentialAction\":[{\"@type\":\"SearchAction\",\"target\":{\"@type\":\"EntryPoint\",\"urlTemplate\":\"https:\/\/www.miomiorun.com\/fr\/?s={search_term_string}\"},\"query-input\":{\"@type\":\"PropertyValueSpecification\",\"valueRequired\":true,\"valueName\":\"search_term_string\"}}],\"inLanguage\":\"fr-FR\"},{\"@type\":\"Organization\",\"@id\":\"https:\/\/www.miomiorun.com\/fr\/#organization\",\"name\":\"MioMio Run\",\"url\":\"https:\/\/www.miomiorun.com\/fr\/\",\"logo\":{\"@type\":\"ImageObject\",\"inLanguage\":\"fr-FR\",\"@id\":\"https:\/\/www.miomiorun.com\/fr\/#\/schema\/logo\/image\/\",\"url\":\"https:\/\/www.miomiorun.com\/app\/uploads\/2019\/12\/logomio.png\",\"contentUrl\":\"https:\/\/www.miomiorun.com\/app\/uploads\/2019\/12\/logomio.png\",\"width\":115,\"height\":82,\"caption\":\"MioMio Run\"},\"image\":{\"@id\":\"https:\/\/www.miomiorun.com\/fr\/#\/schema\/logo\/image\/\"},\"sameAs\":[\"https:\/\/www.facebook.com\/miomiorun\/\",\"https:\/\/www.instagram.com\/miomiorun\/\"]}]}<\/script>\n<!-- \/ Yoast SEO plugin. -->","yoast_head_json":{"title":"Saucony Endorphin Speed 5 homme - chaussures de course - MioMioRun","description":"Chaussures de course l\u00e9g\u00e8res et r\u00e9actives avec plaque en nylon et technologie SPEEDROLL. Id\u00e9ales pour les courses rapides et les entra\u00eenements quotidiens. Propulsion et adh\u00e9rence maximales.","robots":{"index":"index","follow":"follow","max-snippet":"max-snippet:-1","max-image-preview":"max-image-preview:large","max-video-preview":"max-video-preview:-1"},"canonical":"https:\/\/www.miomiorun.com\/fr\/produit\/endorphin-speed-5-homme\/","og_locale":"fr_FR","og_type":"article","og_title":"Saucony Endorphin Speed 5 homme - chaussures de course - MioMioRun","og_description":"Chaussures de course l\u00e9g\u00e8res et r\u00e9actives avec plaque en nylon et technologie SPEEDROLL. Id\u00e9ales pour les courses rapides et les entra\u00eenements quotidiens. Propulsion et adh\u00e9rence maximales.","og_url":"https:\/\/www.miomiorun.com\/fr\/produit\/endorphin-speed-5-homme\/","og_site_name":"MioMioRun","article_publisher":"https:\/\/www.facebook.com\/miomiorun\/","article_modified_time":"2026-03-26T14:10:39+00:00","og_image":[{"width":720,"height":720,"url":"https:\/\/www.miomiorun.com\/app\/uploads\/2026\/01\/saucony-Endorphin-Speed-5-ivory-fire-S21007-142.webp","type":"image\/webp"}],"twitter_card":"summary_large_image","twitter_misc":{"Est. reading time":"1 minute"},"schema":{"@context":"https:\/\/schema.org","@graph":[{"@type":"WebPage","@id":"https:\/\/www.miomiorun.com\/fr\/produit\/endorphin-speed-5-homme\/","url":"https:\/\/www.miomiorun.com\/fr\/produit\/endorphin-speed-5-homme\/","name":"Saucony Endorphin Speed 5 homme - chaussures de course - MioMioRun","isPartOf":{"@id":"https:\/\/www.miomiorun.com\/fr\/#website"},"primaryImageOfPage":{"@id":"https:\/\/www.miomiorun.com\/fr\/produit\/endorphin-speed-5-homme\/#primaryimage"},"image":{"@id":"https:\/\/www.miomiorun.com\/fr\/produit\/endorphin-speed-5-homme\/#primaryimage"},"thumbnailUrl":"https:\/\/www.miomiorun.com\/app\/uploads\/2026\/01\/saucony-Endorphin-Speed-5-ivory-fire-S21007-142.webp","datePublished":"2025-06-26T15:27:24+00:00","dateModified":"2026-03-26T14:10:39+00:00","description":"Chaussures de course l\u00e9g\u00e8res et r\u00e9actives avec plaque en nylon et technologie SPEEDROLL. Id\u00e9ales pour les courses rapides et les entra\u00eenements quotidiens. Propulsion et adh\u00e9rence maximales.","breadcrumb":{"@id":"https:\/\/www.miomiorun.com\/fr\/produit\/endorphin-speed-5-homme\/#breadcrumb"},"inLanguage":"fr-FR","potentialAction":[{"@type":"ReadAction","target":["https:\/\/www.miomiorun.com\/fr\/produit\/endorphin-speed-5-homme\/"]}]},{"@type":"ImageObject","inLanguage":"fr-FR","@id":"https:\/\/www.miomiorun.com\/fr\/produit\/endorphin-speed-5-homme\/#primaryimage","url":"https:\/\/www.miomiorun.com\/app\/uploads\/2026\/01\/saucony-Endorphin-Speed-5-ivory-fire-S21007-142.webp","contentUrl":"https:\/\/www.miomiorun.com\/app\/uploads\/2026\/01\/saucony-Endorphin-Speed-5-ivory-fire-S21007-142.webp","width":720,"height":720,"caption":"saucony Endorphin Speed 5 ivory fire S21007-142"},{"@type":"BreadcrumbList","@id":"https:\/\/www.miomiorun.com\/fr\/produit\/endorphin-speed-5-homme\/#breadcrumb","itemListElement":[{"@type":"ListItem","position":1,"name":"Home","item":"https:\/\/www.miomiorun.com\/fr\/home-page\/"},{"@type":"ListItem","position":2,"name":"Shop","item":"https:\/\/www.miomiorun.com\/shop\/"},{"@type":"ListItem","position":3,"name":"Endorphin Speed 5 homme"}]},{"@type":"WebSite","@id":"https:\/\/www.miomiorun.com\/fr\/#website","url":"https:\/\/www.miomiorun.com\/fr\/","name":"MioMioRun","description":"Boutique 100% running et trail","publisher":{"@id":"https:\/\/www.miomiorun.com\/fr\/#organization"},"potentialAction":[{"@type":"SearchAction","target":{"@type":"EntryPoint","urlTemplate":"https:\/\/www.miomiorun.com\/fr\/?s={search_term_string}"},"query-input":{"@type":"PropertyValueSpecification","valueRequired":true,"valueName":"search_term_string"}}],"inLanguage":"fr-FR"},{"@type":"Organization","@id":"https:\/\/www.miomiorun.com\/fr\/#organization","name":"MioMio Run","url":"https:\/\/www.miomiorun.com\/fr\/","logo":{"@type":"ImageObject","inLanguage":"fr-FR","@id":"https:\/\/www.miomiorun.com\/fr\/#\/schema\/logo\/image\/","url":"https:\/\/www.miomiorun.com\/app\/uploads\/2019\/12\/logomio.png","contentUrl":"https:\/\/www.miomiorun.com\/app\/uploads\/2019\/12\/logomio.png","width":115,"height":82,"caption":"MioMio Run"},"image":{"@id":"https:\/\/www.miomiorun.com\/fr\/#\/schema\/logo\/image\/"},"sameAs":["https:\/\/www.facebook.com\/miomiorun\/","https:\/\/www.instagram.com\/miomiorun\/"]}]}},"_links":{"self":[{"href":"https:\/\/www.miomiorun.com\/fr\/wp-json\/wp\/v2\/product\/321020","targetHints":{"allow":["GET"]}}],"collection":[{"href":"https:\/\/www.miomiorun.com\/fr\/wp-json\/wp\/v2\/product"}],"about":[{"href":"https:\/\/www.miomiorun.com\/fr\/wp-json\/wp\/v2\/types\/product"}],"wp:featuredmedia":[{"embeddable":true,"href":"https:\/\/www.miomiorun.com\/fr\/wp-json\/wp\/v2\/media\/387068"}],"wp:attachment":[{"href":"https:\/\/www.miomiorun.com\/fr\/wp-json\/wp\/v2\/media?parent=321020"}],"wp:term":[{"taxonomy":"product_brand","embeddable":true,"href":"https:\/\/www.miomiorun.com\/fr\/wp-json\/wp\/v2\/product_brand?post=321020"},{"taxonomy":"product_cat","embeddable":true,"href":"https:\/\/www.miomiorun.com\/fr\/wp-json\/wp\/v2\/product_cat?post=321020"},{"taxonomy":"product_tag","embeddable":true,"href":"https:\/\/www.miomiorun.com\/fr\/wp-json\/wp\/v2\/product_tag?post=321020"}],"curies":[{"name":"wp","href":"https:\/\/api.w.org\/{rel}","templated":true}]}}