{"id":320834,"date":"2025-06-26T11:05:32","date_gmt":"2025-06-26T09:05:32","guid":{"rendered":"https:\/\/miomiorun.com\/?post_type=product&#038;p=320834"},"modified":"2025-12-09T10:42:31","modified_gmt":"2025-12-09T09:42:31","slug":"lunette-3029-photochromique","status":"publish","type":"product","link":"https:\/\/www.miomiorun.com\/fr\/produit\/lunette-3029-photochromique\/","title":{"rendered":"Lunette 3029 photochromique"},"content":{"rendered":"<div class=\"vc-row container\"><div class=\"vc-column\"><div class=\"vc-column-text\"><\/p>\n<div id=\"wdgProdDescrizione\">\n<div id=\"idProdottoCorpo_Catalogo235\" class=\"prodottoCorpo\">\n<h3>Une alliance entre l\u00e9g\u00e8ret\u00e9 et design !<br \/>\nVotre look est rehauss\u00e9 par ces lunettes polyvalentes et audacieuses. Les embouts moul\u00e9s sur les branches garantissent un confort maximal et une adh\u00e9rence sup\u00e9rieure, tandis que le pont nasal souple offre une meilleure adh\u00e9rence en cas de transpiration.<br \/>\nDisponibles dans des couleurs exclusives s\u00e9lectionn\u00e9es, avec la possibilit\u00e9 de choisir les verres photochromiques que vous pr\u00e9f\u00e9rez : verres dor\u00e9s ou verres bleus. Vous pouvez changer les verres de n&#8217;importe quelle paire de lunettes, en les adaptant \u00e0 vos besoins visuels et \u00e0 votre style. <\/h3>\n<h3>\u00c9tui rigide fourni.<\/h3>\n<div id=\"wdgCorrelazioni_WdgCode-CorrelazioniTecnologie\" class=\"WdgCode-CorrelazioniTecnologie\">\n<div id=\"CorrelazioniBoxProdottiIcone_SchedaTecnologia\" class=\"CorrelazioniBoxProdottiIcone\">\n<h2 class=\"CorrelazioniBoxProdottiIconeTitle\">Technologies :<\/h2>\n<div id=\"catalogoProdottiIcone_\" class=\"catalogoProdottiElencoIcone catalogoProdottiElencoIconeSiProdotti \">\n<div id=\"idBoxProdotto_widgetCorrelazioni_19\" class=\"catalogoProdottoObject TipoScheda_SchedaTecnologia\" data-id=\"19\" data-prezzo=\"0\">\n<div class=\"catalogoProdottoItem\">\n<div class=\"catalogoProdottoImg\">\n<div class=\"catalogoProdottoImgBox\"><a class=\"paginaProdottoLink catalogoProdottoImgBoxLink\" href=\"https:\/\/www.kayaksport.it\/it\/lenswap.php\"><img loading=\"lazy\" decoding=\"async\" class=\"\" title=\"LENTI INTERCAMBIABILI\" src=\"https:\/\/www.kayaksport.it\/Images\/Thumbnails\/ico_lenti_intercambiabili-235-121-ResponsivoRect.jpg\" alt=\"LENTI INTERCAMBIABILI\" width=\"199\" height=\"199\"><\/a><\/div>\n<\/div>\n<div class=\"ContenitoreDatiTecnologia\">\n<div class=\"catalogoProdottoNomeLink\"><strong>VERRES INTERCHANGEABLES<\/strong><\/div>\n<div class=\"catalogoProdottoDescrizione\">\n<p>La technologie lenSWAP est utilis\u00e9e par nos meilleures lunettes techniques : elle garantit l&#8217;utilisation de la monture choisie dans une large gamme de conditions climatiques, gr\u00e2ce au triple jeu de verres inclus dans l&#8217;emballage. <\/p>\n<p>Quelques gestes simples suffisent pour retirer et ins\u00e9rer les verres, m\u00eame pendant la course : avec lenSWAP, la m\u00e9t\u00e9o ne sera plus un probl\u00e8me pour vos yeux !<\/p>\n<\/div>\n<\/div>\n<\/div>\n<\/div>\n<div id=\"idBoxProdotto_widgetCorrelazioni_20\" class=\"catalogoProdottoObject TipoScheda_SchedaTecnologia\" data-id=\"20\" data-prezzo=\"0\">\n<div class=\"catalogoProdottoItem\">\n<div class=\"catalogoProdottoImg\">\n<div class=\"catalogoProdottoImgBox\"><a class=\"paginaProdottoLink catalogoProdottoImgBoxLink\" href=\"https:\/\/www.kayaksport.it\/it\/kayacool.php\"><img loading=\"lazy\" decoding=\"async\" class=\"\" title=\"VENTILAZIONE PERMANENTE\" src=\"https:\/\/www.kayaksport.it\/Images\/Thumbnails\/ico_ventilazione_permanente-237-129-ResponsivoRect.jpg\" alt=\"VENTILAZIONE PERMANENTE\" width=\"199\" height=\"199\"><\/a><\/div>\n<\/div>\n<div class=\"ContenitoreDatiTecnologia\">\n<div class=\"catalogoProdottoNomeLink\"><strong>VENTILATION PERMANENTE<\/strong><\/div>\n<div class=\"catalogoProdottoDescrizione\">\n<p>La technologie kayaCOOL est pr\u00e9sente dans un nombre extr\u00eamement restreint de montures : elle garantit une ventilation permanente, tr\u00e8s utile dans les sports d&#8217;endurance, et permet \u00e9galement de r\u00e9duire consid\u00e9rablement le poids de la monture !<\/p>\n<\/div>\n<\/div>\n<\/div>\n<\/div>\n<div id=\"idBoxProdotto_widgetCorrelazioni_21\" class=\"catalogoProdottoObject TipoScheda_SchedaTecnologia\" data-id=\"21\" data-prezzo=\"0\">\n<div class=\"catalogoProdottoItem\">\n<div class=\"catalogoProdottoImg\">\n<div class=\"catalogoProdottoImgBox\"><a class=\"paginaProdottoLink catalogoProdottoImgBoxLink\" href=\"https:\/\/www.kayaksport.it\/it\/aste-regolabili.php\"><img loading=\"lazy\" decoding=\"async\" class=\"\" title=\"Aste regolabili\" src=\"https:\/\/www.kayaksport.it\/Images\/Thumbnails\/ico_aste_regolabili-238-115-ResponsivoRect.jpg\" alt=\"Aste regolabili\" width=\"199\" height=\"199\"><\/a><\/div>\n<\/div>\n<div class=\"ContenitoreDatiTecnologia\">\n<div class=\"catalogoProdottoNomeLink\"><strong>Branches r\u00e9glables<\/strong><\/div>\n<div class=\"catalogoProdottoDescrizione\">\n<p>Les branches peuvent \u00eatre r\u00e9gl\u00e9es pour un ajustement parfait et un excellent maintien, d&#8217;une simple pression l\u00e9g\u00e8re. <\/p>\n<\/div>\n<\/div>\n<\/div>\n<\/div>\n<div id=\"idBoxProdotto_widgetCorrelazioni_136\" class=\"catalogoProdottoObject TipoScheda_SchedaTecnologia\" data-id=\"136\" data-prezzo=\"0\">\n<div class=\"catalogoProdottoItem\">\n<div class=\"catalogoProdottoImg\">\n<div class=\"catalogoProdottoImgBox\"><a class=\"paginaProdottoLink catalogoProdottoImgBoxLink\" href=\"https:\/\/www.kayaksport.it\/it\/lenti-fotocromatiche.php\"><img loading=\"lazy\" decoding=\"async\" class=\"\" title=\"LENTI FOTOCROMATICHE\" src=\"https:\/\/www.kayaksport.it\/Images\/Thumbnails\/lente-fotocromatica-483-ResponsivoRect.png\" alt=\"LENTI FOTOCROMATICHE\" width=\"195\" height=\"97\"><\/a><\/div>\n<\/div>\n<div class=\"ContenitoreDatiTecnologia\">\n<div class=\"catalogoProdottoNomeLink\"><strong>VERRES PHOTOCHROMIQUES<\/strong><\/div>\n<div><\/div>\n<div class=\"catalogoProdottoDescrizione\">Les verres photochromiques sont capables de changer de couleur en fonction des conditions de luminosit\u00e9 ext\u00e9rieures.<br \/>\nLe processus qui assombrit les verres est de nature chimico-physique. Les pigments chimiques utilis\u00e9s, lorsqu&#8217;ils re\u00e7oivent de la lumi\u00e8re, modifient leur structure en changeant de couleur, ce qui rend les verres color\u00e9s. Plus la lumi\u00e8re est intense, plus le verre s&#8217;assombrit. <\/div>\n<\/div>\n<\/div>\n<\/div>\n<\/div>\n<\/div>\n<\/div>\n<\/div>\n<\/div>\n<p><\/div><\/div><\/div>\n","protected":false},"excerpt":{"rendered":"<ul>\n<li>verres certifi\u00e9s<\/li>\n<li>protection contre les rayons UV<\/li>\n<li>design made in italy<\/li>\n<\/ul>\n","protected":false},"featured_media":338837,"template":"","meta":{"_acf_changed":false,"inline_featured_image":false},"product_brand":[],"product_cat":[22577,22538],"product_tag":[34077],"class_list":{"0":"post-320834","1":"product","2":"type-product","3":"status-publish","4":"has-post-thumbnail","6":"product_cat-lunettes","7":"product_cat-accessoires","8":"product_tag-kayak-fr","9":"pa_attivita-marcher","10":"pa_attivita-outdoor-fr","11":"pa_colore-occhiale-3029-fotocromatico-azzurro-fr","12":"pa_marca-kayak-fr","13":"pa_sesso-femme","14":"pa_sesso-homme","16":"first","17":"instock","18":"sale","19":"taxable","20":"shipping-taxable","21":"purchasable","22":"product-type-variable","23":"wvs-archive-product-wrapper"},"acf":[],"yoast_head":"<!-- This site is optimized with the Yoast SEO plugin v26.8 - https:\/\/yoast.com\/product\/yoast-seo-wordpress\/ -->\n<title>Kayak Lunette 3029 photochromique - Lunettes de course - MioMioRun.com<\/title>\n<meta name=\"description\" content=\"3029 PHOTOCHROMIQUE : lunettes de sport avec verres photochromiques Or\/Bleu, design l\u00e9ger, confort optimal et \u00e9tui rigide inclus\" \/>\n<meta name=\"robots\" content=\"index, follow, max-snippet:-1, max-image-preview:large, max-video-preview:-1\" \/>\n<link rel=\"canonical\" href=\"https:\/\/www.miomiorun.com\/fr\/produit\/lunette-3029-photochromique\/\" \/>\n<meta property=\"og:locale\" content=\"fr_FR\" \/>\n<meta property=\"og:type\" content=\"article\" \/>\n<meta property=\"og:title\" content=\"Kayak Lunette 3029 photochromique - Lunettes de course - MioMioRun.com\" \/>\n<meta property=\"og:description\" content=\"3029 PHOTOCHROMIQUE : lunettes de sport avec verres photochromiques Or\/Bleu, design l\u00e9ger, confort optimal et \u00e9tui rigide inclus\" \/>\n<meta property=\"og:url\" content=\"https:\/\/www.miomiorun.com\/fr\/produit\/lunette-3029-photochromique\/\" \/>\n<meta property=\"og:site_name\" content=\"MioMioRun\" \/>\n<meta property=\"article:publisher\" content=\"https:\/\/www.facebook.com\/miomiorun\/\" \/>\n<meta property=\"article:modified_time\" content=\"2025-12-09T09:42:31+00:00\" \/>\n<meta property=\"og:image\" content=\"https:\/\/www.miomiorun.com\/app\/uploads\/2025\/08\/kayak-Occhiale-3029-fotocromatico-verde-3029PHVE.webp\" \/>\n\t<meta property=\"og:image:width\" content=\"720\" \/>\n\t<meta property=\"og:image:height\" content=\"720\" \/>\n\t<meta property=\"og:image:type\" content=\"image\/webp\" \/>\n<meta name=\"twitter:card\" content=\"summary_large_image\" \/>\n<meta name=\"twitter:label1\" content=\"Est. reading time\" \/>\n\t<meta name=\"twitter:data1\" content=\"2 minutes\" \/>\n<script type=\"application\/ld+json\" class=\"yoast-schema-graph\">{\"@context\":\"https:\/\/schema.org\",\"@graph\":[{\"@type\":\"WebPage\",\"@id\":\"https:\/\/www.miomiorun.com\/fr\/produit\/lunette-3029-photochromique\/\",\"url\":\"https:\/\/www.miomiorun.com\/fr\/produit\/lunette-3029-photochromique\/\",\"name\":\"Kayak Lunette 3029 photochromique - Lunettes de course - MioMioRun.com\",\"isPartOf\":{\"@id\":\"https:\/\/www.miomiorun.com\/fr\/#website\"},\"primaryImageOfPage\":{\"@id\":\"https:\/\/www.miomiorun.com\/fr\/produit\/lunette-3029-photochromique\/#primaryimage\"},\"image\":{\"@id\":\"https:\/\/www.miomiorun.com\/fr\/produit\/lunette-3029-photochromique\/#primaryimage\"},\"thumbnailUrl\":\"https:\/\/www.miomiorun.com\/app\/uploads\/2025\/08\/kayak-Occhiale-3029-fotocromatico-verde-3029PHVE.webp\",\"datePublished\":\"2025-06-26T09:05:32+00:00\",\"dateModified\":\"2025-12-09T09:42:31+00:00\",\"description\":\"3029 PHOTOCHROMIQUE : lunettes de sport avec verres photochromiques Or\/Bleu, design l\u00e9ger, confort optimal et \u00e9tui rigide inclus\",\"breadcrumb\":{\"@id\":\"https:\/\/www.miomiorun.com\/fr\/produit\/lunette-3029-photochromique\/#breadcrumb\"},\"inLanguage\":\"fr-FR\",\"potentialAction\":[{\"@type\":\"ReadAction\",\"target\":[\"https:\/\/www.miomiorun.com\/fr\/produit\/lunette-3029-photochromique\/\"]}]},{\"@type\":\"ImageObject\",\"inLanguage\":\"fr-FR\",\"@id\":\"https:\/\/www.miomiorun.com\/fr\/produit\/lunette-3029-photochromique\/#primaryimage\",\"url\":\"https:\/\/www.miomiorun.com\/app\/uploads\/2025\/08\/kayak-Occhiale-3029-fotocromatico-verde-3029PHVE.webp\",\"contentUrl\":\"https:\/\/www.miomiorun.com\/app\/uploads\/2025\/08\/kayak-Occhiale-3029-fotocromatico-verde-3029PHVE.webp\",\"width\":720,\"height\":720,\"caption\":\"kayak Occhiale 3029 fotocromatico verde 3029PHVE\"},{\"@type\":\"BreadcrumbList\",\"@id\":\"https:\/\/www.miomiorun.com\/fr\/produit\/lunette-3029-photochromique\/#breadcrumb\",\"itemListElement\":[{\"@type\":\"ListItem\",\"position\":1,\"name\":\"Home\",\"item\":\"https:\/\/www.miomiorun.com\/fr\/home-page\/\"},{\"@type\":\"ListItem\",\"position\":2,\"name\":\"Shop\",\"item\":\"https:\/\/www.miomiorun.com\/shop\/\"},{\"@type\":\"ListItem\",\"position\":3,\"name\":\"Lunette 3029 photochromique\"}]},{\"@type\":\"WebSite\",\"@id\":\"https:\/\/www.miomiorun.com\/fr\/#website\",\"url\":\"https:\/\/www.miomiorun.com\/fr\/\",\"name\":\"MioMioRun\",\"description\":\"Boutique 100% running et trail\",\"publisher\":{\"@id\":\"https:\/\/www.miomiorun.com\/fr\/#organization\"},\"potentialAction\":[{\"@type\":\"SearchAction\",\"target\":{\"@type\":\"EntryPoint\",\"urlTemplate\":\"https:\/\/www.miomiorun.com\/fr\/?s={search_term_string}\"},\"query-input\":{\"@type\":\"PropertyValueSpecification\",\"valueRequired\":true,\"valueName\":\"search_term_string\"}}],\"inLanguage\":\"fr-FR\"},{\"@type\":\"Organization\",\"@id\":\"https:\/\/www.miomiorun.com\/fr\/#organization\",\"name\":\"MioMio Run\",\"url\":\"https:\/\/www.miomiorun.com\/fr\/\",\"logo\":{\"@type\":\"ImageObject\",\"inLanguage\":\"fr-FR\",\"@id\":\"https:\/\/www.miomiorun.com\/fr\/#\/schema\/logo\/image\/\",\"url\":\"https:\/\/www.miomiorun.com\/app\/uploads\/2019\/12\/logomio.png\",\"contentUrl\":\"https:\/\/www.miomiorun.com\/app\/uploads\/2019\/12\/logomio.png\",\"width\":115,\"height\":82,\"caption\":\"MioMio Run\"},\"image\":{\"@id\":\"https:\/\/www.miomiorun.com\/fr\/#\/schema\/logo\/image\/\"},\"sameAs\":[\"https:\/\/www.facebook.com\/miomiorun\/\",\"https:\/\/www.instagram.com\/miomiorun\/\"]}]}<\/script>\n<!-- \/ Yoast SEO plugin. -->","yoast_head_json":{"title":"Kayak Lunette 3029 photochromique - Lunettes de course - MioMioRun.com","description":"3029 PHOTOCHROMIQUE : lunettes de sport avec verres photochromiques Or\/Bleu, design l\u00e9ger, confort optimal et \u00e9tui rigide inclus","robots":{"index":"index","follow":"follow","max-snippet":"max-snippet:-1","max-image-preview":"max-image-preview:large","max-video-preview":"max-video-preview:-1"},"canonical":"https:\/\/www.miomiorun.com\/fr\/produit\/lunette-3029-photochromique\/","og_locale":"fr_FR","og_type":"article","og_title":"Kayak Lunette 3029 photochromique - Lunettes de course - MioMioRun.com","og_description":"3029 PHOTOCHROMIQUE : lunettes de sport avec verres photochromiques Or\/Bleu, design l\u00e9ger, confort optimal et \u00e9tui rigide inclus","og_url":"https:\/\/www.miomiorun.com\/fr\/produit\/lunette-3029-photochromique\/","og_site_name":"MioMioRun","article_publisher":"https:\/\/www.facebook.com\/miomiorun\/","article_modified_time":"2025-12-09T09:42:31+00:00","og_image":[{"width":720,"height":720,"url":"https:\/\/www.miomiorun.com\/app\/uploads\/2025\/08\/kayak-Occhiale-3029-fotocromatico-verde-3029PHVE.webp","type":"image\/webp"}],"twitter_card":"summary_large_image","twitter_misc":{"Est. reading time":"2 minutes"},"schema":{"@context":"https:\/\/schema.org","@graph":[{"@type":"WebPage","@id":"https:\/\/www.miomiorun.com\/fr\/produit\/lunette-3029-photochromique\/","url":"https:\/\/www.miomiorun.com\/fr\/produit\/lunette-3029-photochromique\/","name":"Kayak Lunette 3029 photochromique - Lunettes de course - MioMioRun.com","isPartOf":{"@id":"https:\/\/www.miomiorun.com\/fr\/#website"},"primaryImageOfPage":{"@id":"https:\/\/www.miomiorun.com\/fr\/produit\/lunette-3029-photochromique\/#primaryimage"},"image":{"@id":"https:\/\/www.miomiorun.com\/fr\/produit\/lunette-3029-photochromique\/#primaryimage"},"thumbnailUrl":"https:\/\/www.miomiorun.com\/app\/uploads\/2025\/08\/kayak-Occhiale-3029-fotocromatico-verde-3029PHVE.webp","datePublished":"2025-06-26T09:05:32+00:00","dateModified":"2025-12-09T09:42:31+00:00","description":"3029 PHOTOCHROMIQUE : lunettes de sport avec verres photochromiques Or\/Bleu, design l\u00e9ger, confort optimal et \u00e9tui rigide inclus","breadcrumb":{"@id":"https:\/\/www.miomiorun.com\/fr\/produit\/lunette-3029-photochromique\/#breadcrumb"},"inLanguage":"fr-FR","potentialAction":[{"@type":"ReadAction","target":["https:\/\/www.miomiorun.com\/fr\/produit\/lunette-3029-photochromique\/"]}]},{"@type":"ImageObject","inLanguage":"fr-FR","@id":"https:\/\/www.miomiorun.com\/fr\/produit\/lunette-3029-photochromique\/#primaryimage","url":"https:\/\/www.miomiorun.com\/app\/uploads\/2025\/08\/kayak-Occhiale-3029-fotocromatico-verde-3029PHVE.webp","contentUrl":"https:\/\/www.miomiorun.com\/app\/uploads\/2025\/08\/kayak-Occhiale-3029-fotocromatico-verde-3029PHVE.webp","width":720,"height":720,"caption":"kayak Occhiale 3029 fotocromatico verde 3029PHVE"},{"@type":"BreadcrumbList","@id":"https:\/\/www.miomiorun.com\/fr\/produit\/lunette-3029-photochromique\/#breadcrumb","itemListElement":[{"@type":"ListItem","position":1,"name":"Home","item":"https:\/\/www.miomiorun.com\/fr\/home-page\/"},{"@type":"ListItem","position":2,"name":"Shop","item":"https:\/\/www.miomiorun.com\/shop\/"},{"@type":"ListItem","position":3,"name":"Lunette 3029 photochromique"}]},{"@type":"WebSite","@id":"https:\/\/www.miomiorun.com\/fr\/#website","url":"https:\/\/www.miomiorun.com\/fr\/","name":"MioMioRun","description":"Boutique 100% running et trail","publisher":{"@id":"https:\/\/www.miomiorun.com\/fr\/#organization"},"potentialAction":[{"@type":"SearchAction","target":{"@type":"EntryPoint","urlTemplate":"https:\/\/www.miomiorun.com\/fr\/?s={search_term_string}"},"query-input":{"@type":"PropertyValueSpecification","valueRequired":true,"valueName":"search_term_string"}}],"inLanguage":"fr-FR"},{"@type":"Organization","@id":"https:\/\/www.miomiorun.com\/fr\/#organization","name":"MioMio Run","url":"https:\/\/www.miomiorun.com\/fr\/","logo":{"@type":"ImageObject","inLanguage":"fr-FR","@id":"https:\/\/www.miomiorun.com\/fr\/#\/schema\/logo\/image\/","url":"https:\/\/www.miomiorun.com\/app\/uploads\/2019\/12\/logomio.png","contentUrl":"https:\/\/www.miomiorun.com\/app\/uploads\/2019\/12\/logomio.png","width":115,"height":82,"caption":"MioMio Run"},"image":{"@id":"https:\/\/www.miomiorun.com\/fr\/#\/schema\/logo\/image\/"},"sameAs":["https:\/\/www.facebook.com\/miomiorun\/","https:\/\/www.instagram.com\/miomiorun\/"]}]}},"_links":{"self":[{"href":"https:\/\/www.miomiorun.com\/fr\/wp-json\/wp\/v2\/product\/320834","targetHints":{"allow":["GET"]}}],"collection":[{"href":"https:\/\/www.miomiorun.com\/fr\/wp-json\/wp\/v2\/product"}],"about":[{"href":"https:\/\/www.miomiorun.com\/fr\/wp-json\/wp\/v2\/types\/product"}],"wp:featuredmedia":[{"embeddable":true,"href":"https:\/\/www.miomiorun.com\/fr\/wp-json\/wp\/v2\/media\/338837"}],"wp:attachment":[{"href":"https:\/\/www.miomiorun.com\/fr\/wp-json\/wp\/v2\/media?parent=320834"}],"wp:term":[{"taxonomy":"product_brand","embeddable":true,"href":"https:\/\/www.miomiorun.com\/fr\/wp-json\/wp\/v2\/product_brand?post=320834"},{"taxonomy":"product_cat","embeddable":true,"href":"https:\/\/www.miomiorun.com\/fr\/wp-json\/wp\/v2\/product_cat?post=320834"},{"taxonomy":"product_tag","embeddable":true,"href":"https:\/\/www.miomiorun.com\/fr\/wp-json\/wp\/v2\/product_tag?post=320834"}],"curies":[{"name":"wp","href":"https:\/\/api.w.org\/{rel}","templated":true}]}}