{"id":320810,"date":"2025-06-26T10:36:30","date_gmt":"2025-06-26T08:36:30","guid":{"rendered":"https:\/\/miomiorun.com\/?post_type=product&#038;p=320810"},"modified":"2025-12-09T10:43:39","modified_gmt":"2025-12-09T09:43:39","slug":"lunette-2946-photochromique","status":"publish","type":"product","link":"https:\/\/www.miomiorun.com\/fr\/produit\/lunette-2946-photochromique\/","title":{"rendered":"Lunette 2946 photochromique"},"content":{"rendered":"<div class=\"vc-row container\"><div class=\"vc-column\"><div class=\"vc-column-text\"><\/p>\n<h3>Mod\u00e8le large et l\u00e9ger qui s&#8217;adapte \u00e0 de nombreux sports. Les verres photochromiques aident les yeux \u00e0 s&#8217;adapter aux diff\u00e9rentes conditions de luminosit\u00e9, permettant une vision confortable sans fatiguer les yeux.<br \/>\nLes verres sont photochromiques de cat\u00e9gorie 1-4.<\/h3>\n<p>&nbsp;<\/p>\n<h3>\u00c9tui rigide fourni.<\/h3>\n<div id=\"wdgCorrelazioni_WdgCode-CorrelazioniTecnologie\" class=\"WdgCode-CorrelazioniTecnologie\">\n<div id=\"CorrelazioniBoxProdottiIcone_SchedaTecnologia\" class=\"CorrelazioniBoxProdottiIcone\">\n<h2 class=\"CorrelazioniBoxProdottiIconeTitle\">Technologies :<\/h2>\n<div id=\"catalogoProdottiIcone_\" class=\"catalogoProdottiElencoIcone catalogoProdottiElencoIconeSiProdotti \">\n<div id=\"idBoxProdotto_widgetCorrelazioni_18\" class=\"catalogoProdottoObject TipoScheda_SchedaTecnologia\" data-id=\"18\" data-prezzo=\"0\">\n<div class=\"catalogoProdottoItem\">\n<div class=\"catalogoProdottoImg\">\n<div class=\"catalogoProdottoImgBox\"><a class=\"paginaProdottoLink catalogoProdottoImgBoxLink\" href=\"https:\/\/www.kayaksport.it\/it\/ergo4u.php\"><img loading=\"lazy\" decoding=\"async\" class=\"\" title=\"NASELLO REGOLABILE\" src=\"https:\/\/www.kayaksport.it\/Images\/Thumbnails\/ico_nasello-236-122-ResponsivoRect.jpg\" alt=\"NASELLO REGOLABILE\" width=\"199\" height=\"199\"><\/a><\/div>\n<\/div>\n<div class=\"ContenitoreDatiTecnologia\">\n<div class=\"catalogoProdottoNomeLink\"><strong>POMMELLE R\u00c9GLABLE<\/strong><\/div>\n<div class=\"catalogoProdottoDescrizione\">\n<p>Combinaison de \u00ab TERMINAUX R\u00c9GLABLES \u00bb et de \u00ab POMMELLE R\u00c9GLABLE \u00bb<\/p>\n<p>La technologie ergo4U offre un confort maximal \u00e0 l&#8217;athl\u00e8te, en \u00e9vitant toute g\u00eane sous le casque ou toute friction dans la cavit\u00e9 nasale. Pour les sports d&#8217;hiver, ergo4U garantit \u00e9galement une bande \u00e9lastique sp\u00e9ciale et une mousse interne pour emp\u00eacher le passage de l&#8217;air.<\/p>\n<\/div>\n<\/div>\n<\/div>\n<\/div>\n<div id=\"idBoxProdotto_widgetCorrelazioni_20\" class=\"catalogoProdottoObject TipoScheda_SchedaTecnologia\" data-id=\"20\" data-prezzo=\"0\">\n<div class=\"catalogoProdottoItem\">\n<div class=\"catalogoProdottoImg\">\n<div class=\"catalogoProdottoImgBox\"><a class=\"paginaProdottoLink catalogoProdottoImgBoxLink\" href=\"https:\/\/www.kayaksport.it\/it\/kayacool.php\"><img loading=\"lazy\" decoding=\"async\" class=\"\" title=\"VENTILAZIONE PERMANENTE\" src=\"https:\/\/www.kayaksport.it\/Images\/Thumbnails\/ico_ventilazione_permanente-237-129-ResponsivoRect.jpg\" alt=\"VENTILAZIONE PERMANENTE\" width=\"197\" height=\"197\"><\/a><\/div>\n<\/div>\n<div class=\"ContenitoreDatiTecnologia\">\n<div class=\"catalogoProdottoNomeLink\"><strong>VENTILATION PERMANENTE<\/strong><\/div>\n<div class=\"catalogoProdottoDescrizione\">\n<p>La technologie kayaCOOL est pr\u00e9sente dans un nombre extr\u00eamement restreint de montures : elle garantit une ventilation permanente, tr\u00e8s utile dans les sports d&#8217;endurance, et permet \u00e9galement de r\u00e9duire consid\u00e9rablement le poids de la monture !<\/p>\n<\/div>\n<\/div>\n<\/div>\n<\/div>\n<div id=\"idBoxProdotto_widgetCorrelazioni_21\" class=\"catalogoProdottoObject TipoScheda_SchedaTecnologia\" data-id=\"21\" data-prezzo=\"0\">\n<div class=\"catalogoProdottoItem\">\n<div class=\"catalogoProdottoImg\">\n<div class=\"catalogoProdottoImgBox\"><a class=\"paginaProdottoLink catalogoProdottoImgBoxLink\" href=\"https:\/\/www.kayaksport.it\/it\/aste-regolabili.php\"><img loading=\"lazy\" decoding=\"async\" class=\"\" title=\"Aste regolabili\" src=\"https:\/\/www.kayaksport.it\/Images\/Thumbnails\/ico_aste_regolabili-238-115-ResponsivoRect.jpg\" alt=\"Aste regolabili\" width=\"198\" height=\"198\"><\/a><\/div>\n<\/div>\n<div class=\"ContenitoreDatiTecnologia\">\n<div class=\"catalogoProdottoNomeLink\"><strong>Branches r\u00e9glables<\/strong><\/div>\n<div class=\"catalogoProdottoDescrizione\">\n<p>Les branches peuvent \u00eatre r\u00e9gl\u00e9es pour un ajustement parfait et un excellent maintien, d&#8217;une simple pression.<\/p>\n<\/div>\n<\/div>\n<\/div>\n<\/div>\n<div id=\"idBoxProdotto_widgetCorrelazioni_23\" class=\"catalogoProdottoObject TipoScheda_SchedaTecnologia\" data-id=\"23\" data-prezzo=\"0\">\n<div class=\"catalogoProdottoItem\">\n<div class=\"catalogoProdottoImg\">\n<div class=\"catalogoProdottoImgBox\"><a class=\"paginaProdottoLink catalogoProdottoImgBoxLink\" href=\"https:\/\/www.kayaksport.it\/it\/protezione-raggi-uv.php\"><img loading=\"lazy\" decoding=\"async\" class=\"\" title=\"Protezione raggi UV\" src=\"https:\/\/www.kayaksport.it\/Images\/Thumbnails\/ico_UV-273-128-ResponsivoRect.jpg\" alt=\"Protezione raggi UV\" width=\"198\" height=\"198\"><\/a><\/div>\n<\/div>\n<div class=\"ContenitoreDatiTecnologia\">\n<div class=\"catalogoProdottoNomeLink\"><strong>Protection contre les rayons UV<\/strong><\/div>\n<div><\/div>\n<div class=\"catalogoProdottoDescrizione\">\n<div>Les lunettes de soleil ne sont pas seulement un accessoire esth\u00e9tique, elles ont \u00e9galement pour but de prot\u00e9ger les yeux humains de l&#8217;exposition aux rayons UV. Une exposition excessive \u00e0 ces rayons peut provoquer, \u00e0 court ou \u00e0 long terme, des maladies et des troubles tels que la photok\u00e9ratite, la cataracte et diverses formes de cancer. Dans le domaine m\u00e9dical, de nombreux experts soulignent l&#8217;importance des lunettes pour assurer une <strong>protection ad\u00e9quate contre les rayons UV.<\/strong><\/div>\n<div>Ces derni\u00e8res ann\u00e9es, des \u00e9tudes ont montr\u00e9 que les rayons HVB (lumi\u00e8re bleue) peuvent \u00e9galement causer des dommages aux yeux humains, tels que la d\u00e9g\u00e9n\u00e9rescence maculaire. Les enfants et les personnes \u00e2g\u00e9es sont les plus susceptibles d&#8217;en souffrir, c&#8217;est pourquoi les entreprises ont commenc\u00e9 \u00e0 produire des lunettes capables d&#8217;assurer une protection efficace contre les rayons HVB.\n<\/div>\n<\/div>\n<\/div>\n<\/div>\n<\/div>\n<div id=\"idBoxProdotto_widgetCorrelazioni_136\" class=\"catalogoProdottoObject TipoScheda_SchedaTecnologia\" data-id=\"136\" data-prezzo=\"0\">\n<div class=\"catalogoProdottoItem\">\n<div class=\"catalogoProdottoImg\">\n<div class=\"catalogoProdottoImgBox\"><a class=\"paginaProdottoLink catalogoProdottoImgBoxLink\" href=\"https:\/\/www.kayaksport.it\/it\/lenti-fotocromatiche.php\"><img loading=\"lazy\" decoding=\"async\" class=\"\" title=\"LENTI FOTOCROMATICHE\" src=\"https:\/\/www.kayaksport.it\/Images\/Thumbnails\/lente-fotocromatica-483-ResponsivoRect.png\" alt=\"LENTI FOTOCROMATICHE\" width=\"199\" height=\"99\"><\/a><\/div>\n<\/div>\n<div class=\"ContenitoreDatiTecnologia\">\n<div class=\"catalogoProdottoNomeLink\"><strong>VERRES PHOTOCHROMIQUES<\/strong><\/div>\n<div><\/div>\n<div class=\"catalogoProdottoDescrizione\">Les verres photochromiques sont capables de changer de couleur en fonction des conditions lumineuses ext\u00e9rieures.<br \/>\nLe processus qui assombrit les verres est de nature chimico-physique. Les pigments chimiques utilis\u00e9s, lorsqu&#8217;ils re\u00e7oivent de la lumi\u00e8re, modifient leur structure en changeant de couleur et rendent ainsi les verres color\u00e9s. Plus la lumi\u00e8re est intense, plus les verres s&#8217;assombrissent. <\/div>\n<\/div>\n<\/div>\n<\/div>\n<\/div>\n<\/div>\n<\/div>\n<p><\/div><\/div><\/div>\n","protected":false},"excerpt":{"rendered":"<ul>\n<li>lentilles certifi\u00e9es<\/li>\n<li>protection contre les rayons UV<\/li>\n<li>design made in italy<\/li>\n<\/ul>\n","protected":false},"featured_media":338687,"template":"","meta":{"_acf_changed":false,"inline_featured_image":false},"product_brand":[],"product_cat":[22577,22538],"product_tag":[34077],"class_list":{"0":"post-320810","1":"product","2":"type-product","3":"status-publish","4":"has-post-thumbnail","6":"product_cat-lunettes","7":"product_cat-accessoires","8":"product_tag-kayak-fr","10":"first","11":"instock","12":"sale","13":"taxable","14":"shipping-taxable","15":"purchasable","16":"product-type-variable","17":"wvs-archive-product-wrapper"},"acf":[],"yoast_head":"<!-- This site is optimized with the Yoast SEO plugin v26.8 - https:\/\/yoast.com\/product\/yoast-seo-wordpress\/ -->\n<title>Kayak Lunette 2946 photochromique - Lunettes de course - MioMioRun.com<\/title>\n<meta name=\"description\" content=\"Lunettes 2946 photochromiques : masque de sport avec verres cat. 1-4 qui s&#039;adaptent \u00e0 la lumi\u00e8re. L\u00e9g\u00e8res et confortables, elles sont livr\u00e9es avec un \u00e9tui rigide.\" \/>\n<meta name=\"robots\" content=\"index, follow, max-snippet:-1, max-image-preview:large, max-video-preview:-1\" \/>\n<link rel=\"canonical\" href=\"https:\/\/www.miomiorun.com\/fr\/produit\/lunette-2946-photochromique\/\" \/>\n<meta property=\"og:locale\" content=\"fr_FR\" \/>\n<meta property=\"og:type\" content=\"article\" \/>\n<meta property=\"og:title\" content=\"Kayak Lunette 2946 photochromique - Lunettes de course - MioMioRun.com\" \/>\n<meta property=\"og:description\" content=\"Lunettes 2946 photochromiques : masque de sport avec verres cat. 1-4 qui s&#039;adaptent \u00e0 la lumi\u00e8re. L\u00e9g\u00e8res et confortables, elles sont livr\u00e9es avec un \u00e9tui rigide.\" \/>\n<meta property=\"og:url\" content=\"https:\/\/www.miomiorun.com\/fr\/produit\/lunette-2946-photochromique\/\" \/>\n<meta property=\"og:site_name\" content=\"MioMioRun\" \/>\n<meta property=\"article:publisher\" content=\"https:\/\/www.facebook.com\/miomiorun\/\" \/>\n<meta property=\"article:modified_time\" content=\"2025-12-09T09:43:39+00:00\" \/>\n<meta property=\"og:image\" content=\"https:\/\/www.miomiorun.com\/app\/uploads\/2025\/08\/kayak-Occhiale-2946-fotocromatico-nero-2946PHNE.webp\" \/>\n\t<meta property=\"og:image:width\" content=\"720\" \/>\n\t<meta property=\"og:image:height\" content=\"720\" \/>\n\t<meta property=\"og:image:type\" content=\"image\/webp\" \/>\n<meta name=\"twitter:card\" content=\"summary_large_image\" \/>\n<meta name=\"twitter:label1\" content=\"Est. reading time\" \/>\n\t<meta name=\"twitter:data1\" content=\"2 minutes\" \/>\n<script type=\"application\/ld+json\" class=\"yoast-schema-graph\">{\"@context\":\"https:\/\/schema.org\",\"@graph\":[{\"@type\":\"WebPage\",\"@id\":\"https:\/\/www.miomiorun.com\/fr\/produit\/lunette-2946-photochromique\/\",\"url\":\"https:\/\/www.miomiorun.com\/fr\/produit\/lunette-2946-photochromique\/\",\"name\":\"Kayak Lunette 2946 photochromique - Lunettes de course - MioMioRun.com\",\"isPartOf\":{\"@id\":\"https:\/\/www.miomiorun.com\/fr\/#website\"},\"primaryImageOfPage\":{\"@id\":\"https:\/\/www.miomiorun.com\/fr\/produit\/lunette-2946-photochromique\/#primaryimage\"},\"image\":{\"@id\":\"https:\/\/www.miomiorun.com\/fr\/produit\/lunette-2946-photochromique\/#primaryimage\"},\"thumbnailUrl\":\"https:\/\/www.miomiorun.com\/app\/uploads\/2025\/08\/kayak-Occhiale-2946-fotocromatico-nero-2946PHNE.webp\",\"datePublished\":\"2025-06-26T08:36:30+00:00\",\"dateModified\":\"2025-12-09T09:43:39+00:00\",\"description\":\"Lunettes 2946 photochromiques : masque de sport avec verres cat. 1-4 qui s'adaptent \u00e0 la lumi\u00e8re. L\u00e9g\u00e8res et confortables, elles sont livr\u00e9es avec un \u00e9tui rigide.\",\"breadcrumb\":{\"@id\":\"https:\/\/www.miomiorun.com\/fr\/produit\/lunette-2946-photochromique\/#breadcrumb\"},\"inLanguage\":\"fr-FR\",\"potentialAction\":[{\"@type\":\"ReadAction\",\"target\":[\"https:\/\/www.miomiorun.com\/fr\/produit\/lunette-2946-photochromique\/\"]}]},{\"@type\":\"ImageObject\",\"inLanguage\":\"fr-FR\",\"@id\":\"https:\/\/www.miomiorun.com\/fr\/produit\/lunette-2946-photochromique\/#primaryimage\",\"url\":\"https:\/\/www.miomiorun.com\/app\/uploads\/2025\/08\/kayak-Occhiale-2946-fotocromatico-nero-2946PHNE.webp\",\"contentUrl\":\"https:\/\/www.miomiorun.com\/app\/uploads\/2025\/08\/kayak-Occhiale-2946-fotocromatico-nero-2946PHNE.webp\",\"width\":720,\"height\":720,\"caption\":\"kayak Occhiale 2946 fotocromatico nero 2946PHNE\"},{\"@type\":\"BreadcrumbList\",\"@id\":\"https:\/\/www.miomiorun.com\/fr\/produit\/lunette-2946-photochromique\/#breadcrumb\",\"itemListElement\":[{\"@type\":\"ListItem\",\"position\":1,\"name\":\"Home\",\"item\":\"https:\/\/www.miomiorun.com\/fr\/home-page\/\"},{\"@type\":\"ListItem\",\"position\":2,\"name\":\"Shop\",\"item\":\"https:\/\/www.miomiorun.com\/shop\/\"},{\"@type\":\"ListItem\",\"position\":3,\"name\":\"Lunette 2946 photochromique\"}]},{\"@type\":\"WebSite\",\"@id\":\"https:\/\/www.miomiorun.com\/fr\/#website\",\"url\":\"https:\/\/www.miomiorun.com\/fr\/\",\"name\":\"MioMioRun\",\"description\":\"Boutique 100% running et trail\",\"publisher\":{\"@id\":\"https:\/\/www.miomiorun.com\/fr\/#organization\"},\"potentialAction\":[{\"@type\":\"SearchAction\",\"target\":{\"@type\":\"EntryPoint\",\"urlTemplate\":\"https:\/\/www.miomiorun.com\/fr\/?s={search_term_string}\"},\"query-input\":{\"@type\":\"PropertyValueSpecification\",\"valueRequired\":true,\"valueName\":\"search_term_string\"}}],\"inLanguage\":\"fr-FR\"},{\"@type\":\"Organization\",\"@id\":\"https:\/\/www.miomiorun.com\/fr\/#organization\",\"name\":\"MioMio Run\",\"url\":\"https:\/\/www.miomiorun.com\/fr\/\",\"logo\":{\"@type\":\"ImageObject\",\"inLanguage\":\"fr-FR\",\"@id\":\"https:\/\/www.miomiorun.com\/fr\/#\/schema\/logo\/image\/\",\"url\":\"https:\/\/www.miomiorun.com\/app\/uploads\/2019\/12\/logomio.png\",\"contentUrl\":\"https:\/\/www.miomiorun.com\/app\/uploads\/2019\/12\/logomio.png\",\"width\":115,\"height\":82,\"caption\":\"MioMio Run\"},\"image\":{\"@id\":\"https:\/\/www.miomiorun.com\/fr\/#\/schema\/logo\/image\/\"},\"sameAs\":[\"https:\/\/www.facebook.com\/miomiorun\/\",\"https:\/\/www.instagram.com\/miomiorun\/\"]}]}<\/script>\n<!-- \/ Yoast SEO plugin. -->","yoast_head_json":{"title":"Kayak Lunette 2946 photochromique - Lunettes de course - MioMioRun.com","description":"Lunettes 2946 photochromiques : masque de sport avec verres cat. 1-4 qui s'adaptent \u00e0 la lumi\u00e8re. L\u00e9g\u00e8res et confortables, elles sont livr\u00e9es avec un \u00e9tui rigide.","robots":{"index":"index","follow":"follow","max-snippet":"max-snippet:-1","max-image-preview":"max-image-preview:large","max-video-preview":"max-video-preview:-1"},"canonical":"https:\/\/www.miomiorun.com\/fr\/produit\/lunette-2946-photochromique\/","og_locale":"fr_FR","og_type":"article","og_title":"Kayak Lunette 2946 photochromique - Lunettes de course - MioMioRun.com","og_description":"Lunettes 2946 photochromiques : masque de sport avec verres cat. 1-4 qui s'adaptent \u00e0 la lumi\u00e8re. L\u00e9g\u00e8res et confortables, elles sont livr\u00e9es avec un \u00e9tui rigide.","og_url":"https:\/\/www.miomiorun.com\/fr\/produit\/lunette-2946-photochromique\/","og_site_name":"MioMioRun","article_publisher":"https:\/\/www.facebook.com\/miomiorun\/","article_modified_time":"2025-12-09T09:43:39+00:00","og_image":[{"width":720,"height":720,"url":"https:\/\/www.miomiorun.com\/app\/uploads\/2025\/08\/kayak-Occhiale-2946-fotocromatico-nero-2946PHNE.webp","type":"image\/webp"}],"twitter_card":"summary_large_image","twitter_misc":{"Est. reading time":"2 minutes"},"schema":{"@context":"https:\/\/schema.org","@graph":[{"@type":"WebPage","@id":"https:\/\/www.miomiorun.com\/fr\/produit\/lunette-2946-photochromique\/","url":"https:\/\/www.miomiorun.com\/fr\/produit\/lunette-2946-photochromique\/","name":"Kayak Lunette 2946 photochromique - Lunettes de course - MioMioRun.com","isPartOf":{"@id":"https:\/\/www.miomiorun.com\/fr\/#website"},"primaryImageOfPage":{"@id":"https:\/\/www.miomiorun.com\/fr\/produit\/lunette-2946-photochromique\/#primaryimage"},"image":{"@id":"https:\/\/www.miomiorun.com\/fr\/produit\/lunette-2946-photochromique\/#primaryimage"},"thumbnailUrl":"https:\/\/www.miomiorun.com\/app\/uploads\/2025\/08\/kayak-Occhiale-2946-fotocromatico-nero-2946PHNE.webp","datePublished":"2025-06-26T08:36:30+00:00","dateModified":"2025-12-09T09:43:39+00:00","description":"Lunettes 2946 photochromiques : masque de sport avec verres cat. 1-4 qui s'adaptent \u00e0 la lumi\u00e8re. L\u00e9g\u00e8res et confortables, elles sont livr\u00e9es avec un \u00e9tui rigide.","breadcrumb":{"@id":"https:\/\/www.miomiorun.com\/fr\/produit\/lunette-2946-photochromique\/#breadcrumb"},"inLanguage":"fr-FR","potentialAction":[{"@type":"ReadAction","target":["https:\/\/www.miomiorun.com\/fr\/produit\/lunette-2946-photochromique\/"]}]},{"@type":"ImageObject","inLanguage":"fr-FR","@id":"https:\/\/www.miomiorun.com\/fr\/produit\/lunette-2946-photochromique\/#primaryimage","url":"https:\/\/www.miomiorun.com\/app\/uploads\/2025\/08\/kayak-Occhiale-2946-fotocromatico-nero-2946PHNE.webp","contentUrl":"https:\/\/www.miomiorun.com\/app\/uploads\/2025\/08\/kayak-Occhiale-2946-fotocromatico-nero-2946PHNE.webp","width":720,"height":720,"caption":"kayak Occhiale 2946 fotocromatico nero 2946PHNE"},{"@type":"BreadcrumbList","@id":"https:\/\/www.miomiorun.com\/fr\/produit\/lunette-2946-photochromique\/#breadcrumb","itemListElement":[{"@type":"ListItem","position":1,"name":"Home","item":"https:\/\/www.miomiorun.com\/fr\/home-page\/"},{"@type":"ListItem","position":2,"name":"Shop","item":"https:\/\/www.miomiorun.com\/shop\/"},{"@type":"ListItem","position":3,"name":"Lunette 2946 photochromique"}]},{"@type":"WebSite","@id":"https:\/\/www.miomiorun.com\/fr\/#website","url":"https:\/\/www.miomiorun.com\/fr\/","name":"MioMioRun","description":"Boutique 100% running et trail","publisher":{"@id":"https:\/\/www.miomiorun.com\/fr\/#organization"},"potentialAction":[{"@type":"SearchAction","target":{"@type":"EntryPoint","urlTemplate":"https:\/\/www.miomiorun.com\/fr\/?s={search_term_string}"},"query-input":{"@type":"PropertyValueSpecification","valueRequired":true,"valueName":"search_term_string"}}],"inLanguage":"fr-FR"},{"@type":"Organization","@id":"https:\/\/www.miomiorun.com\/fr\/#organization","name":"MioMio Run","url":"https:\/\/www.miomiorun.com\/fr\/","logo":{"@type":"ImageObject","inLanguage":"fr-FR","@id":"https:\/\/www.miomiorun.com\/fr\/#\/schema\/logo\/image\/","url":"https:\/\/www.miomiorun.com\/app\/uploads\/2019\/12\/logomio.png","contentUrl":"https:\/\/www.miomiorun.com\/app\/uploads\/2019\/12\/logomio.png","width":115,"height":82,"caption":"MioMio Run"},"image":{"@id":"https:\/\/www.miomiorun.com\/fr\/#\/schema\/logo\/image\/"},"sameAs":["https:\/\/www.facebook.com\/miomiorun\/","https:\/\/www.instagram.com\/miomiorun\/"]}]}},"_links":{"self":[{"href":"https:\/\/www.miomiorun.com\/fr\/wp-json\/wp\/v2\/product\/320810","targetHints":{"allow":["GET"]}}],"collection":[{"href":"https:\/\/www.miomiorun.com\/fr\/wp-json\/wp\/v2\/product"}],"about":[{"href":"https:\/\/www.miomiorun.com\/fr\/wp-json\/wp\/v2\/types\/product"}],"wp:featuredmedia":[{"embeddable":true,"href":"https:\/\/www.miomiorun.com\/fr\/wp-json\/wp\/v2\/media\/338687"}],"wp:attachment":[{"href":"https:\/\/www.miomiorun.com\/fr\/wp-json\/wp\/v2\/media?parent=320810"}],"wp:term":[{"taxonomy":"product_brand","embeddable":true,"href":"https:\/\/www.miomiorun.com\/fr\/wp-json\/wp\/v2\/product_brand?post=320810"},{"taxonomy":"product_cat","embeddable":true,"href":"https:\/\/www.miomiorun.com\/fr\/wp-json\/wp\/v2\/product_cat?post=320810"},{"taxonomy":"product_tag","embeddable":true,"href":"https:\/\/www.miomiorun.com\/fr\/wp-json\/wp\/v2\/product_tag?post=320810"}],"curies":[{"name":"wp","href":"https:\/\/api.w.org\/{rel}","templated":true}]}}