{"id":320753,"date":"2025-06-25T10:25:57","date_gmt":"2025-06-25T08:25:57","guid":{"rendered":"https:\/\/miomiorun.com\/?post_type=product&#038;p=320753"},"modified":"2025-12-09T10:45:47","modified_gmt":"2025-12-09T09:45:47","slug":"lunette-3029","status":"publish","type":"product","link":"https:\/\/www.miomiorun.com\/fr\/produit\/lunette-3029\/","title":{"rendered":"Lunette 3029"},"content":{"rendered":"<div class=\"vc-row container\"><div class=\"vc-column\"><div class=\"vc-column-text\"><\/p>\n<div id=\"wdgProdDescrizione\">\n<div id=\"idProdottoCorpo_Catalogo222\" class=\"prodottoCorpo\">\n<h3>Une alliance entre l\u00e9g\u00e8ret\u00e9 et design !<br \/>\nVotre look est rehauss\u00e9 par ces lunettes polyvalentes et audacieuses. Les embouts moul\u00e9s sur les branches garantissent un confort maximal et une adh\u00e9rence sup\u00e9rieure, tandis que le pont nasal souple offre une meilleure adh\u00e9rence en cas de transpiration.<br \/>\nLes verres HD renforcent les couleurs, le contraste et les d\u00e9tails pour optimiser l&#8217;exp\u00e9rience visuelle.<br \/>\nDisponibles dans des couleurs exclusives s\u00e9lectionn\u00e9es, avec la possibilit\u00e9 de choisir les verres photochromiques que vous pr\u00e9f\u00e9rez : verres dor\u00e9s ou verres bleus. Vous pouvez changer les verres de n&#8217;importe quelle paire de lunettes, en les adaptant \u00e0 vos besoins visuels et \u00e0 votre style.<\/p>\n<h3>\u00c9tui rigide fourni.<\/p>\n<h2 class=\"CorrelazioniBoxProdottiIconeTitle\">Technologies :<\/p>\n<div id=\"catalogoProdottiIcone_\" class=\"catalogoProdottiElencoIcone catalogoProdottiElencoIconeSiProdotti \">\n<div id=\"idBoxProdotto_widgetCorrelazioni_19\" class=\"catalogoProdottoObject TipoScheda_SchedaTecnologia\" data-id=\"19\" data-prezzo=\"0\">\n<div class=\"catalogoProdottoItem\">\n<div class=\"catalogoProdottoImg\">\n<div class=\"catalogoProdottoImgBox\"><a class=\"paginaProdottoLink catalogoProdottoImgBoxLink\" href=\"https:\/\/www.kayaksport.it\/it\/lenswap.php\"><img loading=\"lazy\" decoding=\"async\" class=\"\" title=\"LENTI INTERCAMBIABILI\" src=\"https:\/\/www.kayaksport.it\/Images\/Thumbnails\/ico_lenti_intercambiabili-235-121-ResponsivoRect.jpg\" alt=\"LENTI INTERCAMBIABILI\" width=\"198\" height=\"198\"><\/a><\/div>\n<\/div>\n<div class=\"ContenitoreDatiTecnologia\">\n<div class=\"catalogoProdottoNomeLink\"><strong>VERRES INTERCHANGEABLES<\/strong><\/div>\n<div class=\"catalogoProdottoDescrizione\">\n<p>La technologie lenSWAP est utilis\u00e9e dans nos meilleures lunettes techniques : elle garantit l&#8217;utilisation de la monture choisie dans une large gamme de conditions climatiques, gr\u00e2ce au triple jeu de verres inclus dans l&#8217;emballage.<\/p>\n<p>Quelques gestes simples suffisent pour retirer et ins\u00e9rer les verres, m\u00eame pendant la course : avec lenSWAP, la m\u00e9t\u00e9o ne sera plus un probl\u00e8me pour vos yeux !<\/p>\n<\/div>\n<\/div>\n<\/div>\n<\/div>\n<div id=\"idBoxProdotto_widgetCorrelazioni_21\" class=\"catalogoProdottoObject TipoScheda_SchedaTecnologia\" data-id=\"21\" data-prezzo=\"0\">\n<div class=\"catalogoProdottoItem\">\n<div class=\"catalogoProdottoImg\">\n<div class=\"catalogoProdottoImgBox\"><a class=\"paginaProdottoLink catalogoProdottoImgBoxLink\" href=\"https:\/\/www.kayaksport.it\/it\/aste-regolabili.php\"><img loading=\"lazy\" decoding=\"async\" class=\"\" title=\"Aste regolabili\" src=\"https:\/\/www.kayaksport.it\/Images\/Thumbnails\/ico_aste_regolabili-238-115-ResponsivoRect.jpg\" alt=\"Aste regolabili\" width=\"198\" height=\"198\"><\/a><\/div>\n<\/div>\n<div class=\"ContenitoreDatiTecnologia\">\n<div class=\"catalogoProdottoNomeLink\"><strong>Branches r\u00e9glables<\/strong><\/div>\n<div class=\"catalogoProdottoDescrizione\">\n<p>Les branches peuvent \u00eatre r\u00e9gl\u00e9es pour un ajustement parfait et un excellent maintien, d&#8217;une simple pression.<\/p>\n<\/div>\n<\/div>\n<\/div>\n<\/div>\n<div id=\"idBoxProdotto_widgetCorrelazioni_23\" class=\"catalogoProdottoObject TipoScheda_SchedaTecnologia\" data-id=\"23\" data-prezzo=\"0\">\n<div class=\"catalogoProdottoItem\">\n<div class=\"catalogoProdottoImg\">\n<div class=\"catalogoProdottoImgBox\"><a class=\"paginaProdottoLink catalogoProdottoImgBoxLink\" href=\"https:\/\/www.kayaksport.it\/it\/protezione-raggi-uv.php\"><img loading=\"lazy\" decoding=\"async\" class=\"\" title=\"Protezione raggi UV\" src=\"https:\/\/www.kayaksport.it\/Images\/Thumbnails\/ico_UV-273-128-ResponsivoRect.jpg\" alt=\"Protezione raggi UV\" width=\"194\" height=\"194\"><\/a><\/div>\n<\/div>\n<div class=\"ContenitoreDatiTecnologia\">\n<div class=\"catalogoProdottoNomeLink\"><strong>Protection contre les rayons UV<\/strong><\/div>\n<div><\/div>\n<div class=\"catalogoProdottoDescrizione\">\n<div>Les lunettes de soleil ne sont pas seulement un accessoire esth\u00e9tique, elles ont pour but de prot\u00e9ger l&#8217;\u0153il humain de l&#8217;exposition aux rayons UV. Une exposition excessive \u00e0 ces rayons peut provoquer, \u00e0 court ou \u00e0 long terme, des maladies et des troubles tels que la photok\u00e9ratite, la cataracte et diverses formes de cancer. Dans le domaine m\u00e9dical, de nombreux experts soulignent l&#8217;importance des lunettes pour assurer une <strong>protection ad\u00e9quate contre les rayons UV.<\/strong><\/div>\n<div>Ces derni\u00e8res ann\u00e9es, des \u00e9tudes ont montr\u00e9 que les rayons HVB (lumi\u00e8re bleue) peuvent \u00e9galement causer des dommages \u00e0 l&#8217;\u0153il humain, tels que la d\u00e9g\u00e9n\u00e9rescence maculaire. Les enfants et les personnes \u00e2g\u00e9es sont les plus susceptibles d&#8217;en souffrir, c&#8217;est pourquoi les entreprises ont commenc\u00e9 \u00e0 produire des lunettes capables d&#8217;assurer une protection efficace contre les rayons HVB. <\/div>\n<\/div>\n<\/div>\n<\/div>\n<\/div>\n<\/div>\n<\/h2>\n<\/h3>\n<\/h3>\n<\/div>\n<\/div>\n<p><\/div><\/div><\/div>\n","protected":false},"excerpt":{"rendered":"<ul>\n<li>verres certifi\u00e9s<\/li>\n<li>protection contre les rayons UV<\/li>\n<li>design made in italy<\/li>\n<\/ul>\n","protected":false},"featured_media":338842,"template":"","meta":{"_acf_changed":false,"inline_featured_image":false},"product_brand":[],"product_cat":[22577,22538],"product_tag":[34077],"class_list":{"0":"post-320753","1":"product","2":"type-product","3":"status-publish","4":"has-post-thumbnail","6":"product_cat-lunettes","7":"product_cat-accessoires","8":"product_tag-kayak-fr","9":"pa_attivita-marcher","10":"pa_attivita-outdoor-fr","11":"pa_colore-occhiale-3029-avorio-lucido-fr","12":"pa_marca-kayak-fr","13":"pa_sesso-femme","14":"pa_sesso-homme","16":"first","17":"instock","18":"sale","19":"taxable","20":"shipping-taxable","21":"purchasable","22":"product-type-variable","23":"wvs-archive-product-wrapper"},"acf":[],"yoast_head":"<!-- This site is optimized with the Yoast SEO plugin v26.8 - https:\/\/yoast.com\/product\/yoast-seo-wordpress\/ -->\n<title>Kayak Lunette 3029 - Lunettes de course - MioMioRun.com<\/title>\n<meta name=\"description\" content=\"Lunettes 3029 l\u00e9g\u00e8res et au design audacieux, avec verres HD \u00e0 contraste \u00e9lev\u00e9, verres photochromiques, pont nasal souple et embouts moul\u00e9s pour plus de confort et une meilleure adh\u00e9rence.\" \/>\n<meta name=\"robots\" content=\"index, follow, max-snippet:-1, max-image-preview:large, max-video-preview:-1\" \/>\n<link rel=\"canonical\" href=\"https:\/\/www.miomiorun.com\/fr\/produit\/lunette-3029\/\" \/>\n<meta property=\"og:locale\" content=\"fr_FR\" \/>\n<meta property=\"og:type\" content=\"article\" \/>\n<meta property=\"og:title\" content=\"Kayak Lunette 3029 - Lunettes de course - MioMioRun.com\" \/>\n<meta property=\"og:description\" content=\"Lunettes 3029 l\u00e9g\u00e8res et au design audacieux, avec verres HD \u00e0 contraste \u00e9lev\u00e9, verres photochromiques, pont nasal souple et embouts moul\u00e9s pour plus de confort et une meilleure adh\u00e9rence.\" \/>\n<meta property=\"og:url\" content=\"https:\/\/www.miomiorun.com\/fr\/produit\/lunette-3029\/\" \/>\n<meta property=\"og:site_name\" content=\"MioMioRun\" \/>\n<meta property=\"article:publisher\" content=\"https:\/\/www.facebook.com\/miomiorun\/\" \/>\n<meta property=\"article:modified_time\" content=\"2025-12-09T09:45:47+00:00\" \/>\n<meta property=\"og:image\" content=\"https:\/\/www.miomiorun.com\/app\/uploads\/2025\/08\/kayak-Occhiale-3029-rosso-opaco-3029RO.webp\" \/>\n\t<meta property=\"og:image:width\" content=\"720\" \/>\n\t<meta property=\"og:image:height\" content=\"720\" \/>\n\t<meta property=\"og:image:type\" content=\"image\/webp\" \/>\n<meta name=\"twitter:card\" content=\"summary_large_image\" \/>\n<meta name=\"twitter:label1\" content=\"Est. reading time\" \/>\n\t<meta name=\"twitter:data1\" content=\"2 minutes\" \/>\n<script type=\"application\/ld+json\" class=\"yoast-schema-graph\">{\"@context\":\"https:\/\/schema.org\",\"@graph\":[{\"@type\":\"WebPage\",\"@id\":\"https:\/\/www.miomiorun.com\/fr\/produit\/lunette-3029\/\",\"url\":\"https:\/\/www.miomiorun.com\/fr\/produit\/lunette-3029\/\",\"name\":\"Kayak Lunette 3029 - Lunettes de course - MioMioRun.com\",\"isPartOf\":{\"@id\":\"https:\/\/www.miomiorun.com\/fr\/#website\"},\"primaryImageOfPage\":{\"@id\":\"https:\/\/www.miomiorun.com\/fr\/produit\/lunette-3029\/#primaryimage\"},\"image\":{\"@id\":\"https:\/\/www.miomiorun.com\/fr\/produit\/lunette-3029\/#primaryimage\"},\"thumbnailUrl\":\"https:\/\/www.miomiorun.com\/app\/uploads\/2025\/08\/kayak-Occhiale-3029-rosso-opaco-3029RO.webp\",\"datePublished\":\"2025-06-25T08:25:57+00:00\",\"dateModified\":\"2025-12-09T09:45:47+00:00\",\"description\":\"Lunettes 3029 l\u00e9g\u00e8res et au design audacieux, avec verres HD \u00e0 contraste \u00e9lev\u00e9, verres photochromiques, pont nasal souple et embouts moul\u00e9s pour plus de confort et une meilleure adh\u00e9rence.\",\"breadcrumb\":{\"@id\":\"https:\/\/www.miomiorun.com\/fr\/produit\/lunette-3029\/#breadcrumb\"},\"inLanguage\":\"fr-FR\",\"potentialAction\":[{\"@type\":\"ReadAction\",\"target\":[\"https:\/\/www.miomiorun.com\/fr\/produit\/lunette-3029\/\"]}]},{\"@type\":\"ImageObject\",\"inLanguage\":\"fr-FR\",\"@id\":\"https:\/\/www.miomiorun.com\/fr\/produit\/lunette-3029\/#primaryimage\",\"url\":\"https:\/\/www.miomiorun.com\/app\/uploads\/2025\/08\/kayak-Occhiale-3029-rosso-opaco-3029RO.webp\",\"contentUrl\":\"https:\/\/www.miomiorun.com\/app\/uploads\/2025\/08\/kayak-Occhiale-3029-rosso-opaco-3029RO.webp\",\"width\":720,\"height\":720,\"caption\":\"kayak Occhiale 3029 rosso opaco 3029RO\"},{\"@type\":\"BreadcrumbList\",\"@id\":\"https:\/\/www.miomiorun.com\/fr\/produit\/lunette-3029\/#breadcrumb\",\"itemListElement\":[{\"@type\":\"ListItem\",\"position\":1,\"name\":\"Home\",\"item\":\"https:\/\/www.miomiorun.com\/fr\/home-page\/\"},{\"@type\":\"ListItem\",\"position\":2,\"name\":\"Shop\",\"item\":\"https:\/\/www.miomiorun.com\/shop\/\"},{\"@type\":\"ListItem\",\"position\":3,\"name\":\"Lunette 3029\"}]},{\"@type\":\"WebSite\",\"@id\":\"https:\/\/www.miomiorun.com\/fr\/#website\",\"url\":\"https:\/\/www.miomiorun.com\/fr\/\",\"name\":\"MioMioRun\",\"description\":\"Boutique 100% running et trail\",\"publisher\":{\"@id\":\"https:\/\/www.miomiorun.com\/fr\/#organization\"},\"potentialAction\":[{\"@type\":\"SearchAction\",\"target\":{\"@type\":\"EntryPoint\",\"urlTemplate\":\"https:\/\/www.miomiorun.com\/fr\/?s={search_term_string}\"},\"query-input\":{\"@type\":\"PropertyValueSpecification\",\"valueRequired\":true,\"valueName\":\"search_term_string\"}}],\"inLanguage\":\"fr-FR\"},{\"@type\":\"Organization\",\"@id\":\"https:\/\/www.miomiorun.com\/fr\/#organization\",\"name\":\"MioMio Run\",\"url\":\"https:\/\/www.miomiorun.com\/fr\/\",\"logo\":{\"@type\":\"ImageObject\",\"inLanguage\":\"fr-FR\",\"@id\":\"https:\/\/www.miomiorun.com\/fr\/#\/schema\/logo\/image\/\",\"url\":\"https:\/\/www.miomiorun.com\/app\/uploads\/2019\/12\/logomio.png\",\"contentUrl\":\"https:\/\/www.miomiorun.com\/app\/uploads\/2019\/12\/logomio.png\",\"width\":115,\"height\":82,\"caption\":\"MioMio Run\"},\"image\":{\"@id\":\"https:\/\/www.miomiorun.com\/fr\/#\/schema\/logo\/image\/\"},\"sameAs\":[\"https:\/\/www.facebook.com\/miomiorun\/\",\"https:\/\/www.instagram.com\/miomiorun\/\"]}]}<\/script>\n<!-- \/ Yoast SEO plugin. -->","yoast_head_json":{"title":"Kayak Lunette 3029 - Lunettes de course - MioMioRun.com","description":"Lunettes 3029 l\u00e9g\u00e8res et au design audacieux, avec verres HD \u00e0 contraste \u00e9lev\u00e9, verres photochromiques, pont nasal souple et embouts moul\u00e9s pour plus de confort et une meilleure adh\u00e9rence.","robots":{"index":"index","follow":"follow","max-snippet":"max-snippet:-1","max-image-preview":"max-image-preview:large","max-video-preview":"max-video-preview:-1"},"canonical":"https:\/\/www.miomiorun.com\/fr\/produit\/lunette-3029\/","og_locale":"fr_FR","og_type":"article","og_title":"Kayak Lunette 3029 - Lunettes de course - MioMioRun.com","og_description":"Lunettes 3029 l\u00e9g\u00e8res et au design audacieux, avec verres HD \u00e0 contraste \u00e9lev\u00e9, verres photochromiques, pont nasal souple et embouts moul\u00e9s pour plus de confort et une meilleure adh\u00e9rence.","og_url":"https:\/\/www.miomiorun.com\/fr\/produit\/lunette-3029\/","og_site_name":"MioMioRun","article_publisher":"https:\/\/www.facebook.com\/miomiorun\/","article_modified_time":"2025-12-09T09:45:47+00:00","og_image":[{"width":720,"height":720,"url":"https:\/\/www.miomiorun.com\/app\/uploads\/2025\/08\/kayak-Occhiale-3029-rosso-opaco-3029RO.webp","type":"image\/webp"}],"twitter_card":"summary_large_image","twitter_misc":{"Est. reading time":"2 minutes"},"schema":{"@context":"https:\/\/schema.org","@graph":[{"@type":"WebPage","@id":"https:\/\/www.miomiorun.com\/fr\/produit\/lunette-3029\/","url":"https:\/\/www.miomiorun.com\/fr\/produit\/lunette-3029\/","name":"Kayak Lunette 3029 - Lunettes de course - MioMioRun.com","isPartOf":{"@id":"https:\/\/www.miomiorun.com\/fr\/#website"},"primaryImageOfPage":{"@id":"https:\/\/www.miomiorun.com\/fr\/produit\/lunette-3029\/#primaryimage"},"image":{"@id":"https:\/\/www.miomiorun.com\/fr\/produit\/lunette-3029\/#primaryimage"},"thumbnailUrl":"https:\/\/www.miomiorun.com\/app\/uploads\/2025\/08\/kayak-Occhiale-3029-rosso-opaco-3029RO.webp","datePublished":"2025-06-25T08:25:57+00:00","dateModified":"2025-12-09T09:45:47+00:00","description":"Lunettes 3029 l\u00e9g\u00e8res et au design audacieux, avec verres HD \u00e0 contraste \u00e9lev\u00e9, verres photochromiques, pont nasal souple et embouts moul\u00e9s pour plus de confort et une meilleure adh\u00e9rence.","breadcrumb":{"@id":"https:\/\/www.miomiorun.com\/fr\/produit\/lunette-3029\/#breadcrumb"},"inLanguage":"fr-FR","potentialAction":[{"@type":"ReadAction","target":["https:\/\/www.miomiorun.com\/fr\/produit\/lunette-3029\/"]}]},{"@type":"ImageObject","inLanguage":"fr-FR","@id":"https:\/\/www.miomiorun.com\/fr\/produit\/lunette-3029\/#primaryimage","url":"https:\/\/www.miomiorun.com\/app\/uploads\/2025\/08\/kayak-Occhiale-3029-rosso-opaco-3029RO.webp","contentUrl":"https:\/\/www.miomiorun.com\/app\/uploads\/2025\/08\/kayak-Occhiale-3029-rosso-opaco-3029RO.webp","width":720,"height":720,"caption":"kayak Occhiale 3029 rosso opaco 3029RO"},{"@type":"BreadcrumbList","@id":"https:\/\/www.miomiorun.com\/fr\/produit\/lunette-3029\/#breadcrumb","itemListElement":[{"@type":"ListItem","position":1,"name":"Home","item":"https:\/\/www.miomiorun.com\/fr\/home-page\/"},{"@type":"ListItem","position":2,"name":"Shop","item":"https:\/\/www.miomiorun.com\/shop\/"},{"@type":"ListItem","position":3,"name":"Lunette 3029"}]},{"@type":"WebSite","@id":"https:\/\/www.miomiorun.com\/fr\/#website","url":"https:\/\/www.miomiorun.com\/fr\/","name":"MioMioRun","description":"Boutique 100% running et trail","publisher":{"@id":"https:\/\/www.miomiorun.com\/fr\/#organization"},"potentialAction":[{"@type":"SearchAction","target":{"@type":"EntryPoint","urlTemplate":"https:\/\/www.miomiorun.com\/fr\/?s={search_term_string}"},"query-input":{"@type":"PropertyValueSpecification","valueRequired":true,"valueName":"search_term_string"}}],"inLanguage":"fr-FR"},{"@type":"Organization","@id":"https:\/\/www.miomiorun.com\/fr\/#organization","name":"MioMio Run","url":"https:\/\/www.miomiorun.com\/fr\/","logo":{"@type":"ImageObject","inLanguage":"fr-FR","@id":"https:\/\/www.miomiorun.com\/fr\/#\/schema\/logo\/image\/","url":"https:\/\/www.miomiorun.com\/app\/uploads\/2019\/12\/logomio.png","contentUrl":"https:\/\/www.miomiorun.com\/app\/uploads\/2019\/12\/logomio.png","width":115,"height":82,"caption":"MioMio Run"},"image":{"@id":"https:\/\/www.miomiorun.com\/fr\/#\/schema\/logo\/image\/"},"sameAs":["https:\/\/www.facebook.com\/miomiorun\/","https:\/\/www.instagram.com\/miomiorun\/"]}]}},"_links":{"self":[{"href":"https:\/\/www.miomiorun.com\/fr\/wp-json\/wp\/v2\/product\/320753","targetHints":{"allow":["GET"]}}],"collection":[{"href":"https:\/\/www.miomiorun.com\/fr\/wp-json\/wp\/v2\/product"}],"about":[{"href":"https:\/\/www.miomiorun.com\/fr\/wp-json\/wp\/v2\/types\/product"}],"wp:featuredmedia":[{"embeddable":true,"href":"https:\/\/www.miomiorun.com\/fr\/wp-json\/wp\/v2\/media\/338842"}],"wp:attachment":[{"href":"https:\/\/www.miomiorun.com\/fr\/wp-json\/wp\/v2\/media?parent=320753"}],"wp:term":[{"taxonomy":"product_brand","embeddable":true,"href":"https:\/\/www.miomiorun.com\/fr\/wp-json\/wp\/v2\/product_brand?post=320753"},{"taxonomy":"product_cat","embeddable":true,"href":"https:\/\/www.miomiorun.com\/fr\/wp-json\/wp\/v2\/product_cat?post=320753"},{"taxonomy":"product_tag","embeddable":true,"href":"https:\/\/www.miomiorun.com\/fr\/wp-json\/wp\/v2\/product_tag?post=320753"}],"curies":[{"name":"wp","href":"https:\/\/api.w.org\/{rel}","templated":true}]}}