{"id":320643,"date":"2025-06-24T10:34:34","date_gmt":"2025-06-24T08:34:34","guid":{"rendered":"https:\/\/miomiorun.com\/?post_type=product&#038;p=320643"},"modified":"2025-12-06T16:13:02","modified_gmt":"2025-12-06T15:13:02","slug":"lunettes-2984","status":"publish","type":"product","link":"https:\/\/www.miomiorun.com\/fr\/produit\/lunettes-2984\/","title":{"rendered":"Lunettes 2984"},"content":{"rendered":"<div class=\"vc-row container\"><div class=\"vc-column\"><div class=\"vc-column-text\"><\/p>\n<h3><span class=\"markedContent\"><span dir=\"ltr\" role=\"presentation\">Lunettes de sport incroyablement l\u00e9g\u00e8res et offrant une ventilation incomparable. <\/span><span dir=\"ltr\" role=\"presentation\">&nbsp;G<\/span><span dir=\"ltr\" role=\"presentation\">Gr\u00e2ce \u00e0 des verres plus profonds et plus larges, elles sont con\u00e7ues pour&nbsp;<\/span><span dir=\"ltr\" role=\"presentation\">am\u00e9liorer encore davantage le confort et les performances<\/span><span dir=\"ltr\" role=\"presentation\">.<\/p>\n<\/p>\n<p><\/span><\/span><\/h3>\n<h3>\u00c9tui rigide fourni.<\/h3>\n<h2 class=\"CorrelazioniBoxProdottiIconeTitle\">Technologies :<\/h2>\n<div id=\"catalogoProdottiIcone_\" class=\"catalogoProdottiElencoIcone catalogoProdottiElencoIconeSiProdotti \">\n<div id=\"idBoxProdotto_widgetCorrelazioni_20\" class=\"catalogoProdottoObject TipoScheda_SchedaTecnologia\" data-id=\"20\" data-prezzo=\"0\">\n<div class=\"catalogoProdottoItem\">\n<div class=\"catalogoProdottoImg\">\n<div class=\"catalogoProdottoImgBox\"><a class=\"paginaProdottoLink catalogoProdottoImgBoxLink\" href=\"https:\/\/www.kayaksport.it\/it\/kayacool.php\"><img loading=\"lazy\" decoding=\"async\" class=\"\" title=\"VENTILAZIONE PERMANENTE\" src=\"https:\/\/www.kayaksport.it\/Images\/Thumbnails\/ico_ventilazione_permanente-237-129-ResponsivoRect.jpg\" alt=\"VENTILAZIONE PERMANENTE\" width=\"198\" height=\"198\"><\/a><\/div>\n<\/div>\n<div class=\"ContenitoreDatiTecnologia\">\n<div class=\"catalogoProdottoNomeLink\"><strong>VENTILATION PERMANENTE<\/strong><\/div>\n<div class=\"catalogoProdottoDescrizione\">\n<p>La technologie kayaCOOL est pr\u00e9sente dans un nombre extr\u00eamement restreint de montures : elle garantit une ventilation permanente, tr\u00e8s utile dans les sports d&#8217;endurance, et permet \u00e9galement de r\u00e9duire consid\u00e9rablement le poids de la monture !<\/p>\n<\/div>\n<\/div>\n<\/div>\n<\/div>\n<div id=\"idBoxProdotto_widgetCorrelazioni_23\" class=\"catalogoProdottoObject TipoScheda_SchedaTecnologia\" data-id=\"23\" data-prezzo=\"0\">\n<div class=\"catalogoProdottoItem\">\n<div class=\"catalogoProdottoImg\">\n<div class=\"catalogoProdottoImgBox\"><a class=\"paginaProdottoLink catalogoProdottoImgBoxLink\" href=\"https:\/\/www.kayaksport.it\/it\/protezione-raggi-uv.php\"><img loading=\"lazy\" decoding=\"async\" class=\"\" title=\"Protezione raggi UV\" src=\"https:\/\/www.kayaksport.it\/Images\/Thumbnails\/ico_UV-273-128-ResponsivoRect.jpg\" alt=\"Protezione raggi UV\" width=\"199\" height=\"199\"><\/a><\/div>\n<\/div>\n<div class=\"ContenitoreDatiTecnologia\">\n<div class=\"catalogoProdottoNomeLink\"><strong>Protection contre les rayons UV<\/strong><\/div>\n<div class=\"catalogoProdottoDescrizione\">\n<div><\/div>\n<div>Les lunettes de soleil ne sont pas seulement un accessoire esth\u00e9tique, elles ont \u00e9galement pour but de prot\u00e9ger les yeux humains de l&#8217;exposition aux rayons UV. Une exposition excessive \u00e0 ces rayons peut provoquer, \u00e0 court ou \u00e0 long terme, des maladies et des troubles tels que la photok\u00e9ratite, la cataracte et diverses formes de cancer. Dans le domaine m\u00e9dical, de nombreux experts soulignent l&#8217;importance des lunettes pour assurer une <strong>protection ad\u00e9quate contre les rayons UV.<\/strong><\/div>\n<div>Ces derni\u00e8res ann\u00e9es, des \u00e9tudes ont montr\u00e9 que les rayons HVB (lumi\u00e8re bleue) peuvent \u00e9galement causer des dommages \u00e0 l&#8217;\u0153il humain, tels que la d\u00e9g\u00e9n\u00e9rescence maculaire. Les enfants et les personnes \u00e2g\u00e9es sont les plus susceptibles d&#8217;en souffrir, c&#8217;est pourquoi les entreprises ont commenc\u00e9 \u00e0 produire des lunettes capables d&#8217;assurer une protection efficace contre les rayons HVB. <\/div>\n<\/div>\n<\/div>\n<\/div>\n<\/div>\n<\/div>\n<p><\/div><\/div><\/div>\n","protected":false},"excerpt":{"rendered":"<ul>\n<li>Lunettes id\u00e9ales pour un usage quotidien.<\/li>\n<li>Verres 100 % anti-UV pour bloquer tous les rayons lumineux nocifs.<\/li>\n<\/ul>\n","protected":false},"featured_media":338742,"template":"","meta":{"_acf_changed":false,"inline_featured_image":false},"product_brand":[],"product_cat":[22577,22538],"product_tag":[34077],"class_list":{"0":"post-320643","1":"product","2":"type-product","3":"status-publish","4":"has-post-thumbnail","6":"product_cat-lunettes","7":"product_cat-accessoires","8":"product_tag-kayak-fr","10":"first","11":"instock","12":"taxable","13":"shipping-taxable","14":"purchasable","15":"product-type-variable","16":"wvs-archive-product-wrapper"},"acf":[],"yoast_head":"<!-- This site is optimized with the Yoast SEO plugin v26.8 - https:\/\/yoast.com\/product\/yoast-seo-wordpress\/ -->\n<title>Kayak Lunettes 2984 - Lunettes de course - MioMioRun.com<\/title>\n<meta name=\"description\" content=\"Lunettes de sport Kayak 2984 ultral\u00e9g\u00e8res et ventil\u00e9es, avec large \u00e9cran pour une visibilit\u00e9 et un confort maximum. Id\u00e9ales pour les performances de haut niveau.\" \/>\n<meta name=\"robots\" content=\"index, follow, max-snippet:-1, max-image-preview:large, max-video-preview:-1\" \/>\n<link rel=\"canonical\" href=\"https:\/\/www.miomiorun.com\/fr\/produit\/lunettes-2984\/\" \/>\n<meta property=\"og:locale\" content=\"fr_FR\" \/>\n<meta property=\"og:type\" content=\"article\" \/>\n<meta property=\"og:title\" content=\"Kayak Lunettes 2984 - Lunettes de course - MioMioRun.com\" \/>\n<meta property=\"og:description\" content=\"Lunettes de sport Kayak 2984 ultral\u00e9g\u00e8res et ventil\u00e9es, avec large \u00e9cran pour une visibilit\u00e9 et un confort maximum. Id\u00e9ales pour les performances de haut niveau.\" \/>\n<meta property=\"og:url\" content=\"https:\/\/www.miomiorun.com\/fr\/produit\/lunettes-2984\/\" \/>\n<meta property=\"og:site_name\" content=\"MioMioRun\" \/>\n<meta property=\"article:publisher\" content=\"https:\/\/www.facebook.com\/miomiorun\/\" \/>\n<meta property=\"article:modified_time\" content=\"2025-12-06T15:13:02+00:00\" \/>\n<meta property=\"og:image\" content=\"https:\/\/www.miomiorun.com\/app\/uploads\/2025\/08\/kayak-OCCHIALE-2984-BIANCO-2984BI.webp\" \/>\n\t<meta property=\"og:image:width\" content=\"720\" \/>\n\t<meta property=\"og:image:height\" content=\"720\" \/>\n\t<meta property=\"og:image:type\" content=\"image\/webp\" \/>\n<meta name=\"twitter:card\" content=\"summary_large_image\" \/>\n<meta name=\"twitter:label1\" content=\"Est. reading time\" \/>\n\t<meta name=\"twitter:data1\" content=\"1 minute\" \/>\n<script type=\"application\/ld+json\" class=\"yoast-schema-graph\">{\"@context\":\"https:\/\/schema.org\",\"@graph\":[{\"@type\":\"WebPage\",\"@id\":\"https:\/\/www.miomiorun.com\/fr\/produit\/lunettes-2984\/\",\"url\":\"https:\/\/www.miomiorun.com\/fr\/produit\/lunettes-2984\/\",\"name\":\"Kayak Lunettes 2984 - Lunettes de course - MioMioRun.com\",\"isPartOf\":{\"@id\":\"https:\/\/www.miomiorun.com\/fr\/#website\"},\"primaryImageOfPage\":{\"@id\":\"https:\/\/www.miomiorun.com\/fr\/produit\/lunettes-2984\/#primaryimage\"},\"image\":{\"@id\":\"https:\/\/www.miomiorun.com\/fr\/produit\/lunettes-2984\/#primaryimage\"},\"thumbnailUrl\":\"https:\/\/www.miomiorun.com\/app\/uploads\/2025\/08\/kayak-OCCHIALE-2984-BIANCO-2984BI.webp\",\"datePublished\":\"2025-06-24T08:34:34+00:00\",\"dateModified\":\"2025-12-06T15:13:02+00:00\",\"description\":\"Lunettes de sport Kayak 2984 ultral\u00e9g\u00e8res et ventil\u00e9es, avec large \u00e9cran pour une visibilit\u00e9 et un confort maximum. Id\u00e9ales pour les performances de haut niveau.\",\"breadcrumb\":{\"@id\":\"https:\/\/www.miomiorun.com\/fr\/produit\/lunettes-2984\/#breadcrumb\"},\"inLanguage\":\"fr-FR\",\"potentialAction\":[{\"@type\":\"ReadAction\",\"target\":[\"https:\/\/www.miomiorun.com\/fr\/produit\/lunettes-2984\/\"]}]},{\"@type\":\"ImageObject\",\"inLanguage\":\"fr-FR\",\"@id\":\"https:\/\/www.miomiorun.com\/fr\/produit\/lunettes-2984\/#primaryimage\",\"url\":\"https:\/\/www.miomiorun.com\/app\/uploads\/2025\/08\/kayak-OCCHIALE-2984-BIANCO-2984BI.webp\",\"contentUrl\":\"https:\/\/www.miomiorun.com\/app\/uploads\/2025\/08\/kayak-OCCHIALE-2984-BIANCO-2984BI.webp\",\"width\":720,\"height\":720,\"caption\":\"kayak OCCHIALE 2984 BIANCO 2984BI\"},{\"@type\":\"BreadcrumbList\",\"@id\":\"https:\/\/www.miomiorun.com\/fr\/produit\/lunettes-2984\/#breadcrumb\",\"itemListElement\":[{\"@type\":\"ListItem\",\"position\":1,\"name\":\"Home\",\"item\":\"https:\/\/www.miomiorun.com\/fr\/home-page\/\"},{\"@type\":\"ListItem\",\"position\":2,\"name\":\"Shop\",\"item\":\"https:\/\/www.miomiorun.com\/shop\/\"},{\"@type\":\"ListItem\",\"position\":3,\"name\":\"Lunettes 2984\"}]},{\"@type\":\"WebSite\",\"@id\":\"https:\/\/www.miomiorun.com\/fr\/#website\",\"url\":\"https:\/\/www.miomiorun.com\/fr\/\",\"name\":\"MioMioRun\",\"description\":\"Boutique 100% running et trail\",\"publisher\":{\"@id\":\"https:\/\/www.miomiorun.com\/fr\/#organization\"},\"potentialAction\":[{\"@type\":\"SearchAction\",\"target\":{\"@type\":\"EntryPoint\",\"urlTemplate\":\"https:\/\/www.miomiorun.com\/fr\/?s={search_term_string}\"},\"query-input\":{\"@type\":\"PropertyValueSpecification\",\"valueRequired\":true,\"valueName\":\"search_term_string\"}}],\"inLanguage\":\"fr-FR\"},{\"@type\":\"Organization\",\"@id\":\"https:\/\/www.miomiorun.com\/fr\/#organization\",\"name\":\"MioMio Run\",\"url\":\"https:\/\/www.miomiorun.com\/fr\/\",\"logo\":{\"@type\":\"ImageObject\",\"inLanguage\":\"fr-FR\",\"@id\":\"https:\/\/www.miomiorun.com\/fr\/#\/schema\/logo\/image\/\",\"url\":\"https:\/\/www.miomiorun.com\/app\/uploads\/2019\/12\/logomio.png\",\"contentUrl\":\"https:\/\/www.miomiorun.com\/app\/uploads\/2019\/12\/logomio.png\",\"width\":115,\"height\":82,\"caption\":\"MioMio Run\"},\"image\":{\"@id\":\"https:\/\/www.miomiorun.com\/fr\/#\/schema\/logo\/image\/\"},\"sameAs\":[\"https:\/\/www.facebook.com\/miomiorun\/\",\"https:\/\/www.instagram.com\/miomiorun\/\"]}]}<\/script>\n<!-- \/ Yoast SEO plugin. -->","yoast_head_json":{"title":"Kayak Lunettes 2984 - Lunettes de course - MioMioRun.com","description":"Lunettes de sport Kayak 2984 ultral\u00e9g\u00e8res et ventil\u00e9es, avec large \u00e9cran pour une visibilit\u00e9 et un confort maximum. Id\u00e9ales pour les performances de haut niveau.","robots":{"index":"index","follow":"follow","max-snippet":"max-snippet:-1","max-image-preview":"max-image-preview:large","max-video-preview":"max-video-preview:-1"},"canonical":"https:\/\/www.miomiorun.com\/fr\/produit\/lunettes-2984\/","og_locale":"fr_FR","og_type":"article","og_title":"Kayak Lunettes 2984 - Lunettes de course - MioMioRun.com","og_description":"Lunettes de sport Kayak 2984 ultral\u00e9g\u00e8res et ventil\u00e9es, avec large \u00e9cran pour une visibilit\u00e9 et un confort maximum. Id\u00e9ales pour les performances de haut niveau.","og_url":"https:\/\/www.miomiorun.com\/fr\/produit\/lunettes-2984\/","og_site_name":"MioMioRun","article_publisher":"https:\/\/www.facebook.com\/miomiorun\/","article_modified_time":"2025-12-06T15:13:02+00:00","og_image":[{"width":720,"height":720,"url":"https:\/\/www.miomiorun.com\/app\/uploads\/2025\/08\/kayak-OCCHIALE-2984-BIANCO-2984BI.webp","type":"image\/webp"}],"twitter_card":"summary_large_image","twitter_misc":{"Est. reading time":"1 minute"},"schema":{"@context":"https:\/\/schema.org","@graph":[{"@type":"WebPage","@id":"https:\/\/www.miomiorun.com\/fr\/produit\/lunettes-2984\/","url":"https:\/\/www.miomiorun.com\/fr\/produit\/lunettes-2984\/","name":"Kayak Lunettes 2984 - Lunettes de course - MioMioRun.com","isPartOf":{"@id":"https:\/\/www.miomiorun.com\/fr\/#website"},"primaryImageOfPage":{"@id":"https:\/\/www.miomiorun.com\/fr\/produit\/lunettes-2984\/#primaryimage"},"image":{"@id":"https:\/\/www.miomiorun.com\/fr\/produit\/lunettes-2984\/#primaryimage"},"thumbnailUrl":"https:\/\/www.miomiorun.com\/app\/uploads\/2025\/08\/kayak-OCCHIALE-2984-BIANCO-2984BI.webp","datePublished":"2025-06-24T08:34:34+00:00","dateModified":"2025-12-06T15:13:02+00:00","description":"Lunettes de sport Kayak 2984 ultral\u00e9g\u00e8res et ventil\u00e9es, avec large \u00e9cran pour une visibilit\u00e9 et un confort maximum. Id\u00e9ales pour les performances de haut niveau.","breadcrumb":{"@id":"https:\/\/www.miomiorun.com\/fr\/produit\/lunettes-2984\/#breadcrumb"},"inLanguage":"fr-FR","potentialAction":[{"@type":"ReadAction","target":["https:\/\/www.miomiorun.com\/fr\/produit\/lunettes-2984\/"]}]},{"@type":"ImageObject","inLanguage":"fr-FR","@id":"https:\/\/www.miomiorun.com\/fr\/produit\/lunettes-2984\/#primaryimage","url":"https:\/\/www.miomiorun.com\/app\/uploads\/2025\/08\/kayak-OCCHIALE-2984-BIANCO-2984BI.webp","contentUrl":"https:\/\/www.miomiorun.com\/app\/uploads\/2025\/08\/kayak-OCCHIALE-2984-BIANCO-2984BI.webp","width":720,"height":720,"caption":"kayak OCCHIALE 2984 BIANCO 2984BI"},{"@type":"BreadcrumbList","@id":"https:\/\/www.miomiorun.com\/fr\/produit\/lunettes-2984\/#breadcrumb","itemListElement":[{"@type":"ListItem","position":1,"name":"Home","item":"https:\/\/www.miomiorun.com\/fr\/home-page\/"},{"@type":"ListItem","position":2,"name":"Shop","item":"https:\/\/www.miomiorun.com\/shop\/"},{"@type":"ListItem","position":3,"name":"Lunettes 2984"}]},{"@type":"WebSite","@id":"https:\/\/www.miomiorun.com\/fr\/#website","url":"https:\/\/www.miomiorun.com\/fr\/","name":"MioMioRun","description":"Boutique 100% running et trail","publisher":{"@id":"https:\/\/www.miomiorun.com\/fr\/#organization"},"potentialAction":[{"@type":"SearchAction","target":{"@type":"EntryPoint","urlTemplate":"https:\/\/www.miomiorun.com\/fr\/?s={search_term_string}"},"query-input":{"@type":"PropertyValueSpecification","valueRequired":true,"valueName":"search_term_string"}}],"inLanguage":"fr-FR"},{"@type":"Organization","@id":"https:\/\/www.miomiorun.com\/fr\/#organization","name":"MioMio Run","url":"https:\/\/www.miomiorun.com\/fr\/","logo":{"@type":"ImageObject","inLanguage":"fr-FR","@id":"https:\/\/www.miomiorun.com\/fr\/#\/schema\/logo\/image\/","url":"https:\/\/www.miomiorun.com\/app\/uploads\/2019\/12\/logomio.png","contentUrl":"https:\/\/www.miomiorun.com\/app\/uploads\/2019\/12\/logomio.png","width":115,"height":82,"caption":"MioMio Run"},"image":{"@id":"https:\/\/www.miomiorun.com\/fr\/#\/schema\/logo\/image\/"},"sameAs":["https:\/\/www.facebook.com\/miomiorun\/","https:\/\/www.instagram.com\/miomiorun\/"]}]}},"_links":{"self":[{"href":"https:\/\/www.miomiorun.com\/fr\/wp-json\/wp\/v2\/product\/320643","targetHints":{"allow":["GET"]}}],"collection":[{"href":"https:\/\/www.miomiorun.com\/fr\/wp-json\/wp\/v2\/product"}],"about":[{"href":"https:\/\/www.miomiorun.com\/fr\/wp-json\/wp\/v2\/types\/product"}],"wp:featuredmedia":[{"embeddable":true,"href":"https:\/\/www.miomiorun.com\/fr\/wp-json\/wp\/v2\/media\/338742"}],"wp:attachment":[{"href":"https:\/\/www.miomiorun.com\/fr\/wp-json\/wp\/v2\/media?parent=320643"}],"wp:term":[{"taxonomy":"product_brand","embeddable":true,"href":"https:\/\/www.miomiorun.com\/fr\/wp-json\/wp\/v2\/product_brand?post=320643"},{"taxonomy":"product_cat","embeddable":true,"href":"https:\/\/www.miomiorun.com\/fr\/wp-json\/wp\/v2\/product_cat?post=320643"},{"taxonomy":"product_tag","embeddable":true,"href":"https:\/\/www.miomiorun.com\/fr\/wp-json\/wp\/v2\/product_tag?post=320643"}],"curies":[{"name":"wp","href":"https:\/\/api.w.org\/{rel}","templated":true}]}}