{"id":320494,"date":"2025-06-21T10:53:22","date_gmt":"2025-06-21T08:53:22","guid":{"rendered":"https:\/\/miomiorun.com\/?post_type=product&#038;p=320494"},"modified":"2025-12-06T16:18:32","modified_gmt":"2025-12-06T15:18:32","slug":"lunettes-3026","status":"publish","type":"product","link":"https:\/\/www.miomiorun.com\/fr\/produit\/lunettes-3026\/","title":{"rendered":"Lunettes 3026"},"content":{"rendered":"<div class=\"vc-row container\"><div class=\"vc-column\"><div class=\"vc-column-text\"><\/p>\n<div id=\"wdgProdDescrizione\">\n<div id=\"idProdottoCorpo_Catalogo229\" class=\"prodottoCorpo\">\n<h3>Masque enveloppant, avec embouts et pince-nez en silicone qui garantissent une bonne adh\u00e9rence au visage. Les prises d&#8217;air situ\u00e9es sur le front favorisent une bonne ventilation et emp\u00eachent la formation de condensation \u00e0 l&#8217;int\u00e9rieur des lunettes.<br \/>\n\u00c9galement \u00e9quip\u00e9 de branches \u00e0 la coupe particuli\u00e8re, qui favorisent un design innovant et distinctif. <\/h3>\n<div id=\"wdgCorrelazioni_WdgCode-CorrelazioniTecnologie\" class=\"WdgCode-CorrelazioniTecnologie\">\n<div id=\"CorrelazioniBoxProdottiIcone_SchedaTecnologia\" class=\"CorrelazioniBoxProdottiIcone\">\n<h2 class=\"CorrelazioniBoxProdottiIconeTitle\">Technologies :<\/h2>\n<div id=\"catalogoProdottiIcone_\" class=\"catalogoProdottiElencoIcone catalogoProdottiElencoIconeSiProdotti \">\n<div id=\"idBoxProdotto_widgetCorrelazioni_20\" class=\"catalogoProdottoObject TipoScheda_SchedaTecnologia\" data-id=\"20\" data-prezzo=\"0\">\n<div class=\"catalogoProdottoItem\">\n<div class=\"catalogoProdottoImg\">\n<div class=\"catalogoProdottoImgBox\"><a class=\"paginaProdottoLink catalogoProdottoImgBoxLink\" href=\"https:\/\/www.kayaksport.it\/it\/kayacool.php\"><img loading=\"lazy\" decoding=\"async\" class=\"\" title=\"VENTILAZIONE PERMANENTE\" src=\"https:\/\/www.kayaksport.it\/Images\/Thumbnails\/ico_ventilazione_permanente-237-129-ResponsivoRect.jpg\" alt=\"VENTILAZIONE PERMANENTE\" width=\"199\" height=\"199\"><\/a><\/div>\n<\/div>\n<div class=\"ContenitoreDatiTecnologia\">\n<div class=\"catalogoProdottoNomeLink\"><strong>VENTILATION PERMANENTE<\/strong><\/div>\n<div class=\"catalogoProdottoDescrizione\">\n<p>La technologie kayaCOOL est pr\u00e9sente dans un nombre extr\u00eamement restreint de montures : elle garantit une ventilation permanente, tr\u00e8s utile dans les sports d&#8217;endurance, et permet \u00e9galement de r\u00e9duire consid\u00e9rablement le poids de la monture !<\/p>\n<\/div>\n<\/div>\n<\/div>\n<\/div>\n<div id=\"idBoxProdotto_widgetCorrelazioni_23\" class=\"catalogoProdottoObject TipoScheda_SchedaTecnologia\" data-id=\"23\" data-prezzo=\"0\">\n<div class=\"catalogoProdottoItem\">\n<div class=\"catalogoProdottoImg\">\n<div class=\"catalogoProdottoImgBox\"><a class=\"paginaProdottoLink catalogoProdottoImgBoxLink\" href=\"https:\/\/www.kayaksport.it\/it\/protezione-raggi-uv.php\"><img loading=\"lazy\" decoding=\"async\" class=\"\" title=\"Protezione raggi UV\" src=\"https:\/\/www.kayaksport.it\/Images\/Thumbnails\/ico_UV-273-128-ResponsivoRect.jpg\" alt=\"Protezione raggi UV\" width=\"199\" height=\"199\"><\/a><\/div>\n<\/div>\n<div class=\"ContenitoreDatiTecnologia\">\n<div class=\"catalogoProdottoNomeLink\"><strong>Protection contre les rayons UV<\/strong><\/div>\n<div><\/div>\n<div class=\"catalogoProdottoDescrizione\">\n<div>Les lunettes de soleil ne sont pas seulement un accessoire esth\u00e9tique, elles ont \u00e9galement pour but de prot\u00e9ger l&#8217;\u0153il humain de l&#8217;exposition aux rayons UV. Une exposition excessive \u00e0 ces rayons peut provoquer, \u00e0 court ou \u00e0 long terme, des maladies et des troubles tels que la photok\u00e9ratite, la cataracte et diverses formes de cancer. Dans le domaine m\u00e9dical, de nombreux experts soulignent l&#8217;importance des lunettes pour assurer une <strong>protection ad\u00e9quate contre les rayons UV.<\/strong><\/div>\n<div>Ces derni\u00e8res ann\u00e9es, des \u00e9tudes ont montr\u00e9 que les rayons HVB (lumi\u00e8re bleue) peuvent \u00e9galement causer des dommages \u00e0 l&#8217;\u0153il humain, tels que la d\u00e9g\u00e9n\u00e9rescence maculaire. Les enfants et les personnes \u00e2g\u00e9es sont les plus susceptibles d&#8217;en souffrir, c&#8217;est pourquoi les entreprises ont commenc\u00e9 \u00e0 produire des lunettes capables d&#8217;assurer une protection efficace contre les rayons HVB. <\/div>\n<div><\/div>\n<\/div>\n<\/div>\n<\/div>\n<\/div>\n<div id=\"idBoxProdotto_widgetCorrelazioni_33\" class=\"catalogoProdottoObject TipoScheda_SchedaTecnologia\" data-id=\"33\" data-prezzo=\"0\">\n<div class=\"catalogoProdottoItem\">\n<div class=\"catalogoProdottoImg\">\n<div class=\"catalogoProdottoImgBox\"><a class=\"paginaProdottoLink catalogoProdottoImgBoxLink\" href=\"https:\/\/www.kayaksport.it\/it\/lente-antinebbia.php\"><img loading=\"lazy\" decoding=\"async\" class=\"\" title=\"Lente antifog\" src=\"https:\/\/www.kayaksport.it\/Images\/Thumbnails\/ico_antifog-264-114-ResponsivoRect.jpg\" alt=\"Lente antifog\" width=\"198\" height=\"198\"><\/a><\/div>\n<\/div>\n<div class=\"ContenitoreDatiTecnologia\">\n<div class=\"catalogoProdottoNomeLink\"><strong>Verres antibu\u00e9e<\/strong><\/div>\n<div><\/div>\n<div class=\"catalogoProdottoDescrizione\">Le traitement \u00ab antibu\u00e9e \u00bb appliqu\u00e9 sur les verres emp\u00eache la formation de condensation caus\u00e9e par la diff\u00e9rence de temp\u00e9rature entre l&#8217;ext\u00e9rieur et l&#8217;int\u00e9rieur, qui provoque g\u00e9n\u00e9ralement la formation de bu\u00e9e. <\/div>\n<\/div>\n<\/div>\n<\/div>\n<\/div>\n<\/div>\n<\/div>\n<\/div>\n<\/div>\n<p><\/div><\/div><\/div>\n","protected":false},"excerpt":{"rendered":"<ul>\n<li>lentilles certifi\u00e9es<\/li>\n<li>protection contre les UV<\/li>\n<li>design made in italy<\/li>\n<\/ul>\n","protected":false},"featured_media":338802,"template":"","meta":{"_acf_changed":false,"inline_featured_image":false},"product_brand":[],"product_cat":[22577,22538],"product_tag":[34077],"class_list":{"0":"post-320494","1":"product","2":"type-product","3":"status-publish","4":"has-post-thumbnail","6":"product_cat-lunettes","7":"product_cat-accessoires","8":"product_tag-kayak-fr","9":"pa_attivita-marcher","10":"pa_attivita-outdoor-fr","11":"pa_colore-occhiale-3026-bianco-fr","12":"pa_colore-occhiale-3026-nero-fr","13":"pa_marca-kayak-fr","14":"pa_sesso-femme","15":"pa_sesso-homme","17":"first","18":"instock","19":"sale","20":"taxable","21":"shipping-taxable","22":"purchasable","23":"product-type-variable","24":"wvs-archive-product-wrapper"},"acf":[],"yoast_head":"<!-- This site is optimized with the Yoast SEO plugin v26.8 - https:\/\/yoast.com\/product\/yoast-seo-wordpress\/ -->\n<title>Kayak Lunettes 3026 - Lunettes de course - MioMioRun.com<\/title>\n<meta name=\"description\" content=\"Lunettes de course 3026 enveloppantes avec pont nasal en silicone et prises d&#039;air frontales anti-bu\u00e9e. Confort, protection et design innovant pour chaque course.\" \/>\n<meta name=\"robots\" content=\"index, follow, max-snippet:-1, max-image-preview:large, max-video-preview:-1\" \/>\n<link rel=\"canonical\" href=\"https:\/\/www.miomiorun.com\/fr\/produit\/lunettes-3026\/\" \/>\n<meta property=\"og:locale\" content=\"fr_FR\" \/>\n<meta property=\"og:type\" content=\"article\" \/>\n<meta property=\"og:title\" content=\"Kayak Lunettes 3026 - Lunettes de course - MioMioRun.com\" \/>\n<meta property=\"og:description\" content=\"Lunettes de course 3026 enveloppantes avec pont nasal en silicone et prises d&#039;air frontales anti-bu\u00e9e. Confort, protection et design innovant pour chaque course.\" \/>\n<meta property=\"og:url\" content=\"https:\/\/www.miomiorun.com\/fr\/produit\/lunettes-3026\/\" \/>\n<meta property=\"og:site_name\" content=\"MioMioRun\" \/>\n<meta property=\"article:publisher\" content=\"https:\/\/www.facebook.com\/miomiorun\/\" \/>\n<meta property=\"article:modified_time\" content=\"2025-12-06T15:18:32+00:00\" \/>\n<meta property=\"og:image\" content=\"https:\/\/www.miomiorun.com\/app\/uploads\/2025\/08\/kayak-Occhiale-3026-verde-3026VE.webp\" \/>\n\t<meta property=\"og:image:width\" content=\"720\" \/>\n\t<meta property=\"og:image:height\" content=\"720\" \/>\n\t<meta property=\"og:image:type\" content=\"image\/webp\" \/>\n<meta name=\"twitter:card\" content=\"summary_large_image\" \/>\n<meta name=\"twitter:label1\" content=\"Est. reading time\" \/>\n\t<meta name=\"twitter:data1\" content=\"1 minute\" \/>\n<script type=\"application\/ld+json\" class=\"yoast-schema-graph\">{\"@context\":\"https:\/\/schema.org\",\"@graph\":[{\"@type\":\"WebPage\",\"@id\":\"https:\/\/www.miomiorun.com\/fr\/produit\/lunettes-3026\/\",\"url\":\"https:\/\/www.miomiorun.com\/fr\/produit\/lunettes-3026\/\",\"name\":\"Kayak Lunettes 3026 - Lunettes de course - MioMioRun.com\",\"isPartOf\":{\"@id\":\"https:\/\/www.miomiorun.com\/fr\/#website\"},\"primaryImageOfPage\":{\"@id\":\"https:\/\/www.miomiorun.com\/fr\/produit\/lunettes-3026\/#primaryimage\"},\"image\":{\"@id\":\"https:\/\/www.miomiorun.com\/fr\/produit\/lunettes-3026\/#primaryimage\"},\"thumbnailUrl\":\"https:\/\/www.miomiorun.com\/app\/uploads\/2025\/08\/kayak-Occhiale-3026-verde-3026VE.webp\",\"datePublished\":\"2025-06-21T08:53:22+00:00\",\"dateModified\":\"2025-12-06T15:18:32+00:00\",\"description\":\"Lunettes de course 3026 enveloppantes avec pont nasal en silicone et prises d'air frontales anti-bu\u00e9e. Confort, protection et design innovant pour chaque course.\",\"breadcrumb\":{\"@id\":\"https:\/\/www.miomiorun.com\/fr\/produit\/lunettes-3026\/#breadcrumb\"},\"inLanguage\":\"fr-FR\",\"potentialAction\":[{\"@type\":\"ReadAction\",\"target\":[\"https:\/\/www.miomiorun.com\/fr\/produit\/lunettes-3026\/\"]}]},{\"@type\":\"ImageObject\",\"inLanguage\":\"fr-FR\",\"@id\":\"https:\/\/www.miomiorun.com\/fr\/produit\/lunettes-3026\/#primaryimage\",\"url\":\"https:\/\/www.miomiorun.com\/app\/uploads\/2025\/08\/kayak-Occhiale-3026-verde-3026VE.webp\",\"contentUrl\":\"https:\/\/www.miomiorun.com\/app\/uploads\/2025\/08\/kayak-Occhiale-3026-verde-3026VE.webp\",\"width\":720,\"height\":720,\"caption\":\"kayak Occhiale 3026 verde 3026VE\"},{\"@type\":\"BreadcrumbList\",\"@id\":\"https:\/\/www.miomiorun.com\/fr\/produit\/lunettes-3026\/#breadcrumb\",\"itemListElement\":[{\"@type\":\"ListItem\",\"position\":1,\"name\":\"Home\",\"item\":\"https:\/\/www.miomiorun.com\/fr\/home-page\/\"},{\"@type\":\"ListItem\",\"position\":2,\"name\":\"Shop\",\"item\":\"https:\/\/www.miomiorun.com\/shop\/\"},{\"@type\":\"ListItem\",\"position\":3,\"name\":\"Lunettes 3026\"}]},{\"@type\":\"WebSite\",\"@id\":\"https:\/\/www.miomiorun.com\/fr\/#website\",\"url\":\"https:\/\/www.miomiorun.com\/fr\/\",\"name\":\"MioMioRun\",\"description\":\"Boutique 100% running et trail\",\"publisher\":{\"@id\":\"https:\/\/www.miomiorun.com\/fr\/#organization\"},\"potentialAction\":[{\"@type\":\"SearchAction\",\"target\":{\"@type\":\"EntryPoint\",\"urlTemplate\":\"https:\/\/www.miomiorun.com\/fr\/?s={search_term_string}\"},\"query-input\":{\"@type\":\"PropertyValueSpecification\",\"valueRequired\":true,\"valueName\":\"search_term_string\"}}],\"inLanguage\":\"fr-FR\"},{\"@type\":\"Organization\",\"@id\":\"https:\/\/www.miomiorun.com\/fr\/#organization\",\"name\":\"MioMio Run\",\"url\":\"https:\/\/www.miomiorun.com\/fr\/\",\"logo\":{\"@type\":\"ImageObject\",\"inLanguage\":\"fr-FR\",\"@id\":\"https:\/\/www.miomiorun.com\/fr\/#\/schema\/logo\/image\/\",\"url\":\"https:\/\/www.miomiorun.com\/app\/uploads\/2019\/12\/logomio.png\",\"contentUrl\":\"https:\/\/www.miomiorun.com\/app\/uploads\/2019\/12\/logomio.png\",\"width\":115,\"height\":82,\"caption\":\"MioMio Run\"},\"image\":{\"@id\":\"https:\/\/www.miomiorun.com\/fr\/#\/schema\/logo\/image\/\"},\"sameAs\":[\"https:\/\/www.facebook.com\/miomiorun\/\",\"https:\/\/www.instagram.com\/miomiorun\/\"]}]}<\/script>\n<!-- \/ Yoast SEO plugin. -->","yoast_head_json":{"title":"Kayak Lunettes 3026 - Lunettes de course - MioMioRun.com","description":"Lunettes de course 3026 enveloppantes avec pont nasal en silicone et prises d'air frontales anti-bu\u00e9e. Confort, protection et design innovant pour chaque course.","robots":{"index":"index","follow":"follow","max-snippet":"max-snippet:-1","max-image-preview":"max-image-preview:large","max-video-preview":"max-video-preview:-1"},"canonical":"https:\/\/www.miomiorun.com\/fr\/produit\/lunettes-3026\/","og_locale":"fr_FR","og_type":"article","og_title":"Kayak Lunettes 3026 - Lunettes de course - MioMioRun.com","og_description":"Lunettes de course 3026 enveloppantes avec pont nasal en silicone et prises d'air frontales anti-bu\u00e9e. Confort, protection et design innovant pour chaque course.","og_url":"https:\/\/www.miomiorun.com\/fr\/produit\/lunettes-3026\/","og_site_name":"MioMioRun","article_publisher":"https:\/\/www.facebook.com\/miomiorun\/","article_modified_time":"2025-12-06T15:18:32+00:00","og_image":[{"width":720,"height":720,"url":"https:\/\/www.miomiorun.com\/app\/uploads\/2025\/08\/kayak-Occhiale-3026-verde-3026VE.webp","type":"image\/webp"}],"twitter_card":"summary_large_image","twitter_misc":{"Est. reading time":"1 minute"},"schema":{"@context":"https:\/\/schema.org","@graph":[{"@type":"WebPage","@id":"https:\/\/www.miomiorun.com\/fr\/produit\/lunettes-3026\/","url":"https:\/\/www.miomiorun.com\/fr\/produit\/lunettes-3026\/","name":"Kayak Lunettes 3026 - Lunettes de course - MioMioRun.com","isPartOf":{"@id":"https:\/\/www.miomiorun.com\/fr\/#website"},"primaryImageOfPage":{"@id":"https:\/\/www.miomiorun.com\/fr\/produit\/lunettes-3026\/#primaryimage"},"image":{"@id":"https:\/\/www.miomiorun.com\/fr\/produit\/lunettes-3026\/#primaryimage"},"thumbnailUrl":"https:\/\/www.miomiorun.com\/app\/uploads\/2025\/08\/kayak-Occhiale-3026-verde-3026VE.webp","datePublished":"2025-06-21T08:53:22+00:00","dateModified":"2025-12-06T15:18:32+00:00","description":"Lunettes de course 3026 enveloppantes avec pont nasal en silicone et prises d'air frontales anti-bu\u00e9e. Confort, protection et design innovant pour chaque course.","breadcrumb":{"@id":"https:\/\/www.miomiorun.com\/fr\/produit\/lunettes-3026\/#breadcrumb"},"inLanguage":"fr-FR","potentialAction":[{"@type":"ReadAction","target":["https:\/\/www.miomiorun.com\/fr\/produit\/lunettes-3026\/"]}]},{"@type":"ImageObject","inLanguage":"fr-FR","@id":"https:\/\/www.miomiorun.com\/fr\/produit\/lunettes-3026\/#primaryimage","url":"https:\/\/www.miomiorun.com\/app\/uploads\/2025\/08\/kayak-Occhiale-3026-verde-3026VE.webp","contentUrl":"https:\/\/www.miomiorun.com\/app\/uploads\/2025\/08\/kayak-Occhiale-3026-verde-3026VE.webp","width":720,"height":720,"caption":"kayak Occhiale 3026 verde 3026VE"},{"@type":"BreadcrumbList","@id":"https:\/\/www.miomiorun.com\/fr\/produit\/lunettes-3026\/#breadcrumb","itemListElement":[{"@type":"ListItem","position":1,"name":"Home","item":"https:\/\/www.miomiorun.com\/fr\/home-page\/"},{"@type":"ListItem","position":2,"name":"Shop","item":"https:\/\/www.miomiorun.com\/shop\/"},{"@type":"ListItem","position":3,"name":"Lunettes 3026"}]},{"@type":"WebSite","@id":"https:\/\/www.miomiorun.com\/fr\/#website","url":"https:\/\/www.miomiorun.com\/fr\/","name":"MioMioRun","description":"Boutique 100% running et trail","publisher":{"@id":"https:\/\/www.miomiorun.com\/fr\/#organization"},"potentialAction":[{"@type":"SearchAction","target":{"@type":"EntryPoint","urlTemplate":"https:\/\/www.miomiorun.com\/fr\/?s={search_term_string}"},"query-input":{"@type":"PropertyValueSpecification","valueRequired":true,"valueName":"search_term_string"}}],"inLanguage":"fr-FR"},{"@type":"Organization","@id":"https:\/\/www.miomiorun.com\/fr\/#organization","name":"MioMio Run","url":"https:\/\/www.miomiorun.com\/fr\/","logo":{"@type":"ImageObject","inLanguage":"fr-FR","@id":"https:\/\/www.miomiorun.com\/fr\/#\/schema\/logo\/image\/","url":"https:\/\/www.miomiorun.com\/app\/uploads\/2019\/12\/logomio.png","contentUrl":"https:\/\/www.miomiorun.com\/app\/uploads\/2019\/12\/logomio.png","width":115,"height":82,"caption":"MioMio Run"},"image":{"@id":"https:\/\/www.miomiorun.com\/fr\/#\/schema\/logo\/image\/"},"sameAs":["https:\/\/www.facebook.com\/miomiorun\/","https:\/\/www.instagram.com\/miomiorun\/"]}]}},"_links":{"self":[{"href":"https:\/\/www.miomiorun.com\/fr\/wp-json\/wp\/v2\/product\/320494","targetHints":{"allow":["GET"]}}],"collection":[{"href":"https:\/\/www.miomiorun.com\/fr\/wp-json\/wp\/v2\/product"}],"about":[{"href":"https:\/\/www.miomiorun.com\/fr\/wp-json\/wp\/v2\/types\/product"}],"wp:featuredmedia":[{"embeddable":true,"href":"https:\/\/www.miomiorun.com\/fr\/wp-json\/wp\/v2\/media\/338802"}],"wp:attachment":[{"href":"https:\/\/www.miomiorun.com\/fr\/wp-json\/wp\/v2\/media?parent=320494"}],"wp:term":[{"taxonomy":"product_brand","embeddable":true,"href":"https:\/\/www.miomiorun.com\/fr\/wp-json\/wp\/v2\/product_brand?post=320494"},{"taxonomy":"product_cat","embeddable":true,"href":"https:\/\/www.miomiorun.com\/fr\/wp-json\/wp\/v2\/product_cat?post=320494"},{"taxonomy":"product_tag","embeddable":true,"href":"https:\/\/www.miomiorun.com\/fr\/wp-json\/wp\/v2\/product_tag?post=320494"}],"curies":[{"name":"wp","href":"https:\/\/api.w.org\/{rel}","templated":true}]}}