{"id":320243,"date":"2025-06-20T17:18:32","date_gmt":"2025-06-20T15:18:32","guid":{"rendered":"https:\/\/miomiorun.com\/?post_type=product&#038;p=320243"},"modified":"2025-12-06T18:54:38","modified_gmt":"2025-12-06T17:54:38","slug":"arahi-8-homme","status":"publish","type":"product","link":"https:\/\/www.miomiorun.com\/fr\/produit\/arahi-8-homme\/","title":{"rendered":"Arahi 8 homme"},"content":{"rendered":"<div class=\"vc-row container\"><div class=\"vc-column\"><div class=\"vc-column-text\"><\/p>\n<p><strong>Caract\u00e9ristiques techniques<\/strong><\/p>\n<p>Cat\u00e9gorie : Amorti structur\u00e9<br \/>\nD\u00e9calage : 8 mm<br \/>\nPoids : 276,00 <sup class=\"pl-1\">g<\/sup><\/p>\n<p>Id\u00e9al pour : les coureurs ayant tendance \u00e0 la pronation et recherchant une chaussure l\u00e9g\u00e8re et bien amortie, pour courir m\u00eame sur de longues distances.<br \/>\nPoids de l&#8217;athl\u00e8te : 65-75 kg<br \/>\nAllure de course : moyenne (5-6 min\/km)<br \/>\n<a href=\"https:\/\/miomiorun.com\/guida-alle-specifiche-tecniche\/\">Guide des sp\u00e9cifications techniques<\/a><\/p>\n<p><\/div><\/div><div class=\"vc-column\"><div class=\"vc-column-text\"><\/p>\n<p data-start=\"203\" data-end=\"265\"><strong data-start=\"203\" data-end=\"265\">Stabilit\u00e9 maximale. Aucun compromis sur le confort et le design.<\/strong><\/p>\n<p data-start=\"267\" data-end=\"559\">Si vous recherchez une chaussure qui offre soutien et contr\u00f4le sans alourdir votre foul\u00e9e, l&#8217;<strong data-start=\"347\" data-end=\"358\">Arahi 8<\/strong> est le choix id\u00e9al. Con\u00e7ue pour les coureurs qui ont besoin de stabilit\u00e9, mais ne veulent pas renoncer \u00e0 la l\u00e9g\u00e8ret\u00e9, \u00e0 l&#8217;\u00e9l\u00e9gance et \u00e0 la r\u00e9activit\u00e9, l&#8217;Arahi 8 repr\u00e9sente l&#8217;\u00e9volution de la course stable et fluide.<\/p>\n<p data-start=\"561\" data-end=\"583\"><strong data-start=\"561\" data-end=\"583\">Pourquoi la choisir ?<\/strong><\/p>\n<ul data-start=\"585\" data-end=\"1303\">\n<li data-start=\"585\" data-end=\"773\">\n<p data-start=\"587\" data-end=\"773\"><strong data-start=\"589\" data-end=\"623\">Technologie H-Frame\u2122 am\u00e9lior\u00e9e<\/strong> : le c\u0153ur de la stabilit\u00e9 Arahi. Elle soutient le pied \u00e0 chaque phase de la foul\u00e9e, en contrant l&#8217;hyperpronation de mani\u00e8re naturelle et sans contrainte. <\/p>\n<\/li>\n<li data-start=\"774\" data-end=\"977\">\n<p data-start=\"776\" data-end=\"977\"><strong data-start=\"778\" data-end=\"810\">Amorti intelligent<\/strong> : le nouveau m\u00e9lange EVA double densit\u00e9 offre une sensation de protection et de souplesse sous le pied, sans sacrifier la r\u00e9activit\u00e9 lorsque vous souhaitez acc\u00e9l\u00e9rer le rythme.\n<\/p>\n<\/li>\n<li data-start=\"978\" data-end=\"1158\">\n<p data-start=\"980\" data-end=\"1158\"><strong data-start=\"982\" data-end=\"1017\">Empeigne technique en mesh jacquard<\/strong> : confortable, respirante et fabriqu\u00e9e \u00e0 partir de mat\u00e9riaux recycl\u00e9s. Elle s&#8217;adapte au pied comme une seconde peau, avec un look \u00e9l\u00e9gant et moderne. <\/p>\n<\/li>\n<li data-start=\"1159\" data-end=\"1303\">\n<p data-start=\"1161\" data-end=\"1303\"><strong data-start=\"1163\" data-end=\"1184\">Design revisit\u00e9<\/strong> : nouvelle forme pour un meilleur ajustement, silhouette plus \u00e9lanc\u00e9e et semelle modulaire pour une transition fluide et naturelle. <\/p>\n<\/li>\n<\/ul>\n<p data-start=\"1305\" data-end=\"1336\"><strong data-start=\"1305\" data-end=\"1336\">Stabilit\u00e9 oui, mais avec style. <\/strong><\/p>\n<p data-start=\"1338\" data-end=\"1642\"><strong data-start=\"1338\" data-end=\"1349\">Arahi 8<\/strong> n&#8217;est pas seulement une chaussure de course stable. C&#8217;est une d\u00e9claration d&#8217;\u00e9quilibre entre performance, esth\u00e9tique et durabilit\u00e9. Id\u00e9ale pour les coureurs hyperpronateurs ou ceux qui recherchent un soutien suppl\u00e9mentaire sans rigidit\u00e9<\/p>\n<p><\/div><\/div><\/div>\n","protected":false},"excerpt":{"rendered":"<ul>\n<li>chaussure stable et amortissante<\/li>\n<li>chaussure id\u00e9ale pour les pronateurs<\/li>\n<\/ul>\n","protected":false},"featured_media":398123,"template":"","meta":{"_acf_changed":false,"inline_featured_image":false},"product_brand":[],"product_cat":[24448,24446],"product_tag":[23478,23604],"class_list":{"0":"post-320243","1":"product","2":"type-product","3":"status-publish","4":"has-post-thumbnail","6":"product_cat-chaussures-pour-hommes-fr","7":"product_cat-stables","8":"product_tag-hoka-one-one-fr","9":"product_tag-hoka-homme","10":"pa_attivita-marcher","11":"pa_attivita-running-fr","12":"pa_colore-arahi-8-cobalt-blue-neon-green","13":"pa_colore-arahi-8-neon-yuzu-neon-flame","14":"pa_marca-hoka-fr","15":"pa_sesso-homme","16":"pa_size-41-fr","17":"pa_size-42-fr","18":"pa_size-43-fr","19":"pa_size-44-fr","21":"pa_size-45-fr","22":"pa_size-46-fr","25":"first","26":"instock","27":"sale","28":"taxable","29":"shipping-taxable","30":"purchasable","31":"product-type-variable","32":"wvs-archive-product-wrapper"},"acf":[],"yoast_head":"<!-- This site is optimized with the Yoast SEO plugin v26.8 - https:\/\/yoast.com\/product\/yoast-seo-wordpress\/ -->\n<title>Hoka Arahi 8 homme - chaussures de course - MioMioRun .com<\/title>\n<meta name=\"description\" content=\"Arahi 8 : chaussure de course stable et l\u00e9g\u00e8re, dot\u00e9e de la technologie H-Frame\u2122 contre l&#039;hyperpronation. Confort, maintien et style pour vos courses sur route.\" \/>\n<meta name=\"robots\" content=\"index, follow, max-snippet:-1, max-image-preview:large, max-video-preview:-1\" \/>\n<link rel=\"canonical\" href=\"https:\/\/www.miomiorun.com\/fr\/produit\/arahi-8-homme\/\" \/>\n<meta property=\"og:locale\" content=\"fr_FR\" \/>\n<meta property=\"og:type\" content=\"article\" \/>\n<meta property=\"og:title\" content=\"Hoka Arahi 8 homme - chaussures de course - MioMioRun .com\" \/>\n<meta property=\"og:description\" content=\"Arahi 8 : chaussure de course stable et l\u00e9g\u00e8re, dot\u00e9e de la technologie H-Frame\u2122 contre l&#039;hyperpronation. Confort, maintien et style pour vos courses sur route.\" \/>\n<meta property=\"og:url\" content=\"https:\/\/www.miomiorun.com\/fr\/produit\/arahi-8-homme\/\" \/>\n<meta property=\"og:site_name\" content=\"MioMioRun\" \/>\n<meta property=\"article:publisher\" content=\"https:\/\/www.facebook.com\/miomiorun\/\" \/>\n<meta property=\"article:modified_time\" content=\"2025-12-06T17:54:38+00:00\" \/>\n<meta property=\"og:image\" content=\"https:\/\/www.miomiorun.com\/app\/uploads\/2026\/02\/hoka-Arahi-8-neon-yuzu-neon-flame-1168690-NZN.webp\" \/>\n\t<meta property=\"og:image:width\" content=\"720\" \/>\n\t<meta property=\"og:image:height\" content=\"720\" \/>\n\t<meta property=\"og:image:type\" content=\"image\/webp\" \/>\n<meta name=\"twitter:card\" content=\"summary_large_image\" \/>\n<meta name=\"twitter:label1\" content=\"Est. reading time\" \/>\n\t<meta name=\"twitter:data1\" content=\"2 minutes\" \/>\n<script type=\"application\/ld+json\" class=\"yoast-schema-graph\">{\"@context\":\"https:\/\/schema.org\",\"@graph\":[{\"@type\":\"WebPage\",\"@id\":\"https:\/\/www.miomiorun.com\/fr\/produit\/arahi-8-homme\/\",\"url\":\"https:\/\/www.miomiorun.com\/fr\/produit\/arahi-8-homme\/\",\"name\":\"Hoka Arahi 8 homme - chaussures de course - MioMioRun .com\",\"isPartOf\":{\"@id\":\"https:\/\/www.miomiorun.com\/fr\/#website\"},\"primaryImageOfPage\":{\"@id\":\"https:\/\/www.miomiorun.com\/fr\/produit\/arahi-8-homme\/#primaryimage\"},\"image\":{\"@id\":\"https:\/\/www.miomiorun.com\/fr\/produit\/arahi-8-homme\/#primaryimage\"},\"thumbnailUrl\":\"https:\/\/www.miomiorun.com\/app\/uploads\/2026\/02\/hoka-Arahi-8-neon-yuzu-neon-flame-1168690-NZN.webp\",\"datePublished\":\"2025-06-20T15:18:32+00:00\",\"dateModified\":\"2025-12-06T17:54:38+00:00\",\"description\":\"Arahi 8 : chaussure de course stable et l\u00e9g\u00e8re, dot\u00e9e de la technologie H-Frame\u2122 contre l'hyperpronation. Confort, maintien et style pour vos courses sur route.\",\"breadcrumb\":{\"@id\":\"https:\/\/www.miomiorun.com\/fr\/produit\/arahi-8-homme\/#breadcrumb\"},\"inLanguage\":\"fr-FR\",\"potentialAction\":[{\"@type\":\"ReadAction\",\"target\":[\"https:\/\/www.miomiorun.com\/fr\/produit\/arahi-8-homme\/\"]}]},{\"@type\":\"ImageObject\",\"inLanguage\":\"fr-FR\",\"@id\":\"https:\/\/www.miomiorun.com\/fr\/produit\/arahi-8-homme\/#primaryimage\",\"url\":\"https:\/\/www.miomiorun.com\/app\/uploads\/2026\/02\/hoka-Arahi-8-neon-yuzu-neon-flame-1168690-NZN.webp\",\"contentUrl\":\"https:\/\/www.miomiorun.com\/app\/uploads\/2026\/02\/hoka-Arahi-8-neon-yuzu-neon-flame-1168690-NZN.webp\",\"width\":720,\"height\":720,\"caption\":\"hoka Arahi 8 neon yuzu neon flame 1168690 NZN\"},{\"@type\":\"BreadcrumbList\",\"@id\":\"https:\/\/www.miomiorun.com\/fr\/produit\/arahi-8-homme\/#breadcrumb\",\"itemListElement\":[{\"@type\":\"ListItem\",\"position\":1,\"name\":\"Home\",\"item\":\"https:\/\/www.miomiorun.com\/fr\/home-page\/\"},{\"@type\":\"ListItem\",\"position\":2,\"name\":\"Shop\",\"item\":\"https:\/\/www.miomiorun.com\/shop\/\"},{\"@type\":\"ListItem\",\"position\":3,\"name\":\"Arahi 8 homme\"}]},{\"@type\":\"WebSite\",\"@id\":\"https:\/\/www.miomiorun.com\/fr\/#website\",\"url\":\"https:\/\/www.miomiorun.com\/fr\/\",\"name\":\"MioMioRun\",\"description\":\"Boutique 100% running et trail\",\"publisher\":{\"@id\":\"https:\/\/www.miomiorun.com\/fr\/#organization\"},\"potentialAction\":[{\"@type\":\"SearchAction\",\"target\":{\"@type\":\"EntryPoint\",\"urlTemplate\":\"https:\/\/www.miomiorun.com\/fr\/?s={search_term_string}\"},\"query-input\":{\"@type\":\"PropertyValueSpecification\",\"valueRequired\":true,\"valueName\":\"search_term_string\"}}],\"inLanguage\":\"fr-FR\"},{\"@type\":\"Organization\",\"@id\":\"https:\/\/www.miomiorun.com\/fr\/#organization\",\"name\":\"MioMio Run\",\"url\":\"https:\/\/www.miomiorun.com\/fr\/\",\"logo\":{\"@type\":\"ImageObject\",\"inLanguage\":\"fr-FR\",\"@id\":\"https:\/\/www.miomiorun.com\/fr\/#\/schema\/logo\/image\/\",\"url\":\"https:\/\/www.miomiorun.com\/app\/uploads\/2019\/12\/logomio.png\",\"contentUrl\":\"https:\/\/www.miomiorun.com\/app\/uploads\/2019\/12\/logomio.png\",\"width\":115,\"height\":82,\"caption\":\"MioMio Run\"},\"image\":{\"@id\":\"https:\/\/www.miomiorun.com\/fr\/#\/schema\/logo\/image\/\"},\"sameAs\":[\"https:\/\/www.facebook.com\/miomiorun\/\",\"https:\/\/www.instagram.com\/miomiorun\/\"]}]}<\/script>\n<!-- \/ Yoast SEO plugin. -->","yoast_head_json":{"title":"Hoka Arahi 8 homme - chaussures de course - MioMioRun .com","description":"Arahi 8 : chaussure de course stable et l\u00e9g\u00e8re, dot\u00e9e de la technologie H-Frame\u2122 contre l'hyperpronation. Confort, maintien et style pour vos courses sur route.","robots":{"index":"index","follow":"follow","max-snippet":"max-snippet:-1","max-image-preview":"max-image-preview:large","max-video-preview":"max-video-preview:-1"},"canonical":"https:\/\/www.miomiorun.com\/fr\/produit\/arahi-8-homme\/","og_locale":"fr_FR","og_type":"article","og_title":"Hoka Arahi 8 homme - chaussures de course - MioMioRun .com","og_description":"Arahi 8 : chaussure de course stable et l\u00e9g\u00e8re, dot\u00e9e de la technologie H-Frame\u2122 contre l'hyperpronation. Confort, maintien et style pour vos courses sur route.","og_url":"https:\/\/www.miomiorun.com\/fr\/produit\/arahi-8-homme\/","og_site_name":"MioMioRun","article_publisher":"https:\/\/www.facebook.com\/miomiorun\/","article_modified_time":"2025-12-06T17:54:38+00:00","og_image":[{"width":720,"height":720,"url":"https:\/\/www.miomiorun.com\/app\/uploads\/2026\/02\/hoka-Arahi-8-neon-yuzu-neon-flame-1168690-NZN.webp","type":"image\/webp"}],"twitter_card":"summary_large_image","twitter_misc":{"Est. reading time":"2 minutes"},"schema":{"@context":"https:\/\/schema.org","@graph":[{"@type":"WebPage","@id":"https:\/\/www.miomiorun.com\/fr\/produit\/arahi-8-homme\/","url":"https:\/\/www.miomiorun.com\/fr\/produit\/arahi-8-homme\/","name":"Hoka Arahi 8 homme - chaussures de course - MioMioRun .com","isPartOf":{"@id":"https:\/\/www.miomiorun.com\/fr\/#website"},"primaryImageOfPage":{"@id":"https:\/\/www.miomiorun.com\/fr\/produit\/arahi-8-homme\/#primaryimage"},"image":{"@id":"https:\/\/www.miomiorun.com\/fr\/produit\/arahi-8-homme\/#primaryimage"},"thumbnailUrl":"https:\/\/www.miomiorun.com\/app\/uploads\/2026\/02\/hoka-Arahi-8-neon-yuzu-neon-flame-1168690-NZN.webp","datePublished":"2025-06-20T15:18:32+00:00","dateModified":"2025-12-06T17:54:38+00:00","description":"Arahi 8 : chaussure de course stable et l\u00e9g\u00e8re, dot\u00e9e de la technologie H-Frame\u2122 contre l'hyperpronation. Confort, maintien et style pour vos courses sur route.","breadcrumb":{"@id":"https:\/\/www.miomiorun.com\/fr\/produit\/arahi-8-homme\/#breadcrumb"},"inLanguage":"fr-FR","potentialAction":[{"@type":"ReadAction","target":["https:\/\/www.miomiorun.com\/fr\/produit\/arahi-8-homme\/"]}]},{"@type":"ImageObject","inLanguage":"fr-FR","@id":"https:\/\/www.miomiorun.com\/fr\/produit\/arahi-8-homme\/#primaryimage","url":"https:\/\/www.miomiorun.com\/app\/uploads\/2026\/02\/hoka-Arahi-8-neon-yuzu-neon-flame-1168690-NZN.webp","contentUrl":"https:\/\/www.miomiorun.com\/app\/uploads\/2026\/02\/hoka-Arahi-8-neon-yuzu-neon-flame-1168690-NZN.webp","width":720,"height":720,"caption":"hoka Arahi 8 neon yuzu neon flame 1168690 NZN"},{"@type":"BreadcrumbList","@id":"https:\/\/www.miomiorun.com\/fr\/produit\/arahi-8-homme\/#breadcrumb","itemListElement":[{"@type":"ListItem","position":1,"name":"Home","item":"https:\/\/www.miomiorun.com\/fr\/home-page\/"},{"@type":"ListItem","position":2,"name":"Shop","item":"https:\/\/www.miomiorun.com\/shop\/"},{"@type":"ListItem","position":3,"name":"Arahi 8 homme"}]},{"@type":"WebSite","@id":"https:\/\/www.miomiorun.com\/fr\/#website","url":"https:\/\/www.miomiorun.com\/fr\/","name":"MioMioRun","description":"Boutique 100% running et trail","publisher":{"@id":"https:\/\/www.miomiorun.com\/fr\/#organization"},"potentialAction":[{"@type":"SearchAction","target":{"@type":"EntryPoint","urlTemplate":"https:\/\/www.miomiorun.com\/fr\/?s={search_term_string}"},"query-input":{"@type":"PropertyValueSpecification","valueRequired":true,"valueName":"search_term_string"}}],"inLanguage":"fr-FR"},{"@type":"Organization","@id":"https:\/\/www.miomiorun.com\/fr\/#organization","name":"MioMio Run","url":"https:\/\/www.miomiorun.com\/fr\/","logo":{"@type":"ImageObject","inLanguage":"fr-FR","@id":"https:\/\/www.miomiorun.com\/fr\/#\/schema\/logo\/image\/","url":"https:\/\/www.miomiorun.com\/app\/uploads\/2019\/12\/logomio.png","contentUrl":"https:\/\/www.miomiorun.com\/app\/uploads\/2019\/12\/logomio.png","width":115,"height":82,"caption":"MioMio Run"},"image":{"@id":"https:\/\/www.miomiorun.com\/fr\/#\/schema\/logo\/image\/"},"sameAs":["https:\/\/www.facebook.com\/miomiorun\/","https:\/\/www.instagram.com\/miomiorun\/"]}]}},"_links":{"self":[{"href":"https:\/\/www.miomiorun.com\/fr\/wp-json\/wp\/v2\/product\/320243","targetHints":{"allow":["GET"]}}],"collection":[{"href":"https:\/\/www.miomiorun.com\/fr\/wp-json\/wp\/v2\/product"}],"about":[{"href":"https:\/\/www.miomiorun.com\/fr\/wp-json\/wp\/v2\/types\/product"}],"wp:featuredmedia":[{"embeddable":true,"href":"https:\/\/www.miomiorun.com\/fr\/wp-json\/wp\/v2\/media\/398123"}],"wp:attachment":[{"href":"https:\/\/www.miomiorun.com\/fr\/wp-json\/wp\/v2\/media?parent=320243"}],"wp:term":[{"taxonomy":"product_brand","embeddable":true,"href":"https:\/\/www.miomiorun.com\/fr\/wp-json\/wp\/v2\/product_brand?post=320243"},{"taxonomy":"product_cat","embeddable":true,"href":"https:\/\/www.miomiorun.com\/fr\/wp-json\/wp\/v2\/product_cat?post=320243"},{"taxonomy":"product_tag","embeddable":true,"href":"https:\/\/www.miomiorun.com\/fr\/wp-json\/wp\/v2\/product_tag?post=320243"}],"curies":[{"name":"wp","href":"https:\/\/api.w.org\/{rel}","templated":true}]}}