{"id":320228,"date":"2025-06-20T17:18:30","date_gmt":"2025-06-20T15:18:30","guid":{"rendered":"https:\/\/miomiorun.com\/?post_type=product&#038;p=320228"},"modified":"2026-04-10T12:35:14","modified_gmt":"2026-04-10T10:35:14","slug":"arahi-8-donna","status":"publish","type":"product","link":"https:\/\/www.miomiorun.com\/fr\/produit\/arahi-8-donna\/","title":{"rendered":"Arahi 8 donna"},"content":{"rendered":"<table style=\"border-collapse: collapse; width: 100%;\">\n<tbody>\n<tr>\n<td style=\"width: 33.3333%; vertical-align: top;\"><strong>Specifiche tecniche<\/strong><\/p>\n<p>Categoria: Ammortizzazione strutturata<br \/>\nOffset: 8 mm<br \/>\nPeso: 219.00 <sup class=\"pl-1\">g<\/sup><\/p>\n<p>Ideale per : runners con appoggio tendente alla pronazione alla ricerca di una scarpa leggera e al tempo stesso ben ammortizzata, per percorrere anche lunghe distanze.<br \/>\nPeso dell&#8217;atleta : 65-75 kg<br \/>\nPasso di corsa : medio (5-6 min\/km)<br \/>\n<a href=\"https:\/\/miomiorun.com\/guida-alle-specifiche-tecniche\/\">Guida alle specifiche tecniche<\/a><\/td>\n<td style=\"width: 66.6666%; vertical-align: top;\">\n<p data-start=\"203\" data-end=\"265\"><strong data-start=\"203\" data-end=\"265\">Massima stabilit\u00e0. Nessun compromesso su comfort e design.<\/strong><\/p>\n<p data-start=\"267\" data-end=\"559\">Se cerchi una scarpa che offra sostegno e controllo senza appesantire il passo, <strong data-start=\"347\" data-end=\"358\">Arahi 8<\/strong> \u00e8 la scelta perfetta. Progettata per runner che necessitano di stabilit\u00e0, ma non vogliono rinunciare a leggerezza, eleganza e reattivit\u00e0, Arahi 8 rappresenta l\u2019evoluzione della corsa stabile e fluida.<\/p>\n<p data-start=\"561\" data-end=\"583\"><strong data-start=\"561\" data-end=\"583\">Perch\u00e9 sceglierla?<\/strong><\/p>\n<ul data-start=\"585\" data-end=\"1303\">\n<li data-start=\"585\" data-end=\"773\">\n<p data-start=\"587\" data-end=\"773\"><strong data-start=\"589\" data-end=\"623\">Tecnologia H-Frame\u2122 potenziata<\/strong>: il cuore della stabilit\u00e0 Arahi. Supporta il piede durante ogni fase dell\u2019andatura, contrastando l\u2019iperpronazione in modo naturale e senza forzature.<\/p>\n<\/li>\n<li data-start=\"774\" data-end=\"977\">\n<p data-start=\"776\" data-end=\"977\"><strong data-start=\"778\" data-end=\"810\">Ammortizzazione intelligente<\/strong>: la nuova mescola EVA a doppia densit\u00e0 offre una sensazione di protezione e morbidezza sotto il piede, senza sacrificare la reattivit\u00e0 quando vuoi aumentare il ritmo.<\/p>\n<\/li>\n<li data-start=\"978\" data-end=\"1158\">\n<p data-start=\"980\" data-end=\"1158\"><strong data-start=\"982\" data-end=\"1017\">Tomaia tecnica in mesh jacquard<\/strong>: confortevole, traspirante e realizzata con materiali riciclati. Si adatta al piede come una seconda pelle, con un look slanciato e moderno.<\/p>\n<\/li>\n<li data-start=\"1159\" data-end=\"1303\">\n<p data-start=\"1161\" data-end=\"1303\"><strong data-start=\"1163\" data-end=\"1184\">Design aggiornato<\/strong>: nuova forma per una calzata migliorata, silhouette pi\u00f9 snella e suola modulare per una transizione fluida e naturale.<\/p>\n<\/li>\n<\/ul>\n<p data-start=\"1305\" data-end=\"1336\"><strong data-start=\"1305\" data-end=\"1336\">Stabilit\u00e0 s\u00ec, ma con stile.<\/strong><\/p>\n<p data-start=\"1338\" data-end=\"1642\"><strong data-start=\"1338\" data-end=\"1349\">Arahi 8<\/strong> non \u00e8 solo una scarpa da running stabile. \u00c8 una dichiarazione di equilibrio tra performance, estetica e sostenibilit\u00e0. Ideale per runner iperpronatori o per chi cerca supporto extra senza rigidit\u00e0<\/p>\n<\/td>\n<\/tr>\n<\/tbody>\n<\/table>\n<p>&nbsp;<\/p>\n","protected":false},"excerpt":{"rendered":"<ul>\n<li>scarpa stabile ammortizzata<\/li>\n<li>scarpa ideale per pronatori<\/li>\n<\/ul>\n","protected":false},"featured_media":411579,"template":"","meta":{"_acf_changed":false,"inline_featured_image":false},"product_brand":[],"product_cat":[22605,22607],"product_tag":[23478,23494],"class_list":{"0":"post-320228","1":"product","2":"type-product","3":"status-publish","4":"has-post-thumbnail","6":"product_cat-chaussures-pour-femmes","7":"product_cat-ecuries","8":"product_tag-hoka-one-one-fr","9":"product_tag-hoka-femme","10":"pa_attivita-marcher","11":"pa_attivita-running-fr","12":"pa_colore-arahi-8-w-alabaster-lingonberry-fr","13":"pa_colore-arahi-8-w-charcoal-grey-grey-skies-fr","14":"pa_colore-arahi-8-w-midnight-blue-ultramarine-fr","15":"pa_colore-arahi-8-w-oyster-mushroom-truffle-salt-fr","16":"pa_colore-arahi-8-w-sunlight-neon-yuzu","17":"pa_marca-hoka-fr","18":"pa_sesso-femme","19":"pa_size-36-fr","20":"pa_size-37-fr","21":"pa_size-38-fr","23":"pa_size-39-fr","24":"pa_size-40-fr","26":"pa_size-41-fr","27":"pa_size-42-fr","29":"first","30":"instock","31":"sale","32":"taxable","33":"shipping-taxable","34":"purchasable","35":"product-type-variable","36":"wvs-archive-product-wrapper"},"acf":[],"yoast_head":"<!-- This site is optimized with the Yoast SEO plugin v26.8 - https:\/\/yoast.com\/product\/yoast-seo-wordpress\/ -->\n<title>Hoka Arahi 8 donna - scarpe running - MioMioRun.com<\/title>\n<meta name=\"description\" content=\"Arahi 8: scarpa da running stabile e leggera, con tecnologia H-Frame\u2122 contro l\u2019iperpronazione. Comfort, supporto e stile per le tue corse su strada.\" \/>\n<meta name=\"robots\" content=\"index, follow, max-snippet:-1, max-image-preview:large, max-video-preview:-1\" \/>\n<link rel=\"canonical\" href=\"https:\/\/www.miomiorun.com\/fr\/produit\/arahi-8-donna\/\" \/>\n<meta property=\"og:locale\" content=\"fr_FR\" \/>\n<meta property=\"og:type\" content=\"article\" \/>\n<meta property=\"og:title\" content=\"Hoka Arahi 8 donna - scarpe running - MioMioRun.com\" \/>\n<meta property=\"og:description\" content=\"Arahi 8: scarpa da running stabile e leggera, con tecnologia H-Frame\u2122 contro l\u2019iperpronazione. Comfort, supporto e stile per le tue corse su strada.\" \/>\n<meta property=\"og:url\" content=\"https:\/\/www.miomiorun.com\/fr\/produit\/arahi-8-donna\/\" \/>\n<meta property=\"og:site_name\" content=\"MioMioRun\" \/>\n<meta property=\"article:publisher\" content=\"https:\/\/www.facebook.com\/miomiorun\/\" \/>\n<meta property=\"article:modified_time\" content=\"2026-04-10T10:35:14+00:00\" \/>\n<meta property=\"og:image\" content=\"https:\/\/www.miomiorun.com\/app\/uploads\/2026\/02\/hoka-Arahi-8-W-sunlight-neon-yuzu-1168691-SYZ.webp\" \/>\n\t<meta property=\"og:image:width\" content=\"720\" \/>\n\t<meta property=\"og:image:height\" content=\"720\" \/>\n\t<meta property=\"og:image:type\" content=\"image\/webp\" \/>\n<meta name=\"twitter:card\" content=\"summary_large_image\" \/>\n<meta name=\"twitter:label1\" content=\"Est. reading time\" \/>\n\t<meta name=\"twitter:data1\" content=\"1 minute\" \/>\n<script type=\"application\/ld+json\" class=\"yoast-schema-graph\">{\"@context\":\"https:\/\/schema.org\",\"@graph\":[{\"@type\":\"WebPage\",\"@id\":\"https:\/\/www.miomiorun.com\/fr\/produit\/arahi-8-donna\/\",\"url\":\"https:\/\/www.miomiorun.com\/fr\/produit\/arahi-8-donna\/\",\"name\":\"Hoka Arahi 8 donna - scarpe running - MioMioRun.com\",\"isPartOf\":{\"@id\":\"https:\/\/www.miomiorun.com\/fr\/#website\"},\"primaryImageOfPage\":{\"@id\":\"https:\/\/www.miomiorun.com\/fr\/produit\/arahi-8-donna\/#primaryimage\"},\"image\":{\"@id\":\"https:\/\/www.miomiorun.com\/fr\/produit\/arahi-8-donna\/#primaryimage\"},\"thumbnailUrl\":\"https:\/\/www.miomiorun.com\/app\/uploads\/2026\/02\/hoka-Arahi-8-W-sunlight-neon-yuzu-1168691-SYZ.webp\",\"datePublished\":\"2025-06-20T15:18:30+00:00\",\"dateModified\":\"2026-04-10T10:35:14+00:00\",\"description\":\"Arahi 8: scarpa da running stabile e leggera, con tecnologia H-Frame\u2122 contro l\u2019iperpronazione. Comfort, supporto e stile per le tue corse su strada.\",\"breadcrumb\":{\"@id\":\"https:\/\/www.miomiorun.com\/fr\/produit\/arahi-8-donna\/#breadcrumb\"},\"inLanguage\":\"fr-FR\",\"potentialAction\":[{\"@type\":\"ReadAction\",\"target\":[\"https:\/\/www.miomiorun.com\/fr\/produit\/arahi-8-donna\/\"]}]},{\"@type\":\"ImageObject\",\"inLanguage\":\"fr-FR\",\"@id\":\"https:\/\/www.miomiorun.com\/fr\/produit\/arahi-8-donna\/#primaryimage\",\"url\":\"https:\/\/www.miomiorun.com\/app\/uploads\/2026\/02\/hoka-Arahi-8-W-sunlight-neon-yuzu-1168691-SYZ.webp\",\"contentUrl\":\"https:\/\/www.miomiorun.com\/app\/uploads\/2026\/02\/hoka-Arahi-8-W-sunlight-neon-yuzu-1168691-SYZ.webp\",\"width\":720,\"height\":720,\"caption\":\"hoka Arahi 8 W sunlight neon yuzu 1168691 SYZ\"},{\"@type\":\"BreadcrumbList\",\"@id\":\"https:\/\/www.miomiorun.com\/fr\/produit\/arahi-8-donna\/#breadcrumb\",\"itemListElement\":[{\"@type\":\"ListItem\",\"position\":1,\"name\":\"Home\",\"item\":\"https:\/\/www.miomiorun.com\/fr\/home-page\/\"},{\"@type\":\"ListItem\",\"position\":2,\"name\":\"Shop\",\"item\":\"https:\/\/www.miomiorun.com\/shop\/\"},{\"@type\":\"ListItem\",\"position\":3,\"name\":\"Arahi 8 donna\"}]},{\"@type\":\"WebSite\",\"@id\":\"https:\/\/www.miomiorun.com\/fr\/#website\",\"url\":\"https:\/\/www.miomiorun.com\/fr\/\",\"name\":\"MioMioRun\",\"description\":\"Boutique 100% running et trail\",\"publisher\":{\"@id\":\"https:\/\/www.miomiorun.com\/fr\/#organization\"},\"potentialAction\":[{\"@type\":\"SearchAction\",\"target\":{\"@type\":\"EntryPoint\",\"urlTemplate\":\"https:\/\/www.miomiorun.com\/fr\/?s={search_term_string}\"},\"query-input\":{\"@type\":\"PropertyValueSpecification\",\"valueRequired\":true,\"valueName\":\"search_term_string\"}}],\"inLanguage\":\"fr-FR\"},{\"@type\":\"Organization\",\"@id\":\"https:\/\/www.miomiorun.com\/fr\/#organization\",\"name\":\"MioMio Run\",\"url\":\"https:\/\/www.miomiorun.com\/fr\/\",\"logo\":{\"@type\":\"ImageObject\",\"inLanguage\":\"fr-FR\",\"@id\":\"https:\/\/www.miomiorun.com\/fr\/#\/schema\/logo\/image\/\",\"url\":\"https:\/\/www.miomiorun.com\/app\/uploads\/2019\/12\/logomio.png\",\"contentUrl\":\"https:\/\/www.miomiorun.com\/app\/uploads\/2019\/12\/logomio.png\",\"width\":115,\"height\":82,\"caption\":\"MioMio Run\"},\"image\":{\"@id\":\"https:\/\/www.miomiorun.com\/fr\/#\/schema\/logo\/image\/\"},\"sameAs\":[\"https:\/\/www.facebook.com\/miomiorun\/\",\"https:\/\/www.instagram.com\/miomiorun\/\"]}]}<\/script>\n<!-- \/ Yoast SEO plugin. -->","yoast_head_json":{"title":"Hoka Arahi 8 donna - scarpe running - MioMioRun.com","description":"Arahi 8: scarpa da running stabile e leggera, con tecnologia H-Frame\u2122 contro l\u2019iperpronazione. Comfort, supporto e stile per le tue corse su strada.","robots":{"index":"index","follow":"follow","max-snippet":"max-snippet:-1","max-image-preview":"max-image-preview:large","max-video-preview":"max-video-preview:-1"},"canonical":"https:\/\/www.miomiorun.com\/fr\/produit\/arahi-8-donna\/","og_locale":"fr_FR","og_type":"article","og_title":"Hoka Arahi 8 donna - scarpe running - MioMioRun.com","og_description":"Arahi 8: scarpa da running stabile e leggera, con tecnologia H-Frame\u2122 contro l\u2019iperpronazione. Comfort, supporto e stile per le tue corse su strada.","og_url":"https:\/\/www.miomiorun.com\/fr\/produit\/arahi-8-donna\/","og_site_name":"MioMioRun","article_publisher":"https:\/\/www.facebook.com\/miomiorun\/","article_modified_time":"2026-04-10T10:35:14+00:00","og_image":[{"width":720,"height":720,"url":"https:\/\/www.miomiorun.com\/app\/uploads\/2026\/02\/hoka-Arahi-8-W-sunlight-neon-yuzu-1168691-SYZ.webp","type":"image\/webp"}],"twitter_card":"summary_large_image","twitter_misc":{"Est. reading time":"1 minute"},"schema":{"@context":"https:\/\/schema.org","@graph":[{"@type":"WebPage","@id":"https:\/\/www.miomiorun.com\/fr\/produit\/arahi-8-donna\/","url":"https:\/\/www.miomiorun.com\/fr\/produit\/arahi-8-donna\/","name":"Hoka Arahi 8 donna - scarpe running - MioMioRun.com","isPartOf":{"@id":"https:\/\/www.miomiorun.com\/fr\/#website"},"primaryImageOfPage":{"@id":"https:\/\/www.miomiorun.com\/fr\/produit\/arahi-8-donna\/#primaryimage"},"image":{"@id":"https:\/\/www.miomiorun.com\/fr\/produit\/arahi-8-donna\/#primaryimage"},"thumbnailUrl":"https:\/\/www.miomiorun.com\/app\/uploads\/2026\/02\/hoka-Arahi-8-W-sunlight-neon-yuzu-1168691-SYZ.webp","datePublished":"2025-06-20T15:18:30+00:00","dateModified":"2026-04-10T10:35:14+00:00","description":"Arahi 8: scarpa da running stabile e leggera, con tecnologia H-Frame\u2122 contro l\u2019iperpronazione. Comfort, supporto e stile per le tue corse su strada.","breadcrumb":{"@id":"https:\/\/www.miomiorun.com\/fr\/produit\/arahi-8-donna\/#breadcrumb"},"inLanguage":"fr-FR","potentialAction":[{"@type":"ReadAction","target":["https:\/\/www.miomiorun.com\/fr\/produit\/arahi-8-donna\/"]}]},{"@type":"ImageObject","inLanguage":"fr-FR","@id":"https:\/\/www.miomiorun.com\/fr\/produit\/arahi-8-donna\/#primaryimage","url":"https:\/\/www.miomiorun.com\/app\/uploads\/2026\/02\/hoka-Arahi-8-W-sunlight-neon-yuzu-1168691-SYZ.webp","contentUrl":"https:\/\/www.miomiorun.com\/app\/uploads\/2026\/02\/hoka-Arahi-8-W-sunlight-neon-yuzu-1168691-SYZ.webp","width":720,"height":720,"caption":"hoka Arahi 8 W sunlight neon yuzu 1168691 SYZ"},{"@type":"BreadcrumbList","@id":"https:\/\/www.miomiorun.com\/fr\/produit\/arahi-8-donna\/#breadcrumb","itemListElement":[{"@type":"ListItem","position":1,"name":"Home","item":"https:\/\/www.miomiorun.com\/fr\/home-page\/"},{"@type":"ListItem","position":2,"name":"Shop","item":"https:\/\/www.miomiorun.com\/shop\/"},{"@type":"ListItem","position":3,"name":"Arahi 8 donna"}]},{"@type":"WebSite","@id":"https:\/\/www.miomiorun.com\/fr\/#website","url":"https:\/\/www.miomiorun.com\/fr\/","name":"MioMioRun","description":"Boutique 100% running et trail","publisher":{"@id":"https:\/\/www.miomiorun.com\/fr\/#organization"},"potentialAction":[{"@type":"SearchAction","target":{"@type":"EntryPoint","urlTemplate":"https:\/\/www.miomiorun.com\/fr\/?s={search_term_string}"},"query-input":{"@type":"PropertyValueSpecification","valueRequired":true,"valueName":"search_term_string"}}],"inLanguage":"fr-FR"},{"@type":"Organization","@id":"https:\/\/www.miomiorun.com\/fr\/#organization","name":"MioMio Run","url":"https:\/\/www.miomiorun.com\/fr\/","logo":{"@type":"ImageObject","inLanguage":"fr-FR","@id":"https:\/\/www.miomiorun.com\/fr\/#\/schema\/logo\/image\/","url":"https:\/\/www.miomiorun.com\/app\/uploads\/2019\/12\/logomio.png","contentUrl":"https:\/\/www.miomiorun.com\/app\/uploads\/2019\/12\/logomio.png","width":115,"height":82,"caption":"MioMio Run"},"image":{"@id":"https:\/\/www.miomiorun.com\/fr\/#\/schema\/logo\/image\/"},"sameAs":["https:\/\/www.facebook.com\/miomiorun\/","https:\/\/www.instagram.com\/miomiorun\/"]}]}},"_links":{"self":[{"href":"https:\/\/www.miomiorun.com\/fr\/wp-json\/wp\/v2\/product\/320228","targetHints":{"allow":["GET"]}}],"collection":[{"href":"https:\/\/www.miomiorun.com\/fr\/wp-json\/wp\/v2\/product"}],"about":[{"href":"https:\/\/www.miomiorun.com\/fr\/wp-json\/wp\/v2\/types\/product"}],"wp:featuredmedia":[{"embeddable":true,"href":"https:\/\/www.miomiorun.com\/fr\/wp-json\/wp\/v2\/media\/411579"}],"wp:attachment":[{"href":"https:\/\/www.miomiorun.com\/fr\/wp-json\/wp\/v2\/media?parent=320228"}],"wp:term":[{"taxonomy":"product_brand","embeddable":true,"href":"https:\/\/www.miomiorun.com\/fr\/wp-json\/wp\/v2\/product_brand?post=320228"},{"taxonomy":"product_cat","embeddable":true,"href":"https:\/\/www.miomiorun.com\/fr\/wp-json\/wp\/v2\/product_cat?post=320228"},{"taxonomy":"product_tag","embeddable":true,"href":"https:\/\/www.miomiorun.com\/fr\/wp-json\/wp\/v2\/product_tag?post=320228"}],"curies":[{"name":"wp","href":"https:\/\/api.w.org\/{rel}","templated":true}]}}