{"id":319960,"date":"2025-06-20T16:42:41","date_gmt":"2025-06-20T14:42:41","guid":{"rendered":"https:\/\/miomiorun.com\/?post_type=product&#038;p=319960"},"modified":"2026-03-20T22:14:37","modified_gmt":"2026-03-20T21:14:37","slug":"challenger-8-homme","status":"publish","type":"product","link":"https:\/\/www.miomiorun.com\/fr\/produit\/challenger-8-homme\/","title":{"rendered":"Challenger 8 homme"},"content":{"rendered":"<div class=\"vc-row container\"><div class=\"vc-column\"><div class=\"vc-column-text\"><\/p>\n<p><strong>Caract\u00e9ristiques techniques<\/strong><\/p>\n<p>Cat\u00e9gorie : amorti sup\u00e9rieur<br \/>\nD\u00e9calage : 8,00 <sup class=\"pl-1\">mm<\/sup><br \/>\nPoids : 287,00 <sup class=\"pl-1\">g<\/sup><br \/>\nId\u00e9al pour : les coureurs amateurs de course tout-terrain \u00e0 la recherche d&#8217;un mod\u00e8le bien amorti pouvant \u00eatre utilis\u00e9 pour les longues et moyennes distances, aussi bien en montagne que sur des chemins de terre et occasionnellement sur l&#8217;asphalte.<br \/>\nPoids de l&#8217;athl\u00e8te : 70-90 kg<br \/>\nAllure de course : moyenne (5,00 min\/km)<br \/>\n<a href=\"https:\/\/miomiorun.com\/fr\/guide-des-specificites\/\">Guide des sp\u00e9cifications techniques<\/a><\/p>\n<p><\/div><\/div><div class=\"vc-column\"><div class=\"vc-column-text\"><\/p>\n<p data-start=\"253\" data-end=\"544\">Si vous recherchez une chaussure qui vous accompagne en toute confiance sur route et hors route sans compromis, la <strong data-start=\"351\" data-end=\"367\">Challenger 8<\/strong> est la r\u00e9ponse. Une \u00e9volution technique qui combine le meilleur des deux mondes : l&#8217;amorti fluide d&#8217;une chaussure de course sur asphalte et la traction fiable d&#8217;une chaussure de trail running.<\/p>\n<p data-start=\"546\" data-end=\"570\"><strong data-start=\"546\" data-end=\"570\">Qu&#8217;est-ce qui la rend unique ?<\/strong><\/p>\n<ul data-start=\"572\" data-end=\"1303\">\n<li data-start=\"572\" data-end=\"755\">\n<p data-start=\"574\" data-end=\"755\"><strong data-start=\"576\" data-end=\"597\">Confort sup\u00e9rieur<\/strong> : gr\u00e2ce \u00e0 une plus grande quantit\u00e9 de mousse sous la plante du pied et \u00e0 un nouvel ajustement perfectionn\u00e9, chaque pas est plus stable, plus souple, plus naturel.\n<\/p>\n<\/li>\n<li data-start=\"756\" data-end=\"943\">\n<p data-start=\"758\" data-end=\"943\">&nbsp;<strong data-start=\"760\" data-end=\"784\">Polyvalence absolue<\/strong> : le nouveau design de la semelle multidirectionnelle de 4 mm garantit adh\u00e9rence et r\u00e9activit\u00e9 sur tous les types de terrain, du gravier compact aux sentiers boueux. <\/p>\n<\/li>\n<li data-start=\"944\" data-end=\"1133\">\n<p data-start=\"946\" data-end=\"1133\">&nbsp;<strong data-start=\"948\" data-end=\"971\">Tige intelligente<\/strong> : le mesh technique en rPET (100 % recycl\u00e9) assure respirabilit\u00e9 et l\u00e9g\u00e8ret\u00e9, tandis que les d\u00e9tails renforc\u00e9s \u00e0 l&#8217;avant-pied prot\u00e8gent lors des sorties les plus exigeantes.\n<\/p>\n<\/li>\n<li data-start=\"1134\" data-end=\"1303\">\n<p data-start=\"1136\" data-end=\"1303\">&nbsp;<strong data-start=\"1138\" data-end=\"1159\">Design am\u00e9lior\u00e9<\/strong> : forme actualis\u00e9e avec un drop accru et un meilleur ajustement \u00e0 l&#8217;avant-pied et au cou-de-pied pour une sensation d&#8217;adaptation naturelle \u00e0 la foul\u00e9e. <\/p>\n<\/li>\n<\/ul>\n<p data-start=\"1305\" data-end=\"1395\"><strong data-start=\"1305\" data-end=\"1395\">Ce n&#8217;est pas seulement une chaussure. C&#8217;est un compagnon de voyage pour vos entra\u00eenements les plus ambitieux.<\/strong><\/p>\n<p data-start=\"1397\" data-end=\"1582\">Que vous vous lanciez dans une longue course sur asphalte ou dans une sortie aventureuse en for\u00eat, la <strong data-start=\"1477\" data-end=\"1493\">Challenger 8<\/strong> est con\u00e7ue pour vous accompagner partout, avec un confort, une protection et des performances in\u00e9gal\u00e9s. <\/p>\n<p><\/div><\/div><\/div><\/p>\n","protected":false},"excerpt":{"rendered":"<ul class=\"features-container\">\n<li class=\"feature-item\">\u00c9quip\u00e9e d&#8217;un lit amorti sym\u00e9trique<\/li>\n<li class=\"feature-item\">Maille technique<\/li>\n<li class=\"feature-item\">Pouss\u00e9e r\u00e9active lorsque vous souhaitez augmenter la vitesse.<\/li>\n<\/ul>\n","protected":false},"featured_media":323096,"template":"","meta":{"_acf_changed":false,"inline_featured_image":false},"product_brand":[],"product_cat":[24448,24445],"product_tag":[23478,23604],"class_list":{"0":"post-319960","1":"product","2":"type-product","3":"status-publish","4":"has-post-thumbnail","6":"product_cat-chaussures-pour-hommes-fr","7":"product_cat-trail-fr-3","8":"product_tag-hoka-one-one-fr","9":"product_tag-hoka-homme","10":"pa_attivita-marcher","11":"pa_attivita-running-fr","12":"pa_attivita-trail-fr","13":"pa_colore-challenger-8-bay-leaf-sage","14":"pa_colore-challenger-8-faded-navy-pampass-grass-fr","15":"pa_colore-challenger-8-skyward-blue-white-fr","16":"pa_colore-challenger-8-white-neon-hoka-citrus-fr","17":"pa_marca-hoka-fr","18":"pa_sesso-homme","19":"pa_size-41-fr","20":"pa_size-42-fr","22":"pa_size-43-fr","23":"pa_size-44-fr","25":"pa_size-45-fr","26":"pa_size-46-fr","29":"first","30":"instock","31":"sale","32":"taxable","33":"shipping-taxable","34":"purchasable","35":"product-type-variable","36":"wvs-archive-product-wrapper"},"acf":[],"yoast_head":"<!-- This site is optimized with the Yoast SEO plugin v26.8 - https:\/\/yoast.com\/product\/yoast-seo-wordpress\/ -->\n<title>Hoka One One Challenger 8 homme - Chaussures de trail - MioMioRun<\/title>\n<meta name=\"description\" content=\"D\u00e9couvrez la Challenger 8 : une chaussure de course polyvalente pour la route et les sentiers. Confort sup\u00e9rieur, adh\u00e9rence avanc\u00e9e et ajustement am\u00e9lior\u00e9. Parfaite sur tous les terrains.\" \/>\n<meta name=\"robots\" content=\"index, follow, max-snippet:-1, max-image-preview:large, max-video-preview:-1\" \/>\n<link rel=\"canonical\" href=\"https:\/\/www.miomiorun.com\/fr\/produit\/challenger-8-homme\/\" \/>\n<meta property=\"og:locale\" content=\"fr_FR\" \/>\n<meta property=\"og:type\" content=\"article\" \/>\n<meta property=\"og:title\" content=\"Hoka One One Challenger 8 homme - Chaussures de trail - MioMioRun\" \/>\n<meta property=\"og:description\" content=\"D\u00e9couvrez la Challenger 8 : une chaussure de course polyvalente pour la route et les sentiers. Confort sup\u00e9rieur, adh\u00e9rence avanc\u00e9e et ajustement am\u00e9lior\u00e9. Parfaite sur tous les terrains.\" \/>\n<meta property=\"og:url\" content=\"https:\/\/www.miomiorun.com\/fr\/produit\/challenger-8-homme\/\" \/>\n<meta property=\"og:site_name\" content=\"MioMioRun\" \/>\n<meta property=\"article:publisher\" content=\"https:\/\/www.facebook.com\/miomiorun\/\" \/>\n<meta property=\"article:modified_time\" content=\"2026-03-20T21:14:37+00:00\" \/>\n<meta property=\"og:image\" content=\"https:\/\/www.miomiorun.com\/app\/uploads\/2025\/07\/hoka-Challenger-8-maple-cardamom-1168716-MPLC.webp\" \/>\n\t<meta property=\"og:image:width\" content=\"600\" \/>\n\t<meta property=\"og:image:height\" content=\"600\" \/>\n\t<meta property=\"og:image:type\" content=\"image\/webp\" \/>\n<meta name=\"twitter:card\" content=\"summary_large_image\" \/>\n<meta name=\"twitter:label1\" content=\"Est. reading time\" \/>\n\t<meta name=\"twitter:data1\" content=\"2 minutes\" \/>\n<script type=\"application\/ld+json\" class=\"yoast-schema-graph\">{\"@context\":\"https:\/\/schema.org\",\"@graph\":[{\"@type\":\"WebPage\",\"@id\":\"https:\/\/www.miomiorun.com\/fr\/produit\/challenger-8-homme\/\",\"url\":\"https:\/\/www.miomiorun.com\/fr\/produit\/challenger-8-homme\/\",\"name\":\"Hoka One One Challenger 8 homme - Chaussures de trail - MioMioRun\",\"isPartOf\":{\"@id\":\"https:\/\/www.miomiorun.com\/fr\/#website\"},\"primaryImageOfPage\":{\"@id\":\"https:\/\/www.miomiorun.com\/fr\/produit\/challenger-8-homme\/#primaryimage\"},\"image\":{\"@id\":\"https:\/\/www.miomiorun.com\/fr\/produit\/challenger-8-homme\/#primaryimage\"},\"thumbnailUrl\":\"https:\/\/www.miomiorun.com\/app\/uploads\/2025\/07\/hoka-Challenger-8-maple-cardamom-1168716-MPLC.webp\",\"datePublished\":\"2025-06-20T14:42:41+00:00\",\"dateModified\":\"2026-03-20T21:14:37+00:00\",\"description\":\"D\u00e9couvrez la Challenger 8 : une chaussure de course polyvalente pour la route et les sentiers. Confort sup\u00e9rieur, adh\u00e9rence avanc\u00e9e et ajustement am\u00e9lior\u00e9. Parfaite sur tous les terrains.\",\"breadcrumb\":{\"@id\":\"https:\/\/www.miomiorun.com\/fr\/produit\/challenger-8-homme\/#breadcrumb\"},\"inLanguage\":\"fr-FR\",\"potentialAction\":[{\"@type\":\"ReadAction\",\"target\":[\"https:\/\/www.miomiorun.com\/fr\/produit\/challenger-8-homme\/\"]}]},{\"@type\":\"ImageObject\",\"inLanguage\":\"fr-FR\",\"@id\":\"https:\/\/www.miomiorun.com\/fr\/produit\/challenger-8-homme\/#primaryimage\",\"url\":\"https:\/\/www.miomiorun.com\/app\/uploads\/2025\/07\/hoka-Challenger-8-maple-cardamom-1168716-MPLC.webp\",\"contentUrl\":\"https:\/\/www.miomiorun.com\/app\/uploads\/2025\/07\/hoka-Challenger-8-maple-cardamom-1168716-MPLC.webp\",\"width\":600,\"height\":600,\"caption\":\"hoka Challenger 8 maple cardamom 1168716 MPLC\"},{\"@type\":\"BreadcrumbList\",\"@id\":\"https:\/\/www.miomiorun.com\/fr\/produit\/challenger-8-homme\/#breadcrumb\",\"itemListElement\":[{\"@type\":\"ListItem\",\"position\":1,\"name\":\"Home\",\"item\":\"https:\/\/www.miomiorun.com\/fr\/home-page\/\"},{\"@type\":\"ListItem\",\"position\":2,\"name\":\"Shop\",\"item\":\"https:\/\/www.miomiorun.com\/shop\/\"},{\"@type\":\"ListItem\",\"position\":3,\"name\":\"Challenger 8 homme\"}]},{\"@type\":\"WebSite\",\"@id\":\"https:\/\/www.miomiorun.com\/fr\/#website\",\"url\":\"https:\/\/www.miomiorun.com\/fr\/\",\"name\":\"MioMioRun\",\"description\":\"Boutique 100% running et trail\",\"publisher\":{\"@id\":\"https:\/\/www.miomiorun.com\/fr\/#organization\"},\"potentialAction\":[{\"@type\":\"SearchAction\",\"target\":{\"@type\":\"EntryPoint\",\"urlTemplate\":\"https:\/\/www.miomiorun.com\/fr\/?s={search_term_string}\"},\"query-input\":{\"@type\":\"PropertyValueSpecification\",\"valueRequired\":true,\"valueName\":\"search_term_string\"}}],\"inLanguage\":\"fr-FR\"},{\"@type\":\"Organization\",\"@id\":\"https:\/\/www.miomiorun.com\/fr\/#organization\",\"name\":\"MioMio Run\",\"url\":\"https:\/\/www.miomiorun.com\/fr\/\",\"logo\":{\"@type\":\"ImageObject\",\"inLanguage\":\"fr-FR\",\"@id\":\"https:\/\/www.miomiorun.com\/fr\/#\/schema\/logo\/image\/\",\"url\":\"https:\/\/www.miomiorun.com\/app\/uploads\/2019\/12\/logomio.png\",\"contentUrl\":\"https:\/\/www.miomiorun.com\/app\/uploads\/2019\/12\/logomio.png\",\"width\":115,\"height\":82,\"caption\":\"MioMio Run\"},\"image\":{\"@id\":\"https:\/\/www.miomiorun.com\/fr\/#\/schema\/logo\/image\/\"},\"sameAs\":[\"https:\/\/www.facebook.com\/miomiorun\/\",\"https:\/\/www.instagram.com\/miomiorun\/\"]}]}<\/script>\n<!-- \/ Yoast SEO plugin. -->","yoast_head_json":{"title":"Hoka One One Challenger 8 homme - Chaussures de trail - MioMioRun","description":"D\u00e9couvrez la Challenger 8 : une chaussure de course polyvalente pour la route et les sentiers. Confort sup\u00e9rieur, adh\u00e9rence avanc\u00e9e et ajustement am\u00e9lior\u00e9. Parfaite sur tous les terrains.","robots":{"index":"index","follow":"follow","max-snippet":"max-snippet:-1","max-image-preview":"max-image-preview:large","max-video-preview":"max-video-preview:-1"},"canonical":"https:\/\/www.miomiorun.com\/fr\/produit\/challenger-8-homme\/","og_locale":"fr_FR","og_type":"article","og_title":"Hoka One One Challenger 8 homme - Chaussures de trail - MioMioRun","og_description":"D\u00e9couvrez la Challenger 8 : une chaussure de course polyvalente pour la route et les sentiers. Confort sup\u00e9rieur, adh\u00e9rence avanc\u00e9e et ajustement am\u00e9lior\u00e9. Parfaite sur tous les terrains.","og_url":"https:\/\/www.miomiorun.com\/fr\/produit\/challenger-8-homme\/","og_site_name":"MioMioRun","article_publisher":"https:\/\/www.facebook.com\/miomiorun\/","article_modified_time":"2026-03-20T21:14:37+00:00","og_image":[{"width":600,"height":600,"url":"https:\/\/www.miomiorun.com\/app\/uploads\/2025\/07\/hoka-Challenger-8-maple-cardamom-1168716-MPLC.webp","type":"image\/webp"}],"twitter_card":"summary_large_image","twitter_misc":{"Est. reading time":"2 minutes"},"schema":{"@context":"https:\/\/schema.org","@graph":[{"@type":"WebPage","@id":"https:\/\/www.miomiorun.com\/fr\/produit\/challenger-8-homme\/","url":"https:\/\/www.miomiorun.com\/fr\/produit\/challenger-8-homme\/","name":"Hoka One One Challenger 8 homme - Chaussures de trail - MioMioRun","isPartOf":{"@id":"https:\/\/www.miomiorun.com\/fr\/#website"},"primaryImageOfPage":{"@id":"https:\/\/www.miomiorun.com\/fr\/produit\/challenger-8-homme\/#primaryimage"},"image":{"@id":"https:\/\/www.miomiorun.com\/fr\/produit\/challenger-8-homme\/#primaryimage"},"thumbnailUrl":"https:\/\/www.miomiorun.com\/app\/uploads\/2025\/07\/hoka-Challenger-8-maple-cardamom-1168716-MPLC.webp","datePublished":"2025-06-20T14:42:41+00:00","dateModified":"2026-03-20T21:14:37+00:00","description":"D\u00e9couvrez la Challenger 8 : une chaussure de course polyvalente pour la route et les sentiers. Confort sup\u00e9rieur, adh\u00e9rence avanc\u00e9e et ajustement am\u00e9lior\u00e9. Parfaite sur tous les terrains.","breadcrumb":{"@id":"https:\/\/www.miomiorun.com\/fr\/produit\/challenger-8-homme\/#breadcrumb"},"inLanguage":"fr-FR","potentialAction":[{"@type":"ReadAction","target":["https:\/\/www.miomiorun.com\/fr\/produit\/challenger-8-homme\/"]}]},{"@type":"ImageObject","inLanguage":"fr-FR","@id":"https:\/\/www.miomiorun.com\/fr\/produit\/challenger-8-homme\/#primaryimage","url":"https:\/\/www.miomiorun.com\/app\/uploads\/2025\/07\/hoka-Challenger-8-maple-cardamom-1168716-MPLC.webp","contentUrl":"https:\/\/www.miomiorun.com\/app\/uploads\/2025\/07\/hoka-Challenger-8-maple-cardamom-1168716-MPLC.webp","width":600,"height":600,"caption":"hoka Challenger 8 maple cardamom 1168716 MPLC"},{"@type":"BreadcrumbList","@id":"https:\/\/www.miomiorun.com\/fr\/produit\/challenger-8-homme\/#breadcrumb","itemListElement":[{"@type":"ListItem","position":1,"name":"Home","item":"https:\/\/www.miomiorun.com\/fr\/home-page\/"},{"@type":"ListItem","position":2,"name":"Shop","item":"https:\/\/www.miomiorun.com\/shop\/"},{"@type":"ListItem","position":3,"name":"Challenger 8 homme"}]},{"@type":"WebSite","@id":"https:\/\/www.miomiorun.com\/fr\/#website","url":"https:\/\/www.miomiorun.com\/fr\/","name":"MioMioRun","description":"Boutique 100% running et trail","publisher":{"@id":"https:\/\/www.miomiorun.com\/fr\/#organization"},"potentialAction":[{"@type":"SearchAction","target":{"@type":"EntryPoint","urlTemplate":"https:\/\/www.miomiorun.com\/fr\/?s={search_term_string}"},"query-input":{"@type":"PropertyValueSpecification","valueRequired":true,"valueName":"search_term_string"}}],"inLanguage":"fr-FR"},{"@type":"Organization","@id":"https:\/\/www.miomiorun.com\/fr\/#organization","name":"MioMio Run","url":"https:\/\/www.miomiorun.com\/fr\/","logo":{"@type":"ImageObject","inLanguage":"fr-FR","@id":"https:\/\/www.miomiorun.com\/fr\/#\/schema\/logo\/image\/","url":"https:\/\/www.miomiorun.com\/app\/uploads\/2019\/12\/logomio.png","contentUrl":"https:\/\/www.miomiorun.com\/app\/uploads\/2019\/12\/logomio.png","width":115,"height":82,"caption":"MioMio Run"},"image":{"@id":"https:\/\/www.miomiorun.com\/fr\/#\/schema\/logo\/image\/"},"sameAs":["https:\/\/www.facebook.com\/miomiorun\/","https:\/\/www.instagram.com\/miomiorun\/"]}]}},"_links":{"self":[{"href":"https:\/\/www.miomiorun.com\/fr\/wp-json\/wp\/v2\/product\/319960","targetHints":{"allow":["GET"]}}],"collection":[{"href":"https:\/\/www.miomiorun.com\/fr\/wp-json\/wp\/v2\/product"}],"about":[{"href":"https:\/\/www.miomiorun.com\/fr\/wp-json\/wp\/v2\/types\/product"}],"wp:featuredmedia":[{"embeddable":true,"href":"https:\/\/www.miomiorun.com\/fr\/wp-json\/wp\/v2\/media\/323096"}],"wp:attachment":[{"href":"https:\/\/www.miomiorun.com\/fr\/wp-json\/wp\/v2\/media?parent=319960"}],"wp:term":[{"taxonomy":"product_brand","embeddable":true,"href":"https:\/\/www.miomiorun.com\/fr\/wp-json\/wp\/v2\/product_brand?post=319960"},{"taxonomy":"product_cat","embeddable":true,"href":"https:\/\/www.miomiorun.com\/fr\/wp-json\/wp\/v2\/product_cat?post=319960"},{"taxonomy":"product_tag","embeddable":true,"href":"https:\/\/www.miomiorun.com\/fr\/wp-json\/wp\/v2\/product_tag?post=319960"}],"curies":[{"name":"wp","href":"https:\/\/api.w.org\/{rel}","templated":true}]}}