{"id":319944,"date":"2025-06-20T16:39:54","date_gmt":"2025-06-20T14:39:54","guid":{"rendered":"https:\/\/miomiorun.com\/?post_type=product&#038;p=319944"},"modified":"2026-03-21T18:03:39","modified_gmt":"2026-03-21T17:03:39","slug":"challenger-8-femme","status":"publish","type":"product","link":"https:\/\/www.miomiorun.com\/fr\/produit\/challenger-8-femme\/","title":{"rendered":"Challenger 8 femme"},"content":{"rendered":"<table style=\"border-collapse: collapse;width: 100%\">\n<tbody>\n<tr>\n<td style=\"width: 33.3333%;vertical-align: top;text-align: center\"><strong>Caract\u00e9ristiques techniques<\/strong><\/p>\n<p>Cat\u00e9gorie : amorti sup\u00e9rieur<br \/>\nD\u00e9calage : 8 mm<br \/>\nPoids : 246 g<br \/>\nId\u00e9al pour : les coureurs amateurs de course tout-terrain \u00e0 la recherche d&#8217;un mod\u00e8le bien amorti pouvant \u00eatre utilis\u00e9 pour les longues et moyennes distances, aussi bien en montagne que sur des chemins de terre et occasionnellement sur l&#8217;asphalte.<br \/>\nPoids de l&#8217;athl\u00e8te : 60-70 kg<br \/>\nAllure de course : moyenne (5,00 min\/km)<br \/>\n<a href=\"https:\/\/miomiorun.com\/guida-alle-specifiche-tecniche\/\">Guide des sp\u00e9cifications techniques<\/a><\/td>\n<td style=\"width: 66.6666%;vertical-align: top;text-align: center\">\n<p data-start=\"192\" data-end=\"251\"><strong data-start=\"192\" data-end=\"251\">\u00c0 l&#8217;\u00e9preuve de la route. Test\u00e9e sur les sentiers. Parfaite partout.<\/strong><\/p>\n<p data-start=\"253\" data-end=\"544\">Si vous recherchez une chaussure qui vous accompagne en toute confiance de la route au tout-terrain sans compromis, la <strong data-start=\"351\" data-end=\"367\">Challenger 8<\/strong> est la r\u00e9ponse. Une \u00e9volution technique qui combine le meilleur des deux mondes : l&#8217;amorti fluide d&#8217;une chaussure de course sur asphalte et la traction fiable d&#8217;une chaussure de trail.<\/p>\n<p data-start=\"546\" data-end=\"570\"><strong data-start=\"546\" data-end=\"570\">Qu&#8217;est-ce qui la rend unique ?<\/strong><\/p>\n<ul data-start=\"572\" data-end=\"1303\">\n<li data-start=\"572\" data-end=\"755\">\n<p data-start=\"574\" data-end=\"755\"><strong data-start=\"576\" data-end=\"597\">Confort sup\u00e9rieur<\/strong> : gr\u00e2ce \u00e0 une plus grande quantit\u00e9 de mousse sous la plante du pied et \u00e0 un nouvel ajustement perfectionn\u00e9, chaque pas est plus stable, plus souple, plus naturel.\n<\/p>\n<\/li>\n<li data-start=\"756\" data-end=\"943\">\n<p data-start=\"758\" data-end=\"943\"><strong data-start=\"760\" data-end=\"784\">Polyvalence absolue<\/strong> : le nouveau design de la semelle multidirectionnelle de 4 mm garantit adh\u00e9rence et r\u00e9activit\u00e9 sur tous les types de terrain, du gravier compact aux sentiers boueux. <\/p>\n<\/li>\n<li data-start=\"944\" data-end=\"1133\">\n<p data-start=\"946\" data-end=\"1133\"><strong data-start=\"948\" data-end=\"971\">Tige intelligente<\/strong> : le mesh technique en rPET (100 % recycl\u00e9) assure respirabilit\u00e9 et l\u00e9g\u00e8ret\u00e9, tandis que les renforts au niveau des orteils prot\u00e8gent lors des sorties les plus exigeantes.\n<\/p>\n<\/li>\n<li data-start=\"1134\" data-end=\"1303\">\n<p data-start=\"1136\" data-end=\"1303\">&nbsp;<strong data-start=\"1138\" data-end=\"1159\">Design am\u00e9lior\u00e9<\/strong> : forme actualis\u00e9e avec un drop accru et un meilleur ajustement \u00e0 l&#8217;avant-pied et au cou-de-pied pour une sensation d&#8217;adaptation naturelle \u00e0 la foul\u00e9e. <\/p>\n<\/li>\n<\/ul>\n<p data-start=\"1305\" data-end=\"1395\"><strong data-start=\"1305\" data-end=\"1395\">Ce n&#8217;est pas seulement une chaussure. C&#8217;est une compagne de voyage pour vos entra\u00eenements les plus ambitieux.<\/strong><\/p>\n<p data-start=\"1397\" data-end=\"1582\">Que vous vous lanciez dans une longue course sur asphalte ou une sortie aventureuse dans les bois, la <strong data-start=\"1477\" data-end=\"1493\">Challenger 8<\/strong> est con\u00e7ue pour vous accompagner partout, avec un confort, une protection et des performances in\u00e9gal\u00e9s.<\/p>\n<p data-start=\"1584\" data-end=\"1606\">&nbsp;<strong data-start=\"1587\" data-end=\"1603\">Parfaite pour<\/strong> :<\/p>\n<ul data-start=\"1607\" data-end=\"1701\">\n<li data-start=\"1607\" data-end=\"1617\">\n<p data-start=\"1609\" data-end=\"1617\">Route<\/p>\n<\/li>\n<li data-start=\"1618\" data-end=\"1627\">\n<p data-start=\"1620\" data-end=\"1627\">Trail<\/p>\n<\/li>\n<li data-start=\"1628\" data-end=\"1643\">\n<p data-start=\"1630\" data-end=\"1643\">Courses mixtes<\/p>\n<\/li>\n<\/ul>\n<\/td>\n<\/tr>\n<\/tbody>\n<\/table>\n<p>&nbsp;<\/p>\n","protected":false},"excerpt":{"rendered":"<ul>\n<li>Renfort de pointe s\u00e9rigraphi\u00e9 en 3D<\/li>\n<li>EVA moul\u00e9 par compression<\/li>\n<li>Semelle crant\u00e9e multidirectionnelle de 4 mm<\/li>\n<\/ul>\n","protected":false},"featured_media":396103,"template":"","meta":{"_acf_changed":false,"inline_featured_image":false},"product_brand":[],"product_cat":[22605,22608],"product_tag":[23478,23494],"class_list":{"0":"post-319944","1":"product","2":"type-product","3":"status-publish","4":"has-post-thumbnail","6":"product_cat-chaussures-pour-femmes","7":"product_cat-trail-fr","8":"product_tag-hoka-one-one-fr","9":"product_tag-hoka-femme","10":"pa_attivita-marcher","11":"pa_attivita-running-fr","12":"pa_attivita-trail-fr","13":"pa_colore-challenger-8-w-ambient-blue-blueberry","14":"pa_colore-challenger-8-w-black-gold-fr","15":"pa_colore-challenger-8-w-skyward-blue-cielo-blue-fr","16":"pa_colore-challenger-8-w-tidal-wave-pampas-grass","17":"pa_colore-challenger-8-w-white-neon-hoka-citrus-fr","18":"pa_marca-hoka-fr","19":"pa_sesso-femme","20":"pa_size-36-fr","21":"pa_size-37-fr","22":"pa_size-38-fr","24":"pa_size-39-fr","25":"pa_size-40-fr","27":"pa_size-41-fr","28":"pa_size-42-fr","30":"first","31":"instock","32":"sale","33":"taxable","34":"shipping-taxable","35":"purchasable","36":"product-type-variable","37":"wvs-archive-product-wrapper"},"acf":[],"yoast_head":"<!-- This site is optimized with the Yoast SEO plugin v26.8 - https:\/\/yoast.com\/product\/yoast-seo-wordpress\/ -->\n<title>Hoka One One Challenger 8 femme - Chaussures de trail- MioMioRun<\/title>\n<meta name=\"description\" content=\"D\u00e9couvrez la Challenger 8 : une chaussure de course polyvalente pour la route et les sentiers. Confort sup\u00e9rieur, adh\u00e9rence avanc\u00e9e et ajustement am\u00e9lior\u00e9. Parfaite sur tous les terrains.\" \/>\n<meta name=\"robots\" content=\"index, follow, max-snippet:-1, max-image-preview:large, max-video-preview:-1\" \/>\n<link rel=\"canonical\" href=\"https:\/\/www.miomiorun.com\/fr\/produit\/challenger-8-femme\/\" \/>\n<meta property=\"og:locale\" content=\"fr_FR\" \/>\n<meta property=\"og:type\" content=\"article\" \/>\n<meta property=\"og:title\" content=\"Hoka One One Challenger 8 femme - Chaussures de trail- MioMioRun\" \/>\n<meta property=\"og:description\" content=\"D\u00e9couvrez la Challenger 8 : une chaussure de course polyvalente pour la route et les sentiers. Confort sup\u00e9rieur, adh\u00e9rence avanc\u00e9e et ajustement am\u00e9lior\u00e9. Parfaite sur tous les terrains.\" \/>\n<meta property=\"og:url\" content=\"https:\/\/www.miomiorun.com\/fr\/produit\/challenger-8-femme\/\" \/>\n<meta property=\"og:site_name\" content=\"MioMioRun\" \/>\n<meta property=\"article:publisher\" content=\"https:\/\/www.facebook.com\/miomiorun\/\" \/>\n<meta property=\"article:modified_time\" content=\"2026-03-21T17:03:39+00:00\" \/>\n<meta property=\"og:image\" content=\"https:\/\/www.miomiorun.com\/app\/uploads\/2025\/07\/hoka-Challenger-8-W-blush-dark-cedar-1168717-BSHD.webp\" \/>\n\t<meta property=\"og:image:width\" content=\"600\" \/>\n\t<meta property=\"og:image:height\" content=\"600\" \/>\n\t<meta property=\"og:image:type\" content=\"image\/webp\" \/>\n<meta name=\"twitter:card\" content=\"summary_large_image\" \/>\n<meta name=\"twitter:label1\" content=\"Est. reading time\" \/>\n\t<meta name=\"twitter:data1\" content=\"2 minutes\" \/>\n<script type=\"application\/ld+json\" class=\"yoast-schema-graph\">{\"@context\":\"https:\/\/schema.org\",\"@graph\":[{\"@type\":\"WebPage\",\"@id\":\"https:\/\/www.miomiorun.com\/fr\/produit\/challenger-8-femme\/\",\"url\":\"https:\/\/www.miomiorun.com\/fr\/produit\/challenger-8-femme\/\",\"name\":\"Hoka One One Challenger 8 femme - Chaussures de trail- MioMioRun\",\"isPartOf\":{\"@id\":\"https:\/\/www.miomiorun.com\/fr\/#website\"},\"primaryImageOfPage\":{\"@id\":\"https:\/\/www.miomiorun.com\/fr\/produit\/challenger-8-femme\/#primaryimage\"},\"image\":{\"@id\":\"https:\/\/www.miomiorun.com\/fr\/produit\/challenger-8-femme\/#primaryimage\"},\"thumbnailUrl\":\"https:\/\/www.miomiorun.com\/app\/uploads\/2026\/02\/hoka-Challenger-8-W-ambient-blue-blueberry-1168717-ALBR.webp\",\"datePublished\":\"2025-06-20T14:39:54+00:00\",\"dateModified\":\"2026-03-21T17:03:39+00:00\",\"description\":\"D\u00e9couvrez la Challenger 8 : une chaussure de course polyvalente pour la route et les sentiers. Confort sup\u00e9rieur, adh\u00e9rence avanc\u00e9e et ajustement am\u00e9lior\u00e9. Parfaite sur tous les terrains.\",\"breadcrumb\":{\"@id\":\"https:\/\/www.miomiorun.com\/fr\/produit\/challenger-8-femme\/#breadcrumb\"},\"inLanguage\":\"fr-FR\",\"potentialAction\":[{\"@type\":\"ReadAction\",\"target\":[\"https:\/\/www.miomiorun.com\/fr\/produit\/challenger-8-femme\/\"]}]},{\"@type\":\"ImageObject\",\"inLanguage\":\"fr-FR\",\"@id\":\"https:\/\/www.miomiorun.com\/fr\/produit\/challenger-8-femme\/#primaryimage\",\"url\":\"https:\/\/www.miomiorun.com\/app\/uploads\/2026\/02\/hoka-Challenger-8-W-ambient-blue-blueberry-1168717-ALBR.webp\",\"contentUrl\":\"https:\/\/www.miomiorun.com\/app\/uploads\/2026\/02\/hoka-Challenger-8-W-ambient-blue-blueberry-1168717-ALBR.webp\",\"width\":720,\"height\":720,\"caption\":\"hoka Challenger 8 W ambient blue blueberry 1168717 ALBR\"},{\"@type\":\"BreadcrumbList\",\"@id\":\"https:\/\/www.miomiorun.com\/fr\/produit\/challenger-8-femme\/#breadcrumb\",\"itemListElement\":[{\"@type\":\"ListItem\",\"position\":1,\"name\":\"Home\",\"item\":\"https:\/\/www.miomiorun.com\/fr\/home-page\/\"},{\"@type\":\"ListItem\",\"position\":2,\"name\":\"Shop\",\"item\":\"https:\/\/www.miomiorun.com\/shop\/\"},{\"@type\":\"ListItem\",\"position\":3,\"name\":\"Challenger 8 femme\"}]},{\"@type\":\"WebSite\",\"@id\":\"https:\/\/www.miomiorun.com\/fr\/#website\",\"url\":\"https:\/\/www.miomiorun.com\/fr\/\",\"name\":\"MioMioRun\",\"description\":\"Boutique 100% running et trail\",\"publisher\":{\"@id\":\"https:\/\/www.miomiorun.com\/fr\/#organization\"},\"potentialAction\":[{\"@type\":\"SearchAction\",\"target\":{\"@type\":\"EntryPoint\",\"urlTemplate\":\"https:\/\/www.miomiorun.com\/fr\/?s={search_term_string}\"},\"query-input\":{\"@type\":\"PropertyValueSpecification\",\"valueRequired\":true,\"valueName\":\"search_term_string\"}}],\"inLanguage\":\"fr-FR\"},{\"@type\":\"Organization\",\"@id\":\"https:\/\/www.miomiorun.com\/fr\/#organization\",\"name\":\"MioMio Run\",\"url\":\"https:\/\/www.miomiorun.com\/fr\/\",\"logo\":{\"@type\":\"ImageObject\",\"inLanguage\":\"fr-FR\",\"@id\":\"https:\/\/www.miomiorun.com\/fr\/#\/schema\/logo\/image\/\",\"url\":\"https:\/\/www.miomiorun.com\/app\/uploads\/2019\/12\/logomio.png\",\"contentUrl\":\"https:\/\/www.miomiorun.com\/app\/uploads\/2019\/12\/logomio.png\",\"width\":115,\"height\":82,\"caption\":\"MioMio Run\"},\"image\":{\"@id\":\"https:\/\/www.miomiorun.com\/fr\/#\/schema\/logo\/image\/\"},\"sameAs\":[\"https:\/\/www.facebook.com\/miomiorun\/\",\"https:\/\/www.instagram.com\/miomiorun\/\"]}]}<\/script>\n<!-- \/ Yoast SEO plugin. -->","yoast_head_json":{"title":"Hoka One One Challenger 8 femme - Chaussures de trail- MioMioRun","description":"D\u00e9couvrez la Challenger 8 : une chaussure de course polyvalente pour la route et les sentiers. Confort sup\u00e9rieur, adh\u00e9rence avanc\u00e9e et ajustement am\u00e9lior\u00e9. Parfaite sur tous les terrains.","robots":{"index":"index","follow":"follow","max-snippet":"max-snippet:-1","max-image-preview":"max-image-preview:large","max-video-preview":"max-video-preview:-1"},"canonical":"https:\/\/www.miomiorun.com\/fr\/produit\/challenger-8-femme\/","og_locale":"fr_FR","og_type":"article","og_title":"Hoka One One Challenger 8 femme - Chaussures de trail- MioMioRun","og_description":"D\u00e9couvrez la Challenger 8 : une chaussure de course polyvalente pour la route et les sentiers. Confort sup\u00e9rieur, adh\u00e9rence avanc\u00e9e et ajustement am\u00e9lior\u00e9. Parfaite sur tous les terrains.","og_url":"https:\/\/www.miomiorun.com\/fr\/produit\/challenger-8-femme\/","og_site_name":"MioMioRun","article_publisher":"https:\/\/www.facebook.com\/miomiorun\/","article_modified_time":"2026-03-21T17:03:39+00:00","og_image":[{"width":600,"height":600,"url":"https:\/\/www.miomiorun.com\/app\/uploads\/2025\/07\/hoka-Challenger-8-W-blush-dark-cedar-1168717-BSHD.webp","type":"image\/webp"}],"twitter_card":"summary_large_image","twitter_misc":{"Est. reading time":"2 minutes"},"schema":{"@context":"https:\/\/schema.org","@graph":[{"@type":"WebPage","@id":"https:\/\/www.miomiorun.com\/fr\/produit\/challenger-8-femme\/","url":"https:\/\/www.miomiorun.com\/fr\/produit\/challenger-8-femme\/","name":"Hoka One One Challenger 8 femme - Chaussures de trail- MioMioRun","isPartOf":{"@id":"https:\/\/www.miomiorun.com\/fr\/#website"},"primaryImageOfPage":{"@id":"https:\/\/www.miomiorun.com\/fr\/produit\/challenger-8-femme\/#primaryimage"},"image":{"@id":"https:\/\/www.miomiorun.com\/fr\/produit\/challenger-8-femme\/#primaryimage"},"thumbnailUrl":"https:\/\/www.miomiorun.com\/app\/uploads\/2026\/02\/hoka-Challenger-8-W-ambient-blue-blueberry-1168717-ALBR.webp","datePublished":"2025-06-20T14:39:54+00:00","dateModified":"2026-03-21T17:03:39+00:00","description":"D\u00e9couvrez la Challenger 8 : une chaussure de course polyvalente pour la route et les sentiers. Confort sup\u00e9rieur, adh\u00e9rence avanc\u00e9e et ajustement am\u00e9lior\u00e9. Parfaite sur tous les terrains.","breadcrumb":{"@id":"https:\/\/www.miomiorun.com\/fr\/produit\/challenger-8-femme\/#breadcrumb"},"inLanguage":"fr-FR","potentialAction":[{"@type":"ReadAction","target":["https:\/\/www.miomiorun.com\/fr\/produit\/challenger-8-femme\/"]}]},{"@type":"ImageObject","inLanguage":"fr-FR","@id":"https:\/\/www.miomiorun.com\/fr\/produit\/challenger-8-femme\/#primaryimage","url":"https:\/\/www.miomiorun.com\/app\/uploads\/2026\/02\/hoka-Challenger-8-W-ambient-blue-blueberry-1168717-ALBR.webp","contentUrl":"https:\/\/www.miomiorun.com\/app\/uploads\/2026\/02\/hoka-Challenger-8-W-ambient-blue-blueberry-1168717-ALBR.webp","width":720,"height":720,"caption":"hoka Challenger 8 W ambient blue blueberry 1168717 ALBR"},{"@type":"BreadcrumbList","@id":"https:\/\/www.miomiorun.com\/fr\/produit\/challenger-8-femme\/#breadcrumb","itemListElement":[{"@type":"ListItem","position":1,"name":"Home","item":"https:\/\/www.miomiorun.com\/fr\/home-page\/"},{"@type":"ListItem","position":2,"name":"Shop","item":"https:\/\/www.miomiorun.com\/shop\/"},{"@type":"ListItem","position":3,"name":"Challenger 8 femme"}]},{"@type":"WebSite","@id":"https:\/\/www.miomiorun.com\/fr\/#website","url":"https:\/\/www.miomiorun.com\/fr\/","name":"MioMioRun","description":"Boutique 100% running et trail","publisher":{"@id":"https:\/\/www.miomiorun.com\/fr\/#organization"},"potentialAction":[{"@type":"SearchAction","target":{"@type":"EntryPoint","urlTemplate":"https:\/\/www.miomiorun.com\/fr\/?s={search_term_string}"},"query-input":{"@type":"PropertyValueSpecification","valueRequired":true,"valueName":"search_term_string"}}],"inLanguage":"fr-FR"},{"@type":"Organization","@id":"https:\/\/www.miomiorun.com\/fr\/#organization","name":"MioMio Run","url":"https:\/\/www.miomiorun.com\/fr\/","logo":{"@type":"ImageObject","inLanguage":"fr-FR","@id":"https:\/\/www.miomiorun.com\/fr\/#\/schema\/logo\/image\/","url":"https:\/\/www.miomiorun.com\/app\/uploads\/2019\/12\/logomio.png","contentUrl":"https:\/\/www.miomiorun.com\/app\/uploads\/2019\/12\/logomio.png","width":115,"height":82,"caption":"MioMio Run"},"image":{"@id":"https:\/\/www.miomiorun.com\/fr\/#\/schema\/logo\/image\/"},"sameAs":["https:\/\/www.facebook.com\/miomiorun\/","https:\/\/www.instagram.com\/miomiorun\/"]}]}},"_links":{"self":[{"href":"https:\/\/www.miomiorun.com\/fr\/wp-json\/wp\/v2\/product\/319944","targetHints":{"allow":["GET"]}}],"collection":[{"href":"https:\/\/www.miomiorun.com\/fr\/wp-json\/wp\/v2\/product"}],"about":[{"href":"https:\/\/www.miomiorun.com\/fr\/wp-json\/wp\/v2\/types\/product"}],"wp:featuredmedia":[{"embeddable":true,"href":"https:\/\/www.miomiorun.com\/fr\/wp-json\/wp\/v2\/media\/396103"}],"wp:attachment":[{"href":"https:\/\/www.miomiorun.com\/fr\/wp-json\/wp\/v2\/media?parent=319944"}],"wp:term":[{"taxonomy":"product_brand","embeddable":true,"href":"https:\/\/www.miomiorun.com\/fr\/wp-json\/wp\/v2\/product_brand?post=319944"},{"taxonomy":"product_cat","embeddable":true,"href":"https:\/\/www.miomiorun.com\/fr\/wp-json\/wp\/v2\/product_cat?post=319944"},{"taxonomy":"product_tag","embeddable":true,"href":"https:\/\/www.miomiorun.com\/fr\/wp-json\/wp\/v2\/product_tag?post=319944"}],"curies":[{"name":"wp","href":"https:\/\/api.w.org\/{rel}","templated":true}]}}