{"id":319105,"date":"2025-06-12T16:25:15","date_gmt":"2025-06-12T14:25:15","guid":{"rendered":"https:\/\/miomiorun.com\/?post_type=product&#038;p=319105"},"modified":"2025-12-05T18:47:16","modified_gmt":"2025-12-05T17:47:16","slug":"adizero-boston-13-femme","status":"publish","type":"product","link":"https:\/\/www.miomiorun.com\/fr\/produit\/adizero-boston-13-femme\/","title":{"rendered":"Adizero Boston 13 femme"},"content":{"rendered":"<div class=\"vc-row container\"><div class=\"vc-column\"><div class=\"vc-column-text\"><\/p>\n<h4>Caract\u00e9ristiques techniques<\/h4>\n<p>Cat\u00e9gorie : amorti moyen<br \/>\nD\u00e9calage : 6 mm (talon : 36 mm \/ avant-pied : 30 mm)<br \/>\nPoids : 217 g<br \/>\nId\u00e9al pour : les coureurs de niveau interm\u00e9diaire, \u00e0 la recherche \u00e0 la fois de performances et de confort, pour obtenir de bons r\u00e9sultats en comp\u00e9tition ou pour des entra\u00eenements de qualit\u00e9.<br \/>\nPoids de l&#8217;athl\u00e8te : 50-65 kg<br \/>\nAllure de course : rapide (&gt;4,30 min\/km)<br \/>\n<a href=\"https:\/\/miomiorun.com\/guida-alle-specifiche-tecniche\/\">Guide des caract\u00e9ristiques techniques<\/a><\/p>\n<p><\/div><\/div><div class=\"vc-column\"><div class=\"vc-column-text\"><\/p>\n<p data-start=\"220\" data-end=\"516\">Les <strong data-start=\"223\" data-end=\"251\">adidas Adizero Boston 13<\/strong> sont les chaussures de course id\u00e9ales pour ceux qui souhaitent repousser leurs limites, entra\u00eenement apr\u00e8s entra\u00eenement. Con\u00e7ues pour les coureurs \u00e0 la recherche de <strong data-start=\"388\" data-end=\"425\">r\u00e9activit\u00e9, l\u00e9g\u00e8ret\u00e9 et maintien<\/strong>, elles combinent des technologies avanc\u00e9es et des mat\u00e9riaux durables dans un design hautement performant.<\/p>\n<p data-start=\"518\" data-end=\"923\">Cette nouvelle version est dot\u00e9e d&#8217;une semelle interm\u00e9diaire renforc\u00e9e avec <strong data-start=\"584\" data-end=\"619\">13,8 % de Lightstrike Pro en plus<\/strong>, pour un <strong data-start=\"628\" data-end=\"667\">amorti \u00e9nergique et r\u00e9actif<\/strong> \u00e0 chaque foul\u00e9e. La combinaison avec la mousse <strong data-start=\"713\" data-end=\"728\">Lightstrike<\/strong> garantit un \u00e9quilibre parfait entre confort et stabilit\u00e9. Les <strong data-start=\"791\" data-end=\"805\">ENERGYRODS<\/strong> r\u00e9duisent la dispersion d&#8217;\u00e9nergie et favorisent des transitions fluides et rapides, id\u00e9ales pour vos s\u00e9ances les plus intenses.<\/p>\n<p data-start=\"925\" data-end=\"1191\">La <strong data-start=\"928\" data-end=\"954\">tige en mesh technique<\/strong>, l\u00e9g\u00e8re et respirante, a \u00e9t\u00e9 repens\u00e9e pour offrir un ajustement pr\u00e9cis et un soutien aux endroits strat\u00e9giques, tandis que la <strong data-start=\"1073\" data-end=\"1101\">nouvelle semelle LIGHTTRAXION<\/strong> avec <strong data-start=\"1106\" data-end=\"1128\">caoutchouc Continental\u2122 <\/strong> assure <strong data-start=\"1138\" data-end=\"1159\">adh\u00e9rence et l\u00e9g\u00e8ret\u00e9<\/strong>, m\u00eame dans des conditions variables.<\/p>\n<p data-start=\"1193\" data-end=\"1325\">Fabriqu\u00e9es avec au moins <strong data-start=\"1218\" data-end=\"1248\">20 % de mat\u00e9riaux recycl\u00e9s<\/strong>, elles sont le choix id\u00e9al pour ceux qui veulent courir plus vite&#8230; et de mani\u00e8re plus responsable.<\/p>\n<h4 data-start=\"1332\" data-end=\"1368\"><strong data-start=\"1337\" data-end=\"1368\">Caract\u00e9ristiques principales :<\/strong><\/h4>\n<ul data-start=\"1369\" data-end=\"1773\">\n<li data-start=\"1369\" data-end=\"1416\">\n<p data-start=\"1371\" data-end=\"1416\">Coupe r\u00e9guli\u00e8re avec <strong data-start=\"1396\" data-end=\"1416\">fermeture \u00e0 lacets<\/strong><\/p>\n<\/li>\n<li data-start=\"1417\" data-end=\"1477\">\n<p data-start=\"1419\" data-end=\"1477\"><strong data-start=\"1419\" data-end=\"1445\">Empeigne en mesh technique<\/strong> pour plus de l\u00e9g\u00e8ret\u00e9 et de respirabilit\u00e9<\/p>\n<\/li>\n<li data-start=\"1478\" data-end=\"1571\">\n<p data-start=\"1480\" data-end=\"1571\"><strong data-start=\"1480\" data-end=\"1501\">Semelle interm\u00e9diaire hybride<\/strong> : Lightstrike + Lightstrike Pro (13,8 % de plus que la Boston 12)<\/p>\n<\/li>\n<li data-start=\"1572\" data-end=\"1650\">\n<p data-start=\"1574\" data-end=\"1650\"><strong data-start=\"1574\" data-end=\"1588\">ENERGYRODS<\/strong> pour r\u00e9duire la perte d&#8217;\u00e9nergie et am\u00e9liorer la propulsion<\/p>\n<\/li>\n<li data-start=\"1651\" data-end=\"1730\">\n<p data-start=\"1653\" data-end=\"1730\"><strong data-start=\"1653\" data-end=\"1698\">Semelle LIGHTTRAXION avec caoutchouc Continental\u2122<\/strong> : adh\u00e9rence exceptionnelle, poids r\u00e9duit<\/p>\n<\/li>\n<\/ul>\n<p><\/div><\/div><\/div>\n<\/p><\/p>\n","protected":false},"excerpt":{"rendered":"<ul>\n<li>Une chaussure qui vous permettra de courir plus vite.<\/li>\n<li>Id\u00e9ale pour vos entra\u00eenements et vos comp\u00e9titions.<\/li>\n<\/ul>\n","protected":false},"featured_media":358187,"template":"","meta":{"_acf_changed":false,"inline_featured_image":false},"product_brand":[],"product_cat":[22605,22606],"product_tag":[23557,23563],"class_list":{"0":"post-319105","1":"product","2":"type-product","3":"status-publish","4":"has-post-thumbnail","6":"product_cat-chaussures-pour-femmes","7":"product_cat-neutre","8":"product_tag-adidas-fr","9":"product_tag-adidas-femme","10":"pa_attivita-running-fr","11":"pa_colore-boston-13-w-cblack-lucpnk-cobblu","12":"pa_colore-boston-13-w-powplu-silver-fr","13":"pa_colore-boston-13-w-syello-ftw","14":"pa_marca-adidas-fr","15":"pa_sesso-femme","16":"pa_size-38-fr","18":"pa_size-39-fr","19":"pa_size-40-fr","21":"pa_size-41-fr","23":"first","24":"instock","25":"sale","26":"taxable","27":"shipping-taxable","28":"purchasable","29":"product-type-variable","30":"wvs-archive-product-wrapper"},"acf":[],"yoast_head":"<!-- This site is optimized with the Yoast SEO plugin v26.8 - https:\/\/yoast.com\/product\/yoast-seo-wordpress\/ -->\n<title>Adidas Adizero Boston 13 femme - chaussures de course - MioMioRun<\/title>\n<meta name=\"description\" content=\"Adidas Adizero Boston 13 : chaussures de course l\u00e9g\u00e8res et r\u00e9actives avec Lightstrike Pro, ENERGYRODS et semelle Continental\u2122. Id\u00e9ales pour les entra\u00eenements rapides et durables.\" \/>\n<meta name=\"robots\" content=\"index, follow, max-snippet:-1, max-image-preview:large, max-video-preview:-1\" \/>\n<link rel=\"canonical\" href=\"https:\/\/www.miomiorun.com\/fr\/produit\/adizero-boston-13-femme\/\" \/>\n<meta property=\"og:locale\" content=\"fr_FR\" \/>\n<meta property=\"og:type\" content=\"article\" \/>\n<meta property=\"og:title\" content=\"Adidas Adizero Boston 13 femme - chaussures de course - MioMioRun\" \/>\n<meta property=\"og:description\" content=\"Adidas Adizero Boston 13 : chaussures de course l\u00e9g\u00e8res et r\u00e9actives avec Lightstrike Pro, ENERGYRODS et semelle Continental\u2122. Id\u00e9ales pour les entra\u00eenements rapides et durables.\" \/>\n<meta property=\"og:url\" content=\"https:\/\/www.miomiorun.com\/fr\/produit\/adizero-boston-13-femme\/\" \/>\n<meta property=\"og:site_name\" content=\"MioMioRun\" \/>\n<meta property=\"article:publisher\" content=\"https:\/\/www.facebook.com\/miomiorun\/\" \/>\n<meta property=\"article:modified_time\" content=\"2025-12-05T17:47:16+00:00\" \/>\n<meta property=\"og:image\" content=\"https:\/\/www.miomiorun.com\/app\/uploads\/2025\/10\/adidas-Boston-13-W-powplu-silver-JS4955.webp\" \/>\n\t<meta property=\"og:image:width\" content=\"720\" \/>\n\t<meta property=\"og:image:height\" content=\"720\" \/>\n\t<meta property=\"og:image:type\" content=\"image\/webp\" \/>\n<meta name=\"twitter:card\" content=\"summary_large_image\" \/>\n<meta name=\"twitter:label1\" content=\"Est. reading time\" \/>\n\t<meta name=\"twitter:data1\" content=\"2 minutes\" \/>\n<script type=\"application\/ld+json\" class=\"yoast-schema-graph\">{\"@context\":\"https:\/\/schema.org\",\"@graph\":[{\"@type\":\"WebPage\",\"@id\":\"https:\/\/www.miomiorun.com\/fr\/produit\/adizero-boston-13-femme\/\",\"url\":\"https:\/\/www.miomiorun.com\/fr\/produit\/adizero-boston-13-femme\/\",\"name\":\"Adidas Adizero Boston 13 femme - chaussures de course - MioMioRun\",\"isPartOf\":{\"@id\":\"https:\/\/www.miomiorun.com\/fr\/#website\"},\"primaryImageOfPage\":{\"@id\":\"https:\/\/www.miomiorun.com\/fr\/produit\/adizero-boston-13-femme\/#primaryimage\"},\"image\":{\"@id\":\"https:\/\/www.miomiorun.com\/fr\/produit\/adizero-boston-13-femme\/#primaryimage\"},\"thumbnailUrl\":\"https:\/\/www.miomiorun.com\/app\/uploads\/2025\/10\/adidas-Boston-13-W-powplu-silver-JS4955.webp\",\"datePublished\":\"2025-06-12T14:25:15+00:00\",\"dateModified\":\"2025-12-05T17:47:16+00:00\",\"description\":\"Adidas Adizero Boston 13 : chaussures de course l\u00e9g\u00e8res et r\u00e9actives avec Lightstrike Pro, ENERGYRODS et semelle Continental\u2122. Id\u00e9ales pour les entra\u00eenements rapides et durables.\",\"breadcrumb\":{\"@id\":\"https:\/\/www.miomiorun.com\/fr\/produit\/adizero-boston-13-femme\/#breadcrumb\"},\"inLanguage\":\"fr-FR\",\"potentialAction\":[{\"@type\":\"ReadAction\",\"target\":[\"https:\/\/www.miomiorun.com\/fr\/produit\/adizero-boston-13-femme\/\"]}]},{\"@type\":\"ImageObject\",\"inLanguage\":\"fr-FR\",\"@id\":\"https:\/\/www.miomiorun.com\/fr\/produit\/adizero-boston-13-femme\/#primaryimage\",\"url\":\"https:\/\/www.miomiorun.com\/app\/uploads\/2025\/10\/adidas-Boston-13-W-powplu-silver-JS4955.webp\",\"contentUrl\":\"https:\/\/www.miomiorun.com\/app\/uploads\/2025\/10\/adidas-Boston-13-W-powplu-silver-JS4955.webp\",\"width\":720,\"height\":720,\"caption\":\"adidas Boston 13 W powplu silver JS4955\"},{\"@type\":\"BreadcrumbList\",\"@id\":\"https:\/\/www.miomiorun.com\/fr\/produit\/adizero-boston-13-femme\/#breadcrumb\",\"itemListElement\":[{\"@type\":\"ListItem\",\"position\":1,\"name\":\"Home\",\"item\":\"https:\/\/www.miomiorun.com\/fr\/home-page\/\"},{\"@type\":\"ListItem\",\"position\":2,\"name\":\"Shop\",\"item\":\"https:\/\/www.miomiorun.com\/shop\/\"},{\"@type\":\"ListItem\",\"position\":3,\"name\":\"Adizero Boston 13 femme\"}]},{\"@type\":\"WebSite\",\"@id\":\"https:\/\/www.miomiorun.com\/fr\/#website\",\"url\":\"https:\/\/www.miomiorun.com\/fr\/\",\"name\":\"MioMioRun\",\"description\":\"Boutique 100% running et trail\",\"publisher\":{\"@id\":\"https:\/\/www.miomiorun.com\/fr\/#organization\"},\"potentialAction\":[{\"@type\":\"SearchAction\",\"target\":{\"@type\":\"EntryPoint\",\"urlTemplate\":\"https:\/\/www.miomiorun.com\/fr\/?s={search_term_string}\"},\"query-input\":{\"@type\":\"PropertyValueSpecification\",\"valueRequired\":true,\"valueName\":\"search_term_string\"}}],\"inLanguage\":\"fr-FR\"},{\"@type\":\"Organization\",\"@id\":\"https:\/\/www.miomiorun.com\/fr\/#organization\",\"name\":\"MioMio Run\",\"url\":\"https:\/\/www.miomiorun.com\/fr\/\",\"logo\":{\"@type\":\"ImageObject\",\"inLanguage\":\"fr-FR\",\"@id\":\"https:\/\/www.miomiorun.com\/fr\/#\/schema\/logo\/image\/\",\"url\":\"https:\/\/www.miomiorun.com\/app\/uploads\/2019\/12\/logomio.png\",\"contentUrl\":\"https:\/\/www.miomiorun.com\/app\/uploads\/2019\/12\/logomio.png\",\"width\":115,\"height\":82,\"caption\":\"MioMio Run\"},\"image\":{\"@id\":\"https:\/\/www.miomiorun.com\/fr\/#\/schema\/logo\/image\/\"},\"sameAs\":[\"https:\/\/www.facebook.com\/miomiorun\/\",\"https:\/\/www.instagram.com\/miomiorun\/\"]}]}<\/script>\n<!-- \/ Yoast SEO plugin. -->","yoast_head_json":{"title":"Adidas Adizero Boston 13 femme - chaussures de course - MioMioRun","description":"Adidas Adizero Boston 13 : chaussures de course l\u00e9g\u00e8res et r\u00e9actives avec Lightstrike Pro, ENERGYRODS et semelle Continental\u2122. Id\u00e9ales pour les entra\u00eenements rapides et durables.","robots":{"index":"index","follow":"follow","max-snippet":"max-snippet:-1","max-image-preview":"max-image-preview:large","max-video-preview":"max-video-preview:-1"},"canonical":"https:\/\/www.miomiorun.com\/fr\/produit\/adizero-boston-13-femme\/","og_locale":"fr_FR","og_type":"article","og_title":"Adidas Adizero Boston 13 femme - chaussures de course - MioMioRun","og_description":"Adidas Adizero Boston 13 : chaussures de course l\u00e9g\u00e8res et r\u00e9actives avec Lightstrike Pro, ENERGYRODS et semelle Continental\u2122. Id\u00e9ales pour les entra\u00eenements rapides et durables.","og_url":"https:\/\/www.miomiorun.com\/fr\/produit\/adizero-boston-13-femme\/","og_site_name":"MioMioRun","article_publisher":"https:\/\/www.facebook.com\/miomiorun\/","article_modified_time":"2025-12-05T17:47:16+00:00","og_image":[{"width":720,"height":720,"url":"https:\/\/www.miomiorun.com\/app\/uploads\/2025\/10\/adidas-Boston-13-W-powplu-silver-JS4955.webp","type":"image\/webp"}],"twitter_card":"summary_large_image","twitter_misc":{"Est. reading time":"2 minutes"},"schema":{"@context":"https:\/\/schema.org","@graph":[{"@type":"WebPage","@id":"https:\/\/www.miomiorun.com\/fr\/produit\/adizero-boston-13-femme\/","url":"https:\/\/www.miomiorun.com\/fr\/produit\/adizero-boston-13-femme\/","name":"Adidas Adizero Boston 13 femme - chaussures de course - MioMioRun","isPartOf":{"@id":"https:\/\/www.miomiorun.com\/fr\/#website"},"primaryImageOfPage":{"@id":"https:\/\/www.miomiorun.com\/fr\/produit\/adizero-boston-13-femme\/#primaryimage"},"image":{"@id":"https:\/\/www.miomiorun.com\/fr\/produit\/adizero-boston-13-femme\/#primaryimage"},"thumbnailUrl":"https:\/\/www.miomiorun.com\/app\/uploads\/2025\/10\/adidas-Boston-13-W-powplu-silver-JS4955.webp","datePublished":"2025-06-12T14:25:15+00:00","dateModified":"2025-12-05T17:47:16+00:00","description":"Adidas Adizero Boston 13 : chaussures de course l\u00e9g\u00e8res et r\u00e9actives avec Lightstrike Pro, ENERGYRODS et semelle Continental\u2122. Id\u00e9ales pour les entra\u00eenements rapides et durables.","breadcrumb":{"@id":"https:\/\/www.miomiorun.com\/fr\/produit\/adizero-boston-13-femme\/#breadcrumb"},"inLanguage":"fr-FR","potentialAction":[{"@type":"ReadAction","target":["https:\/\/www.miomiorun.com\/fr\/produit\/adizero-boston-13-femme\/"]}]},{"@type":"ImageObject","inLanguage":"fr-FR","@id":"https:\/\/www.miomiorun.com\/fr\/produit\/adizero-boston-13-femme\/#primaryimage","url":"https:\/\/www.miomiorun.com\/app\/uploads\/2025\/10\/adidas-Boston-13-W-powplu-silver-JS4955.webp","contentUrl":"https:\/\/www.miomiorun.com\/app\/uploads\/2025\/10\/adidas-Boston-13-W-powplu-silver-JS4955.webp","width":720,"height":720,"caption":"adidas Boston 13 W powplu silver JS4955"},{"@type":"BreadcrumbList","@id":"https:\/\/www.miomiorun.com\/fr\/produit\/adizero-boston-13-femme\/#breadcrumb","itemListElement":[{"@type":"ListItem","position":1,"name":"Home","item":"https:\/\/www.miomiorun.com\/fr\/home-page\/"},{"@type":"ListItem","position":2,"name":"Shop","item":"https:\/\/www.miomiorun.com\/shop\/"},{"@type":"ListItem","position":3,"name":"Adizero Boston 13 femme"}]},{"@type":"WebSite","@id":"https:\/\/www.miomiorun.com\/fr\/#website","url":"https:\/\/www.miomiorun.com\/fr\/","name":"MioMioRun","description":"Boutique 100% running et trail","publisher":{"@id":"https:\/\/www.miomiorun.com\/fr\/#organization"},"potentialAction":[{"@type":"SearchAction","target":{"@type":"EntryPoint","urlTemplate":"https:\/\/www.miomiorun.com\/fr\/?s={search_term_string}"},"query-input":{"@type":"PropertyValueSpecification","valueRequired":true,"valueName":"search_term_string"}}],"inLanguage":"fr-FR"},{"@type":"Organization","@id":"https:\/\/www.miomiorun.com\/fr\/#organization","name":"MioMio Run","url":"https:\/\/www.miomiorun.com\/fr\/","logo":{"@type":"ImageObject","inLanguage":"fr-FR","@id":"https:\/\/www.miomiorun.com\/fr\/#\/schema\/logo\/image\/","url":"https:\/\/www.miomiorun.com\/app\/uploads\/2019\/12\/logomio.png","contentUrl":"https:\/\/www.miomiorun.com\/app\/uploads\/2019\/12\/logomio.png","width":115,"height":82,"caption":"MioMio Run"},"image":{"@id":"https:\/\/www.miomiorun.com\/fr\/#\/schema\/logo\/image\/"},"sameAs":["https:\/\/www.facebook.com\/miomiorun\/","https:\/\/www.instagram.com\/miomiorun\/"]}]}},"_links":{"self":[{"href":"https:\/\/www.miomiorun.com\/fr\/wp-json\/wp\/v2\/product\/319105","targetHints":{"allow":["GET"]}}],"collection":[{"href":"https:\/\/www.miomiorun.com\/fr\/wp-json\/wp\/v2\/product"}],"about":[{"href":"https:\/\/www.miomiorun.com\/fr\/wp-json\/wp\/v2\/types\/product"}],"wp:featuredmedia":[{"embeddable":true,"href":"https:\/\/www.miomiorun.com\/fr\/wp-json\/wp\/v2\/media\/358187"}],"wp:attachment":[{"href":"https:\/\/www.miomiorun.com\/fr\/wp-json\/wp\/v2\/media?parent=319105"}],"wp:term":[{"taxonomy":"product_brand","embeddable":true,"href":"https:\/\/www.miomiorun.com\/fr\/wp-json\/wp\/v2\/product_brand?post=319105"},{"taxonomy":"product_cat","embeddable":true,"href":"https:\/\/www.miomiorun.com\/fr\/wp-json\/wp\/v2\/product_cat?post=319105"},{"taxonomy":"product_tag","embeddable":true,"href":"https:\/\/www.miomiorun.com\/fr\/wp-json\/wp\/v2\/product_tag?post=319105"}],"curies":[{"name":"wp","href":"https:\/\/api.w.org\/{rel}","templated":true}]}}