{"id":318113,"date":"2025-06-07T15:49:58","date_gmt":"2025-06-07T13:49:58","guid":{"rendered":"https:\/\/miomiorun.com\/?post_type=product&#038;p=318113"},"modified":"2026-05-09T09:42:37","modified_gmt":"2026-05-09T07:42:37","slug":"t-shirt-basique-en-jersey-flamme-femme","status":"publish","type":"product","link":"https:\/\/www.miomiorun.com\/fr\/produit\/t-shirt-basique-en-jersey-flamme-femme\/","title":{"rendered":"T-shirt basique en jersey flamm\u00e9 femme"},"content":{"rendered":"<p>T-shirt en jersey flamm\u00e9 \u00e0 la coupe r\u00e9guli\u00e8re. Le tissu confortable garantit une grande libert\u00e9 de mouvement et offre un style unique qui ne passe pas inaper\u00e7u. Le maxi logo Everlast est imprim\u00e9 en ton sur ton sur le devant et soulign\u00e9 par des demi-perles ton sur ton qui soulignent la f\u00e9minit\u00e9 du v\u00eatement.<\/p>\n<ul>\n<li>Encolure bateau<\/li>\n<li>Manches courtes<\/li>\n<li>Logo Everlast imprim\u00e9 ton sur ton<\/li>\n<\/ul>\n","protected":false},"excerpt":{"rendered":"<ul>\n<li>Encolure bateau<\/li>\n<li>Manches courtes<\/li>\n<li>Logo Everlast imprim\u00e9 ton sur ton<\/li>\n<\/ul>\n","protected":false},"featured_media":318083,"template":"","meta":{"_acf_changed":false,"inline_featured_image":false},"product_brand":[],"product_cat":[22604,22596],"product_tag":[23485,23490],"class_list":{"0":"post-318113","1":"product","2":"type-product","3":"status-publish","4":"has-post-thumbnail","6":"product_cat-t-shirt","7":"product_cat-vetements-pour-femmes","8":"product_tag-everlast-fr","9":"product_tag-everlast-femme","10":"pa_attivita-lifestyle-fr","11":"pa_colore-t-shirt-slub-jersey-strawberry-pink-fr","12":"pa_marca-everlast-fr","13":"pa_sesso-femme","14":"pa_size-extra-small-fr","15":"pa_size-small-fr","16":"pa_size-medium-fr","18":"first","19":"instock","20":"sale","21":"taxable","22":"shipping-taxable","23":"purchasable","24":"product-type-variable","25":"wvs-archive-product-wrapper"},"acf":[],"yoast_head":"<!-- This site is optimized with the Yoast SEO plugin v26.8 - https:\/\/yoast.com\/product\/yoast-seo-wordpress\/ -->\n<title>Everlast T-shirt basique en jersey flamm\u00e9 femme - T-shirt de running- MioMioRun<\/title>\n<meta name=\"description\" content=\"T-shirt en jersey flamm\u00e9 \u00e0 la coupe r\u00e9guli\u00e8re. Le tissu confortable garantit une grande libert\u00e9 de mouvement et offre un style unique.\" \/>\n<meta name=\"robots\" content=\"index, follow, max-snippet:-1, max-image-preview:large, max-video-preview:-1\" \/>\n<link rel=\"canonical\" href=\"https:\/\/www.miomiorun.com\/fr\/produit\/t-shirt-basique-en-jersey-flamme-femme\/\" \/>\n<meta property=\"og:locale\" content=\"fr_FR\" \/>\n<meta property=\"og:type\" content=\"article\" \/>\n<meta property=\"og:title\" content=\"Everlast T-shirt basique en jersey flamm\u00e9 femme - T-shirt de running- MioMioRun\" \/>\n<meta property=\"og:description\" content=\"T-shirt en jersey flamm\u00e9 \u00e0 la coupe r\u00e9guli\u00e8re. Le tissu confortable garantit une grande libert\u00e9 de mouvement et offre un style unique.\" \/>\n<meta property=\"og:url\" content=\"https:\/\/www.miomiorun.com\/fr\/produit\/t-shirt-basique-en-jersey-flamme-femme\/\" \/>\n<meta property=\"og:site_name\" content=\"MioMioRun\" \/>\n<meta property=\"article:publisher\" content=\"https:\/\/www.facebook.com\/miomiorun\/\" \/>\n<meta property=\"article:modified_time\" content=\"2026-05-09T07:42:37+00:00\" \/>\n<meta property=\"og:image\" content=\"https:\/\/www.miomiorun.com\/app\/uploads\/2025\/06\/everlast-T-shirt-slub-jersey-38W496G84.PP00.webp\" \/>\n\t<meta property=\"og:image:width\" content=\"600\" \/>\n\t<meta property=\"og:image:height\" content=\"600\" \/>\n\t<meta property=\"og:image:type\" content=\"image\/webp\" \/>\n<meta name=\"twitter:card\" content=\"summary_large_image\" \/>\n<script type=\"application\/ld+json\" class=\"yoast-schema-graph\">{\"@context\":\"https:\/\/schema.org\",\"@graph\":[{\"@type\":\"WebPage\",\"@id\":\"https:\/\/www.miomiorun.com\/fr\/produit\/t-shirt-basique-en-jersey-flamme-femme\/\",\"url\":\"https:\/\/www.miomiorun.com\/fr\/produit\/t-shirt-basique-en-jersey-flamme-femme\/\",\"name\":\"Everlast T-shirt basique en jersey flamm\u00e9 femme - T-shirt de running- MioMioRun\",\"isPartOf\":{\"@id\":\"https:\/\/www.miomiorun.com\/fr\/#website\"},\"primaryImageOfPage\":{\"@id\":\"https:\/\/www.miomiorun.com\/fr\/produit\/t-shirt-basique-en-jersey-flamme-femme\/#primaryimage\"},\"image\":{\"@id\":\"https:\/\/www.miomiorun.com\/fr\/produit\/t-shirt-basique-en-jersey-flamme-femme\/#primaryimage\"},\"thumbnailUrl\":\"https:\/\/www.miomiorun.com\/app\/uploads\/2025\/06\/everlast-T-shirt-slub-jersey-38W496G84.PP00.webp\",\"datePublished\":\"2025-06-07T13:49:58+00:00\",\"dateModified\":\"2026-05-09T07:42:37+00:00\",\"description\":\"T-shirt en jersey flamm\u00e9 \u00e0 la coupe r\u00e9guli\u00e8re. Le tissu confortable garantit une grande libert\u00e9 de mouvement et offre un style unique.\",\"breadcrumb\":{\"@id\":\"https:\/\/www.miomiorun.com\/fr\/produit\/t-shirt-basique-en-jersey-flamme-femme\/#breadcrumb\"},\"inLanguage\":\"fr-FR\",\"potentialAction\":[{\"@type\":\"ReadAction\",\"target\":[\"https:\/\/www.miomiorun.com\/fr\/produit\/t-shirt-basique-en-jersey-flamme-femme\/\"]}]},{\"@type\":\"ImageObject\",\"inLanguage\":\"fr-FR\",\"@id\":\"https:\/\/www.miomiorun.com\/fr\/produit\/t-shirt-basique-en-jersey-flamme-femme\/#primaryimage\",\"url\":\"https:\/\/www.miomiorun.com\/app\/uploads\/2025\/06\/everlast-T-shirt-slub-jersey-38W496G84.PP00.webp\",\"contentUrl\":\"https:\/\/www.miomiorun.com\/app\/uploads\/2025\/06\/everlast-T-shirt-slub-jersey-38W496G84.PP00.webp\",\"width\":600,\"height\":600,\"caption\":\"everlast T-shirt slub jersey 38W496G84.PP00\"},{\"@type\":\"BreadcrumbList\",\"@id\":\"https:\/\/www.miomiorun.com\/fr\/produit\/t-shirt-basique-en-jersey-flamme-femme\/#breadcrumb\",\"itemListElement\":[{\"@type\":\"ListItem\",\"position\":1,\"name\":\"Home\",\"item\":\"https:\/\/www.miomiorun.com\/fr\/home-page\/\"},{\"@type\":\"ListItem\",\"position\":2,\"name\":\"Shop\",\"item\":\"https:\/\/www.miomiorun.com\/shop\/\"},{\"@type\":\"ListItem\",\"position\":3,\"name\":\"T-shirt basique en jersey flamm\u00e9 femme\"}]},{\"@type\":\"WebSite\",\"@id\":\"https:\/\/www.miomiorun.com\/fr\/#website\",\"url\":\"https:\/\/www.miomiorun.com\/fr\/\",\"name\":\"MioMioRun\",\"description\":\"Boutique 100% running et trail\",\"publisher\":{\"@id\":\"https:\/\/www.miomiorun.com\/fr\/#organization\"},\"potentialAction\":[{\"@type\":\"SearchAction\",\"target\":{\"@type\":\"EntryPoint\",\"urlTemplate\":\"https:\/\/www.miomiorun.com\/fr\/?s={search_term_string}\"},\"query-input\":{\"@type\":\"PropertyValueSpecification\",\"valueRequired\":true,\"valueName\":\"search_term_string\"}}],\"inLanguage\":\"fr-FR\"},{\"@type\":\"Organization\",\"@id\":\"https:\/\/www.miomiorun.com\/fr\/#organization\",\"name\":\"MioMio Run\",\"url\":\"https:\/\/www.miomiorun.com\/fr\/\",\"logo\":{\"@type\":\"ImageObject\",\"inLanguage\":\"fr-FR\",\"@id\":\"https:\/\/www.miomiorun.com\/fr\/#\/schema\/logo\/image\/\",\"url\":\"https:\/\/www.miomiorun.com\/app\/uploads\/2019\/12\/logomio.png\",\"contentUrl\":\"https:\/\/www.miomiorun.com\/app\/uploads\/2019\/12\/logomio.png\",\"width\":115,\"height\":82,\"caption\":\"MioMio Run\"},\"image\":{\"@id\":\"https:\/\/www.miomiorun.com\/fr\/#\/schema\/logo\/image\/\"},\"sameAs\":[\"https:\/\/www.facebook.com\/miomiorun\/\",\"https:\/\/www.instagram.com\/miomiorun\/\"]}]}<\/script>\n<!-- \/ Yoast SEO plugin. -->","yoast_head_json":{"title":"Everlast T-shirt basique en jersey flamm\u00e9 femme - T-shirt de running- MioMioRun","description":"T-shirt en jersey flamm\u00e9 \u00e0 la coupe r\u00e9guli\u00e8re. Le tissu confortable garantit une grande libert\u00e9 de mouvement et offre un style unique.","robots":{"index":"index","follow":"follow","max-snippet":"max-snippet:-1","max-image-preview":"max-image-preview:large","max-video-preview":"max-video-preview:-1"},"canonical":"https:\/\/www.miomiorun.com\/fr\/produit\/t-shirt-basique-en-jersey-flamme-femme\/","og_locale":"fr_FR","og_type":"article","og_title":"Everlast T-shirt basique en jersey flamm\u00e9 femme - T-shirt de running- MioMioRun","og_description":"T-shirt en jersey flamm\u00e9 \u00e0 la coupe r\u00e9guli\u00e8re. Le tissu confortable garantit une grande libert\u00e9 de mouvement et offre un style unique.","og_url":"https:\/\/www.miomiorun.com\/fr\/produit\/t-shirt-basique-en-jersey-flamme-femme\/","og_site_name":"MioMioRun","article_publisher":"https:\/\/www.facebook.com\/miomiorun\/","article_modified_time":"2026-05-09T07:42:37+00:00","og_image":[{"width":600,"height":600,"url":"https:\/\/www.miomiorun.com\/app\/uploads\/2025\/06\/everlast-T-shirt-slub-jersey-38W496G84.PP00.webp","type":"image\/webp"}],"twitter_card":"summary_large_image","schema":{"@context":"https:\/\/schema.org","@graph":[{"@type":"WebPage","@id":"https:\/\/www.miomiorun.com\/fr\/produit\/t-shirt-basique-en-jersey-flamme-femme\/","url":"https:\/\/www.miomiorun.com\/fr\/produit\/t-shirt-basique-en-jersey-flamme-femme\/","name":"Everlast T-shirt basique en jersey flamm\u00e9 femme - T-shirt de running- MioMioRun","isPartOf":{"@id":"https:\/\/www.miomiorun.com\/fr\/#website"},"primaryImageOfPage":{"@id":"https:\/\/www.miomiorun.com\/fr\/produit\/t-shirt-basique-en-jersey-flamme-femme\/#primaryimage"},"image":{"@id":"https:\/\/www.miomiorun.com\/fr\/produit\/t-shirt-basique-en-jersey-flamme-femme\/#primaryimage"},"thumbnailUrl":"https:\/\/www.miomiorun.com\/app\/uploads\/2025\/06\/everlast-T-shirt-slub-jersey-38W496G84.PP00.webp","datePublished":"2025-06-07T13:49:58+00:00","dateModified":"2026-05-09T07:42:37+00:00","description":"T-shirt en jersey flamm\u00e9 \u00e0 la coupe r\u00e9guli\u00e8re. Le tissu confortable garantit une grande libert\u00e9 de mouvement et offre un style unique.","breadcrumb":{"@id":"https:\/\/www.miomiorun.com\/fr\/produit\/t-shirt-basique-en-jersey-flamme-femme\/#breadcrumb"},"inLanguage":"fr-FR","potentialAction":[{"@type":"ReadAction","target":["https:\/\/www.miomiorun.com\/fr\/produit\/t-shirt-basique-en-jersey-flamme-femme\/"]}]},{"@type":"ImageObject","inLanguage":"fr-FR","@id":"https:\/\/www.miomiorun.com\/fr\/produit\/t-shirt-basique-en-jersey-flamme-femme\/#primaryimage","url":"https:\/\/www.miomiorun.com\/app\/uploads\/2025\/06\/everlast-T-shirt-slub-jersey-38W496G84.PP00.webp","contentUrl":"https:\/\/www.miomiorun.com\/app\/uploads\/2025\/06\/everlast-T-shirt-slub-jersey-38W496G84.PP00.webp","width":600,"height":600,"caption":"everlast T-shirt slub jersey 38W496G84.PP00"},{"@type":"BreadcrumbList","@id":"https:\/\/www.miomiorun.com\/fr\/produit\/t-shirt-basique-en-jersey-flamme-femme\/#breadcrumb","itemListElement":[{"@type":"ListItem","position":1,"name":"Home","item":"https:\/\/www.miomiorun.com\/fr\/home-page\/"},{"@type":"ListItem","position":2,"name":"Shop","item":"https:\/\/www.miomiorun.com\/shop\/"},{"@type":"ListItem","position":3,"name":"T-shirt basique en jersey flamm\u00e9 femme"}]},{"@type":"WebSite","@id":"https:\/\/www.miomiorun.com\/fr\/#website","url":"https:\/\/www.miomiorun.com\/fr\/","name":"MioMioRun","description":"Boutique 100% running et trail","publisher":{"@id":"https:\/\/www.miomiorun.com\/fr\/#organization"},"potentialAction":[{"@type":"SearchAction","target":{"@type":"EntryPoint","urlTemplate":"https:\/\/www.miomiorun.com\/fr\/?s={search_term_string}"},"query-input":{"@type":"PropertyValueSpecification","valueRequired":true,"valueName":"search_term_string"}}],"inLanguage":"fr-FR"},{"@type":"Organization","@id":"https:\/\/www.miomiorun.com\/fr\/#organization","name":"MioMio Run","url":"https:\/\/www.miomiorun.com\/fr\/","logo":{"@type":"ImageObject","inLanguage":"fr-FR","@id":"https:\/\/www.miomiorun.com\/fr\/#\/schema\/logo\/image\/","url":"https:\/\/www.miomiorun.com\/app\/uploads\/2019\/12\/logomio.png","contentUrl":"https:\/\/www.miomiorun.com\/app\/uploads\/2019\/12\/logomio.png","width":115,"height":82,"caption":"MioMio Run"},"image":{"@id":"https:\/\/www.miomiorun.com\/fr\/#\/schema\/logo\/image\/"},"sameAs":["https:\/\/www.facebook.com\/miomiorun\/","https:\/\/www.instagram.com\/miomiorun\/"]}]}},"_links":{"self":[{"href":"https:\/\/www.miomiorun.com\/fr\/wp-json\/wp\/v2\/product\/318113","targetHints":{"allow":["GET"]}}],"collection":[{"href":"https:\/\/www.miomiorun.com\/fr\/wp-json\/wp\/v2\/product"}],"about":[{"href":"https:\/\/www.miomiorun.com\/fr\/wp-json\/wp\/v2\/types\/product"}],"wp:featuredmedia":[{"embeddable":true,"href":"https:\/\/www.miomiorun.com\/fr\/wp-json\/wp\/v2\/media\/318083"}],"wp:attachment":[{"href":"https:\/\/www.miomiorun.com\/fr\/wp-json\/wp\/v2\/media?parent=318113"}],"wp:term":[{"taxonomy":"product_brand","embeddable":true,"href":"https:\/\/www.miomiorun.com\/fr\/wp-json\/wp\/v2\/product_brand?post=318113"},{"taxonomy":"product_cat","embeddable":true,"href":"https:\/\/www.miomiorun.com\/fr\/wp-json\/wp\/v2\/product_cat?post=318113"},{"taxonomy":"product_tag","embeddable":true,"href":"https:\/\/www.miomiorun.com\/fr\/wp-json\/wp\/v2\/product_tag?post=318113"}],"curies":[{"name":"wp","href":"https:\/\/api.w.org\/{rel}","templated":true}]}}