{"id":317914,"date":"2025-06-06T16:01:19","date_gmt":"2025-06-06T14:01:19","guid":{"rendered":"https:\/\/miomiorun.com\/?post_type=product&#038;p=317914"},"modified":"2025-12-05T18:58:37","modified_gmt":"2025-12-05T17:58:37","slug":"ceinture-cardio-hrm-200","status":"publish","type":"product","link":"https:\/\/www.miomiorun.com\/fr\/produit\/ceinture-cardio-hrm-200\/","title":{"rendered":"Ceinture cardio HRM 600"},"content":{"rendered":"<p><div class=\"vc-row container\"><div class=\"vc-column\"><div class=\"vc-column-text\"><\/p>\n<div class=\"app__overview__intro\" data-translate=\"\">\n<div class=\"app__layout-container app__layout-container--small app__layout-container--light\">\n<h2>ENTRA\u00ceNEZ-VOUS AVEC VOTRE C\u0152UR<\/h2>\n<div class=\"app__overview__intro__description\">\n<p>La ceinture cardio HRM 600 premium est con\u00e7ue pour les athl\u00e8tes qui recherchent des donn\u00e9es sur leurs performances, en particulier sur leur fr\u00e9quence cardiaque et sa variabilit\u00e9, ainsi que sur la dynamique de leur course.<\/p>\n<p style=\"text-align: center\">\n<\/div>\n<div class=\"app__column-layout app__column-layout__column--6 app__column-layout__column__mobile--2 app__overview__intro__icons\">\n<div class=\"app__feature__card\" data-translate=\"\">\n<p style=\"text-align: center\"><img decoding=\"async\" class=\"app__feature__card__image\" src=\"https:\/\/static.garmincdn.com\/gdc\/Product_Pages\/ICONS\/Heart_Rate_Sensors.svg\" alt=\"\"><\/p>\n<p class=\"app__feature__card__description app__feature__card__description--left\" style=\"text-align: center\">TRANSMET EN TEMPS R\u00c9EL LES DONN\u00c9ES SUR LA FR\u00c9QUENCE CARDIAQUE ET SA VARIABILIT\u00c9 AUX APPAREILS ET APPLICATIONS COMPATIBLES<\/p>\n<\/div>\n<div class=\"app__feature__card\" data-translate=\"\">\n<p><img decoding=\"async\" class=\"app__feature__card__image aligncenter\" src=\"https:\/\/static.garmincdn.com\/gdc\/Product_Pages\/ICONS\/recharge-battery.svg\" alt=\"\"><\/p>\n<p class=\"app__feature__card__description app__feature__card__description--left\" style=\"text-align: center\">AUTONOMIE DE LA BATTERIE RECHARGEABLE JUSQU&#8217;\u00c0 2 MOIS<\/p>\n<\/div>\n<div class=\"app__feature__card\" data-translate=\"\">\n<p><img decoding=\"async\" class=\"app__feature__card__image aligncenter\" src=\"https:\/\/static.garmincdn.com\/gdc\/Product_Pages\/ICONS\/wrist-based-running-dynamics.svg\" alt=\"\"><\/p>\n<p class=\"app__feature__card__description app__feature__card__description--left\" style=\"text-align: center\">DYNAMIQUE DE COURSE LORSQU&#8217;IL EST ASSOCI\u00c9 \u00c0 UNE MONTRE CONNECT\u00c9E COMPATIBLE<\/p>\n<\/div>\n<div class=\"app__feature__card\" data-translate=\"\">\n<p><img decoding=\"async\" class=\"app__feature__card__image aligncenter\" src=\"https:\/\/static.garmincdn.com\/gdc\/Product_Pages\/ICONS\/Garmin_Connect.svg\" alt=\"\"><\/p>\n<p class=\"app__feature__card__description app__feature__card__description--left\" style=\"text-align: center\">ENREGISTREZ VOS ACTIVIT\u00c9S ET SYNCHRONISEZ-LES AVEC L&#8217;APPLICATION GARMIN CONNECT\u2122 SANS MONTRE<\/p>\n<\/div>\n<div class=\"app__feature__card\" data-translate=\"\">\n<p><img decoding=\"async\" class=\"app__feature__card__image aligncenter\" src=\"https:\/\/static.garmincdn.com\/gdc\/Product_Pages\/ICONS\/Lightweight.svg\" alt=\"\"><\/p>\n<p class=\"app__feature__card__description app__feature__card__description--left\" style=\"text-align: center\">BRACELET CONFORTABLE ET LAVABLE EN MACHINE, DISPONIBLE EN DEUX TAILLES<\/p>\n<\/div>\n<div class=\"app__feature__card\" data-translate=\"\">\n<p><img decoding=\"async\" class=\"app__feature__card__image aligncenter\" src=\"https:\/\/static.garmincdn.com\/gdc\/Product_Pages\/ICONS\/Swim_Friendly.svg\" alt=\"\"><\/p>\n<p class=\"app__feature__card__description app__feature__card__description--left\" style=\"text-align: center\">R\u00c9SISTANT ET DURABLE AVEC UNE \u00c9TANCH\u00c9IT\u00c9 DE 5 ATM<\/p>\n<\/div>\n<\/div>\n<\/div>\n<\/div>\n<p><\/div><\/div><\/div><div class=\"vc-row container\"><div class=\"vc-column\"> <div style=\"height:32px\" class=\"vc-empty-space\"><\/div><\/div><\/div><div class=\"vc-row container\"><div class=\"vc-column\"><div class=\"vc-column-text\"><\/p>\n<h2 style=\"text-align: center\">CE QUE VOUS AIMEREZ<\/h2>\n<div class=\"app__column-layout app__column-layout__column--3 app__column-layout__column__mobile--1\">\n<div class=\"app__feature__card\" data-translate=\"\">\n<h3>CONNECTIVIT\u00c9<\/h3>\n<p class=\"app__feature__card__description app__feature__card__description--left\">Le HRM 600 transmet en temps r\u00e9el des donn\u00e9es pr\u00e9cises sur la fr\u00e9quence cardiaque et sa variabilit\u00e9 aux montres connect\u00e9es Garmin, aux compteurs de v\u00e9lo Edge\u00ae, aux appareils de fitness compatibles, \u00e0 l&#8217;application Tacx Training\u2122 et \u00e0 d&#8217;autres applications.<\/p>\n<\/div>\n<div class=\"app__feature__card\" data-translate=\"\">\n<h3>DYNAMIQUE DE COURSE \u00c9TENDUE<\/h3>\n<p class=\"app__feature__card__description app__feature__card__description--left\">Am\u00e9liorez votre course gr\u00e2ce aux dynamiques de course, notamment la perte de vitesse de foul\u00e9e<sup>1<\/sup> pour comprendre \u00e0 quel point vous ralentissez lorsque votre pied touche le sol, ainsi que l&#8217;oscillation verticale, le temps de contact avec le sol et l&#8217;\u00e9quilibre (n\u00e9cessite une montre connect\u00e9e compatible<sup>2<\/sup>).<\/p>\n<\/div>\n<div class=\"app__feature__card\" data-translate=\"\">\n<h3>ENREGISTREMENT DES ACTIVIT\u00c9S<\/h3>\n<p class=\"app__feature__card__description app__feature__card__description--left\">Lors d&#8217;activit\u00e9s o\u00f9 vous ne pouvez pas porter de montre, comme les sports d&#8217;\u00e9quipe ou les arts martiaux, la ceinture cardio HRM 600 enregistre votre entra\u00eenement et synchronise les donn\u00e9es, notamment votre fr\u00e9quence cardiaque, vos calories, votre vitesse, votre distance et bien plus encore, directement sur Garmin Connect <sup>3<\/sup>.<\/p>\n<div class=\"app__column-layout app__column-layout__column--3 app__column-layout__column__mobile--1\">\n<div class=\"app__feature__card\" data-translate=\"\">\n<h3>D\u00c9TECTION DE L&#8217;ACTIVIT\u00c9<\/h3>\n<p class=\"app__feature__card__description app__feature__card__description--left\">Le HRM 600 enregistre vos mesures quotidiennes, notamment le nombre de pas, la fr\u00e9quence cardiaque, les calories br\u00fbl\u00e9es et les minutes d&#8217;intensit\u00e9, et synchronise les donn\u00e9es directement dans l&#8217;application Garmin Connect afin de les mettre \u00e0 jour sur tous vos appareils.<\/p>\n<\/div>\n<div class=\"app__feature__card\" data-translate=\"\">\n<h3>POLYVALENCE D&#8217;ENTRA\u00ceNEMENT<\/h3>\n<p class=\"app__feature__card__description app__feature__card__description--left\">Pour la course en salle sur piste et tapis roulant, la ceinture cardio HRM 600 envoie les donn\u00e9es de cadence et de distance \u00e0 la montre connect\u00e9e compatible<sup>2<\/sup>. Pendant les activit\u00e9s de natation, le HRM 600 enregistre les donn\u00e9es de fr\u00e9quence cardiaque et les transmet \u00e0 la montre connect\u00e9e compatible<sup>2<\/sup> lorsque l&#8217;activit\u00e9 est enregistr\u00e9e.<\/p>\n<\/div>\n<div class=\"app__feature__card\" data-translate=\"\">\n<h3>FONCTIONNEL ET DURABLE<\/h3>\n<p class=\"app__feature__card__description app__feature__card__description--left\">Le voyant LED vous avertit lorsque le HRM 600 est actif et pr\u00eat \u00e0 l&#8217;emploi ou lorsque la batterie est presque d\u00e9charg\u00e9e. En appuyant sur le bouton, vous pouvez facilement activer et associer la ceinture cardio. De plus, le HRM 600 a un indice d&#8217;\u00e9tanch\u00e9it\u00e9 de 5 ATM.<\/p>\n<\/div>\n<\/div>\n<\/div>\n<\/div>\n<p><\/div><\/div><\/div><\/p>\n","protected":false},"excerpt":{"rendered":"","protected":false},"featured_media":318605,"template":"","meta":{"_acf_changed":false,"inline_featured_image":false},"product_brand":[],"product_cat":[22537,22566],"product_tag":[23480],"class_list":{"0":"post-317914","1":"product","2":"type-product","3":"status-publish","4":"has-post-thumbnail","6":"product_cat-garmin-fr","7":"product_cat-accessoires-fr","8":"product_tag-garmin-fr","9":"pa_marca-garmin-fr","10":"pa_sesso-femme","11":"pa_sesso-homme","12":"pa_size-m-xl-fr","13":"pa_size-xs-s-fr","15":"first","16":"instock","17":"sale","18":"taxable","19":"shipping-taxable","20":"purchasable","21":"product-type-variable","22":"wvs-archive-product-wrapper"},"acf":[],"yoast_head":"<!-- This site is optimized with the Yoast SEO plugin v26.8 - https:\/\/yoast.com\/product\/yoast-seo-wordpress\/ -->\n<title>Garmin Ceinture cardio HRM 600 - Bandes cardio - MioMioRun<\/title>\n<meta name=\"description\" content=\"D\u00e9couvrez le Garmin HRM 200, le cardiofr\u00e9quencem\u00e8tre pr\u00e9cis et confortable pour la course \u00e0 pied, le cyclisme et le fitness. Connexion en temps r\u00e9el, \u00e9tanche et lavable.\" \/>\n<meta name=\"robots\" content=\"index, follow, max-snippet:-1, max-image-preview:large, max-video-preview:-1\" \/>\n<link rel=\"canonical\" href=\"https:\/\/www.miomiorun.com\/fr\/produit\/ceinture-cardio-hrm-200\/\" \/>\n<meta property=\"og:locale\" content=\"fr_FR\" \/>\n<meta property=\"og:type\" content=\"article\" \/>\n<meta property=\"og:title\" content=\"Garmin Ceinture cardio HRM 600 - Bandes cardio - MioMioRun\" \/>\n<meta property=\"og:description\" content=\"D\u00e9couvrez le Garmin HRM 200, le cardiofr\u00e9quencem\u00e8tre pr\u00e9cis et confortable pour la course \u00e0 pied, le cyclisme et le fitness. Connexion en temps r\u00e9el, \u00e9tanche et lavable.\" \/>\n<meta property=\"og:url\" content=\"https:\/\/www.miomiorun.com\/fr\/produit\/ceinture-cardio-hrm-200\/\" \/>\n<meta property=\"og:site_name\" content=\"MioMioRun\" \/>\n<meta property=\"article:publisher\" content=\"https:\/\/www.facebook.com\/miomiorun\/\" \/>\n<meta property=\"article:modified_time\" content=\"2025-12-05T17:58:37+00:00\" \/>\n<meta property=\"og:image\" content=\"https:\/\/www.miomiorun.com\/app\/uploads\/2025\/06\/garmin-HRM-600-XS-S-010-13383-01.webp\" \/>\n\t<meta property=\"og:image:width\" content=\"600\" \/>\n\t<meta property=\"og:image:height\" content=\"600\" \/>\n\t<meta property=\"og:image:type\" content=\"image\/webp\" \/>\n<meta name=\"twitter:card\" content=\"summary_large_image\" \/>\n<meta name=\"twitter:label1\" content=\"Est. reading time\" \/>\n\t<meta name=\"twitter:data1\" content=\"2 minutes\" \/>\n<script type=\"application\/ld+json\" class=\"yoast-schema-graph\">{\"@context\":\"https:\/\/schema.org\",\"@graph\":[{\"@type\":\"WebPage\",\"@id\":\"https:\/\/www.miomiorun.com\/fr\/produit\/ceinture-cardio-hrm-200\/\",\"url\":\"https:\/\/www.miomiorun.com\/fr\/produit\/ceinture-cardio-hrm-200\/\",\"name\":\"Garmin Ceinture cardio HRM 600 - Bandes cardio - MioMioRun\",\"isPartOf\":{\"@id\":\"https:\/\/www.miomiorun.com\/fr\/#website\"},\"primaryImageOfPage\":{\"@id\":\"https:\/\/www.miomiorun.com\/fr\/produit\/ceinture-cardio-hrm-200\/#primaryimage\"},\"image\":{\"@id\":\"https:\/\/www.miomiorun.com\/fr\/produit\/ceinture-cardio-hrm-200\/#primaryimage\"},\"thumbnailUrl\":\"https:\/\/www.miomiorun.com\/app\/uploads\/2025\/06\/garmin-HRM-600-XS-S-010-13383-01.webp\",\"datePublished\":\"2025-06-06T14:01:19+00:00\",\"dateModified\":\"2025-12-05T17:58:37+00:00\",\"description\":\"D\u00e9couvrez le Garmin HRM 200, le cardiofr\u00e9quencem\u00e8tre pr\u00e9cis et confortable pour la course \u00e0 pied, le cyclisme et le fitness. Connexion en temps r\u00e9el, \u00e9tanche et lavable.\",\"breadcrumb\":{\"@id\":\"https:\/\/www.miomiorun.com\/fr\/produit\/ceinture-cardio-hrm-200\/#breadcrumb\"},\"inLanguage\":\"fr-FR\",\"potentialAction\":[{\"@type\":\"ReadAction\",\"target\":[\"https:\/\/www.miomiorun.com\/fr\/produit\/ceinture-cardio-hrm-200\/\"]}]},{\"@type\":\"ImageObject\",\"inLanguage\":\"fr-FR\",\"@id\":\"https:\/\/www.miomiorun.com\/fr\/produit\/ceinture-cardio-hrm-200\/#primaryimage\",\"url\":\"https:\/\/www.miomiorun.com\/app\/uploads\/2025\/06\/garmin-HRM-600-XS-S-010-13383-01.webp\",\"contentUrl\":\"https:\/\/www.miomiorun.com\/app\/uploads\/2025\/06\/garmin-HRM-600-XS-S-010-13383-01.webp\",\"width\":600,\"height\":600,\"caption\":\"garmin HRM 600 XS-S 010-13383-01\"},{\"@type\":\"BreadcrumbList\",\"@id\":\"https:\/\/www.miomiorun.com\/fr\/produit\/ceinture-cardio-hrm-200\/#breadcrumb\",\"itemListElement\":[{\"@type\":\"ListItem\",\"position\":1,\"name\":\"Home\",\"item\":\"https:\/\/www.miomiorun.com\/fr\/home-page\/\"},{\"@type\":\"ListItem\",\"position\":2,\"name\":\"Shop\",\"item\":\"https:\/\/www.miomiorun.com\/shop\/\"},{\"@type\":\"ListItem\",\"position\":3,\"name\":\"Ceinture cardio HRM 600\"}]},{\"@type\":\"WebSite\",\"@id\":\"https:\/\/www.miomiorun.com\/fr\/#website\",\"url\":\"https:\/\/www.miomiorun.com\/fr\/\",\"name\":\"MioMioRun\",\"description\":\"Boutique 100% running et trail\",\"publisher\":{\"@id\":\"https:\/\/www.miomiorun.com\/fr\/#organization\"},\"potentialAction\":[{\"@type\":\"SearchAction\",\"target\":{\"@type\":\"EntryPoint\",\"urlTemplate\":\"https:\/\/www.miomiorun.com\/fr\/?s={search_term_string}\"},\"query-input\":{\"@type\":\"PropertyValueSpecification\",\"valueRequired\":true,\"valueName\":\"search_term_string\"}}],\"inLanguage\":\"fr-FR\"},{\"@type\":\"Organization\",\"@id\":\"https:\/\/www.miomiorun.com\/fr\/#organization\",\"name\":\"MioMio Run\",\"url\":\"https:\/\/www.miomiorun.com\/fr\/\",\"logo\":{\"@type\":\"ImageObject\",\"inLanguage\":\"fr-FR\",\"@id\":\"https:\/\/www.miomiorun.com\/fr\/#\/schema\/logo\/image\/\",\"url\":\"https:\/\/www.miomiorun.com\/app\/uploads\/2019\/12\/logomio.png\",\"contentUrl\":\"https:\/\/www.miomiorun.com\/app\/uploads\/2019\/12\/logomio.png\",\"width\":115,\"height\":82,\"caption\":\"MioMio Run\"},\"image\":{\"@id\":\"https:\/\/www.miomiorun.com\/fr\/#\/schema\/logo\/image\/\"},\"sameAs\":[\"https:\/\/www.facebook.com\/miomiorun\/\",\"https:\/\/www.instagram.com\/miomiorun\/\"]}]}<\/script>\n<!-- \/ Yoast SEO plugin. -->","yoast_head_json":{"title":"Garmin Ceinture cardio HRM 600 - Bandes cardio - MioMioRun","description":"D\u00e9couvrez le Garmin HRM 200, le cardiofr\u00e9quencem\u00e8tre pr\u00e9cis et confortable pour la course \u00e0 pied, le cyclisme et le fitness. Connexion en temps r\u00e9el, \u00e9tanche et lavable.","robots":{"index":"index","follow":"follow","max-snippet":"max-snippet:-1","max-image-preview":"max-image-preview:large","max-video-preview":"max-video-preview:-1"},"canonical":"https:\/\/www.miomiorun.com\/fr\/produit\/ceinture-cardio-hrm-200\/","og_locale":"fr_FR","og_type":"article","og_title":"Garmin Ceinture cardio HRM 600 - Bandes cardio - MioMioRun","og_description":"D\u00e9couvrez le Garmin HRM 200, le cardiofr\u00e9quencem\u00e8tre pr\u00e9cis et confortable pour la course \u00e0 pied, le cyclisme et le fitness. Connexion en temps r\u00e9el, \u00e9tanche et lavable.","og_url":"https:\/\/www.miomiorun.com\/fr\/produit\/ceinture-cardio-hrm-200\/","og_site_name":"MioMioRun","article_publisher":"https:\/\/www.facebook.com\/miomiorun\/","article_modified_time":"2025-12-05T17:58:37+00:00","og_image":[{"width":600,"height":600,"url":"https:\/\/www.miomiorun.com\/app\/uploads\/2025\/06\/garmin-HRM-600-XS-S-010-13383-01.webp","type":"image\/webp"}],"twitter_card":"summary_large_image","twitter_misc":{"Est. reading time":"2 minutes"},"schema":{"@context":"https:\/\/schema.org","@graph":[{"@type":"WebPage","@id":"https:\/\/www.miomiorun.com\/fr\/produit\/ceinture-cardio-hrm-200\/","url":"https:\/\/www.miomiorun.com\/fr\/produit\/ceinture-cardio-hrm-200\/","name":"Garmin Ceinture cardio HRM 600 - Bandes cardio - MioMioRun","isPartOf":{"@id":"https:\/\/www.miomiorun.com\/fr\/#website"},"primaryImageOfPage":{"@id":"https:\/\/www.miomiorun.com\/fr\/produit\/ceinture-cardio-hrm-200\/#primaryimage"},"image":{"@id":"https:\/\/www.miomiorun.com\/fr\/produit\/ceinture-cardio-hrm-200\/#primaryimage"},"thumbnailUrl":"https:\/\/www.miomiorun.com\/app\/uploads\/2025\/06\/garmin-HRM-600-XS-S-010-13383-01.webp","datePublished":"2025-06-06T14:01:19+00:00","dateModified":"2025-12-05T17:58:37+00:00","description":"D\u00e9couvrez le Garmin HRM 200, le cardiofr\u00e9quencem\u00e8tre pr\u00e9cis et confortable pour la course \u00e0 pied, le cyclisme et le fitness. Connexion en temps r\u00e9el, \u00e9tanche et lavable.","breadcrumb":{"@id":"https:\/\/www.miomiorun.com\/fr\/produit\/ceinture-cardio-hrm-200\/#breadcrumb"},"inLanguage":"fr-FR","potentialAction":[{"@type":"ReadAction","target":["https:\/\/www.miomiorun.com\/fr\/produit\/ceinture-cardio-hrm-200\/"]}]},{"@type":"ImageObject","inLanguage":"fr-FR","@id":"https:\/\/www.miomiorun.com\/fr\/produit\/ceinture-cardio-hrm-200\/#primaryimage","url":"https:\/\/www.miomiorun.com\/app\/uploads\/2025\/06\/garmin-HRM-600-XS-S-010-13383-01.webp","contentUrl":"https:\/\/www.miomiorun.com\/app\/uploads\/2025\/06\/garmin-HRM-600-XS-S-010-13383-01.webp","width":600,"height":600,"caption":"garmin HRM 600 XS-S 010-13383-01"},{"@type":"BreadcrumbList","@id":"https:\/\/www.miomiorun.com\/fr\/produit\/ceinture-cardio-hrm-200\/#breadcrumb","itemListElement":[{"@type":"ListItem","position":1,"name":"Home","item":"https:\/\/www.miomiorun.com\/fr\/home-page\/"},{"@type":"ListItem","position":2,"name":"Shop","item":"https:\/\/www.miomiorun.com\/shop\/"},{"@type":"ListItem","position":3,"name":"Ceinture cardio HRM 600"}]},{"@type":"WebSite","@id":"https:\/\/www.miomiorun.com\/fr\/#website","url":"https:\/\/www.miomiorun.com\/fr\/","name":"MioMioRun","description":"Boutique 100% running et trail","publisher":{"@id":"https:\/\/www.miomiorun.com\/fr\/#organization"},"potentialAction":[{"@type":"SearchAction","target":{"@type":"EntryPoint","urlTemplate":"https:\/\/www.miomiorun.com\/fr\/?s={search_term_string}"},"query-input":{"@type":"PropertyValueSpecification","valueRequired":true,"valueName":"search_term_string"}}],"inLanguage":"fr-FR"},{"@type":"Organization","@id":"https:\/\/www.miomiorun.com\/fr\/#organization","name":"MioMio Run","url":"https:\/\/www.miomiorun.com\/fr\/","logo":{"@type":"ImageObject","inLanguage":"fr-FR","@id":"https:\/\/www.miomiorun.com\/fr\/#\/schema\/logo\/image\/","url":"https:\/\/www.miomiorun.com\/app\/uploads\/2019\/12\/logomio.png","contentUrl":"https:\/\/www.miomiorun.com\/app\/uploads\/2019\/12\/logomio.png","width":115,"height":82,"caption":"MioMio Run"},"image":{"@id":"https:\/\/www.miomiorun.com\/fr\/#\/schema\/logo\/image\/"},"sameAs":["https:\/\/www.facebook.com\/miomiorun\/","https:\/\/www.instagram.com\/miomiorun\/"]}]}},"_links":{"self":[{"href":"https:\/\/www.miomiorun.com\/fr\/wp-json\/wp\/v2\/product\/317914","targetHints":{"allow":["GET"]}}],"collection":[{"href":"https:\/\/www.miomiorun.com\/fr\/wp-json\/wp\/v2\/product"}],"about":[{"href":"https:\/\/www.miomiorun.com\/fr\/wp-json\/wp\/v2\/types\/product"}],"wp:featuredmedia":[{"embeddable":true,"href":"https:\/\/www.miomiorun.com\/fr\/wp-json\/wp\/v2\/media\/318605"}],"wp:attachment":[{"href":"https:\/\/www.miomiorun.com\/fr\/wp-json\/wp\/v2\/media?parent=317914"}],"wp:term":[{"taxonomy":"product_brand","embeddable":true,"href":"https:\/\/www.miomiorun.com\/fr\/wp-json\/wp\/v2\/product_brand?post=317914"},{"taxonomy":"product_cat","embeddable":true,"href":"https:\/\/www.miomiorun.com\/fr\/wp-json\/wp\/v2\/product_cat?post=317914"},{"taxonomy":"product_tag","embeddable":true,"href":"https:\/\/www.miomiorun.com\/fr\/wp-json\/wp\/v2\/product_tag?post=317914"}],"curies":[{"name":"wp","href":"https:\/\/api.w.org\/{rel}","templated":true}]}}