{"id":317590,"date":"2025-06-06T12:05:39","date_gmt":"2025-06-06T10:05:39","guid":{"rendered":"https:\/\/miomiorun.com\/?post_type=product&#038;p=317590"},"modified":"2026-04-25T07:29:37","modified_gmt":"2026-04-25T05:29:37","slug":"ghost-17-homme","status":"publish","type":"product","link":"https:\/\/www.miomiorun.com\/fr\/produit\/ghost-17-homme\/","title":{"rendered":"Ghost 17 homme"},"content":{"rendered":"<div class=\"vc-row container\"><div class=\"vc-column\"><div class=\"vc-column-text\"><\/p>\n<h4>Caract\u00e9ristiques techniques<\/h4>\n<p>Cat\u00e9gorie : amorti souple et dynamique<br \/>\nD\u00e9calage : 10 mm<br \/>\nPoids : 286,3 g<br \/>\nId\u00e9al pour : les coureurs \u00e0 foul\u00e9e neutre \u00e0 la recherche d&#8217;un mod\u00e8le offrant un bon amorti et une excellente polyvalence pour la course et la marche sur de longues ou moyennes distances.<br \/>\nPoids de l&#8217;athl\u00e8te : 70 kg<br \/>\nAllure de course : moyenne (5 min\/km)<br \/>\n<a href=\"https:\/\/miomiorun.com\/guida-alle-specifiche-tecniche\/\">Guide des sp\u00e9cifications techniques<\/a><\/p>\n<p><\/div><\/div><div class=\"vc-column\"><div class=\"vc-column-text\"><\/p>\n<p data-start=\"235\" data-end=\"521\">La nouvelle <strong data-start=\"244\" data-end=\"256\">Ghost 17<\/strong> de Brooks est l&#8217;\u00e9volution parfaite de la chaussure de course qui a conquis des milliers de coureurs \u00e0 travers le monde. Id\u00e9ale pour ceux qui courent ou marchent tous les jours, elle combine un <strong data-start=\"416\" data-end=\"449\">amorti ultra-souple<\/strong>, des transitions fluides et un confort sup\u00e9rieur, kilom\u00e8tre apr\u00e8s kilom\u00e8tre.<\/p>\n<p data-start=\"523\" data-end=\"888\">Par rapport \u00e0 la Ghost 16, la Ghost 17 offre un confort sup\u00e9rieur gr\u00e2ce \u00e0 une <strong data-start=\"606\" data-end=\"631\">semelle interm\u00e9diaire am\u00e9lior\u00e9e<\/strong> dot\u00e9e de <strong data-start=\"642\" data-end=\"670\">DNA LOFT v3 nitro-infused<\/strong> : +1 mm de mousse au talon et +3 mm \u00e0 l&#8217;avant-pied pour un amorti encore plus \u00e9quilibr\u00e9. Les nouvelles <strong data-start=\"775\" data-end=\"802\">rainures strat\u00e9giques<\/strong> am\u00e9liorent la flexibilit\u00e9, favorisant un mouvement naturel et continu \u00e0 chaque foul\u00e9e.<\/p>\n<p data-start=\"890\" data-end=\"1075\">Que vous soyez un coureur r\u00e9gulier ou \u00e0 la recherche d&#8217;une chaussure d&#8217;entra\u00eenement quotidienne, la <strong data-start=\"979\" data-end=\"991\">Ghost 17<\/strong> est con\u00e7ue pour vous offrir une course fluide, stable et confortable dans toutes les conditions. <\/p>\n<h4 data-start=\"1082\" data-end=\"1118\"><strong data-start=\"1087\" data-end=\"1118\">Caract\u00e9ristiques principales :<\/strong><\/h4>\n<ul data-start=\"1119\" data-end=\"1482\">\n<li data-start=\"1119\" data-end=\"1172\">\n<p data-start=\"1121\" data-end=\"1172\">Amorti <strong data-start=\"1137\" data-end=\"1152\">DNA LOFT v3<\/strong> avec infusion de nitro<\/p>\n<\/li>\n<li data-start=\"1173\" data-end=\"1242\">\n<p data-start=\"1175\" data-end=\"1242\">Nouvelle <strong data-start=\"1181\" data-end=\"1204\">semelle interm\u00e9diaire moul\u00e9e<\/strong> pour une course plus fluide et plus souple<\/p>\n<\/li>\n<li data-start=\"1243\" data-end=\"1314\">\n<p data-start=\"1245\" data-end=\"1314\">Quantit\u00e9 de mousse accrue : +1 mm au talon, +3 mm \u00e0 l&#8217;avant-pied<\/p>\n<\/li>\n<li data-start=\"1315\" data-end=\"1358\">\n<p data-start=\"1317\" data-end=\"1358\">Adapt\u00e9e \u00e0 la <strong data-start=\"1326\" data-end=\"1358\">course quotidienne et \u00e0 la marche<\/strong><\/p>\n<\/li>\n<li data-start=\"1359\" data-end=\"1412\">\n<p data-start=\"1361\" data-end=\"1412\">Transitions plus souples gr\u00e2ce \u00e0 un design am\u00e9lior\u00e9<\/p>\n<\/li>\n<li data-start=\"1413\" data-end=\"1482\">\n<p data-start=\"1415\" data-end=\"1482\">L&#8217;un des choix pr\u00e9f\u00e9r\u00e9s des coureurs pour son <strong data-start=\"1457\" data-end=\"1482\">confort et sa polyvalence<\/strong><\/p>\n<\/li>\n<\/ul>\n<p><\/div><\/div><\/div><\/p>\n","protected":false},"excerpt":{"rendered":"<ul>\n<li>Amorti DNA LOFT V3 \u00e0 infusion de nitro<\/li>\n<li>Transitions fluides<\/li>\n<li>Tige am\u00e9lior\u00e9e<\/li>\n<\/ul>\n","protected":false},"featured_media":389806,"template":"","meta":{"_acf_changed":false,"inline_featured_image":false},"product_brand":[],"product_cat":[24448,24447],"product_tag":[23462,23655],"class_list":{"0":"post-317590","1":"product","2":"type-product","3":"status-publish","4":"has-post-thumbnail","6":"product_cat-chaussures-pour-hommes-fr","7":"product_cat-neutre-fr-3","8":"product_tag-brooks-fr","9":"product_tag-brooks-homme","10":"pa_attivita-marcher","11":"pa_attivita-running-fr","12":"pa_colore-ghost-17-acid-lime-navy-white-fr","13":"pa_colore-ghost-17-atlantic-deep-black-green-fr","14":"pa_colore-ghost-17-beacon-blue-moonlight-starfish-fr","15":"pa_colore-ghost-17-black-grey-white-fr","16":"pa_colore-ghost-17-blazing-orange-yellow-ebony-fr","17":"pa_colore-ghost-17-gray-mist-yucca-nightlife-fr","18":"pa_colore-ghost-17-oyster-beacon-blue-gecko","19":"pa_colore-ghost-17-peacoat-lime-blue-fr","20":"pa_colore-ghost-17-white-beacon-blue-ipanema","21":"pa_colore-ghost-17-white-black-tea-fr","22":"pa_marca-brooks-fr","23":"pa_sesso-homme","24":"pa_size-41-fr","25":"pa_size-42-fr","26":"pa_size-42-5-fr","27":"pa_size-43-fr","28":"pa_size-44-fr","29":"pa_size-44-5-fr","30":"pa_size-45-fr","31":"pa_size-45-5-fr","32":"pa_size-46-fr","33":"pa_size-46-5-fr","34":"pa_size-47-5-fr","36":"first","37":"instock","38":"sale","39":"taxable","40":"shipping-taxable","41":"purchasable","42":"product-type-variable","43":"wvs-archive-product-wrapper"},"acf":[],"yoast_head":"<!-- This site is optimized with the Yoast SEO plugin v26.8 - https:\/\/yoast.com\/product\/yoast-seo-wordpress\/ -->\n<title>Brooks Ghost 17 homme - chaussures de course homme - MioMioRun.com<\/title>\n<meta name=\"description\" content=\"Brooks Ghost 17 : amorti DNA LOFT v3 am\u00e9lior\u00e9, confort sup\u00e9rieur et transitions fluides. Id\u00e9al pour les coureurs et les marcheurs de tous niveaux.\" \/>\n<meta name=\"robots\" content=\"index, follow, max-snippet:-1, max-image-preview:large, max-video-preview:-1\" \/>\n<link rel=\"canonical\" href=\"https:\/\/www.miomiorun.com\/fr\/produit\/ghost-17-homme\/\" \/>\n<meta property=\"og:locale\" content=\"fr_FR\" \/>\n<meta property=\"og:type\" content=\"article\" \/>\n<meta property=\"og:title\" content=\"Brooks Ghost 17 homme - chaussures de course homme - MioMioRun.com\" \/>\n<meta property=\"og:description\" content=\"Brooks Ghost 17 : amorti DNA LOFT v3 am\u00e9lior\u00e9, confort sup\u00e9rieur et transitions fluides. Id\u00e9al pour les coureurs et les marcheurs de tous niveaux.\" \/>\n<meta property=\"og:url\" content=\"https:\/\/www.miomiorun.com\/fr\/produit\/ghost-17-homme\/\" \/>\n<meta property=\"og:site_name\" content=\"MioMioRun\" \/>\n<meta property=\"article:publisher\" content=\"https:\/\/www.facebook.com\/miomiorun\/\" \/>\n<meta property=\"article:modified_time\" content=\"2026-04-25T05:29:37+00:00\" \/>\n<meta property=\"og:image\" content=\"https:\/\/www.miomiorun.com\/app\/uploads\/2026\/01\/brooks-Ghost-17-beacon-blue-moonlight-starfish-1104421D443.webp\" \/>\n\t<meta property=\"og:image:width\" content=\"720\" \/>\n\t<meta property=\"og:image:height\" content=\"720\" \/>\n\t<meta property=\"og:image:type\" content=\"image\/webp\" \/>\n<meta name=\"twitter:card\" content=\"summary_large_image\" \/>\n<meta name=\"twitter:label1\" content=\"Est. reading time\" \/>\n\t<meta name=\"twitter:data1\" content=\"2 minutes\" \/>\n<script type=\"application\/ld+json\" class=\"yoast-schema-graph\">{\"@context\":\"https:\/\/schema.org\",\"@graph\":[{\"@type\":\"WebPage\",\"@id\":\"https:\/\/www.miomiorun.com\/fr\/produit\/ghost-17-homme\/\",\"url\":\"https:\/\/www.miomiorun.com\/fr\/produit\/ghost-17-homme\/\",\"name\":\"Brooks Ghost 17 homme - chaussures de course homme - MioMioRun.com\",\"isPartOf\":{\"@id\":\"https:\/\/www.miomiorun.com\/fr\/#website\"},\"primaryImageOfPage\":{\"@id\":\"https:\/\/www.miomiorun.com\/fr\/produit\/ghost-17-homme\/#primaryimage\"},\"image\":{\"@id\":\"https:\/\/www.miomiorun.com\/fr\/produit\/ghost-17-homme\/#primaryimage\"},\"thumbnailUrl\":\"https:\/\/www.miomiorun.com\/app\/uploads\/2026\/01\/brooks-Ghost-17-beacon-blue-moonlight-starfish-1104421D443.webp\",\"datePublished\":\"2025-06-06T10:05:39+00:00\",\"dateModified\":\"2026-04-25T05:29:37+00:00\",\"description\":\"Brooks Ghost 17 : amorti DNA LOFT v3 am\u00e9lior\u00e9, confort sup\u00e9rieur et transitions fluides. Id\u00e9al pour les coureurs et les marcheurs de tous niveaux.\",\"breadcrumb\":{\"@id\":\"https:\/\/www.miomiorun.com\/fr\/produit\/ghost-17-homme\/#breadcrumb\"},\"inLanguage\":\"fr-FR\",\"potentialAction\":[{\"@type\":\"ReadAction\",\"target\":[\"https:\/\/www.miomiorun.com\/fr\/produit\/ghost-17-homme\/\"]}]},{\"@type\":\"ImageObject\",\"inLanguage\":\"fr-FR\",\"@id\":\"https:\/\/www.miomiorun.com\/fr\/produit\/ghost-17-homme\/#primaryimage\",\"url\":\"https:\/\/www.miomiorun.com\/app\/uploads\/2026\/01\/brooks-Ghost-17-beacon-blue-moonlight-starfish-1104421D443.webp\",\"contentUrl\":\"https:\/\/www.miomiorun.com\/app\/uploads\/2026\/01\/brooks-Ghost-17-beacon-blue-moonlight-starfish-1104421D443.webp\",\"width\":720,\"height\":720,\"caption\":\"brooks Ghost 17 beacon blue moonlight starfish 1104421D443\"},{\"@type\":\"BreadcrumbList\",\"@id\":\"https:\/\/www.miomiorun.com\/fr\/produit\/ghost-17-homme\/#breadcrumb\",\"itemListElement\":[{\"@type\":\"ListItem\",\"position\":1,\"name\":\"Home\",\"item\":\"https:\/\/www.miomiorun.com\/fr\/home-page\/\"},{\"@type\":\"ListItem\",\"position\":2,\"name\":\"Shop\",\"item\":\"https:\/\/www.miomiorun.com\/shop\/\"},{\"@type\":\"ListItem\",\"position\":3,\"name\":\"Ghost 17 homme\"}]},{\"@type\":\"WebSite\",\"@id\":\"https:\/\/www.miomiorun.com\/fr\/#website\",\"url\":\"https:\/\/www.miomiorun.com\/fr\/\",\"name\":\"MioMioRun\",\"description\":\"Boutique 100% running et trail\",\"publisher\":{\"@id\":\"https:\/\/www.miomiorun.com\/fr\/#organization\"},\"potentialAction\":[{\"@type\":\"SearchAction\",\"target\":{\"@type\":\"EntryPoint\",\"urlTemplate\":\"https:\/\/www.miomiorun.com\/fr\/?s={search_term_string}\"},\"query-input\":{\"@type\":\"PropertyValueSpecification\",\"valueRequired\":true,\"valueName\":\"search_term_string\"}}],\"inLanguage\":\"fr-FR\"},{\"@type\":\"Organization\",\"@id\":\"https:\/\/www.miomiorun.com\/fr\/#organization\",\"name\":\"MioMio Run\",\"url\":\"https:\/\/www.miomiorun.com\/fr\/\",\"logo\":{\"@type\":\"ImageObject\",\"inLanguage\":\"fr-FR\",\"@id\":\"https:\/\/www.miomiorun.com\/fr\/#\/schema\/logo\/image\/\",\"url\":\"https:\/\/www.miomiorun.com\/app\/uploads\/2019\/12\/logomio.png\",\"contentUrl\":\"https:\/\/www.miomiorun.com\/app\/uploads\/2019\/12\/logomio.png\",\"width\":115,\"height\":82,\"caption\":\"MioMio Run\"},\"image\":{\"@id\":\"https:\/\/www.miomiorun.com\/fr\/#\/schema\/logo\/image\/\"},\"sameAs\":[\"https:\/\/www.facebook.com\/miomiorun\/\",\"https:\/\/www.instagram.com\/miomiorun\/\"]}]}<\/script>\n<!-- \/ Yoast SEO plugin. -->","yoast_head_json":{"title":"Brooks Ghost 17 homme - chaussures de course homme - MioMioRun.com","description":"Brooks Ghost 17 : amorti DNA LOFT v3 am\u00e9lior\u00e9, confort sup\u00e9rieur et transitions fluides. Id\u00e9al pour les coureurs et les marcheurs de tous niveaux.","robots":{"index":"index","follow":"follow","max-snippet":"max-snippet:-1","max-image-preview":"max-image-preview:large","max-video-preview":"max-video-preview:-1"},"canonical":"https:\/\/www.miomiorun.com\/fr\/produit\/ghost-17-homme\/","og_locale":"fr_FR","og_type":"article","og_title":"Brooks Ghost 17 homme - chaussures de course homme - MioMioRun.com","og_description":"Brooks Ghost 17 : amorti DNA LOFT v3 am\u00e9lior\u00e9, confort sup\u00e9rieur et transitions fluides. Id\u00e9al pour les coureurs et les marcheurs de tous niveaux.","og_url":"https:\/\/www.miomiorun.com\/fr\/produit\/ghost-17-homme\/","og_site_name":"MioMioRun","article_publisher":"https:\/\/www.facebook.com\/miomiorun\/","article_modified_time":"2026-04-25T05:29:37+00:00","og_image":[{"width":720,"height":720,"url":"https:\/\/www.miomiorun.com\/app\/uploads\/2026\/01\/brooks-Ghost-17-beacon-blue-moonlight-starfish-1104421D443.webp","type":"image\/webp"}],"twitter_card":"summary_large_image","twitter_misc":{"Est. reading time":"2 minutes"},"schema":{"@context":"https:\/\/schema.org","@graph":[{"@type":"WebPage","@id":"https:\/\/www.miomiorun.com\/fr\/produit\/ghost-17-homme\/","url":"https:\/\/www.miomiorun.com\/fr\/produit\/ghost-17-homme\/","name":"Brooks Ghost 17 homme - chaussures de course homme - MioMioRun.com","isPartOf":{"@id":"https:\/\/www.miomiorun.com\/fr\/#website"},"primaryImageOfPage":{"@id":"https:\/\/www.miomiorun.com\/fr\/produit\/ghost-17-homme\/#primaryimage"},"image":{"@id":"https:\/\/www.miomiorun.com\/fr\/produit\/ghost-17-homme\/#primaryimage"},"thumbnailUrl":"https:\/\/www.miomiorun.com\/app\/uploads\/2026\/01\/brooks-Ghost-17-beacon-blue-moonlight-starfish-1104421D443.webp","datePublished":"2025-06-06T10:05:39+00:00","dateModified":"2026-04-25T05:29:37+00:00","description":"Brooks Ghost 17 : amorti DNA LOFT v3 am\u00e9lior\u00e9, confort sup\u00e9rieur et transitions fluides. Id\u00e9al pour les coureurs et les marcheurs de tous niveaux.","breadcrumb":{"@id":"https:\/\/www.miomiorun.com\/fr\/produit\/ghost-17-homme\/#breadcrumb"},"inLanguage":"fr-FR","potentialAction":[{"@type":"ReadAction","target":["https:\/\/www.miomiorun.com\/fr\/produit\/ghost-17-homme\/"]}]},{"@type":"ImageObject","inLanguage":"fr-FR","@id":"https:\/\/www.miomiorun.com\/fr\/produit\/ghost-17-homme\/#primaryimage","url":"https:\/\/www.miomiorun.com\/app\/uploads\/2026\/01\/brooks-Ghost-17-beacon-blue-moonlight-starfish-1104421D443.webp","contentUrl":"https:\/\/www.miomiorun.com\/app\/uploads\/2026\/01\/brooks-Ghost-17-beacon-blue-moonlight-starfish-1104421D443.webp","width":720,"height":720,"caption":"brooks Ghost 17 beacon blue moonlight starfish 1104421D443"},{"@type":"BreadcrumbList","@id":"https:\/\/www.miomiorun.com\/fr\/produit\/ghost-17-homme\/#breadcrumb","itemListElement":[{"@type":"ListItem","position":1,"name":"Home","item":"https:\/\/www.miomiorun.com\/fr\/home-page\/"},{"@type":"ListItem","position":2,"name":"Shop","item":"https:\/\/www.miomiorun.com\/shop\/"},{"@type":"ListItem","position":3,"name":"Ghost 17 homme"}]},{"@type":"WebSite","@id":"https:\/\/www.miomiorun.com\/fr\/#website","url":"https:\/\/www.miomiorun.com\/fr\/","name":"MioMioRun","description":"Boutique 100% running et trail","publisher":{"@id":"https:\/\/www.miomiorun.com\/fr\/#organization"},"potentialAction":[{"@type":"SearchAction","target":{"@type":"EntryPoint","urlTemplate":"https:\/\/www.miomiorun.com\/fr\/?s={search_term_string}"},"query-input":{"@type":"PropertyValueSpecification","valueRequired":true,"valueName":"search_term_string"}}],"inLanguage":"fr-FR"},{"@type":"Organization","@id":"https:\/\/www.miomiorun.com\/fr\/#organization","name":"MioMio Run","url":"https:\/\/www.miomiorun.com\/fr\/","logo":{"@type":"ImageObject","inLanguage":"fr-FR","@id":"https:\/\/www.miomiorun.com\/fr\/#\/schema\/logo\/image\/","url":"https:\/\/www.miomiorun.com\/app\/uploads\/2019\/12\/logomio.png","contentUrl":"https:\/\/www.miomiorun.com\/app\/uploads\/2019\/12\/logomio.png","width":115,"height":82,"caption":"MioMio Run"},"image":{"@id":"https:\/\/www.miomiorun.com\/fr\/#\/schema\/logo\/image\/"},"sameAs":["https:\/\/www.facebook.com\/miomiorun\/","https:\/\/www.instagram.com\/miomiorun\/"]}]}},"_links":{"self":[{"href":"https:\/\/www.miomiorun.com\/fr\/wp-json\/wp\/v2\/product\/317590","targetHints":{"allow":["GET"]}}],"collection":[{"href":"https:\/\/www.miomiorun.com\/fr\/wp-json\/wp\/v2\/product"}],"about":[{"href":"https:\/\/www.miomiorun.com\/fr\/wp-json\/wp\/v2\/types\/product"}],"wp:featuredmedia":[{"embeddable":true,"href":"https:\/\/www.miomiorun.com\/fr\/wp-json\/wp\/v2\/media\/389806"}],"wp:attachment":[{"href":"https:\/\/www.miomiorun.com\/fr\/wp-json\/wp\/v2\/media?parent=317590"}],"wp:term":[{"taxonomy":"product_brand","embeddable":true,"href":"https:\/\/www.miomiorun.com\/fr\/wp-json\/wp\/v2\/product_brand?post=317590"},{"taxonomy":"product_cat","embeddable":true,"href":"https:\/\/www.miomiorun.com\/fr\/wp-json\/wp\/v2\/product_cat?post=317590"},{"taxonomy":"product_tag","embeddable":true,"href":"https:\/\/www.miomiorun.com\/fr\/wp-json\/wp\/v2\/product_tag?post=317590"}],"curies":[{"name":"wp","href":"https:\/\/api.w.org\/{rel}","templated":true}]}}