{"id":317302,"date":"2025-06-06T11:27:03","date_gmt":"2025-06-06T09:27:03","guid":{"rendered":"https:\/\/miomiorun.com\/?post_type=product&#038;p=317302"},"modified":"2025-12-05T19:06:27","modified_gmt":"2025-12-05T18:06:27","slug":"adizero-xcs","status":"publish","type":"product","link":"https:\/\/www.miomiorun.com\/fr\/produit\/adizero-xcs\/","title":{"rendered":"Adizero XCS"},"content":{"rendered":"<div class=\"vc-row container\"><div class=\"vc-column\"><div class=\"vc-column-text\"><\/p>\n<h4>Caract\u00e9ristiques techniques<\/h4>\n<p>Cat\u00e9gorie : chaussure d&#8217;athl\u00e9tisme pour distances moyennes<br \/>\nD\u00e9calage : 2 mm (talon : 11,5 mm \/ avant-pied : 9,5 mm)<br \/>\nPoids : 175 g (pointure 42 2\/3)<br \/>\nId\u00e9ale pour : les athl\u00e8tes rapides et les entra\u00eenements de comp\u00e9tition, gr\u00e2ce \u00e0 son amorti innovant et r\u00e9actif, elle vous rendra plus rapide et vous accompagnera jusqu&#8217;au podium.<br \/>\nPoids de l&#8217;athl\u00e8te : &lt; 70 kg<br \/>\nAllure de course : &lt; 4,00 min\/km<br \/>\n<a href=\"https:\/\/miomiorun.com\/guida-alle-specifiche-tecniche\/\">Guide des sp\u00e9cifications techniques<\/a><\/p>\n<p><\/div><\/div><div class=\"vc-column\"><div class=\"vc-column-text\"><\/p>\n<p data-start=\"220\" data-end=\"510\">Les <strong data-start=\"223\" data-end=\"245\">adidas Adizero XCS<\/strong> sont des chaussures d&#8217;athl\u00e9tisme con\u00e7ues pour ceux qui visent l&#8217;excellence \u00e0 chaque comp\u00e9tition. Du d\u00e9part \u00e0 l&#8217;arriv\u00e9e, ces chaussures offrent une <strong data-start=\"382\" data-end=\"419\">r\u00e9activit\u00e9, une l\u00e9g\u00e8ret\u00e9 et une traction<\/strong> exceptionnelles pour vous aider \u00e0 am\u00e9liorer vos temps et \u00e0 atteindre votre <strong data-start=\"492\" data-end=\"509\">record personnel<\/strong>.<\/p>\n<p data-start=\"512\" data-end=\"881\">La <strong data-start=\"515\" data-end=\"541\">structure ultral\u00e9g\u00e8re<\/strong> et la semelle interm\u00e9diaire <strong data-start=\"557\" data-end=\"567\">Bounce<\/strong> assurent un retour d&#8217;\u00e9nergie efficace et une course fluide, tandis que la tige synth\u00e9tique enveloppante garantit un <strong data-start=\"683\" data-end=\"713\">ajustement stable et adh\u00e9rent<\/strong> m\u00eame dans les moments les plus intenses. La <strong data-start=\"748\" data-end=\"775\">semelle crant\u00e9e en caoutchouc<\/strong>, con\u00e7ue pour la piste, offre une adh\u00e9rence agressive qui vous permet de pousser en toute confiance \u00e0 chaque foul\u00e9e.<\/p>\n<p data-start=\"883\" data-end=\"1013\">De plus, elles sont fabriqu\u00e9es avec au moins <strong data-start=\"921\" data-end=\"951\">20 % de mat\u00e9riaux recycl\u00e9s<\/strong>, pour un choix de performance qui respecte \u00e9galement l&#8217;environnement.<\/p>\n<h4 data-start=\"1020\" data-end=\"1056\"><strong data-start=\"1025\" data-end=\"1056\">Caract\u00e9ristiques principales :<\/strong><\/h4>\n<ul data-start=\"1057\" data-end=\"1424\">\n<li data-start=\"1057\" data-end=\"1100\">\n<p data-start=\"1059\" data-end=\"1100\"><strong data-start=\"1059\" data-end=\"1079\">Coupe r\u00e9guli\u00e8re<\/strong> avec fermeture \u00e0 lacets<\/p>\n<\/li>\n<li data-start=\"1101\" data-end=\"1171\">\n<p data-start=\"1103\" data-end=\"1171\"><strong data-start=\"1103\" data-end=\"1145\">Tige et doublure en mati\u00e8re synth\u00e9tique<\/strong> pour plus de l\u00e9g\u00e8ret\u00e9 et de maintien<\/p>\n<\/li>\n<li data-start=\"1172\" data-end=\"1224\">\n<p data-start=\"1174\" data-end=\"1224\"><strong data-start=\"1174\" data-end=\"1195\">Semelle interm\u00e9diaire Bounce<\/strong> pour un amorti r\u00e9actif<\/p>\n<\/li>\n<li data-start=\"1225\" data-end=\"1296\">\n<p data-start=\"1227\" data-end=\"1296\"><strong data-start=\"1227\" data-end=\"1266\">Semelle avec plaque clout\u00e9e en caoutchouc<\/strong> pour une traction maximale sur piste<\/p>\n<\/li>\n<li data-start=\"1385\" data-end=\"1424\">\n<p data-start=\"1387\" data-end=\"1424\">Au moins <strong data-start=\"1394\" data-end=\"1424\">20 % de mat\u00e9riaux recycl\u00e9s<\/strong><\/p>\n<\/li>\n<\/ul>\n<p><\/div><\/div><\/div>\n","protected":false},"excerpt":{"rendered":"<ul class=\"m-long-description__features\">\n<li class=\"m-long-description__feature\">Ultra-l\u00e9g\u00e8re et r\u00e9active<\/li>\n<li>Chaussure rapide pour la comp\u00e9tition<\/li>\n<\/ul>\n","protected":false},"featured_media":318335,"template":"","meta":{"_acf_changed":false,"inline_featured_image":false},"product_brand":[],"product_cat":[22605,24448,22606,24447],"product_tag":[23557,23563,23564],"class_list":{"0":"post-317302","1":"product","2":"type-product","3":"status-publish","4":"has-post-thumbnail","6":"product_cat-chaussures-pour-femmes","7":"product_cat-chaussures-pour-hommes-fr","8":"product_cat-neutre","9":"product_cat-neutre-fr-3","10":"product_tag-adidas-fr","11":"product_tag-adidas-femme","12":"product_tag-adidas-homme","13":"pa_attivita-running-fr","14":"pa_colore-adizero-xcs-luclem-cblack-halsil-fr","15":"pa_marca-adidas-fr","16":"pa_sesso-femme","17":"pa_sesso-homme","18":"pa_size-38-fr","19":"pa_size-40-fr","21":"pa_size-41-fr","22":"pa_size-42-fr","24":"pa_size-43-fr","25":"pa_size-44-fr","27":"pa_size-45-fr","28":"pa_size-46-fr","31":"first","32":"instock","33":"sale","34":"taxable","35":"shipping-taxable","36":"purchasable","37":"product-type-variable","38":"wvs-archive-product-wrapper"},"acf":[],"yoast_head":"<!-- This site is optimized with the Yoast SEO plugin v26.8 - https:\/\/yoast.com\/product\/yoast-seo-wordpress\/ -->\n<title>Adidas Adizero XCS - chaussures de course - MioMioRun<\/title>\n<meta name=\"description\" content=\"Adidas Adizero XCS : chaussures d&#039;athl\u00e9tisme ultral\u00e9g\u00e8res avec semelle interm\u00e9diaire Bounce r\u00e9active, semelle crant\u00e9e adh\u00e9rente et 20 % de mat\u00e9riaux recycl\u00e9s pour battre votre record personnel.\" \/>\n<meta name=\"robots\" content=\"index, follow, max-snippet:-1, max-image-preview:large, max-video-preview:-1\" \/>\n<link rel=\"canonical\" href=\"https:\/\/www.miomiorun.com\/fr\/produit\/adizero-xcs\/\" \/>\n<meta property=\"og:locale\" content=\"fr_FR\" \/>\n<meta property=\"og:type\" content=\"article\" \/>\n<meta property=\"og:title\" content=\"Adidas Adizero XCS - chaussures de course - MioMioRun\" \/>\n<meta property=\"og:description\" content=\"Adidas Adizero XCS : chaussures d&#039;athl\u00e9tisme ultral\u00e9g\u00e8res avec semelle interm\u00e9diaire Bounce r\u00e9active, semelle crant\u00e9e adh\u00e9rente et 20 % de mat\u00e9riaux recycl\u00e9s pour battre votre record personnel.\" \/>\n<meta property=\"og:url\" content=\"https:\/\/www.miomiorun.com\/fr\/produit\/adizero-xcs\/\" \/>\n<meta property=\"og:site_name\" content=\"MioMioRun\" \/>\n<meta property=\"article:publisher\" content=\"https:\/\/www.facebook.com\/miomiorun\/\" \/>\n<meta property=\"article:modified_time\" content=\"2025-12-05T18:06:27+00:00\" \/>\n<meta property=\"og:image\" content=\"https:\/\/www.miomiorun.com\/app\/uploads\/2025\/06\/adidas-Adizero-XCS-luclem-cblack-halsil-IF9429.webp\" \/>\n\t<meta property=\"og:image:width\" content=\"600\" \/>\n\t<meta property=\"og:image:height\" content=\"600\" \/>\n\t<meta property=\"og:image:type\" content=\"image\/webp\" \/>\n<meta name=\"twitter:card\" content=\"summary_large_image\" \/>\n<meta name=\"twitter:label1\" content=\"Est. reading time\" \/>\n\t<meta name=\"twitter:data1\" content=\"2 minutes\" \/>\n<script type=\"application\/ld+json\" class=\"yoast-schema-graph\">{\"@context\":\"https:\/\/schema.org\",\"@graph\":[{\"@type\":\"WebPage\",\"@id\":\"https:\/\/www.miomiorun.com\/fr\/produit\/adizero-xcs\/\",\"url\":\"https:\/\/www.miomiorun.com\/fr\/produit\/adizero-xcs\/\",\"name\":\"Adidas Adizero XCS - chaussures de course - MioMioRun\",\"isPartOf\":{\"@id\":\"https:\/\/www.miomiorun.com\/fr\/#website\"},\"primaryImageOfPage\":{\"@id\":\"https:\/\/www.miomiorun.com\/fr\/produit\/adizero-xcs\/#primaryimage\"},\"image\":{\"@id\":\"https:\/\/www.miomiorun.com\/fr\/produit\/adizero-xcs\/#primaryimage\"},\"thumbnailUrl\":\"https:\/\/www.miomiorun.com\/app\/uploads\/2025\/06\/adidas-Adizero-XCS-luclem-cblack-halsil-IF9429.webp\",\"datePublished\":\"2025-06-06T09:27:03+00:00\",\"dateModified\":\"2025-12-05T18:06:27+00:00\",\"description\":\"Adidas Adizero XCS : chaussures d'athl\u00e9tisme ultral\u00e9g\u00e8res avec semelle interm\u00e9diaire Bounce r\u00e9active, semelle crant\u00e9e adh\u00e9rente et 20 % de mat\u00e9riaux recycl\u00e9s pour battre votre record personnel.\",\"breadcrumb\":{\"@id\":\"https:\/\/www.miomiorun.com\/fr\/produit\/adizero-xcs\/#breadcrumb\"},\"inLanguage\":\"fr-FR\",\"potentialAction\":[{\"@type\":\"ReadAction\",\"target\":[\"https:\/\/www.miomiorun.com\/fr\/produit\/adizero-xcs\/\"]}]},{\"@type\":\"ImageObject\",\"inLanguage\":\"fr-FR\",\"@id\":\"https:\/\/www.miomiorun.com\/fr\/produit\/adizero-xcs\/#primaryimage\",\"url\":\"https:\/\/www.miomiorun.com\/app\/uploads\/2025\/06\/adidas-Adizero-XCS-luclem-cblack-halsil-IF9429.webp\",\"contentUrl\":\"https:\/\/www.miomiorun.com\/app\/uploads\/2025\/06\/adidas-Adizero-XCS-luclem-cblack-halsil-IF9429.webp\",\"width\":600,\"height\":600,\"caption\":\"adidas Adizero XCS luclem cblack halsil IF9429\"},{\"@type\":\"BreadcrumbList\",\"@id\":\"https:\/\/www.miomiorun.com\/fr\/produit\/adizero-xcs\/#breadcrumb\",\"itemListElement\":[{\"@type\":\"ListItem\",\"position\":1,\"name\":\"Home\",\"item\":\"https:\/\/www.miomiorun.com\/fr\/home-page\/\"},{\"@type\":\"ListItem\",\"position\":2,\"name\":\"Shop\",\"item\":\"https:\/\/www.miomiorun.com\/shop\/\"},{\"@type\":\"ListItem\",\"position\":3,\"name\":\"Adizero XCS\"}]},{\"@type\":\"WebSite\",\"@id\":\"https:\/\/www.miomiorun.com\/fr\/#website\",\"url\":\"https:\/\/www.miomiorun.com\/fr\/\",\"name\":\"MioMioRun\",\"description\":\"Boutique 100% running et trail\",\"publisher\":{\"@id\":\"https:\/\/www.miomiorun.com\/fr\/#organization\"},\"potentialAction\":[{\"@type\":\"SearchAction\",\"target\":{\"@type\":\"EntryPoint\",\"urlTemplate\":\"https:\/\/www.miomiorun.com\/fr\/?s={search_term_string}\"},\"query-input\":{\"@type\":\"PropertyValueSpecification\",\"valueRequired\":true,\"valueName\":\"search_term_string\"}}],\"inLanguage\":\"fr-FR\"},{\"@type\":\"Organization\",\"@id\":\"https:\/\/www.miomiorun.com\/fr\/#organization\",\"name\":\"MioMio Run\",\"url\":\"https:\/\/www.miomiorun.com\/fr\/\",\"logo\":{\"@type\":\"ImageObject\",\"inLanguage\":\"fr-FR\",\"@id\":\"https:\/\/www.miomiorun.com\/fr\/#\/schema\/logo\/image\/\",\"url\":\"https:\/\/www.miomiorun.com\/app\/uploads\/2019\/12\/logomio.png\",\"contentUrl\":\"https:\/\/www.miomiorun.com\/app\/uploads\/2019\/12\/logomio.png\",\"width\":115,\"height\":82,\"caption\":\"MioMio Run\"},\"image\":{\"@id\":\"https:\/\/www.miomiorun.com\/fr\/#\/schema\/logo\/image\/\"},\"sameAs\":[\"https:\/\/www.facebook.com\/miomiorun\/\",\"https:\/\/www.instagram.com\/miomiorun\/\"]}]}<\/script>\n<!-- \/ Yoast SEO plugin. -->","yoast_head_json":{"title":"Adidas Adizero XCS - chaussures de course - MioMioRun","description":"Adidas Adizero XCS : chaussures d'athl\u00e9tisme ultral\u00e9g\u00e8res avec semelle interm\u00e9diaire Bounce r\u00e9active, semelle crant\u00e9e adh\u00e9rente et 20 % de mat\u00e9riaux recycl\u00e9s pour battre votre record personnel.","robots":{"index":"index","follow":"follow","max-snippet":"max-snippet:-1","max-image-preview":"max-image-preview:large","max-video-preview":"max-video-preview:-1"},"canonical":"https:\/\/www.miomiorun.com\/fr\/produit\/adizero-xcs\/","og_locale":"fr_FR","og_type":"article","og_title":"Adidas Adizero XCS - chaussures de course - MioMioRun","og_description":"Adidas Adizero XCS : chaussures d'athl\u00e9tisme ultral\u00e9g\u00e8res avec semelle interm\u00e9diaire Bounce r\u00e9active, semelle crant\u00e9e adh\u00e9rente et 20 % de mat\u00e9riaux recycl\u00e9s pour battre votre record personnel.","og_url":"https:\/\/www.miomiorun.com\/fr\/produit\/adizero-xcs\/","og_site_name":"MioMioRun","article_publisher":"https:\/\/www.facebook.com\/miomiorun\/","article_modified_time":"2025-12-05T18:06:27+00:00","og_image":[{"width":600,"height":600,"url":"https:\/\/www.miomiorun.com\/app\/uploads\/2025\/06\/adidas-Adizero-XCS-luclem-cblack-halsil-IF9429.webp","type":"image\/webp"}],"twitter_card":"summary_large_image","twitter_misc":{"Est. reading time":"2 minutes"},"schema":{"@context":"https:\/\/schema.org","@graph":[{"@type":"WebPage","@id":"https:\/\/www.miomiorun.com\/fr\/produit\/adizero-xcs\/","url":"https:\/\/www.miomiorun.com\/fr\/produit\/adizero-xcs\/","name":"Adidas Adizero XCS - chaussures de course - MioMioRun","isPartOf":{"@id":"https:\/\/www.miomiorun.com\/fr\/#website"},"primaryImageOfPage":{"@id":"https:\/\/www.miomiorun.com\/fr\/produit\/adizero-xcs\/#primaryimage"},"image":{"@id":"https:\/\/www.miomiorun.com\/fr\/produit\/adizero-xcs\/#primaryimage"},"thumbnailUrl":"https:\/\/www.miomiorun.com\/app\/uploads\/2025\/06\/adidas-Adizero-XCS-luclem-cblack-halsil-IF9429.webp","datePublished":"2025-06-06T09:27:03+00:00","dateModified":"2025-12-05T18:06:27+00:00","description":"Adidas Adizero XCS : chaussures d'athl\u00e9tisme ultral\u00e9g\u00e8res avec semelle interm\u00e9diaire Bounce r\u00e9active, semelle crant\u00e9e adh\u00e9rente et 20 % de mat\u00e9riaux recycl\u00e9s pour battre votre record personnel.","breadcrumb":{"@id":"https:\/\/www.miomiorun.com\/fr\/produit\/adizero-xcs\/#breadcrumb"},"inLanguage":"fr-FR","potentialAction":[{"@type":"ReadAction","target":["https:\/\/www.miomiorun.com\/fr\/produit\/adizero-xcs\/"]}]},{"@type":"ImageObject","inLanguage":"fr-FR","@id":"https:\/\/www.miomiorun.com\/fr\/produit\/adizero-xcs\/#primaryimage","url":"https:\/\/www.miomiorun.com\/app\/uploads\/2025\/06\/adidas-Adizero-XCS-luclem-cblack-halsil-IF9429.webp","contentUrl":"https:\/\/www.miomiorun.com\/app\/uploads\/2025\/06\/adidas-Adizero-XCS-luclem-cblack-halsil-IF9429.webp","width":600,"height":600,"caption":"adidas Adizero XCS luclem cblack halsil IF9429"},{"@type":"BreadcrumbList","@id":"https:\/\/www.miomiorun.com\/fr\/produit\/adizero-xcs\/#breadcrumb","itemListElement":[{"@type":"ListItem","position":1,"name":"Home","item":"https:\/\/www.miomiorun.com\/fr\/home-page\/"},{"@type":"ListItem","position":2,"name":"Shop","item":"https:\/\/www.miomiorun.com\/shop\/"},{"@type":"ListItem","position":3,"name":"Adizero XCS"}]},{"@type":"WebSite","@id":"https:\/\/www.miomiorun.com\/fr\/#website","url":"https:\/\/www.miomiorun.com\/fr\/","name":"MioMioRun","description":"Boutique 100% running et trail","publisher":{"@id":"https:\/\/www.miomiorun.com\/fr\/#organization"},"potentialAction":[{"@type":"SearchAction","target":{"@type":"EntryPoint","urlTemplate":"https:\/\/www.miomiorun.com\/fr\/?s={search_term_string}"},"query-input":{"@type":"PropertyValueSpecification","valueRequired":true,"valueName":"search_term_string"}}],"inLanguage":"fr-FR"},{"@type":"Organization","@id":"https:\/\/www.miomiorun.com\/fr\/#organization","name":"MioMio Run","url":"https:\/\/www.miomiorun.com\/fr\/","logo":{"@type":"ImageObject","inLanguage":"fr-FR","@id":"https:\/\/www.miomiorun.com\/fr\/#\/schema\/logo\/image\/","url":"https:\/\/www.miomiorun.com\/app\/uploads\/2019\/12\/logomio.png","contentUrl":"https:\/\/www.miomiorun.com\/app\/uploads\/2019\/12\/logomio.png","width":115,"height":82,"caption":"MioMio Run"},"image":{"@id":"https:\/\/www.miomiorun.com\/fr\/#\/schema\/logo\/image\/"},"sameAs":["https:\/\/www.facebook.com\/miomiorun\/","https:\/\/www.instagram.com\/miomiorun\/"]}]}},"_links":{"self":[{"href":"https:\/\/www.miomiorun.com\/fr\/wp-json\/wp\/v2\/product\/317302","targetHints":{"allow":["GET"]}}],"collection":[{"href":"https:\/\/www.miomiorun.com\/fr\/wp-json\/wp\/v2\/product"}],"about":[{"href":"https:\/\/www.miomiorun.com\/fr\/wp-json\/wp\/v2\/types\/product"}],"wp:featuredmedia":[{"embeddable":true,"href":"https:\/\/www.miomiorun.com\/fr\/wp-json\/wp\/v2\/media\/318335"}],"wp:attachment":[{"href":"https:\/\/www.miomiorun.com\/fr\/wp-json\/wp\/v2\/media?parent=317302"}],"wp:term":[{"taxonomy":"product_brand","embeddable":true,"href":"https:\/\/www.miomiorun.com\/fr\/wp-json\/wp\/v2\/product_brand?post=317302"},{"taxonomy":"product_cat","embeddable":true,"href":"https:\/\/www.miomiorun.com\/fr\/wp-json\/wp\/v2\/product_cat?post=317302"},{"taxonomy":"product_tag","embeddable":true,"href":"https:\/\/www.miomiorun.com\/fr\/wp-json\/wp\/v2\/product_tag?post=317302"}],"curies":[{"name":"wp","href":"https:\/\/api.w.org\/{rel}","templated":true}]}}