{"id":316894,"date":"2025-06-05T19:06:16","date_gmt":"2025-06-05T17:06:16","guid":{"rendered":"https:\/\/miomiorun.com\/?post_type=product&#038;p=316894"},"modified":"2026-05-09T09:42:15","modified_gmt":"2026-05-09T07:42:15","slug":"treatment-bermuda-en-molleton-leger-femme","status":"publish","type":"product","link":"https:\/\/www.miomiorun.com\/fr\/produit\/treatment-bermuda-en-molleton-leger-femme\/","title":{"rendered":"Treatment bermuda en molleton l\u00e9ger femme"},"content":{"rendered":"<p>Bermuda confectionn\u00e9 dans un molleton l\u00e9ger et confortable, non gratt\u00e9, \u00e0 la coupe r\u00e9guli\u00e8re. Les traitements tinto capo et perlite conf\u00e8rent au v\u00eatement un aspect vintage et us\u00e9, tandis que la coupe brute au bas souligne son design d\u00e9contract\u00e9, id\u00e9al pour les moments de loisirs.<\/p>\n<ul>\n<li>Ceinture \u00e9lastique avec cordon de serrage r\u00e9glable<\/li>\n<li>Poches lat\u00e9rales<\/li>\n<li>Bas \u00e0 coupe brute<\/li>\n<li>Logo Everlast imprim\u00e9 en contraste<\/li>\n<\/ul>\n","protected":false},"excerpt":{"rendered":"<ul>\n<li>Bermuda en molleton l\u00e9ger non gratt\u00e9<\/li>\n<li>id\u00e9al pour les loisirs<\/li>\n<\/ul>\n","protected":false},"featured_media":318201,"template":"","meta":{"_acf_changed":false,"inline_featured_image":false},"product_brand":[],"product_cat":[22602,22596],"product_tag":[23485,23490],"class_list":{"0":"post-316894","1":"product","2":"type-product","3":"status-publish","4":"has-post-thumbnail","6":"product_cat-pantalon-court","7":"product_cat-vetements-pour-femmes","8":"product_tag-everlast-fr","9":"product_tag-everlast-femme","10":"pa_attivita-fitness-fr","11":"pa_attivita-lifestyle-fr","12":"pa_colore-bermuda-felpa-blu-navy-fr","13":"pa_colore-bermuda-felpa-white-fr","14":"pa_marca-everlast-fr","15":"pa_sesso-femme","16":"pa_size-extra-small-fr","17":"pa_size-small-fr","18":"pa_size-medium-fr","20":"first","21":"instock","22":"sale","23":"taxable","24":"shipping-taxable","25":"purchasable","26":"product-type-variable","27":"wvs-archive-product-wrapper"},"acf":[],"yoast_head":"<!-- This site is optimized with the Yoast SEO plugin v26.8 - https:\/\/yoast.com\/product\/yoast-seo-wordpress\/ -->\n<title>Everlast Treatment bermuda en molleton l\u00e9ger femme - bermuda - MioMioRun<\/title>\n<meta name=\"description\" content=\"Bermuda confectionn\u00e9 dans un molleton l\u00e9ger et confortable, non gratt\u00e9, \u00e0 la coupe r\u00e9guli\u00e8re. Les traitements tinto capo et perlite lui conf\u00e8rent un aspect vintage et us\u00e9.\" \/>\n<meta name=\"robots\" content=\"index, follow, max-snippet:-1, max-image-preview:large, max-video-preview:-1\" \/>\n<link rel=\"canonical\" href=\"https:\/\/www.miomiorun.com\/fr\/produit\/treatment-bermuda-en-molleton-leger-femme\/\" \/>\n<meta property=\"og:locale\" content=\"fr_FR\" \/>\n<meta property=\"og:type\" content=\"article\" \/>\n<meta property=\"og:title\" content=\"Everlast Treatment bermuda en molleton l\u00e9ger femme - bermuda - MioMioRun\" \/>\n<meta property=\"og:description\" content=\"Bermuda confectionn\u00e9 dans un molleton l\u00e9ger et confortable, non gratt\u00e9, \u00e0 la coupe r\u00e9guli\u00e8re. Les traitements tinto capo et perlite lui conf\u00e8rent un aspect vintage et us\u00e9.\" \/>\n<meta property=\"og:url\" content=\"https:\/\/www.miomiorun.com\/fr\/produit\/treatment-bermuda-en-molleton-leger-femme\/\" \/>\n<meta property=\"og:site_name\" content=\"MioMioRun\" \/>\n<meta property=\"article:publisher\" content=\"https:\/\/www.facebook.com\/miomiorun\/\" \/>\n<meta property=\"article:modified_time\" content=\"2026-05-09T07:42:15+00:00\" \/>\n<meta property=\"og:image\" content=\"https:\/\/www.miomiorun.com\/app\/uploads\/2025\/06\/everlast-Bermuda-felpa-38W556D43.4000.webp\" \/>\n\t<meta property=\"og:image:width\" content=\"600\" \/>\n\t<meta property=\"og:image:height\" content=\"600\" \/>\n\t<meta property=\"og:image:type\" content=\"image\/webp\" \/>\n<meta name=\"twitter:card\" content=\"summary_large_image\" \/>\n<script type=\"application\/ld+json\" class=\"yoast-schema-graph\">{\"@context\":\"https:\/\/schema.org\",\"@graph\":[{\"@type\":\"WebPage\",\"@id\":\"https:\/\/www.miomiorun.com\/fr\/produit\/treatment-bermuda-en-molleton-leger-femme\/\",\"url\":\"https:\/\/www.miomiorun.com\/fr\/produit\/treatment-bermuda-en-molleton-leger-femme\/\",\"name\":\"Everlast Treatment bermuda en molleton l\u00e9ger femme - bermuda - MioMioRun\",\"isPartOf\":{\"@id\":\"https:\/\/www.miomiorun.com\/fr\/#website\"},\"primaryImageOfPage\":{\"@id\":\"https:\/\/www.miomiorun.com\/fr\/produit\/treatment-bermuda-en-molleton-leger-femme\/#primaryimage\"},\"image\":{\"@id\":\"https:\/\/www.miomiorun.com\/fr\/produit\/treatment-bermuda-en-molleton-leger-femme\/#primaryimage\"},\"thumbnailUrl\":\"https:\/\/www.miomiorun.com\/app\/uploads\/2025\/06\/everlast-Bermuda-felpa-38W556D43.4000.webp\",\"datePublished\":\"2025-06-05T17:06:16+00:00\",\"dateModified\":\"2026-05-09T07:42:15+00:00\",\"description\":\"Bermuda confectionn\u00e9 dans un molleton l\u00e9ger et confortable, non gratt\u00e9, \u00e0 la coupe r\u00e9guli\u00e8re. Les traitements tinto capo et perlite lui conf\u00e8rent un aspect vintage et us\u00e9.\",\"breadcrumb\":{\"@id\":\"https:\/\/www.miomiorun.com\/fr\/produit\/treatment-bermuda-en-molleton-leger-femme\/#breadcrumb\"},\"inLanguage\":\"fr-FR\",\"potentialAction\":[{\"@type\":\"ReadAction\",\"target\":[\"https:\/\/www.miomiorun.com\/fr\/produit\/treatment-bermuda-en-molleton-leger-femme\/\"]}]},{\"@type\":\"ImageObject\",\"inLanguage\":\"fr-FR\",\"@id\":\"https:\/\/www.miomiorun.com\/fr\/produit\/treatment-bermuda-en-molleton-leger-femme\/#primaryimage\",\"url\":\"https:\/\/www.miomiorun.com\/app\/uploads\/2025\/06\/everlast-Bermuda-felpa-38W556D43.4000.webp\",\"contentUrl\":\"https:\/\/www.miomiorun.com\/app\/uploads\/2025\/06\/everlast-Bermuda-felpa-38W556D43.4000.webp\",\"width\":600,\"height\":600,\"caption\":\"everlast Bermuda felpa 38W556D43.4000\"},{\"@type\":\"BreadcrumbList\",\"@id\":\"https:\/\/www.miomiorun.com\/fr\/produit\/treatment-bermuda-en-molleton-leger-femme\/#breadcrumb\",\"itemListElement\":[{\"@type\":\"ListItem\",\"position\":1,\"name\":\"Home\",\"item\":\"https:\/\/www.miomiorun.com\/fr\/home-page\/\"},{\"@type\":\"ListItem\",\"position\":2,\"name\":\"Shop\",\"item\":\"https:\/\/www.miomiorun.com\/shop\/\"},{\"@type\":\"ListItem\",\"position\":3,\"name\":\"Treatment bermuda en molleton l\u00e9ger femme\"}]},{\"@type\":\"WebSite\",\"@id\":\"https:\/\/www.miomiorun.com\/fr\/#website\",\"url\":\"https:\/\/www.miomiorun.com\/fr\/\",\"name\":\"MioMioRun\",\"description\":\"Boutique 100% running et trail\",\"publisher\":{\"@id\":\"https:\/\/www.miomiorun.com\/fr\/#organization\"},\"potentialAction\":[{\"@type\":\"SearchAction\",\"target\":{\"@type\":\"EntryPoint\",\"urlTemplate\":\"https:\/\/www.miomiorun.com\/fr\/?s={search_term_string}\"},\"query-input\":{\"@type\":\"PropertyValueSpecification\",\"valueRequired\":true,\"valueName\":\"search_term_string\"}}],\"inLanguage\":\"fr-FR\"},{\"@type\":\"Organization\",\"@id\":\"https:\/\/www.miomiorun.com\/fr\/#organization\",\"name\":\"MioMio Run\",\"url\":\"https:\/\/www.miomiorun.com\/fr\/\",\"logo\":{\"@type\":\"ImageObject\",\"inLanguage\":\"fr-FR\",\"@id\":\"https:\/\/www.miomiorun.com\/fr\/#\/schema\/logo\/image\/\",\"url\":\"https:\/\/www.miomiorun.com\/app\/uploads\/2019\/12\/logomio.png\",\"contentUrl\":\"https:\/\/www.miomiorun.com\/app\/uploads\/2019\/12\/logomio.png\",\"width\":115,\"height\":82,\"caption\":\"MioMio Run\"},\"image\":{\"@id\":\"https:\/\/www.miomiorun.com\/fr\/#\/schema\/logo\/image\/\"},\"sameAs\":[\"https:\/\/www.facebook.com\/miomiorun\/\",\"https:\/\/www.instagram.com\/miomiorun\/\"]}]}<\/script>\n<!-- \/ Yoast SEO plugin. -->","yoast_head_json":{"title":"Everlast Treatment bermuda en molleton l\u00e9ger femme - bermuda - MioMioRun","description":"Bermuda confectionn\u00e9 dans un molleton l\u00e9ger et confortable, non gratt\u00e9, \u00e0 la coupe r\u00e9guli\u00e8re. Les traitements tinto capo et perlite lui conf\u00e8rent un aspect vintage et us\u00e9.","robots":{"index":"index","follow":"follow","max-snippet":"max-snippet:-1","max-image-preview":"max-image-preview:large","max-video-preview":"max-video-preview:-1"},"canonical":"https:\/\/www.miomiorun.com\/fr\/produit\/treatment-bermuda-en-molleton-leger-femme\/","og_locale":"fr_FR","og_type":"article","og_title":"Everlast Treatment bermuda en molleton l\u00e9ger femme - bermuda - MioMioRun","og_description":"Bermuda confectionn\u00e9 dans un molleton l\u00e9ger et confortable, non gratt\u00e9, \u00e0 la coupe r\u00e9guli\u00e8re. Les traitements tinto capo et perlite lui conf\u00e8rent un aspect vintage et us\u00e9.","og_url":"https:\/\/www.miomiorun.com\/fr\/produit\/treatment-bermuda-en-molleton-leger-femme\/","og_site_name":"MioMioRun","article_publisher":"https:\/\/www.facebook.com\/miomiorun\/","article_modified_time":"2026-05-09T07:42:15+00:00","og_image":[{"width":600,"height":600,"url":"https:\/\/www.miomiorun.com\/app\/uploads\/2025\/06\/everlast-Bermuda-felpa-38W556D43.4000.webp","type":"image\/webp"}],"twitter_card":"summary_large_image","schema":{"@context":"https:\/\/schema.org","@graph":[{"@type":"WebPage","@id":"https:\/\/www.miomiorun.com\/fr\/produit\/treatment-bermuda-en-molleton-leger-femme\/","url":"https:\/\/www.miomiorun.com\/fr\/produit\/treatment-bermuda-en-molleton-leger-femme\/","name":"Everlast Treatment bermuda en molleton l\u00e9ger femme - bermuda - MioMioRun","isPartOf":{"@id":"https:\/\/www.miomiorun.com\/fr\/#website"},"primaryImageOfPage":{"@id":"https:\/\/www.miomiorun.com\/fr\/produit\/treatment-bermuda-en-molleton-leger-femme\/#primaryimage"},"image":{"@id":"https:\/\/www.miomiorun.com\/fr\/produit\/treatment-bermuda-en-molleton-leger-femme\/#primaryimage"},"thumbnailUrl":"https:\/\/www.miomiorun.com\/app\/uploads\/2025\/06\/everlast-Bermuda-felpa-38W556D43.4000.webp","datePublished":"2025-06-05T17:06:16+00:00","dateModified":"2026-05-09T07:42:15+00:00","description":"Bermuda confectionn\u00e9 dans un molleton l\u00e9ger et confortable, non gratt\u00e9, \u00e0 la coupe r\u00e9guli\u00e8re. Les traitements tinto capo et perlite lui conf\u00e8rent un aspect vintage et us\u00e9.","breadcrumb":{"@id":"https:\/\/www.miomiorun.com\/fr\/produit\/treatment-bermuda-en-molleton-leger-femme\/#breadcrumb"},"inLanguage":"fr-FR","potentialAction":[{"@type":"ReadAction","target":["https:\/\/www.miomiorun.com\/fr\/produit\/treatment-bermuda-en-molleton-leger-femme\/"]}]},{"@type":"ImageObject","inLanguage":"fr-FR","@id":"https:\/\/www.miomiorun.com\/fr\/produit\/treatment-bermuda-en-molleton-leger-femme\/#primaryimage","url":"https:\/\/www.miomiorun.com\/app\/uploads\/2025\/06\/everlast-Bermuda-felpa-38W556D43.4000.webp","contentUrl":"https:\/\/www.miomiorun.com\/app\/uploads\/2025\/06\/everlast-Bermuda-felpa-38W556D43.4000.webp","width":600,"height":600,"caption":"everlast Bermuda felpa 38W556D43.4000"},{"@type":"BreadcrumbList","@id":"https:\/\/www.miomiorun.com\/fr\/produit\/treatment-bermuda-en-molleton-leger-femme\/#breadcrumb","itemListElement":[{"@type":"ListItem","position":1,"name":"Home","item":"https:\/\/www.miomiorun.com\/fr\/home-page\/"},{"@type":"ListItem","position":2,"name":"Shop","item":"https:\/\/www.miomiorun.com\/shop\/"},{"@type":"ListItem","position":3,"name":"Treatment bermuda en molleton l\u00e9ger femme"}]},{"@type":"WebSite","@id":"https:\/\/www.miomiorun.com\/fr\/#website","url":"https:\/\/www.miomiorun.com\/fr\/","name":"MioMioRun","description":"Boutique 100% running et trail","publisher":{"@id":"https:\/\/www.miomiorun.com\/fr\/#organization"},"potentialAction":[{"@type":"SearchAction","target":{"@type":"EntryPoint","urlTemplate":"https:\/\/www.miomiorun.com\/fr\/?s={search_term_string}"},"query-input":{"@type":"PropertyValueSpecification","valueRequired":true,"valueName":"search_term_string"}}],"inLanguage":"fr-FR"},{"@type":"Organization","@id":"https:\/\/www.miomiorun.com\/fr\/#organization","name":"MioMio Run","url":"https:\/\/www.miomiorun.com\/fr\/","logo":{"@type":"ImageObject","inLanguage":"fr-FR","@id":"https:\/\/www.miomiorun.com\/fr\/#\/schema\/logo\/image\/","url":"https:\/\/www.miomiorun.com\/app\/uploads\/2019\/12\/logomio.png","contentUrl":"https:\/\/www.miomiorun.com\/app\/uploads\/2019\/12\/logomio.png","width":115,"height":82,"caption":"MioMio Run"},"image":{"@id":"https:\/\/www.miomiorun.com\/fr\/#\/schema\/logo\/image\/"},"sameAs":["https:\/\/www.facebook.com\/miomiorun\/","https:\/\/www.instagram.com\/miomiorun\/"]}]}},"_links":{"self":[{"href":"https:\/\/www.miomiorun.com\/fr\/wp-json\/wp\/v2\/product\/316894","targetHints":{"allow":["GET"]}}],"collection":[{"href":"https:\/\/www.miomiorun.com\/fr\/wp-json\/wp\/v2\/product"}],"about":[{"href":"https:\/\/www.miomiorun.com\/fr\/wp-json\/wp\/v2\/types\/product"}],"wp:featuredmedia":[{"embeddable":true,"href":"https:\/\/www.miomiorun.com\/fr\/wp-json\/wp\/v2\/media\/318201"}],"wp:attachment":[{"href":"https:\/\/www.miomiorun.com\/fr\/wp-json\/wp\/v2\/media?parent=316894"}],"wp:term":[{"taxonomy":"product_brand","embeddable":true,"href":"https:\/\/www.miomiorun.com\/fr\/wp-json\/wp\/v2\/product_brand?post=316894"},{"taxonomy":"product_cat","embeddable":true,"href":"https:\/\/www.miomiorun.com\/fr\/wp-json\/wp\/v2\/product_cat?post=316894"},{"taxonomy":"product_tag","embeddable":true,"href":"https:\/\/www.miomiorun.com\/fr\/wp-json\/wp\/v2\/product_tag?post=316894"}],"curies":[{"name":"wp","href":"https:\/\/api.w.org\/{rel}","templated":true}]}}