{"id":316588,"date":"2025-06-05T16:15:31","date_gmt":"2025-06-05T14:15:31","guid":{"rendered":"https:\/\/miomiorun.com\/?post_type=product&#038;p=316588"},"modified":"2026-05-08T22:53:20","modified_gmt":"2026-05-08T20:53:20","slug":"debardeur-basique-en-jersey-flamme-femme","status":"publish","type":"product","link":"https:\/\/www.miomiorun.com\/fr\/produit\/debardeur-basique-en-jersey-flamme-femme\/","title":{"rendered":"D\u00e9bardeur basique en jersey flamm\u00e9 femme"},"content":{"rendered":"<p>D\u00e9bardeur au design sportif, confectionn\u00e9 dans un jersey flamm\u00e9 doux et l\u00e9ger, id\u00e9al pour le sport et offrant un style unique. Le logo Everlast est imprim\u00e9 en ton sur ton sur le devant.<\/p>\n<ul>\n<li>Dos nageur<\/li>\n<li>Logo Everlast imprim\u00e9 en ton sur ton<\/li>\n<\/ul>\n","protected":false},"excerpt":{"rendered":"<p>D\u00e9bardeur au design sportif, confectionn\u00e9 dans un jersey flamm\u00e9 doux et l\u00e9ger, id\u00e9al pour le sport et offrant un style unique. Le logo Everlast est imprim\u00e9 en ton sur ton sur le devant. Dos nageur Logo Everlast imprim\u00e9 en ton sur ton<\/p>\n","protected":false},"featured_media":318060,"template":"","meta":{"_acf_changed":false,"inline_featured_image":false},"product_brand":[],"product_cat":[22598,22596],"product_tag":[23485,23490],"class_list":{"0":"post-316588","1":"product","2":"type-product","3":"status-publish","4":"has-post-thumbnail","6":"product_cat-gilets","7":"product_cat-vetements-pour-femmes","8":"product_tag-everlast-fr","9":"product_tag-everlast-femme","10":"pa_attivita-lifestyle-fr","11":"pa_colore-canotta-slub-jersey-strawberry-pink-fr","12":"pa_marca-everlast-fr","13":"pa_sesso-femme","14":"pa_size-extra-small-fr","15":"pa_size-small-fr","16":"pa_size-medium-fr","18":"first","19":"instock","20":"sale","21":"taxable","22":"shipping-taxable","23":"purchasable","24":"product-type-variable","25":"wvs-archive-product-wrapper"},"acf":[],"yoast_head":"<!-- This site is optimized with the Yoast SEO plugin v26.8 - https:\/\/yoast.com\/product\/yoast-seo-wordpress\/ -->\n<title>Everlast D\u00e9bardeur basique en jersey flamm\u00e9 femme - d\u00e9bardeur femme- MioMioRun<\/title>\n<meta name=\"description\" content=\"D\u00e9bardeur au design sportif, confectionn\u00e9 dans un jersey flamm\u00e9 doux et l\u00e9ger. Id\u00e9al pour le sport, il offre un style unique.\" \/>\n<meta name=\"robots\" content=\"index, follow, max-snippet:-1, max-image-preview:large, max-video-preview:-1\" \/>\n<link rel=\"canonical\" href=\"https:\/\/www.miomiorun.com\/fr\/produit\/debardeur-basique-en-jersey-flamme-femme\/\" \/>\n<meta property=\"og:locale\" content=\"fr_FR\" \/>\n<meta property=\"og:type\" content=\"article\" \/>\n<meta property=\"og:title\" content=\"Everlast D\u00e9bardeur basique en jersey flamm\u00e9 femme - d\u00e9bardeur femme- MioMioRun\" \/>\n<meta property=\"og:description\" content=\"D\u00e9bardeur au design sportif, confectionn\u00e9 dans un jersey flamm\u00e9 doux et l\u00e9ger. Id\u00e9al pour le sport, il offre un style unique.\" \/>\n<meta property=\"og:url\" content=\"https:\/\/www.miomiorun.com\/fr\/produit\/debardeur-basique-en-jersey-flamme-femme\/\" \/>\n<meta property=\"og:site_name\" content=\"MioMioRun\" \/>\n<meta property=\"article:publisher\" content=\"https:\/\/www.facebook.com\/miomiorun\/\" \/>\n<meta property=\"article:modified_time\" content=\"2026-05-08T20:53:20+00:00\" \/>\n<meta property=\"og:image\" content=\"https:\/\/www.miomiorun.com\/app\/uploads\/2025\/06\/everlast-Canotta-slub-jersey-38W495G84.PP00.webp\" \/>\n\t<meta property=\"og:image:width\" content=\"600\" \/>\n\t<meta property=\"og:image:height\" content=\"600\" \/>\n\t<meta property=\"og:image:type\" content=\"image\/webp\" \/>\n<meta name=\"twitter:card\" content=\"summary_large_image\" \/>\n<script type=\"application\/ld+json\" class=\"yoast-schema-graph\">{\"@context\":\"https:\/\/schema.org\",\"@graph\":[{\"@type\":\"WebPage\",\"@id\":\"https:\/\/www.miomiorun.com\/fr\/produit\/debardeur-basique-en-jersey-flamme-femme\/\",\"url\":\"https:\/\/www.miomiorun.com\/fr\/produit\/debardeur-basique-en-jersey-flamme-femme\/\",\"name\":\"Everlast D\u00e9bardeur basique en jersey flamm\u00e9 femme - d\u00e9bardeur femme- MioMioRun\",\"isPartOf\":{\"@id\":\"https:\/\/www.miomiorun.com\/fr\/#website\"},\"primaryImageOfPage\":{\"@id\":\"https:\/\/www.miomiorun.com\/fr\/produit\/debardeur-basique-en-jersey-flamme-femme\/#primaryimage\"},\"image\":{\"@id\":\"https:\/\/www.miomiorun.com\/fr\/produit\/debardeur-basique-en-jersey-flamme-femme\/#primaryimage\"},\"thumbnailUrl\":\"https:\/\/www.miomiorun.com\/app\/uploads\/2025\/06\/everlast-Canotta-slub-jersey-38W495G84.PP00.webp\",\"datePublished\":\"2025-06-05T14:15:31+00:00\",\"dateModified\":\"2026-05-08T20:53:20+00:00\",\"description\":\"D\u00e9bardeur au design sportif, confectionn\u00e9 dans un jersey flamm\u00e9 doux et l\u00e9ger. Id\u00e9al pour le sport, il offre un style unique.\",\"breadcrumb\":{\"@id\":\"https:\/\/www.miomiorun.com\/fr\/produit\/debardeur-basique-en-jersey-flamme-femme\/#breadcrumb\"},\"inLanguage\":\"fr-FR\",\"potentialAction\":[{\"@type\":\"ReadAction\",\"target\":[\"https:\/\/www.miomiorun.com\/fr\/produit\/debardeur-basique-en-jersey-flamme-femme\/\"]}]},{\"@type\":\"ImageObject\",\"inLanguage\":\"fr-FR\",\"@id\":\"https:\/\/www.miomiorun.com\/fr\/produit\/debardeur-basique-en-jersey-flamme-femme\/#primaryimage\",\"url\":\"https:\/\/www.miomiorun.com\/app\/uploads\/2025\/06\/everlast-Canotta-slub-jersey-38W495G84.PP00.webp\",\"contentUrl\":\"https:\/\/www.miomiorun.com\/app\/uploads\/2025\/06\/everlast-Canotta-slub-jersey-38W495G84.PP00.webp\",\"width\":600,\"height\":600,\"caption\":\"everlast Canotta slub jersey 38W495G84.PP00\"},{\"@type\":\"BreadcrumbList\",\"@id\":\"https:\/\/www.miomiorun.com\/fr\/produit\/debardeur-basique-en-jersey-flamme-femme\/#breadcrumb\",\"itemListElement\":[{\"@type\":\"ListItem\",\"position\":1,\"name\":\"Home\",\"item\":\"https:\/\/www.miomiorun.com\/fr\/home-page\/\"},{\"@type\":\"ListItem\",\"position\":2,\"name\":\"Shop\",\"item\":\"https:\/\/www.miomiorun.com\/shop\/\"},{\"@type\":\"ListItem\",\"position\":3,\"name\":\"D\u00e9bardeur basique en jersey flamm\u00e9 femme\"}]},{\"@type\":\"WebSite\",\"@id\":\"https:\/\/www.miomiorun.com\/fr\/#website\",\"url\":\"https:\/\/www.miomiorun.com\/fr\/\",\"name\":\"MioMioRun\",\"description\":\"Boutique 100% running et trail\",\"publisher\":{\"@id\":\"https:\/\/www.miomiorun.com\/fr\/#organization\"},\"potentialAction\":[{\"@type\":\"SearchAction\",\"target\":{\"@type\":\"EntryPoint\",\"urlTemplate\":\"https:\/\/www.miomiorun.com\/fr\/?s={search_term_string}\"},\"query-input\":{\"@type\":\"PropertyValueSpecification\",\"valueRequired\":true,\"valueName\":\"search_term_string\"}}],\"inLanguage\":\"fr-FR\"},{\"@type\":\"Organization\",\"@id\":\"https:\/\/www.miomiorun.com\/fr\/#organization\",\"name\":\"MioMio Run\",\"url\":\"https:\/\/www.miomiorun.com\/fr\/\",\"logo\":{\"@type\":\"ImageObject\",\"inLanguage\":\"fr-FR\",\"@id\":\"https:\/\/www.miomiorun.com\/fr\/#\/schema\/logo\/image\/\",\"url\":\"https:\/\/www.miomiorun.com\/app\/uploads\/2019\/12\/logomio.png\",\"contentUrl\":\"https:\/\/www.miomiorun.com\/app\/uploads\/2019\/12\/logomio.png\",\"width\":115,\"height\":82,\"caption\":\"MioMio Run\"},\"image\":{\"@id\":\"https:\/\/www.miomiorun.com\/fr\/#\/schema\/logo\/image\/\"},\"sameAs\":[\"https:\/\/www.facebook.com\/miomiorun\/\",\"https:\/\/www.instagram.com\/miomiorun\/\"]}]}<\/script>\n<!-- \/ Yoast SEO plugin. -->","yoast_head_json":{"title":"Everlast D\u00e9bardeur basique en jersey flamm\u00e9 femme - d\u00e9bardeur femme- MioMioRun","description":"D\u00e9bardeur au design sportif, confectionn\u00e9 dans un jersey flamm\u00e9 doux et l\u00e9ger. Id\u00e9al pour le sport, il offre un style unique.","robots":{"index":"index","follow":"follow","max-snippet":"max-snippet:-1","max-image-preview":"max-image-preview:large","max-video-preview":"max-video-preview:-1"},"canonical":"https:\/\/www.miomiorun.com\/fr\/produit\/debardeur-basique-en-jersey-flamme-femme\/","og_locale":"fr_FR","og_type":"article","og_title":"Everlast D\u00e9bardeur basique en jersey flamm\u00e9 femme - d\u00e9bardeur femme- MioMioRun","og_description":"D\u00e9bardeur au design sportif, confectionn\u00e9 dans un jersey flamm\u00e9 doux et l\u00e9ger. Id\u00e9al pour le sport, il offre un style unique.","og_url":"https:\/\/www.miomiorun.com\/fr\/produit\/debardeur-basique-en-jersey-flamme-femme\/","og_site_name":"MioMioRun","article_publisher":"https:\/\/www.facebook.com\/miomiorun\/","article_modified_time":"2026-05-08T20:53:20+00:00","og_image":[{"width":600,"height":600,"url":"https:\/\/www.miomiorun.com\/app\/uploads\/2025\/06\/everlast-Canotta-slub-jersey-38W495G84.PP00.webp","type":"image\/webp"}],"twitter_card":"summary_large_image","schema":{"@context":"https:\/\/schema.org","@graph":[{"@type":"WebPage","@id":"https:\/\/www.miomiorun.com\/fr\/produit\/debardeur-basique-en-jersey-flamme-femme\/","url":"https:\/\/www.miomiorun.com\/fr\/produit\/debardeur-basique-en-jersey-flamme-femme\/","name":"Everlast D\u00e9bardeur basique en jersey flamm\u00e9 femme - d\u00e9bardeur femme- MioMioRun","isPartOf":{"@id":"https:\/\/www.miomiorun.com\/fr\/#website"},"primaryImageOfPage":{"@id":"https:\/\/www.miomiorun.com\/fr\/produit\/debardeur-basique-en-jersey-flamme-femme\/#primaryimage"},"image":{"@id":"https:\/\/www.miomiorun.com\/fr\/produit\/debardeur-basique-en-jersey-flamme-femme\/#primaryimage"},"thumbnailUrl":"https:\/\/www.miomiorun.com\/app\/uploads\/2025\/06\/everlast-Canotta-slub-jersey-38W495G84.PP00.webp","datePublished":"2025-06-05T14:15:31+00:00","dateModified":"2026-05-08T20:53:20+00:00","description":"D\u00e9bardeur au design sportif, confectionn\u00e9 dans un jersey flamm\u00e9 doux et l\u00e9ger. Id\u00e9al pour le sport, il offre un style unique.","breadcrumb":{"@id":"https:\/\/www.miomiorun.com\/fr\/produit\/debardeur-basique-en-jersey-flamme-femme\/#breadcrumb"},"inLanguage":"fr-FR","potentialAction":[{"@type":"ReadAction","target":["https:\/\/www.miomiorun.com\/fr\/produit\/debardeur-basique-en-jersey-flamme-femme\/"]}]},{"@type":"ImageObject","inLanguage":"fr-FR","@id":"https:\/\/www.miomiorun.com\/fr\/produit\/debardeur-basique-en-jersey-flamme-femme\/#primaryimage","url":"https:\/\/www.miomiorun.com\/app\/uploads\/2025\/06\/everlast-Canotta-slub-jersey-38W495G84.PP00.webp","contentUrl":"https:\/\/www.miomiorun.com\/app\/uploads\/2025\/06\/everlast-Canotta-slub-jersey-38W495G84.PP00.webp","width":600,"height":600,"caption":"everlast Canotta slub jersey 38W495G84.PP00"},{"@type":"BreadcrumbList","@id":"https:\/\/www.miomiorun.com\/fr\/produit\/debardeur-basique-en-jersey-flamme-femme\/#breadcrumb","itemListElement":[{"@type":"ListItem","position":1,"name":"Home","item":"https:\/\/www.miomiorun.com\/fr\/home-page\/"},{"@type":"ListItem","position":2,"name":"Shop","item":"https:\/\/www.miomiorun.com\/shop\/"},{"@type":"ListItem","position":3,"name":"D\u00e9bardeur basique en jersey flamm\u00e9 femme"}]},{"@type":"WebSite","@id":"https:\/\/www.miomiorun.com\/fr\/#website","url":"https:\/\/www.miomiorun.com\/fr\/","name":"MioMioRun","description":"Boutique 100% running et trail","publisher":{"@id":"https:\/\/www.miomiorun.com\/fr\/#organization"},"potentialAction":[{"@type":"SearchAction","target":{"@type":"EntryPoint","urlTemplate":"https:\/\/www.miomiorun.com\/fr\/?s={search_term_string}"},"query-input":{"@type":"PropertyValueSpecification","valueRequired":true,"valueName":"search_term_string"}}],"inLanguage":"fr-FR"},{"@type":"Organization","@id":"https:\/\/www.miomiorun.com\/fr\/#organization","name":"MioMio Run","url":"https:\/\/www.miomiorun.com\/fr\/","logo":{"@type":"ImageObject","inLanguage":"fr-FR","@id":"https:\/\/www.miomiorun.com\/fr\/#\/schema\/logo\/image\/","url":"https:\/\/www.miomiorun.com\/app\/uploads\/2019\/12\/logomio.png","contentUrl":"https:\/\/www.miomiorun.com\/app\/uploads\/2019\/12\/logomio.png","width":115,"height":82,"caption":"MioMio Run"},"image":{"@id":"https:\/\/www.miomiorun.com\/fr\/#\/schema\/logo\/image\/"},"sameAs":["https:\/\/www.facebook.com\/miomiorun\/","https:\/\/www.instagram.com\/miomiorun\/"]}]}},"_links":{"self":[{"href":"https:\/\/www.miomiorun.com\/fr\/wp-json\/wp\/v2\/product\/316588","targetHints":{"allow":["GET"]}}],"collection":[{"href":"https:\/\/www.miomiorun.com\/fr\/wp-json\/wp\/v2\/product"}],"about":[{"href":"https:\/\/www.miomiorun.com\/fr\/wp-json\/wp\/v2\/types\/product"}],"wp:featuredmedia":[{"embeddable":true,"href":"https:\/\/www.miomiorun.com\/fr\/wp-json\/wp\/v2\/media\/318060"}],"wp:attachment":[{"href":"https:\/\/www.miomiorun.com\/fr\/wp-json\/wp\/v2\/media?parent=316588"}],"wp:term":[{"taxonomy":"product_brand","embeddable":true,"href":"https:\/\/www.miomiorun.com\/fr\/wp-json\/wp\/v2\/product_brand?post=316588"},{"taxonomy":"product_cat","embeddable":true,"href":"https:\/\/www.miomiorun.com\/fr\/wp-json\/wp\/v2\/product_cat?post=316588"},{"taxonomy":"product_tag","embeddable":true,"href":"https:\/\/www.miomiorun.com\/fr\/wp-json\/wp\/v2\/product_tag?post=316588"}],"curies":[{"name":"wp","href":"https:\/\/api.w.org\/{rel}","templated":true}]}}