{"id":316500,"date":"2025-06-05T15:37:46","date_gmt":"2025-06-05T13:37:46","guid":{"rendered":"https:\/\/miomiorun.com\/?post_type=product&#038;p=316500"},"modified":"2026-05-08T22:52:57","modified_gmt":"2026-05-08T20:52:57","slug":"veste-zippee-integrale-en-tissu-flamme-homme","status":"publish","type":"product","link":"https:\/\/www.miomiorun.com\/fr\/produit\/veste-zippee-integrale-en-tissu-flamme-homme\/","title":{"rendered":"Veste zipp\u00e9e int\u00e9grale en tissu flamm\u00e9 homme"},"content":{"rendered":"<p>Veste zipp\u00e9e int\u00e9grale en jersey \u00e9pais de coton flamm\u00e9. La particularit\u00e9 du tissu et les traitements appliqu\u00e9s soulignent la personnalit\u00e9 du v\u00eatement pour un look unique, gr\u00e2ce \u00e9galement aux coutures appliqu\u00e9es sur les manches et les c\u00f4t\u00e9s qui enrichissent son design. Le mini logo Everlast est imprim\u00e9 en c\u0153ur dans une couleur contrast\u00e9e.<\/p>\n<ul>\n<li>Col montant en c\u00f4tes ray\u00e9es<\/li>\n<li>Fermeture \u00e0 glissi\u00e8re<\/li>\n<li>Poignets et bas en c\u00f4tes ray\u00e9es<\/li>\n<li>Coutures sur les manches et les c\u00f4t\u00e9s<\/li>\n<li>Mini logo Everlast imprim\u00e9 en contraste<\/li>\n<\/ul>\n","protected":false},"excerpt":{"rendered":"<ul>\n<li>Veste zipp\u00e9e int\u00e9grale en jersey \u00e9pais de coton flamm\u00e9<\/li>\n<li>Mini logo Everlast imprim\u00e9 en contraste<\/li>\n<\/ul>\n","protected":false},"featured_media":317690,"template":"","meta":{"_acf_changed":false,"inline_featured_image":false},"product_brand":[],"product_cat":[24478,24482],"product_tag":[23485,23608],"class_list":{"0":"post-316500","1":"product","2":"type-product","3":"status-publish","4":"has-post-thumbnail","6":"product_cat-maillots-fr-2","7":"product_cat-vetements-pour-hommes-fr","8":"product_tag-everlast-fr","9":"product_tag-everlast-homme","10":"pa_attivita-lifestyle-fr","11":"pa_colore-giacca-fz-slub-hjg-dye-blu-navy-fr","12":"pa_marca-everlast-fr","13":"pa_sesso-homme","14":"pa_size-small-fr","15":"pa_size-medium-fr","16":"pa_size-large-fr","18":"first","19":"instock","20":"sale","21":"taxable","22":"shipping-taxable","23":"purchasable","24":"product-type-variable","25":"wvs-archive-product-wrapper"},"acf":[],"yoast_head":"<!-- This site is optimized with the Yoast SEO plugin v26.8 - https:\/\/yoast.com\/product\/yoast-seo-wordpress\/ -->\n<title>Everlast Veste zipp\u00e9e int\u00e9grale en tissu flamm\u00e9 homme - Sweat-shirt d\u00e9contract\u00e9- MioMioRun<\/title>\n<meta name=\"description\" content=\"Veste \u00e0 fermeture \u00e9clair int\u00e9grale en jersey \u00e9pais de coton flamm\u00e9. La particularit\u00e9 du mat\u00e9riau et les traitements appliqu\u00e9s soulignent la personnalit\u00e9 du v\u00eatement.\" \/>\n<meta name=\"robots\" content=\"index, follow, max-snippet:-1, max-image-preview:large, max-video-preview:-1\" \/>\n<link rel=\"canonical\" href=\"https:\/\/www.miomiorun.com\/fr\/produit\/veste-zippee-integrale-en-tissu-flamme-homme\/\" \/>\n<meta property=\"og:locale\" content=\"fr_FR\" \/>\n<meta property=\"og:type\" content=\"article\" \/>\n<meta property=\"og:title\" content=\"Everlast Veste zipp\u00e9e int\u00e9grale en tissu flamm\u00e9 homme - Sweat-shirt d\u00e9contract\u00e9- MioMioRun\" \/>\n<meta property=\"og:description\" content=\"Veste \u00e0 fermeture \u00e9clair int\u00e9grale en jersey \u00e9pais de coton flamm\u00e9. La particularit\u00e9 du mat\u00e9riau et les traitements appliqu\u00e9s soulignent la personnalit\u00e9 du v\u00eatement.\" \/>\n<meta property=\"og:url\" content=\"https:\/\/www.miomiorun.com\/fr\/produit\/veste-zippee-integrale-en-tissu-flamme-homme\/\" \/>\n<meta property=\"og:site_name\" content=\"MioMioRun\" \/>\n<meta property=\"article:publisher\" content=\"https:\/\/www.facebook.com\/miomiorun\/\" \/>\n<meta property=\"article:modified_time\" content=\"2026-05-08T20:52:57+00:00\" \/>\n<meta property=\"og:image\" content=\"https:\/\/www.miomiorun.com\/app\/uploads\/2025\/06\/everlast-Giacca-FZ-slub-HJG-dye-38M246G19.4000.webp\" \/>\n\t<meta property=\"og:image:width\" content=\"600\" \/>\n\t<meta property=\"og:image:height\" content=\"600\" \/>\n\t<meta property=\"og:image:type\" content=\"image\/webp\" \/>\n<meta name=\"twitter:card\" content=\"summary_large_image\" \/>\n<script type=\"application\/ld+json\" class=\"yoast-schema-graph\">{\"@context\":\"https:\/\/schema.org\",\"@graph\":[{\"@type\":\"WebPage\",\"@id\":\"https:\/\/www.miomiorun.com\/fr\/produit\/veste-zippee-integrale-en-tissu-flamme-homme\/\",\"url\":\"https:\/\/www.miomiorun.com\/fr\/produit\/veste-zippee-integrale-en-tissu-flamme-homme\/\",\"name\":\"Everlast Veste zipp\u00e9e int\u00e9grale en tissu flamm\u00e9 homme - Sweat-shirt d\u00e9contract\u00e9- MioMioRun\",\"isPartOf\":{\"@id\":\"https:\/\/www.miomiorun.com\/fr\/#website\"},\"primaryImageOfPage\":{\"@id\":\"https:\/\/www.miomiorun.com\/fr\/produit\/veste-zippee-integrale-en-tissu-flamme-homme\/#primaryimage\"},\"image\":{\"@id\":\"https:\/\/www.miomiorun.com\/fr\/produit\/veste-zippee-integrale-en-tissu-flamme-homme\/#primaryimage\"},\"thumbnailUrl\":\"https:\/\/www.miomiorun.com\/app\/uploads\/2025\/06\/everlast-Giacca-FZ-slub-HJG-dye-38M246G19.4000.webp\",\"datePublished\":\"2025-06-05T13:37:46+00:00\",\"dateModified\":\"2026-05-08T20:52:57+00:00\",\"description\":\"Veste \u00e0 fermeture \u00e9clair int\u00e9grale en jersey \u00e9pais de coton flamm\u00e9. La particularit\u00e9 du mat\u00e9riau et les traitements appliqu\u00e9s soulignent la personnalit\u00e9 du v\u00eatement.\",\"breadcrumb\":{\"@id\":\"https:\/\/www.miomiorun.com\/fr\/produit\/veste-zippee-integrale-en-tissu-flamme-homme\/#breadcrumb\"},\"inLanguage\":\"fr-FR\",\"potentialAction\":[{\"@type\":\"ReadAction\",\"target\":[\"https:\/\/www.miomiorun.com\/fr\/produit\/veste-zippee-integrale-en-tissu-flamme-homme\/\"]}]},{\"@type\":\"ImageObject\",\"inLanguage\":\"fr-FR\",\"@id\":\"https:\/\/www.miomiorun.com\/fr\/produit\/veste-zippee-integrale-en-tissu-flamme-homme\/#primaryimage\",\"url\":\"https:\/\/www.miomiorun.com\/app\/uploads\/2025\/06\/everlast-Giacca-FZ-slub-HJG-dye-38M246G19.4000.webp\",\"contentUrl\":\"https:\/\/www.miomiorun.com\/app\/uploads\/2025\/06\/everlast-Giacca-FZ-slub-HJG-dye-38M246G19.4000.webp\",\"width\":600,\"height\":600,\"caption\":\"everlast Giacca FZ slub HJG dye 38M246G19.4000\"},{\"@type\":\"BreadcrumbList\",\"@id\":\"https:\/\/www.miomiorun.com\/fr\/produit\/veste-zippee-integrale-en-tissu-flamme-homme\/#breadcrumb\",\"itemListElement\":[{\"@type\":\"ListItem\",\"position\":1,\"name\":\"Home\",\"item\":\"https:\/\/www.miomiorun.com\/fr\/home-page\/\"},{\"@type\":\"ListItem\",\"position\":2,\"name\":\"Shop\",\"item\":\"https:\/\/www.miomiorun.com\/shop\/\"},{\"@type\":\"ListItem\",\"position\":3,\"name\":\"Veste zipp\u00e9e int\u00e9grale en tissu flamm\u00e9 homme\"}]},{\"@type\":\"WebSite\",\"@id\":\"https:\/\/www.miomiorun.com\/fr\/#website\",\"url\":\"https:\/\/www.miomiorun.com\/fr\/\",\"name\":\"MioMioRun\",\"description\":\"Boutique 100% running et trail\",\"publisher\":{\"@id\":\"https:\/\/www.miomiorun.com\/fr\/#organization\"},\"potentialAction\":[{\"@type\":\"SearchAction\",\"target\":{\"@type\":\"EntryPoint\",\"urlTemplate\":\"https:\/\/www.miomiorun.com\/fr\/?s={search_term_string}\"},\"query-input\":{\"@type\":\"PropertyValueSpecification\",\"valueRequired\":true,\"valueName\":\"search_term_string\"}}],\"inLanguage\":\"fr-FR\"},{\"@type\":\"Organization\",\"@id\":\"https:\/\/www.miomiorun.com\/fr\/#organization\",\"name\":\"MioMio Run\",\"url\":\"https:\/\/www.miomiorun.com\/fr\/\",\"logo\":{\"@type\":\"ImageObject\",\"inLanguage\":\"fr-FR\",\"@id\":\"https:\/\/www.miomiorun.com\/fr\/#\/schema\/logo\/image\/\",\"url\":\"https:\/\/www.miomiorun.com\/app\/uploads\/2019\/12\/logomio.png\",\"contentUrl\":\"https:\/\/www.miomiorun.com\/app\/uploads\/2019\/12\/logomio.png\",\"width\":115,\"height\":82,\"caption\":\"MioMio Run\"},\"image\":{\"@id\":\"https:\/\/www.miomiorun.com\/fr\/#\/schema\/logo\/image\/\"},\"sameAs\":[\"https:\/\/www.facebook.com\/miomiorun\/\",\"https:\/\/www.instagram.com\/miomiorun\/\"]}]}<\/script>\n<!-- \/ Yoast SEO plugin. -->","yoast_head_json":{"title":"Everlast Veste zipp\u00e9e int\u00e9grale en tissu flamm\u00e9 homme - Sweat-shirt d\u00e9contract\u00e9- MioMioRun","description":"Veste \u00e0 fermeture \u00e9clair int\u00e9grale en jersey \u00e9pais de coton flamm\u00e9. La particularit\u00e9 du mat\u00e9riau et les traitements appliqu\u00e9s soulignent la personnalit\u00e9 du v\u00eatement.","robots":{"index":"index","follow":"follow","max-snippet":"max-snippet:-1","max-image-preview":"max-image-preview:large","max-video-preview":"max-video-preview:-1"},"canonical":"https:\/\/www.miomiorun.com\/fr\/produit\/veste-zippee-integrale-en-tissu-flamme-homme\/","og_locale":"fr_FR","og_type":"article","og_title":"Everlast Veste zipp\u00e9e int\u00e9grale en tissu flamm\u00e9 homme - Sweat-shirt d\u00e9contract\u00e9- MioMioRun","og_description":"Veste \u00e0 fermeture \u00e9clair int\u00e9grale en jersey \u00e9pais de coton flamm\u00e9. La particularit\u00e9 du mat\u00e9riau et les traitements appliqu\u00e9s soulignent la personnalit\u00e9 du v\u00eatement.","og_url":"https:\/\/www.miomiorun.com\/fr\/produit\/veste-zippee-integrale-en-tissu-flamme-homme\/","og_site_name":"MioMioRun","article_publisher":"https:\/\/www.facebook.com\/miomiorun\/","article_modified_time":"2026-05-08T20:52:57+00:00","og_image":[{"width":600,"height":600,"url":"https:\/\/www.miomiorun.com\/app\/uploads\/2025\/06\/everlast-Giacca-FZ-slub-HJG-dye-38M246G19.4000.webp","type":"image\/webp"}],"twitter_card":"summary_large_image","schema":{"@context":"https:\/\/schema.org","@graph":[{"@type":"WebPage","@id":"https:\/\/www.miomiorun.com\/fr\/produit\/veste-zippee-integrale-en-tissu-flamme-homme\/","url":"https:\/\/www.miomiorun.com\/fr\/produit\/veste-zippee-integrale-en-tissu-flamme-homme\/","name":"Everlast Veste zipp\u00e9e int\u00e9grale en tissu flamm\u00e9 homme - Sweat-shirt d\u00e9contract\u00e9- MioMioRun","isPartOf":{"@id":"https:\/\/www.miomiorun.com\/fr\/#website"},"primaryImageOfPage":{"@id":"https:\/\/www.miomiorun.com\/fr\/produit\/veste-zippee-integrale-en-tissu-flamme-homme\/#primaryimage"},"image":{"@id":"https:\/\/www.miomiorun.com\/fr\/produit\/veste-zippee-integrale-en-tissu-flamme-homme\/#primaryimage"},"thumbnailUrl":"https:\/\/www.miomiorun.com\/app\/uploads\/2025\/06\/everlast-Giacca-FZ-slub-HJG-dye-38M246G19.4000.webp","datePublished":"2025-06-05T13:37:46+00:00","dateModified":"2026-05-08T20:52:57+00:00","description":"Veste \u00e0 fermeture \u00e9clair int\u00e9grale en jersey \u00e9pais de coton flamm\u00e9. La particularit\u00e9 du mat\u00e9riau et les traitements appliqu\u00e9s soulignent la personnalit\u00e9 du v\u00eatement.","breadcrumb":{"@id":"https:\/\/www.miomiorun.com\/fr\/produit\/veste-zippee-integrale-en-tissu-flamme-homme\/#breadcrumb"},"inLanguage":"fr-FR","potentialAction":[{"@type":"ReadAction","target":["https:\/\/www.miomiorun.com\/fr\/produit\/veste-zippee-integrale-en-tissu-flamme-homme\/"]}]},{"@type":"ImageObject","inLanguage":"fr-FR","@id":"https:\/\/www.miomiorun.com\/fr\/produit\/veste-zippee-integrale-en-tissu-flamme-homme\/#primaryimage","url":"https:\/\/www.miomiorun.com\/app\/uploads\/2025\/06\/everlast-Giacca-FZ-slub-HJG-dye-38M246G19.4000.webp","contentUrl":"https:\/\/www.miomiorun.com\/app\/uploads\/2025\/06\/everlast-Giacca-FZ-slub-HJG-dye-38M246G19.4000.webp","width":600,"height":600,"caption":"everlast Giacca FZ slub HJG dye 38M246G19.4000"},{"@type":"BreadcrumbList","@id":"https:\/\/www.miomiorun.com\/fr\/produit\/veste-zippee-integrale-en-tissu-flamme-homme\/#breadcrumb","itemListElement":[{"@type":"ListItem","position":1,"name":"Home","item":"https:\/\/www.miomiorun.com\/fr\/home-page\/"},{"@type":"ListItem","position":2,"name":"Shop","item":"https:\/\/www.miomiorun.com\/shop\/"},{"@type":"ListItem","position":3,"name":"Veste zipp\u00e9e int\u00e9grale en tissu flamm\u00e9 homme"}]},{"@type":"WebSite","@id":"https:\/\/www.miomiorun.com\/fr\/#website","url":"https:\/\/www.miomiorun.com\/fr\/","name":"MioMioRun","description":"Boutique 100% running et trail","publisher":{"@id":"https:\/\/www.miomiorun.com\/fr\/#organization"},"potentialAction":[{"@type":"SearchAction","target":{"@type":"EntryPoint","urlTemplate":"https:\/\/www.miomiorun.com\/fr\/?s={search_term_string}"},"query-input":{"@type":"PropertyValueSpecification","valueRequired":true,"valueName":"search_term_string"}}],"inLanguage":"fr-FR"},{"@type":"Organization","@id":"https:\/\/www.miomiorun.com\/fr\/#organization","name":"MioMio Run","url":"https:\/\/www.miomiorun.com\/fr\/","logo":{"@type":"ImageObject","inLanguage":"fr-FR","@id":"https:\/\/www.miomiorun.com\/fr\/#\/schema\/logo\/image\/","url":"https:\/\/www.miomiorun.com\/app\/uploads\/2019\/12\/logomio.png","contentUrl":"https:\/\/www.miomiorun.com\/app\/uploads\/2019\/12\/logomio.png","width":115,"height":82,"caption":"MioMio Run"},"image":{"@id":"https:\/\/www.miomiorun.com\/fr\/#\/schema\/logo\/image\/"},"sameAs":["https:\/\/www.facebook.com\/miomiorun\/","https:\/\/www.instagram.com\/miomiorun\/"]}]}},"_links":{"self":[{"href":"https:\/\/www.miomiorun.com\/fr\/wp-json\/wp\/v2\/product\/316500","targetHints":{"allow":["GET"]}}],"collection":[{"href":"https:\/\/www.miomiorun.com\/fr\/wp-json\/wp\/v2\/product"}],"about":[{"href":"https:\/\/www.miomiorun.com\/fr\/wp-json\/wp\/v2\/types\/product"}],"wp:featuredmedia":[{"embeddable":true,"href":"https:\/\/www.miomiorun.com\/fr\/wp-json\/wp\/v2\/media\/317690"}],"wp:attachment":[{"href":"https:\/\/www.miomiorun.com\/fr\/wp-json\/wp\/v2\/media?parent=316500"}],"wp:term":[{"taxonomy":"product_brand","embeddable":true,"href":"https:\/\/www.miomiorun.com\/fr\/wp-json\/wp\/v2\/product_brand?post=316500"},{"taxonomy":"product_cat","embeddable":true,"href":"https:\/\/www.miomiorun.com\/fr\/wp-json\/wp\/v2\/product_cat?post=316500"},{"taxonomy":"product_tag","embeddable":true,"href":"https:\/\/www.miomiorun.com\/fr\/wp-json\/wp\/v2\/product_tag?post=316500"}],"curies":[{"name":"wp","href":"https:\/\/api.w.org\/{rel}","templated":true}]}}