{"id":316360,"date":"2025-06-04T16:50:58","date_gmt":"2025-06-04T14:50:58","guid":{"rendered":"https:\/\/miomiorun.com\/prodotto\/triumph-23-donna\/"},"modified":"2025-12-06T11:29:23","modified_gmt":"2025-12-06T10:29:23","slug":"triumph-23-femme","status":"publish","type":"product","link":"https:\/\/www.miomiorun.com\/fr\/produit\/triumph-23-femme\/","title":{"rendered":"Triumph 23 femme"},"content":{"rendered":"<div class=\"vc-row container\"><div class=\"vc-column\"><div class=\"vc-column-text\"><\/p>\n<p><strong>Caract\u00e9ristiques techniques<\/strong><\/p>\n<p>Cat\u00e9gorie : amorti ultra<br \/>\nD\u00e9calage : 10 mm ( 37\/27 mm )<br \/>\nPoids : 239 g<br \/>\nId\u00e9al pour : les coureurs et les marcheurs \u00e0 la recherche d&#8217;une chaussure offrant un amorti et une souplesse maximaux, tant au niveau de l&#8217;appui que de la tige, pour affronter les courses et les marches sur de longues distances.<br \/>\nPoids de l&#8217;athl\u00e8te : &gt;70 kg<br \/>\nAllure de course : lente (&gt;5,30 min\/km)<br \/>\n<a href=\"https:\/\/miomiorun.com\/fr\/guide-des-specificites\/\">Guide des sp\u00e9cifications techniques<\/a><\/p>\n<p><\/div><\/div><div class=\"vc-column\"><div class=\"vc-column-text\"><\/p>\n<div class=\"text-container\">\n<div class=\"description col-xs-12\">\n<h3>CON\u00c7UES POUR LE MOUVEMENT QUOTIDIEN !<\/h3>\n<p>La nouvelle <strong>Triumph 23<\/strong>&nbsp;dans sa version femme est&nbsp; une chaussure de course con\u00e7ue pour offrir un excellent amorti&nbsp; pendant toutes les courses. Un mod\u00e8le cr\u00e9\u00e9 pour courir avec un confort maximal et s&#8217;adapter parfaitement \u00e0 tous les types de coureurs, \u00e9tant l&#8217;un des mod\u00e8les les plus polyvalents du moment.<\/p>\n<h3>Un mod\u00e8le qui allie parfaitement confort, dynamisme et esth\u00e9tique.<\/h3>\n<p>Mod\u00e8le polyvalent et parfait pour les entra\u00eenements les plus simples jusqu&#8217;aux courses les plus exigeantes.<\/p>\n<div class=\"highlights\">\n<h3 class=\"highlights-title\">En vedette<\/h3>\n<div class=\"highlight\"><em>Amorti am\u00e9lior\u00e9 :&nbsp;<\/em><\/div>\n<div class=\"highlight\">Une mousse PWRRUN PB plus souple et plus l\u00e9g\u00e8re avec un amorti accru pour offrir soutien et confort lors des courses plus longues. <\/div>\n<div><\/div>\n<div class=\"highlight\"><em>Respirabilit\u00e9 parfaite :<\/em><\/div>\n<div class=\"highlight\">La maille l\u00e9g\u00e8re technique assure la ventilation et le confort du pied du premier au dernier pas.<\/div>\n<div><\/div>\n<div class=\"highlight\"><em>Transitions fluides et souples :<\/em><\/div>\n<div class=\"highlight\">La conception renouvel\u00e9e de la semelle offre des mouvements fluides et une exp\u00e9rience plus naturelle.<\/div>\n<\/div>\n<\/div>\n<\/div>\n<p><\/div><\/div><\/div>\n","protected":false},"excerpt":{"rendered":"<ul>\n<li>Chaussure ultra-amortissante pour un confort exceptionnel.<\/li>\n<li>Id\u00e9ale pour les longues marches et les courses \u00e0 pied.<\/li>\n<\/ul>\n","protected":false},"featured_media":316152,"template":"","meta":{"_acf_changed":false,"inline_featured_image":false},"product_brand":[],"product_cat":[22605,22606],"product_tag":[23579,33803],"class_list":{"0":"post-316360","1":"product","2":"type-product","3":"status-publish","4":"has-post-thumbnail","6":"product_cat-chaussures-pour-femmes","7":"product_cat-neutre","8":"product_tag-saucony-fr","9":"product_tag-saucony-donna-fr","10":"pa_attivita-lifestyle-fr","11":"pa_attivita-marcher","12":"pa_attivita-running-fr","13":"pa_colore-triumph-23-w-aster-fr","14":"pa_colore-triumph-23-w-black-calm-fr","15":"pa_colore-triumph-23-w-cameo-quartz-fr","16":"pa_colore-triumph-23-w-ivory-mauve","17":"pa_colore-triumph-23-w-mist-cameo-fr","18":"pa_colore-triumph-23-w-navy-cameo-fr","19":"pa_colore-triumph-23-w-white-navy","20":"pa_colore-triumph-23-w-white-wistful-fr","21":"pa_marca-saucony-fr","22":"pa_sesso-femme","23":"pa_size-37-5-fr","24":"pa_size-38-fr","25":"pa_size-38-5-fr","26":"pa_size-39-fr","27":"pa_size-40-fr","28":"pa_size-40-5-fr","29":"pa_size-41-fr","30":"pa_size-42-fr","32":"first","33":"instock","34":"sale","35":"taxable","36":"shipping-taxable","37":"purchasable","38":"product-type-variable","39":"wvs-archive-product-wrapper"},"acf":[],"yoast_head":"<!-- This site is optimized with the Yoast SEO plugin v26.8 - https:\/\/yoast.com\/product\/yoast-seo-wordpress\/ -->\n<title>Saucony Triumph 23 femme - chaussures de course - MioMioRun.com<\/title>\n<meta name=\"description\" content=\"La nouvelle Triumph 23 dans sa version pour femmes est une chaussure de course con\u00e7ue pour offrir un excellent amorti pendant toutes les courses.\" \/>\n<meta name=\"robots\" content=\"index, follow, max-snippet:-1, max-image-preview:large, max-video-preview:-1\" \/>\n<link rel=\"canonical\" href=\"https:\/\/www.miomiorun.com\/fr\/produit\/triumph-23-femme\/\" \/>\n<meta property=\"og:locale\" content=\"fr_FR\" \/>\n<meta property=\"og:type\" content=\"article\" \/>\n<meta property=\"og:title\" content=\"Saucony Triumph 23 femme - chaussures de course - MioMioRun.com\" \/>\n<meta property=\"og:description\" content=\"La nouvelle Triumph 23 dans sa version pour femmes est une chaussure de course con\u00e7ue pour offrir un excellent amorti pendant toutes les courses.\" \/>\n<meta property=\"og:url\" content=\"https:\/\/www.miomiorun.com\/fr\/produit\/triumph-23-femme\/\" \/>\n<meta property=\"og:site_name\" content=\"MioMioRun\" \/>\n<meta property=\"article:publisher\" content=\"https:\/\/www.facebook.com\/miomiorun\/\" \/>\n<meta property=\"article:modified_time\" content=\"2025-12-06T10:29:23+00:00\" \/>\n<meta property=\"og:image\" content=\"https:\/\/www.miomiorun.com\/app\/uploads\/2025\/06\/saucony-Triumph-23-W-aster-S11023-243.webp\" \/>\n\t<meta property=\"og:image:width\" content=\"600\" \/>\n\t<meta property=\"og:image:height\" content=\"600\" \/>\n\t<meta property=\"og:image:type\" content=\"image\/webp\" \/>\n<meta name=\"twitter:card\" content=\"summary_large_image\" \/>\n<meta name=\"twitter:label1\" content=\"Est. reading time\" \/>\n\t<meta name=\"twitter:data1\" content=\"1 minute\" \/>\n<script type=\"application\/ld+json\" class=\"yoast-schema-graph\">{\"@context\":\"https:\/\/schema.org\",\"@graph\":[{\"@type\":\"WebPage\",\"@id\":\"https:\/\/www.miomiorun.com\/fr\/produit\/triumph-23-femme\/\",\"url\":\"https:\/\/www.miomiorun.com\/fr\/produit\/triumph-23-femme\/\",\"name\":\"Saucony Triumph 23 femme - chaussures de course - MioMioRun.com\",\"isPartOf\":{\"@id\":\"https:\/\/www.miomiorun.com\/fr\/#website\"},\"primaryImageOfPage\":{\"@id\":\"https:\/\/www.miomiorun.com\/fr\/produit\/triumph-23-femme\/#primaryimage\"},\"image\":{\"@id\":\"https:\/\/www.miomiorun.com\/fr\/produit\/triumph-23-femme\/#primaryimage\"},\"thumbnailUrl\":\"https:\/\/www.miomiorun.com\/app\/uploads\/2025\/06\/saucony-Triumph-23-W-aster-S11023-243.webp\",\"datePublished\":\"2025-06-04T14:50:58+00:00\",\"dateModified\":\"2025-12-06T10:29:23+00:00\",\"description\":\"La nouvelle Triumph 23 dans sa version pour femmes est une chaussure de course con\u00e7ue pour offrir un excellent amorti pendant toutes les courses.\",\"breadcrumb\":{\"@id\":\"https:\/\/www.miomiorun.com\/fr\/produit\/triumph-23-femme\/#breadcrumb\"},\"inLanguage\":\"fr-FR\",\"potentialAction\":[{\"@type\":\"ReadAction\",\"target\":[\"https:\/\/www.miomiorun.com\/fr\/produit\/triumph-23-femme\/\"]}]},{\"@type\":\"ImageObject\",\"inLanguage\":\"fr-FR\",\"@id\":\"https:\/\/www.miomiorun.com\/fr\/produit\/triumph-23-femme\/#primaryimage\",\"url\":\"https:\/\/www.miomiorun.com\/app\/uploads\/2025\/06\/saucony-Triumph-23-W-aster-S11023-243.webp\",\"contentUrl\":\"https:\/\/www.miomiorun.com\/app\/uploads\/2025\/06\/saucony-Triumph-23-W-aster-S11023-243.webp\",\"width\":600,\"height\":600,\"caption\":\"saucony Triumph 23 W aster S11023-243\"},{\"@type\":\"BreadcrumbList\",\"@id\":\"https:\/\/www.miomiorun.com\/fr\/produit\/triumph-23-femme\/#breadcrumb\",\"itemListElement\":[{\"@type\":\"ListItem\",\"position\":1,\"name\":\"Home\",\"item\":\"https:\/\/www.miomiorun.com\/fr\/home-page\/\"},{\"@type\":\"ListItem\",\"position\":2,\"name\":\"Shop\",\"item\":\"https:\/\/www.miomiorun.com\/shop\/\"},{\"@type\":\"ListItem\",\"position\":3,\"name\":\"Triumph 23 femme\"}]},{\"@type\":\"WebSite\",\"@id\":\"https:\/\/www.miomiorun.com\/fr\/#website\",\"url\":\"https:\/\/www.miomiorun.com\/fr\/\",\"name\":\"MioMioRun\",\"description\":\"Boutique 100% running et trail\",\"publisher\":{\"@id\":\"https:\/\/www.miomiorun.com\/fr\/#organization\"},\"potentialAction\":[{\"@type\":\"SearchAction\",\"target\":{\"@type\":\"EntryPoint\",\"urlTemplate\":\"https:\/\/www.miomiorun.com\/fr\/?s={search_term_string}\"},\"query-input\":{\"@type\":\"PropertyValueSpecification\",\"valueRequired\":true,\"valueName\":\"search_term_string\"}}],\"inLanguage\":\"fr-FR\"},{\"@type\":\"Organization\",\"@id\":\"https:\/\/www.miomiorun.com\/fr\/#organization\",\"name\":\"MioMio Run\",\"url\":\"https:\/\/www.miomiorun.com\/fr\/\",\"logo\":{\"@type\":\"ImageObject\",\"inLanguage\":\"fr-FR\",\"@id\":\"https:\/\/www.miomiorun.com\/fr\/#\/schema\/logo\/image\/\",\"url\":\"https:\/\/www.miomiorun.com\/app\/uploads\/2019\/12\/logomio.png\",\"contentUrl\":\"https:\/\/www.miomiorun.com\/app\/uploads\/2019\/12\/logomio.png\",\"width\":115,\"height\":82,\"caption\":\"MioMio Run\"},\"image\":{\"@id\":\"https:\/\/www.miomiorun.com\/fr\/#\/schema\/logo\/image\/\"},\"sameAs\":[\"https:\/\/www.facebook.com\/miomiorun\/\",\"https:\/\/www.instagram.com\/miomiorun\/\"]}]}<\/script>\n<!-- \/ Yoast SEO plugin. -->","yoast_head_json":{"title":"Saucony Triumph 23 femme - chaussures de course - MioMioRun.com","description":"La nouvelle Triumph 23 dans sa version pour femmes est une chaussure de course con\u00e7ue pour offrir un excellent amorti pendant toutes les courses.","robots":{"index":"index","follow":"follow","max-snippet":"max-snippet:-1","max-image-preview":"max-image-preview:large","max-video-preview":"max-video-preview:-1"},"canonical":"https:\/\/www.miomiorun.com\/fr\/produit\/triumph-23-femme\/","og_locale":"fr_FR","og_type":"article","og_title":"Saucony Triumph 23 femme - chaussures de course - MioMioRun.com","og_description":"La nouvelle Triumph 23 dans sa version pour femmes est une chaussure de course con\u00e7ue pour offrir un excellent amorti pendant toutes les courses.","og_url":"https:\/\/www.miomiorun.com\/fr\/produit\/triumph-23-femme\/","og_site_name":"MioMioRun","article_publisher":"https:\/\/www.facebook.com\/miomiorun\/","article_modified_time":"2025-12-06T10:29:23+00:00","og_image":[{"width":600,"height":600,"url":"https:\/\/www.miomiorun.com\/app\/uploads\/2025\/06\/saucony-Triumph-23-W-aster-S11023-243.webp","type":"image\/webp"}],"twitter_card":"summary_large_image","twitter_misc":{"Est. reading time":"1 minute"},"schema":{"@context":"https:\/\/schema.org","@graph":[{"@type":"WebPage","@id":"https:\/\/www.miomiorun.com\/fr\/produit\/triumph-23-femme\/","url":"https:\/\/www.miomiorun.com\/fr\/produit\/triumph-23-femme\/","name":"Saucony Triumph 23 femme - chaussures de course - MioMioRun.com","isPartOf":{"@id":"https:\/\/www.miomiorun.com\/fr\/#website"},"primaryImageOfPage":{"@id":"https:\/\/www.miomiorun.com\/fr\/produit\/triumph-23-femme\/#primaryimage"},"image":{"@id":"https:\/\/www.miomiorun.com\/fr\/produit\/triumph-23-femme\/#primaryimage"},"thumbnailUrl":"https:\/\/www.miomiorun.com\/app\/uploads\/2025\/06\/saucony-Triumph-23-W-aster-S11023-243.webp","datePublished":"2025-06-04T14:50:58+00:00","dateModified":"2025-12-06T10:29:23+00:00","description":"La nouvelle Triumph 23 dans sa version pour femmes est une chaussure de course con\u00e7ue pour offrir un excellent amorti pendant toutes les courses.","breadcrumb":{"@id":"https:\/\/www.miomiorun.com\/fr\/produit\/triumph-23-femme\/#breadcrumb"},"inLanguage":"fr-FR","potentialAction":[{"@type":"ReadAction","target":["https:\/\/www.miomiorun.com\/fr\/produit\/triumph-23-femme\/"]}]},{"@type":"ImageObject","inLanguage":"fr-FR","@id":"https:\/\/www.miomiorun.com\/fr\/produit\/triumph-23-femme\/#primaryimage","url":"https:\/\/www.miomiorun.com\/app\/uploads\/2025\/06\/saucony-Triumph-23-W-aster-S11023-243.webp","contentUrl":"https:\/\/www.miomiorun.com\/app\/uploads\/2025\/06\/saucony-Triumph-23-W-aster-S11023-243.webp","width":600,"height":600,"caption":"saucony Triumph 23 W aster S11023-243"},{"@type":"BreadcrumbList","@id":"https:\/\/www.miomiorun.com\/fr\/produit\/triumph-23-femme\/#breadcrumb","itemListElement":[{"@type":"ListItem","position":1,"name":"Home","item":"https:\/\/www.miomiorun.com\/fr\/home-page\/"},{"@type":"ListItem","position":2,"name":"Shop","item":"https:\/\/www.miomiorun.com\/shop\/"},{"@type":"ListItem","position":3,"name":"Triumph 23 femme"}]},{"@type":"WebSite","@id":"https:\/\/www.miomiorun.com\/fr\/#website","url":"https:\/\/www.miomiorun.com\/fr\/","name":"MioMioRun","description":"Boutique 100% running et trail","publisher":{"@id":"https:\/\/www.miomiorun.com\/fr\/#organization"},"potentialAction":[{"@type":"SearchAction","target":{"@type":"EntryPoint","urlTemplate":"https:\/\/www.miomiorun.com\/fr\/?s={search_term_string}"},"query-input":{"@type":"PropertyValueSpecification","valueRequired":true,"valueName":"search_term_string"}}],"inLanguage":"fr-FR"},{"@type":"Organization","@id":"https:\/\/www.miomiorun.com\/fr\/#organization","name":"MioMio Run","url":"https:\/\/www.miomiorun.com\/fr\/","logo":{"@type":"ImageObject","inLanguage":"fr-FR","@id":"https:\/\/www.miomiorun.com\/fr\/#\/schema\/logo\/image\/","url":"https:\/\/www.miomiorun.com\/app\/uploads\/2019\/12\/logomio.png","contentUrl":"https:\/\/www.miomiorun.com\/app\/uploads\/2019\/12\/logomio.png","width":115,"height":82,"caption":"MioMio Run"},"image":{"@id":"https:\/\/www.miomiorun.com\/fr\/#\/schema\/logo\/image\/"},"sameAs":["https:\/\/www.facebook.com\/miomiorun\/","https:\/\/www.instagram.com\/miomiorun\/"]}]}},"_links":{"self":[{"href":"https:\/\/www.miomiorun.com\/fr\/wp-json\/wp\/v2\/product\/316360","targetHints":{"allow":["GET"]}}],"collection":[{"href":"https:\/\/www.miomiorun.com\/fr\/wp-json\/wp\/v2\/product"}],"about":[{"href":"https:\/\/www.miomiorun.com\/fr\/wp-json\/wp\/v2\/types\/product"}],"wp:featuredmedia":[{"embeddable":true,"href":"https:\/\/www.miomiorun.com\/fr\/wp-json\/wp\/v2\/media\/316152"}],"wp:attachment":[{"href":"https:\/\/www.miomiorun.com\/fr\/wp-json\/wp\/v2\/media?parent=316360"}],"wp:term":[{"taxonomy":"product_brand","embeddable":true,"href":"https:\/\/www.miomiorun.com\/fr\/wp-json\/wp\/v2\/product_brand?post=316360"},{"taxonomy":"product_cat","embeddable":true,"href":"https:\/\/www.miomiorun.com\/fr\/wp-json\/wp\/v2\/product_cat?post=316360"},{"taxonomy":"product_tag","embeddable":true,"href":"https:\/\/www.miomiorun.com\/fr\/wp-json\/wp\/v2\/product_tag?post=316360"}],"curies":[{"name":"wp","href":"https:\/\/api.w.org\/{rel}","templated":true}]}}