{"id":316149,"date":"2025-06-05T11:37:39","date_gmt":"2025-06-05T09:37:39","guid":{"rendered":"https:\/\/miomiorun.com\/?post_type=product&#038;p=316149"},"modified":"2026-05-08T22:52:30","modified_gmt":"2026-05-08T20:52:30","slug":"t-shirt-racing-avec-logo-homme","status":"publish","type":"product","link":"https:\/\/www.miomiorun.com\/fr\/produit\/t-shirt-racing-avec-logo-homme\/","title":{"rendered":"T-shirt Racing avec logo homme"},"content":{"rendered":"<div class=\"module__primary-text module__text-headline3 cm-richtext\">\n<div class=\"module__columns\">\n<div class=\"module__secondary-text cm-richtext\">\n<div>\n<div class=\"module__columns\"><\/div>\n<\/div>\n<\/div>\n<\/div>\n<\/div>\n<div id=\"acc-3\" class=\"g-accordion-content collapse\">\n<div class=\"product attribute overview\">\n<div class=\"value\">\n<p>T-shirt en jersey de coton \u00e0 la coupe r\u00e9guli\u00e8re. Le logo Everlast et la devise de la marque sont imprim\u00e9s sur le devant dans un contraste de couleurs audacieux, soulignant son style sportif.<\/p>\n<ul>\n<li>Col rond<\/li>\n<li>Manches courtes<\/li>\n<li>Graphisme imprim\u00e9 en contraste sur le devant<\/li>\n<\/ul>\n<\/div>\n<\/div>\n<div class=\"product-add-form\">\n<div id=\"product-options-wrapper\" class=\"product-options-wrapper\">\n<div class=\"fieldset\">\n<div class=\"swatch-opt-361149\" data-role=\"swatch-option-361149\">\n<div class=\"swatch-attribute color\" data-attribute-code=\"color\" data-attribute-id=\"93\">\n<div class=\"swatch-attribute-options clearfix\" role=\"listbox\" aria-labelledby=\"option-label-color-93\">\n<div id=\"option-label-color-93-item-28\" class=\"swatch-option color\" role=\"option\" aria-describedby=\"option-label-color-93\" data-option-type=\"1\" data-option-id=\"28\" data-option-label=\"2000 BLACK\" aria-label=\"2000 BLACK\" data-thumb-width=\"110\" data-thumb-height=\"90\" data-option-tooltip-value=\"#000000\"><\/div>\n<\/div>\n<\/div>\n<\/div>\n<\/div>\n<\/div>\n<\/div>\n<\/div>\n<p>&nbsp;<\/p>\n<p>&nbsp;<\/p>\n<p>&nbsp;<\/p>\n<p style=\"text-align: center\">\n","protected":false},"excerpt":{"rendered":"<ul class=\"m-long-description__features\">\n<li class=\"m-long-description__feature\">Id\u00e9al \u00e0 porter pendant l&#8217;activit\u00e9 physique ou pour un style d\u00e9contract\u00e9.<\/li>\n<li class=\"m-long-description__feature\">En jersey de coton confortable.<\/li>\n<\/ul>\n","protected":false},"featured_media":317202,"template":"","meta":{"_acf_changed":false,"inline_featured_image":false},"product_brand":[],"product_cat":[24449,24482],"product_tag":[23485,23608],"class_list":{"0":"post-316149","1":"product","2":"type-product","3":"status-publish","4":"has-post-thumbnail","6":"product_cat-t-shirt-fr-3","7":"product_cat-vetements-pour-hommes-fr","8":"product_tag-everlast-fr","9":"product_tag-everlast-homme","10":"pa_attivita-lifestyle-fr","11":"pa_colore-t-shirt-jersey-bluish-green-fr","12":"pa_marca-everlast-fr","13":"pa_sesso-homme","14":"pa_size-small-fr","15":"pa_size-medium-fr","16":"pa_size-large-fr","18":"first","19":"instock","20":"sale","21":"taxable","22":"shipping-taxable","23":"purchasable","24":"product-type-variable","25":"wvs-archive-product-wrapper"},"acf":[],"yoast_head":"<!-- This site is optimized with the Yoast SEO plugin v26.8 - https:\/\/yoast.com\/product\/yoast-seo-wordpress\/ -->\n<title>Everlast T-shirt Racing avec logo homme - T-shirts pour hommes - MioMioRun<\/title>\n<meta name=\"description\" content=\"T-shirt en jersey de coton \u00e0 la coupe r\u00e9guli\u00e8re, id\u00e9al pour les loisirs.\" \/>\n<meta name=\"robots\" content=\"index, follow, max-snippet:-1, max-image-preview:large, max-video-preview:-1\" \/>\n<link rel=\"canonical\" href=\"https:\/\/www.miomiorun.com\/fr\/produit\/t-shirt-racing-avec-logo-homme\/\" \/>\n<meta property=\"og:locale\" content=\"fr_FR\" \/>\n<meta property=\"og:type\" content=\"article\" \/>\n<meta property=\"og:title\" content=\"Everlast T-shirt Racing avec logo homme - T-shirts pour hommes - MioMioRun\" \/>\n<meta property=\"og:description\" content=\"T-shirt en jersey de coton \u00e0 la coupe r\u00e9guli\u00e8re, id\u00e9al pour les loisirs.\" \/>\n<meta property=\"og:url\" content=\"https:\/\/www.miomiorun.com\/fr\/produit\/t-shirt-racing-avec-logo-homme\/\" \/>\n<meta property=\"og:site_name\" content=\"MioMioRun\" \/>\n<meta property=\"article:publisher\" content=\"https:\/\/www.facebook.com\/miomiorun\/\" \/>\n<meta property=\"article:modified_time\" content=\"2026-05-08T20:52:30+00:00\" \/>\n<meta property=\"og:image\" content=\"https:\/\/www.miomiorun.com\/app\/uploads\/2025\/06\/everlast-T-shirt-jersey-38M201G92.GY00.webp\" \/>\n\t<meta property=\"og:image:width\" content=\"600\" \/>\n\t<meta property=\"og:image:height\" content=\"600\" \/>\n\t<meta property=\"og:image:type\" content=\"image\/webp\" \/>\n<meta name=\"twitter:card\" content=\"summary_large_image\" \/>\n<script type=\"application\/ld+json\" class=\"yoast-schema-graph\">{\"@context\":\"https:\/\/schema.org\",\"@graph\":[{\"@type\":\"WebPage\",\"@id\":\"https:\/\/www.miomiorun.com\/fr\/produit\/t-shirt-racing-avec-logo-homme\/\",\"url\":\"https:\/\/www.miomiorun.com\/fr\/produit\/t-shirt-racing-avec-logo-homme\/\",\"name\":\"Everlast T-shirt Racing avec logo homme - T-shirts pour hommes - MioMioRun\",\"isPartOf\":{\"@id\":\"https:\/\/www.miomiorun.com\/fr\/#website\"},\"primaryImageOfPage\":{\"@id\":\"https:\/\/www.miomiorun.com\/fr\/produit\/t-shirt-racing-avec-logo-homme\/#primaryimage\"},\"image\":{\"@id\":\"https:\/\/www.miomiorun.com\/fr\/produit\/t-shirt-racing-avec-logo-homme\/#primaryimage\"},\"thumbnailUrl\":\"https:\/\/www.miomiorun.com\/app\/uploads\/2025\/06\/everlast-T-shirt-jersey-38M201G92.GY00.webp\",\"datePublished\":\"2025-06-05T09:37:39+00:00\",\"dateModified\":\"2026-05-08T20:52:30+00:00\",\"description\":\"T-shirt en jersey de coton \u00e0 la coupe r\u00e9guli\u00e8re, id\u00e9al pour les loisirs.\",\"breadcrumb\":{\"@id\":\"https:\/\/www.miomiorun.com\/fr\/produit\/t-shirt-racing-avec-logo-homme\/#breadcrumb\"},\"inLanguage\":\"fr-FR\",\"potentialAction\":[{\"@type\":\"ReadAction\",\"target\":[\"https:\/\/www.miomiorun.com\/fr\/produit\/t-shirt-racing-avec-logo-homme\/\"]}]},{\"@type\":\"ImageObject\",\"inLanguage\":\"fr-FR\",\"@id\":\"https:\/\/www.miomiorun.com\/fr\/produit\/t-shirt-racing-avec-logo-homme\/#primaryimage\",\"url\":\"https:\/\/www.miomiorun.com\/app\/uploads\/2025\/06\/everlast-T-shirt-jersey-38M201G92.GY00.webp\",\"contentUrl\":\"https:\/\/www.miomiorun.com\/app\/uploads\/2025\/06\/everlast-T-shirt-jersey-38M201G92.GY00.webp\",\"width\":600,\"height\":600,\"caption\":\"everlast T-shirt jersey 38M201G92.GY00\"},{\"@type\":\"BreadcrumbList\",\"@id\":\"https:\/\/www.miomiorun.com\/fr\/produit\/t-shirt-racing-avec-logo-homme\/#breadcrumb\",\"itemListElement\":[{\"@type\":\"ListItem\",\"position\":1,\"name\":\"Home\",\"item\":\"https:\/\/www.miomiorun.com\/fr\/home-page\/\"},{\"@type\":\"ListItem\",\"position\":2,\"name\":\"Shop\",\"item\":\"https:\/\/www.miomiorun.com\/shop\/\"},{\"@type\":\"ListItem\",\"position\":3,\"name\":\"T-shirt Racing avec logo homme\"}]},{\"@type\":\"WebSite\",\"@id\":\"https:\/\/www.miomiorun.com\/fr\/#website\",\"url\":\"https:\/\/www.miomiorun.com\/fr\/\",\"name\":\"MioMioRun\",\"description\":\"Boutique 100% running et trail\",\"publisher\":{\"@id\":\"https:\/\/www.miomiorun.com\/fr\/#organization\"},\"potentialAction\":[{\"@type\":\"SearchAction\",\"target\":{\"@type\":\"EntryPoint\",\"urlTemplate\":\"https:\/\/www.miomiorun.com\/fr\/?s={search_term_string}\"},\"query-input\":{\"@type\":\"PropertyValueSpecification\",\"valueRequired\":true,\"valueName\":\"search_term_string\"}}],\"inLanguage\":\"fr-FR\"},{\"@type\":\"Organization\",\"@id\":\"https:\/\/www.miomiorun.com\/fr\/#organization\",\"name\":\"MioMio Run\",\"url\":\"https:\/\/www.miomiorun.com\/fr\/\",\"logo\":{\"@type\":\"ImageObject\",\"inLanguage\":\"fr-FR\",\"@id\":\"https:\/\/www.miomiorun.com\/fr\/#\/schema\/logo\/image\/\",\"url\":\"https:\/\/www.miomiorun.com\/app\/uploads\/2019\/12\/logomio.png\",\"contentUrl\":\"https:\/\/www.miomiorun.com\/app\/uploads\/2019\/12\/logomio.png\",\"width\":115,\"height\":82,\"caption\":\"MioMio Run\"},\"image\":{\"@id\":\"https:\/\/www.miomiorun.com\/fr\/#\/schema\/logo\/image\/\"},\"sameAs\":[\"https:\/\/www.facebook.com\/miomiorun\/\",\"https:\/\/www.instagram.com\/miomiorun\/\"]}]}<\/script>\n<!-- \/ Yoast SEO plugin. -->","yoast_head_json":{"title":"Everlast T-shirt Racing avec logo homme - T-shirts pour hommes - MioMioRun","description":"T-shirt en jersey de coton \u00e0 la coupe r\u00e9guli\u00e8re, id\u00e9al pour les loisirs.","robots":{"index":"index","follow":"follow","max-snippet":"max-snippet:-1","max-image-preview":"max-image-preview:large","max-video-preview":"max-video-preview:-1"},"canonical":"https:\/\/www.miomiorun.com\/fr\/produit\/t-shirt-racing-avec-logo-homme\/","og_locale":"fr_FR","og_type":"article","og_title":"Everlast T-shirt Racing avec logo homme - T-shirts pour hommes - MioMioRun","og_description":"T-shirt en jersey de coton \u00e0 la coupe r\u00e9guli\u00e8re, id\u00e9al pour les loisirs.","og_url":"https:\/\/www.miomiorun.com\/fr\/produit\/t-shirt-racing-avec-logo-homme\/","og_site_name":"MioMioRun","article_publisher":"https:\/\/www.facebook.com\/miomiorun\/","article_modified_time":"2026-05-08T20:52:30+00:00","og_image":[{"width":600,"height":600,"url":"https:\/\/www.miomiorun.com\/app\/uploads\/2025\/06\/everlast-T-shirt-jersey-38M201G92.GY00.webp","type":"image\/webp"}],"twitter_card":"summary_large_image","schema":{"@context":"https:\/\/schema.org","@graph":[{"@type":"WebPage","@id":"https:\/\/www.miomiorun.com\/fr\/produit\/t-shirt-racing-avec-logo-homme\/","url":"https:\/\/www.miomiorun.com\/fr\/produit\/t-shirt-racing-avec-logo-homme\/","name":"Everlast T-shirt Racing avec logo homme - T-shirts pour hommes - MioMioRun","isPartOf":{"@id":"https:\/\/www.miomiorun.com\/fr\/#website"},"primaryImageOfPage":{"@id":"https:\/\/www.miomiorun.com\/fr\/produit\/t-shirt-racing-avec-logo-homme\/#primaryimage"},"image":{"@id":"https:\/\/www.miomiorun.com\/fr\/produit\/t-shirt-racing-avec-logo-homme\/#primaryimage"},"thumbnailUrl":"https:\/\/www.miomiorun.com\/app\/uploads\/2025\/06\/everlast-T-shirt-jersey-38M201G92.GY00.webp","datePublished":"2025-06-05T09:37:39+00:00","dateModified":"2026-05-08T20:52:30+00:00","description":"T-shirt en jersey de coton \u00e0 la coupe r\u00e9guli\u00e8re, id\u00e9al pour les loisirs.","breadcrumb":{"@id":"https:\/\/www.miomiorun.com\/fr\/produit\/t-shirt-racing-avec-logo-homme\/#breadcrumb"},"inLanguage":"fr-FR","potentialAction":[{"@type":"ReadAction","target":["https:\/\/www.miomiorun.com\/fr\/produit\/t-shirt-racing-avec-logo-homme\/"]}]},{"@type":"ImageObject","inLanguage":"fr-FR","@id":"https:\/\/www.miomiorun.com\/fr\/produit\/t-shirt-racing-avec-logo-homme\/#primaryimage","url":"https:\/\/www.miomiorun.com\/app\/uploads\/2025\/06\/everlast-T-shirt-jersey-38M201G92.GY00.webp","contentUrl":"https:\/\/www.miomiorun.com\/app\/uploads\/2025\/06\/everlast-T-shirt-jersey-38M201G92.GY00.webp","width":600,"height":600,"caption":"everlast T-shirt jersey 38M201G92.GY00"},{"@type":"BreadcrumbList","@id":"https:\/\/www.miomiorun.com\/fr\/produit\/t-shirt-racing-avec-logo-homme\/#breadcrumb","itemListElement":[{"@type":"ListItem","position":1,"name":"Home","item":"https:\/\/www.miomiorun.com\/fr\/home-page\/"},{"@type":"ListItem","position":2,"name":"Shop","item":"https:\/\/www.miomiorun.com\/shop\/"},{"@type":"ListItem","position":3,"name":"T-shirt Racing avec logo homme"}]},{"@type":"WebSite","@id":"https:\/\/www.miomiorun.com\/fr\/#website","url":"https:\/\/www.miomiorun.com\/fr\/","name":"MioMioRun","description":"Boutique 100% running et trail","publisher":{"@id":"https:\/\/www.miomiorun.com\/fr\/#organization"},"potentialAction":[{"@type":"SearchAction","target":{"@type":"EntryPoint","urlTemplate":"https:\/\/www.miomiorun.com\/fr\/?s={search_term_string}"},"query-input":{"@type":"PropertyValueSpecification","valueRequired":true,"valueName":"search_term_string"}}],"inLanguage":"fr-FR"},{"@type":"Organization","@id":"https:\/\/www.miomiorun.com\/fr\/#organization","name":"MioMio Run","url":"https:\/\/www.miomiorun.com\/fr\/","logo":{"@type":"ImageObject","inLanguage":"fr-FR","@id":"https:\/\/www.miomiorun.com\/fr\/#\/schema\/logo\/image\/","url":"https:\/\/www.miomiorun.com\/app\/uploads\/2019\/12\/logomio.png","contentUrl":"https:\/\/www.miomiorun.com\/app\/uploads\/2019\/12\/logomio.png","width":115,"height":82,"caption":"MioMio Run"},"image":{"@id":"https:\/\/www.miomiorun.com\/fr\/#\/schema\/logo\/image\/"},"sameAs":["https:\/\/www.facebook.com\/miomiorun\/","https:\/\/www.instagram.com\/miomiorun\/"]}]}},"_links":{"self":[{"href":"https:\/\/www.miomiorun.com\/fr\/wp-json\/wp\/v2\/product\/316149","targetHints":{"allow":["GET"]}}],"collection":[{"href":"https:\/\/www.miomiorun.com\/fr\/wp-json\/wp\/v2\/product"}],"about":[{"href":"https:\/\/www.miomiorun.com\/fr\/wp-json\/wp\/v2\/types\/product"}],"wp:featuredmedia":[{"embeddable":true,"href":"https:\/\/www.miomiorun.com\/fr\/wp-json\/wp\/v2\/media\/317202"}],"wp:attachment":[{"href":"https:\/\/www.miomiorun.com\/fr\/wp-json\/wp\/v2\/media?parent=316149"}],"wp:term":[{"taxonomy":"product_brand","embeddable":true,"href":"https:\/\/www.miomiorun.com\/fr\/wp-json\/wp\/v2\/product_brand?post=316149"},{"taxonomy":"product_cat","embeddable":true,"href":"https:\/\/www.miomiorun.com\/fr\/wp-json\/wp\/v2\/product_cat?post=316149"},{"taxonomy":"product_tag","embeddable":true,"href":"https:\/\/www.miomiorun.com\/fr\/wp-json\/wp\/v2\/product_tag?post=316149"}],"curies":[{"name":"wp","href":"https:\/\/api.w.org\/{rel}","templated":true}]}}