{"id":316093,"date":"2025-06-05T11:26:37","date_gmt":"2025-06-05T09:26:37","guid":{"rendered":"https:\/\/miomiorun.com\/?post_type=product&#038;p=316093"},"modified":"2025-12-05T12:33:07","modified_gmt":"2025-12-05T11:33:07","slug":"basic-sweat-shirt-avec-veste-a-fermeture-eclair-integrale-homme","status":"publish","type":"product","link":"https:\/\/www.miomiorun.com\/fr\/produit\/basic-sweat-shirt-avec-veste-a-fermeture-eclair-integrale-homme\/","title":{"rendered":"Basic sweat-shirt avec veste \u00e0 fermeture \u00e9clair int\u00e9grale homme"},"content":{"rendered":"<p>Ensemble en molleton non gratt\u00e9. Il se compose d&#8217;une veste zipp\u00e9e et d&#8217;un pantalon droit. Sa mati\u00e8re confortable et sa coupe classique en font un v\u00eatement id\u00e9al pour le sport et les loisirs. Il est orn\u00e9 d&#8217;une \u00e9tiquette transparente en caoutchouc avec logo.<\/p>\n<ul>\n<li><strong>Veste<\/strong>\n<ul>\n<li>Col montant en c\u00f4tes ray\u00e9es<\/li>\n<li>Poignets et bas en c\u00f4tes ray\u00e9es<\/li>\n<li>Poches passepoil\u00e9es<\/li>\n<li>\u00c9tiquette transparente gomm\u00e9e avec logo<\/li>\n<\/ul>\n<\/li>\n<li><strong>Pantalon<\/strong>\n<ul>\n<li>Ceinture \u00e9lastique avec cordon de serrage r\u00e9glable<\/li>\n<li>Poches lat\u00e9rales<\/li>\n<li>Droit jusqu&#8217;au bas<\/li>\n<li>\u00c9tiquette transparente gomm\u00e9e avec logo<\/li>\n<\/ul>\n<\/li>\n<\/ul>\n","protected":false},"excerpt":{"rendered":"<ul>\n<li>Ce v\u00eatement se compose d&#8217;une veste enti\u00e8rement zipp\u00e9e et d&#8217;un pantalon droit au bas.<\/li>\n<li>Sa coupe r\u00e9guli\u00e8re le rend id\u00e9al aussi bien pour le sport que pour les loisirs.<\/li>\n<\/ul>\n","protected":false},"featured_media":317342,"template":"","meta":{"_acf_changed":false,"inline_featured_image":false},"product_brand":[],"product_cat":[24478,24450,24482],"product_tag":[23485,23608],"class_list":{"0":"post-316093","1":"product","2":"type-product","3":"status-publish","4":"has-post-thumbnail","6":"product_cat-maillots-fr-2","7":"product_cat-pantalon-long-fr-3","8":"product_cat-vetements-pour-hommes-fr","9":"product_tag-everlast-fr","10":"product_tag-everlast-homme","11":"pa_attivita-lifestyle-fr","12":"pa_colore-tuta-giacca-full-zip-black-fr","13":"pa_marca-everlast-fr","14":"pa_sesso-homme","15":"pa_size-small-fr","16":"pa_size-medium-fr","17":"pa_size-large-fr","19":"first","20":"instock","21":"sale","22":"taxable","23":"shipping-taxable","24":"purchasable","25":"product-type-variable","26":"wvs-archive-product-wrapper"},"acf":[],"yoast_head":"<!-- This site is optimized with the Yoast SEO plugin v26.8 - https:\/\/yoast.com\/product\/yoast-seo-wordpress\/ -->\n<title>EverlastBasic sweat-shirt avec veste \u00e0 fermeture \u00e9clair int\u00e9grale homme - Sweat-shirt d\u00e9contract\u00e9- MioMioRun<\/title>\n<meta name=\"description\" content=\"Combinaison en molleton non gratt\u00e9. Le v\u00eatement se compose d&#039;une veste \u00e0 fermeture \u00e9clair int\u00e9grale et d&#039;un pantalon droit au bas. Il pr\u00e9sente une coupe id\u00e9ale pour les loisirs et l&#039;entra\u00eenement.\" \/>\n<meta name=\"robots\" content=\"index, follow, max-snippet:-1, max-image-preview:large, max-video-preview:-1\" \/>\n<link rel=\"canonical\" href=\"https:\/\/www.miomiorun.com\/fr\/produit\/basic-sweat-shirt-avec-veste-a-fermeture-eclair-integrale-homme\/\" \/>\n<meta property=\"og:locale\" content=\"fr_FR\" \/>\n<meta property=\"og:type\" content=\"article\" \/>\n<meta property=\"og:title\" content=\"EverlastBasic sweat-shirt avec veste \u00e0 fermeture \u00e9clair int\u00e9grale homme - Sweat-shirt d\u00e9contract\u00e9- MioMioRun\" \/>\n<meta property=\"og:description\" content=\"Combinaison en molleton non gratt\u00e9. Le v\u00eatement se compose d&#039;une veste \u00e0 fermeture \u00e9clair int\u00e9grale et d&#039;un pantalon droit au bas. Il pr\u00e9sente une coupe id\u00e9ale pour les loisirs et l&#039;entra\u00eenement.\" \/>\n<meta property=\"og:url\" content=\"https:\/\/www.miomiorun.com\/fr\/produit\/basic-sweat-shirt-avec-veste-a-fermeture-eclair-integrale-homme\/\" \/>\n<meta property=\"og:site_name\" content=\"MioMioRun\" \/>\n<meta property=\"article:publisher\" content=\"https:\/\/www.facebook.com\/miomiorun\/\" \/>\n<meta property=\"article:modified_time\" content=\"2025-12-05T11:33:07+00:00\" \/>\n<meta property=\"og:image\" content=\"https:\/\/www.miomiorun.com\/app\/uploads\/2025\/06\/everlast-Tuta-giacca-full-zip-38M193D80A.2000.webp\" \/>\n\t<meta property=\"og:image:width\" content=\"600\" \/>\n\t<meta property=\"og:image:height\" content=\"600\" \/>\n\t<meta property=\"og:image:type\" content=\"image\/webp\" \/>\n<meta name=\"twitter:card\" content=\"summary_large_image\" \/>\n<script type=\"application\/ld+json\" class=\"yoast-schema-graph\">{\"@context\":\"https:\/\/schema.org\",\"@graph\":[{\"@type\":\"WebPage\",\"@id\":\"https:\/\/www.miomiorun.com\/fr\/produit\/basic-sweat-shirt-avec-veste-a-fermeture-eclair-integrale-homme\/\",\"url\":\"https:\/\/www.miomiorun.com\/fr\/produit\/basic-sweat-shirt-avec-veste-a-fermeture-eclair-integrale-homme\/\",\"name\":\"EverlastBasic sweat-shirt avec veste \u00e0 fermeture \u00e9clair int\u00e9grale homme - Sweat-shirt d\u00e9contract\u00e9- MioMioRun\",\"isPartOf\":{\"@id\":\"https:\/\/www.miomiorun.com\/fr\/#website\"},\"primaryImageOfPage\":{\"@id\":\"https:\/\/www.miomiorun.com\/fr\/produit\/basic-sweat-shirt-avec-veste-a-fermeture-eclair-integrale-homme\/#primaryimage\"},\"image\":{\"@id\":\"https:\/\/www.miomiorun.com\/fr\/produit\/basic-sweat-shirt-avec-veste-a-fermeture-eclair-integrale-homme\/#primaryimage\"},\"thumbnailUrl\":\"https:\/\/www.miomiorun.com\/app\/uploads\/2025\/06\/everlast-Tuta-giacca-full-zip-38M193D80A.2000.webp\",\"datePublished\":\"2025-06-05T09:26:37+00:00\",\"dateModified\":\"2025-12-05T11:33:07+00:00\",\"description\":\"Combinaison en molleton non gratt\u00e9. Le v\u00eatement se compose d'une veste \u00e0 fermeture \u00e9clair int\u00e9grale et d'un pantalon droit au bas. Il pr\u00e9sente une coupe id\u00e9ale pour les loisirs et l'entra\u00eenement.\",\"breadcrumb\":{\"@id\":\"https:\/\/www.miomiorun.com\/fr\/produit\/basic-sweat-shirt-avec-veste-a-fermeture-eclair-integrale-homme\/#breadcrumb\"},\"inLanguage\":\"fr-FR\",\"potentialAction\":[{\"@type\":\"ReadAction\",\"target\":[\"https:\/\/www.miomiorun.com\/fr\/produit\/basic-sweat-shirt-avec-veste-a-fermeture-eclair-integrale-homme\/\"]}]},{\"@type\":\"ImageObject\",\"inLanguage\":\"fr-FR\",\"@id\":\"https:\/\/www.miomiorun.com\/fr\/produit\/basic-sweat-shirt-avec-veste-a-fermeture-eclair-integrale-homme\/#primaryimage\",\"url\":\"https:\/\/www.miomiorun.com\/app\/uploads\/2025\/06\/everlast-Tuta-giacca-full-zip-38M193D80A.2000.webp\",\"contentUrl\":\"https:\/\/www.miomiorun.com\/app\/uploads\/2025\/06\/everlast-Tuta-giacca-full-zip-38M193D80A.2000.webp\",\"width\":600,\"height\":600,\"caption\":\"everlast Tuta giacca full zip 38M193D80A.2000\"},{\"@type\":\"BreadcrumbList\",\"@id\":\"https:\/\/www.miomiorun.com\/fr\/produit\/basic-sweat-shirt-avec-veste-a-fermeture-eclair-integrale-homme\/#breadcrumb\",\"itemListElement\":[{\"@type\":\"ListItem\",\"position\":1,\"name\":\"Home\",\"item\":\"https:\/\/www.miomiorun.com\/fr\/home-page\/\"},{\"@type\":\"ListItem\",\"position\":2,\"name\":\"Shop\",\"item\":\"https:\/\/www.miomiorun.com\/shop\/\"},{\"@type\":\"ListItem\",\"position\":3,\"name\":\"Basic sweat-shirt avec veste \u00e0 fermeture \u00e9clair int\u00e9grale homme\"}]},{\"@type\":\"WebSite\",\"@id\":\"https:\/\/www.miomiorun.com\/fr\/#website\",\"url\":\"https:\/\/www.miomiorun.com\/fr\/\",\"name\":\"MioMioRun\",\"description\":\"Boutique 100% running et trail\",\"publisher\":{\"@id\":\"https:\/\/www.miomiorun.com\/fr\/#organization\"},\"potentialAction\":[{\"@type\":\"SearchAction\",\"target\":{\"@type\":\"EntryPoint\",\"urlTemplate\":\"https:\/\/www.miomiorun.com\/fr\/?s={search_term_string}\"},\"query-input\":{\"@type\":\"PropertyValueSpecification\",\"valueRequired\":true,\"valueName\":\"search_term_string\"}}],\"inLanguage\":\"fr-FR\"},{\"@type\":\"Organization\",\"@id\":\"https:\/\/www.miomiorun.com\/fr\/#organization\",\"name\":\"MioMio Run\",\"url\":\"https:\/\/www.miomiorun.com\/fr\/\",\"logo\":{\"@type\":\"ImageObject\",\"inLanguage\":\"fr-FR\",\"@id\":\"https:\/\/www.miomiorun.com\/fr\/#\/schema\/logo\/image\/\",\"url\":\"https:\/\/www.miomiorun.com\/app\/uploads\/2019\/12\/logomio.png\",\"contentUrl\":\"https:\/\/www.miomiorun.com\/app\/uploads\/2019\/12\/logomio.png\",\"width\":115,\"height\":82,\"caption\":\"MioMio Run\"},\"image\":{\"@id\":\"https:\/\/www.miomiorun.com\/fr\/#\/schema\/logo\/image\/\"},\"sameAs\":[\"https:\/\/www.facebook.com\/miomiorun\/\",\"https:\/\/www.instagram.com\/miomiorun\/\"]}]}<\/script>\n<!-- \/ Yoast SEO plugin. -->","yoast_head_json":{"title":"EverlastBasic sweat-shirt avec veste \u00e0 fermeture \u00e9clair int\u00e9grale homme - Sweat-shirt d\u00e9contract\u00e9- MioMioRun","description":"Combinaison en molleton non gratt\u00e9. Le v\u00eatement se compose d'une veste \u00e0 fermeture \u00e9clair int\u00e9grale et d'un pantalon droit au bas. Il pr\u00e9sente une coupe id\u00e9ale pour les loisirs et l'entra\u00eenement.","robots":{"index":"index","follow":"follow","max-snippet":"max-snippet:-1","max-image-preview":"max-image-preview:large","max-video-preview":"max-video-preview:-1"},"canonical":"https:\/\/www.miomiorun.com\/fr\/produit\/basic-sweat-shirt-avec-veste-a-fermeture-eclair-integrale-homme\/","og_locale":"fr_FR","og_type":"article","og_title":"EverlastBasic sweat-shirt avec veste \u00e0 fermeture \u00e9clair int\u00e9grale homme - Sweat-shirt d\u00e9contract\u00e9- MioMioRun","og_description":"Combinaison en molleton non gratt\u00e9. Le v\u00eatement se compose d'une veste \u00e0 fermeture \u00e9clair int\u00e9grale et d'un pantalon droit au bas. Il pr\u00e9sente une coupe id\u00e9ale pour les loisirs et l'entra\u00eenement.","og_url":"https:\/\/www.miomiorun.com\/fr\/produit\/basic-sweat-shirt-avec-veste-a-fermeture-eclair-integrale-homme\/","og_site_name":"MioMioRun","article_publisher":"https:\/\/www.facebook.com\/miomiorun\/","article_modified_time":"2025-12-05T11:33:07+00:00","og_image":[{"width":600,"height":600,"url":"https:\/\/www.miomiorun.com\/app\/uploads\/2025\/06\/everlast-Tuta-giacca-full-zip-38M193D80A.2000.webp","type":"image\/webp"}],"twitter_card":"summary_large_image","schema":{"@context":"https:\/\/schema.org","@graph":[{"@type":"WebPage","@id":"https:\/\/www.miomiorun.com\/fr\/produit\/basic-sweat-shirt-avec-veste-a-fermeture-eclair-integrale-homme\/","url":"https:\/\/www.miomiorun.com\/fr\/produit\/basic-sweat-shirt-avec-veste-a-fermeture-eclair-integrale-homme\/","name":"EverlastBasic sweat-shirt avec veste \u00e0 fermeture \u00e9clair int\u00e9grale homme - Sweat-shirt d\u00e9contract\u00e9- MioMioRun","isPartOf":{"@id":"https:\/\/www.miomiorun.com\/fr\/#website"},"primaryImageOfPage":{"@id":"https:\/\/www.miomiorun.com\/fr\/produit\/basic-sweat-shirt-avec-veste-a-fermeture-eclair-integrale-homme\/#primaryimage"},"image":{"@id":"https:\/\/www.miomiorun.com\/fr\/produit\/basic-sweat-shirt-avec-veste-a-fermeture-eclair-integrale-homme\/#primaryimage"},"thumbnailUrl":"https:\/\/www.miomiorun.com\/app\/uploads\/2025\/06\/everlast-Tuta-giacca-full-zip-38M193D80A.2000.webp","datePublished":"2025-06-05T09:26:37+00:00","dateModified":"2025-12-05T11:33:07+00:00","description":"Combinaison en molleton non gratt\u00e9. Le v\u00eatement se compose d'une veste \u00e0 fermeture \u00e9clair int\u00e9grale et d'un pantalon droit au bas. Il pr\u00e9sente une coupe id\u00e9ale pour les loisirs et l'entra\u00eenement.","breadcrumb":{"@id":"https:\/\/www.miomiorun.com\/fr\/produit\/basic-sweat-shirt-avec-veste-a-fermeture-eclair-integrale-homme\/#breadcrumb"},"inLanguage":"fr-FR","potentialAction":[{"@type":"ReadAction","target":["https:\/\/www.miomiorun.com\/fr\/produit\/basic-sweat-shirt-avec-veste-a-fermeture-eclair-integrale-homme\/"]}]},{"@type":"ImageObject","inLanguage":"fr-FR","@id":"https:\/\/www.miomiorun.com\/fr\/produit\/basic-sweat-shirt-avec-veste-a-fermeture-eclair-integrale-homme\/#primaryimage","url":"https:\/\/www.miomiorun.com\/app\/uploads\/2025\/06\/everlast-Tuta-giacca-full-zip-38M193D80A.2000.webp","contentUrl":"https:\/\/www.miomiorun.com\/app\/uploads\/2025\/06\/everlast-Tuta-giacca-full-zip-38M193D80A.2000.webp","width":600,"height":600,"caption":"everlast Tuta giacca full zip 38M193D80A.2000"},{"@type":"BreadcrumbList","@id":"https:\/\/www.miomiorun.com\/fr\/produit\/basic-sweat-shirt-avec-veste-a-fermeture-eclair-integrale-homme\/#breadcrumb","itemListElement":[{"@type":"ListItem","position":1,"name":"Home","item":"https:\/\/www.miomiorun.com\/fr\/home-page\/"},{"@type":"ListItem","position":2,"name":"Shop","item":"https:\/\/www.miomiorun.com\/shop\/"},{"@type":"ListItem","position":3,"name":"Basic sweat-shirt avec veste \u00e0 fermeture \u00e9clair int\u00e9grale homme"}]},{"@type":"WebSite","@id":"https:\/\/www.miomiorun.com\/fr\/#website","url":"https:\/\/www.miomiorun.com\/fr\/","name":"MioMioRun","description":"Boutique 100% running et trail","publisher":{"@id":"https:\/\/www.miomiorun.com\/fr\/#organization"},"potentialAction":[{"@type":"SearchAction","target":{"@type":"EntryPoint","urlTemplate":"https:\/\/www.miomiorun.com\/fr\/?s={search_term_string}"},"query-input":{"@type":"PropertyValueSpecification","valueRequired":true,"valueName":"search_term_string"}}],"inLanguage":"fr-FR"},{"@type":"Organization","@id":"https:\/\/www.miomiorun.com\/fr\/#organization","name":"MioMio Run","url":"https:\/\/www.miomiorun.com\/fr\/","logo":{"@type":"ImageObject","inLanguage":"fr-FR","@id":"https:\/\/www.miomiorun.com\/fr\/#\/schema\/logo\/image\/","url":"https:\/\/www.miomiorun.com\/app\/uploads\/2019\/12\/logomio.png","contentUrl":"https:\/\/www.miomiorun.com\/app\/uploads\/2019\/12\/logomio.png","width":115,"height":82,"caption":"MioMio Run"},"image":{"@id":"https:\/\/www.miomiorun.com\/fr\/#\/schema\/logo\/image\/"},"sameAs":["https:\/\/www.facebook.com\/miomiorun\/","https:\/\/www.instagram.com\/miomiorun\/"]}]}},"_links":{"self":[{"href":"https:\/\/www.miomiorun.com\/fr\/wp-json\/wp\/v2\/product\/316093","targetHints":{"allow":["GET"]}}],"collection":[{"href":"https:\/\/www.miomiorun.com\/fr\/wp-json\/wp\/v2\/product"}],"about":[{"href":"https:\/\/www.miomiorun.com\/fr\/wp-json\/wp\/v2\/types\/product"}],"wp:featuredmedia":[{"embeddable":true,"href":"https:\/\/www.miomiorun.com\/fr\/wp-json\/wp\/v2\/media\/317342"}],"wp:attachment":[{"href":"https:\/\/www.miomiorun.com\/fr\/wp-json\/wp\/v2\/media?parent=316093"}],"wp:term":[{"taxonomy":"product_brand","embeddable":true,"href":"https:\/\/www.miomiorun.com\/fr\/wp-json\/wp\/v2\/product_brand?post=316093"},{"taxonomy":"product_cat","embeddable":true,"href":"https:\/\/www.miomiorun.com\/fr\/wp-json\/wp\/v2\/product_cat?post=316093"},{"taxonomy":"product_tag","embeddable":true,"href":"https:\/\/www.miomiorun.com\/fr\/wp-json\/wp\/v2\/product_tag?post=316093"}],"curies":[{"name":"wp","href":"https:\/\/api.w.org\/{rel}","templated":true}]}}