{"id":315961,"date":"2025-06-04T16:51:02","date_gmt":"2025-06-04T14:51:02","guid":{"rendered":"https:\/\/miomiorun.com\/prodotto\/triumph-23-uomo\/"},"modified":"2026-03-01T20:03:16","modified_gmt":"2026-03-01T19:03:16","slug":"triumph-23-homme","status":"publish","type":"product","link":"https:\/\/www.miomiorun.com\/fr\/produit\/triumph-23-homme\/","title":{"rendered":"Triumph 23 homme"},"content":{"rendered":"<table style=\"border-collapse: collapse;width: 100%\">\n<tbody>\n<tr>\n<td style=\"width: 33.3333%;vertical-align: top;text-align: center\"><strong>Caract\u00e9ristiques techniques<\/strong><\/p>\n<p>Cat\u00e9gorie : amorti ultra<br \/>\nD\u00e9calage : 10 mm ( 37\/27 mm )<br \/>\nPoids : 263 g<br \/>\nId\u00e9al pour : les coureurs et les marcheurs \u00e0 la recherche d&#8217;une chaussure offrant un amorti et une souplesse maximaux, tant au niveau de l&#8217;appui que de la tige, pour affronter les courses et les marches sur de longues distances.<br \/>\nPoids de l&#8217;athl\u00e8te : &gt;80 kg<br \/>\nAllure de course : lente (&gt;5,30 min\/km)<br \/>\n<a href=\"https:\/\/miomiorun.com\/guida-alle-specifiche-tecniche\/\">Guide des sp\u00e9cifications techniques<\/a><\/td>\n<td style=\"width: 66.6666%;vertical-align: top;text-align: center\">\n<h3>CON\u00c7UES POUR LE MOUVEMENT QUOTIDIEN !<\/h3>\n<p>La nouvelle <strong>Triumph 23<\/strong> dans sa version pour homme est une chaussure de course con\u00e7ue pour offrir un excellent amorti pendant toutes les courses. Un mod\u00e8le cr\u00e9\u00e9 pour courir avec un confort maximal et s&#8217;adapter parfaitement \u00e0 tous les types de coureurs, \u00e9tant l&#8217;un des mod\u00e8les les plus polyvalents du moment.<\/p>\n<h3>Un mod\u00e8le qui allie parfaitement confort, dynamisme et esth\u00e9tique.<\/h3>\n<p>Mod\u00e8le polyvalent et parfait pour les entra\u00eenements les plus simples jusqu&#8217;aux courses les plus exigeantes.<\/p>\n<div class=\"highlights\">\n<h3 class=\"highlights-title\">En vedette<\/h3>\n<div class=\"highlight\"><em>Amorti am\u00e9lior\u00e9 :&nbsp;<\/em><\/div>\n<div class=\"highlight\">Une mousse PWRRUN PB plus souple et plus l\u00e9g\u00e8re avec un amorti accru pour offrir soutien et confort lors des courses plus longues.<\/p>\n<div><\/div>\n<div class=\"highlight\"><em>Respirabilit\u00e9 parfaite :<\/em><\/div>\n<div class=\"highlight\">La maille l\u00e9g\u00e8re technique assure la ventilation et le confort du pied du premier au dernier pas.<\/div>\n<div><\/div>\n<div class=\"highlight\"><em>Transitions fluides et souples :<\/em><\/div>\n<div class=\"highlight\">La semelle au design repens\u00e9 offre des mouvements fluides et une exp\u00e9rience plus naturelle. <\/div>\n<\/div>\n<\/div>\n<\/td>\n<\/tr>\n<\/tbody>\n<\/table>\n<p>&nbsp;<\/p>\n","protected":false},"excerpt":{"rendered":"<ul>\n<li>Chaussure ultra-amortissante pour un confort exceptionnel.<\/li>\n<li>Id\u00e9ale pour les longues marches et les courses \u00e0 pied.<\/li>\n<\/ul>\n","protected":false},"featured_media":385858,"template":"","meta":{"_acf_changed":false,"inline_featured_image":false},"product_brand":[],"product_cat":[24448,24447],"product_tag":[23579,23546],"class_list":{"0":"post-315961","1":"product","2":"type-product","3":"status-publish","4":"has-post-thumbnail","6":"product_cat-chaussures-pour-hommes-fr","7":"product_cat-neutre-fr-3","8":"product_tag-saucony-fr","9":"product_tag-saucony-homme","10":"pa_attivita-lifestyle-fr","11":"pa_attivita-marcher","12":"pa_attivita-running-fr","13":"pa_colore-triumph-23-black-white-fr","14":"pa_colore-triumph-23-frigid-citron-fr","15":"pa_colore-triumph-23-grey-shadow-fr","16":"pa_colore-triumph-23-iceberg-carbon-fr","17":"pa_colore-triumph-23-shadow-vizi-fr","18":"pa_colore-triumph-23-vizigold-laurel-fr","19":"pa_colore-triumph-23-white-crimson","20":"pa_colore-triumph-23-white-laurel-fr","21":"pa_marca-saucony-fr","22":"pa_sesso-homme","23":"pa_size-41-fr","24":"pa_size-42-fr","25":"pa_size-42-5-fr","26":"pa_size-43-fr","27":"pa_size-44-fr","28":"pa_size-44-5-fr","29":"pa_size-45-fr","30":"pa_size-46-fr","31":"pa_size-46-5-fr","32":"pa_size-47-fr","33":"pa_size-48-fr","35":"first","36":"instock","37":"sale","38":"taxable","39":"shipping-taxable","40":"purchasable","41":"product-type-variable","42":"wvs-archive-product-wrapper"},"acf":[],"yoast_head":"<!-- This site is optimized with the Yoast SEO plugin v26.8 - https:\/\/yoast.com\/product\/yoast-seo-wordpress\/ -->\n<title>Saucony Triumph 23 homme - chaussures de course - MioMioRun.com<\/title>\n<meta name=\"description\" content=\"La nouvelle Triumph 23 dans sa version pour homme est une chaussure de course con\u00e7ue pour offrir un excellent amorti pendant toutes les courses.\" \/>\n<meta name=\"robots\" content=\"index, follow, max-snippet:-1, max-image-preview:large, max-video-preview:-1\" \/>\n<link rel=\"canonical\" href=\"https:\/\/www.miomiorun.com\/fr\/produit\/triumph-23-homme\/\" \/>\n<meta property=\"og:locale\" content=\"fr_FR\" \/>\n<meta property=\"og:type\" content=\"article\" \/>\n<meta property=\"og:title\" content=\"Saucony Triumph 23 homme - chaussures de course - MioMioRun.com\" \/>\n<meta property=\"og:description\" content=\"La nouvelle Triumph 23 dans sa version pour homme est une chaussure de course con\u00e7ue pour offrir un excellent amorti pendant toutes les courses.\" \/>\n<meta property=\"og:url\" content=\"https:\/\/www.miomiorun.com\/fr\/produit\/triumph-23-homme\/\" \/>\n<meta property=\"og:site_name\" content=\"MioMioRun\" \/>\n<meta property=\"article:publisher\" content=\"https:\/\/www.facebook.com\/miomiorun\/\" \/>\n<meta property=\"article:modified_time\" content=\"2026-03-01T19:03:16+00:00\" \/>\n<meta property=\"og:image\" content=\"https:\/\/www.miomiorun.com\/app\/uploads\/2026\/01\/saucony-Triumph-23-white-laurel-S21023-130.webp\" \/>\n\t<meta property=\"og:image:width\" content=\"720\" \/>\n\t<meta property=\"og:image:height\" content=\"720\" \/>\n\t<meta property=\"og:image:type\" content=\"image\/webp\" \/>\n<meta name=\"twitter:card\" content=\"summary_large_image\" \/>\n<meta name=\"twitter:label1\" content=\"Est. reading time\" \/>\n\t<meta name=\"twitter:data1\" content=\"1 minute\" \/>\n<script type=\"application\/ld+json\" class=\"yoast-schema-graph\">{\"@context\":\"https:\/\/schema.org\",\"@graph\":[{\"@type\":\"WebPage\",\"@id\":\"https:\/\/www.miomiorun.com\/fr\/produit\/triumph-23-homme\/\",\"url\":\"https:\/\/www.miomiorun.com\/fr\/produit\/triumph-23-homme\/\",\"name\":\"Saucony Triumph 23 homme - chaussures de course - MioMioRun.com\",\"isPartOf\":{\"@id\":\"https:\/\/www.miomiorun.com\/fr\/#website\"},\"primaryImageOfPage\":{\"@id\":\"https:\/\/www.miomiorun.com\/fr\/produit\/triumph-23-homme\/#primaryimage\"},\"image\":{\"@id\":\"https:\/\/www.miomiorun.com\/fr\/produit\/triumph-23-homme\/#primaryimage\"},\"thumbnailUrl\":\"https:\/\/www.miomiorun.com\/app\/uploads\/2026\/01\/saucony-Triumph-23-white-laurel-S21023-130.webp\",\"datePublished\":\"2025-06-04T14:51:02+00:00\",\"dateModified\":\"2026-03-01T19:03:16+00:00\",\"description\":\"La nouvelle Triumph 23 dans sa version pour homme est une chaussure de course con\u00e7ue pour offrir un excellent amorti pendant toutes les courses.\",\"breadcrumb\":{\"@id\":\"https:\/\/www.miomiorun.com\/fr\/produit\/triumph-23-homme\/#breadcrumb\"},\"inLanguage\":\"fr-FR\",\"potentialAction\":[{\"@type\":\"ReadAction\",\"target\":[\"https:\/\/www.miomiorun.com\/fr\/produit\/triumph-23-homme\/\"]}]},{\"@type\":\"ImageObject\",\"inLanguage\":\"fr-FR\",\"@id\":\"https:\/\/www.miomiorun.com\/fr\/produit\/triumph-23-homme\/#primaryimage\",\"url\":\"https:\/\/www.miomiorun.com\/app\/uploads\/2026\/01\/saucony-Triumph-23-white-laurel-S21023-130.webp\",\"contentUrl\":\"https:\/\/www.miomiorun.com\/app\/uploads\/2026\/01\/saucony-Triumph-23-white-laurel-S21023-130.webp\",\"width\":720,\"height\":720,\"caption\":\"saucony Triumph 23 white laurel S21023-130\"},{\"@type\":\"BreadcrumbList\",\"@id\":\"https:\/\/www.miomiorun.com\/fr\/produit\/triumph-23-homme\/#breadcrumb\",\"itemListElement\":[{\"@type\":\"ListItem\",\"position\":1,\"name\":\"Home\",\"item\":\"https:\/\/www.miomiorun.com\/fr\/home-page\/\"},{\"@type\":\"ListItem\",\"position\":2,\"name\":\"Shop\",\"item\":\"https:\/\/www.miomiorun.com\/shop\/\"},{\"@type\":\"ListItem\",\"position\":3,\"name\":\"Triumph 23 homme\"}]},{\"@type\":\"WebSite\",\"@id\":\"https:\/\/www.miomiorun.com\/fr\/#website\",\"url\":\"https:\/\/www.miomiorun.com\/fr\/\",\"name\":\"MioMioRun\",\"description\":\"Boutique 100% running et trail\",\"publisher\":{\"@id\":\"https:\/\/www.miomiorun.com\/fr\/#organization\"},\"potentialAction\":[{\"@type\":\"SearchAction\",\"target\":{\"@type\":\"EntryPoint\",\"urlTemplate\":\"https:\/\/www.miomiorun.com\/fr\/?s={search_term_string}\"},\"query-input\":{\"@type\":\"PropertyValueSpecification\",\"valueRequired\":true,\"valueName\":\"search_term_string\"}}],\"inLanguage\":\"fr-FR\"},{\"@type\":\"Organization\",\"@id\":\"https:\/\/www.miomiorun.com\/fr\/#organization\",\"name\":\"MioMio Run\",\"url\":\"https:\/\/www.miomiorun.com\/fr\/\",\"logo\":{\"@type\":\"ImageObject\",\"inLanguage\":\"fr-FR\",\"@id\":\"https:\/\/www.miomiorun.com\/fr\/#\/schema\/logo\/image\/\",\"url\":\"https:\/\/www.miomiorun.com\/app\/uploads\/2019\/12\/logomio.png\",\"contentUrl\":\"https:\/\/www.miomiorun.com\/app\/uploads\/2019\/12\/logomio.png\",\"width\":115,\"height\":82,\"caption\":\"MioMio Run\"},\"image\":{\"@id\":\"https:\/\/www.miomiorun.com\/fr\/#\/schema\/logo\/image\/\"},\"sameAs\":[\"https:\/\/www.facebook.com\/miomiorun\/\",\"https:\/\/www.instagram.com\/miomiorun\/\"]}]}<\/script>\n<!-- \/ Yoast SEO plugin. -->","yoast_head_json":{"title":"Saucony Triumph 23 homme - chaussures de course - MioMioRun.com","description":"La nouvelle Triumph 23 dans sa version pour homme est une chaussure de course con\u00e7ue pour offrir un excellent amorti pendant toutes les courses.","robots":{"index":"index","follow":"follow","max-snippet":"max-snippet:-1","max-image-preview":"max-image-preview:large","max-video-preview":"max-video-preview:-1"},"canonical":"https:\/\/www.miomiorun.com\/fr\/produit\/triumph-23-homme\/","og_locale":"fr_FR","og_type":"article","og_title":"Saucony Triumph 23 homme - chaussures de course - MioMioRun.com","og_description":"La nouvelle Triumph 23 dans sa version pour homme est une chaussure de course con\u00e7ue pour offrir un excellent amorti pendant toutes les courses.","og_url":"https:\/\/www.miomiorun.com\/fr\/produit\/triumph-23-homme\/","og_site_name":"MioMioRun","article_publisher":"https:\/\/www.facebook.com\/miomiorun\/","article_modified_time":"2026-03-01T19:03:16+00:00","og_image":[{"width":720,"height":720,"url":"https:\/\/www.miomiorun.com\/app\/uploads\/2026\/01\/saucony-Triumph-23-white-laurel-S21023-130.webp","type":"image\/webp"}],"twitter_card":"summary_large_image","twitter_misc":{"Est. reading time":"1 minute"},"schema":{"@context":"https:\/\/schema.org","@graph":[{"@type":"WebPage","@id":"https:\/\/www.miomiorun.com\/fr\/produit\/triumph-23-homme\/","url":"https:\/\/www.miomiorun.com\/fr\/produit\/triumph-23-homme\/","name":"Saucony Triumph 23 homme - chaussures de course - MioMioRun.com","isPartOf":{"@id":"https:\/\/www.miomiorun.com\/fr\/#website"},"primaryImageOfPage":{"@id":"https:\/\/www.miomiorun.com\/fr\/produit\/triumph-23-homme\/#primaryimage"},"image":{"@id":"https:\/\/www.miomiorun.com\/fr\/produit\/triumph-23-homme\/#primaryimage"},"thumbnailUrl":"https:\/\/www.miomiorun.com\/app\/uploads\/2026\/01\/saucony-Triumph-23-white-laurel-S21023-130.webp","datePublished":"2025-06-04T14:51:02+00:00","dateModified":"2026-03-01T19:03:16+00:00","description":"La nouvelle Triumph 23 dans sa version pour homme est une chaussure de course con\u00e7ue pour offrir un excellent amorti pendant toutes les courses.","breadcrumb":{"@id":"https:\/\/www.miomiorun.com\/fr\/produit\/triumph-23-homme\/#breadcrumb"},"inLanguage":"fr-FR","potentialAction":[{"@type":"ReadAction","target":["https:\/\/www.miomiorun.com\/fr\/produit\/triumph-23-homme\/"]}]},{"@type":"ImageObject","inLanguage":"fr-FR","@id":"https:\/\/www.miomiorun.com\/fr\/produit\/triumph-23-homme\/#primaryimage","url":"https:\/\/www.miomiorun.com\/app\/uploads\/2026\/01\/saucony-Triumph-23-white-laurel-S21023-130.webp","contentUrl":"https:\/\/www.miomiorun.com\/app\/uploads\/2026\/01\/saucony-Triumph-23-white-laurel-S21023-130.webp","width":720,"height":720,"caption":"saucony Triumph 23 white laurel S21023-130"},{"@type":"BreadcrumbList","@id":"https:\/\/www.miomiorun.com\/fr\/produit\/triumph-23-homme\/#breadcrumb","itemListElement":[{"@type":"ListItem","position":1,"name":"Home","item":"https:\/\/www.miomiorun.com\/fr\/home-page\/"},{"@type":"ListItem","position":2,"name":"Shop","item":"https:\/\/www.miomiorun.com\/shop\/"},{"@type":"ListItem","position":3,"name":"Triumph 23 homme"}]},{"@type":"WebSite","@id":"https:\/\/www.miomiorun.com\/fr\/#website","url":"https:\/\/www.miomiorun.com\/fr\/","name":"MioMioRun","description":"Boutique 100% running et trail","publisher":{"@id":"https:\/\/www.miomiorun.com\/fr\/#organization"},"potentialAction":[{"@type":"SearchAction","target":{"@type":"EntryPoint","urlTemplate":"https:\/\/www.miomiorun.com\/fr\/?s={search_term_string}"},"query-input":{"@type":"PropertyValueSpecification","valueRequired":true,"valueName":"search_term_string"}}],"inLanguage":"fr-FR"},{"@type":"Organization","@id":"https:\/\/www.miomiorun.com\/fr\/#organization","name":"MioMio Run","url":"https:\/\/www.miomiorun.com\/fr\/","logo":{"@type":"ImageObject","inLanguage":"fr-FR","@id":"https:\/\/www.miomiorun.com\/fr\/#\/schema\/logo\/image\/","url":"https:\/\/www.miomiorun.com\/app\/uploads\/2019\/12\/logomio.png","contentUrl":"https:\/\/www.miomiorun.com\/app\/uploads\/2019\/12\/logomio.png","width":115,"height":82,"caption":"MioMio Run"},"image":{"@id":"https:\/\/www.miomiorun.com\/fr\/#\/schema\/logo\/image\/"},"sameAs":["https:\/\/www.facebook.com\/miomiorun\/","https:\/\/www.instagram.com\/miomiorun\/"]}]}},"_links":{"self":[{"href":"https:\/\/www.miomiorun.com\/fr\/wp-json\/wp\/v2\/product\/315961","targetHints":{"allow":["GET"]}}],"collection":[{"href":"https:\/\/www.miomiorun.com\/fr\/wp-json\/wp\/v2\/product"}],"about":[{"href":"https:\/\/www.miomiorun.com\/fr\/wp-json\/wp\/v2\/types\/product"}],"wp:featuredmedia":[{"embeddable":true,"href":"https:\/\/www.miomiorun.com\/fr\/wp-json\/wp\/v2\/media\/385858"}],"wp:attachment":[{"href":"https:\/\/www.miomiorun.com\/fr\/wp-json\/wp\/v2\/media?parent=315961"}],"wp:term":[{"taxonomy":"product_brand","embeddable":true,"href":"https:\/\/www.miomiorun.com\/fr\/wp-json\/wp\/v2\/product_brand?post=315961"},{"taxonomy":"product_cat","embeddable":true,"href":"https:\/\/www.miomiorun.com\/fr\/wp-json\/wp\/v2\/product_cat?post=315961"},{"taxonomy":"product_tag","embeddable":true,"href":"https:\/\/www.miomiorun.com\/fr\/wp-json\/wp\/v2\/product_tag?post=315961"}],"curies":[{"name":"wp","href":"https:\/\/api.w.org\/{rel}","templated":true}]}}