{"id":315280,"date":"2025-06-04T12:46:26","date_gmt":"2025-06-04T10:46:26","guid":{"rendered":"https:\/\/miomiorun.com\/?post_type=product&#038;p=315280"},"modified":"2026-04-22T21:45:28","modified_gmt":"2026-04-22T19:45:28","slug":"xodus-ultra-4-homme","status":"publish","type":"product","link":"https:\/\/www.miomiorun.com\/fr\/produit\/xodus-ultra-4-homme\/","title":{"rendered":"Xodus Ultra 4 homme"},"content":{"rendered":"<div class=\"vc-row container\"><div class=\"vc-column\"><div class=\"vc-column-text\"><\/p>\n<p><strong>Caract\u00e9ristiques techniques<\/strong><\/p>\n<p>Cat\u00e9gorie : amorti sup\u00e9rieur<br \/>\nD\u00e9calage : 6 mm (36 mm\/30 mm)<br \/>\nPoids : 288 g<br \/>\nId\u00e9al pour : les coureurs et les marcheurs sur des terrains montagneux, m\u00eame difficiles, \u00e0 la recherche d&#8217;un mod\u00e8le protecteur et bien amorti, m\u00eame pour les longues distances.<br \/>\nPoids de l&#8217;athl\u00e8te : 70-90 kg<br \/>\nAllure de course : moyenne-lente (&gt;5,00 min\/km)<br \/>\n<a href=\"https:\/\/miomiorun.com\/guida-alle-specifiche-tecniche\/\">Guide des sp\u00e9cifications techniques<\/a><\/p>\n<p><\/div><\/div><div class=\"vc-column\"> <div class=\"vc-column-text\">Allez plus loin, plus vite et en toute confiance avec les Xodus Ultra 4, votre choix pour le trail running avec un amorti maximal. Con\u00e7ues pour les longues distances, ces chaussures puissantes \u00e0 amorti maximal offrent une adh\u00e9rence in\u00e9gal\u00e9e, une protection sup\u00e9rieure et un confort \u00e9lev\u00e9, pour vous permettre d&#8217;avancer kilom\u00e8tre apr\u00e8s kilom\u00e8tre.<\/p>\n<p><strong>Caract\u00e9ristiques et avantages :&nbsp;<\/strong><\/p>\n<p><em>Confort am\u00e9lior\u00e9 :<\/em> avec un amorti plus \u00e9lev\u00e9 que jamais, profitez du duo dynamique de la semelle souple PWRRUN PB directement sous le pied, encadr\u00e9e par PWRRUN pour une protection accrue.<\/p>\n<p><em>Adh\u00e9rence in\u00e9gal\u00e9e :<\/em> la semelle Vibram\u00ae MegaGrip sur toute la surface offre une traction sup\u00e9rieure sur les terrains accident\u00e9s.<\/p>\n<p><em>R\u00e9sistance adapt\u00e9e au trail :<\/em> con\u00e7ues pour r\u00e9sister \u00e0 des conditions difficiles, elles vous garantissent s\u00e9curit\u00e9 et soutien.<\/div><\/div><\/div>\n","protected":false},"excerpt":{"rendered":"<ul>\n<li>&nbsp;Chaussure de trail running id\u00e9ale pour les comp\u00e9titions, les entra\u00eenements quotidiens et la randonn\u00e9e.<\/li>\n<li>&nbsp;Super amortissante et confortable.<\/li>\n<\/ul>\n","protected":false},"featured_media":386289,"template":"","meta":{"_acf_changed":false,"inline_featured_image":false},"product_brand":[],"product_cat":[24448,24445],"product_tag":[23579,23546],"class_list":{"0":"post-315280","1":"product","2":"type-product","3":"status-publish","4":"has-post-thumbnail","6":"product_cat-chaussures-pour-hommes-fr","7":"product_cat-trail-fr-3","8":"product_tag-saucony-fr","9":"product_tag-saucony-homme","10":"pa_attivita-outdoor-fr","11":"pa_attivita-trail-fr","12":"pa_colore-xodus-ultra-4-amber-autumn-fr","13":"pa_colore-xodus-ultra-4-kodiak-wine-fr","14":"pa_colore-xodus-ultra-4-vizigold-laurel-fr","15":"pa_colore-xodus-ultra-4-white-tumeric-fr","16":"pa_marca-saucony-fr","17":"pa_sesso-homme","18":"pa_size-42-fr","19":"pa_size-42-5-fr","20":"pa_size-43-fr","21":"pa_size-44-fr","22":"pa_size-44-5-fr","23":"pa_size-45-fr","24":"pa_size-46-fr","25":"pa_size-46-5-fr","26":"pa_size-47-fr","28":"first","29":"instock","30":"sale","31":"taxable","32":"shipping-taxable","33":"purchasable","34":"product-type-variable","35":"wvs-archive-product-wrapper"},"acf":[],"yoast_head":"<!-- This site is optimized with the Yoast SEO plugin v26.8 - https:\/\/yoast.com\/product\/yoast-seo-wordpress\/ -->\n<title>Saucony Xodus Ultra 4 homme - chaussures de trail running - MioMioRun<\/title>\n<meta name=\"description\" content=\"La Saucony Xodus Ultra 4 pour homme a \u00e9t\u00e9 con\u00e7ue pour s&#039;adapter \u00e0 tous les entra\u00eenements de trail running. Polyvalente, elle permet d&#039;affronter toutes les situations.\" \/>\n<meta name=\"robots\" content=\"index, follow, max-snippet:-1, max-image-preview:large, max-video-preview:-1\" \/>\n<link rel=\"canonical\" href=\"https:\/\/www.miomiorun.com\/fr\/produit\/xodus-ultra-4-homme\/\" \/>\n<meta property=\"og:locale\" content=\"fr_FR\" \/>\n<meta property=\"og:type\" content=\"article\" \/>\n<meta property=\"og:title\" content=\"Saucony Xodus Ultra 4 homme - chaussures de trail running - MioMioRun\" \/>\n<meta property=\"og:description\" content=\"La Saucony Xodus Ultra 4 pour homme a \u00e9t\u00e9 con\u00e7ue pour s&#039;adapter \u00e0 tous les entra\u00eenements de trail running. Polyvalente, elle permet d&#039;affronter toutes les situations.\" \/>\n<meta property=\"og:url\" content=\"https:\/\/www.miomiorun.com\/fr\/produit\/xodus-ultra-4-homme\/\" \/>\n<meta property=\"og:site_name\" content=\"MioMioRun\" \/>\n<meta property=\"article:publisher\" content=\"https:\/\/www.facebook.com\/miomiorun\/\" \/>\n<meta property=\"article:modified_time\" content=\"2026-04-22T19:45:28+00:00\" \/>\n<meta property=\"og:image\" content=\"https:\/\/www.miomiorun.com\/app\/uploads\/2026\/01\/saucony-Xodus-Ultra-4-white-tumeric-S21032-150.webp\" \/>\n\t<meta property=\"og:image:width\" content=\"720\" \/>\n\t<meta property=\"og:image:height\" content=\"720\" \/>\n\t<meta property=\"og:image:type\" content=\"image\/webp\" \/>\n<meta name=\"twitter:card\" content=\"summary_large_image\" \/>\n<meta name=\"twitter:label1\" content=\"Est. reading time\" \/>\n\t<meta name=\"twitter:data1\" content=\"1 minute\" \/>\n<script type=\"application\/ld+json\" class=\"yoast-schema-graph\">{\"@context\":\"https:\/\/schema.org\",\"@graph\":[{\"@type\":\"WebPage\",\"@id\":\"https:\/\/www.miomiorun.com\/fr\/produit\/xodus-ultra-4-homme\/\",\"url\":\"https:\/\/www.miomiorun.com\/fr\/produit\/xodus-ultra-4-homme\/\",\"name\":\"Saucony Xodus Ultra 4 homme - chaussures de trail running - MioMioRun\",\"isPartOf\":{\"@id\":\"https:\/\/www.miomiorun.com\/fr\/#website\"},\"primaryImageOfPage\":{\"@id\":\"https:\/\/www.miomiorun.com\/fr\/produit\/xodus-ultra-4-homme\/#primaryimage\"},\"image\":{\"@id\":\"https:\/\/www.miomiorun.com\/fr\/produit\/xodus-ultra-4-homme\/#primaryimage\"},\"thumbnailUrl\":\"https:\/\/www.miomiorun.com\/app\/uploads\/2026\/01\/saucony-Xodus-Ultra-4-white-tumeric-S21032-150.webp\",\"datePublished\":\"2025-06-04T10:46:26+00:00\",\"dateModified\":\"2026-04-22T19:45:28+00:00\",\"description\":\"La Saucony Xodus Ultra 4 pour homme a \u00e9t\u00e9 con\u00e7ue pour s'adapter \u00e0 tous les entra\u00eenements de trail running. Polyvalente, elle permet d'affronter toutes les situations.\",\"breadcrumb\":{\"@id\":\"https:\/\/www.miomiorun.com\/fr\/produit\/xodus-ultra-4-homme\/#breadcrumb\"},\"inLanguage\":\"fr-FR\",\"potentialAction\":[{\"@type\":\"ReadAction\",\"target\":[\"https:\/\/www.miomiorun.com\/fr\/produit\/xodus-ultra-4-homme\/\"]}]},{\"@type\":\"ImageObject\",\"inLanguage\":\"fr-FR\",\"@id\":\"https:\/\/www.miomiorun.com\/fr\/produit\/xodus-ultra-4-homme\/#primaryimage\",\"url\":\"https:\/\/www.miomiorun.com\/app\/uploads\/2026\/01\/saucony-Xodus-Ultra-4-white-tumeric-S21032-150.webp\",\"contentUrl\":\"https:\/\/www.miomiorun.com\/app\/uploads\/2026\/01\/saucony-Xodus-Ultra-4-white-tumeric-S21032-150.webp\",\"width\":720,\"height\":720,\"caption\":\"saucony Xodus Ultra 4 white tumeric S21032-150\"},{\"@type\":\"BreadcrumbList\",\"@id\":\"https:\/\/www.miomiorun.com\/fr\/produit\/xodus-ultra-4-homme\/#breadcrumb\",\"itemListElement\":[{\"@type\":\"ListItem\",\"position\":1,\"name\":\"Home\",\"item\":\"https:\/\/www.miomiorun.com\/fr\/home-page\/\"},{\"@type\":\"ListItem\",\"position\":2,\"name\":\"Shop\",\"item\":\"https:\/\/www.miomiorun.com\/shop\/\"},{\"@type\":\"ListItem\",\"position\":3,\"name\":\"Xodus Ultra 4 homme\"}]},{\"@type\":\"WebSite\",\"@id\":\"https:\/\/www.miomiorun.com\/fr\/#website\",\"url\":\"https:\/\/www.miomiorun.com\/fr\/\",\"name\":\"MioMioRun\",\"description\":\"Boutique 100% running et trail\",\"publisher\":{\"@id\":\"https:\/\/www.miomiorun.com\/fr\/#organization\"},\"potentialAction\":[{\"@type\":\"SearchAction\",\"target\":{\"@type\":\"EntryPoint\",\"urlTemplate\":\"https:\/\/www.miomiorun.com\/fr\/?s={search_term_string}\"},\"query-input\":{\"@type\":\"PropertyValueSpecification\",\"valueRequired\":true,\"valueName\":\"search_term_string\"}}],\"inLanguage\":\"fr-FR\"},{\"@type\":\"Organization\",\"@id\":\"https:\/\/www.miomiorun.com\/fr\/#organization\",\"name\":\"MioMio Run\",\"url\":\"https:\/\/www.miomiorun.com\/fr\/\",\"logo\":{\"@type\":\"ImageObject\",\"inLanguage\":\"fr-FR\",\"@id\":\"https:\/\/www.miomiorun.com\/fr\/#\/schema\/logo\/image\/\",\"url\":\"https:\/\/www.miomiorun.com\/app\/uploads\/2019\/12\/logomio.png\",\"contentUrl\":\"https:\/\/www.miomiorun.com\/app\/uploads\/2019\/12\/logomio.png\",\"width\":115,\"height\":82,\"caption\":\"MioMio Run\"},\"image\":{\"@id\":\"https:\/\/www.miomiorun.com\/fr\/#\/schema\/logo\/image\/\"},\"sameAs\":[\"https:\/\/www.facebook.com\/miomiorun\/\",\"https:\/\/www.instagram.com\/miomiorun\/\"]}]}<\/script>\n<!-- \/ Yoast SEO plugin. -->","yoast_head_json":{"title":"Saucony Xodus Ultra 4 homme - chaussures de trail running - MioMioRun","description":"La Saucony Xodus Ultra 4 pour homme a \u00e9t\u00e9 con\u00e7ue pour s'adapter \u00e0 tous les entra\u00eenements de trail running. Polyvalente, elle permet d'affronter toutes les situations.","robots":{"index":"index","follow":"follow","max-snippet":"max-snippet:-1","max-image-preview":"max-image-preview:large","max-video-preview":"max-video-preview:-1"},"canonical":"https:\/\/www.miomiorun.com\/fr\/produit\/xodus-ultra-4-homme\/","og_locale":"fr_FR","og_type":"article","og_title":"Saucony Xodus Ultra 4 homme - chaussures de trail running - MioMioRun","og_description":"La Saucony Xodus Ultra 4 pour homme a \u00e9t\u00e9 con\u00e7ue pour s'adapter \u00e0 tous les entra\u00eenements de trail running. Polyvalente, elle permet d'affronter toutes les situations.","og_url":"https:\/\/www.miomiorun.com\/fr\/produit\/xodus-ultra-4-homme\/","og_site_name":"MioMioRun","article_publisher":"https:\/\/www.facebook.com\/miomiorun\/","article_modified_time":"2026-04-22T19:45:28+00:00","og_image":[{"width":720,"height":720,"url":"https:\/\/www.miomiorun.com\/app\/uploads\/2026\/01\/saucony-Xodus-Ultra-4-white-tumeric-S21032-150.webp","type":"image\/webp"}],"twitter_card":"summary_large_image","twitter_misc":{"Est. reading time":"1 minute"},"schema":{"@context":"https:\/\/schema.org","@graph":[{"@type":"WebPage","@id":"https:\/\/www.miomiorun.com\/fr\/produit\/xodus-ultra-4-homme\/","url":"https:\/\/www.miomiorun.com\/fr\/produit\/xodus-ultra-4-homme\/","name":"Saucony Xodus Ultra 4 homme - chaussures de trail running - MioMioRun","isPartOf":{"@id":"https:\/\/www.miomiorun.com\/fr\/#website"},"primaryImageOfPage":{"@id":"https:\/\/www.miomiorun.com\/fr\/produit\/xodus-ultra-4-homme\/#primaryimage"},"image":{"@id":"https:\/\/www.miomiorun.com\/fr\/produit\/xodus-ultra-4-homme\/#primaryimage"},"thumbnailUrl":"https:\/\/www.miomiorun.com\/app\/uploads\/2026\/01\/saucony-Xodus-Ultra-4-white-tumeric-S21032-150.webp","datePublished":"2025-06-04T10:46:26+00:00","dateModified":"2026-04-22T19:45:28+00:00","description":"La Saucony Xodus Ultra 4 pour homme a \u00e9t\u00e9 con\u00e7ue pour s'adapter \u00e0 tous les entra\u00eenements de trail running. Polyvalente, elle permet d'affronter toutes les situations.","breadcrumb":{"@id":"https:\/\/www.miomiorun.com\/fr\/produit\/xodus-ultra-4-homme\/#breadcrumb"},"inLanguage":"fr-FR","potentialAction":[{"@type":"ReadAction","target":["https:\/\/www.miomiorun.com\/fr\/produit\/xodus-ultra-4-homme\/"]}]},{"@type":"ImageObject","inLanguage":"fr-FR","@id":"https:\/\/www.miomiorun.com\/fr\/produit\/xodus-ultra-4-homme\/#primaryimage","url":"https:\/\/www.miomiorun.com\/app\/uploads\/2026\/01\/saucony-Xodus-Ultra-4-white-tumeric-S21032-150.webp","contentUrl":"https:\/\/www.miomiorun.com\/app\/uploads\/2026\/01\/saucony-Xodus-Ultra-4-white-tumeric-S21032-150.webp","width":720,"height":720,"caption":"saucony Xodus Ultra 4 white tumeric S21032-150"},{"@type":"BreadcrumbList","@id":"https:\/\/www.miomiorun.com\/fr\/produit\/xodus-ultra-4-homme\/#breadcrumb","itemListElement":[{"@type":"ListItem","position":1,"name":"Home","item":"https:\/\/www.miomiorun.com\/fr\/home-page\/"},{"@type":"ListItem","position":2,"name":"Shop","item":"https:\/\/www.miomiorun.com\/shop\/"},{"@type":"ListItem","position":3,"name":"Xodus Ultra 4 homme"}]},{"@type":"WebSite","@id":"https:\/\/www.miomiorun.com\/fr\/#website","url":"https:\/\/www.miomiorun.com\/fr\/","name":"MioMioRun","description":"Boutique 100% running et trail","publisher":{"@id":"https:\/\/www.miomiorun.com\/fr\/#organization"},"potentialAction":[{"@type":"SearchAction","target":{"@type":"EntryPoint","urlTemplate":"https:\/\/www.miomiorun.com\/fr\/?s={search_term_string}"},"query-input":{"@type":"PropertyValueSpecification","valueRequired":true,"valueName":"search_term_string"}}],"inLanguage":"fr-FR"},{"@type":"Organization","@id":"https:\/\/www.miomiorun.com\/fr\/#organization","name":"MioMio Run","url":"https:\/\/www.miomiorun.com\/fr\/","logo":{"@type":"ImageObject","inLanguage":"fr-FR","@id":"https:\/\/www.miomiorun.com\/fr\/#\/schema\/logo\/image\/","url":"https:\/\/www.miomiorun.com\/app\/uploads\/2019\/12\/logomio.png","contentUrl":"https:\/\/www.miomiorun.com\/app\/uploads\/2019\/12\/logomio.png","width":115,"height":82,"caption":"MioMio Run"},"image":{"@id":"https:\/\/www.miomiorun.com\/fr\/#\/schema\/logo\/image\/"},"sameAs":["https:\/\/www.facebook.com\/miomiorun\/","https:\/\/www.instagram.com\/miomiorun\/"]}]}},"_links":{"self":[{"href":"https:\/\/www.miomiorun.com\/fr\/wp-json\/wp\/v2\/product\/315280","targetHints":{"allow":["GET"]}}],"collection":[{"href":"https:\/\/www.miomiorun.com\/fr\/wp-json\/wp\/v2\/product"}],"about":[{"href":"https:\/\/www.miomiorun.com\/fr\/wp-json\/wp\/v2\/types\/product"}],"wp:featuredmedia":[{"embeddable":true,"href":"https:\/\/www.miomiorun.com\/fr\/wp-json\/wp\/v2\/media\/386289"}],"wp:attachment":[{"href":"https:\/\/www.miomiorun.com\/fr\/wp-json\/wp\/v2\/media?parent=315280"}],"wp:term":[{"taxonomy":"product_brand","embeddable":true,"href":"https:\/\/www.miomiorun.com\/fr\/wp-json\/wp\/v2\/product_brand?post=315280"},{"taxonomy":"product_cat","embeddable":true,"href":"https:\/\/www.miomiorun.com\/fr\/wp-json\/wp\/v2\/product_cat?post=315280"},{"taxonomy":"product_tag","embeddable":true,"href":"https:\/\/www.miomiorun.com\/fr\/wp-json\/wp\/v2\/product_tag?post=315280"}],"curies":[{"name":"wp","href":"https:\/\/api.w.org\/{rel}","templated":true}]}}