{"id":314878,"date":"2025-05-30T17:52:37","date_gmt":"2025-05-30T15:52:37","guid":{"rendered":"https:\/\/miomiorun.com\/?post_type=product&#038;p=314878"},"modified":"2025-12-05T12:25:26","modified_gmt":"2025-12-05T11:25:26","slug":"adizero-avanti-xc","status":"publish","type":"product","link":"https:\/\/www.miomiorun.com\/fr\/produit\/adizero-avanti-xc\/","title":{"rendered":"Adizero Avanti XC"},"content":{"rendered":"<p><div class=\"vc-row container\"><div class=\"vc-column\"><div class=\"vc-column-text\"><\/p>\n<h4>Caract\u00e9ristiques techniques<\/h4>\n<p>Cat\u00e9gorie : chaussure d&#8217;athl\u00e9tisme pour comp\u00e9titions de cross-country<br \/>\nD\u00e9calage : 2 mm (20 mm \/ 22 mm)<\/p>\n<p>Poids : 182 g<br \/>\nId\u00e9ale pour : les athl\u00e8tes rapides et les entra\u00eenements de comp\u00e9tition, gr\u00e2ce \u00e0 son amorti innovant et r\u00e9actif, elle vous rendra plus rapide et vous accompagnera jusqu&#8217;au podium.<br \/>\nPoids de l&#8217;athl\u00e8te : &lt; 70 kg<br \/>\nAllure de course : &lt; 4,00 min\/km<br \/>\n<a href=\"https:\/\/miomiorun.com\/guida-alle-specifiche-tecniche\/\">Guide des sp\u00e9cifications techniques<\/a><\/p>\n<p><\/div><\/div><div class=\"vc-column\"><div class=\"vc-column-text\"><\/p>\n<p data-start=\"200\" data-end=\"502\">Abordez chaque course de <strong data-start=\"222\" data-end=\"241\">cross-country<\/strong> avec l&#8217;assurance d&#8217;avoir aux pieds une chaussure con\u00e7ue pour <strong data-start=\"303\" data-end=\"336\">vous pousser au-del\u00e0 de vos limites<\/strong>. Les <strong data-start=\"341\" data-end=\"369\">adidas Adizero Avanti XC<\/strong> sont con\u00e7ues pour les coureurs qui recherchent le maximum en termes de l\u00e9g\u00e8ret\u00e9, d&#8217;adh\u00e9rence et d&#8217;amorti sur les terrains naturels et irr\u00e9guliers. <\/p>\n<p data-start=\"504\" data-end=\"966\">La <strong data-start=\"507\" data-end=\"537\">tige en mesh respirant<\/strong>, ultra-l\u00e9g\u00e8re mais stable, enveloppe le pied pour garantir confort et pr\u00e9cision \u00e0 chaque foul\u00e9e. La semelle interm\u00e9diaire avec <strong data-start=\"648\" data-end=\"683\">amorti Lightstrike Pro<\/strong> absorbe les chocs et restitue l&#8217;\u00e9nergie, vous permettant d&#8217;affronter m\u00eame les parcours les plus longs avec r\u00e9activit\u00e9 et l\u00e9g\u00e8ret\u00e9. La <strong data-start=\"815\" data-end=\"847\">semelle avec plaque \u00e0 crampons<\/strong> garantit une <strong data-start=\"862\" data-end=\"884\">adh\u00e9rence sup\u00e9rieure<\/strong> sur la boue, l&#8217;herbe, le gravier et les mont\u00e9es glissantes : aucune distraction, seulement la performance.<\/p>\n<h4 data-start=\"973\" data-end=\"1009\"><strong data-start=\"978\" data-end=\"1009\">Caract\u00e9ristiques principales :<\/strong><\/h4>\n<ul data-start=\"1010\" data-end=\"1312\">\n<li data-start=\"1010\" data-end=\"1057\">\n<p data-start=\"1012\" data-end=\"1057\"><strong data-start=\"1012\" data-end=\"1036\">Coupe r\u00e9guli\u00e8re<\/strong> avec fermeture \u00e0 lacets<\/p>\n<\/li>\n<li data-start=\"1058\" data-end=\"1115\">\n<p data-start=\"1060\" data-end=\"1115\"><strong data-start=\"1060\" data-end=\"1082\">Tige respirante<\/strong> en tissu et mati\u00e8re synth\u00e9tique<\/p>\n<\/li>\n<li data-start=\"1116\" data-end=\"1160\">\n<p data-start=\"1118\" data-end=\"1160\"><strong data-start=\"1118\" data-end=\"1139\">Doublure en tissu<\/strong> pour plus de confort et de maintien<\/p>\n<\/li>\n<li data-start=\"1161\" data-end=\"1234\">\n<p data-start=\"1163\" data-end=\"1234\"><strong data-start=\"1163\" data-end=\"1198\">Amorti Lightstrike Pro<\/strong> pour un retour d&#8217;\u00e9nergie et une grande l\u00e9g\u00e8ret\u00e9<\/p>\n<\/li>\n<li data-start=\"1235\" data-end=\"1312\">\n<p data-start=\"1237\" data-end=\"1312\"><strong data-start=\"1237\" data-end=\"1279\">Semelle synth\u00e9tique avec plaque \u00e0 crampons<\/strong> pour une traction optimale sur les terrains naturels<\/p>\n<\/li>\n<\/ul>\n<p><\/div><\/div><\/div><div class=\"vc-row container\"><div class=\"vc-column\"><div style=\"height:32px\" class=\"vc-empty-space\"><\/div><\/div><\/div><\/p>\n","protected":false},"excerpt":{"rendered":"<ul class=\"m-long-description__features\">\n<li class=\"m-long-description__feature\">Ultra-l\u00e9g\u00e8re et r\u00e9active<\/li>\n<li>Chaussure de cross-country<\/li>\n<\/ul>\n","protected":false},"featured_media":318375,"template":"","meta":{"_acf_changed":false,"inline_featured_image":false},"product_brand":[],"product_cat":[22605,24448,22606,24447],"product_tag":[23557,23563,23564],"class_list":{"0":"post-314878","1":"product","2":"type-product","3":"status-publish","4":"has-post-thumbnail","6":"product_cat-chaussures-pour-femmes","7":"product_cat-chaussures-pour-hommes-fr","8":"product_cat-neutre","9":"product_cat-neutre-fr-3","10":"product_tag-adidas-fr","11":"product_tag-adidas-femme","12":"product_tag-adidas-homme","13":"pa_attivita-running-fr","14":"pa_colore-adizero-avanti-xc-fr","15":"pa_marca-adidas-fr","16":"pa_sesso-homme","17":"pa_size-41-fr","18":"pa_size-44-fr","19":"pa_size-45-fr","21":"first","22":"instock","23":"sale","24":"taxable","25":"shipping-taxable","26":"purchasable","27":"product-type-variable","28":"wvs-archive-product-wrapper"},"acf":[],"yoast_head":"<!-- This site is optimized with the Yoast SEO plugin v26.8 - https:\/\/yoast.com\/product\/yoast-seo-wordpress\/ -->\n<title>Adidas Adizero Avanti XC - chaussures de course \u00e0 pointes - MioMioRun<\/title>\n<meta name=\"description\" content=\"Adizero Avanti XC : chaussures de cross-country l\u00e9g\u00e8res et r\u00e9actives avec amorti Lightstrike Pro et semelle \u00e0 crampons pour une adh\u00e9rence maximale sur tous les terrains.\" \/>\n<meta name=\"robots\" content=\"index, follow, max-snippet:-1, max-image-preview:large, max-video-preview:-1\" \/>\n<link rel=\"canonical\" href=\"https:\/\/www.miomiorun.com\/fr\/produit\/adizero-avanti-xc\/\" \/>\n<meta property=\"og:locale\" content=\"fr_FR\" \/>\n<meta property=\"og:type\" content=\"article\" \/>\n<meta property=\"og:title\" content=\"Adidas Adizero Avanti XC - chaussures de course \u00e0 pointes - MioMioRun\" \/>\n<meta property=\"og:description\" content=\"Adizero Avanti XC : chaussures de cross-country l\u00e9g\u00e8res et r\u00e9actives avec amorti Lightstrike Pro et semelle \u00e0 crampons pour une adh\u00e9rence maximale sur tous les terrains.\" \/>\n<meta property=\"og:url\" content=\"https:\/\/www.miomiorun.com\/fr\/produit\/adizero-avanti-xc\/\" \/>\n<meta property=\"og:site_name\" content=\"MioMioRun\" \/>\n<meta property=\"article:publisher\" content=\"https:\/\/www.facebook.com\/miomiorun\/\" \/>\n<meta property=\"article:modified_time\" content=\"2025-12-05T11:25:26+00:00\" \/>\n<meta property=\"og:image\" content=\"https:\/\/www.miomiorun.com\/app\/uploads\/2025\/06\/adidas-Adizero-Avanti-XC-JR5076.webp\" \/>\n\t<meta property=\"og:image:width\" content=\"600\" \/>\n\t<meta property=\"og:image:height\" content=\"600\" \/>\n\t<meta property=\"og:image:type\" content=\"image\/webp\" \/>\n<meta name=\"twitter:card\" content=\"summary_large_image\" \/>\n<meta name=\"twitter:label1\" content=\"Est. reading time\" \/>\n\t<meta name=\"twitter:data1\" content=\"2 minutes\" \/>\n<script type=\"application\/ld+json\" class=\"yoast-schema-graph\">{\"@context\":\"https:\/\/schema.org\",\"@graph\":[{\"@type\":\"WebPage\",\"@id\":\"https:\/\/www.miomiorun.com\/fr\/produit\/adizero-avanti-xc\/\",\"url\":\"https:\/\/www.miomiorun.com\/fr\/produit\/adizero-avanti-xc\/\",\"name\":\"Adidas Adizero Avanti XC - chaussures de course \u00e0 pointes - MioMioRun\",\"isPartOf\":{\"@id\":\"https:\/\/www.miomiorun.com\/fr\/#website\"},\"primaryImageOfPage\":{\"@id\":\"https:\/\/www.miomiorun.com\/fr\/produit\/adizero-avanti-xc\/#primaryimage\"},\"image\":{\"@id\":\"https:\/\/www.miomiorun.com\/fr\/produit\/adizero-avanti-xc\/#primaryimage\"},\"thumbnailUrl\":\"https:\/\/www.miomiorun.com\/app\/uploads\/2025\/06\/adidas-Adizero-Avanti-XC-JR5076.webp\",\"datePublished\":\"2025-05-30T15:52:37+00:00\",\"dateModified\":\"2025-12-05T11:25:26+00:00\",\"description\":\"Adizero Avanti XC : chaussures de cross-country l\u00e9g\u00e8res et r\u00e9actives avec amorti Lightstrike Pro et semelle \u00e0 crampons pour une adh\u00e9rence maximale sur tous les terrains.\",\"breadcrumb\":{\"@id\":\"https:\/\/www.miomiorun.com\/fr\/produit\/adizero-avanti-xc\/#breadcrumb\"},\"inLanguage\":\"fr-FR\",\"potentialAction\":[{\"@type\":\"ReadAction\",\"target\":[\"https:\/\/www.miomiorun.com\/fr\/produit\/adizero-avanti-xc\/\"]}]},{\"@type\":\"ImageObject\",\"inLanguage\":\"fr-FR\",\"@id\":\"https:\/\/www.miomiorun.com\/fr\/produit\/adizero-avanti-xc\/#primaryimage\",\"url\":\"https:\/\/www.miomiorun.com\/app\/uploads\/2025\/06\/adidas-Adizero-Avanti-XC-JR5076.webp\",\"contentUrl\":\"https:\/\/www.miomiorun.com\/app\/uploads\/2025\/06\/adidas-Adizero-Avanti-XC-JR5076.webp\",\"width\":600,\"height\":600,\"caption\":\"adidas Adizero Avanti XC JR5076\"},{\"@type\":\"BreadcrumbList\",\"@id\":\"https:\/\/www.miomiorun.com\/fr\/produit\/adizero-avanti-xc\/#breadcrumb\",\"itemListElement\":[{\"@type\":\"ListItem\",\"position\":1,\"name\":\"Home\",\"item\":\"https:\/\/www.miomiorun.com\/fr\/home-page\/\"},{\"@type\":\"ListItem\",\"position\":2,\"name\":\"Shop\",\"item\":\"https:\/\/www.miomiorun.com\/shop\/\"},{\"@type\":\"ListItem\",\"position\":3,\"name\":\"Adizero Avanti XC\"}]},{\"@type\":\"WebSite\",\"@id\":\"https:\/\/www.miomiorun.com\/fr\/#website\",\"url\":\"https:\/\/www.miomiorun.com\/fr\/\",\"name\":\"MioMioRun\",\"description\":\"Boutique 100% running et trail\",\"publisher\":{\"@id\":\"https:\/\/www.miomiorun.com\/fr\/#organization\"},\"potentialAction\":[{\"@type\":\"SearchAction\",\"target\":{\"@type\":\"EntryPoint\",\"urlTemplate\":\"https:\/\/www.miomiorun.com\/fr\/?s={search_term_string}\"},\"query-input\":{\"@type\":\"PropertyValueSpecification\",\"valueRequired\":true,\"valueName\":\"search_term_string\"}}],\"inLanguage\":\"fr-FR\"},{\"@type\":\"Organization\",\"@id\":\"https:\/\/www.miomiorun.com\/fr\/#organization\",\"name\":\"MioMio Run\",\"url\":\"https:\/\/www.miomiorun.com\/fr\/\",\"logo\":{\"@type\":\"ImageObject\",\"inLanguage\":\"fr-FR\",\"@id\":\"https:\/\/www.miomiorun.com\/fr\/#\/schema\/logo\/image\/\",\"url\":\"https:\/\/www.miomiorun.com\/app\/uploads\/2019\/12\/logomio.png\",\"contentUrl\":\"https:\/\/www.miomiorun.com\/app\/uploads\/2019\/12\/logomio.png\",\"width\":115,\"height\":82,\"caption\":\"MioMio Run\"},\"image\":{\"@id\":\"https:\/\/www.miomiorun.com\/fr\/#\/schema\/logo\/image\/\"},\"sameAs\":[\"https:\/\/www.facebook.com\/miomiorun\/\",\"https:\/\/www.instagram.com\/miomiorun\/\"]}]}<\/script>\n<!-- \/ Yoast SEO plugin. -->","yoast_head_json":{"title":"Adidas Adizero Avanti XC - chaussures de course \u00e0 pointes - MioMioRun","description":"Adizero Avanti XC : chaussures de cross-country l\u00e9g\u00e8res et r\u00e9actives avec amorti Lightstrike Pro et semelle \u00e0 crampons pour une adh\u00e9rence maximale sur tous les terrains.","robots":{"index":"index","follow":"follow","max-snippet":"max-snippet:-1","max-image-preview":"max-image-preview:large","max-video-preview":"max-video-preview:-1"},"canonical":"https:\/\/www.miomiorun.com\/fr\/produit\/adizero-avanti-xc\/","og_locale":"fr_FR","og_type":"article","og_title":"Adidas Adizero Avanti XC - chaussures de course \u00e0 pointes - MioMioRun","og_description":"Adizero Avanti XC : chaussures de cross-country l\u00e9g\u00e8res et r\u00e9actives avec amorti Lightstrike Pro et semelle \u00e0 crampons pour une adh\u00e9rence maximale sur tous les terrains.","og_url":"https:\/\/www.miomiorun.com\/fr\/produit\/adizero-avanti-xc\/","og_site_name":"MioMioRun","article_publisher":"https:\/\/www.facebook.com\/miomiorun\/","article_modified_time":"2025-12-05T11:25:26+00:00","og_image":[{"width":600,"height":600,"url":"https:\/\/www.miomiorun.com\/app\/uploads\/2025\/06\/adidas-Adizero-Avanti-XC-JR5076.webp","type":"image\/webp"}],"twitter_card":"summary_large_image","twitter_misc":{"Est. reading time":"2 minutes"},"schema":{"@context":"https:\/\/schema.org","@graph":[{"@type":"WebPage","@id":"https:\/\/www.miomiorun.com\/fr\/produit\/adizero-avanti-xc\/","url":"https:\/\/www.miomiorun.com\/fr\/produit\/adizero-avanti-xc\/","name":"Adidas Adizero Avanti XC - chaussures de course \u00e0 pointes - MioMioRun","isPartOf":{"@id":"https:\/\/www.miomiorun.com\/fr\/#website"},"primaryImageOfPage":{"@id":"https:\/\/www.miomiorun.com\/fr\/produit\/adizero-avanti-xc\/#primaryimage"},"image":{"@id":"https:\/\/www.miomiorun.com\/fr\/produit\/adizero-avanti-xc\/#primaryimage"},"thumbnailUrl":"https:\/\/www.miomiorun.com\/app\/uploads\/2025\/06\/adidas-Adizero-Avanti-XC-JR5076.webp","datePublished":"2025-05-30T15:52:37+00:00","dateModified":"2025-12-05T11:25:26+00:00","description":"Adizero Avanti XC : chaussures de cross-country l\u00e9g\u00e8res et r\u00e9actives avec amorti Lightstrike Pro et semelle \u00e0 crampons pour une adh\u00e9rence maximale sur tous les terrains.","breadcrumb":{"@id":"https:\/\/www.miomiorun.com\/fr\/produit\/adizero-avanti-xc\/#breadcrumb"},"inLanguage":"fr-FR","potentialAction":[{"@type":"ReadAction","target":["https:\/\/www.miomiorun.com\/fr\/produit\/adizero-avanti-xc\/"]}]},{"@type":"ImageObject","inLanguage":"fr-FR","@id":"https:\/\/www.miomiorun.com\/fr\/produit\/adizero-avanti-xc\/#primaryimage","url":"https:\/\/www.miomiorun.com\/app\/uploads\/2025\/06\/adidas-Adizero-Avanti-XC-JR5076.webp","contentUrl":"https:\/\/www.miomiorun.com\/app\/uploads\/2025\/06\/adidas-Adizero-Avanti-XC-JR5076.webp","width":600,"height":600,"caption":"adidas Adizero Avanti XC JR5076"},{"@type":"BreadcrumbList","@id":"https:\/\/www.miomiorun.com\/fr\/produit\/adizero-avanti-xc\/#breadcrumb","itemListElement":[{"@type":"ListItem","position":1,"name":"Home","item":"https:\/\/www.miomiorun.com\/fr\/home-page\/"},{"@type":"ListItem","position":2,"name":"Shop","item":"https:\/\/www.miomiorun.com\/shop\/"},{"@type":"ListItem","position":3,"name":"Adizero Avanti XC"}]},{"@type":"WebSite","@id":"https:\/\/www.miomiorun.com\/fr\/#website","url":"https:\/\/www.miomiorun.com\/fr\/","name":"MioMioRun","description":"Boutique 100% running et trail","publisher":{"@id":"https:\/\/www.miomiorun.com\/fr\/#organization"},"potentialAction":[{"@type":"SearchAction","target":{"@type":"EntryPoint","urlTemplate":"https:\/\/www.miomiorun.com\/fr\/?s={search_term_string}"},"query-input":{"@type":"PropertyValueSpecification","valueRequired":true,"valueName":"search_term_string"}}],"inLanguage":"fr-FR"},{"@type":"Organization","@id":"https:\/\/www.miomiorun.com\/fr\/#organization","name":"MioMio Run","url":"https:\/\/www.miomiorun.com\/fr\/","logo":{"@type":"ImageObject","inLanguage":"fr-FR","@id":"https:\/\/www.miomiorun.com\/fr\/#\/schema\/logo\/image\/","url":"https:\/\/www.miomiorun.com\/app\/uploads\/2019\/12\/logomio.png","contentUrl":"https:\/\/www.miomiorun.com\/app\/uploads\/2019\/12\/logomio.png","width":115,"height":82,"caption":"MioMio Run"},"image":{"@id":"https:\/\/www.miomiorun.com\/fr\/#\/schema\/logo\/image\/"},"sameAs":["https:\/\/www.facebook.com\/miomiorun\/","https:\/\/www.instagram.com\/miomiorun\/"]}]}},"_links":{"self":[{"href":"https:\/\/www.miomiorun.com\/fr\/wp-json\/wp\/v2\/product\/314878","targetHints":{"allow":["GET"]}}],"collection":[{"href":"https:\/\/www.miomiorun.com\/fr\/wp-json\/wp\/v2\/product"}],"about":[{"href":"https:\/\/www.miomiorun.com\/fr\/wp-json\/wp\/v2\/types\/product"}],"wp:featuredmedia":[{"embeddable":true,"href":"https:\/\/www.miomiorun.com\/fr\/wp-json\/wp\/v2\/media\/318375"}],"wp:attachment":[{"href":"https:\/\/www.miomiorun.com\/fr\/wp-json\/wp\/v2\/media?parent=314878"}],"wp:term":[{"taxonomy":"product_brand","embeddable":true,"href":"https:\/\/www.miomiorun.com\/fr\/wp-json\/wp\/v2\/product_brand?post=314878"},{"taxonomy":"product_cat","embeddable":true,"href":"https:\/\/www.miomiorun.com\/fr\/wp-json\/wp\/v2\/product_cat?post=314878"},{"taxonomy":"product_tag","embeddable":true,"href":"https:\/\/www.miomiorun.com\/fr\/wp-json\/wp\/v2\/product_tag?post=314878"}],"curies":[{"name":"wp","href":"https:\/\/api.w.org\/{rel}","templated":true}]}}