{"id":310255,"date":"2025-05-06T11:28:21","date_gmt":"2025-05-06T09:28:21","guid":{"rendered":"https:\/\/miomiorun.com\/?post_type=product&#038;p=310255"},"modified":"2025-12-03T10:36:31","modified_gmt":"2025-12-03T09:36:31","slug":"gradient-fuchsia-manches-longues-femme","status":"publish","type":"product","link":"https:\/\/www.miomiorun.com\/fr\/produit\/gradient-fuchsia-manches-longues-femme\/","title":{"rendered":"Gradient Fuchsia Manches longues Femme"},"content":{"rendered":"<p class=\"\" data-start=\"246\" data-end=\"613\">Passez \u00e0 la vitesse sup\u00e9rieure avec le t-shirt \u00e0 manches longues <strong data-start=\"322\" data-end=\"350\">Wild Tee Gradient pour femme<\/strong>, qui allie \u00e0 la perfection <strong data-start=\"381\" data-end=\"420\">fonctionnalit\u00e9 technique et style audacieux<\/strong>. Cette version pr\u00e9sente un tout nouveau look avec <strong data-start=\"471\" data-end=\"498\">une coloration d\u00e9grad\u00e9e<\/strong>, anim\u00e9e par <strong data-start=\"511\" data-end=\"537\">des touches de fuchsia fluo<\/strong> qui cr\u00e9ent un effet visuel unique, surprenant et tr\u00e8s reconnaissable.<\/p>\n<p class=\"\" data-start=\"615\" data-end=\"1011\">Fabriqu\u00e9 dans un <strong data-start=\"629\" data-end=\"646\">tissu Gotex<\/strong> de tr\u00e8s haute qualit\u00e9, doux comme de la soie, ce t-shirt offre une sensation de confort extr\u00eame sur la peau, m\u00eame pendant les entra\u00eenements les plus intenses. Sa conception technique la rend <strong data-start=\"825\" data-end=\"850\">ultra-l\u00e9g\u00e8re (115 g)<\/strong>, tr\u00e8s <strong data-start=\"862\" data-end=\"877\">respirante<\/strong> et adapt\u00e9e \u00e0 un large \u00e9ventail d&#8217;activit\u00e9s : des <strong data-start=\"924\" data-end=\"965\">s\u00e9ries sur piste aux trails en for\u00eat<\/strong>, sans compromis sur les performances et le confort.<\/p>\n<p class=\"\" data-start=\"1013\" data-end=\"1170\">Elle se marie parfaitement avec la <strong data-start=\"1045\" data-end=\"1076\">casquette technique assortie<\/strong> dans la m\u00eame couleur Gradiente : un must-have pour ceux qui aiment se d\u00e9marquer jusque dans les d\u00e9tails.<\/p>\n<h3 class=\"\" data-start=\"1177\" data-end=\"1212\"><strong data-start=\"1181\" data-end=\"1212\">Caract\u00e9ristiques principales :<\/strong><\/h3>\n<ul data-start=\"1213\" data-end=\"1497\">\n<li class=\"\" data-start=\"1213\" data-end=\"1257\">\n<p class=\"\" data-start=\"1215\" data-end=\"1257\">Maillot technique \u00e0 manches longues pour femme<\/p>\n<\/li>\n<li class=\"\" data-start=\"1258\" data-end=\"1316\">\n<p class=\"\" data-start=\"1260\" data-end=\"1316\">Nouvelle couleur \u00ab Gradiente \u00bb avec d\u00e9tails fuchsia fluo<\/p>\n<\/li>\n<li class=\"\" data-start=\"1317\" data-end=\"1378\">\n<p class=\"\" data-start=\"1319\" data-end=\"1378\">Tissu Gotex : extr\u00eame douceur, haute respirabilit\u00e9<\/p>\n<\/li>\n<li class=\"\" data-start=\"1379\" data-end=\"1437\">\n<p class=\"\" data-start=\"1381\" data-end=\"1437\">Polyvalent : id\u00e9al pour la course sur route, piste ou trail<\/p>\n<\/li>\n<li class=\"\" data-start=\"1438\" data-end=\"1458\">\n<p class=\"\" data-start=\"1440\" data-end=\"1458\">Poids : seulement 115 g<\/p>\n<\/li>\n<li class=\"\" data-start=\"1459\" data-end=\"1497\">\n<p class=\"\" data-start=\"1461\" data-end=\"1497\">Design italien, performances mondiales<\/p>\n<\/li>\n<\/ul>\n<p>&nbsp;<\/p><\/p>\n","protected":false},"excerpt":{"rendered":"<ul>\n<li class=\"\" data-start=\"1213\" data-end=\"1257\">\n<p class=\"\" data-start=\"1215\" data-end=\"1257\">Maillot technique \u00e0 manches longues pour femme<\/p>\n<\/li>\n<li class=\"\" data-start=\"1258\" data-end=\"1316\">\n<p class=\"\" data-start=\"1260\" data-end=\"1316\">Nouvelle couleur \u00ab Gradiente \u00bb avec d\u00e9tails fuchsia fluo<\/p>\n<\/li>\n<li class=\"\" data-start=\"1317\" data-end=\"1378\">\n<p class=\"\" data-start=\"1319\" data-end=\"1378\">Tissu Gotex : extr\u00eame douceur, haute respirabilit\u00e9<\/p>\n<\/li>\n<\/ul>\n","protected":false},"featured_media":311287,"template":"","meta":{"_acf_changed":false,"inline_featured_image":false},"product_brand":[],"product_cat":[22601,22596],"product_tag":[23528,23568],"class_list":{"0":"post-310255","1":"product","2":"type-product","3":"status-publish","4":"has-post-thumbnail","6":"product_cat-maillots","7":"product_cat-vetements-pour-femmes","8":"product_tag-wild-tee-fr","9":"product_tag-wild-tee-femme","10":"pa_attivita-fitness-fr","11":"pa_attivita-marcher","12":"pa_attivita-running-fr","13":"pa_attivita-trail-fr","14":"pa_marca-wild-tee-fr","15":"pa_sesso-femme","16":"pa_size-extra-small-fr","17":"pa_size-small-fr","18":"pa_size-medium-fr","20":"first","21":"instock","22":"sale","23":"taxable","24":"shipping-taxable","25":"purchasable","26":"product-type-variable","27":"wvs-archive-product-wrapper"},"acf":[],"yoast_head":"<!-- This site is optimized with the Yoast SEO plugin v26.8 - https:\/\/yoast.com\/product\/yoast-seo-wordpress\/ -->\n<title>Wild Tee Gradient Fuchsia Manches longues Femme - Maillot de course \u00e0 pied - MioMioRun<\/title>\n<meta name=\"description\" content=\"Maillot technique \u00e0 manches longues Wild Tee Gradiente : l\u00e9ger, respirant et au design exclusif avec des nuances fuchsia fluo. Id\u00e9al pour le trail et la course \u00e0 pied.\" \/>\n<meta name=\"robots\" content=\"index, follow, max-snippet:-1, max-image-preview:large, max-video-preview:-1\" \/>\n<link rel=\"canonical\" href=\"https:\/\/www.miomiorun.com\/fr\/produit\/gradient-fuchsia-manches-longues-femme\/\" \/>\n<meta property=\"og:locale\" content=\"fr_FR\" \/>\n<meta property=\"og:type\" content=\"article\" \/>\n<meta property=\"og:title\" content=\"Wild Tee Gradient Fuchsia Manches longues Femme - Maillot de course \u00e0 pied - MioMioRun\" \/>\n<meta property=\"og:description\" content=\"Maillot technique \u00e0 manches longues Wild Tee Gradiente : l\u00e9ger, respirant et au design exclusif avec des nuances fuchsia fluo. Id\u00e9al pour le trail et la course \u00e0 pied.\" \/>\n<meta property=\"og:url\" content=\"https:\/\/www.miomiorun.com\/fr\/produit\/gradient-fuchsia-manches-longues-femme\/\" \/>\n<meta property=\"og:site_name\" content=\"MioMioRun\" \/>\n<meta property=\"article:publisher\" content=\"https:\/\/www.facebook.com\/miomiorun\/\" \/>\n<meta property=\"article:modified_time\" content=\"2025-12-03T09:36:31+00:00\" \/>\n<meta property=\"og:image\" content=\"https:\/\/www.miomiorun.com\/app\/uploads\/2025\/05\/wild-tee-Longsleeve-W-gradient-fuchsia-WT007WT169.webp\" \/>\n\t<meta property=\"og:image:width\" content=\"600\" \/>\n\t<meta property=\"og:image:height\" content=\"600\" \/>\n\t<meta property=\"og:image:type\" content=\"image\/webp\" \/>\n<meta name=\"twitter:card\" content=\"summary_large_image\" \/>\n<meta name=\"twitter:label1\" content=\"Est. reading time\" \/>\n\t<meta name=\"twitter:data1\" content=\"1 minute\" \/>\n<script type=\"application\/ld+json\" class=\"yoast-schema-graph\">{\"@context\":\"https:\/\/schema.org\",\"@graph\":[{\"@type\":\"WebPage\",\"@id\":\"https:\/\/www.miomiorun.com\/fr\/produit\/gradient-fuchsia-manches-longues-femme\/\",\"url\":\"https:\/\/www.miomiorun.com\/fr\/produit\/gradient-fuchsia-manches-longues-femme\/\",\"name\":\"Wild Tee Gradient Fuchsia Manches longues Femme - Maillot de course \u00e0 pied - MioMioRun\",\"isPartOf\":{\"@id\":\"https:\/\/www.miomiorun.com\/fr\/#website\"},\"primaryImageOfPage\":{\"@id\":\"https:\/\/www.miomiorun.com\/fr\/produit\/gradient-fuchsia-manches-longues-femme\/#primaryimage\"},\"image\":{\"@id\":\"https:\/\/www.miomiorun.com\/fr\/produit\/gradient-fuchsia-manches-longues-femme\/#primaryimage\"},\"thumbnailUrl\":\"https:\/\/www.miomiorun.com\/app\/uploads\/2025\/05\/wild-tee-Longsleeve-W-gradient-fuchsia-WT007WT169.webp\",\"datePublished\":\"2025-05-06T09:28:21+00:00\",\"dateModified\":\"2025-12-03T09:36:31+00:00\",\"description\":\"Maillot technique \u00e0 manches longues Wild Tee Gradiente : l\u00e9ger, respirant et au design exclusif avec des nuances fuchsia fluo. Id\u00e9al pour le trail et la course \u00e0 pied.\",\"breadcrumb\":{\"@id\":\"https:\/\/www.miomiorun.com\/fr\/produit\/gradient-fuchsia-manches-longues-femme\/#breadcrumb\"},\"inLanguage\":\"fr-FR\",\"potentialAction\":[{\"@type\":\"ReadAction\",\"target\":[\"https:\/\/www.miomiorun.com\/fr\/produit\/gradient-fuchsia-manches-longues-femme\/\"]}]},{\"@type\":\"ImageObject\",\"inLanguage\":\"fr-FR\",\"@id\":\"https:\/\/www.miomiorun.com\/fr\/produit\/gradient-fuchsia-manches-longues-femme\/#primaryimage\",\"url\":\"https:\/\/www.miomiorun.com\/app\/uploads\/2025\/05\/wild-tee-Longsleeve-W-gradient-fuchsia-WT007WT169.webp\",\"contentUrl\":\"https:\/\/www.miomiorun.com\/app\/uploads\/2025\/05\/wild-tee-Longsleeve-W-gradient-fuchsia-WT007WT169.webp\",\"width\":600,\"height\":600,\"caption\":\"wild tee Longsleeve W gradient fuchsia WT007WT169\"},{\"@type\":\"BreadcrumbList\",\"@id\":\"https:\/\/www.miomiorun.com\/fr\/produit\/gradient-fuchsia-manches-longues-femme\/#breadcrumb\",\"itemListElement\":[{\"@type\":\"ListItem\",\"position\":1,\"name\":\"Home\",\"item\":\"https:\/\/www.miomiorun.com\/fr\/home-page\/\"},{\"@type\":\"ListItem\",\"position\":2,\"name\":\"Shop\",\"item\":\"https:\/\/www.miomiorun.com\/shop\/\"},{\"@type\":\"ListItem\",\"position\":3,\"name\":\"Gradient Fuchsia Manches longues Femme\"}]},{\"@type\":\"WebSite\",\"@id\":\"https:\/\/www.miomiorun.com\/fr\/#website\",\"url\":\"https:\/\/www.miomiorun.com\/fr\/\",\"name\":\"MioMioRun\",\"description\":\"Boutique 100% running et trail\",\"publisher\":{\"@id\":\"https:\/\/www.miomiorun.com\/fr\/#organization\"},\"potentialAction\":[{\"@type\":\"SearchAction\",\"target\":{\"@type\":\"EntryPoint\",\"urlTemplate\":\"https:\/\/www.miomiorun.com\/fr\/?s={search_term_string}\"},\"query-input\":{\"@type\":\"PropertyValueSpecification\",\"valueRequired\":true,\"valueName\":\"search_term_string\"}}],\"inLanguage\":\"fr-FR\"},{\"@type\":\"Organization\",\"@id\":\"https:\/\/www.miomiorun.com\/fr\/#organization\",\"name\":\"MioMio Run\",\"url\":\"https:\/\/www.miomiorun.com\/fr\/\",\"logo\":{\"@type\":\"ImageObject\",\"inLanguage\":\"fr-FR\",\"@id\":\"https:\/\/www.miomiorun.com\/fr\/#\/schema\/logo\/image\/\",\"url\":\"https:\/\/www.miomiorun.com\/app\/uploads\/2019\/12\/logomio.png\",\"contentUrl\":\"https:\/\/www.miomiorun.com\/app\/uploads\/2019\/12\/logomio.png\",\"width\":115,\"height\":82,\"caption\":\"MioMio Run\"},\"image\":{\"@id\":\"https:\/\/www.miomiorun.com\/fr\/#\/schema\/logo\/image\/\"},\"sameAs\":[\"https:\/\/www.facebook.com\/miomiorun\/\",\"https:\/\/www.instagram.com\/miomiorun\/\"]}]}<\/script>\n<!-- \/ Yoast SEO plugin. -->","yoast_head_json":{"title":"Wild Tee Gradient Fuchsia Manches longues Femme - Maillot de course \u00e0 pied - MioMioRun","description":"Maillot technique \u00e0 manches longues Wild Tee Gradiente : l\u00e9ger, respirant et au design exclusif avec des nuances fuchsia fluo. Id\u00e9al pour le trail et la course \u00e0 pied.","robots":{"index":"index","follow":"follow","max-snippet":"max-snippet:-1","max-image-preview":"max-image-preview:large","max-video-preview":"max-video-preview:-1"},"canonical":"https:\/\/www.miomiorun.com\/fr\/produit\/gradient-fuchsia-manches-longues-femme\/","og_locale":"fr_FR","og_type":"article","og_title":"Wild Tee Gradient Fuchsia Manches longues Femme - Maillot de course \u00e0 pied - MioMioRun","og_description":"Maillot technique \u00e0 manches longues Wild Tee Gradiente : l\u00e9ger, respirant et au design exclusif avec des nuances fuchsia fluo. Id\u00e9al pour le trail et la course \u00e0 pied.","og_url":"https:\/\/www.miomiorun.com\/fr\/produit\/gradient-fuchsia-manches-longues-femme\/","og_site_name":"MioMioRun","article_publisher":"https:\/\/www.facebook.com\/miomiorun\/","article_modified_time":"2025-12-03T09:36:31+00:00","og_image":[{"width":600,"height":600,"url":"https:\/\/www.miomiorun.com\/app\/uploads\/2025\/05\/wild-tee-Longsleeve-W-gradient-fuchsia-WT007WT169.webp","type":"image\/webp"}],"twitter_card":"summary_large_image","twitter_misc":{"Est. reading time":"1 minute"},"schema":{"@context":"https:\/\/schema.org","@graph":[{"@type":"WebPage","@id":"https:\/\/www.miomiorun.com\/fr\/produit\/gradient-fuchsia-manches-longues-femme\/","url":"https:\/\/www.miomiorun.com\/fr\/produit\/gradient-fuchsia-manches-longues-femme\/","name":"Wild Tee Gradient Fuchsia Manches longues Femme - Maillot de course \u00e0 pied - MioMioRun","isPartOf":{"@id":"https:\/\/www.miomiorun.com\/fr\/#website"},"primaryImageOfPage":{"@id":"https:\/\/www.miomiorun.com\/fr\/produit\/gradient-fuchsia-manches-longues-femme\/#primaryimage"},"image":{"@id":"https:\/\/www.miomiorun.com\/fr\/produit\/gradient-fuchsia-manches-longues-femme\/#primaryimage"},"thumbnailUrl":"https:\/\/www.miomiorun.com\/app\/uploads\/2025\/05\/wild-tee-Longsleeve-W-gradient-fuchsia-WT007WT169.webp","datePublished":"2025-05-06T09:28:21+00:00","dateModified":"2025-12-03T09:36:31+00:00","description":"Maillot technique \u00e0 manches longues Wild Tee Gradiente : l\u00e9ger, respirant et au design exclusif avec des nuances fuchsia fluo. Id\u00e9al pour le trail et la course \u00e0 pied.","breadcrumb":{"@id":"https:\/\/www.miomiorun.com\/fr\/produit\/gradient-fuchsia-manches-longues-femme\/#breadcrumb"},"inLanguage":"fr-FR","potentialAction":[{"@type":"ReadAction","target":["https:\/\/www.miomiorun.com\/fr\/produit\/gradient-fuchsia-manches-longues-femme\/"]}]},{"@type":"ImageObject","inLanguage":"fr-FR","@id":"https:\/\/www.miomiorun.com\/fr\/produit\/gradient-fuchsia-manches-longues-femme\/#primaryimage","url":"https:\/\/www.miomiorun.com\/app\/uploads\/2025\/05\/wild-tee-Longsleeve-W-gradient-fuchsia-WT007WT169.webp","contentUrl":"https:\/\/www.miomiorun.com\/app\/uploads\/2025\/05\/wild-tee-Longsleeve-W-gradient-fuchsia-WT007WT169.webp","width":600,"height":600,"caption":"wild tee Longsleeve W gradient fuchsia WT007WT169"},{"@type":"BreadcrumbList","@id":"https:\/\/www.miomiorun.com\/fr\/produit\/gradient-fuchsia-manches-longues-femme\/#breadcrumb","itemListElement":[{"@type":"ListItem","position":1,"name":"Home","item":"https:\/\/www.miomiorun.com\/fr\/home-page\/"},{"@type":"ListItem","position":2,"name":"Shop","item":"https:\/\/www.miomiorun.com\/shop\/"},{"@type":"ListItem","position":3,"name":"Gradient Fuchsia Manches longues Femme"}]},{"@type":"WebSite","@id":"https:\/\/www.miomiorun.com\/fr\/#website","url":"https:\/\/www.miomiorun.com\/fr\/","name":"MioMioRun","description":"Boutique 100% running et trail","publisher":{"@id":"https:\/\/www.miomiorun.com\/fr\/#organization"},"potentialAction":[{"@type":"SearchAction","target":{"@type":"EntryPoint","urlTemplate":"https:\/\/www.miomiorun.com\/fr\/?s={search_term_string}"},"query-input":{"@type":"PropertyValueSpecification","valueRequired":true,"valueName":"search_term_string"}}],"inLanguage":"fr-FR"},{"@type":"Organization","@id":"https:\/\/www.miomiorun.com\/fr\/#organization","name":"MioMio Run","url":"https:\/\/www.miomiorun.com\/fr\/","logo":{"@type":"ImageObject","inLanguage":"fr-FR","@id":"https:\/\/www.miomiorun.com\/fr\/#\/schema\/logo\/image\/","url":"https:\/\/www.miomiorun.com\/app\/uploads\/2019\/12\/logomio.png","contentUrl":"https:\/\/www.miomiorun.com\/app\/uploads\/2019\/12\/logomio.png","width":115,"height":82,"caption":"MioMio Run"},"image":{"@id":"https:\/\/www.miomiorun.com\/fr\/#\/schema\/logo\/image\/"},"sameAs":["https:\/\/www.facebook.com\/miomiorun\/","https:\/\/www.instagram.com\/miomiorun\/"]}]}},"_links":{"self":[{"href":"https:\/\/www.miomiorun.com\/fr\/wp-json\/wp\/v2\/product\/310255","targetHints":{"allow":["GET"]}}],"collection":[{"href":"https:\/\/www.miomiorun.com\/fr\/wp-json\/wp\/v2\/product"}],"about":[{"href":"https:\/\/www.miomiorun.com\/fr\/wp-json\/wp\/v2\/types\/product"}],"wp:featuredmedia":[{"embeddable":true,"href":"https:\/\/www.miomiorun.com\/fr\/wp-json\/wp\/v2\/media\/311287"}],"wp:attachment":[{"href":"https:\/\/www.miomiorun.com\/fr\/wp-json\/wp\/v2\/media?parent=310255"}],"wp:term":[{"taxonomy":"product_brand","embeddable":true,"href":"https:\/\/www.miomiorun.com\/fr\/wp-json\/wp\/v2\/product_brand?post=310255"},{"taxonomy":"product_cat","embeddable":true,"href":"https:\/\/www.miomiorun.com\/fr\/wp-json\/wp\/v2\/product_cat?post=310255"},{"taxonomy":"product_tag","embeddable":true,"href":"https:\/\/www.miomiorun.com\/fr\/wp-json\/wp\/v2\/product_tag?post=310255"}],"curies":[{"name":"wp","href":"https:\/\/api.w.org\/{rel}","templated":true}]}}