{"id":310149,"date":"2025-05-05T16:34:18","date_gmt":"2025-05-05T14:34:18","guid":{"rendered":"https:\/\/miomiorun.com\/?post_type=product&#038;p=310149"},"modified":"2026-01-28T12:20:33","modified_gmt":"2026-01-28T11:20:33","slug":"street-blazer-a-manches-longues-homme","status":"publish","type":"product","link":"https:\/\/www.miomiorun.com\/fr\/produit\/street-blazer-a-manches-longues-homme\/","title":{"rendered":"Longsleeve street blazer homme"},"content":{"rendered":"<p>N\u00e9e de la rencontre entre performance technique et art visuel, la <strong data-start=\"259\" data-end=\"276\">Street Blazer<\/strong> est bien plus qu&#8217;un simple t-shirt de course \u00e0 pied : c&#8217;est un hymne \u00e0 la r\u00e9sistance mentale et physique n\u00e9cessaire pour affronter les Ultra. Dessin\u00e9e par <strong data-start=\"416\" data-end=\"435\">Sebastiano Boni<\/strong>, illustrateur et ami de Wild Tee, cette chemise \u00e0 manches longues c\u00e9l\u00e8bre le sacrifice, l&#8217;effort et la fiert\u00e9 de ceux qui d\u00e9passent leurs limites. La devise imprim\u00e9e sur la poitrine, \u00ab <strong data-start=\"597\" data-end=\"627\">No runners, only survivors<\/strong> \u00bb, est un hommage \u00e0 ceux qui ne reculent devant rien.<\/p>\n<p class=\"\" data-start=\"680\" data-end=\"1024\">Fabriqu\u00e9 dans un <strong data-start=\"694\" data-end=\"739\">tissu Gotex ultra-l\u00e9ger et respirant<\/strong>, doux comme de la soie, le Street Blazer garantit <strong data-start=\"788\" data-end=\"829\">un confort maximal et une r\u00e9gulation thermique optimale<\/strong>, m\u00eame pendant les courses les plus longues et les plus exigeantes. Son <strong data-start=\"881\" data-end=\"908\">poids de seulement 125 grammes<\/strong>, associ\u00e9 \u00e0 sa structure technique, la rend parfaite pour ceux qui recherchent la fiabilit\u00e9 sans renoncer \u00e0 l&#8217;esth\u00e9tique.<\/p>\n<p class=\"\" data-start=\"1026\" data-end=\"1270\">Gr\u00e2ce \u00e0 l&#8217;<strong data-start=\"1038\" data-end=\"1073\">impression par sublimation<\/strong>, les couleurs restent intenses et r\u00e9sistantes \u00e0 l&#8217;usure du temps et aux agents atmosph\u00e9riques. De plus, les <strong data-start=\"1171\" data-end=\"1192\">logos r\u00e9fl\u00e9chissants<\/strong> assurent visibilit\u00e9 et s\u00e9curit\u00e9 pendant les entra\u00eenements ou les courses nocturnes.<\/p>\n<p class=\"\" data-start=\"1272\" data-end=\"1303\"><strong data-start=\"1272\" data-end=\"1303\">Caract\u00e9ristiques principales :<\/strong><\/p>\n<ul data-start=\"1304\" data-end=\"1618\">\n<li class=\"\" data-start=\"1304\" data-end=\"1364\">\n<p class=\"\" data-start=\"1306\" data-end=\"1364\">Design exclusif sur le th\u00e8me de l&#8217;ultra-running par Sebastiano Boni<\/p>\n<\/li>\n<li class=\"\" data-start=\"1365\" data-end=\"1432\">\n<p class=\"\" data-start=\"1367\" data-end=\"1432\">Tissu technique Gotex : l\u00e9ger, respirant et doux comme de la soie<\/p>\n<\/li>\n<li class=\"\" data-start=\"1433\" data-end=\"1481\">\n<p class=\"\" data-start=\"1435\" data-end=\"1481\">Impression par sublimation : durable et ind\u00e9l\u00e9bile<\/p>\n<\/li>\n<li class=\"\" data-start=\"1482\" data-end=\"1498\">\n<p class=\"\" data-start=\"1484\" data-end=\"1498\">Poids : 125 g<\/p>\n<\/li>\n<li class=\"\" data-start=\"1499\" data-end=\"1564\">\n<p class=\"\" data-start=\"1501\" data-end=\"1564\">Logos r\u00e9fl\u00e9chissants pour une meilleure visibilit\u00e9 dans des conditions de faible luminosit\u00e9<\/p>\n<\/li>\n<li class=\"\" data-start=\"1565\" data-end=\"1618\">\n<p class=\"\" data-start=\"1567\" data-end=\"1618\">Id\u00e9al pour les ultras, les courses longues et les entra\u00eenements intenses<\/p>\n<\/li>\n<\/ul>\n<p class=\"\" data-start=\"1620\" data-end=\"1757\"><strong data-start=\"1620\" data-end=\"1637\">Street Blazer<\/strong> est le maillot pour ceux qui courent avec leur t\u00eate, leur c\u0153ur et leur \u00e2me. Si les ultras sont votre mission, voici votre tenue.<\/p><\/p>\n","protected":false},"excerpt":{"rendered":"<p>N\u00e9e de la rencontre entre performance technique et art visuel, la Street Blazer est bien plus qu&#8217;un simple t-shirt de course \u00e0 pied : c&#8217;est un hymne \u00e0 la r\u00e9sistance mentale et physique n\u00e9cessaire pour affronter les Ultra. Dessin\u00e9e par Sebastiano Boni, illustrateur et ami de Wild Tee, cette chemise \u00e0 manches longues c\u00e9l\u00e8bre le &hellip; <a href=\"https:\/\/www.miomiorun.com\/fr\/produit\/street-blazer-a-manches-longues-homme\/\">Continued<\/a><\/p>\n","protected":false},"featured_media":311280,"template":"","meta":{"_acf_changed":false,"inline_featured_image":false},"product_brand":[],"product_cat":[24478,24482],"product_tag":[23528,23567],"class_list":{"0":"post-310149","1":"product","2":"type-product","3":"status-publish","4":"has-post-thumbnail","6":"product_cat-maillots-fr-2","7":"product_cat-vetements-pour-hommes-fr","8":"product_tag-wild-tee-fr","9":"product_tag-wild-tee-homme","10":"pa_attivita-marcher","11":"pa_attivita-running-fr","12":"pa_attivita-trail-fr","13":"pa_marca-wild-tee-fr","14":"pa_sesso-homme","15":"pa_size-small-fr","16":"pa_size-medium-fr","18":"first","19":"instock","20":"sale","21":"taxable","22":"shipping-taxable","23":"purchasable","24":"product-type-variable","25":"wvs-archive-product-wrapper"},"acf":[],"yoast_head":"<!-- This site is optimized with the Yoast SEO plugin v26.8 - https:\/\/yoast.com\/product\/yoast-seo-wordpress\/ -->\n<title>Wild Tee Longsleeve street blazer homme -T-shirt \u00e0 manches longues - MioMioRun.com<\/title>\n<meta name=\"description\" content=\"D\u00e9couvrez Street Blazer de Wild Tee : maillot technique \u00e0 manches longues pour l&#039;ultra-running, l\u00e9ger, respirant, avec des graphismes exclusifs et des logos r\u00e9fl\u00e9chissants.\" \/>\n<meta name=\"robots\" content=\"index, follow, max-snippet:-1, max-image-preview:large, max-video-preview:-1\" \/>\n<link rel=\"canonical\" href=\"https:\/\/www.miomiorun.com\/fr\/produit\/street-blazer-a-manches-longues-homme\/\" \/>\n<meta property=\"og:locale\" content=\"fr_FR\" \/>\n<meta property=\"og:type\" content=\"article\" \/>\n<meta property=\"og:title\" content=\"Wild Tee Longsleeve street blazer homme -T-shirt \u00e0 manches longues - MioMioRun.com\" \/>\n<meta property=\"og:description\" content=\"D\u00e9couvrez Street Blazer de Wild Tee : maillot technique \u00e0 manches longues pour l&#039;ultra-running, l\u00e9ger, respirant, avec des graphismes exclusifs et des logos r\u00e9fl\u00e9chissants.\" \/>\n<meta property=\"og:url\" content=\"https:\/\/www.miomiorun.com\/fr\/produit\/street-blazer-a-manches-longues-homme\/\" \/>\n<meta property=\"og:site_name\" content=\"MioMioRun\" \/>\n<meta property=\"article:publisher\" content=\"https:\/\/www.facebook.com\/miomiorun\/\" \/>\n<meta property=\"article:modified_time\" content=\"2026-01-28T11:20:33+00:00\" \/>\n<meta property=\"og:image\" content=\"https:\/\/www.miomiorun.com\/app\/uploads\/2025\/05\/wild-tee-Longsleeve-M-street-blazer-WT021WT204.webp\" \/>\n\t<meta property=\"og:image:width\" content=\"600\" \/>\n\t<meta property=\"og:image:height\" content=\"600\" \/>\n\t<meta property=\"og:image:type\" content=\"image\/webp\" \/>\n<meta name=\"twitter:card\" content=\"summary_large_image\" \/>\n<meta name=\"twitter:label1\" content=\"Est. reading time\" \/>\n\t<meta name=\"twitter:data1\" content=\"1 minute\" \/>\n<script type=\"application\/ld+json\" class=\"yoast-schema-graph\">{\"@context\":\"https:\/\/schema.org\",\"@graph\":[{\"@type\":\"WebPage\",\"@id\":\"https:\/\/www.miomiorun.com\/fr\/produit\/street-blazer-a-manches-longues-homme\/\",\"url\":\"https:\/\/www.miomiorun.com\/fr\/produit\/street-blazer-a-manches-longues-homme\/\",\"name\":\"Wild Tee Longsleeve street blazer homme -T-shirt \u00e0 manches longues - MioMioRun.com\",\"isPartOf\":{\"@id\":\"https:\/\/www.miomiorun.com\/fr\/#website\"},\"primaryImageOfPage\":{\"@id\":\"https:\/\/www.miomiorun.com\/fr\/produit\/street-blazer-a-manches-longues-homme\/#primaryimage\"},\"image\":{\"@id\":\"https:\/\/www.miomiorun.com\/fr\/produit\/street-blazer-a-manches-longues-homme\/#primaryimage\"},\"thumbnailUrl\":\"https:\/\/www.miomiorun.com\/app\/uploads\/2025\/05\/wild-tee-Longsleeve-M-street-blazer-WT021WT204.webp\",\"datePublished\":\"2025-05-05T14:34:18+00:00\",\"dateModified\":\"2026-01-28T11:20:33+00:00\",\"description\":\"D\u00e9couvrez Street Blazer de Wild Tee : maillot technique \u00e0 manches longues pour l'ultra-running, l\u00e9ger, respirant, avec des graphismes exclusifs et des logos r\u00e9fl\u00e9chissants.\",\"breadcrumb\":{\"@id\":\"https:\/\/www.miomiorun.com\/fr\/produit\/street-blazer-a-manches-longues-homme\/#breadcrumb\"},\"inLanguage\":\"fr-FR\",\"potentialAction\":[{\"@type\":\"ReadAction\",\"target\":[\"https:\/\/www.miomiorun.com\/fr\/produit\/street-blazer-a-manches-longues-homme\/\"]}]},{\"@type\":\"ImageObject\",\"inLanguage\":\"fr-FR\",\"@id\":\"https:\/\/www.miomiorun.com\/fr\/produit\/street-blazer-a-manches-longues-homme\/#primaryimage\",\"url\":\"https:\/\/www.miomiorun.com\/app\/uploads\/2025\/05\/wild-tee-Longsleeve-M-street-blazer-WT021WT204.webp\",\"contentUrl\":\"https:\/\/www.miomiorun.com\/app\/uploads\/2025\/05\/wild-tee-Longsleeve-M-street-blazer-WT021WT204.webp\",\"width\":600,\"height\":600,\"caption\":\"wild tee Longsleeve M street blazer WT021WT204\"},{\"@type\":\"BreadcrumbList\",\"@id\":\"https:\/\/www.miomiorun.com\/fr\/produit\/street-blazer-a-manches-longues-homme\/#breadcrumb\",\"itemListElement\":[{\"@type\":\"ListItem\",\"position\":1,\"name\":\"Home\",\"item\":\"https:\/\/www.miomiorun.com\/fr\/home-page\/\"},{\"@type\":\"ListItem\",\"position\":2,\"name\":\"Shop\",\"item\":\"https:\/\/www.miomiorun.com\/shop\/\"},{\"@type\":\"ListItem\",\"position\":3,\"name\":\"Longsleeve street blazer homme\"}]},{\"@type\":\"WebSite\",\"@id\":\"https:\/\/www.miomiorun.com\/fr\/#website\",\"url\":\"https:\/\/www.miomiorun.com\/fr\/\",\"name\":\"MioMioRun\",\"description\":\"Boutique 100% running et trail\",\"publisher\":{\"@id\":\"https:\/\/www.miomiorun.com\/fr\/#organization\"},\"potentialAction\":[{\"@type\":\"SearchAction\",\"target\":{\"@type\":\"EntryPoint\",\"urlTemplate\":\"https:\/\/www.miomiorun.com\/fr\/?s={search_term_string}\"},\"query-input\":{\"@type\":\"PropertyValueSpecification\",\"valueRequired\":true,\"valueName\":\"search_term_string\"}}],\"inLanguage\":\"fr-FR\"},{\"@type\":\"Organization\",\"@id\":\"https:\/\/www.miomiorun.com\/fr\/#organization\",\"name\":\"MioMio Run\",\"url\":\"https:\/\/www.miomiorun.com\/fr\/\",\"logo\":{\"@type\":\"ImageObject\",\"inLanguage\":\"fr-FR\",\"@id\":\"https:\/\/www.miomiorun.com\/fr\/#\/schema\/logo\/image\/\",\"url\":\"https:\/\/www.miomiorun.com\/app\/uploads\/2019\/12\/logomio.png\",\"contentUrl\":\"https:\/\/www.miomiorun.com\/app\/uploads\/2019\/12\/logomio.png\",\"width\":115,\"height\":82,\"caption\":\"MioMio Run\"},\"image\":{\"@id\":\"https:\/\/www.miomiorun.com\/fr\/#\/schema\/logo\/image\/\"},\"sameAs\":[\"https:\/\/www.facebook.com\/miomiorun\/\",\"https:\/\/www.instagram.com\/miomiorun\/\"]}]}<\/script>\n<!-- \/ Yoast SEO plugin. -->","yoast_head_json":{"title":"Wild Tee Longsleeve street blazer homme -T-shirt \u00e0 manches longues - MioMioRun.com","description":"D\u00e9couvrez Street Blazer de Wild Tee : maillot technique \u00e0 manches longues pour l'ultra-running, l\u00e9ger, respirant, avec des graphismes exclusifs et des logos r\u00e9fl\u00e9chissants.","robots":{"index":"index","follow":"follow","max-snippet":"max-snippet:-1","max-image-preview":"max-image-preview:large","max-video-preview":"max-video-preview:-1"},"canonical":"https:\/\/www.miomiorun.com\/fr\/produit\/street-blazer-a-manches-longues-homme\/","og_locale":"fr_FR","og_type":"article","og_title":"Wild Tee Longsleeve street blazer homme -T-shirt \u00e0 manches longues - MioMioRun.com","og_description":"D\u00e9couvrez Street Blazer de Wild Tee : maillot technique \u00e0 manches longues pour l'ultra-running, l\u00e9ger, respirant, avec des graphismes exclusifs et des logos r\u00e9fl\u00e9chissants.","og_url":"https:\/\/www.miomiorun.com\/fr\/produit\/street-blazer-a-manches-longues-homme\/","og_site_name":"MioMioRun","article_publisher":"https:\/\/www.facebook.com\/miomiorun\/","article_modified_time":"2026-01-28T11:20:33+00:00","og_image":[{"width":600,"height":600,"url":"https:\/\/www.miomiorun.com\/app\/uploads\/2025\/05\/wild-tee-Longsleeve-M-street-blazer-WT021WT204.webp","type":"image\/webp"}],"twitter_card":"summary_large_image","twitter_misc":{"Est. reading time":"1 minute"},"schema":{"@context":"https:\/\/schema.org","@graph":[{"@type":"WebPage","@id":"https:\/\/www.miomiorun.com\/fr\/produit\/street-blazer-a-manches-longues-homme\/","url":"https:\/\/www.miomiorun.com\/fr\/produit\/street-blazer-a-manches-longues-homme\/","name":"Wild Tee Longsleeve street blazer homme -T-shirt \u00e0 manches longues - MioMioRun.com","isPartOf":{"@id":"https:\/\/www.miomiorun.com\/fr\/#website"},"primaryImageOfPage":{"@id":"https:\/\/www.miomiorun.com\/fr\/produit\/street-blazer-a-manches-longues-homme\/#primaryimage"},"image":{"@id":"https:\/\/www.miomiorun.com\/fr\/produit\/street-blazer-a-manches-longues-homme\/#primaryimage"},"thumbnailUrl":"https:\/\/www.miomiorun.com\/app\/uploads\/2025\/05\/wild-tee-Longsleeve-M-street-blazer-WT021WT204.webp","datePublished":"2025-05-05T14:34:18+00:00","dateModified":"2026-01-28T11:20:33+00:00","description":"D\u00e9couvrez Street Blazer de Wild Tee : maillot technique \u00e0 manches longues pour l'ultra-running, l\u00e9ger, respirant, avec des graphismes exclusifs et des logos r\u00e9fl\u00e9chissants.","breadcrumb":{"@id":"https:\/\/www.miomiorun.com\/fr\/produit\/street-blazer-a-manches-longues-homme\/#breadcrumb"},"inLanguage":"fr-FR","potentialAction":[{"@type":"ReadAction","target":["https:\/\/www.miomiorun.com\/fr\/produit\/street-blazer-a-manches-longues-homme\/"]}]},{"@type":"ImageObject","inLanguage":"fr-FR","@id":"https:\/\/www.miomiorun.com\/fr\/produit\/street-blazer-a-manches-longues-homme\/#primaryimage","url":"https:\/\/www.miomiorun.com\/app\/uploads\/2025\/05\/wild-tee-Longsleeve-M-street-blazer-WT021WT204.webp","contentUrl":"https:\/\/www.miomiorun.com\/app\/uploads\/2025\/05\/wild-tee-Longsleeve-M-street-blazer-WT021WT204.webp","width":600,"height":600,"caption":"wild tee Longsleeve M street blazer WT021WT204"},{"@type":"BreadcrumbList","@id":"https:\/\/www.miomiorun.com\/fr\/produit\/street-blazer-a-manches-longues-homme\/#breadcrumb","itemListElement":[{"@type":"ListItem","position":1,"name":"Home","item":"https:\/\/www.miomiorun.com\/fr\/home-page\/"},{"@type":"ListItem","position":2,"name":"Shop","item":"https:\/\/www.miomiorun.com\/shop\/"},{"@type":"ListItem","position":3,"name":"Longsleeve street blazer homme"}]},{"@type":"WebSite","@id":"https:\/\/www.miomiorun.com\/fr\/#website","url":"https:\/\/www.miomiorun.com\/fr\/","name":"MioMioRun","description":"Boutique 100% running et trail","publisher":{"@id":"https:\/\/www.miomiorun.com\/fr\/#organization"},"potentialAction":[{"@type":"SearchAction","target":{"@type":"EntryPoint","urlTemplate":"https:\/\/www.miomiorun.com\/fr\/?s={search_term_string}"},"query-input":{"@type":"PropertyValueSpecification","valueRequired":true,"valueName":"search_term_string"}}],"inLanguage":"fr-FR"},{"@type":"Organization","@id":"https:\/\/www.miomiorun.com\/fr\/#organization","name":"MioMio Run","url":"https:\/\/www.miomiorun.com\/fr\/","logo":{"@type":"ImageObject","inLanguage":"fr-FR","@id":"https:\/\/www.miomiorun.com\/fr\/#\/schema\/logo\/image\/","url":"https:\/\/www.miomiorun.com\/app\/uploads\/2019\/12\/logomio.png","contentUrl":"https:\/\/www.miomiorun.com\/app\/uploads\/2019\/12\/logomio.png","width":115,"height":82,"caption":"MioMio Run"},"image":{"@id":"https:\/\/www.miomiorun.com\/fr\/#\/schema\/logo\/image\/"},"sameAs":["https:\/\/www.facebook.com\/miomiorun\/","https:\/\/www.instagram.com\/miomiorun\/"]}]}},"_links":{"self":[{"href":"https:\/\/www.miomiorun.com\/fr\/wp-json\/wp\/v2\/product\/310149","targetHints":{"allow":["GET"]}}],"collection":[{"href":"https:\/\/www.miomiorun.com\/fr\/wp-json\/wp\/v2\/product"}],"about":[{"href":"https:\/\/www.miomiorun.com\/fr\/wp-json\/wp\/v2\/types\/product"}],"wp:featuredmedia":[{"embeddable":true,"href":"https:\/\/www.miomiorun.com\/fr\/wp-json\/wp\/v2\/media\/311280"}],"wp:attachment":[{"href":"https:\/\/www.miomiorun.com\/fr\/wp-json\/wp\/v2\/media?parent=310149"}],"wp:term":[{"taxonomy":"product_brand","embeddable":true,"href":"https:\/\/www.miomiorun.com\/fr\/wp-json\/wp\/v2\/product_brand?post=310149"},{"taxonomy":"product_cat","embeddable":true,"href":"https:\/\/www.miomiorun.com\/fr\/wp-json\/wp\/v2\/product_cat?post=310149"},{"taxonomy":"product_tag","embeddable":true,"href":"https:\/\/www.miomiorun.com\/fr\/wp-json\/wp\/v2\/product_tag?post=310149"}],"curies":[{"name":"wp","href":"https:\/\/api.w.org\/{rel}","templated":true}]}}