{"id":309640,"date":"2025-05-03T19:07:41","date_gmt":"2025-05-03T17:07:41","guid":{"rendered":"https:\/\/miomiorun.com\/?post_type=product&#038;p=309640"},"modified":"2025-12-04T10:48:57","modified_gmt":"2025-12-04T09:48:57","slug":"mafate-x-homme","status":"publish","type":"product","link":"https:\/\/www.miomiorun.com\/fr\/produit\/mafate-x-homme\/","title":{"rendered":"Mafate X homme"},"content":{"rendered":"<div class=\"vc-row container\"><div class=\"vc-column\"><div class=\"vc-column-text\"><\/p>\n<p><strong>Caract\u00e9ristiques techniques<\/strong><\/p>\n<p>Cat\u00e9gorie : amorti sup\u00e9rieur<br \/>\nD\u00e9calage : 8 mm<br \/>\nPoids : 344 g<br \/>\nId\u00e9al pour : les coureurs de trail et les amateurs de randonn\u00e9es en montagne \u00e0 la recherche d&#8217;un mod\u00e8le bien amorti et protecteur, capable d&#8217;offrir un confort maximal m\u00eame sur de longues distances.<br \/>\nPoids de l&#8217;athl\u00e8te : 70-90 kg<br \/>\nAllure de course : moyenne (5,00-6,00 min\/km)<br \/>\n<a href=\"https:\/\/miomiorun.com\/fr\/guide-des-specificites\/\">Guide des sp\u00e9cifications techniques<\/a><\/p>\n<p><\/div><\/div><div class=\"vc-column\"><div class=\"vc-column-text\"><\/p>\n<h3 class=\"\" data-start=\"0\" data-end=\"68\">&nbsp;HOKA Mafate X \u2013 Votre alli\u00e9e pour les trails les plus exigeants<\/h3>\n<p class=\"\" data-start=\"70\" data-end=\"377\">Affrontez les \u00e9boulis, les pierriers et les ultra-marathons avec la <strong data-start=\"121\" data-end=\"133\">Mafate X<\/strong>, la nouvelle star du trail running HOKA. Con\u00e7ue pour ceux qui ne reculent devant rien, elle offre un m\u00e9lange unique de <strong data-start=\"252\" data-end=\"297\">souplesse, de propulsion et de protection<\/strong>, pour que vous puissiez courir pendant des heures sur les terrains les plus difficiles en toute s\u00e9curit\u00e9 et confortablement.<\/p>\n<h4 class=\"\" data-start=\"384\" data-end=\"411\">&nbsp;Pourquoi la choisir :<\/h4>\n<ul data-start=\"413\" data-end=\"1361\">\n<li class=\"\" data-start=\"413\" data-end=\"611\">\n<p class=\"\" data-start=\"415\" data-end=\"611\"><strong data-start=\"415\" data-end=\"451\">Un amorti de premi\u00e8re qualit\u00e9<\/strong><br data-start=\"451\" data-end=\"454\">Une semelle en <strong data-start=\"469\" data-end=\"497\">mousse double densit\u00e9<\/strong> associ\u00e9e \u00e0 une couche sup\u00e9rieure en <strong data-start=\"533\" data-end=\"541\">PEBA<\/strong> offre un amorti exceptionnel et un retour d&#8217;\u00e9nergie continu.<\/p>\n<\/li>\n<li class=\"\" data-start=\"613\" data-end=\"770\">\n<p class=\"\" data-start=\"615\" data-end=\"770\"><strong data-start=\"615\" data-end=\"643\">Propulsion \u00e0 chaque foul\u00e9e<\/strong><br data-start=\"643\" data-end=\"646\">La <strong data-start=\"651\" data-end=\"694\">plaque en fibre de carbone en forme de fourche<\/strong> s&#8217;active \u00e0 chaque foul\u00e9e, offrant propulsion et r\u00e9activit\u00e9 l\u00e0 o\u00f9 vous en avez besoin.\n<\/p>\n<\/li>\n<li class=\"\" data-start=\"772\" data-end=\"922\">\n<p class=\"\" data-start=\"774\" data-end=\"922\"><strong data-start=\"774\" data-end=\"794\">Adh\u00e9rence implacable<\/strong><br data-start=\"794\" data-end=\"797\">La semelle <strong data-start=\"808\" data-end=\"828\">Vibram\u00ae Megagrip<\/strong> avec crampons de 3,5 mm garantit traction et stabilit\u00e9 sur la boue, les rochers et les terrains meubles.\n<\/p>\n<\/li>\n<li class=\"\" data-start=\"924\" data-end=\"1066\">\n<p class=\"\" data-start=\"926\" data-end=\"1066\"><strong data-start=\"926\" data-end=\"961\">Tige ultra-l\u00e9g\u00e8re et drainante<\/strong><br data-start=\"961\" data-end=\"964\">Tissu technique qui favorise l&#8217;\u00e9vacuation rapide de l&#8217;eau et maintient le pied au frais et au sec.\n<\/p>\n<\/li>\n<li class=\"\" data-start=\"1068\" data-end=\"1232\">\n<p class=\"\" data-start=\"1070\" data-end=\"1232\"><strong data-start=\"1070\" data-end=\"1102\">Protection sans compromis<\/strong><br data-start=\"1102\" data-end=\"1105\">Embout renforc\u00e9, contrefort en TPU et masque dynamique (brevet en instance) prot\u00e8gent des rochers et des racines ac\u00e9r\u00e9es.\n<\/p>\n<\/li>\n<li class=\"\" data-start=\"1234\" data-end=\"1361\">\n<p class=\"\" data-start=\"1236\" data-end=\"1361\"><strong data-start=\"1236\" data-end=\"1262\">Visibilit\u00e9 et s\u00e9curit\u00e9<\/strong><br data-start=\"1262\" data-end=\"1265\">D\u00e9tails r\u00e9fl\u00e9chissants pour \u00eatre toujours visible, m\u00eame dans des conditions de faible luminosit\u00e9. <\/p>\n<\/li>\n<\/ul>\n<h4 class=\"\" data-start=\"1368\" data-end=\"1393\">&nbsp;Caract\u00e9ristiques techniques :<\/h4>\n<ul data-start=\"1395\" data-end=\"1595\">\n<li class=\"\" data-start=\"1395\" data-end=\"1429\">\n<p class=\"\" data-start=\"1397\" data-end=\"1429\"><strong data-start=\"1397\" data-end=\"1406\">Poids :<\/strong> 344 g (taille 42 EU)<\/p>\n<\/li>\n<li class=\"\" data-start=\"1430\" data-end=\"1460\">\n<p class=\"\" data-start=\"1432\" data-end=\"1460\"><strong data-start=\"1432\" data-end=\"1453\">Drop talon-pointe :<\/strong> 8 mm<\/p>\n<\/li>\n<li class=\"\" data-start=\"1461\" data-end=\"1510\">\n<p class=\"\" data-start=\"1463\" data-end=\"1510\"><strong data-start=\"1463\" data-end=\"1479\">MetaRocker\u2122 :<\/strong> conception de transition fluide<\/p>\n<\/li>\n<li class=\"\" data-start=\"1511\" data-end=\"1595\">\n<p class=\"\" data-start=\"1513\" data-end=\"1595\"><strong data-start=\"1513\" data-end=\"1550\">Soutien amorti sym\u00e9trique :<\/strong> confort homog\u00e8ne sans exc\u00e8s technologiques<\/p>\n<\/li>\n<\/ul>\n<p class=\"\" data-start=\"1602\" data-end=\"1854\">La <strong data-start=\"1605\" data-end=\"1617\">Mafate X<\/strong> n&#8217;est pas seulement une chaussure, c&#8217;est votre passeport pour explorer de nouvelles fronti\u00e8res. Des courses en altitude aux ultramarathons, elle vous soutient gr\u00e2ce \u00e0 un amorti souple mais r\u00e9actif, prot\u00e8ge chacun de vos pas et repousse vos performances au-del\u00e0 de toutes les limites.<br \/>\n<\/div><\/div><\/div><\/p>\n","protected":false},"excerpt":{"rendered":"<ul>\n<li data-start=\"415\" data-end=\"611\">Amorti de premi\u00e8re qualit\u00e9<\/li>\n<li data-start=\"415\" data-end=\"611\">Propulsion \u00e0 chaque foul\u00e9e<\/li>\n<li data-start=\"415\" data-end=\"611\">Adh\u00e9rence implacable<\/li>\n<\/ul>\n","protected":false},"featured_media":427733,"template":"","meta":{"_acf_changed":false,"inline_featured_image":false},"product_brand":[],"product_cat":[24448,24445],"product_tag":[23478,23604],"class_list":{"0":"post-309640","1":"product","2":"type-product","3":"status-publish","4":"has-post-thumbnail","6":"product_cat-chaussures-pour-hommes-fr","7":"product_cat-trail-fr-3","8":"product_tag-hoka-one-one-fr","9":"product_tag-hoka-homme","10":"pa_attivita-outdoor-fr","11":"pa_attivita-trail-fr","12":"pa_colore-mafate-x-neon-hoka-citrus-neon-rose-fr","13":"pa_colore-mafate-x-sage-rosemary","14":"pa_marca-hoka-fr","15":"pa_sesso-homme","16":"pa_size-41-fr","17":"pa_size-42-fr","19":"pa_size-43-fr","20":"pa_size-44-fr","22":"pa_size-45-fr","23":"pa_size-46-fr","25":"first","26":"instock","27":"sale","28":"taxable","29":"shipping-taxable","30":"purchasable","31":"product-type-variable","32":"has-default-attributes","33":"wvs-archive-product-wrapper"},"acf":[],"yoast_head":"<!-- This site is optimized with the Yoast SEO plugin v26.8 - https:\/\/yoast.com\/product\/yoast-seo-wordpress\/ -->\n<title>Hoka One One Mafate X homme - chaussures de trail- MioMioRun<\/title>\n<meta name=\"description\" content=\"Chaussure de trail ultra-coussin\u00e9e avec mousse double densit\u00e9, plaque en fibre de carbone et semelle Vibram\u00ae Megagrip. Confort et adh\u00e9rence sur tous les terrains.\" \/>\n<meta name=\"robots\" content=\"index, follow, max-snippet:-1, max-image-preview:large, max-video-preview:-1\" \/>\n<link rel=\"canonical\" href=\"https:\/\/www.miomiorun.com\/fr\/produit\/mafate-x-homme\/\" \/>\n<meta property=\"og:locale\" content=\"fr_FR\" \/>\n<meta property=\"og:type\" content=\"article\" \/>\n<meta property=\"og:title\" content=\"Hoka One One Mafate X homme - chaussures de trail- MioMioRun\" \/>\n<meta property=\"og:description\" content=\"Chaussure de trail ultra-coussin\u00e9e avec mousse double densit\u00e9, plaque en fibre de carbone et semelle Vibram\u00ae Megagrip. Confort et adh\u00e9rence sur tous les terrains.\" \/>\n<meta property=\"og:url\" content=\"https:\/\/www.miomiorun.com\/fr\/produit\/mafate-x-homme\/\" \/>\n<meta property=\"og:site_name\" content=\"MioMioRun\" \/>\n<meta property=\"article:publisher\" content=\"https:\/\/www.facebook.com\/miomiorun\/\" \/>\n<meta property=\"article:modified_time\" content=\"2025-12-04T09:48:57+00:00\" \/>\n<meta property=\"og:image\" content=\"https:\/\/www.miomiorun.com\/app\/uploads\/2026\/04\/hoka-Mafate-X-sage-rosemary-1161990-SRSM.webp\" \/>\n\t<meta property=\"og:image:width\" content=\"720\" \/>\n\t<meta property=\"og:image:height\" content=\"720\" \/>\n\t<meta property=\"og:image:type\" content=\"image\/webp\" \/>\n<meta name=\"twitter:card\" content=\"summary_large_image\" \/>\n<meta name=\"twitter:label1\" content=\"Est. reading time\" \/>\n\t<meta name=\"twitter:data1\" content=\"2 minutes\" \/>\n<script type=\"application\/ld+json\" class=\"yoast-schema-graph\">{\"@context\":\"https:\/\/schema.org\",\"@graph\":[{\"@type\":\"WebPage\",\"@id\":\"https:\/\/www.miomiorun.com\/fr\/produit\/mafate-x-homme\/\",\"url\":\"https:\/\/www.miomiorun.com\/fr\/produit\/mafate-x-homme\/\",\"name\":\"Hoka One One Mafate X homme - chaussures de trail- MioMioRun\",\"isPartOf\":{\"@id\":\"https:\/\/www.miomiorun.com\/fr\/#website\"},\"primaryImageOfPage\":{\"@id\":\"https:\/\/www.miomiorun.com\/fr\/produit\/mafate-x-homme\/#primaryimage\"},\"image\":{\"@id\":\"https:\/\/www.miomiorun.com\/fr\/produit\/mafate-x-homme\/#primaryimage\"},\"thumbnailUrl\":\"https:\/\/www.miomiorun.com\/app\/uploads\/2026\/04\/hoka-Mafate-X-sage-rosemary-1161990-SRSM.webp\",\"datePublished\":\"2025-05-03T17:07:41+00:00\",\"dateModified\":\"2025-12-04T09:48:57+00:00\",\"description\":\"Chaussure de trail ultra-coussin\u00e9e avec mousse double densit\u00e9, plaque en fibre de carbone et semelle Vibram\u00ae Megagrip. Confort et adh\u00e9rence sur tous les terrains.\",\"breadcrumb\":{\"@id\":\"https:\/\/www.miomiorun.com\/fr\/produit\/mafate-x-homme\/#breadcrumb\"},\"inLanguage\":\"fr-FR\",\"potentialAction\":[{\"@type\":\"ReadAction\",\"target\":[\"https:\/\/www.miomiorun.com\/fr\/produit\/mafate-x-homme\/\"]}]},{\"@type\":\"ImageObject\",\"inLanguage\":\"fr-FR\",\"@id\":\"https:\/\/www.miomiorun.com\/fr\/produit\/mafate-x-homme\/#primaryimage\",\"url\":\"https:\/\/www.miomiorun.com\/app\/uploads\/2026\/04\/hoka-Mafate-X-sage-rosemary-1161990-SRSM.webp\",\"contentUrl\":\"https:\/\/www.miomiorun.com\/app\/uploads\/2026\/04\/hoka-Mafate-X-sage-rosemary-1161990-SRSM.webp\",\"width\":720,\"height\":720,\"caption\":\"hoka Mafate X sage rosemary 1161990 SRSM\"},{\"@type\":\"BreadcrumbList\",\"@id\":\"https:\/\/www.miomiorun.com\/fr\/produit\/mafate-x-homme\/#breadcrumb\",\"itemListElement\":[{\"@type\":\"ListItem\",\"position\":1,\"name\":\"Home\",\"item\":\"https:\/\/www.miomiorun.com\/fr\/home-page\/\"},{\"@type\":\"ListItem\",\"position\":2,\"name\":\"Shop\",\"item\":\"https:\/\/www.miomiorun.com\/shop\/\"},{\"@type\":\"ListItem\",\"position\":3,\"name\":\"Mafate X homme\"}]},{\"@type\":\"WebSite\",\"@id\":\"https:\/\/www.miomiorun.com\/fr\/#website\",\"url\":\"https:\/\/www.miomiorun.com\/fr\/\",\"name\":\"MioMioRun\",\"description\":\"Boutique 100% running et trail\",\"publisher\":{\"@id\":\"https:\/\/www.miomiorun.com\/fr\/#organization\"},\"potentialAction\":[{\"@type\":\"SearchAction\",\"target\":{\"@type\":\"EntryPoint\",\"urlTemplate\":\"https:\/\/www.miomiorun.com\/fr\/?s={search_term_string}\"},\"query-input\":{\"@type\":\"PropertyValueSpecification\",\"valueRequired\":true,\"valueName\":\"search_term_string\"}}],\"inLanguage\":\"fr-FR\"},{\"@type\":\"Organization\",\"@id\":\"https:\/\/www.miomiorun.com\/fr\/#organization\",\"name\":\"MioMio Run\",\"url\":\"https:\/\/www.miomiorun.com\/fr\/\",\"logo\":{\"@type\":\"ImageObject\",\"inLanguage\":\"fr-FR\",\"@id\":\"https:\/\/www.miomiorun.com\/fr\/#\/schema\/logo\/image\/\",\"url\":\"https:\/\/www.miomiorun.com\/app\/uploads\/2019\/12\/logomio.png\",\"contentUrl\":\"https:\/\/www.miomiorun.com\/app\/uploads\/2019\/12\/logomio.png\",\"width\":115,\"height\":82,\"caption\":\"MioMio Run\"},\"image\":{\"@id\":\"https:\/\/www.miomiorun.com\/fr\/#\/schema\/logo\/image\/\"},\"sameAs\":[\"https:\/\/www.facebook.com\/miomiorun\/\",\"https:\/\/www.instagram.com\/miomiorun\/\"]}]}<\/script>\n<!-- \/ Yoast SEO plugin. -->","yoast_head_json":{"title":"Hoka One One Mafate X homme - chaussures de trail- MioMioRun","description":"Chaussure de trail ultra-coussin\u00e9e avec mousse double densit\u00e9, plaque en fibre de carbone et semelle Vibram\u00ae Megagrip. Confort et adh\u00e9rence sur tous les terrains.","robots":{"index":"index","follow":"follow","max-snippet":"max-snippet:-1","max-image-preview":"max-image-preview:large","max-video-preview":"max-video-preview:-1"},"canonical":"https:\/\/www.miomiorun.com\/fr\/produit\/mafate-x-homme\/","og_locale":"fr_FR","og_type":"article","og_title":"Hoka One One Mafate X homme - chaussures de trail- MioMioRun","og_description":"Chaussure de trail ultra-coussin\u00e9e avec mousse double densit\u00e9, plaque en fibre de carbone et semelle Vibram\u00ae Megagrip. Confort et adh\u00e9rence sur tous les terrains.","og_url":"https:\/\/www.miomiorun.com\/fr\/produit\/mafate-x-homme\/","og_site_name":"MioMioRun","article_publisher":"https:\/\/www.facebook.com\/miomiorun\/","article_modified_time":"2025-12-04T09:48:57+00:00","og_image":[{"width":720,"height":720,"url":"https:\/\/www.miomiorun.com\/app\/uploads\/2026\/04\/hoka-Mafate-X-sage-rosemary-1161990-SRSM.webp","type":"image\/webp"}],"twitter_card":"summary_large_image","twitter_misc":{"Est. reading time":"2 minutes"},"schema":{"@context":"https:\/\/schema.org","@graph":[{"@type":"WebPage","@id":"https:\/\/www.miomiorun.com\/fr\/produit\/mafate-x-homme\/","url":"https:\/\/www.miomiorun.com\/fr\/produit\/mafate-x-homme\/","name":"Hoka One One Mafate X homme - chaussures de trail- MioMioRun","isPartOf":{"@id":"https:\/\/www.miomiorun.com\/fr\/#website"},"primaryImageOfPage":{"@id":"https:\/\/www.miomiorun.com\/fr\/produit\/mafate-x-homme\/#primaryimage"},"image":{"@id":"https:\/\/www.miomiorun.com\/fr\/produit\/mafate-x-homme\/#primaryimage"},"thumbnailUrl":"https:\/\/www.miomiorun.com\/app\/uploads\/2026\/04\/hoka-Mafate-X-sage-rosemary-1161990-SRSM.webp","datePublished":"2025-05-03T17:07:41+00:00","dateModified":"2025-12-04T09:48:57+00:00","description":"Chaussure de trail ultra-coussin\u00e9e avec mousse double densit\u00e9, plaque en fibre de carbone et semelle Vibram\u00ae Megagrip. Confort et adh\u00e9rence sur tous les terrains.","breadcrumb":{"@id":"https:\/\/www.miomiorun.com\/fr\/produit\/mafate-x-homme\/#breadcrumb"},"inLanguage":"fr-FR","potentialAction":[{"@type":"ReadAction","target":["https:\/\/www.miomiorun.com\/fr\/produit\/mafate-x-homme\/"]}]},{"@type":"ImageObject","inLanguage":"fr-FR","@id":"https:\/\/www.miomiorun.com\/fr\/produit\/mafate-x-homme\/#primaryimage","url":"https:\/\/www.miomiorun.com\/app\/uploads\/2026\/04\/hoka-Mafate-X-sage-rosemary-1161990-SRSM.webp","contentUrl":"https:\/\/www.miomiorun.com\/app\/uploads\/2026\/04\/hoka-Mafate-X-sage-rosemary-1161990-SRSM.webp","width":720,"height":720,"caption":"hoka Mafate X sage rosemary 1161990 SRSM"},{"@type":"BreadcrumbList","@id":"https:\/\/www.miomiorun.com\/fr\/produit\/mafate-x-homme\/#breadcrumb","itemListElement":[{"@type":"ListItem","position":1,"name":"Home","item":"https:\/\/www.miomiorun.com\/fr\/home-page\/"},{"@type":"ListItem","position":2,"name":"Shop","item":"https:\/\/www.miomiorun.com\/shop\/"},{"@type":"ListItem","position":3,"name":"Mafate X homme"}]},{"@type":"WebSite","@id":"https:\/\/www.miomiorun.com\/fr\/#website","url":"https:\/\/www.miomiorun.com\/fr\/","name":"MioMioRun","description":"Boutique 100% running et trail","publisher":{"@id":"https:\/\/www.miomiorun.com\/fr\/#organization"},"potentialAction":[{"@type":"SearchAction","target":{"@type":"EntryPoint","urlTemplate":"https:\/\/www.miomiorun.com\/fr\/?s={search_term_string}"},"query-input":{"@type":"PropertyValueSpecification","valueRequired":true,"valueName":"search_term_string"}}],"inLanguage":"fr-FR"},{"@type":"Organization","@id":"https:\/\/www.miomiorun.com\/fr\/#organization","name":"MioMio Run","url":"https:\/\/www.miomiorun.com\/fr\/","logo":{"@type":"ImageObject","inLanguage":"fr-FR","@id":"https:\/\/www.miomiorun.com\/fr\/#\/schema\/logo\/image\/","url":"https:\/\/www.miomiorun.com\/app\/uploads\/2019\/12\/logomio.png","contentUrl":"https:\/\/www.miomiorun.com\/app\/uploads\/2019\/12\/logomio.png","width":115,"height":82,"caption":"MioMio Run"},"image":{"@id":"https:\/\/www.miomiorun.com\/fr\/#\/schema\/logo\/image\/"},"sameAs":["https:\/\/www.facebook.com\/miomiorun\/","https:\/\/www.instagram.com\/miomiorun\/"]}]}},"_links":{"self":[{"href":"https:\/\/www.miomiorun.com\/fr\/wp-json\/wp\/v2\/product\/309640","targetHints":{"allow":["GET"]}}],"collection":[{"href":"https:\/\/www.miomiorun.com\/fr\/wp-json\/wp\/v2\/product"}],"about":[{"href":"https:\/\/www.miomiorun.com\/fr\/wp-json\/wp\/v2\/types\/product"}],"wp:featuredmedia":[{"embeddable":true,"href":"https:\/\/www.miomiorun.com\/fr\/wp-json\/wp\/v2\/media\/427733"}],"wp:attachment":[{"href":"https:\/\/www.miomiorun.com\/fr\/wp-json\/wp\/v2\/media?parent=309640"}],"wp:term":[{"taxonomy":"product_brand","embeddable":true,"href":"https:\/\/www.miomiorun.com\/fr\/wp-json\/wp\/v2\/product_brand?post=309640"},{"taxonomy":"product_cat","embeddable":true,"href":"https:\/\/www.miomiorun.com\/fr\/wp-json\/wp\/v2\/product_cat?post=309640"},{"taxonomy":"product_tag","embeddable":true,"href":"https:\/\/www.miomiorun.com\/fr\/wp-json\/wp\/v2\/product_tag?post=309640"}],"curies":[{"name":"wp","href":"https:\/\/api.w.org\/{rel}","templated":true}]}}