{"id":308907,"date":"2025-05-02T16:15:04","date_gmt":"2025-05-02T14:15:04","guid":{"rendered":"https:\/\/miomiorun.com\/?post_type=product&#038;p=308907"},"modified":"2025-12-03T10:31:53","modified_gmt":"2025-12-03T09:31:53","slug":"infinite-pro-2-homme","status":"publish","type":"product","link":"https:\/\/www.miomiorun.com\/fr\/produit\/infinite-pro-2-homme\/","title":{"rendered":"Infinite Pro 2 homme"},"content":{"rendered":"<div class=\"vc-row container\"><div class=\"vc-column\"><div class=\"vc-column-text\"><\/p>\n<h4>Caract\u00e9ristiques techniques<\/h4>\n<p>Cat\u00e9gorie : Amorti optimal.<br \/>\nD\u00e9calage : 8 mm<br \/>\nPoids : 306 g<br \/>\nId\u00e9al pour : les coureurs \u00e0 foul\u00e9e neutre \u00e0 la recherche d&#8217;un mod\u00e8le offrant un bon amorti et une excellente polyvalence pour la course et la marche sur de longues ou moyennes distances.<br \/>\nPoids de l&#8217;athl\u00e8te : 75 kg<br \/>\nAllure de course : moyenne (5 min\/km)<br \/>\n<a href=\"https:\/\/miomiorun.com\/fr\/guide-des-specificites\/\">Guide des sp\u00e9cifications techniques<\/a><\/p>\n<p><\/div><\/div><div class=\"vc-column\"><div class=\"vc-column-text\"><\/p>\n<p class=\"\" data-start=\"207\" data-end=\"523\">Si votre objectif est d&#8217;aller toujours plus loin, les <strong data-start=\"260\" data-end=\"279\">UA Infinite Pro 2<\/strong> sont les chaussures de course qu&#8217;il vous faut. Con\u00e7ues pour l&#8217;entra\u00eenement d&#8217;endurance et les longues distances, elles allient confort, maintien et amorti ultra-r\u00e9actif pour r\u00e9duire la fatigue et maintenir un niveau de performance \u00e9lev\u00e9.<\/p>\n<p class=\"\" data-start=\"525\" data-end=\"794\">La tige en <strong data-start=\"538\" data-end=\"562\">mesh technique l\u00e9ger<\/strong> garantit une respirabilit\u00e9 et un confort constants, m\u00eame apr\u00e8s de nombreux kilom\u00e8tres. La conception anatomique du talon assure <strong data-start=\"679\" data-end=\"711\">des atterrissages souples et stables<\/strong>, tandis que le col et la languette rembourr\u00e9s am\u00e9liorent encore le maintien.<\/p>\n<p class=\"\" data-start=\"796\" data-end=\"1162\">Le c\u0153ur technologique de la chaussure est le nouveau <strong data-start=\"841\" data-end=\"853\">UA HOVR+<\/strong>, un amorti r\u00e9actif qui r\u00e9duit l&#8217;impact et restitue de l&#8217;\u00e9nergie \u00e0 chaque foul\u00e9e, vous propulsant toujours plus loin. La semelle interm\u00e9diaire en mousse EVA double densit\u00e9 et la semelle ext\u00e9rieure en caoutchouc strat\u00e9giquement con\u00e7ue compl\u00e8tent le tableau, offrant <strong data-start=\"1093\" data-end=\"1161\">r\u00e9sistance, l\u00e9g\u00e8ret\u00e9 et retour d&#8217;\u00e9nergie l\u00e0 o\u00f9 vous en avez le plus besoin<\/strong>.<\/p>\n<h4 class=\"\" data-start=\"1169\" data-end=\"1205\"><strong data-start=\"1174\" data-end=\"1205\">Caract\u00e9ristiques principales :<\/strong><\/h4>\n<ul data-start=\"1206\" data-end=\"1574\">\n<li class=\"\" data-start=\"1206\" data-end=\"1258\">\n<p class=\"\" data-start=\"1208\" data-end=\"1258\">Tige en <strong data-start=\"1218\" data-end=\"1234\">mesh technique<\/strong> respirant et l\u00e9ger<\/p>\n<\/li>\n<li class=\"\" data-start=\"1259\" data-end=\"1306\">\n<p class=\"\" data-start=\"1261\" data-end=\"1306\">Amorti <strong data-start=\"1277\" data-end=\"1304\">UA HOVR+ ultra r\u00e9actif<\/strong><\/p>\n<\/li>\n<li class=\"\" data-start=\"1307\" data-end=\"1372\">\n<p class=\"\" data-start=\"1309\" data-end=\"1372\">Semelle interm\u00e9diaire en <strong data-start=\"1323\" data-end=\"1347\">EVA double densit\u00e9<\/strong> pour des atterrissages en douceur<\/p>\n<\/li>\n<li class=\"\" data-start=\"1373\" data-end=\"1453\">\n<p class=\"\" data-start=\"1375\" data-end=\"1453\">Semelle ext\u00e9rieure en caoutchouc r\u00e9sistante et l\u00e9g\u00e8re avec <strong data-start=\"1415\" data-end=\"1451\">une excellente adh\u00e9rence et un excellent retour d&#8217;\u00e9nergie<\/strong><\/p>\n<\/li>\n<li class=\"\" data-start=\"1454\" data-end=\"1528\">\n<p class=\"\" data-start=\"1456\" data-end=\"1528\">Talon con\u00e7u pour <strong data-start=\"1479\" data-end=\"1506\">am\u00e9liorer la stabilit\u00e9<\/strong> et r\u00e9duire l&#8217;impact<\/p>\n<\/li>\n<\/ul>\n<p>&nbsp;<\/p>\n<p class=\"\" data-start=\"1581\" data-end=\"1699\">Lorsque la fatigue se fait sentir, ce sont les <strong data-start=\"1624\" data-end=\"1643\">UA Infinite Pro 2&nbsp;<\/strong>qui vous pousseront \u00e0 aller plus loin.<br data-start=\"1662\" data-end=\"1665\"><strong data-start=\"1665\" data-end=\"1699\">\u00cates-vous pr\u00eate \u00e0 donner le rythme ?<\/strong><\/p>\n<p><\/div><\/div><\/div>\n","protected":false},"excerpt":{"rendered":"<ul>\n<li>UA HOVR+ ultra r\u00e9active<\/li>\n<li>EVA double densit\u00e9<\/li>\n<li>maille technique l\u00e9g\u00e8re<\/li>\n<\/ul>\n","protected":false},"featured_media":377193,"template":"","meta":{"_acf_changed":false,"inline_featured_image":false},"product_brand":[],"product_cat":[24448,24447],"product_tag":[23530,23574],"class_list":{"0":"post-308907","1":"product","2":"type-product","3":"status-publish","4":"has-post-thumbnail","6":"product_cat-chaussures-pour-hommes-fr","7":"product_cat-neutre-fr-3","8":"product_tag-under-armour-fr","9":"product_tag-under-armour-homme","10":"pa_attivita-fitness-fr","11":"pa_attivita-marcher","12":"pa_attivita-running-fr","13":"pa_colore-infinite-pro-2-black-hyper-green-fr","14":"pa_marca-under-armour-fr","15":"pa_sesso-homme","16":"pa_size-42-5-fr","17":"pa_size-46-fr","19":"first","20":"instock","21":"sale","22":"taxable","23":"shipping-taxable","24":"purchasable","25":"product-type-variable","26":"wvs-archive-product-wrapper"},"acf":[],"yoast_head":"<!-- This site is optimized with the Yoast SEO plugin v26.8 - https:\/\/yoast.com\/product\/yoast-seo-wordpress\/ -->\n<title>Under Armour Infinite Pro 2 homme - chaussures de course - MioMioRun.com<\/title>\n<meta name=\"description\" content=\"Les chaussures de course UA Infinite Pro 2 : soutien maximal et amorti UA HOVR+ pour une endurance, un confort et des performances sup\u00e9rieurs sur les longues distances.\" \/>\n<meta name=\"robots\" content=\"index, follow, max-snippet:-1, max-image-preview:large, max-video-preview:-1\" \/>\n<link rel=\"canonical\" href=\"https:\/\/www.miomiorun.com\/fr\/produit\/infinite-pro-2-homme\/\" \/>\n<meta property=\"og:locale\" content=\"fr_FR\" \/>\n<meta property=\"og:type\" content=\"article\" \/>\n<meta property=\"og:title\" content=\"Under Armour Infinite Pro 2 homme - chaussures de course - MioMioRun.com\" \/>\n<meta property=\"og:description\" content=\"Les chaussures de course UA Infinite Pro 2 : soutien maximal et amorti UA HOVR+ pour une endurance, un confort et des performances sup\u00e9rieurs sur les longues distances.\" \/>\n<meta property=\"og:url\" content=\"https:\/\/www.miomiorun.com\/fr\/produit\/infinite-pro-2-homme\/\" \/>\n<meta property=\"og:site_name\" content=\"MioMioRun\" \/>\n<meta property=\"article:publisher\" content=\"https:\/\/www.facebook.com\/miomiorun\/\" \/>\n<meta property=\"article:modified_time\" content=\"2025-12-03T09:31:53+00:00\" \/>\n<meta property=\"og:image\" content=\"https:\/\/www.miomiorun.com\/app\/uploads\/2025\/12\/under-armour-Infinite-Pro-2-black-hyper-green-3028168-0005.webp\" \/>\n\t<meta property=\"og:image:width\" content=\"720\" \/>\n\t<meta property=\"og:image:height\" content=\"720\" \/>\n\t<meta property=\"og:image:type\" content=\"image\/webp\" \/>\n<meta name=\"twitter:card\" content=\"summary_large_image\" \/>\n<meta name=\"twitter:label1\" content=\"Est. reading time\" \/>\n\t<meta name=\"twitter:data1\" content=\"2 minutes\" \/>\n<script type=\"application\/ld+json\" class=\"yoast-schema-graph\">{\"@context\":\"https:\/\/schema.org\",\"@graph\":[{\"@type\":\"WebPage\",\"@id\":\"https:\/\/www.miomiorun.com\/fr\/produit\/infinite-pro-2-homme\/\",\"url\":\"https:\/\/www.miomiorun.com\/fr\/produit\/infinite-pro-2-homme\/\",\"name\":\"Under Armour Infinite Pro 2 homme - chaussures de course - MioMioRun.com\",\"isPartOf\":{\"@id\":\"https:\/\/www.miomiorun.com\/fr\/#website\"},\"primaryImageOfPage\":{\"@id\":\"https:\/\/www.miomiorun.com\/fr\/produit\/infinite-pro-2-homme\/#primaryimage\"},\"image\":{\"@id\":\"https:\/\/www.miomiorun.com\/fr\/produit\/infinite-pro-2-homme\/#primaryimage\"},\"thumbnailUrl\":\"https:\/\/www.miomiorun.com\/app\/uploads\/2025\/12\/under-armour-Infinite-Pro-2-black-hyper-green-3028168-0005.webp\",\"datePublished\":\"2025-05-02T14:15:04+00:00\",\"dateModified\":\"2025-12-03T09:31:53+00:00\",\"description\":\"Les chaussures de course UA Infinite Pro 2 : soutien maximal et amorti UA HOVR+ pour une endurance, un confort et des performances sup\u00e9rieurs sur les longues distances.\",\"breadcrumb\":{\"@id\":\"https:\/\/www.miomiorun.com\/fr\/produit\/infinite-pro-2-homme\/#breadcrumb\"},\"inLanguage\":\"fr-FR\",\"potentialAction\":[{\"@type\":\"ReadAction\",\"target\":[\"https:\/\/www.miomiorun.com\/fr\/produit\/infinite-pro-2-homme\/\"]}]},{\"@type\":\"ImageObject\",\"inLanguage\":\"fr-FR\",\"@id\":\"https:\/\/www.miomiorun.com\/fr\/produit\/infinite-pro-2-homme\/#primaryimage\",\"url\":\"https:\/\/www.miomiorun.com\/app\/uploads\/2025\/12\/under-armour-Infinite-Pro-2-black-hyper-green-3028168-0005.webp\",\"contentUrl\":\"https:\/\/www.miomiorun.com\/app\/uploads\/2025\/12\/under-armour-Infinite-Pro-2-black-hyper-green-3028168-0005.webp\",\"width\":720,\"height\":720,\"caption\":\"under armour Infinite Pro 2 black hyper green 3028168-0005\"},{\"@type\":\"BreadcrumbList\",\"@id\":\"https:\/\/www.miomiorun.com\/fr\/produit\/infinite-pro-2-homme\/#breadcrumb\",\"itemListElement\":[{\"@type\":\"ListItem\",\"position\":1,\"name\":\"Home\",\"item\":\"https:\/\/www.miomiorun.com\/fr\/home-page\/\"},{\"@type\":\"ListItem\",\"position\":2,\"name\":\"Shop\",\"item\":\"https:\/\/www.miomiorun.com\/shop\/\"},{\"@type\":\"ListItem\",\"position\":3,\"name\":\"Infinite Pro 2 homme\"}]},{\"@type\":\"WebSite\",\"@id\":\"https:\/\/www.miomiorun.com\/fr\/#website\",\"url\":\"https:\/\/www.miomiorun.com\/fr\/\",\"name\":\"MioMioRun\",\"description\":\"Boutique 100% running et trail\",\"publisher\":{\"@id\":\"https:\/\/www.miomiorun.com\/fr\/#organization\"},\"potentialAction\":[{\"@type\":\"SearchAction\",\"target\":{\"@type\":\"EntryPoint\",\"urlTemplate\":\"https:\/\/www.miomiorun.com\/fr\/?s={search_term_string}\"},\"query-input\":{\"@type\":\"PropertyValueSpecification\",\"valueRequired\":true,\"valueName\":\"search_term_string\"}}],\"inLanguage\":\"fr-FR\"},{\"@type\":\"Organization\",\"@id\":\"https:\/\/www.miomiorun.com\/fr\/#organization\",\"name\":\"MioMio Run\",\"url\":\"https:\/\/www.miomiorun.com\/fr\/\",\"logo\":{\"@type\":\"ImageObject\",\"inLanguage\":\"fr-FR\",\"@id\":\"https:\/\/www.miomiorun.com\/fr\/#\/schema\/logo\/image\/\",\"url\":\"https:\/\/www.miomiorun.com\/app\/uploads\/2019\/12\/logomio.png\",\"contentUrl\":\"https:\/\/www.miomiorun.com\/app\/uploads\/2019\/12\/logomio.png\",\"width\":115,\"height\":82,\"caption\":\"MioMio Run\"},\"image\":{\"@id\":\"https:\/\/www.miomiorun.com\/fr\/#\/schema\/logo\/image\/\"},\"sameAs\":[\"https:\/\/www.facebook.com\/miomiorun\/\",\"https:\/\/www.instagram.com\/miomiorun\/\"]}]}<\/script>\n<!-- \/ Yoast SEO plugin. -->","yoast_head_json":{"title":"Under Armour Infinite Pro 2 homme - chaussures de course - MioMioRun.com","description":"Les chaussures de course UA Infinite Pro 2 : soutien maximal et amorti UA HOVR+ pour une endurance, un confort et des performances sup\u00e9rieurs sur les longues distances.","robots":{"index":"index","follow":"follow","max-snippet":"max-snippet:-1","max-image-preview":"max-image-preview:large","max-video-preview":"max-video-preview:-1"},"canonical":"https:\/\/www.miomiorun.com\/fr\/produit\/infinite-pro-2-homme\/","og_locale":"fr_FR","og_type":"article","og_title":"Under Armour Infinite Pro 2 homme - chaussures de course - MioMioRun.com","og_description":"Les chaussures de course UA Infinite Pro 2 : soutien maximal et amorti UA HOVR+ pour une endurance, un confort et des performances sup\u00e9rieurs sur les longues distances.","og_url":"https:\/\/www.miomiorun.com\/fr\/produit\/infinite-pro-2-homme\/","og_site_name":"MioMioRun","article_publisher":"https:\/\/www.facebook.com\/miomiorun\/","article_modified_time":"2025-12-03T09:31:53+00:00","og_image":[{"width":720,"height":720,"url":"https:\/\/www.miomiorun.com\/app\/uploads\/2025\/12\/under-armour-Infinite-Pro-2-black-hyper-green-3028168-0005.webp","type":"image\/webp"}],"twitter_card":"summary_large_image","twitter_misc":{"Est. reading time":"2 minutes"},"schema":{"@context":"https:\/\/schema.org","@graph":[{"@type":"WebPage","@id":"https:\/\/www.miomiorun.com\/fr\/produit\/infinite-pro-2-homme\/","url":"https:\/\/www.miomiorun.com\/fr\/produit\/infinite-pro-2-homme\/","name":"Under Armour Infinite Pro 2 homme - chaussures de course - MioMioRun.com","isPartOf":{"@id":"https:\/\/www.miomiorun.com\/fr\/#website"},"primaryImageOfPage":{"@id":"https:\/\/www.miomiorun.com\/fr\/produit\/infinite-pro-2-homme\/#primaryimage"},"image":{"@id":"https:\/\/www.miomiorun.com\/fr\/produit\/infinite-pro-2-homme\/#primaryimage"},"thumbnailUrl":"https:\/\/www.miomiorun.com\/app\/uploads\/2025\/12\/under-armour-Infinite-Pro-2-black-hyper-green-3028168-0005.webp","datePublished":"2025-05-02T14:15:04+00:00","dateModified":"2025-12-03T09:31:53+00:00","description":"Les chaussures de course UA Infinite Pro 2 : soutien maximal et amorti UA HOVR+ pour une endurance, un confort et des performances sup\u00e9rieurs sur les longues distances.","breadcrumb":{"@id":"https:\/\/www.miomiorun.com\/fr\/produit\/infinite-pro-2-homme\/#breadcrumb"},"inLanguage":"fr-FR","potentialAction":[{"@type":"ReadAction","target":["https:\/\/www.miomiorun.com\/fr\/produit\/infinite-pro-2-homme\/"]}]},{"@type":"ImageObject","inLanguage":"fr-FR","@id":"https:\/\/www.miomiorun.com\/fr\/produit\/infinite-pro-2-homme\/#primaryimage","url":"https:\/\/www.miomiorun.com\/app\/uploads\/2025\/12\/under-armour-Infinite-Pro-2-black-hyper-green-3028168-0005.webp","contentUrl":"https:\/\/www.miomiorun.com\/app\/uploads\/2025\/12\/under-armour-Infinite-Pro-2-black-hyper-green-3028168-0005.webp","width":720,"height":720,"caption":"under armour Infinite Pro 2 black hyper green 3028168-0005"},{"@type":"BreadcrumbList","@id":"https:\/\/www.miomiorun.com\/fr\/produit\/infinite-pro-2-homme\/#breadcrumb","itemListElement":[{"@type":"ListItem","position":1,"name":"Home","item":"https:\/\/www.miomiorun.com\/fr\/home-page\/"},{"@type":"ListItem","position":2,"name":"Shop","item":"https:\/\/www.miomiorun.com\/shop\/"},{"@type":"ListItem","position":3,"name":"Infinite Pro 2 homme"}]},{"@type":"WebSite","@id":"https:\/\/www.miomiorun.com\/fr\/#website","url":"https:\/\/www.miomiorun.com\/fr\/","name":"MioMioRun","description":"Boutique 100% running et trail","publisher":{"@id":"https:\/\/www.miomiorun.com\/fr\/#organization"},"potentialAction":[{"@type":"SearchAction","target":{"@type":"EntryPoint","urlTemplate":"https:\/\/www.miomiorun.com\/fr\/?s={search_term_string}"},"query-input":{"@type":"PropertyValueSpecification","valueRequired":true,"valueName":"search_term_string"}}],"inLanguage":"fr-FR"},{"@type":"Organization","@id":"https:\/\/www.miomiorun.com\/fr\/#organization","name":"MioMio Run","url":"https:\/\/www.miomiorun.com\/fr\/","logo":{"@type":"ImageObject","inLanguage":"fr-FR","@id":"https:\/\/www.miomiorun.com\/fr\/#\/schema\/logo\/image\/","url":"https:\/\/www.miomiorun.com\/app\/uploads\/2019\/12\/logomio.png","contentUrl":"https:\/\/www.miomiorun.com\/app\/uploads\/2019\/12\/logomio.png","width":115,"height":82,"caption":"MioMio Run"},"image":{"@id":"https:\/\/www.miomiorun.com\/fr\/#\/schema\/logo\/image\/"},"sameAs":["https:\/\/www.facebook.com\/miomiorun\/","https:\/\/www.instagram.com\/miomiorun\/"]}]}},"_links":{"self":[{"href":"https:\/\/www.miomiorun.com\/fr\/wp-json\/wp\/v2\/product\/308907","targetHints":{"allow":["GET"]}}],"collection":[{"href":"https:\/\/www.miomiorun.com\/fr\/wp-json\/wp\/v2\/product"}],"about":[{"href":"https:\/\/www.miomiorun.com\/fr\/wp-json\/wp\/v2\/types\/product"}],"wp:featuredmedia":[{"embeddable":true,"href":"https:\/\/www.miomiorun.com\/fr\/wp-json\/wp\/v2\/media\/377193"}],"wp:attachment":[{"href":"https:\/\/www.miomiorun.com\/fr\/wp-json\/wp\/v2\/media?parent=308907"}],"wp:term":[{"taxonomy":"product_brand","embeddable":true,"href":"https:\/\/www.miomiorun.com\/fr\/wp-json\/wp\/v2\/product_brand?post=308907"},{"taxonomy":"product_cat","embeddable":true,"href":"https:\/\/www.miomiorun.com\/fr\/wp-json\/wp\/v2\/product_cat?post=308907"},{"taxonomy":"product_tag","embeddable":true,"href":"https:\/\/www.miomiorun.com\/fr\/wp-json\/wp\/v2\/product_tag?post=308907"}],"curies":[{"name":"wp","href":"https:\/\/api.w.org\/{rel}","templated":true}]}}