{"id":308076,"date":"2025-04-23T16:59:57","date_gmt":"2025-04-23T14:59:57","guid":{"rendered":"https:\/\/miomiorun.com\/?post_type=product&#038;p=308076"},"modified":"2025-12-03T10:48:32","modified_gmt":"2025-12-03T09:48:32","slug":"himalaya-t-shirt-homme","status":"publish","type":"product","link":"https:\/\/www.miomiorun.com\/fr\/produit\/himalaya-t-shirt-homme\/","title":{"rendered":"Himalaya T-shirt homme"},"content":{"rendered":"<h3 class=\"single-product-description\">La derni\u00e8re nouveaut\u00e9 de notre s\u00e9rie consacr\u00e9e aux plus belles montagnes du monde. Cette cha\u00eene de montagnes gigantesque abrite les plus hauts sommets du monde. Dans cette version pour homme, le motif Himalaya est propos\u00e9 dans une nuance violac\u00e9e. Comme toujours, le logo Wild Tee est imprim\u00e9 en contraste sur la poitrine.<\/h3>\n<div>\n<div class=\"description-product\">\n<h3 class=\"title-description\">Caract\u00e9ristiques<\/h3>\n<div>\n<p>Maillot technique l\u00e9ger et respirant. Fabriqu\u00e9 en tissu Micromesh doux comme de la soie. Id\u00e9al pour les courses d&#8217;Ultra Trail ou une soir\u00e9e entre amis.<\/p>\n<\/div>\n<\/div>\n<div class=\"tab-peso\">\n<h3>Poids<\/h3>\n<div>105 g.<\/div>\n<\/div>\n<div class=\"istruzioni\">\n<div>\n<div class=\"tab-composizione \">\n<div><\/div>\n<\/div>\n<\/div>\n<\/div>\n<\/div>\n","protected":false},"excerpt":{"rendered":"<ul>\n<li>l\u00e9g\u00e8re et respirante<\/li>\n<li>en tissu Micromesh doux<\/li>\n<\/ul>\n","protected":false},"featured_media":308551,"template":"","meta":{"_acf_changed":false,"inline_featured_image":false},"product_brand":[],"product_cat":[24449,24482],"product_tag":[23528,23567],"class_list":{"0":"post-308076","1":"product","2":"type-product","3":"status-publish","4":"has-post-thumbnail","6":"product_cat-t-shirt-fr-3","7":"product_cat-vetements-pour-hommes-fr","8":"product_tag-wild-tee-fr","9":"product_tag-wild-tee-homme","10":"pa_attivita-fitness-fr","11":"pa_attivita-marcher","12":"pa_attivita-running-fr","13":"pa_attivita-trail-fr","14":"pa_marca-wild-tee-fr","15":"pa_sesso-homme","16":"pa_size-small-fr","17":"pa_size-medium-fr","18":"pa_size-large-fr","19":"pa_size-extra-large-fr","21":"first","22":"instock","23":"sale","24":"taxable","25":"shipping-taxable","26":"purchasable","27":"product-type-variable","28":"wvs-archive-product-wrapper"},"acf":[],"yoast_head":"<!-- This site is optimized with the Yoast SEO plugin v26.8 - https:\/\/yoast.com\/product\/yoast-seo-wordpress\/ -->\n<title>Wild Tee Himalaya T-shirt homme - T-shirt de course \u00e0 pied - MioMioRun<\/title>\n<meta name=\"description\" content=\"Maillot technique, l\u00e9ger et respirant. Fabriqu\u00e9 en tissu Micromesh doux comme de la soie. Son grammage le rend id\u00e9al pour les courses de trail et d&#039;ultra-trail.\" \/>\n<meta name=\"robots\" content=\"index, follow, max-snippet:-1, max-image-preview:large, max-video-preview:-1\" \/>\n<link rel=\"canonical\" href=\"https:\/\/www.miomiorun.com\/fr\/produit\/himalaya-t-shirt-homme\/\" \/>\n<meta property=\"og:locale\" content=\"fr_FR\" \/>\n<meta property=\"og:type\" content=\"article\" \/>\n<meta property=\"og:title\" content=\"Wild Tee Himalaya T-shirt homme - T-shirt de course \u00e0 pied - MioMioRun\" \/>\n<meta property=\"og:description\" content=\"Maillot technique, l\u00e9ger et respirant. Fabriqu\u00e9 en tissu Micromesh doux comme de la soie. Son grammage le rend id\u00e9al pour les courses de trail et d&#039;ultra-trail.\" \/>\n<meta property=\"og:url\" content=\"https:\/\/www.miomiorun.com\/fr\/produit\/himalaya-t-shirt-homme\/\" \/>\n<meta property=\"og:site_name\" content=\"MioMioRun\" \/>\n<meta property=\"article:publisher\" content=\"https:\/\/www.facebook.com\/miomiorun\/\" \/>\n<meta property=\"article:modified_time\" content=\"2025-12-03T09:48:32+00:00\" \/>\n<meta property=\"og:image\" content=\"https:\/\/www.miomiorun.com\/app\/uploads\/2025\/04\/wild-tee-T-shirt-M-Himalaya-WT001WT129.webp\" \/>\n\t<meta property=\"og:image:width\" content=\"600\" \/>\n\t<meta property=\"og:image:height\" content=\"600\" \/>\n\t<meta property=\"og:image:type\" content=\"image\/webp\" \/>\n<meta name=\"twitter:card\" content=\"summary_large_image\" \/>\n<script type=\"application\/ld+json\" class=\"yoast-schema-graph\">{\"@context\":\"https:\/\/schema.org\",\"@graph\":[{\"@type\":\"WebPage\",\"@id\":\"https:\/\/www.miomiorun.com\/fr\/produit\/himalaya-t-shirt-homme\/\",\"url\":\"https:\/\/www.miomiorun.com\/fr\/produit\/himalaya-t-shirt-homme\/\",\"name\":\"Wild Tee Himalaya T-shirt homme - T-shirt de course \u00e0 pied - MioMioRun\",\"isPartOf\":{\"@id\":\"https:\/\/www.miomiorun.com\/fr\/#website\"},\"primaryImageOfPage\":{\"@id\":\"https:\/\/www.miomiorun.com\/fr\/produit\/himalaya-t-shirt-homme\/#primaryimage\"},\"image\":{\"@id\":\"https:\/\/www.miomiorun.com\/fr\/produit\/himalaya-t-shirt-homme\/#primaryimage\"},\"thumbnailUrl\":\"https:\/\/www.miomiorun.com\/app\/uploads\/2025\/04\/wild-tee-T-shirt-M-Himalaya-WT001WT129.webp\",\"datePublished\":\"2025-04-23T14:59:57+00:00\",\"dateModified\":\"2025-12-03T09:48:32+00:00\",\"description\":\"Maillot technique, l\u00e9ger et respirant. Fabriqu\u00e9 en tissu Micromesh doux comme de la soie. Son grammage le rend id\u00e9al pour les courses de trail et d'ultra-trail.\",\"breadcrumb\":{\"@id\":\"https:\/\/www.miomiorun.com\/fr\/produit\/himalaya-t-shirt-homme\/#breadcrumb\"},\"inLanguage\":\"fr-FR\",\"potentialAction\":[{\"@type\":\"ReadAction\",\"target\":[\"https:\/\/www.miomiorun.com\/fr\/produit\/himalaya-t-shirt-homme\/\"]}]},{\"@type\":\"ImageObject\",\"inLanguage\":\"fr-FR\",\"@id\":\"https:\/\/www.miomiorun.com\/fr\/produit\/himalaya-t-shirt-homme\/#primaryimage\",\"url\":\"https:\/\/www.miomiorun.com\/app\/uploads\/2025\/04\/wild-tee-T-shirt-M-Himalaya-WT001WT129.webp\",\"contentUrl\":\"https:\/\/www.miomiorun.com\/app\/uploads\/2025\/04\/wild-tee-T-shirt-M-Himalaya-WT001WT129.webp\",\"width\":600,\"height\":600,\"caption\":\"wild tee T-shirt M Himalaya WT001WT129\"},{\"@type\":\"BreadcrumbList\",\"@id\":\"https:\/\/www.miomiorun.com\/fr\/produit\/himalaya-t-shirt-homme\/#breadcrumb\",\"itemListElement\":[{\"@type\":\"ListItem\",\"position\":1,\"name\":\"Home\",\"item\":\"https:\/\/www.miomiorun.com\/fr\/home-page\/\"},{\"@type\":\"ListItem\",\"position\":2,\"name\":\"Shop\",\"item\":\"https:\/\/www.miomiorun.com\/shop\/\"},{\"@type\":\"ListItem\",\"position\":3,\"name\":\"Himalaya T-shirt homme\"}]},{\"@type\":\"WebSite\",\"@id\":\"https:\/\/www.miomiorun.com\/fr\/#website\",\"url\":\"https:\/\/www.miomiorun.com\/fr\/\",\"name\":\"MioMioRun\",\"description\":\"Boutique 100% running et trail\",\"publisher\":{\"@id\":\"https:\/\/www.miomiorun.com\/fr\/#organization\"},\"potentialAction\":[{\"@type\":\"SearchAction\",\"target\":{\"@type\":\"EntryPoint\",\"urlTemplate\":\"https:\/\/www.miomiorun.com\/fr\/?s={search_term_string}\"},\"query-input\":{\"@type\":\"PropertyValueSpecification\",\"valueRequired\":true,\"valueName\":\"search_term_string\"}}],\"inLanguage\":\"fr-FR\"},{\"@type\":\"Organization\",\"@id\":\"https:\/\/www.miomiorun.com\/fr\/#organization\",\"name\":\"MioMio Run\",\"url\":\"https:\/\/www.miomiorun.com\/fr\/\",\"logo\":{\"@type\":\"ImageObject\",\"inLanguage\":\"fr-FR\",\"@id\":\"https:\/\/www.miomiorun.com\/fr\/#\/schema\/logo\/image\/\",\"url\":\"https:\/\/www.miomiorun.com\/app\/uploads\/2019\/12\/logomio.png\",\"contentUrl\":\"https:\/\/www.miomiorun.com\/app\/uploads\/2019\/12\/logomio.png\",\"width\":115,\"height\":82,\"caption\":\"MioMio Run\"},\"image\":{\"@id\":\"https:\/\/www.miomiorun.com\/fr\/#\/schema\/logo\/image\/\"},\"sameAs\":[\"https:\/\/www.facebook.com\/miomiorun\/\",\"https:\/\/www.instagram.com\/miomiorun\/\"]}]}<\/script>\n<!-- \/ Yoast SEO plugin. -->","yoast_head_json":{"title":"Wild Tee Himalaya T-shirt homme - T-shirt de course \u00e0 pied - MioMioRun","description":"Maillot technique, l\u00e9ger et respirant. Fabriqu\u00e9 en tissu Micromesh doux comme de la soie. Son grammage le rend id\u00e9al pour les courses de trail et d'ultra-trail.","robots":{"index":"index","follow":"follow","max-snippet":"max-snippet:-1","max-image-preview":"max-image-preview:large","max-video-preview":"max-video-preview:-1"},"canonical":"https:\/\/www.miomiorun.com\/fr\/produit\/himalaya-t-shirt-homme\/","og_locale":"fr_FR","og_type":"article","og_title":"Wild Tee Himalaya T-shirt homme - T-shirt de course \u00e0 pied - MioMioRun","og_description":"Maillot technique, l\u00e9ger et respirant. Fabriqu\u00e9 en tissu Micromesh doux comme de la soie. Son grammage le rend id\u00e9al pour les courses de trail et d'ultra-trail.","og_url":"https:\/\/www.miomiorun.com\/fr\/produit\/himalaya-t-shirt-homme\/","og_site_name":"MioMioRun","article_publisher":"https:\/\/www.facebook.com\/miomiorun\/","article_modified_time":"2025-12-03T09:48:32+00:00","og_image":[{"width":600,"height":600,"url":"https:\/\/www.miomiorun.com\/app\/uploads\/2025\/04\/wild-tee-T-shirt-M-Himalaya-WT001WT129.webp","type":"image\/webp"}],"twitter_card":"summary_large_image","schema":{"@context":"https:\/\/schema.org","@graph":[{"@type":"WebPage","@id":"https:\/\/www.miomiorun.com\/fr\/produit\/himalaya-t-shirt-homme\/","url":"https:\/\/www.miomiorun.com\/fr\/produit\/himalaya-t-shirt-homme\/","name":"Wild Tee Himalaya T-shirt homme - T-shirt de course \u00e0 pied - MioMioRun","isPartOf":{"@id":"https:\/\/www.miomiorun.com\/fr\/#website"},"primaryImageOfPage":{"@id":"https:\/\/www.miomiorun.com\/fr\/produit\/himalaya-t-shirt-homme\/#primaryimage"},"image":{"@id":"https:\/\/www.miomiorun.com\/fr\/produit\/himalaya-t-shirt-homme\/#primaryimage"},"thumbnailUrl":"https:\/\/www.miomiorun.com\/app\/uploads\/2025\/04\/wild-tee-T-shirt-M-Himalaya-WT001WT129.webp","datePublished":"2025-04-23T14:59:57+00:00","dateModified":"2025-12-03T09:48:32+00:00","description":"Maillot technique, l\u00e9ger et respirant. Fabriqu\u00e9 en tissu Micromesh doux comme de la soie. Son grammage le rend id\u00e9al pour les courses de trail et d'ultra-trail.","breadcrumb":{"@id":"https:\/\/www.miomiorun.com\/fr\/produit\/himalaya-t-shirt-homme\/#breadcrumb"},"inLanguage":"fr-FR","potentialAction":[{"@type":"ReadAction","target":["https:\/\/www.miomiorun.com\/fr\/produit\/himalaya-t-shirt-homme\/"]}]},{"@type":"ImageObject","inLanguage":"fr-FR","@id":"https:\/\/www.miomiorun.com\/fr\/produit\/himalaya-t-shirt-homme\/#primaryimage","url":"https:\/\/www.miomiorun.com\/app\/uploads\/2025\/04\/wild-tee-T-shirt-M-Himalaya-WT001WT129.webp","contentUrl":"https:\/\/www.miomiorun.com\/app\/uploads\/2025\/04\/wild-tee-T-shirt-M-Himalaya-WT001WT129.webp","width":600,"height":600,"caption":"wild tee T-shirt M Himalaya WT001WT129"},{"@type":"BreadcrumbList","@id":"https:\/\/www.miomiorun.com\/fr\/produit\/himalaya-t-shirt-homme\/#breadcrumb","itemListElement":[{"@type":"ListItem","position":1,"name":"Home","item":"https:\/\/www.miomiorun.com\/fr\/home-page\/"},{"@type":"ListItem","position":2,"name":"Shop","item":"https:\/\/www.miomiorun.com\/shop\/"},{"@type":"ListItem","position":3,"name":"Himalaya T-shirt homme"}]},{"@type":"WebSite","@id":"https:\/\/www.miomiorun.com\/fr\/#website","url":"https:\/\/www.miomiorun.com\/fr\/","name":"MioMioRun","description":"Boutique 100% running et trail","publisher":{"@id":"https:\/\/www.miomiorun.com\/fr\/#organization"},"potentialAction":[{"@type":"SearchAction","target":{"@type":"EntryPoint","urlTemplate":"https:\/\/www.miomiorun.com\/fr\/?s={search_term_string}"},"query-input":{"@type":"PropertyValueSpecification","valueRequired":true,"valueName":"search_term_string"}}],"inLanguage":"fr-FR"},{"@type":"Organization","@id":"https:\/\/www.miomiorun.com\/fr\/#organization","name":"MioMio Run","url":"https:\/\/www.miomiorun.com\/fr\/","logo":{"@type":"ImageObject","inLanguage":"fr-FR","@id":"https:\/\/www.miomiorun.com\/fr\/#\/schema\/logo\/image\/","url":"https:\/\/www.miomiorun.com\/app\/uploads\/2019\/12\/logomio.png","contentUrl":"https:\/\/www.miomiorun.com\/app\/uploads\/2019\/12\/logomio.png","width":115,"height":82,"caption":"MioMio Run"},"image":{"@id":"https:\/\/www.miomiorun.com\/fr\/#\/schema\/logo\/image\/"},"sameAs":["https:\/\/www.facebook.com\/miomiorun\/","https:\/\/www.instagram.com\/miomiorun\/"]}]}},"_links":{"self":[{"href":"https:\/\/www.miomiorun.com\/fr\/wp-json\/wp\/v2\/product\/308076","targetHints":{"allow":["GET"]}}],"collection":[{"href":"https:\/\/www.miomiorun.com\/fr\/wp-json\/wp\/v2\/product"}],"about":[{"href":"https:\/\/www.miomiorun.com\/fr\/wp-json\/wp\/v2\/types\/product"}],"wp:featuredmedia":[{"embeddable":true,"href":"https:\/\/www.miomiorun.com\/fr\/wp-json\/wp\/v2\/media\/308551"}],"wp:attachment":[{"href":"https:\/\/www.miomiorun.com\/fr\/wp-json\/wp\/v2\/media?parent=308076"}],"wp:term":[{"taxonomy":"product_brand","embeddable":true,"href":"https:\/\/www.miomiorun.com\/fr\/wp-json\/wp\/v2\/product_brand?post=308076"},{"taxonomy":"product_cat","embeddable":true,"href":"https:\/\/www.miomiorun.com\/fr\/wp-json\/wp\/v2\/product_cat?post=308076"},{"taxonomy":"product_tag","embeddable":true,"href":"https:\/\/www.miomiorun.com\/fr\/wp-json\/wp\/v2\/product_tag?post=308076"}],"curies":[{"name":"wp","href":"https:\/\/api.w.org\/{rel}","templated":true}]}}