{"id":307851,"date":"2025-04-23T16:11:35","date_gmt":"2025-04-23T14:11:35","guid":{"rendered":"https:\/\/miomiorun.com\/?post_type=product&#038;p=307851"},"modified":"2025-04-29T17:37:42","modified_gmt":"2025-04-29T15:37:42","slug":"shorts-everglades-homme","status":"publish","type":"product","link":"https:\/\/www.miomiorun.com\/fr\/produit\/shorts-everglades-homme\/","title":{"rendered":"Shorts everglades homme"},"content":{"rendered":"<p class=\"\" data-end=\"676\" data-start=\"263\">Con\u00e7us pour \u00e9voquer l&#8217;attrait intemporel des shorts d&#8217;athl\u00e9tisme et test\u00e9s dans les conditions extr\u00eames du Marathon des Sables, les <strong data-end=\"426\" data-start=\"412\">Everglades<\/strong> repr\u00e9sentent une nouvelle ic\u00f4ne de l&#8217;habillement technique pour les coureurs exigeants.<br data-end=\"507\" data-start=\"504\" \/>Tout nouveau dans la collection <strong data-end=\"565\" data-start=\"540\">printemps-\u00e9t\u00e9 2025<\/strong>, ces shorts unisexes sont con\u00e7us pour offrir une <strong data-end=\"675\" data-start=\"616\">libert\u00e9 de mouvement, une l\u00e9g\u00e8ret\u00e9 et une fonctionnalit\u00e9 maximales<\/strong>.<\/p>\n<p class=\"\" data-end=\"886\" data-start=\"678\">Avec une coupe <strong data-end=\"697\" data-start=\"685\">masculine<\/strong> &#8211; une taille en dessous est recommand\u00e9e pour les femmes &#8211; et une structure <strong data-end=\"785\" data-start=\"763\">sans slip int\u00e9rieur<\/strong>, il est id\u00e9al pour ceux qui pr\u00e9f\u00e8rent une coupe plus ample ou qui utilisent des sous-v\u00eatements techniques personnalis\u00e9s.<\/p>\n<h4 class=\"\" data-end=\"920\" data-start=\"888\">Caract\u00e9ristiques principales :<\/h4>\n<ul data-end=\"1425\" data-start=\"921\">\n<li class=\"\" data-end=\"1004\" data-start=\"921\">\n<p class=\"\" data-end=\"1004\" data-start=\"923\"><strong data-end=\"950\" data-start=\"923\">Conception courte et minimaliste<\/strong>, parfaite pour les courses intenses sur route et les trails rapides.<\/p>\n<\/li>\n<li class=\"\" data-end=\"1156\" data-start=\"1005\">\n<p class=\"\" data-end=\"1156\" data-start=\"1007\"><strong data-end=\"1032\" data-start=\"1007\">3 poches intelligentes<\/strong>: deux poches lat\u00e9rales \u00e9lastiques pour les gels ou les barres \u00e9nerg\u00e9tiques + une poche arri\u00e8re avec <strong data-end=\"1124\" data-start=\"1113\">zip YKK<\/strong> s\u00e9curis\u00e9 pour les cl\u00e9s ou le smartphone.<\/p>\n<\/li>\n<li class=\"\" data-end=\"1248\" data-start=\"1157\">\n<p class=\"\" data-end=\"1248\" data-start=\"1159\"><strong data-end=\"1189\" data-start=\"1159\">Ceinture de<\/strong> marque ton sur ton <strong data-end=\"1189\" data-start=\"1159\">r\u00e9glable<\/strong> pour un ajustement parfait.<\/p>\n<\/li>\n<li class=\"\" data-end=\"1342\" data-start=\"1249\">\n<p class=\"\" data-end=\"1342\" data-start=\"1251\"><strong data-end=\"1276\" data-start=\"1251\">Logos r\u00e9fl\u00e9chissants 3M\u2122<\/strong> pour une visibilit\u00e9 et une s\u00e9curit\u00e9 accrues par faible luminosit\u00e9.<\/p>\n<\/li>\n<li class=\"\" data-end=\"1425\" data-start=\"1343\">\n<p class=\"\" data-end=\"1425\" data-start=\"1345\">Ne pesant <strong data-end=\"1371\" data-start=\"1345\">que 99 grammes<\/strong> en taille M, vous ne saurez m\u00eame pas que vous les portez.<\/p>\n<\/li>\n<\/ul>\n<p class=\"\" data-end=\"1608\" data-start=\"1427\">Fabriqu\u00e9 en <strong data-end=\"1449\" data-start=\"1441\">Chine<\/strong>, d\u00e9velopp\u00e9 en <strong data-end=\"1475\" data-start=\"1465\">Italie<\/strong> et test\u00e9 dans les d\u00e9serts les plus extr\u00eames : le <strong data-end=\"1536\" data-start=\"1515\">short Everglades<\/strong> est pr\u00eat \u00e0 vous accompagner partout, de la <strong data-end=\"1607\" data-start=\"1581\">route \u00e0 l&#8217;ultra trail<\/strong>.Design court et minimaliste<br \/>\n3 poches intelligentes<br \/>\nPoids de 99 grammes seulement<\/p>\n","protected":false},"excerpt":{"rendered":"<ul>\n<li>Design court et minimaliste<\/li>\n<li>3 poches intelligentes<\/li>\n<li>Poids de 99 grammes seulement<\/li>\n<\/ul>\n","protected":false},"featured_media":308439,"template":"","meta":{"_acf_changed":false,"inline_featured_image":false},"product_brand":[],"product_cat":[24477,24482],"product_tag":[23528,23567],"class_list":{"0":"post-307851","1":"product","2":"type-product","3":"status-publish","4":"has-post-thumbnail","6":"product_cat-pantalon-court-fr-3","7":"product_cat-vetements-pour-hommes-fr","8":"product_tag-wild-tee-fr","9":"product_tag-wild-tee-homme","10":"pa_attivita-fitness-fr","11":"pa_attivita-marcher","12":"pa_attivita-running-fr","13":"pa_colore-shorts-m-everglades-black-fr","14":"pa_colore-shorts-m-everglades-green-bay","15":"pa_marca-wild-tee-fr","16":"pa_sesso-homme","17":"pa_size-small-fr","18":"pa_size-medium-fr","19":"pa_size-large-fr","20":"pa_size-extra-large-fr","22":"first","23":"instock","24":"sale","25":"taxable","26":"shipping-taxable","27":"purchasable","28":"product-type-variable","29":"wvs-archive-product-wrapper"},"acf":[],"yoast_head":"<!-- This site is optimized with the Yoast SEO plugin v26.8 - https:\/\/yoast.com\/product\/yoast-seo-wordpress\/ -->\n<title>Wild Tee Shorts everglades homme - Short homme - MioMioRun<\/title>\n<meta name=\"description\" content=\"Short de marathon Wild Tee Everglades : ultra-l\u00e9ger, avec 3 poches et une coupe athl\u00e9tique. Sans slip int\u00e9rieur, test\u00e9 dans le Sahara. Id\u00e9al pour les longues distances.\" \/>\n<meta name=\"robots\" content=\"index, follow, max-snippet:-1, max-image-preview:large, max-video-preview:-1\" \/>\n<link rel=\"canonical\" href=\"https:\/\/www.miomiorun.com\/fr\/produit\/shorts-everglades-homme\/\" \/>\n<meta property=\"og:locale\" content=\"fr_FR\" \/>\n<meta property=\"og:type\" content=\"article\" \/>\n<meta property=\"og:title\" content=\"Wild Tee Shorts everglades homme - Short homme - MioMioRun\" \/>\n<meta property=\"og:description\" content=\"Short de marathon Wild Tee Everglades : ultra-l\u00e9ger, avec 3 poches et une coupe athl\u00e9tique. Sans slip int\u00e9rieur, test\u00e9 dans le Sahara. Id\u00e9al pour les longues distances.\" \/>\n<meta property=\"og:url\" content=\"https:\/\/www.miomiorun.com\/fr\/produit\/shorts-everglades-homme\/\" \/>\n<meta property=\"og:site_name\" content=\"MioMioRun\" \/>\n<meta property=\"article:publisher\" content=\"https:\/\/www.facebook.com\/miomiorun\/\" \/>\n<meta property=\"article:modified_time\" content=\"2025-04-29T15:37:42+00:00\" \/>\n<meta property=\"og:image\" content=\"https:\/\/www.miomiorun.com\/app\/uploads\/2025\/04\/wild-tee-Shorts-M-everglades-black-WT120WT05.webp\" \/>\n\t<meta property=\"og:image:width\" content=\"600\" \/>\n\t<meta property=\"og:image:height\" content=\"600\" \/>\n\t<meta property=\"og:image:type\" content=\"image\/webp\" \/>\n<meta name=\"twitter:card\" content=\"summary_large_image\" \/>\n<meta name=\"twitter:label1\" content=\"Est. reading time\" \/>\n\t<meta name=\"twitter:data1\" content=\"1 minute\" \/>\n<script type=\"application\/ld+json\" class=\"yoast-schema-graph\">{\"@context\":\"https:\/\/schema.org\",\"@graph\":[{\"@type\":\"WebPage\",\"@id\":\"https:\/\/www.miomiorun.com\/fr\/produit\/shorts-everglades-homme\/\",\"url\":\"https:\/\/www.miomiorun.com\/fr\/produit\/shorts-everglades-homme\/\",\"name\":\"Wild Tee Shorts everglades homme - Short homme - MioMioRun\",\"isPartOf\":{\"@id\":\"https:\/\/www.miomiorun.com\/fr\/#website\"},\"primaryImageOfPage\":{\"@id\":\"https:\/\/www.miomiorun.com\/fr\/produit\/shorts-everglades-homme\/#primaryimage\"},\"image\":{\"@id\":\"https:\/\/www.miomiorun.com\/fr\/produit\/shorts-everglades-homme\/#primaryimage\"},\"thumbnailUrl\":\"https:\/\/www.miomiorun.com\/app\/uploads\/2025\/04\/wild-tee-Shorts-M-everglades-black-WT120WT05.webp\",\"datePublished\":\"2025-04-23T14:11:35+00:00\",\"dateModified\":\"2025-04-29T15:37:42+00:00\",\"description\":\"Short de marathon Wild Tee Everglades : ultra-l\u00e9ger, avec 3 poches et une coupe athl\u00e9tique. Sans slip int\u00e9rieur, test\u00e9 dans le Sahara. Id\u00e9al pour les longues distances.\",\"breadcrumb\":{\"@id\":\"https:\/\/www.miomiorun.com\/fr\/produit\/shorts-everglades-homme\/#breadcrumb\"},\"inLanguage\":\"fr-FR\",\"potentialAction\":[{\"@type\":\"ReadAction\",\"target\":[\"https:\/\/www.miomiorun.com\/fr\/produit\/shorts-everglades-homme\/\"]}]},{\"@type\":\"ImageObject\",\"inLanguage\":\"fr-FR\",\"@id\":\"https:\/\/www.miomiorun.com\/fr\/produit\/shorts-everglades-homme\/#primaryimage\",\"url\":\"https:\/\/www.miomiorun.com\/app\/uploads\/2025\/04\/wild-tee-Shorts-M-everglades-black-WT120WT05.webp\",\"contentUrl\":\"https:\/\/www.miomiorun.com\/app\/uploads\/2025\/04\/wild-tee-Shorts-M-everglades-black-WT120WT05.webp\",\"width\":600,\"height\":600,\"caption\":\"wild tee Shorts M everglades black WT120WT05\"},{\"@type\":\"BreadcrumbList\",\"@id\":\"https:\/\/www.miomiorun.com\/fr\/produit\/shorts-everglades-homme\/#breadcrumb\",\"itemListElement\":[{\"@type\":\"ListItem\",\"position\":1,\"name\":\"Home\",\"item\":\"https:\/\/www.miomiorun.com\/fr\/home-page\/\"},{\"@type\":\"ListItem\",\"position\":2,\"name\":\"Shop\",\"item\":\"https:\/\/www.miomiorun.com\/shop\/\"},{\"@type\":\"ListItem\",\"position\":3,\"name\":\"Shorts everglades homme\"}]},{\"@type\":\"WebSite\",\"@id\":\"https:\/\/www.miomiorun.com\/fr\/#website\",\"url\":\"https:\/\/www.miomiorun.com\/fr\/\",\"name\":\"MioMioRun\",\"description\":\"Boutique 100% running et trail\",\"publisher\":{\"@id\":\"https:\/\/www.miomiorun.com\/fr\/#organization\"},\"potentialAction\":[{\"@type\":\"SearchAction\",\"target\":{\"@type\":\"EntryPoint\",\"urlTemplate\":\"https:\/\/www.miomiorun.com\/fr\/?s={search_term_string}\"},\"query-input\":{\"@type\":\"PropertyValueSpecification\",\"valueRequired\":true,\"valueName\":\"search_term_string\"}}],\"inLanguage\":\"fr-FR\"},{\"@type\":\"Organization\",\"@id\":\"https:\/\/www.miomiorun.com\/fr\/#organization\",\"name\":\"MioMio Run\",\"url\":\"https:\/\/www.miomiorun.com\/fr\/\",\"logo\":{\"@type\":\"ImageObject\",\"inLanguage\":\"fr-FR\",\"@id\":\"https:\/\/www.miomiorun.com\/fr\/#\/schema\/logo\/image\/\",\"url\":\"https:\/\/www.miomiorun.com\/app\/uploads\/2019\/12\/logomio.png\",\"contentUrl\":\"https:\/\/www.miomiorun.com\/app\/uploads\/2019\/12\/logomio.png\",\"width\":115,\"height\":82,\"caption\":\"MioMio Run\"},\"image\":{\"@id\":\"https:\/\/www.miomiorun.com\/fr\/#\/schema\/logo\/image\/\"},\"sameAs\":[\"https:\/\/www.facebook.com\/miomiorun\/\",\"https:\/\/www.instagram.com\/miomiorun\/\"]}]}<\/script>\n<!-- \/ Yoast SEO plugin. -->","yoast_head_json":{"title":"Wild Tee Shorts everglades homme - Short homme - MioMioRun","description":"Short de marathon Wild Tee Everglades : ultra-l\u00e9ger, avec 3 poches et une coupe athl\u00e9tique. Sans slip int\u00e9rieur, test\u00e9 dans le Sahara. Id\u00e9al pour les longues distances.","robots":{"index":"index","follow":"follow","max-snippet":"max-snippet:-1","max-image-preview":"max-image-preview:large","max-video-preview":"max-video-preview:-1"},"canonical":"https:\/\/www.miomiorun.com\/fr\/produit\/shorts-everglades-homme\/","og_locale":"fr_FR","og_type":"article","og_title":"Wild Tee Shorts everglades homme - Short homme - MioMioRun","og_description":"Short de marathon Wild Tee Everglades : ultra-l\u00e9ger, avec 3 poches et une coupe athl\u00e9tique. Sans slip int\u00e9rieur, test\u00e9 dans le Sahara. Id\u00e9al pour les longues distances.","og_url":"https:\/\/www.miomiorun.com\/fr\/produit\/shorts-everglades-homme\/","og_site_name":"MioMioRun","article_publisher":"https:\/\/www.facebook.com\/miomiorun\/","article_modified_time":"2025-04-29T15:37:42+00:00","og_image":[{"width":600,"height":600,"url":"https:\/\/www.miomiorun.com\/app\/uploads\/2025\/04\/wild-tee-Shorts-M-everglades-black-WT120WT05.webp","type":"image\/webp"}],"twitter_card":"summary_large_image","twitter_misc":{"Est. reading time":"1 minute"},"schema":{"@context":"https:\/\/schema.org","@graph":[{"@type":"WebPage","@id":"https:\/\/www.miomiorun.com\/fr\/produit\/shorts-everglades-homme\/","url":"https:\/\/www.miomiorun.com\/fr\/produit\/shorts-everglades-homme\/","name":"Wild Tee Shorts everglades homme - Short homme - MioMioRun","isPartOf":{"@id":"https:\/\/www.miomiorun.com\/fr\/#website"},"primaryImageOfPage":{"@id":"https:\/\/www.miomiorun.com\/fr\/produit\/shorts-everglades-homme\/#primaryimage"},"image":{"@id":"https:\/\/www.miomiorun.com\/fr\/produit\/shorts-everglades-homme\/#primaryimage"},"thumbnailUrl":"https:\/\/www.miomiorun.com\/app\/uploads\/2025\/04\/wild-tee-Shorts-M-everglades-black-WT120WT05.webp","datePublished":"2025-04-23T14:11:35+00:00","dateModified":"2025-04-29T15:37:42+00:00","description":"Short de marathon Wild Tee Everglades : ultra-l\u00e9ger, avec 3 poches et une coupe athl\u00e9tique. Sans slip int\u00e9rieur, test\u00e9 dans le Sahara. Id\u00e9al pour les longues distances.","breadcrumb":{"@id":"https:\/\/www.miomiorun.com\/fr\/produit\/shorts-everglades-homme\/#breadcrumb"},"inLanguage":"fr-FR","potentialAction":[{"@type":"ReadAction","target":["https:\/\/www.miomiorun.com\/fr\/produit\/shorts-everglades-homme\/"]}]},{"@type":"ImageObject","inLanguage":"fr-FR","@id":"https:\/\/www.miomiorun.com\/fr\/produit\/shorts-everglades-homme\/#primaryimage","url":"https:\/\/www.miomiorun.com\/app\/uploads\/2025\/04\/wild-tee-Shorts-M-everglades-black-WT120WT05.webp","contentUrl":"https:\/\/www.miomiorun.com\/app\/uploads\/2025\/04\/wild-tee-Shorts-M-everglades-black-WT120WT05.webp","width":600,"height":600,"caption":"wild tee Shorts M everglades black WT120WT05"},{"@type":"BreadcrumbList","@id":"https:\/\/www.miomiorun.com\/fr\/produit\/shorts-everglades-homme\/#breadcrumb","itemListElement":[{"@type":"ListItem","position":1,"name":"Home","item":"https:\/\/www.miomiorun.com\/fr\/home-page\/"},{"@type":"ListItem","position":2,"name":"Shop","item":"https:\/\/www.miomiorun.com\/shop\/"},{"@type":"ListItem","position":3,"name":"Shorts everglades homme"}]},{"@type":"WebSite","@id":"https:\/\/www.miomiorun.com\/fr\/#website","url":"https:\/\/www.miomiorun.com\/fr\/","name":"MioMioRun","description":"Boutique 100% running et trail","publisher":{"@id":"https:\/\/www.miomiorun.com\/fr\/#organization"},"potentialAction":[{"@type":"SearchAction","target":{"@type":"EntryPoint","urlTemplate":"https:\/\/www.miomiorun.com\/fr\/?s={search_term_string}"},"query-input":{"@type":"PropertyValueSpecification","valueRequired":true,"valueName":"search_term_string"}}],"inLanguage":"fr-FR"},{"@type":"Organization","@id":"https:\/\/www.miomiorun.com\/fr\/#organization","name":"MioMio Run","url":"https:\/\/www.miomiorun.com\/fr\/","logo":{"@type":"ImageObject","inLanguage":"fr-FR","@id":"https:\/\/www.miomiorun.com\/fr\/#\/schema\/logo\/image\/","url":"https:\/\/www.miomiorun.com\/app\/uploads\/2019\/12\/logomio.png","contentUrl":"https:\/\/www.miomiorun.com\/app\/uploads\/2019\/12\/logomio.png","width":115,"height":82,"caption":"MioMio Run"},"image":{"@id":"https:\/\/www.miomiorun.com\/fr\/#\/schema\/logo\/image\/"},"sameAs":["https:\/\/www.facebook.com\/miomiorun\/","https:\/\/www.instagram.com\/miomiorun\/"]}]}},"_links":{"self":[{"href":"https:\/\/www.miomiorun.com\/fr\/wp-json\/wp\/v2\/product\/307851","targetHints":{"allow":["GET"]}}],"collection":[{"href":"https:\/\/www.miomiorun.com\/fr\/wp-json\/wp\/v2\/product"}],"about":[{"href":"https:\/\/www.miomiorun.com\/fr\/wp-json\/wp\/v2\/types\/product"}],"wp:featuredmedia":[{"embeddable":true,"href":"https:\/\/www.miomiorun.com\/fr\/wp-json\/wp\/v2\/media\/308439"}],"wp:attachment":[{"href":"https:\/\/www.miomiorun.com\/fr\/wp-json\/wp\/v2\/media?parent=307851"}],"wp:term":[{"taxonomy":"product_brand","embeddable":true,"href":"https:\/\/www.miomiorun.com\/fr\/wp-json\/wp\/v2\/product_brand?post=307851"},{"taxonomy":"product_cat","embeddable":true,"href":"https:\/\/www.miomiorun.com\/fr\/wp-json\/wp\/v2\/product_cat?post=307851"},{"taxonomy":"product_tag","embeddable":true,"href":"https:\/\/www.miomiorun.com\/fr\/wp-json\/wp\/v2\/product_tag?post=307851"}],"curies":[{"name":"wp","href":"https:\/\/api.w.org\/{rel}","templated":true}]}}