{"id":307727,"date":"2025-04-23T16:03:08","date_gmt":"2025-04-23T14:03:08","guid":{"rendered":"https:\/\/miomiorun.com\/?post_type=product&#038;p=307727"},"modified":"2025-04-30T10:43:06","modified_gmt":"2025-04-30T08:43:06","slug":"bryce-3-0-shorts-homme","status":"publish","type":"product","link":"https:\/\/www.miomiorun.com\/fr\/produit\/bryce-3-0-shorts-homme\/","title":{"rendered":"Bryce 3.0 Shorts homme"},"content":{"rendered":"<p class=\"\" data-end=\"590\" data-start=\"243\">Affrontez vos courses sur route ou sur sentier avec la <strong data-end=\"361\" data-start=\"297\">troisi\u00e8me \u00e9volution du short de course \u00e0 pied le plus appr\u00e9ci\u00e9 de tous les temps<\/strong>. Le nouveau <strong data-end=\"394\" data-start=\"371\">Wild Tee Shorts 3.0<\/strong> conserve tout ce qui a rendu le mod\u00e8le original l\u00e9gendaire, en l&#8217;am\u00e9liorant avec une <strong data-end=\"527\" data-start=\"483\">coupe l\u00e9g\u00e8rement plus longue sur la jambe<\/strong> et un <strong data-end=\"589\" data-start=\"533\">confort sup\u00e9rieur gr\u00e2ce \u00e0 la culotte int\u00e9rieure int\u00e9gr\u00e9e<\/strong>.<\/p>\n<p class=\"\" data-end=\"829\" data-start=\"592\">Con\u00e7u pour le coureur exigeant, ce short de <strong data-end=\"673\" data-start=\"646\">course et de trail<\/strong> est <strong data-end=\"703\" data-start=\"679\">ultral\u00e9ger (110 g)<\/strong>, extr\u00eamement respirant et dot\u00e9 d&#8217;un <strong data-end=\"770\" data-start=\"746\">design \u00e0 5 poches<\/strong> pour transporter tout ce dont vous avez besoin pendant votre activit\u00e9.<\/p>\n<h3 class=\"\" data-end=\"870\" data-start=\"836\">Caract\u00e9ristiques principales :<\/h3>\n<ul data-end=\"1461\" data-start=\"871\">\n<li class=\"\" data-end=\"959\" data-start=\"871\">\n<p class=\"\" data-end=\"959\" data-start=\"873\"><strong data-end=\"916\" data-start=\"876\">Slip int\u00e9rieur avec coutures invers\u00e9es<\/strong> anti-friction pour un confort durable<\/p>\n<\/li>\n<li class=\"\" data-end=\"1061\" data-start=\"960\">\n<p class=\"\" data-end=\"1061\" data-start=\"962\"><strong data-end=\"998\" data-start=\"965\">Tissu l\u00e9ger et respirant<\/strong> avec <strong data-end=\"1023\" data-start=\"1004\">insert en maille<\/strong> entre les jambes pour une meilleure ventilation<\/p>\n<\/li>\n<li class=\"\" data-end=\"1210\" data-start=\"1062\">\n<p class=\"\" data-end=\"1093\" data-start=\"1064\"><strong data-end=\"1090\" data-start=\"1067\">5 poches fonctionnelles<\/strong>:<\/p>\n<ul data-end=\"1210\" data-start=\"1096\">\n<li class=\"\" data-end=\"1136\" data-start=\"1096\">\n<p class=\"\" data-end=\"1136\" data-start=\"1098\">2 poches lat\u00e9rales pour les gels ou les barres<\/p>\n<\/li>\n<li class=\"\" data-end=\"1210\" data-start=\"1139\">\n<p class=\"\" data-end=\"1210\" data-start=\"1141\">1 poche arri\u00e8re avec <strong data-end=\"1175\" data-start=\"1164\">fermeture \u00e0 glissi\u00e8re YKK<\/strong>, id\u00e9ale pour les cl\u00e9s ou les smartphones<\/p>\n<\/li>\n<\/ul>\n<\/li>\n<li class=\"\" data-end=\"1269\" data-start=\"1211\">\n<p class=\"\" data-end=\"1269\" data-start=\"1213\"><strong data-end=\"1246\" data-start=\"1216\">Cordon de taille r\u00e9glable<\/strong> portant la marque Wild Tee<\/p>\n<\/li>\n<li class=\"\" data-end=\"1349\" data-start=\"1270\">\n<p class=\"\" data-end=\"1349\" data-start=\"1272\"><strong data-end=\"1295\" data-start=\"1274\">Logos r\u00e9fl\u00e9chissants<\/strong> sur la jambe droite et dans le dos pour une visibilit\u00e9 optimale<\/p>\n<\/li>\n<li class=\"\" data-end=\"1440\" data-start=\"1350\">\n<p class=\"\" data-end=\"1440\" data-start=\"1352\">Design italien, <strong data-end=\"1394\" data-start=\"1372\">test\u00e9 dans le Sahara<\/strong>, fabriqu\u00e9 en Chine avec une qualit\u00e9 s\u00e9lectionn\u00e9e<\/p>\n<\/li>\n<li class=\"\" data-end=\"1461\" data-start=\"1441\">\n<p class=\"\" data-end=\"1461\" data-start=\"1443\"><strong data-end=\"1461\" data-start=\"1446\">Poids : 110 g<\/strong><\/p>\n<\/li>\n<\/ul>\n<h3 class=\"\" data-end=\"1486\" data-start=\"1468\">Id\u00e9al pour :<\/h3>\n<p class=\"\" data-end=\"1720\" data-start=\"1487\">Courses et entra\u00eenements de course \u00e0 pied et de trail<br data-end=\"1529\" data-start=\"1526\" \/>Ceux qui aiment la l\u00e9g\u00e8ret\u00e9 sans renoncer \u00e0 la fonctionnalit\u00e9<br data-end=\"1589\" data-start=\"1586\" \/>Les athl\u00e8tes qui recherchent des v\u00eatements anti-frottement et ventil\u00e9s<br data-end=\"1646\" data-start=\"1643\" \/>Les coureurs qui veulent transporter des gels, des barres et un t\u00e9l\u00e9phone&#8230; sans sac \u00e0 dos.<\/p>\n","protected":false},"excerpt":{"rendered":"<ul>\n<li>Courses et entra\u00eenements de course \u00e0 pied et de trail<\/li>\n<li>Ceux qui aiment la l\u00e9g\u00e8ret\u00e9 mais ne renoncent pas \u00e0 la fonctionnalit\u00e9<\/li>\n<li>Athl\u00e8tes recherchant des v\u00eatements anti-friction et ventil\u00e9s<\/li>\n<\/ul>\n","protected":false},"featured_media":308386,"template":"","meta":{"_acf_changed":false,"inline_featured_image":false},"product_brand":[],"product_cat":[24477,24482],"product_tag":[23528,23567],"class_list":{"0":"post-307727","1":"product","2":"type-product","3":"status-publish","4":"has-post-thumbnail","6":"product_cat-pantalon-court-fr-3","7":"product_cat-vetements-pour-hommes-fr","8":"product_tag-wild-tee-fr","9":"product_tag-wild-tee-homme","10":"pa_attivita-marcher","11":"pa_attivita-running-fr","12":"pa_attivita-trail-fr","13":"pa_colore-shorts-m-bryce-3-0-black-fr","14":"pa_colore-shorts-m-bryce-3-0-fallen-rock-fr","15":"pa_marca-wild-tee-fr","16":"pa_sesso-homme","17":"pa_size-small-fr","18":"pa_size-medium-fr","19":"pa_size-large-fr","20":"pa_size-extra-large-fr","22":"first","23":"instock","24":"sale","25":"taxable","26":"shipping-taxable","27":"purchasable","28":"product-type-variable","29":"wvs-archive-product-wrapper"},"acf":[],"yoast_head":"<!-- This site is optimized with the Yoast SEO plugin v26.8 - https:\/\/yoast.com\/product\/yoast-seo-wordpress\/ -->\n<title>Wild Tee Bryce 3.0 Shorts homme - Short homme - MioMioRun<\/title>\n<meta name=\"description\" content=\"D\u00e9couvrez le nouveau Bryce 3.0 de Wild Tee : l\u00e9ger, respirant, avec 5 poches et un slip int\u00e9rieur. Id\u00e9al pour la course \u00e0 pied et le trail running. Confort et fonctionnalit\u00e9 \u00e0 chaque pas.\" \/>\n<meta name=\"robots\" content=\"index, follow, max-snippet:-1, max-image-preview:large, max-video-preview:-1\" \/>\n<link rel=\"canonical\" href=\"https:\/\/www.miomiorun.com\/fr\/produit\/bryce-3-0-shorts-homme\/\" \/>\n<meta property=\"og:locale\" content=\"fr_FR\" \/>\n<meta property=\"og:type\" content=\"article\" \/>\n<meta property=\"og:title\" content=\"Wild Tee Bryce 3.0 Shorts homme - Short homme - MioMioRun\" \/>\n<meta property=\"og:description\" content=\"D\u00e9couvrez le nouveau Bryce 3.0 de Wild Tee : l\u00e9ger, respirant, avec 5 poches et un slip int\u00e9rieur. Id\u00e9al pour la course \u00e0 pied et le trail running. Confort et fonctionnalit\u00e9 \u00e0 chaque pas.\" \/>\n<meta property=\"og:url\" content=\"https:\/\/www.miomiorun.com\/fr\/produit\/bryce-3-0-shorts-homme\/\" \/>\n<meta property=\"og:site_name\" content=\"MioMioRun\" \/>\n<meta property=\"article:publisher\" content=\"https:\/\/www.facebook.com\/miomiorun\/\" \/>\n<meta property=\"article:modified_time\" content=\"2025-04-30T08:43:06+00:00\" \/>\n<meta property=\"og:image\" content=\"https:\/\/www.miomiorun.com\/app\/uploads\/2025\/04\/wild-tee-Shorts-M-bryce-3.0-black-WT110WT05.webp\" \/>\n\t<meta property=\"og:image:width\" content=\"600\" \/>\n\t<meta property=\"og:image:height\" content=\"600\" \/>\n\t<meta property=\"og:image:type\" content=\"image\/webp\" \/>\n<meta name=\"twitter:card\" content=\"summary_large_image\" \/>\n<meta name=\"twitter:label1\" content=\"Est. reading time\" \/>\n\t<meta name=\"twitter:data1\" content=\"1 minute\" \/>\n<script type=\"application\/ld+json\" class=\"yoast-schema-graph\">{\"@context\":\"https:\/\/schema.org\",\"@graph\":[{\"@type\":\"WebPage\",\"@id\":\"https:\/\/www.miomiorun.com\/fr\/produit\/bryce-3-0-shorts-homme\/\",\"url\":\"https:\/\/www.miomiorun.com\/fr\/produit\/bryce-3-0-shorts-homme\/\",\"name\":\"Wild Tee Bryce 3.0 Shorts homme - Short homme - MioMioRun\",\"isPartOf\":{\"@id\":\"https:\/\/www.miomiorun.com\/fr\/#website\"},\"primaryImageOfPage\":{\"@id\":\"https:\/\/www.miomiorun.com\/fr\/produit\/bryce-3-0-shorts-homme\/#primaryimage\"},\"image\":{\"@id\":\"https:\/\/www.miomiorun.com\/fr\/produit\/bryce-3-0-shorts-homme\/#primaryimage\"},\"thumbnailUrl\":\"https:\/\/www.miomiorun.com\/app\/uploads\/2025\/04\/wild-tee-Shorts-M-bryce-3.0-black-WT110WT05.webp\",\"datePublished\":\"2025-04-23T14:03:08+00:00\",\"dateModified\":\"2025-04-30T08:43:06+00:00\",\"description\":\"D\u00e9couvrez le nouveau Bryce 3.0 de Wild Tee : l\u00e9ger, respirant, avec 5 poches et un slip int\u00e9rieur. Id\u00e9al pour la course \u00e0 pied et le trail running. Confort et fonctionnalit\u00e9 \u00e0 chaque pas.\",\"breadcrumb\":{\"@id\":\"https:\/\/www.miomiorun.com\/fr\/produit\/bryce-3-0-shorts-homme\/#breadcrumb\"},\"inLanguage\":\"fr-FR\",\"potentialAction\":[{\"@type\":\"ReadAction\",\"target\":[\"https:\/\/www.miomiorun.com\/fr\/produit\/bryce-3-0-shorts-homme\/\"]}]},{\"@type\":\"ImageObject\",\"inLanguage\":\"fr-FR\",\"@id\":\"https:\/\/www.miomiorun.com\/fr\/produit\/bryce-3-0-shorts-homme\/#primaryimage\",\"url\":\"https:\/\/www.miomiorun.com\/app\/uploads\/2025\/04\/wild-tee-Shorts-M-bryce-3.0-black-WT110WT05.webp\",\"contentUrl\":\"https:\/\/www.miomiorun.com\/app\/uploads\/2025\/04\/wild-tee-Shorts-M-bryce-3.0-black-WT110WT05.webp\",\"width\":600,\"height\":600,\"caption\":\"wild tee Shorts M bryce 3.0 black WT110WT05\"},{\"@type\":\"BreadcrumbList\",\"@id\":\"https:\/\/www.miomiorun.com\/fr\/produit\/bryce-3-0-shorts-homme\/#breadcrumb\",\"itemListElement\":[{\"@type\":\"ListItem\",\"position\":1,\"name\":\"Home\",\"item\":\"https:\/\/www.miomiorun.com\/fr\/home-page\/\"},{\"@type\":\"ListItem\",\"position\":2,\"name\":\"Shop\",\"item\":\"https:\/\/www.miomiorun.com\/shop\/\"},{\"@type\":\"ListItem\",\"position\":3,\"name\":\"Bryce 3.0 Shorts homme\"}]},{\"@type\":\"WebSite\",\"@id\":\"https:\/\/www.miomiorun.com\/fr\/#website\",\"url\":\"https:\/\/www.miomiorun.com\/fr\/\",\"name\":\"MioMioRun\",\"description\":\"Boutique 100% running et trail\",\"publisher\":{\"@id\":\"https:\/\/www.miomiorun.com\/fr\/#organization\"},\"potentialAction\":[{\"@type\":\"SearchAction\",\"target\":{\"@type\":\"EntryPoint\",\"urlTemplate\":\"https:\/\/www.miomiorun.com\/fr\/?s={search_term_string}\"},\"query-input\":{\"@type\":\"PropertyValueSpecification\",\"valueRequired\":true,\"valueName\":\"search_term_string\"}}],\"inLanguage\":\"fr-FR\"},{\"@type\":\"Organization\",\"@id\":\"https:\/\/www.miomiorun.com\/fr\/#organization\",\"name\":\"MioMio Run\",\"url\":\"https:\/\/www.miomiorun.com\/fr\/\",\"logo\":{\"@type\":\"ImageObject\",\"inLanguage\":\"fr-FR\",\"@id\":\"https:\/\/www.miomiorun.com\/fr\/#\/schema\/logo\/image\/\",\"url\":\"https:\/\/www.miomiorun.com\/app\/uploads\/2019\/12\/logomio.png\",\"contentUrl\":\"https:\/\/www.miomiorun.com\/app\/uploads\/2019\/12\/logomio.png\",\"width\":115,\"height\":82,\"caption\":\"MioMio Run\"},\"image\":{\"@id\":\"https:\/\/www.miomiorun.com\/fr\/#\/schema\/logo\/image\/\"},\"sameAs\":[\"https:\/\/www.facebook.com\/miomiorun\/\",\"https:\/\/www.instagram.com\/miomiorun\/\"]}]}<\/script>\n<!-- \/ Yoast SEO plugin. -->","yoast_head_json":{"title":"Wild Tee Bryce 3.0 Shorts homme - Short homme - MioMioRun","description":"D\u00e9couvrez le nouveau Bryce 3.0 de Wild Tee : l\u00e9ger, respirant, avec 5 poches et un slip int\u00e9rieur. Id\u00e9al pour la course \u00e0 pied et le trail running. Confort et fonctionnalit\u00e9 \u00e0 chaque pas.","robots":{"index":"index","follow":"follow","max-snippet":"max-snippet:-1","max-image-preview":"max-image-preview:large","max-video-preview":"max-video-preview:-1"},"canonical":"https:\/\/www.miomiorun.com\/fr\/produit\/bryce-3-0-shorts-homme\/","og_locale":"fr_FR","og_type":"article","og_title":"Wild Tee Bryce 3.0 Shorts homme - Short homme - MioMioRun","og_description":"D\u00e9couvrez le nouveau Bryce 3.0 de Wild Tee : l\u00e9ger, respirant, avec 5 poches et un slip int\u00e9rieur. Id\u00e9al pour la course \u00e0 pied et le trail running. Confort et fonctionnalit\u00e9 \u00e0 chaque pas.","og_url":"https:\/\/www.miomiorun.com\/fr\/produit\/bryce-3-0-shorts-homme\/","og_site_name":"MioMioRun","article_publisher":"https:\/\/www.facebook.com\/miomiorun\/","article_modified_time":"2025-04-30T08:43:06+00:00","og_image":[{"width":600,"height":600,"url":"https:\/\/www.miomiorun.com\/app\/uploads\/2025\/04\/wild-tee-Shorts-M-bryce-3.0-black-WT110WT05.webp","type":"image\/webp"}],"twitter_card":"summary_large_image","twitter_misc":{"Est. reading time":"1 minute"},"schema":{"@context":"https:\/\/schema.org","@graph":[{"@type":"WebPage","@id":"https:\/\/www.miomiorun.com\/fr\/produit\/bryce-3-0-shorts-homme\/","url":"https:\/\/www.miomiorun.com\/fr\/produit\/bryce-3-0-shorts-homme\/","name":"Wild Tee Bryce 3.0 Shorts homme - Short homme - MioMioRun","isPartOf":{"@id":"https:\/\/www.miomiorun.com\/fr\/#website"},"primaryImageOfPage":{"@id":"https:\/\/www.miomiorun.com\/fr\/produit\/bryce-3-0-shorts-homme\/#primaryimage"},"image":{"@id":"https:\/\/www.miomiorun.com\/fr\/produit\/bryce-3-0-shorts-homme\/#primaryimage"},"thumbnailUrl":"https:\/\/www.miomiorun.com\/app\/uploads\/2025\/04\/wild-tee-Shorts-M-bryce-3.0-black-WT110WT05.webp","datePublished":"2025-04-23T14:03:08+00:00","dateModified":"2025-04-30T08:43:06+00:00","description":"D\u00e9couvrez le nouveau Bryce 3.0 de Wild Tee : l\u00e9ger, respirant, avec 5 poches et un slip int\u00e9rieur. Id\u00e9al pour la course \u00e0 pied et le trail running. Confort et fonctionnalit\u00e9 \u00e0 chaque pas.","breadcrumb":{"@id":"https:\/\/www.miomiorun.com\/fr\/produit\/bryce-3-0-shorts-homme\/#breadcrumb"},"inLanguage":"fr-FR","potentialAction":[{"@type":"ReadAction","target":["https:\/\/www.miomiorun.com\/fr\/produit\/bryce-3-0-shorts-homme\/"]}]},{"@type":"ImageObject","inLanguage":"fr-FR","@id":"https:\/\/www.miomiorun.com\/fr\/produit\/bryce-3-0-shorts-homme\/#primaryimage","url":"https:\/\/www.miomiorun.com\/app\/uploads\/2025\/04\/wild-tee-Shorts-M-bryce-3.0-black-WT110WT05.webp","contentUrl":"https:\/\/www.miomiorun.com\/app\/uploads\/2025\/04\/wild-tee-Shorts-M-bryce-3.0-black-WT110WT05.webp","width":600,"height":600,"caption":"wild tee Shorts M bryce 3.0 black WT110WT05"},{"@type":"BreadcrumbList","@id":"https:\/\/www.miomiorun.com\/fr\/produit\/bryce-3-0-shorts-homme\/#breadcrumb","itemListElement":[{"@type":"ListItem","position":1,"name":"Home","item":"https:\/\/www.miomiorun.com\/fr\/home-page\/"},{"@type":"ListItem","position":2,"name":"Shop","item":"https:\/\/www.miomiorun.com\/shop\/"},{"@type":"ListItem","position":3,"name":"Bryce 3.0 Shorts homme"}]},{"@type":"WebSite","@id":"https:\/\/www.miomiorun.com\/fr\/#website","url":"https:\/\/www.miomiorun.com\/fr\/","name":"MioMioRun","description":"Boutique 100% running et trail","publisher":{"@id":"https:\/\/www.miomiorun.com\/fr\/#organization"},"potentialAction":[{"@type":"SearchAction","target":{"@type":"EntryPoint","urlTemplate":"https:\/\/www.miomiorun.com\/fr\/?s={search_term_string}"},"query-input":{"@type":"PropertyValueSpecification","valueRequired":true,"valueName":"search_term_string"}}],"inLanguage":"fr-FR"},{"@type":"Organization","@id":"https:\/\/www.miomiorun.com\/fr\/#organization","name":"MioMio Run","url":"https:\/\/www.miomiorun.com\/fr\/","logo":{"@type":"ImageObject","inLanguage":"fr-FR","@id":"https:\/\/www.miomiorun.com\/fr\/#\/schema\/logo\/image\/","url":"https:\/\/www.miomiorun.com\/app\/uploads\/2019\/12\/logomio.png","contentUrl":"https:\/\/www.miomiorun.com\/app\/uploads\/2019\/12\/logomio.png","width":115,"height":82,"caption":"MioMio Run"},"image":{"@id":"https:\/\/www.miomiorun.com\/fr\/#\/schema\/logo\/image\/"},"sameAs":["https:\/\/www.facebook.com\/miomiorun\/","https:\/\/www.instagram.com\/miomiorun\/"]}]}},"_links":{"self":[{"href":"https:\/\/www.miomiorun.com\/fr\/wp-json\/wp\/v2\/product\/307727","targetHints":{"allow":["GET"]}}],"collection":[{"href":"https:\/\/www.miomiorun.com\/fr\/wp-json\/wp\/v2\/product"}],"about":[{"href":"https:\/\/www.miomiorun.com\/fr\/wp-json\/wp\/v2\/types\/product"}],"wp:featuredmedia":[{"embeddable":true,"href":"https:\/\/www.miomiorun.com\/fr\/wp-json\/wp\/v2\/media\/308386"}],"wp:attachment":[{"href":"https:\/\/www.miomiorun.com\/fr\/wp-json\/wp\/v2\/media?parent=307727"}],"wp:term":[{"taxonomy":"product_brand","embeddable":true,"href":"https:\/\/www.miomiorun.com\/fr\/wp-json\/wp\/v2\/product_brand?post=307727"},{"taxonomy":"product_cat","embeddable":true,"href":"https:\/\/www.miomiorun.com\/fr\/wp-json\/wp\/v2\/product_cat?post=307727"},{"taxonomy":"product_tag","embeddable":true,"href":"https:\/\/www.miomiorun.com\/fr\/wp-json\/wp\/v2\/product_tag?post=307727"}],"curies":[{"name":"wp","href":"https:\/\/api.w.org\/{rel}","templated":true}]}}