{"id":306798,"date":"2025-04-22T12:29:34","date_gmt":"2025-04-22T10:29:34","guid":{"rendered":"https:\/\/miomiorun.com\/?post_type=product&#038;p=306798"},"modified":"2025-04-23T10:34:55","modified_gmt":"2025-04-23T08:34:55","slug":"pant-traverse-femme","status":"publish","type":"product","link":"https:\/\/www.miomiorun.com\/fr\/produit\/pant-traverse-femme\/","title":{"rendered":"Pant Traverse femme"},"content":{"rendered":"<p class=\"\" data-end=\"629\" data-start=\"265\">D\u00e9couvrez le nouveau <strong data-end=\"298\" data-start=\"281\">Traverse Pant<\/strong>, l&#8217;une des propositions les plus int\u00e9ressantes de la collection SS25, con\u00e7ue pour les amateurs de trekking l\u00e9ger, d&#8217;excursions en moyenne montagne et de contact direct avec la nature. Un pantalon technique qui allie <strong data-end=\"544\" data-start=\"504\">polyvalence, l\u00e9g\u00e8ret\u00e9 et protection<\/strong>, parfait pour \u00eatre port\u00e9 en mouvement et capable de s&#8217;adapter \u00e0 n&#8217;importe quelle situation en plein air.<\/p>\n<p class=\"\" data-end=\"985\" data-start=\"631\"><strong data-end=\"672\" data-start=\"631\">Fabriqu\u00e9 en tissu Endurance Light<\/strong>, ce pantalon garantit <strong data-end=\"725\" data-start=\"697\">l\u00e9g\u00e8ret\u00e9 et compacit\u00e9<\/strong> sans compromettre la chaleur, ce qui le rend id\u00e9al en mi-saison ou en altitude. Les panneaux <strong data-end=\"850\" data-start=\"832\">Stretch Series<\/strong>, super l\u00e9gers et \u00e9lastiques, assurent une libert\u00e9 de mouvement maximale et vous accompagnent pas \u00e0 pas sur les sentiers les plus exigeants.<\/p>\n<h3 class=\"\" data-end=\"1021\" data-start=\"987\"><strong data-end=\"1021\" data-start=\"993\">Caract\u00e9ristiques techniques<\/strong><\/h3>\n<ul data-end=\"1634\" data-start=\"1022\">\n<li class=\"\" data-end=\"1124\" data-start=\"1022\">\n<p class=\"\" data-end=\"1124\" data-start=\"1024\"><strong data-end=\"1064\" data-start=\"1024\">Poches lat\u00e9rales avec fermeture \u00e0 glissi\u00e8re<\/strong>: pour garder en s\u00e9curit\u00e9 ce dont vous avez besoin pendant l&#8217;activit\u00e9<\/p>\n<\/li>\n<li class=\"\" data-end=\"1208\" data-start=\"1125\">\n<p class=\"\" data-end=\"1208\" data-start=\"1127\"><strong data-end=\"1164\" data-start=\"1127\">Poche lat\u00e9rale avec ourlet \u00e9lastique<\/strong>: accessible et pratique pour les objets rapides<\/p>\n<\/li>\n<li class=\"\" data-end=\"1267\" data-start=\"1209\">\n<p class=\"\" data-end=\"1267\" data-start=\"1211\"><strong data-end=\"1238\" data-start=\"1211\">Taille \u00e9lastiqu\u00e9e<\/strong>: confort sans contrainte<\/p>\n<\/li>\n<li class=\"\" data-end=\"1381\" data-start=\"1268\">\n<p class=\"\" data-end=\"1381\" data-start=\"1270\"><strong data-end=\"1345\" data-start=\"1270\">Ceinture avec fermeture \u00e0 glissi\u00e8re et boutons pression ultra-plats \u00e0 haute r\u00e9sistance<\/strong>: s\u00e9curit\u00e9 et ajustement parfait<\/p>\n<\/li>\n<li class=\"\" data-end=\"1474\" data-start=\"1382\">\n<p class=\"\" data-end=\"1474\" data-start=\"1384\"><strong data-end=\"1425\" data-start=\"1384\">Bas de pantalon r\u00e9glable par cordon \u00e9lastique<\/strong>: adapte le pantalon aux bottes ou aux chaussures de trail<\/p>\n<\/li>\n<li class=\"\" data-end=\"1570\" data-start=\"1475\">\n<p class=\"\" data-end=\"1570\" data-start=\"1477\"><strong data-end=\"1498\" data-start=\"1477\">Logos r\u00e9fl\u00e9chissants<\/strong>: pour une meilleure visibilit\u00e9 au cr\u00e9puscule ou en cas de faible luminosit\u00e9<\/p>\n<\/li>\n<li class=\"\" data-end=\"1634\" data-start=\"1571\">\n<p class=\"\" data-end=\"1634\" data-start=\"1573\"><strong data-end=\"1608\" data-start=\"1573\">Coutures de couleur contrast\u00e9e<\/strong>: look moderne et technique<\/p>\n<\/li>\n<\/ul>\n<h3 class=\"\" data-end=\"1664\" data-start=\"1636\"><strong data-end=\"1664\" data-start=\"1643\">Pourquoi le choisir<\/strong><\/h3>\n<p class=\"\" data-end=\"1979\" data-start=\"1665\">\u2714 Parfait pour le trekking l\u00e9ger et les randonn\u00e9es de printemps et d&#8217;\u00e9t\u00e9<br data-end=\"1735\" data-start=\"1732\" \/>\u2714 Super compact et facile \u00e0 ranger dans le sac \u00e0 dos<br data-end=\"1786\" data-start=\"1783\" \/>\u2714 Extr\u00eamement extensible et confortable dans toutes les situations<br data-end=\"1846\" data-start=\"1843\" \/>\u2714 Style \u00e9pur\u00e9 et technique, \u00e9galement adapt\u00e9 aux loisirs en plein air<br data-end=\"1915\" data-start=\"1912\" \/>\u2714 D\u00e9tails fonctionnels con\u00e7us pour ceux qui vivent vraiment la montagne.<\/p>\n","protected":false},"excerpt":{"rendered":"<p><strong data-start=\"1559\" data-end=\"1581\">L\u00e9ger et compact<\/strong>: facile \u00e0 plier dans votre sac \u00e0 dos<br data-start=\"1614\" data-end=\"1617\"><strong data-start=\"1619\" data-end=\"1642\">Technique et \u00e9lastique<\/strong>: accompagne tous vos mouvements<br data-start=\"1673\" data-end=\"1676\"><strong data-start=\"1678\" data-end=\"1702\">Pratique et fonctionnel<\/strong>: \u00e9quip\u00e9 de poches s\u00e9curis\u00e9es et de d\u00e9tails ajustables<br data-start=\"1749\" data-end=\"1752\"><strong data-start=\"1754\" data-end=\"1785\">Visible en toutes circonstances<\/strong>: logos r\u00e9fl\u00e9chissants pour plus de s\u00e9curit\u00e9<\/p>\n","protected":false},"featured_media":306745,"template":"","meta":{"_acf_changed":false,"inline_featured_image":false},"product_brand":[],"product_cat":[22603,22596],"product_tag":[23489,23491],"class_list":{"0":"post-306798","1":"product","2":"type-product","3":"status-publish","4":"has-post-thumbnail","6":"product_cat-pantalon-long","7":"product_cat-vetements-pour-femmes","8":"product_tag-crazy-idea-fr","9":"product_tag-crazy-idea-femme","10":"pa_attivita-lifestyle-fr","11":"pa_attivita-outdoor-fr","12":"pa_colore-pant-traverse-w-pop-fr","13":"pa_marca-crazy-idea-fr","14":"pa_sesso-femme","15":"pa_size-40-fr","16":"pa_size-42-fr","17":"pa_size-44-fr","18":"pa_size-46-fr","20":"first","21":"instock","22":"sale","23":"taxable","24":"shipping-taxable","25":"purchasable","26":"product-type-variable","27":"wvs-archive-product-wrapper"},"acf":[],"yoast_head":"<!-- This site is optimized with the Yoast SEO plugin v26.8 - https:\/\/yoast.com\/product\/yoast-seo-wordpress\/ -->\n<title>Crazy Idea Pant Traverse femme - Pantalon de randonn\u00e9e - MioMioRun<\/title>\n<meta name=\"description\" content=\"D\u00e9couvrez le Pant Traverse SS25, le pantalon technique l\u00e9ger et compact id\u00e9al pour le trekking et les excursions en moyenne montagne. Confort et protection maximum.\" \/>\n<meta name=\"robots\" content=\"index, follow, max-snippet:-1, max-image-preview:large, max-video-preview:-1\" \/>\n<link rel=\"canonical\" href=\"https:\/\/www.miomiorun.com\/fr\/produit\/pant-traverse-femme\/\" \/>\n<meta property=\"og:locale\" content=\"fr_FR\" \/>\n<meta property=\"og:type\" content=\"article\" \/>\n<meta property=\"og:title\" content=\"Crazy Idea Pant Traverse femme - Pantalon de randonn\u00e9e - MioMioRun\" \/>\n<meta property=\"og:description\" content=\"D\u00e9couvrez le Pant Traverse SS25, le pantalon technique l\u00e9ger et compact id\u00e9al pour le trekking et les excursions en moyenne montagne. Confort et protection maximum.\" \/>\n<meta property=\"og:url\" content=\"https:\/\/www.miomiorun.com\/fr\/produit\/pant-traverse-femme\/\" \/>\n<meta property=\"og:site_name\" content=\"MioMioRun\" \/>\n<meta property=\"article:publisher\" content=\"https:\/\/www.facebook.com\/miomiorun\/\" \/>\n<meta property=\"article:modified_time\" content=\"2025-04-23T08:34:55+00:00\" \/>\n<meta property=\"og:image\" content=\"https:\/\/www.miomiorun.com\/app\/uploads\/2025\/04\/crazy-Pant-Traverse-W-pop-S25015154D-0063.webp\" \/>\n\t<meta property=\"og:image:width\" content=\"600\" \/>\n\t<meta property=\"og:image:height\" content=\"600\" \/>\n\t<meta property=\"og:image:type\" content=\"image\/webp\" \/>\n<meta name=\"twitter:card\" content=\"summary_large_image\" \/>\n<meta name=\"twitter:label1\" content=\"Est. reading time\" \/>\n\t<meta name=\"twitter:data1\" content=\"1 minute\" \/>\n<script type=\"application\/ld+json\" class=\"yoast-schema-graph\">{\"@context\":\"https:\/\/schema.org\",\"@graph\":[{\"@type\":\"WebPage\",\"@id\":\"https:\/\/www.miomiorun.com\/fr\/produit\/pant-traverse-femme\/\",\"url\":\"https:\/\/www.miomiorun.com\/fr\/produit\/pant-traverse-femme\/\",\"name\":\"Crazy Idea Pant Traverse femme - Pantalon de randonn\u00e9e - MioMioRun\",\"isPartOf\":{\"@id\":\"https:\/\/www.miomiorun.com\/fr\/#website\"},\"primaryImageOfPage\":{\"@id\":\"https:\/\/www.miomiorun.com\/fr\/produit\/pant-traverse-femme\/#primaryimage\"},\"image\":{\"@id\":\"https:\/\/www.miomiorun.com\/fr\/produit\/pant-traverse-femme\/#primaryimage\"},\"thumbnailUrl\":\"https:\/\/www.miomiorun.com\/app\/uploads\/2025\/04\/crazy-Pant-Traverse-W-pop-S25015154D-0063.webp\",\"datePublished\":\"2025-04-22T10:29:34+00:00\",\"dateModified\":\"2025-04-23T08:34:55+00:00\",\"description\":\"D\u00e9couvrez le Pant Traverse SS25, le pantalon technique l\u00e9ger et compact id\u00e9al pour le trekking et les excursions en moyenne montagne. Confort et protection maximum.\",\"breadcrumb\":{\"@id\":\"https:\/\/www.miomiorun.com\/fr\/produit\/pant-traverse-femme\/#breadcrumb\"},\"inLanguage\":\"fr-FR\",\"potentialAction\":[{\"@type\":\"ReadAction\",\"target\":[\"https:\/\/www.miomiorun.com\/fr\/produit\/pant-traverse-femme\/\"]}]},{\"@type\":\"ImageObject\",\"inLanguage\":\"fr-FR\",\"@id\":\"https:\/\/www.miomiorun.com\/fr\/produit\/pant-traverse-femme\/#primaryimage\",\"url\":\"https:\/\/www.miomiorun.com\/app\/uploads\/2025\/04\/crazy-Pant-Traverse-W-pop-S25015154D-0063.webp\",\"contentUrl\":\"https:\/\/www.miomiorun.com\/app\/uploads\/2025\/04\/crazy-Pant-Traverse-W-pop-S25015154D-0063.webp\",\"width\":600,\"height\":600,\"caption\":\"crazy Pant Traverse W pop S25015154D-0063\"},{\"@type\":\"BreadcrumbList\",\"@id\":\"https:\/\/www.miomiorun.com\/fr\/produit\/pant-traverse-femme\/#breadcrumb\",\"itemListElement\":[{\"@type\":\"ListItem\",\"position\":1,\"name\":\"Home\",\"item\":\"https:\/\/www.miomiorun.com\/fr\/home-page\/\"},{\"@type\":\"ListItem\",\"position\":2,\"name\":\"Shop\",\"item\":\"https:\/\/www.miomiorun.com\/shop\/\"},{\"@type\":\"ListItem\",\"position\":3,\"name\":\"Pant Traverse femme\"}]},{\"@type\":\"WebSite\",\"@id\":\"https:\/\/www.miomiorun.com\/fr\/#website\",\"url\":\"https:\/\/www.miomiorun.com\/fr\/\",\"name\":\"MioMioRun\",\"description\":\"Boutique 100% running et trail\",\"publisher\":{\"@id\":\"https:\/\/www.miomiorun.com\/fr\/#organization\"},\"potentialAction\":[{\"@type\":\"SearchAction\",\"target\":{\"@type\":\"EntryPoint\",\"urlTemplate\":\"https:\/\/www.miomiorun.com\/fr\/?s={search_term_string}\"},\"query-input\":{\"@type\":\"PropertyValueSpecification\",\"valueRequired\":true,\"valueName\":\"search_term_string\"}}],\"inLanguage\":\"fr-FR\"},{\"@type\":\"Organization\",\"@id\":\"https:\/\/www.miomiorun.com\/fr\/#organization\",\"name\":\"MioMio Run\",\"url\":\"https:\/\/www.miomiorun.com\/fr\/\",\"logo\":{\"@type\":\"ImageObject\",\"inLanguage\":\"fr-FR\",\"@id\":\"https:\/\/www.miomiorun.com\/fr\/#\/schema\/logo\/image\/\",\"url\":\"https:\/\/www.miomiorun.com\/app\/uploads\/2019\/12\/logomio.png\",\"contentUrl\":\"https:\/\/www.miomiorun.com\/app\/uploads\/2019\/12\/logomio.png\",\"width\":115,\"height\":82,\"caption\":\"MioMio Run\"},\"image\":{\"@id\":\"https:\/\/www.miomiorun.com\/fr\/#\/schema\/logo\/image\/\"},\"sameAs\":[\"https:\/\/www.facebook.com\/miomiorun\/\",\"https:\/\/www.instagram.com\/miomiorun\/\"]}]}<\/script>\n<!-- \/ Yoast SEO plugin. -->","yoast_head_json":{"title":"Crazy Idea Pant Traverse femme - Pantalon de randonn\u00e9e - MioMioRun","description":"D\u00e9couvrez le Pant Traverse SS25, le pantalon technique l\u00e9ger et compact id\u00e9al pour le trekking et les excursions en moyenne montagne. Confort et protection maximum.","robots":{"index":"index","follow":"follow","max-snippet":"max-snippet:-1","max-image-preview":"max-image-preview:large","max-video-preview":"max-video-preview:-1"},"canonical":"https:\/\/www.miomiorun.com\/fr\/produit\/pant-traverse-femme\/","og_locale":"fr_FR","og_type":"article","og_title":"Crazy Idea Pant Traverse femme - Pantalon de randonn\u00e9e - MioMioRun","og_description":"D\u00e9couvrez le Pant Traverse SS25, le pantalon technique l\u00e9ger et compact id\u00e9al pour le trekking et les excursions en moyenne montagne. Confort et protection maximum.","og_url":"https:\/\/www.miomiorun.com\/fr\/produit\/pant-traverse-femme\/","og_site_name":"MioMioRun","article_publisher":"https:\/\/www.facebook.com\/miomiorun\/","article_modified_time":"2025-04-23T08:34:55+00:00","og_image":[{"width":600,"height":600,"url":"https:\/\/www.miomiorun.com\/app\/uploads\/2025\/04\/crazy-Pant-Traverse-W-pop-S25015154D-0063.webp","type":"image\/webp"}],"twitter_card":"summary_large_image","twitter_misc":{"Est. reading time":"1 minute"},"schema":{"@context":"https:\/\/schema.org","@graph":[{"@type":"WebPage","@id":"https:\/\/www.miomiorun.com\/fr\/produit\/pant-traverse-femme\/","url":"https:\/\/www.miomiorun.com\/fr\/produit\/pant-traverse-femme\/","name":"Crazy Idea Pant Traverse femme - Pantalon de randonn\u00e9e - MioMioRun","isPartOf":{"@id":"https:\/\/www.miomiorun.com\/fr\/#website"},"primaryImageOfPage":{"@id":"https:\/\/www.miomiorun.com\/fr\/produit\/pant-traverse-femme\/#primaryimage"},"image":{"@id":"https:\/\/www.miomiorun.com\/fr\/produit\/pant-traverse-femme\/#primaryimage"},"thumbnailUrl":"https:\/\/www.miomiorun.com\/app\/uploads\/2025\/04\/crazy-Pant-Traverse-W-pop-S25015154D-0063.webp","datePublished":"2025-04-22T10:29:34+00:00","dateModified":"2025-04-23T08:34:55+00:00","description":"D\u00e9couvrez le Pant Traverse SS25, le pantalon technique l\u00e9ger et compact id\u00e9al pour le trekking et les excursions en moyenne montagne. Confort et protection maximum.","breadcrumb":{"@id":"https:\/\/www.miomiorun.com\/fr\/produit\/pant-traverse-femme\/#breadcrumb"},"inLanguage":"fr-FR","potentialAction":[{"@type":"ReadAction","target":["https:\/\/www.miomiorun.com\/fr\/produit\/pant-traverse-femme\/"]}]},{"@type":"ImageObject","inLanguage":"fr-FR","@id":"https:\/\/www.miomiorun.com\/fr\/produit\/pant-traverse-femme\/#primaryimage","url":"https:\/\/www.miomiorun.com\/app\/uploads\/2025\/04\/crazy-Pant-Traverse-W-pop-S25015154D-0063.webp","contentUrl":"https:\/\/www.miomiorun.com\/app\/uploads\/2025\/04\/crazy-Pant-Traverse-W-pop-S25015154D-0063.webp","width":600,"height":600,"caption":"crazy Pant Traverse W pop S25015154D-0063"},{"@type":"BreadcrumbList","@id":"https:\/\/www.miomiorun.com\/fr\/produit\/pant-traverse-femme\/#breadcrumb","itemListElement":[{"@type":"ListItem","position":1,"name":"Home","item":"https:\/\/www.miomiorun.com\/fr\/home-page\/"},{"@type":"ListItem","position":2,"name":"Shop","item":"https:\/\/www.miomiorun.com\/shop\/"},{"@type":"ListItem","position":3,"name":"Pant Traverse femme"}]},{"@type":"WebSite","@id":"https:\/\/www.miomiorun.com\/fr\/#website","url":"https:\/\/www.miomiorun.com\/fr\/","name":"MioMioRun","description":"Boutique 100% running et trail","publisher":{"@id":"https:\/\/www.miomiorun.com\/fr\/#organization"},"potentialAction":[{"@type":"SearchAction","target":{"@type":"EntryPoint","urlTemplate":"https:\/\/www.miomiorun.com\/fr\/?s={search_term_string}"},"query-input":{"@type":"PropertyValueSpecification","valueRequired":true,"valueName":"search_term_string"}}],"inLanguage":"fr-FR"},{"@type":"Organization","@id":"https:\/\/www.miomiorun.com\/fr\/#organization","name":"MioMio Run","url":"https:\/\/www.miomiorun.com\/fr\/","logo":{"@type":"ImageObject","inLanguage":"fr-FR","@id":"https:\/\/www.miomiorun.com\/fr\/#\/schema\/logo\/image\/","url":"https:\/\/www.miomiorun.com\/app\/uploads\/2019\/12\/logomio.png","contentUrl":"https:\/\/www.miomiorun.com\/app\/uploads\/2019\/12\/logomio.png","width":115,"height":82,"caption":"MioMio Run"},"image":{"@id":"https:\/\/www.miomiorun.com\/fr\/#\/schema\/logo\/image\/"},"sameAs":["https:\/\/www.facebook.com\/miomiorun\/","https:\/\/www.instagram.com\/miomiorun\/"]}]}},"_links":{"self":[{"href":"https:\/\/www.miomiorun.com\/fr\/wp-json\/wp\/v2\/product\/306798","targetHints":{"allow":["GET"]}}],"collection":[{"href":"https:\/\/www.miomiorun.com\/fr\/wp-json\/wp\/v2\/product"}],"about":[{"href":"https:\/\/www.miomiorun.com\/fr\/wp-json\/wp\/v2\/types\/product"}],"wp:featuredmedia":[{"embeddable":true,"href":"https:\/\/www.miomiorun.com\/fr\/wp-json\/wp\/v2\/media\/306745"}],"wp:attachment":[{"href":"https:\/\/www.miomiorun.com\/fr\/wp-json\/wp\/v2\/media?parent=306798"}],"wp:term":[{"taxonomy":"product_brand","embeddable":true,"href":"https:\/\/www.miomiorun.com\/fr\/wp-json\/wp\/v2\/product_brand?post=306798"},{"taxonomy":"product_cat","embeddable":true,"href":"https:\/\/www.miomiorun.com\/fr\/wp-json\/wp\/v2\/product_cat?post=306798"},{"taxonomy":"product_tag","embeddable":true,"href":"https:\/\/www.miomiorun.com\/fr\/wp-json\/wp\/v2\/product_tag?post=306798"}],"curies":[{"name":"wp","href":"https:\/\/api.w.org\/{rel}","templated":true}]}}