{"id":304623,"date":"2025-04-16T10:46:02","date_gmt":"2025-04-16T08:46:02","guid":{"rendered":"https:\/\/miomiorun.com\/?post_type=product&#038;p=304623"},"modified":"2026-05-08T22:44:54","modified_gmt":"2026-05-08T20:44:54","slug":"bandes-cardio-garmin-hrm-200","status":"publish","type":"product","link":"https:\/\/www.miomiorun.com\/fr\/produit\/bandes-cardio-garmin-hrm-200\/","title":{"rendered":"Bandes cardio HRM 200"},"content":{"rendered":"<h3 class=\"\" data-start=\"99\" data-end=\"152\">&nbsp;<strong data-start=\"106\" data-end=\"152\">HRM 200 : VOTRE FR\u00c9QUENCE CARDIAQUE AU BOUT DU DOIGT<\/strong><\/h3>\n<p class=\"\" data-start=\"154\" data-end=\"550\">Pour ceux qui courent, font du v\u00e9lo ou s&#8217;entra\u00eenent avec passion, il est essentiel de conna\u00eetre leur rythme cardiaque. Avec la <strong data-start=\"250\" data-end=\"275\">ceinture cardio HRM 200<\/strong>, vous disposerez de donn\u00e9es fiables et pr\u00e9cises sur votre <strong data-start=\"314\" data-end=\"336\">fr\u00e9quence cardiaque<\/strong> et votre <strong data-start=\"345\" data-end=\"391\">variabilit\u00e9 de la fr\u00e9quence cardiaque (VFC)<\/strong>, toujours \u00e0 port\u00e9e de main, transmises en temps r\u00e9el \u00e0 vos appareils Garmin, compteurs de v\u00e9lo Edge\u00ae, application Tacx Training\u2122 et de nombreuses autres applications compatibles.<\/p>\n<h3 class=\"\" data-start=\"552\" data-end=\"619\">&nbsp;<strong data-start=\"559\" data-end=\"619\">PERFORMANCE ET PR\u00c9CISION, O\u00d9 QUE VOUS VOUS ENTRA\u00ceNIEZ<\/strong><\/h3>\n<p class=\"\" data-start=\"620\" data-end=\"860\">Que vous vous lanciez dans une longue course, une s\u00e9ance de cyclisme en salle, un entra\u00eenement fonctionnel ou une randonn\u00e9e, le <strong data-start=\"731\" data-end=\"742\">HRM 200<\/strong> garantit des mesures constantes et fiables, vous aidant \u00e0 surveiller chaque battement cardiaque afin d&#8217;optimiser vos performances.<\/p>\n<h3 class=\"\" data-start=\"862\" data-end=\"890\"><strong data-start=\"869\" data-end=\"890\">CONFORT SUR MESURE<\/strong><\/h3>\n<p class=\"\" data-start=\"891\" data-end=\"1125\">L\u00e9ger, discret et <strong data-start=\"911\" data-end=\"940\">disponible en deux tailles<\/strong> (XS-S et M-XL), il s&#8217;adapte parfaitement \u00e0 la forme de votre corps gr\u00e2ce \u00e0 sa bande souple et r\u00e9glable, con\u00e7ue pour vous offrir un confort maximal m\u00eame pendant les s\u00e9ances les plus intenses.<\/p>\n<h3 class=\"\" data-start=\"1127\" data-end=\"1159\">&nbsp;<strong data-start=\"1134\" data-end=\"1159\">R\u00c9SISTANT ET LAVABLE<\/strong><\/h3>\n<p class=\"\" data-start=\"1160\" data-end=\"1354\">Entra\u00eenez-vous sans souci : l&#8217;<strong data-start=\"1188\" data-end=\"1231\">indice d&#8217;\u00e9tanch\u00e9it\u00e9 3 ATM<\/strong> prot\u00e8ge le bandeau de la transpiration et de la pluie, tandis que le <strong data-start=\"1282\" data-end=\"1314\">bandeau lavable en machine<\/strong> rend son entretien pratique et rapide. <\/p>\n<h3 class=\"\" data-start=\"1356\" data-end=\"1393\">&nbsp;<strong data-start=\"1363\" data-end=\"1393\">JUSQU&#8217;\u00c0 1 AN D&#8217;AUTONOMIE<\/strong><\/h3>\n<p class=\"\" data-start=\"1394\" data-end=\"1552\">Gr\u00e2ce \u00e0 la batterie rempla\u00e7able par l&#8217;utilisateur d&#8217;une dur\u00e9e pouvant atteindre <strong data-start=\"1458\" data-end=\"1469\">12 mois<\/strong>, vous pouvez vous concentrer uniquement sur vos entra\u00eenements, sans vous soucier de la recharge.<\/p>\n<h3 class=\"\" data-start=\"1554\" data-end=\"1585\">&nbsp;<strong data-start=\"1560\" data-end=\"1585\">CONNEXION IMM\u00c9DIATE<\/strong><\/h3>\n<p class=\"\" data-start=\"1586\" data-end=\"1800\">Une LED int\u00e9gr\u00e9e vous indique lorsque l&#8217;appareil est pr\u00eat ou lorsqu&#8217;il est temps de changer la batterie, tandis que le syst\u00e8me d&#8217;appairage simplifi\u00e9 garantit une connexion rapide \u00e0 vos appareils compatibles. <\/p>\n<p class=\"\" data-start=\"1807\" data-end=\"1976\"><strong data-start=\"1807\" data-end=\"1976\">&nbsp;Si vous recherchez une ceinture cardio pr\u00e9cise, confortable et con\u00e7ue pour vous accompagner dans tous vos d\u00e9fis, la Garmin HRM 200 est le choix id\u00e9al pour votre prochain entra\u00eenement !<\/strong><\/p><\/p>\n","protected":false},"excerpt":{"rendered":"<p>&nbsp;HRM 200 : VOTRE FR\u00c9QUENCE CARDIAQUE AU BOUT DU DOIGT Pour ceux qui courent, font du v\u00e9lo ou s&#8217;entra\u00eenent avec passion, il est essentiel de conna\u00eetre leur rythme cardiaque. Avec la ceinture cardio HRM 200, vous disposerez de donn\u00e9es fiables et pr\u00e9cises sur votre fr\u00e9quence cardiaque et votre variabilit\u00e9 de la fr\u00e9quence cardiaque (VFC), toujours &hellip; <a href=\"https:\/\/www.miomiorun.com\/fr\/produit\/bandes-cardio-garmin-hrm-200\/\">Continued<\/a><\/p>\n","protected":false},"featured_media":308704,"template":"","meta":{"_acf_changed":false,"inline_featured_image":false},"product_brand":[],"product_cat":[22537,22566],"product_tag":[23480],"class_list":{"0":"post-304623","1":"product","2":"type-product","3":"status-publish","4":"has-post-thumbnail","6":"product_cat-garmin-fr","7":"product_cat-accessoires-fr","8":"product_tag-garmin-fr","9":"pa_marca-garmin-fr","10":"pa_sesso-femme","11":"pa_sesso-homme","12":"pa_size-m-xl-fr","13":"pa_size-xs-s-fr","15":"first","16":"instock","17":"sale","18":"taxable","19":"shipping-taxable","20":"purchasable","21":"product-type-variable","22":"wvs-archive-product-wrapper"},"acf":[],"yoast_head":"<!-- This site is optimized with the Yoast SEO plugin v26.8 - https:\/\/yoast.com\/product\/yoast-seo-wordpress\/ -->\n<title>Garmin Bandes cardio HRM 200 - Bandes cardio - MioMioRun<\/title>\n<meta name=\"description\" content=\"D\u00e9couvrez le Garmin HRM 200, le cardiofr\u00e9quencem\u00e8tre pr\u00e9cis et confortable pour la course \u00e0 pied, le cyclisme et le fitness. Connexion en temps r\u00e9el, \u00e9tanche et lavable.\" \/>\n<meta name=\"robots\" content=\"index, follow, max-snippet:-1, max-image-preview:large, max-video-preview:-1\" \/>\n<link rel=\"canonical\" href=\"https:\/\/www.miomiorun.com\/fr\/produit\/bandes-cardio-garmin-hrm-200\/\" \/>\n<meta property=\"og:locale\" content=\"fr_FR\" \/>\n<meta property=\"og:type\" content=\"article\" \/>\n<meta property=\"og:title\" content=\"Garmin Bandes cardio HRM 200 - Bandes cardio - MioMioRun\" \/>\n<meta property=\"og:description\" content=\"D\u00e9couvrez le Garmin HRM 200, le cardiofr\u00e9quencem\u00e8tre pr\u00e9cis et confortable pour la course \u00e0 pied, le cyclisme et le fitness. Connexion en temps r\u00e9el, \u00e9tanche et lavable.\" \/>\n<meta property=\"og:url\" content=\"https:\/\/www.miomiorun.com\/fr\/produit\/bandes-cardio-garmin-hrm-200\/\" \/>\n<meta property=\"og:site_name\" content=\"MioMioRun\" \/>\n<meta property=\"article:publisher\" content=\"https:\/\/www.facebook.com\/miomiorun\/\" \/>\n<meta property=\"article:modified_time\" content=\"2026-05-08T20:44:54+00:00\" \/>\n<meta property=\"og:image\" content=\"https:\/\/www.miomiorun.com\/app\/uploads\/2025\/04\/garmin-HRM-200-010-13388-00.webp\" \/>\n\t<meta property=\"og:image:width\" content=\"600\" \/>\n\t<meta property=\"og:image:height\" content=\"600\" \/>\n\t<meta property=\"og:image:type\" content=\"image\/webp\" \/>\n<meta name=\"twitter:card\" content=\"summary_large_image\" \/>\n<meta name=\"twitter:label1\" content=\"Est. reading time\" \/>\n\t<meta name=\"twitter:data1\" content=\"2 minutes\" \/>\n<script type=\"application\/ld+json\" class=\"yoast-schema-graph\">{\"@context\":\"https:\/\/schema.org\",\"@graph\":[{\"@type\":\"WebPage\",\"@id\":\"https:\/\/www.miomiorun.com\/fr\/produit\/bandes-cardio-garmin-hrm-200\/\",\"url\":\"https:\/\/www.miomiorun.com\/fr\/produit\/bandes-cardio-garmin-hrm-200\/\",\"name\":\"Garmin Bandes cardio HRM 200 - Bandes cardio - MioMioRun\",\"isPartOf\":{\"@id\":\"https:\/\/www.miomiorun.com\/fr\/#website\"},\"primaryImageOfPage\":{\"@id\":\"https:\/\/www.miomiorun.com\/fr\/produit\/bandes-cardio-garmin-hrm-200\/#primaryimage\"},\"image\":{\"@id\":\"https:\/\/www.miomiorun.com\/fr\/produit\/bandes-cardio-garmin-hrm-200\/#primaryimage\"},\"thumbnailUrl\":\"https:\/\/www.miomiorun.com\/app\/uploads\/2025\/04\/garmin-HRM-200-010-13388-00.webp\",\"datePublished\":\"2025-04-16T08:46:02+00:00\",\"dateModified\":\"2026-05-08T20:44:54+00:00\",\"description\":\"D\u00e9couvrez le Garmin HRM 200, le cardiofr\u00e9quencem\u00e8tre pr\u00e9cis et confortable pour la course \u00e0 pied, le cyclisme et le fitness. Connexion en temps r\u00e9el, \u00e9tanche et lavable.\",\"breadcrumb\":{\"@id\":\"https:\/\/www.miomiorun.com\/fr\/produit\/bandes-cardio-garmin-hrm-200\/#breadcrumb\"},\"inLanguage\":\"fr-FR\",\"potentialAction\":[{\"@type\":\"ReadAction\",\"target\":[\"https:\/\/www.miomiorun.com\/fr\/produit\/bandes-cardio-garmin-hrm-200\/\"]}]},{\"@type\":\"ImageObject\",\"inLanguage\":\"fr-FR\",\"@id\":\"https:\/\/www.miomiorun.com\/fr\/produit\/bandes-cardio-garmin-hrm-200\/#primaryimage\",\"url\":\"https:\/\/www.miomiorun.com\/app\/uploads\/2025\/04\/garmin-HRM-200-010-13388-00.webp\",\"contentUrl\":\"https:\/\/www.miomiorun.com\/app\/uploads\/2025\/04\/garmin-HRM-200-010-13388-00.webp\",\"width\":600,\"height\":600,\"caption\":\"garmin HRM 200 010-13388-00\"},{\"@type\":\"BreadcrumbList\",\"@id\":\"https:\/\/www.miomiorun.com\/fr\/produit\/bandes-cardio-garmin-hrm-200\/#breadcrumb\",\"itemListElement\":[{\"@type\":\"ListItem\",\"position\":1,\"name\":\"Home\",\"item\":\"https:\/\/www.miomiorun.com\/fr\/home-page\/\"},{\"@type\":\"ListItem\",\"position\":2,\"name\":\"Shop\",\"item\":\"https:\/\/www.miomiorun.com\/shop\/\"},{\"@type\":\"ListItem\",\"position\":3,\"name\":\"Bandes cardio HRM 200\"}]},{\"@type\":\"WebSite\",\"@id\":\"https:\/\/www.miomiorun.com\/fr\/#website\",\"url\":\"https:\/\/www.miomiorun.com\/fr\/\",\"name\":\"MioMioRun\",\"description\":\"Boutique 100% running et trail\",\"publisher\":{\"@id\":\"https:\/\/www.miomiorun.com\/fr\/#organization\"},\"potentialAction\":[{\"@type\":\"SearchAction\",\"target\":{\"@type\":\"EntryPoint\",\"urlTemplate\":\"https:\/\/www.miomiorun.com\/fr\/?s={search_term_string}\"},\"query-input\":{\"@type\":\"PropertyValueSpecification\",\"valueRequired\":true,\"valueName\":\"search_term_string\"}}],\"inLanguage\":\"fr-FR\"},{\"@type\":\"Organization\",\"@id\":\"https:\/\/www.miomiorun.com\/fr\/#organization\",\"name\":\"MioMio Run\",\"url\":\"https:\/\/www.miomiorun.com\/fr\/\",\"logo\":{\"@type\":\"ImageObject\",\"inLanguage\":\"fr-FR\",\"@id\":\"https:\/\/www.miomiorun.com\/fr\/#\/schema\/logo\/image\/\",\"url\":\"https:\/\/www.miomiorun.com\/app\/uploads\/2019\/12\/logomio.png\",\"contentUrl\":\"https:\/\/www.miomiorun.com\/app\/uploads\/2019\/12\/logomio.png\",\"width\":115,\"height\":82,\"caption\":\"MioMio Run\"},\"image\":{\"@id\":\"https:\/\/www.miomiorun.com\/fr\/#\/schema\/logo\/image\/\"},\"sameAs\":[\"https:\/\/www.facebook.com\/miomiorun\/\",\"https:\/\/www.instagram.com\/miomiorun\/\"]}]}<\/script>\n<!-- \/ Yoast SEO plugin. -->","yoast_head_json":{"title":"Garmin Bandes cardio HRM 200 - Bandes cardio - MioMioRun","description":"D\u00e9couvrez le Garmin HRM 200, le cardiofr\u00e9quencem\u00e8tre pr\u00e9cis et confortable pour la course \u00e0 pied, le cyclisme et le fitness. Connexion en temps r\u00e9el, \u00e9tanche et lavable.","robots":{"index":"index","follow":"follow","max-snippet":"max-snippet:-1","max-image-preview":"max-image-preview:large","max-video-preview":"max-video-preview:-1"},"canonical":"https:\/\/www.miomiorun.com\/fr\/produit\/bandes-cardio-garmin-hrm-200\/","og_locale":"fr_FR","og_type":"article","og_title":"Garmin Bandes cardio HRM 200 - Bandes cardio - MioMioRun","og_description":"D\u00e9couvrez le Garmin HRM 200, le cardiofr\u00e9quencem\u00e8tre pr\u00e9cis et confortable pour la course \u00e0 pied, le cyclisme et le fitness. Connexion en temps r\u00e9el, \u00e9tanche et lavable.","og_url":"https:\/\/www.miomiorun.com\/fr\/produit\/bandes-cardio-garmin-hrm-200\/","og_site_name":"MioMioRun","article_publisher":"https:\/\/www.facebook.com\/miomiorun\/","article_modified_time":"2026-05-08T20:44:54+00:00","og_image":[{"width":600,"height":600,"url":"https:\/\/www.miomiorun.com\/app\/uploads\/2025\/04\/garmin-HRM-200-010-13388-00.webp","type":"image\/webp"}],"twitter_card":"summary_large_image","twitter_misc":{"Est. reading time":"2 minutes"},"schema":{"@context":"https:\/\/schema.org","@graph":[{"@type":"WebPage","@id":"https:\/\/www.miomiorun.com\/fr\/produit\/bandes-cardio-garmin-hrm-200\/","url":"https:\/\/www.miomiorun.com\/fr\/produit\/bandes-cardio-garmin-hrm-200\/","name":"Garmin Bandes cardio HRM 200 - Bandes cardio - MioMioRun","isPartOf":{"@id":"https:\/\/www.miomiorun.com\/fr\/#website"},"primaryImageOfPage":{"@id":"https:\/\/www.miomiorun.com\/fr\/produit\/bandes-cardio-garmin-hrm-200\/#primaryimage"},"image":{"@id":"https:\/\/www.miomiorun.com\/fr\/produit\/bandes-cardio-garmin-hrm-200\/#primaryimage"},"thumbnailUrl":"https:\/\/www.miomiorun.com\/app\/uploads\/2025\/04\/garmin-HRM-200-010-13388-00.webp","datePublished":"2025-04-16T08:46:02+00:00","dateModified":"2026-05-08T20:44:54+00:00","description":"D\u00e9couvrez le Garmin HRM 200, le cardiofr\u00e9quencem\u00e8tre pr\u00e9cis et confortable pour la course \u00e0 pied, le cyclisme et le fitness. Connexion en temps r\u00e9el, \u00e9tanche et lavable.","breadcrumb":{"@id":"https:\/\/www.miomiorun.com\/fr\/produit\/bandes-cardio-garmin-hrm-200\/#breadcrumb"},"inLanguage":"fr-FR","potentialAction":[{"@type":"ReadAction","target":["https:\/\/www.miomiorun.com\/fr\/produit\/bandes-cardio-garmin-hrm-200\/"]}]},{"@type":"ImageObject","inLanguage":"fr-FR","@id":"https:\/\/www.miomiorun.com\/fr\/produit\/bandes-cardio-garmin-hrm-200\/#primaryimage","url":"https:\/\/www.miomiorun.com\/app\/uploads\/2025\/04\/garmin-HRM-200-010-13388-00.webp","contentUrl":"https:\/\/www.miomiorun.com\/app\/uploads\/2025\/04\/garmin-HRM-200-010-13388-00.webp","width":600,"height":600,"caption":"garmin HRM 200 010-13388-00"},{"@type":"BreadcrumbList","@id":"https:\/\/www.miomiorun.com\/fr\/produit\/bandes-cardio-garmin-hrm-200\/#breadcrumb","itemListElement":[{"@type":"ListItem","position":1,"name":"Home","item":"https:\/\/www.miomiorun.com\/fr\/home-page\/"},{"@type":"ListItem","position":2,"name":"Shop","item":"https:\/\/www.miomiorun.com\/shop\/"},{"@type":"ListItem","position":3,"name":"Bandes cardio HRM 200"}]},{"@type":"WebSite","@id":"https:\/\/www.miomiorun.com\/fr\/#website","url":"https:\/\/www.miomiorun.com\/fr\/","name":"MioMioRun","description":"Boutique 100% running et trail","publisher":{"@id":"https:\/\/www.miomiorun.com\/fr\/#organization"},"potentialAction":[{"@type":"SearchAction","target":{"@type":"EntryPoint","urlTemplate":"https:\/\/www.miomiorun.com\/fr\/?s={search_term_string}"},"query-input":{"@type":"PropertyValueSpecification","valueRequired":true,"valueName":"search_term_string"}}],"inLanguage":"fr-FR"},{"@type":"Organization","@id":"https:\/\/www.miomiorun.com\/fr\/#organization","name":"MioMio Run","url":"https:\/\/www.miomiorun.com\/fr\/","logo":{"@type":"ImageObject","inLanguage":"fr-FR","@id":"https:\/\/www.miomiorun.com\/fr\/#\/schema\/logo\/image\/","url":"https:\/\/www.miomiorun.com\/app\/uploads\/2019\/12\/logomio.png","contentUrl":"https:\/\/www.miomiorun.com\/app\/uploads\/2019\/12\/logomio.png","width":115,"height":82,"caption":"MioMio Run"},"image":{"@id":"https:\/\/www.miomiorun.com\/fr\/#\/schema\/logo\/image\/"},"sameAs":["https:\/\/www.facebook.com\/miomiorun\/","https:\/\/www.instagram.com\/miomiorun\/"]}]}},"_links":{"self":[{"href":"https:\/\/www.miomiorun.com\/fr\/wp-json\/wp\/v2\/product\/304623","targetHints":{"allow":["GET"]}}],"collection":[{"href":"https:\/\/www.miomiorun.com\/fr\/wp-json\/wp\/v2\/product"}],"about":[{"href":"https:\/\/www.miomiorun.com\/fr\/wp-json\/wp\/v2\/types\/product"}],"wp:featuredmedia":[{"embeddable":true,"href":"https:\/\/www.miomiorun.com\/fr\/wp-json\/wp\/v2\/media\/308704"}],"wp:attachment":[{"href":"https:\/\/www.miomiorun.com\/fr\/wp-json\/wp\/v2\/media?parent=304623"}],"wp:term":[{"taxonomy":"product_brand","embeddable":true,"href":"https:\/\/www.miomiorun.com\/fr\/wp-json\/wp\/v2\/product_brand?post=304623"},{"taxonomy":"product_cat","embeddable":true,"href":"https:\/\/www.miomiorun.com\/fr\/wp-json\/wp\/v2\/product_cat?post=304623"},{"taxonomy":"product_tag","embeddable":true,"href":"https:\/\/www.miomiorun.com\/fr\/wp-json\/wp\/v2\/product_tag?post=304623"}],"curies":[{"name":"wp","href":"https:\/\/api.w.org\/{rel}","templated":true}]}}