{"id":304097,"date":"2025-04-15T16:21:08","date_gmt":"2025-04-15T14:21:08","guid":{"rendered":"https:\/\/miomiorun.com\/?post_type=product&#038;p=304097"},"modified":"2025-04-22T11:07:19","modified_gmt":"2025-04-22T09:07:19","slug":"skirt-voltage-femme","status":"publish","type":"product","link":"https:\/\/www.miomiorun.com\/fr\/produit\/skirt-voltage-femme\/","title":{"rendered":"Skirt Voltage femme"},"content":{"rendered":"<p class=\"\" data-end=\"390\" data-start=\"162\">Le v\u00eatement le plus embl\u00e9matique de la collection, con\u00e7u pour celles qui aiment courir en altitude ou parcourir de longues distances sur les sentiers les plus exigeants. La <strong data-end=\"318\" data-start=\"301\">jupe de course<\/strong> est l&#8217;\u00e9quilibre parfait entre fonctionnalit\u00e9 technique et esth\u00e9tique sportive.<\/p>\n<p class=\"\" data-end=\"690\" data-start=\"392\">Son point fort ? <strong data-end=\"456\" data-start=\"415\">Le cuissard int\u00e9rieur<\/strong>, en tissu italien <strong data-end=\"510\" data-start=\"489\">Revolutional Slim<\/strong>, avec un effet l\u00e9g\u00e8rement modelant et micro-massant, id\u00e9al pour favoriser l&#8217;\u00e9limination de l&#8217;acide lactique et offrir une sensation de confort prolong\u00e9 \u00e0 chaque effort.<\/p>\n<p class=\"\" data-end=\"881\" data-start=\"692\">La jupe ext\u00e9rieure est en <strong data-end=\"737\" data-start=\"714\">Light Stretch Layer<\/strong>, un tissu ultra-l\u00e9ger avec des <strong data-end=\"791\" data-start=\"767\">micro-trous Laser Cut<\/strong> pour une ventilation diff\u00e9renci\u00e9e, con\u00e7ue pour maintenir une fra\u00eecheur et une respirabilit\u00e9 constantes.<\/p>\n<p class=\"\" data-end=\"1047\" data-start=\"883\">La <strong data-end=\"929\" data-start=\"886\">ceinture avec basque multi-poches<\/strong> &#8211; dont une zipp\u00e9e &#8211; la rend extr\u00eamement pratique pour transporter des gels, des cl\u00e9s ou de petits objets, sans l&#8217;encombrer.<\/p>\n<h3 class=\"\" data-end=\"1073\" data-start=\"1049\"><strong data-end=\"1073\" data-start=\"1053\">Caract\u00e9ristiques :<\/strong><\/h3>\n<ul data-end=\"1321\" data-start=\"1074\">\n<li class=\"\" data-end=\"1140\" data-start=\"1074\">\n<p class=\"\" data-end=\"1140\" data-start=\"1076\">Short int\u00e9rieur \u00e0 effet de micromassage en Revolutional Slim<\/p>\n<\/li>\n<li class=\"\" data-end=\"1195\" data-start=\"1141\">\n<p class=\"\" data-end=\"1195\" data-start=\"1143\">Jupe en tissu l\u00e9ger avec ventilation diff\u00e9renci\u00e9e<\/p>\n<\/li>\n<li class=\"\" data-end=\"1239\" data-start=\"1196\">\n<p class=\"\" data-end=\"1239\" data-start=\"1198\">Ceinture avec 3 poches (dont une avec fermeture \u00e9clair)<\/p>\n<\/li>\n<li class=\"\" data-end=\"1278\" data-start=\"1240\">\n<p class=\"\" data-end=\"1278\" data-start=\"1242\">Ourlet coll\u00e9 pour un maximum de confort<\/p>\n<\/li>\n<li class=\"\" data-end=\"1321\" data-start=\"1279\">\n<p class=\"\" data-end=\"1321\" data-start=\"1281\">Design fonctionnel, technique et \u00e9l\u00e9gant<\/p>\n<\/li>\n<\/ul>\n","protected":false},"excerpt":{"rendered":"<ul data-start=\"1074\" data-end=\"1321\">\n<li class=\"\" data-start=\"1074\" data-end=\"1140\">Short int\u00e9rieur \u00e0 effet micromassant en Revolutional Slim<\/li>\n<li class=\"\" data-start=\"1074\" data-end=\"1140\">Jupe en tissu l\u00e9ger avec ventilation diff\u00e9renci\u00e9e<\/li>\n<li class=\"\" data-start=\"1074\" data-end=\"1140\">Ceinture avec 3 poches<\/li>\n<\/ul>\n","protected":false},"featured_media":430240,"template":"","meta":{"_acf_changed":false,"inline_featured_image":false},"product_brand":[],"product_cat":[22602,22596,22595],"product_tag":[23489,23491],"class_list":{"0":"post-304097","1":"product","2":"type-product","3":"status-publish","4":"has-post-thumbnail","6":"product_cat-pantalon-court","7":"product_cat-vetements-pour-femmes","8":"product_cat-femme","9":"product_tag-crazy-idea-fr","10":"product_tag-crazy-idea-femme","11":"pa_attivita-marcher","12":"pa_attivita-outdoor-fr","13":"pa_attivita-trail-fr","14":"pa_colore-skirt-voltage-w-aster","15":"pa_colore-skirt-voltage-w-black-zebra-fr","16":"pa_colore-skirt-voltage-w-pop","17":"pa_marca-crazy-idea-fr","18":"pa_sesso-femme","19":"pa_size-extra-small-fr","20":"pa_size-small-fr","21":"pa_size-medium-fr","22":"pa_size-large-fr","24":"first","25":"instock","26":"sale","27":"taxable","28":"shipping-taxable","29":"purchasable","30":"product-type-variable","31":"wvs-archive-product-wrapper"},"acf":[],"yoast_head":"<!-- This site is optimized with the Yoast SEO plugin v26.8 - https:\/\/yoast.com\/product\/yoast-seo-wordpress\/ -->\n<title>Crazy Idea Skirt Voltage femme - jupe de course- MioMioRun<\/title>\n<meta name=\"description\" content=\"D\u00e9couvrez la Jupe Running, la jupe technique pour le trail et la Sky Race avec un short de contention en tissu Revolutional Slim et une ceinture multi-poches.\" \/>\n<meta name=\"robots\" content=\"index, follow, max-snippet:-1, max-image-preview:large, max-video-preview:-1\" \/>\n<link rel=\"canonical\" href=\"https:\/\/www.miomiorun.com\/fr\/produit\/skirt-voltage-femme\/\" \/>\n<meta property=\"og:locale\" content=\"fr_FR\" \/>\n<meta property=\"og:type\" content=\"article\" \/>\n<meta property=\"og:title\" content=\"Crazy Idea Skirt Voltage femme - jupe de course- MioMioRun\" \/>\n<meta property=\"og:description\" content=\"D\u00e9couvrez la Jupe Running, la jupe technique pour le trail et la Sky Race avec un short de contention en tissu Revolutional Slim et une ceinture multi-poches.\" \/>\n<meta property=\"og:url\" content=\"https:\/\/www.miomiorun.com\/fr\/produit\/skirt-voltage-femme\/\" \/>\n<meta property=\"og:site_name\" content=\"MioMioRun\" \/>\n<meta property=\"article:publisher\" content=\"https:\/\/www.facebook.com\/miomiorun\/\" \/>\n<meta property=\"article:modified_time\" content=\"2025-04-22T09:07:19+00:00\" \/>\n<meta property=\"og:image\" content=\"https:\/\/www.miomiorun.com\/app\/uploads\/2025\/04\/crazy-Skirt-Voltage-W-black-zebra-S25045015D-0001ZE.webp\" \/>\n\t<meta property=\"og:image:width\" content=\"600\" \/>\n\t<meta property=\"og:image:height\" content=\"600\" \/>\n\t<meta property=\"og:image:type\" content=\"image\/webp\" \/>\n<meta name=\"twitter:card\" content=\"summary_large_image\" \/>\n<meta name=\"twitter:label1\" content=\"Est. reading time\" \/>\n\t<meta name=\"twitter:data1\" content=\"1 minute\" \/>\n<script type=\"application\/ld+json\" class=\"yoast-schema-graph\">{\"@context\":\"https:\/\/schema.org\",\"@graph\":[{\"@type\":\"WebPage\",\"@id\":\"https:\/\/www.miomiorun.com\/fr\/produit\/skirt-voltage-femme\/\",\"url\":\"https:\/\/www.miomiorun.com\/fr\/produit\/skirt-voltage-femme\/\",\"name\":\"Crazy Idea Skirt Voltage femme - jupe de course- MioMioRun\",\"isPartOf\":{\"@id\":\"https:\/\/www.miomiorun.com\/fr\/#website\"},\"primaryImageOfPage\":{\"@id\":\"https:\/\/www.miomiorun.com\/fr\/produit\/skirt-voltage-femme\/#primaryimage\"},\"image\":{\"@id\":\"https:\/\/www.miomiorun.com\/fr\/produit\/skirt-voltage-femme\/#primaryimage\"},\"thumbnailUrl\":\"https:\/\/www.miomiorun.com\/app\/uploads\/2026\/04\/crazy-Skirt-voltage-W-pop-S26045018D-0063.webp\",\"datePublished\":\"2025-04-15T14:21:08+00:00\",\"dateModified\":\"2025-04-22T09:07:19+00:00\",\"description\":\"D\u00e9couvrez la Jupe Running, la jupe technique pour le trail et la Sky Race avec un short de contention en tissu Revolutional Slim et une ceinture multi-poches.\",\"breadcrumb\":{\"@id\":\"https:\/\/www.miomiorun.com\/fr\/produit\/skirt-voltage-femme\/#breadcrumb\"},\"inLanguage\":\"fr-FR\",\"potentialAction\":[{\"@type\":\"ReadAction\",\"target\":[\"https:\/\/www.miomiorun.com\/fr\/produit\/skirt-voltage-femme\/\"]}]},{\"@type\":\"ImageObject\",\"inLanguage\":\"fr-FR\",\"@id\":\"https:\/\/www.miomiorun.com\/fr\/produit\/skirt-voltage-femme\/#primaryimage\",\"url\":\"https:\/\/www.miomiorun.com\/app\/uploads\/2026\/04\/crazy-Skirt-voltage-W-pop-S26045018D-0063.webp\",\"contentUrl\":\"https:\/\/www.miomiorun.com\/app\/uploads\/2026\/04\/crazy-Skirt-voltage-W-pop-S26045018D-0063.webp\",\"width\":720,\"height\":720,\"caption\":\"crazy Skirt voltage W pop S26045018D-0063\"},{\"@type\":\"BreadcrumbList\",\"@id\":\"https:\/\/www.miomiorun.com\/fr\/produit\/skirt-voltage-femme\/#breadcrumb\",\"itemListElement\":[{\"@type\":\"ListItem\",\"position\":1,\"name\":\"Home\",\"item\":\"https:\/\/www.miomiorun.com\/fr\/home-page\/\"},{\"@type\":\"ListItem\",\"position\":2,\"name\":\"Shop\",\"item\":\"https:\/\/www.miomiorun.com\/shop\/\"},{\"@type\":\"ListItem\",\"position\":3,\"name\":\"Skirt Voltage femme\"}]},{\"@type\":\"WebSite\",\"@id\":\"https:\/\/www.miomiorun.com\/fr\/#website\",\"url\":\"https:\/\/www.miomiorun.com\/fr\/\",\"name\":\"MioMioRun\",\"description\":\"Boutique 100% running et trail\",\"publisher\":{\"@id\":\"https:\/\/www.miomiorun.com\/fr\/#organization\"},\"potentialAction\":[{\"@type\":\"SearchAction\",\"target\":{\"@type\":\"EntryPoint\",\"urlTemplate\":\"https:\/\/www.miomiorun.com\/fr\/?s={search_term_string}\"},\"query-input\":{\"@type\":\"PropertyValueSpecification\",\"valueRequired\":true,\"valueName\":\"search_term_string\"}}],\"inLanguage\":\"fr-FR\"},{\"@type\":\"Organization\",\"@id\":\"https:\/\/www.miomiorun.com\/fr\/#organization\",\"name\":\"MioMio Run\",\"url\":\"https:\/\/www.miomiorun.com\/fr\/\",\"logo\":{\"@type\":\"ImageObject\",\"inLanguage\":\"fr-FR\",\"@id\":\"https:\/\/www.miomiorun.com\/fr\/#\/schema\/logo\/image\/\",\"url\":\"https:\/\/www.miomiorun.com\/app\/uploads\/2019\/12\/logomio.png\",\"contentUrl\":\"https:\/\/www.miomiorun.com\/app\/uploads\/2019\/12\/logomio.png\",\"width\":115,\"height\":82,\"caption\":\"MioMio Run\"},\"image\":{\"@id\":\"https:\/\/www.miomiorun.com\/fr\/#\/schema\/logo\/image\/\"},\"sameAs\":[\"https:\/\/www.facebook.com\/miomiorun\/\",\"https:\/\/www.instagram.com\/miomiorun\/\"]}]}<\/script>\n<!-- \/ Yoast SEO plugin. -->","yoast_head_json":{"title":"Crazy Idea Skirt Voltage femme - jupe de course- MioMioRun","description":"D\u00e9couvrez la Jupe Running, la jupe technique pour le trail et la Sky Race avec un short de contention en tissu Revolutional Slim et une ceinture multi-poches.","robots":{"index":"index","follow":"follow","max-snippet":"max-snippet:-1","max-image-preview":"max-image-preview:large","max-video-preview":"max-video-preview:-1"},"canonical":"https:\/\/www.miomiorun.com\/fr\/produit\/skirt-voltage-femme\/","og_locale":"fr_FR","og_type":"article","og_title":"Crazy Idea Skirt Voltage femme - jupe de course- MioMioRun","og_description":"D\u00e9couvrez la Jupe Running, la jupe technique pour le trail et la Sky Race avec un short de contention en tissu Revolutional Slim et une ceinture multi-poches.","og_url":"https:\/\/www.miomiorun.com\/fr\/produit\/skirt-voltage-femme\/","og_site_name":"MioMioRun","article_publisher":"https:\/\/www.facebook.com\/miomiorun\/","article_modified_time":"2025-04-22T09:07:19+00:00","og_image":[{"width":600,"height":600,"url":"https:\/\/www.miomiorun.com\/app\/uploads\/2025\/04\/crazy-Skirt-Voltage-W-black-zebra-S25045015D-0001ZE.webp","type":"image\/webp"}],"twitter_card":"summary_large_image","twitter_misc":{"Est. reading time":"1 minute"},"schema":{"@context":"https:\/\/schema.org","@graph":[{"@type":"WebPage","@id":"https:\/\/www.miomiorun.com\/fr\/produit\/skirt-voltage-femme\/","url":"https:\/\/www.miomiorun.com\/fr\/produit\/skirt-voltage-femme\/","name":"Crazy Idea Skirt Voltage femme - jupe de course- MioMioRun","isPartOf":{"@id":"https:\/\/www.miomiorun.com\/fr\/#website"},"primaryImageOfPage":{"@id":"https:\/\/www.miomiorun.com\/fr\/produit\/skirt-voltage-femme\/#primaryimage"},"image":{"@id":"https:\/\/www.miomiorun.com\/fr\/produit\/skirt-voltage-femme\/#primaryimage"},"thumbnailUrl":"https:\/\/www.miomiorun.com\/app\/uploads\/2026\/04\/crazy-Skirt-voltage-W-pop-S26045018D-0063.webp","datePublished":"2025-04-15T14:21:08+00:00","dateModified":"2025-04-22T09:07:19+00:00","description":"D\u00e9couvrez la Jupe Running, la jupe technique pour le trail et la Sky Race avec un short de contention en tissu Revolutional Slim et une ceinture multi-poches.","breadcrumb":{"@id":"https:\/\/www.miomiorun.com\/fr\/produit\/skirt-voltage-femme\/#breadcrumb"},"inLanguage":"fr-FR","potentialAction":[{"@type":"ReadAction","target":["https:\/\/www.miomiorun.com\/fr\/produit\/skirt-voltage-femme\/"]}]},{"@type":"ImageObject","inLanguage":"fr-FR","@id":"https:\/\/www.miomiorun.com\/fr\/produit\/skirt-voltage-femme\/#primaryimage","url":"https:\/\/www.miomiorun.com\/app\/uploads\/2026\/04\/crazy-Skirt-voltage-W-pop-S26045018D-0063.webp","contentUrl":"https:\/\/www.miomiorun.com\/app\/uploads\/2026\/04\/crazy-Skirt-voltage-W-pop-S26045018D-0063.webp","width":720,"height":720,"caption":"crazy Skirt voltage W pop S26045018D-0063"},{"@type":"BreadcrumbList","@id":"https:\/\/www.miomiorun.com\/fr\/produit\/skirt-voltage-femme\/#breadcrumb","itemListElement":[{"@type":"ListItem","position":1,"name":"Home","item":"https:\/\/www.miomiorun.com\/fr\/home-page\/"},{"@type":"ListItem","position":2,"name":"Shop","item":"https:\/\/www.miomiorun.com\/shop\/"},{"@type":"ListItem","position":3,"name":"Skirt Voltage femme"}]},{"@type":"WebSite","@id":"https:\/\/www.miomiorun.com\/fr\/#website","url":"https:\/\/www.miomiorun.com\/fr\/","name":"MioMioRun","description":"Boutique 100% running et trail","publisher":{"@id":"https:\/\/www.miomiorun.com\/fr\/#organization"},"potentialAction":[{"@type":"SearchAction","target":{"@type":"EntryPoint","urlTemplate":"https:\/\/www.miomiorun.com\/fr\/?s={search_term_string}"},"query-input":{"@type":"PropertyValueSpecification","valueRequired":true,"valueName":"search_term_string"}}],"inLanguage":"fr-FR"},{"@type":"Organization","@id":"https:\/\/www.miomiorun.com\/fr\/#organization","name":"MioMio Run","url":"https:\/\/www.miomiorun.com\/fr\/","logo":{"@type":"ImageObject","inLanguage":"fr-FR","@id":"https:\/\/www.miomiorun.com\/fr\/#\/schema\/logo\/image\/","url":"https:\/\/www.miomiorun.com\/app\/uploads\/2019\/12\/logomio.png","contentUrl":"https:\/\/www.miomiorun.com\/app\/uploads\/2019\/12\/logomio.png","width":115,"height":82,"caption":"MioMio Run"},"image":{"@id":"https:\/\/www.miomiorun.com\/fr\/#\/schema\/logo\/image\/"},"sameAs":["https:\/\/www.facebook.com\/miomiorun\/","https:\/\/www.instagram.com\/miomiorun\/"]}]}},"_links":{"self":[{"href":"https:\/\/www.miomiorun.com\/fr\/wp-json\/wp\/v2\/product\/304097","targetHints":{"allow":["GET"]}}],"collection":[{"href":"https:\/\/www.miomiorun.com\/fr\/wp-json\/wp\/v2\/product"}],"about":[{"href":"https:\/\/www.miomiorun.com\/fr\/wp-json\/wp\/v2\/types\/product"}],"wp:featuredmedia":[{"embeddable":true,"href":"https:\/\/www.miomiorun.com\/fr\/wp-json\/wp\/v2\/media\/430240"}],"wp:attachment":[{"href":"https:\/\/www.miomiorun.com\/fr\/wp-json\/wp\/v2\/media?parent=304097"}],"wp:term":[{"taxonomy":"product_brand","embeddable":true,"href":"https:\/\/www.miomiorun.com\/fr\/wp-json\/wp\/v2\/product_brand?post=304097"},{"taxonomy":"product_cat","embeddable":true,"href":"https:\/\/www.miomiorun.com\/fr\/wp-json\/wp\/v2\/product_cat?post=304097"},{"taxonomy":"product_tag","embeddable":true,"href":"https:\/\/www.miomiorun.com\/fr\/wp-json\/wp\/v2\/product_tag?post=304097"}],"curies":[{"name":"wp","href":"https:\/\/api.w.org\/{rel}","templated":true}]}}