{"id":304014,"date":"2025-04-15T16:09:47","date_gmt":"2025-04-15T14:09:47","guid":{"rendered":"https:\/\/miomiorun.com\/?post_type=product&#038;p=304014"},"modified":"2025-04-19T10:59:30","modified_gmt":"2025-04-19T08:59:30","slug":"pull-ibex-femme","status":"publish","type":"product","link":"https:\/\/www.miomiorun.com\/fr\/produit\/pull-ibex-femme\/","title":{"rendered":"Pull Ibex femme"},"content":{"rendered":"<p class=\"\" data-end=\"438\" data-start=\"112\">Mettez de la couleur et du caract\u00e8re dans votre journ\u00e9e avec l&#8217;<strong data-end=\"176\" data-start=\"163\">Ibex Pull<\/strong>, le v\u00eatement parfait qui allie <strong data-end=\"245\" data-start=\"206\">style vibrant et fonctionnalit\u00e9 technique<\/strong>. Ses <strong data-end=\"273\" data-start=\"254\">couleurs vives<\/strong> et ses <strong data-end=\"299\" data-start=\"279\">imprim\u00e9s exclusifs<\/strong> Crazy refl\u00e8tent toute l&#8217;\u00e9nergie de la marque, ce qui le rend id\u00e9al pour les loisirs et la vie quotidienne en mouvement.<\/p>\n<p class=\"\" data-end=\"732\" data-start=\"440\">R\u00e9alis\u00e9 en <strong data-end=\"486\" data-start=\"454\">tissu polyester Devor\u00e8<\/strong> tr\u00e8s respirant, il garantit <strong data-end=\"545\" data-start=\"521\">fra\u00eecheur et confort<\/strong> m\u00eame lors des journ\u00e9es les plus actives. L&#8217;<strong data-end=\"603\" data-start=\"582\">ourlet arrondi<\/strong> apporte une touche de modernit\u00e9 et une coupe agr\u00e9able, tandis que <strong data-end=\"702\" data-start=\"667\">les coutures plates contrastantes<\/strong> ajoutent du style et de la praticit\u00e9.<\/p>\n<p class=\"\" data-end=\"771\" data-start=\"734\"><strong data-end=\"771\" data-start=\"734\">Des d\u00e9tails qui font la diff\u00e9rence :<\/strong><\/p>\n<ul data-end=\"983\" data-start=\"772\">\n<li class=\"\" data-end=\"819\" data-start=\"772\">\n<p class=\"\" data-end=\"819\" data-start=\"774\"><strong data-end=\"798\" data-start=\"774\">Capuche r\u00e9glable<\/strong> avec cordon \u00e9lastique<\/p>\n<\/li>\n<li class=\"\" data-end=\"890\" data-start=\"820\">\n<p class=\"\" data-end=\"890\" data-start=\"822\"><strong data-end=\"846\" data-start=\"822\">Boucle de pouce<\/strong> pour plus de confort lors des journ\u00e9es fra\u00eeches<\/p>\n<\/li>\n<li class=\"\" data-end=\"924\" data-start=\"891\">\n<p class=\"\" data-end=\"924\" data-start=\"893\"><strong data-end=\"924\" data-start=\"893\">Coutures plates contrast\u00e9es<\/strong><\/p>\n<\/li>\n<li class=\"\" data-end=\"983\" data-start=\"925\">\n<p class=\"\" data-end=\"983\" data-start=\"927\"><strong data-end=\"953\" data-start=\"927\">Impressions exclusives Crazy<\/strong> qui ne passent pas inaper\u00e7ues<\/p>\n<\/li>\n<\/ul>\n<p class=\"\" data-end=\"1048\" data-start=\"985\">Parfait pour ceux qui aiment se d\u00e9marquer, sans sacrifier le confort.<\/p>\n","protected":false},"excerpt":{"rendered":"<ul>\n<li>\n<p>Capuche r\u00e9glable<\/p>\n<\/li>\n<li>\n<p>Passant pour le pouce<\/p>\n<\/li>\n<li>\n<p>Coutures plates contrast\u00e9es<\/p>\n<\/li>\n<\/ul>\n","protected":false},"featured_media":430276,"template":"","meta":{"_acf_changed":false,"inline_featured_image":false},"product_brand":[],"product_cat":[22601,22596,22595],"product_tag":[23489,23491],"class_list":{"0":"post-304014","1":"product","2":"type-product","3":"status-publish","4":"has-post-thumbnail","6":"product_cat-maillots","7":"product_cat-vetements-pour-femmes","8":"product_cat-femme","9":"product_tag-crazy-idea-fr","10":"product_tag-crazy-idea-femme","11":"pa_attivita-marcher","12":"pa_attivita-outdoor-fr","13":"pa_attivita-trail-fr","14":"pa_colore-pull-ibex-tye-dye-w","15":"pa_colore-pull-ibex-w-crazy-wave-pop-fr","16":"pa_colore-pull-ibex-w-mandala-fr","17":"pa_marca-crazy-idea-fr","18":"pa_sesso-femme","19":"pa_size-extra-small-fr","20":"pa_size-small-fr","21":"pa_size-medium-fr","22":"pa_size-large-fr","24":"first","25":"instock","26":"sale","27":"taxable","28":"shipping-taxable","29":"purchasable","30":"product-type-variable","31":"wvs-archive-product-wrapper"},"acf":[],"yoast_head":"<!-- This site is optimized with the Yoast SEO plugin v26.8 - https:\/\/yoast.com\/product\/yoast-seo-wordpress\/ -->\n<title>Crazy Idea Pull Ibex femme - Jersey- MioMioRun<\/title>\n<meta name=\"description\" content=\"D\u00e9couvrez le Pull Ibex Crazy : couleurs vives, imprim\u00e9s exclusifs et tissu Devor\u00e8 respirant. Parfait pour les loisirs et les journ\u00e9es actives.\" \/>\n<meta name=\"robots\" content=\"index, follow, max-snippet:-1, max-image-preview:large, max-video-preview:-1\" \/>\n<link rel=\"canonical\" href=\"https:\/\/www.miomiorun.com\/fr\/produit\/pull-ibex-femme\/\" \/>\n<meta property=\"og:locale\" content=\"fr_FR\" \/>\n<meta property=\"og:type\" content=\"article\" \/>\n<meta property=\"og:title\" content=\"Crazy Idea Pull Ibex femme - Jersey- MioMioRun\" \/>\n<meta property=\"og:description\" content=\"D\u00e9couvrez le Pull Ibex Crazy : couleurs vives, imprim\u00e9s exclusifs et tissu Devor\u00e8 respirant. Parfait pour les loisirs et les journ\u00e9es actives.\" \/>\n<meta property=\"og:url\" content=\"https:\/\/www.miomiorun.com\/fr\/produit\/pull-ibex-femme\/\" \/>\n<meta property=\"og:site_name\" content=\"MioMioRun\" \/>\n<meta property=\"article:publisher\" content=\"https:\/\/www.facebook.com\/miomiorun\/\" \/>\n<meta property=\"article:modified_time\" content=\"2025-04-19T08:59:30+00:00\" \/>\n<meta property=\"og:image\" content=\"https:\/\/www.miomiorun.com\/app\/uploads\/2025\/04\/crazy-Pull-ibex-W-crazy-wave-pop-S25096131D-00X157P.webp\" \/>\n\t<meta property=\"og:image:width\" content=\"600\" \/>\n\t<meta property=\"og:image:height\" content=\"600\" \/>\n\t<meta property=\"og:image:type\" content=\"image\/webp\" \/>\n<meta name=\"twitter:card\" content=\"summary_large_image\" \/>\n<meta name=\"twitter:label1\" content=\"Est. reading time\" \/>\n\t<meta name=\"twitter:data1\" content=\"1 minute\" \/>\n<script type=\"application\/ld+json\" class=\"yoast-schema-graph\">{\"@context\":\"https:\/\/schema.org\",\"@graph\":[{\"@type\":\"WebPage\",\"@id\":\"https:\/\/www.miomiorun.com\/fr\/produit\/pull-ibex-femme\/\",\"url\":\"https:\/\/www.miomiorun.com\/fr\/produit\/pull-ibex-femme\/\",\"name\":\"Crazy Idea Pull Ibex femme - Jersey- MioMioRun\",\"isPartOf\":{\"@id\":\"https:\/\/www.miomiorun.com\/fr\/#website\"},\"primaryImageOfPage\":{\"@id\":\"https:\/\/www.miomiorun.com\/fr\/produit\/pull-ibex-femme\/#primaryimage\"},\"image\":{\"@id\":\"https:\/\/www.miomiorun.com\/fr\/produit\/pull-ibex-femme\/#primaryimage\"},\"thumbnailUrl\":\"https:\/\/www.miomiorun.com\/app\/uploads\/2026\/04\/crazy-Pull-ibex-tye-dye-W-S26096131D-00X069.webp\",\"datePublished\":\"2025-04-15T14:09:47+00:00\",\"dateModified\":\"2025-04-19T08:59:30+00:00\",\"description\":\"D\u00e9couvrez le Pull Ibex Crazy : couleurs vives, imprim\u00e9s exclusifs et tissu Devor\u00e8 respirant. Parfait pour les loisirs et les journ\u00e9es actives.\",\"breadcrumb\":{\"@id\":\"https:\/\/www.miomiorun.com\/fr\/produit\/pull-ibex-femme\/#breadcrumb\"},\"inLanguage\":\"fr-FR\",\"potentialAction\":[{\"@type\":\"ReadAction\",\"target\":[\"https:\/\/www.miomiorun.com\/fr\/produit\/pull-ibex-femme\/\"]}]},{\"@type\":\"ImageObject\",\"inLanguage\":\"fr-FR\",\"@id\":\"https:\/\/www.miomiorun.com\/fr\/produit\/pull-ibex-femme\/#primaryimage\",\"url\":\"https:\/\/www.miomiorun.com\/app\/uploads\/2026\/04\/crazy-Pull-ibex-tye-dye-W-S26096131D-00X069.webp\",\"contentUrl\":\"https:\/\/www.miomiorun.com\/app\/uploads\/2026\/04\/crazy-Pull-ibex-tye-dye-W-S26096131D-00X069.webp\",\"width\":720,\"height\":720,\"caption\":\"crazy Pull ibex tye dye W S26096131D-00X069\"},{\"@type\":\"BreadcrumbList\",\"@id\":\"https:\/\/www.miomiorun.com\/fr\/produit\/pull-ibex-femme\/#breadcrumb\",\"itemListElement\":[{\"@type\":\"ListItem\",\"position\":1,\"name\":\"Home\",\"item\":\"https:\/\/www.miomiorun.com\/fr\/home-page\/\"},{\"@type\":\"ListItem\",\"position\":2,\"name\":\"Shop\",\"item\":\"https:\/\/www.miomiorun.com\/shop\/\"},{\"@type\":\"ListItem\",\"position\":3,\"name\":\"Pull Ibex femme\"}]},{\"@type\":\"WebSite\",\"@id\":\"https:\/\/www.miomiorun.com\/fr\/#website\",\"url\":\"https:\/\/www.miomiorun.com\/fr\/\",\"name\":\"MioMioRun\",\"description\":\"Boutique 100% running et trail\",\"publisher\":{\"@id\":\"https:\/\/www.miomiorun.com\/fr\/#organization\"},\"potentialAction\":[{\"@type\":\"SearchAction\",\"target\":{\"@type\":\"EntryPoint\",\"urlTemplate\":\"https:\/\/www.miomiorun.com\/fr\/?s={search_term_string}\"},\"query-input\":{\"@type\":\"PropertyValueSpecification\",\"valueRequired\":true,\"valueName\":\"search_term_string\"}}],\"inLanguage\":\"fr-FR\"},{\"@type\":\"Organization\",\"@id\":\"https:\/\/www.miomiorun.com\/fr\/#organization\",\"name\":\"MioMio Run\",\"url\":\"https:\/\/www.miomiorun.com\/fr\/\",\"logo\":{\"@type\":\"ImageObject\",\"inLanguage\":\"fr-FR\",\"@id\":\"https:\/\/www.miomiorun.com\/fr\/#\/schema\/logo\/image\/\",\"url\":\"https:\/\/www.miomiorun.com\/app\/uploads\/2019\/12\/logomio.png\",\"contentUrl\":\"https:\/\/www.miomiorun.com\/app\/uploads\/2019\/12\/logomio.png\",\"width\":115,\"height\":82,\"caption\":\"MioMio Run\"},\"image\":{\"@id\":\"https:\/\/www.miomiorun.com\/fr\/#\/schema\/logo\/image\/\"},\"sameAs\":[\"https:\/\/www.facebook.com\/miomiorun\/\",\"https:\/\/www.instagram.com\/miomiorun\/\"]}]}<\/script>\n<!-- \/ Yoast SEO plugin. -->","yoast_head_json":{"title":"Crazy Idea Pull Ibex femme - Jersey- MioMioRun","description":"D\u00e9couvrez le Pull Ibex Crazy : couleurs vives, imprim\u00e9s exclusifs et tissu Devor\u00e8 respirant. Parfait pour les loisirs et les journ\u00e9es actives.","robots":{"index":"index","follow":"follow","max-snippet":"max-snippet:-1","max-image-preview":"max-image-preview:large","max-video-preview":"max-video-preview:-1"},"canonical":"https:\/\/www.miomiorun.com\/fr\/produit\/pull-ibex-femme\/","og_locale":"fr_FR","og_type":"article","og_title":"Crazy Idea Pull Ibex femme - Jersey- MioMioRun","og_description":"D\u00e9couvrez le Pull Ibex Crazy : couleurs vives, imprim\u00e9s exclusifs et tissu Devor\u00e8 respirant. Parfait pour les loisirs et les journ\u00e9es actives.","og_url":"https:\/\/www.miomiorun.com\/fr\/produit\/pull-ibex-femme\/","og_site_name":"MioMioRun","article_publisher":"https:\/\/www.facebook.com\/miomiorun\/","article_modified_time":"2025-04-19T08:59:30+00:00","og_image":[{"width":600,"height":600,"url":"https:\/\/www.miomiorun.com\/app\/uploads\/2025\/04\/crazy-Pull-ibex-W-crazy-wave-pop-S25096131D-00X157P.webp","type":"image\/webp"}],"twitter_card":"summary_large_image","twitter_misc":{"Est. reading time":"1 minute"},"schema":{"@context":"https:\/\/schema.org","@graph":[{"@type":"WebPage","@id":"https:\/\/www.miomiorun.com\/fr\/produit\/pull-ibex-femme\/","url":"https:\/\/www.miomiorun.com\/fr\/produit\/pull-ibex-femme\/","name":"Crazy Idea Pull Ibex femme - Jersey- MioMioRun","isPartOf":{"@id":"https:\/\/www.miomiorun.com\/fr\/#website"},"primaryImageOfPage":{"@id":"https:\/\/www.miomiorun.com\/fr\/produit\/pull-ibex-femme\/#primaryimage"},"image":{"@id":"https:\/\/www.miomiorun.com\/fr\/produit\/pull-ibex-femme\/#primaryimage"},"thumbnailUrl":"https:\/\/www.miomiorun.com\/app\/uploads\/2026\/04\/crazy-Pull-ibex-tye-dye-W-S26096131D-00X069.webp","datePublished":"2025-04-15T14:09:47+00:00","dateModified":"2025-04-19T08:59:30+00:00","description":"D\u00e9couvrez le Pull Ibex Crazy : couleurs vives, imprim\u00e9s exclusifs et tissu Devor\u00e8 respirant. Parfait pour les loisirs et les journ\u00e9es actives.","breadcrumb":{"@id":"https:\/\/www.miomiorun.com\/fr\/produit\/pull-ibex-femme\/#breadcrumb"},"inLanguage":"fr-FR","potentialAction":[{"@type":"ReadAction","target":["https:\/\/www.miomiorun.com\/fr\/produit\/pull-ibex-femme\/"]}]},{"@type":"ImageObject","inLanguage":"fr-FR","@id":"https:\/\/www.miomiorun.com\/fr\/produit\/pull-ibex-femme\/#primaryimage","url":"https:\/\/www.miomiorun.com\/app\/uploads\/2026\/04\/crazy-Pull-ibex-tye-dye-W-S26096131D-00X069.webp","contentUrl":"https:\/\/www.miomiorun.com\/app\/uploads\/2026\/04\/crazy-Pull-ibex-tye-dye-W-S26096131D-00X069.webp","width":720,"height":720,"caption":"crazy Pull ibex tye dye W S26096131D-00X069"},{"@type":"BreadcrumbList","@id":"https:\/\/www.miomiorun.com\/fr\/produit\/pull-ibex-femme\/#breadcrumb","itemListElement":[{"@type":"ListItem","position":1,"name":"Home","item":"https:\/\/www.miomiorun.com\/fr\/home-page\/"},{"@type":"ListItem","position":2,"name":"Shop","item":"https:\/\/www.miomiorun.com\/shop\/"},{"@type":"ListItem","position":3,"name":"Pull Ibex femme"}]},{"@type":"WebSite","@id":"https:\/\/www.miomiorun.com\/fr\/#website","url":"https:\/\/www.miomiorun.com\/fr\/","name":"MioMioRun","description":"Boutique 100% running et trail","publisher":{"@id":"https:\/\/www.miomiorun.com\/fr\/#organization"},"potentialAction":[{"@type":"SearchAction","target":{"@type":"EntryPoint","urlTemplate":"https:\/\/www.miomiorun.com\/fr\/?s={search_term_string}"},"query-input":{"@type":"PropertyValueSpecification","valueRequired":true,"valueName":"search_term_string"}}],"inLanguage":"fr-FR"},{"@type":"Organization","@id":"https:\/\/www.miomiorun.com\/fr\/#organization","name":"MioMio Run","url":"https:\/\/www.miomiorun.com\/fr\/","logo":{"@type":"ImageObject","inLanguage":"fr-FR","@id":"https:\/\/www.miomiorun.com\/fr\/#\/schema\/logo\/image\/","url":"https:\/\/www.miomiorun.com\/app\/uploads\/2019\/12\/logomio.png","contentUrl":"https:\/\/www.miomiorun.com\/app\/uploads\/2019\/12\/logomio.png","width":115,"height":82,"caption":"MioMio Run"},"image":{"@id":"https:\/\/www.miomiorun.com\/fr\/#\/schema\/logo\/image\/"},"sameAs":["https:\/\/www.facebook.com\/miomiorun\/","https:\/\/www.instagram.com\/miomiorun\/"]}]}},"_links":{"self":[{"href":"https:\/\/www.miomiorun.com\/fr\/wp-json\/wp\/v2\/product\/304014","targetHints":{"allow":["GET"]}}],"collection":[{"href":"https:\/\/www.miomiorun.com\/fr\/wp-json\/wp\/v2\/product"}],"about":[{"href":"https:\/\/www.miomiorun.com\/fr\/wp-json\/wp\/v2\/types\/product"}],"wp:featuredmedia":[{"embeddable":true,"href":"https:\/\/www.miomiorun.com\/fr\/wp-json\/wp\/v2\/media\/430276"}],"wp:attachment":[{"href":"https:\/\/www.miomiorun.com\/fr\/wp-json\/wp\/v2\/media?parent=304014"}],"wp:term":[{"taxonomy":"product_brand","embeddable":true,"href":"https:\/\/www.miomiorun.com\/fr\/wp-json\/wp\/v2\/product_brand?post=304014"},{"taxonomy":"product_cat","embeddable":true,"href":"https:\/\/www.miomiorun.com\/fr\/wp-json\/wp\/v2\/product_cat?post=304014"},{"taxonomy":"product_tag","embeddable":true,"href":"https:\/\/www.miomiorun.com\/fr\/wp-json\/wp\/v2\/product_tag?post=304014"}],"curies":[{"name":"wp","href":"https:\/\/api.w.org\/{rel}","templated":true}]}}