{"id":303083,"date":"2025-04-15T10:12:44","date_gmt":"2025-04-15T08:12:44","guid":{"rendered":"https:\/\/miomiorun.com\/?post_type=product&#038;p=303083"},"modified":"2026-05-08T22:42:59","modified_gmt":"2026-05-08T20:42:59","slug":"jkt-wonder-magic-shell-femme","status":"publish","type":"product","link":"https:\/\/www.miomiorun.com\/fr\/produit\/jkt-wonder-magic-shell-femme\/","title":{"rendered":"Jkt Wonder Magic Shell femme"},"content":{"rendered":"<p class=\"\" data-end=\"443\" data-start=\"164\">Lorsque le temps est incertain et que l&#8217;on veut \u00eatre pr\u00eat \u00e0 tout, la <strong data-end=\"243\" data-start=\"223\">Jkt Wonder Magic<\/strong> est le compagnon id\u00e9al. Une veste l\u00e9g\u00e8re, coupe-vent et imperm\u00e9able, con\u00e7ue pour le trekking et les journ\u00e9es en plein air, mais avec un look si tendance qu&#8217;elle est parfaite m\u00eame sous la pluie en ville.<\/p>\n<p class=\"\" data-end=\"731\" data-start=\"445\">R\u00e9alis\u00e9e en <strong data-end=\"494\" data-start=\"459\">softshell avec une membrane X-bucler<\/strong> et une r\u00e9sistance \u00e0 la <strong data-end=\"546\" data-start=\"515\">colonne d&#8217;eau de 8 000 mm<\/strong>, elle garantit une protection totale contre le vent et les intemp\u00e9ries. Sa conception d\u00e9taill\u00e9e en fait un v\u00eatement extr\u00eamement polyvalent, alliant performances techniques et style contemporain.<\/p>\n<h3 class=\"\" data-end=\"767\" data-start=\"733\"><strong data-end=\"767\" data-start=\"737\">Caract\u00e9ristiques principales<\/strong><\/h3>\n<ul data-end=\"1154\" data-start=\"768\">\n<li class=\"\" data-end=\"838\" data-start=\"768\">\n<p class=\"\" data-end=\"838\" data-start=\"770\"><strong data-end=\"798\" data-start=\"770\">Imperm\u00e9able et coupe-vent<\/strong> gr\u00e2ce au softshell imprim\u00e9 X-bucler<\/p>\n<\/li>\n<li class=\"\" data-end=\"928\" data-start=\"839\">\n<p class=\"\" data-end=\"928\" data-start=\"841\"><strong data-end=\"873\" data-start=\"841\">Capuche avec ourlet \u00e9lastique<\/strong> et coutures thermocoll\u00e9es pour une protection optimale<\/p>\n<\/li>\n<li class=\"\" data-end=\"1002\" data-start=\"929\">\n<p class=\"\" data-end=\"1002\" data-start=\"931\"><strong data-end=\"960\" data-start=\"931\">2 poches lat\u00e9rales zipp\u00e9es<\/strong> pour ranger vos affaires en toute s\u00e9curit\u00e9<\/p>\n<\/li>\n<li class=\"\" data-end=\"1067\" data-start=\"1003\">\n<p class=\"\" data-end=\"1067\" data-start=\"1005\"><strong data-end=\"1032\" data-start=\"1005\">Fermeture \u00e0 glissi\u00e8re sur le devant avec garage<\/strong> pour un confort maximal au niveau du cou<\/p>\n<\/li>\n<li class=\"\" data-end=\"1154\" data-start=\"1068\">\n<p class=\"\" data-end=\"1154\" data-start=\"1070\"><strong data-end=\"1110\" data-start=\"1070\">Poignets et ourlets \u00e9lastiqu\u00e9s<\/strong> pour un ajustement confortable et protecteur<\/p>\n<\/li>\n<\/ul>\n<p class=\"\" data-end=\"1290\" data-start=\"1156\">Parfait pour vos aventures sur les sentiers, les jours de pluie en ville ou les sorties en plein air lorsque le temps change soudainement.<\/p>\n","protected":false},"excerpt":{"rendered":"<ul>\n<li>Softshell<\/li>\n<li>imperm\u00e9able et coupe-vent<\/li>\n<li>avec membrane X-bucler<\/li>\n<\/ul>\n","protected":false},"featured_media":304956,"template":"","meta":{"_acf_changed":false,"inline_featured_image":false},"product_brand":[],"product_cat":[22599,22596],"product_tag":[23489,23491],"class_list":{"0":"post-303083","1":"product","2":"type-product","3":"status-publish","4":"has-post-thumbnail","6":"product_cat-vestes","7":"product_cat-vetements-pour-femmes","8":"product_tag-crazy-idea-fr","9":"product_tag-crazy-idea-femme","10":"pa_attivita-marcher","11":"pa_attivita-outdoor-fr","12":"pa_colore-jkt-wonder-magic-shell-w-mandala-fr","13":"pa_colore-jkt-wonder-magic-shell-w-pop-fr","14":"pa_colore-jkt-wonder-magic-shell-w-pop-black","15":"pa_marca-crazy-idea-fr","16":"pa_sesso-femme","17":"pa_size-extra-small-fr","18":"pa_size-small-fr","19":"pa_size-medium-fr","20":"pa_size-large-fr","22":"first","23":"instock","24":"sale","25":"taxable","26":"shipping-taxable","27":"purchasable","28":"product-type-variable","29":"wvs-archive-product-wrapper"},"acf":[],"yoast_head":"<!-- This site is optimized with the Yoast SEO plugin v26.8 - https:\/\/yoast.com\/product\/yoast-seo-wordpress\/ -->\n<title>Crazy Idea Jkt Wonder Magic Shell femme - Veste de course - MioMioRun.com<\/title>\n<meta name=\"description\" content=\"Veste softshell Jkt Wonder Magic coupe-vent et imperm\u00e9able. L\u00e9g\u00e8re, technique et \u00e0 la mode, parfaite pour le trekking, le plein air et la pluie en ville.\" \/>\n<meta name=\"robots\" content=\"index, follow, max-snippet:-1, max-image-preview:large, max-video-preview:-1\" \/>\n<link rel=\"canonical\" href=\"https:\/\/www.miomiorun.com\/fr\/produit\/jkt-wonder-magic-shell-femme\/\" \/>\n<meta property=\"og:locale\" content=\"fr_FR\" \/>\n<meta property=\"og:type\" content=\"article\" \/>\n<meta property=\"og:title\" content=\"Crazy Idea Jkt Wonder Magic Shell femme - Veste de course - MioMioRun.com\" \/>\n<meta property=\"og:description\" content=\"Veste softshell Jkt Wonder Magic coupe-vent et imperm\u00e9able. L\u00e9g\u00e8re, technique et \u00e0 la mode, parfaite pour le trekking, le plein air et la pluie en ville.\" \/>\n<meta property=\"og:url\" content=\"https:\/\/www.miomiorun.com\/fr\/produit\/jkt-wonder-magic-shell-femme\/\" \/>\n<meta property=\"og:site_name\" content=\"MioMioRun\" \/>\n<meta property=\"article:publisher\" content=\"https:\/\/www.facebook.com\/miomiorun\/\" \/>\n<meta property=\"article:modified_time\" content=\"2026-05-08T20:42:59+00:00\" \/>\n<meta property=\"og:image\" content=\"https:\/\/www.miomiorun.com\/app\/uploads\/2025\/04\/crazy-JKT-wonder-magic-shell-W-mandala-S25055161D-00X096.webp\" \/>\n\t<meta property=\"og:image:width\" content=\"600\" \/>\n\t<meta property=\"og:image:height\" content=\"600\" \/>\n\t<meta property=\"og:image:type\" content=\"image\/webp\" \/>\n<meta name=\"twitter:card\" content=\"summary_large_image\" \/>\n<meta name=\"twitter:label1\" content=\"Est. reading time\" \/>\n\t<meta name=\"twitter:data1\" content=\"1 minute\" \/>\n<script type=\"application\/ld+json\" class=\"yoast-schema-graph\">{\"@context\":\"https:\/\/schema.org\",\"@graph\":[{\"@type\":\"WebPage\",\"@id\":\"https:\/\/www.miomiorun.com\/fr\/produit\/jkt-wonder-magic-shell-femme\/\",\"url\":\"https:\/\/www.miomiorun.com\/fr\/produit\/jkt-wonder-magic-shell-femme\/\",\"name\":\"Crazy Idea Jkt Wonder Magic Shell femme - Veste de course - MioMioRun.com\",\"isPartOf\":{\"@id\":\"https:\/\/www.miomiorun.com\/fr\/#website\"},\"primaryImageOfPage\":{\"@id\":\"https:\/\/www.miomiorun.com\/fr\/produit\/jkt-wonder-magic-shell-femme\/#primaryimage\"},\"image\":{\"@id\":\"https:\/\/www.miomiorun.com\/fr\/produit\/jkt-wonder-magic-shell-femme\/#primaryimage\"},\"thumbnailUrl\":\"https:\/\/www.miomiorun.com\/app\/uploads\/2025\/04\/crazy-JKT-wonder-magic-shell-W-mandala-S25055161D-00X096.webp\",\"datePublished\":\"2025-04-15T08:12:44+00:00\",\"dateModified\":\"2026-05-08T20:42:59+00:00\",\"description\":\"Veste softshell Jkt Wonder Magic coupe-vent et imperm\u00e9able. L\u00e9g\u00e8re, technique et \u00e0 la mode, parfaite pour le trekking, le plein air et la pluie en ville.\",\"breadcrumb\":{\"@id\":\"https:\/\/www.miomiorun.com\/fr\/produit\/jkt-wonder-magic-shell-femme\/#breadcrumb\"},\"inLanguage\":\"fr-FR\",\"potentialAction\":[{\"@type\":\"ReadAction\",\"target\":[\"https:\/\/www.miomiorun.com\/fr\/produit\/jkt-wonder-magic-shell-femme\/\"]}]},{\"@type\":\"ImageObject\",\"inLanguage\":\"fr-FR\",\"@id\":\"https:\/\/www.miomiorun.com\/fr\/produit\/jkt-wonder-magic-shell-femme\/#primaryimage\",\"url\":\"https:\/\/www.miomiorun.com\/app\/uploads\/2025\/04\/crazy-JKT-wonder-magic-shell-W-mandala-S25055161D-00X096.webp\",\"contentUrl\":\"https:\/\/www.miomiorun.com\/app\/uploads\/2025\/04\/crazy-JKT-wonder-magic-shell-W-mandala-S25055161D-00X096.webp\",\"width\":600,\"height\":600,\"caption\":\"crazy JKT wonder magic shell W mandala S25055161D-00X096\"},{\"@type\":\"BreadcrumbList\",\"@id\":\"https:\/\/www.miomiorun.com\/fr\/produit\/jkt-wonder-magic-shell-femme\/#breadcrumb\",\"itemListElement\":[{\"@type\":\"ListItem\",\"position\":1,\"name\":\"Home\",\"item\":\"https:\/\/www.miomiorun.com\/fr\/home-page\/\"},{\"@type\":\"ListItem\",\"position\":2,\"name\":\"Shop\",\"item\":\"https:\/\/www.miomiorun.com\/shop\/\"},{\"@type\":\"ListItem\",\"position\":3,\"name\":\"Jkt Wonder Magic Shell femme\"}]},{\"@type\":\"WebSite\",\"@id\":\"https:\/\/www.miomiorun.com\/fr\/#website\",\"url\":\"https:\/\/www.miomiorun.com\/fr\/\",\"name\":\"MioMioRun\",\"description\":\"Boutique 100% running et trail\",\"publisher\":{\"@id\":\"https:\/\/www.miomiorun.com\/fr\/#organization\"},\"potentialAction\":[{\"@type\":\"SearchAction\",\"target\":{\"@type\":\"EntryPoint\",\"urlTemplate\":\"https:\/\/www.miomiorun.com\/fr\/?s={search_term_string}\"},\"query-input\":{\"@type\":\"PropertyValueSpecification\",\"valueRequired\":true,\"valueName\":\"search_term_string\"}}],\"inLanguage\":\"fr-FR\"},{\"@type\":\"Organization\",\"@id\":\"https:\/\/www.miomiorun.com\/fr\/#organization\",\"name\":\"MioMio Run\",\"url\":\"https:\/\/www.miomiorun.com\/fr\/\",\"logo\":{\"@type\":\"ImageObject\",\"inLanguage\":\"fr-FR\",\"@id\":\"https:\/\/www.miomiorun.com\/fr\/#\/schema\/logo\/image\/\",\"url\":\"https:\/\/www.miomiorun.com\/app\/uploads\/2019\/12\/logomio.png\",\"contentUrl\":\"https:\/\/www.miomiorun.com\/app\/uploads\/2019\/12\/logomio.png\",\"width\":115,\"height\":82,\"caption\":\"MioMio Run\"},\"image\":{\"@id\":\"https:\/\/www.miomiorun.com\/fr\/#\/schema\/logo\/image\/\"},\"sameAs\":[\"https:\/\/www.facebook.com\/miomiorun\/\",\"https:\/\/www.instagram.com\/miomiorun\/\"]}]}<\/script>\n<!-- \/ Yoast SEO plugin. -->","yoast_head_json":{"title":"Crazy Idea Jkt Wonder Magic Shell femme - Veste de course - MioMioRun.com","description":"Veste softshell Jkt Wonder Magic coupe-vent et imperm\u00e9able. L\u00e9g\u00e8re, technique et \u00e0 la mode, parfaite pour le trekking, le plein air et la pluie en ville.","robots":{"index":"index","follow":"follow","max-snippet":"max-snippet:-1","max-image-preview":"max-image-preview:large","max-video-preview":"max-video-preview:-1"},"canonical":"https:\/\/www.miomiorun.com\/fr\/produit\/jkt-wonder-magic-shell-femme\/","og_locale":"fr_FR","og_type":"article","og_title":"Crazy Idea Jkt Wonder Magic Shell femme - Veste de course - MioMioRun.com","og_description":"Veste softshell Jkt Wonder Magic coupe-vent et imperm\u00e9able. L\u00e9g\u00e8re, technique et \u00e0 la mode, parfaite pour le trekking, le plein air et la pluie en ville.","og_url":"https:\/\/www.miomiorun.com\/fr\/produit\/jkt-wonder-magic-shell-femme\/","og_site_name":"MioMioRun","article_publisher":"https:\/\/www.facebook.com\/miomiorun\/","article_modified_time":"2026-05-08T20:42:59+00:00","og_image":[{"width":600,"height":600,"url":"https:\/\/www.miomiorun.com\/app\/uploads\/2025\/04\/crazy-JKT-wonder-magic-shell-W-mandala-S25055161D-00X096.webp","type":"image\/webp"}],"twitter_card":"summary_large_image","twitter_misc":{"Est. reading time":"1 minute"},"schema":{"@context":"https:\/\/schema.org","@graph":[{"@type":"WebPage","@id":"https:\/\/www.miomiorun.com\/fr\/produit\/jkt-wonder-magic-shell-femme\/","url":"https:\/\/www.miomiorun.com\/fr\/produit\/jkt-wonder-magic-shell-femme\/","name":"Crazy Idea Jkt Wonder Magic Shell femme - Veste de course - MioMioRun.com","isPartOf":{"@id":"https:\/\/www.miomiorun.com\/fr\/#website"},"primaryImageOfPage":{"@id":"https:\/\/www.miomiorun.com\/fr\/produit\/jkt-wonder-magic-shell-femme\/#primaryimage"},"image":{"@id":"https:\/\/www.miomiorun.com\/fr\/produit\/jkt-wonder-magic-shell-femme\/#primaryimage"},"thumbnailUrl":"https:\/\/www.miomiorun.com\/app\/uploads\/2025\/04\/crazy-JKT-wonder-magic-shell-W-mandala-S25055161D-00X096.webp","datePublished":"2025-04-15T08:12:44+00:00","dateModified":"2026-05-08T20:42:59+00:00","description":"Veste softshell Jkt Wonder Magic coupe-vent et imperm\u00e9able. L\u00e9g\u00e8re, technique et \u00e0 la mode, parfaite pour le trekking, le plein air et la pluie en ville.","breadcrumb":{"@id":"https:\/\/www.miomiorun.com\/fr\/produit\/jkt-wonder-magic-shell-femme\/#breadcrumb"},"inLanguage":"fr-FR","potentialAction":[{"@type":"ReadAction","target":["https:\/\/www.miomiorun.com\/fr\/produit\/jkt-wonder-magic-shell-femme\/"]}]},{"@type":"ImageObject","inLanguage":"fr-FR","@id":"https:\/\/www.miomiorun.com\/fr\/produit\/jkt-wonder-magic-shell-femme\/#primaryimage","url":"https:\/\/www.miomiorun.com\/app\/uploads\/2025\/04\/crazy-JKT-wonder-magic-shell-W-mandala-S25055161D-00X096.webp","contentUrl":"https:\/\/www.miomiorun.com\/app\/uploads\/2025\/04\/crazy-JKT-wonder-magic-shell-W-mandala-S25055161D-00X096.webp","width":600,"height":600,"caption":"crazy JKT wonder magic shell W mandala S25055161D-00X096"},{"@type":"BreadcrumbList","@id":"https:\/\/www.miomiorun.com\/fr\/produit\/jkt-wonder-magic-shell-femme\/#breadcrumb","itemListElement":[{"@type":"ListItem","position":1,"name":"Home","item":"https:\/\/www.miomiorun.com\/fr\/home-page\/"},{"@type":"ListItem","position":2,"name":"Shop","item":"https:\/\/www.miomiorun.com\/shop\/"},{"@type":"ListItem","position":3,"name":"Jkt Wonder Magic Shell femme"}]},{"@type":"WebSite","@id":"https:\/\/www.miomiorun.com\/fr\/#website","url":"https:\/\/www.miomiorun.com\/fr\/","name":"MioMioRun","description":"Boutique 100% running et trail","publisher":{"@id":"https:\/\/www.miomiorun.com\/fr\/#organization"},"potentialAction":[{"@type":"SearchAction","target":{"@type":"EntryPoint","urlTemplate":"https:\/\/www.miomiorun.com\/fr\/?s={search_term_string}"},"query-input":{"@type":"PropertyValueSpecification","valueRequired":true,"valueName":"search_term_string"}}],"inLanguage":"fr-FR"},{"@type":"Organization","@id":"https:\/\/www.miomiorun.com\/fr\/#organization","name":"MioMio Run","url":"https:\/\/www.miomiorun.com\/fr\/","logo":{"@type":"ImageObject","inLanguage":"fr-FR","@id":"https:\/\/www.miomiorun.com\/fr\/#\/schema\/logo\/image\/","url":"https:\/\/www.miomiorun.com\/app\/uploads\/2019\/12\/logomio.png","contentUrl":"https:\/\/www.miomiorun.com\/app\/uploads\/2019\/12\/logomio.png","width":115,"height":82,"caption":"MioMio Run"},"image":{"@id":"https:\/\/www.miomiorun.com\/fr\/#\/schema\/logo\/image\/"},"sameAs":["https:\/\/www.facebook.com\/miomiorun\/","https:\/\/www.instagram.com\/miomiorun\/"]}]}},"_links":{"self":[{"href":"https:\/\/www.miomiorun.com\/fr\/wp-json\/wp\/v2\/product\/303083","targetHints":{"allow":["GET"]}}],"collection":[{"href":"https:\/\/www.miomiorun.com\/fr\/wp-json\/wp\/v2\/product"}],"about":[{"href":"https:\/\/www.miomiorun.com\/fr\/wp-json\/wp\/v2\/types\/product"}],"wp:featuredmedia":[{"embeddable":true,"href":"https:\/\/www.miomiorun.com\/fr\/wp-json\/wp\/v2\/media\/304956"}],"wp:attachment":[{"href":"https:\/\/www.miomiorun.com\/fr\/wp-json\/wp\/v2\/media?parent=303083"}],"wp:term":[{"taxonomy":"product_brand","embeddable":true,"href":"https:\/\/www.miomiorun.com\/fr\/wp-json\/wp\/v2\/product_brand?post=303083"},{"taxonomy":"product_cat","embeddable":true,"href":"https:\/\/www.miomiorun.com\/fr\/wp-json\/wp\/v2\/product_cat?post=303083"},{"taxonomy":"product_tag","embeddable":true,"href":"https:\/\/www.miomiorun.com\/fr\/wp-json\/wp\/v2\/product_tag?post=303083"}],"curies":[{"name":"wp","href":"https:\/\/api.w.org\/{rel}","templated":true}]}}