{"id":302956,"date":"2025-04-14T18:31:58","date_gmt":"2025-04-14T16:31:58","guid":{"rendered":"https:\/\/miomiorun.com\/?post_type=product&#038;p=302956"},"modified":"2026-05-09T10:17:03","modified_gmt":"2026-05-09T08:17:03","slug":"pull-traverse-femme","status":"publish","type":"product","link":"https:\/\/www.miomiorun.com\/fr\/produit\/pull-traverse-femme\/","title":{"rendered":"Pull Traverse femme"},"content":{"rendered":"<p class=\"\" data-end=\"467\" data-start=\"158\">La nouvelle <strong data-end=\"190\" data-start=\"173\">Traverse Pull<\/strong> est n\u00e9e, faisant partie de la collection SS25, con\u00e7ue pour ceux qui aiment vivre la montagne avec l\u00e9g\u00e8ret\u00e9 et fonctionnalit\u00e9. Cette couche interm\u00e9diaire technique est parfaite pour le <strong data-end=\"354\" data-start=\"334\">trekking l\u00e9ger<\/strong> et les <strong data-end=\"392\" data-start=\"360\">excursions en moyenne montagne<\/strong>, alliant performance et confort dans un design essentiel et contemporain.<\/p>\n<p class=\"\" data-end=\"970\" data-start=\"469\">R\u00e9alis\u00e9e en <strong data-end=\"503\" data-start=\"484\">Endurance Light<\/strong>, un tissu l\u00e9ger et compact qui offre une excellente isolation thermique, elle est compl\u00e9t\u00e9e par des panneaux <strong data-end=\"627\" data-start=\"609\">Stretch Series<\/strong>, encore plus \u00e9lastiques et l\u00e9gers, con\u00e7us pour garantir une <strong data-end=\"715\" data-start=\"682\">libert\u00e9 de mouvement absolue<\/strong>. Chaque d\u00e9tail est con\u00e7u pour vous accompagner dans toutes les situations : de la coupe ergonomique \u00e0 la <strong data-end=\"842\" data-start=\"813\">capuche avec sortie arri\u00e8re<\/strong>, des <strong data-end=\"881\" data-start=\"850\">coutures plates contrast\u00e9es<\/strong> aux <strong data-end=\"910\" data-start=\"887\">passe-pouces<\/strong>, en passant par les <strong data-end=\"941\" data-start=\"920\">logos r\u00e9fl\u00e9chissants<\/strong> qui augmentent la visibilit\u00e9.<\/p>\n<p class=\"\" data-end=\"1132\" data-start=\"972\">Le <strong data-end=\"989\" data-start=\"972\">Traverse Pull<\/strong> est un v\u00eatement polyvalent, id\u00e9al comme couche interm\u00e9diaire les jours plus froids ou comme protection l\u00e9g\u00e8re lorsque le temps change soudainement.<\/p>\n<h3 class=\"\" data-end=\"1173\" data-start=\"1139\"><strong data-end=\"1173\" data-start=\"1143\">Caract\u00e9ristiques principales :<\/strong><\/h3>\n<ul data-end=\"1621\" data-start=\"1174\">\n<li class=\"\" data-end=\"1236\" data-start=\"1174\">\n<p class=\"\" data-end=\"1236\" data-start=\"1176\">Tissu <strong data-end=\"1203\" data-start=\"1184\">Endurance Light<\/strong>: chaud, l\u00e9ger et emportable<\/p>\n<\/li>\n<li class=\"\" data-end=\"1311\" data-start=\"1237\">\n<p class=\"\" data-end=\"1311\" data-start=\"1239\">Panneaux <strong data-end=\"1269\" data-start=\"1251\">Stretch Series<\/strong>: confort maximal et libert\u00e9 de mouvement<\/p>\n<\/li>\n<li class=\"\" data-end=\"1354\" data-start=\"1312\">\n<p class=\"\" data-end=\"1354\" data-start=\"1314\"><strong data-end=\"1352\" data-start=\"1314\">Zip frontal enti\u00e8rement divisible<\/strong><\/p>\n<\/li>\n<li class=\"\" data-end=\"1401\" data-start=\"1355\">\n<p class=\"\" data-end=\"1401\" data-start=\"1357\"><strong data-end=\"1376\" data-start=\"1357\">Coutures plates<\/strong> en couleur contrast\u00e9e<\/p>\n<\/li>\n<li class=\"\" data-end=\"1441\" data-start=\"1402\">\n<p class=\"\" data-end=\"1441\" data-start=\"1404\"><strong data-end=\"1419\" data-start=\"1404\">Poches \u00e0 main<\/strong> confortables et fonctionnelles<\/p>\n<\/li>\n<li class=\"\" data-end=\"1493\" data-start=\"1442\">\n<p class=\"\" data-end=\"1493\" data-start=\"1444\"><strong data-end=\"1468\" data-start=\"1444\">Capuche ergonomique<\/strong> avec sortie arri\u00e8re<\/p>\n<\/li>\n<li class=\"\" data-end=\"1551\" data-start=\"1494\">\n<p class=\"\" data-end=\"1551\" data-start=\"1496\"><strong data-end=\"1520\" data-start=\"1496\">Boucle de pouce<\/strong> pour un ajustement parfait<\/p>\n<\/li>\n<li class=\"\" data-end=\"1621\" data-start=\"1552\">\n<p class=\"\" data-end=\"1621\" data-start=\"1554\"><strong data-end=\"1575\" data-start=\"1554\">Logos r\u00e9fl\u00e9chissants<\/strong> pour une meilleure visibilit\u00e9 dans des conditions de faible luminosit\u00e9<\/p>\n<\/li>\n<\/ul>\n","protected":false},"excerpt":{"rendered":"<ul data-start=\"1174\" data-end=\"1621\">\n<li class=\"\" data-start=\"1174\" data-end=\"1236\">Tissu Endurance Light : chaud, l\u00e9ger et emportable<\/li>\n<li class=\"\" data-start=\"1174\" data-end=\"1236\">Panneaux Stretch Series : confort maximal et libert\u00e9 de mouvement<\/li>\n<li class=\"\" data-start=\"1174\" data-end=\"1236\">Fermeture \u00e9clair frontale enti\u00e8rement divisible<\/li>\n<\/ul>\n","protected":false},"featured_media":237860,"template":"","meta":{"_acf_changed":false,"inline_featured_image":false},"product_brand":[],"product_cat":[22601,22596],"product_tag":[23489,23491],"class_list":{"0":"post-302956","1":"product","2":"type-product","3":"status-publish","4":"has-post-thumbnail","6":"product_cat-maillots","7":"product_cat-vetements-pour-femmes","8":"product_tag-crazy-idea-fr","9":"product_tag-crazy-idea-femme","10":"pa_attivita-marcher","11":"pa_attivita-outdoor-fr","12":"pa_colore-pull-traverse-w-lake-fr","13":"pa_marca-crazy-idea-fr","14":"pa_sesso-femme","15":"pa_size-extra-small-fr","16":"pa_size-small-fr","17":"pa_size-large-fr","19":"first","20":"instock","21":"sale","22":"taxable","23":"shipping-taxable","24":"purchasable","25":"product-type-variable","26":"wvs-archive-product-wrapper"},"acf":[],"yoast_head":"<!-- This site is optimized with the Yoast SEO plugin v26.8 - https:\/\/yoast.com\/product\/yoast-seo-wordpress\/ -->\n<title>Crazy Idea Pull Traverse femme - Maillot de course - MioMioRun<\/title>\n<meta name=\"description\" content=\"D\u00e9couvrez la Traverse Pull : la veste technique l\u00e9g\u00e8re et compacte pour le trekking et la randonn\u00e9e. Fabriqu\u00e9e en tissu Endurance Light et Stretch Series, elle offre confort, chaleur et libert\u00e9 de mouvement.\" \/>\n<meta name=\"robots\" content=\"index, follow, max-snippet:-1, max-image-preview:large, max-video-preview:-1\" \/>\n<link rel=\"canonical\" href=\"https:\/\/www.miomiorun.com\/fr\/produit\/pull-traverse-femme\/\" \/>\n<meta property=\"og:locale\" content=\"fr_FR\" \/>\n<meta property=\"og:type\" content=\"article\" \/>\n<meta property=\"og:title\" content=\"Crazy Idea Pull Traverse femme - Maillot de course - MioMioRun\" \/>\n<meta property=\"og:description\" content=\"D\u00e9couvrez la Traverse Pull : la veste technique l\u00e9g\u00e8re et compacte pour le trekking et la randonn\u00e9e. Fabriqu\u00e9e en tissu Endurance Light et Stretch Series, elle offre confort, chaleur et libert\u00e9 de mouvement.\" \/>\n<meta property=\"og:url\" content=\"https:\/\/www.miomiorun.com\/fr\/produit\/pull-traverse-femme\/\" \/>\n<meta property=\"og:site_name\" content=\"MioMioRun\" \/>\n<meta property=\"article:publisher\" content=\"https:\/\/www.facebook.com\/miomiorun\/\" \/>\n<meta property=\"article:modified_time\" content=\"2026-05-09T08:17:03+00:00\" \/>\n<meta property=\"og:image\" content=\"https:\/\/www.miomiorun.com\/app\/uploads\/2022\/09\/crazy-idea-pull-oxygen-W-lambada-W22055142D-0044.jpg\" \/>\n\t<meta property=\"og:image:width\" content=\"600\" \/>\n\t<meta property=\"og:image:height\" content=\"600\" \/>\n\t<meta property=\"og:image:type\" content=\"image\/jpeg\" \/>\n<meta name=\"twitter:card\" content=\"summary_large_image\" \/>\n<meta name=\"twitter:label1\" content=\"Est. reading time\" \/>\n\t<meta name=\"twitter:data1\" content=\"1 minute\" \/>\n<script type=\"application\/ld+json\" class=\"yoast-schema-graph\">{\"@context\":\"https:\/\/schema.org\",\"@graph\":[{\"@type\":\"WebPage\",\"@id\":\"https:\/\/www.miomiorun.com\/fr\/produit\/pull-traverse-femme\/\",\"url\":\"https:\/\/www.miomiorun.com\/fr\/produit\/pull-traverse-femme\/\",\"name\":\"Crazy Idea Pull Traverse femme - Maillot de course - MioMioRun\",\"isPartOf\":{\"@id\":\"https:\/\/www.miomiorun.com\/fr\/#website\"},\"primaryImageOfPage\":{\"@id\":\"https:\/\/www.miomiorun.com\/fr\/produit\/pull-traverse-femme\/#primaryimage\"},\"image\":{\"@id\":\"https:\/\/www.miomiorun.com\/fr\/produit\/pull-traverse-femme\/#primaryimage\"},\"thumbnailUrl\":\"https:\/\/www.miomiorun.com\/app\/uploads\/2022\/09\/crazy-idea-pull-oxygen-W-lambada-W22055142D-0044.jpg\",\"datePublished\":\"2025-04-14T16:31:58+00:00\",\"dateModified\":\"2026-05-09T08:17:03+00:00\",\"description\":\"D\u00e9couvrez la Traverse Pull : la veste technique l\u00e9g\u00e8re et compacte pour le trekking et la randonn\u00e9e. Fabriqu\u00e9e en tissu Endurance Light et Stretch Series, elle offre confort, chaleur et libert\u00e9 de mouvement.\",\"breadcrumb\":{\"@id\":\"https:\/\/www.miomiorun.com\/fr\/produit\/pull-traverse-femme\/#breadcrumb\"},\"inLanguage\":\"fr-FR\",\"potentialAction\":[{\"@type\":\"ReadAction\",\"target\":[\"https:\/\/www.miomiorun.com\/fr\/produit\/pull-traverse-femme\/\"]}]},{\"@type\":\"ImageObject\",\"inLanguage\":\"fr-FR\",\"@id\":\"https:\/\/www.miomiorun.com\/fr\/produit\/pull-traverse-femme\/#primaryimage\",\"url\":\"https:\/\/www.miomiorun.com\/app\/uploads\/2022\/09\/crazy-idea-pull-oxygen-W-lambada-W22055142D-0044.jpg\",\"contentUrl\":\"https:\/\/www.miomiorun.com\/app\/uploads\/2022\/09\/crazy-idea-pull-oxygen-W-lambada-W22055142D-0044.jpg\",\"width\":600,\"height\":600,\"caption\":\"crazy-idea-pull-oxygen-W-lambada-W22055142D-0044\"},{\"@type\":\"BreadcrumbList\",\"@id\":\"https:\/\/www.miomiorun.com\/fr\/produit\/pull-traverse-femme\/#breadcrumb\",\"itemListElement\":[{\"@type\":\"ListItem\",\"position\":1,\"name\":\"Home\",\"item\":\"https:\/\/www.miomiorun.com\/fr\/home-page\/\"},{\"@type\":\"ListItem\",\"position\":2,\"name\":\"Shop\",\"item\":\"https:\/\/www.miomiorun.com\/shop\/\"},{\"@type\":\"ListItem\",\"position\":3,\"name\":\"Pull Traverse femme\"}]},{\"@type\":\"WebSite\",\"@id\":\"https:\/\/www.miomiorun.com\/fr\/#website\",\"url\":\"https:\/\/www.miomiorun.com\/fr\/\",\"name\":\"MioMioRun\",\"description\":\"Boutique 100% running et trail\",\"publisher\":{\"@id\":\"https:\/\/www.miomiorun.com\/fr\/#organization\"},\"potentialAction\":[{\"@type\":\"SearchAction\",\"target\":{\"@type\":\"EntryPoint\",\"urlTemplate\":\"https:\/\/www.miomiorun.com\/fr\/?s={search_term_string}\"},\"query-input\":{\"@type\":\"PropertyValueSpecification\",\"valueRequired\":true,\"valueName\":\"search_term_string\"}}],\"inLanguage\":\"fr-FR\"},{\"@type\":\"Organization\",\"@id\":\"https:\/\/www.miomiorun.com\/fr\/#organization\",\"name\":\"MioMio Run\",\"url\":\"https:\/\/www.miomiorun.com\/fr\/\",\"logo\":{\"@type\":\"ImageObject\",\"inLanguage\":\"fr-FR\",\"@id\":\"https:\/\/www.miomiorun.com\/fr\/#\/schema\/logo\/image\/\",\"url\":\"https:\/\/www.miomiorun.com\/app\/uploads\/2019\/12\/logomio.png\",\"contentUrl\":\"https:\/\/www.miomiorun.com\/app\/uploads\/2019\/12\/logomio.png\",\"width\":115,\"height\":82,\"caption\":\"MioMio Run\"},\"image\":{\"@id\":\"https:\/\/www.miomiorun.com\/fr\/#\/schema\/logo\/image\/\"},\"sameAs\":[\"https:\/\/www.facebook.com\/miomiorun\/\",\"https:\/\/www.instagram.com\/miomiorun\/\"]}]}<\/script>\n<!-- \/ Yoast SEO plugin. -->","yoast_head_json":{"title":"Crazy Idea Pull Traverse femme - Maillot de course - MioMioRun","description":"D\u00e9couvrez la Traverse Pull : la veste technique l\u00e9g\u00e8re et compacte pour le trekking et la randonn\u00e9e. Fabriqu\u00e9e en tissu Endurance Light et Stretch Series, elle offre confort, chaleur et libert\u00e9 de mouvement.","robots":{"index":"index","follow":"follow","max-snippet":"max-snippet:-1","max-image-preview":"max-image-preview:large","max-video-preview":"max-video-preview:-1"},"canonical":"https:\/\/www.miomiorun.com\/fr\/produit\/pull-traverse-femme\/","og_locale":"fr_FR","og_type":"article","og_title":"Crazy Idea Pull Traverse femme - Maillot de course - MioMioRun","og_description":"D\u00e9couvrez la Traverse Pull : la veste technique l\u00e9g\u00e8re et compacte pour le trekking et la randonn\u00e9e. Fabriqu\u00e9e en tissu Endurance Light et Stretch Series, elle offre confort, chaleur et libert\u00e9 de mouvement.","og_url":"https:\/\/www.miomiorun.com\/fr\/produit\/pull-traverse-femme\/","og_site_name":"MioMioRun","article_publisher":"https:\/\/www.facebook.com\/miomiorun\/","article_modified_time":"2026-05-09T08:17:03+00:00","og_image":[{"width":600,"height":600,"url":"https:\/\/www.miomiorun.com\/app\/uploads\/2022\/09\/crazy-idea-pull-oxygen-W-lambada-W22055142D-0044.jpg","type":"image\/jpeg"}],"twitter_card":"summary_large_image","twitter_misc":{"Est. reading time":"1 minute"},"schema":{"@context":"https:\/\/schema.org","@graph":[{"@type":"WebPage","@id":"https:\/\/www.miomiorun.com\/fr\/produit\/pull-traverse-femme\/","url":"https:\/\/www.miomiorun.com\/fr\/produit\/pull-traverse-femme\/","name":"Crazy Idea Pull Traverse femme - Maillot de course - MioMioRun","isPartOf":{"@id":"https:\/\/www.miomiorun.com\/fr\/#website"},"primaryImageOfPage":{"@id":"https:\/\/www.miomiorun.com\/fr\/produit\/pull-traverse-femme\/#primaryimage"},"image":{"@id":"https:\/\/www.miomiorun.com\/fr\/produit\/pull-traverse-femme\/#primaryimage"},"thumbnailUrl":"https:\/\/www.miomiorun.com\/app\/uploads\/2022\/09\/crazy-idea-pull-oxygen-W-lambada-W22055142D-0044.jpg","datePublished":"2025-04-14T16:31:58+00:00","dateModified":"2026-05-09T08:17:03+00:00","description":"D\u00e9couvrez la Traverse Pull : la veste technique l\u00e9g\u00e8re et compacte pour le trekking et la randonn\u00e9e. Fabriqu\u00e9e en tissu Endurance Light et Stretch Series, elle offre confort, chaleur et libert\u00e9 de mouvement.","breadcrumb":{"@id":"https:\/\/www.miomiorun.com\/fr\/produit\/pull-traverse-femme\/#breadcrumb"},"inLanguage":"fr-FR","potentialAction":[{"@type":"ReadAction","target":["https:\/\/www.miomiorun.com\/fr\/produit\/pull-traverse-femme\/"]}]},{"@type":"ImageObject","inLanguage":"fr-FR","@id":"https:\/\/www.miomiorun.com\/fr\/produit\/pull-traverse-femme\/#primaryimage","url":"https:\/\/www.miomiorun.com\/app\/uploads\/2022\/09\/crazy-idea-pull-oxygen-W-lambada-W22055142D-0044.jpg","contentUrl":"https:\/\/www.miomiorun.com\/app\/uploads\/2022\/09\/crazy-idea-pull-oxygen-W-lambada-W22055142D-0044.jpg","width":600,"height":600,"caption":"crazy-idea-pull-oxygen-W-lambada-W22055142D-0044"},{"@type":"BreadcrumbList","@id":"https:\/\/www.miomiorun.com\/fr\/produit\/pull-traverse-femme\/#breadcrumb","itemListElement":[{"@type":"ListItem","position":1,"name":"Home","item":"https:\/\/www.miomiorun.com\/fr\/home-page\/"},{"@type":"ListItem","position":2,"name":"Shop","item":"https:\/\/www.miomiorun.com\/shop\/"},{"@type":"ListItem","position":3,"name":"Pull Traverse femme"}]},{"@type":"WebSite","@id":"https:\/\/www.miomiorun.com\/fr\/#website","url":"https:\/\/www.miomiorun.com\/fr\/","name":"MioMioRun","description":"Boutique 100% running et trail","publisher":{"@id":"https:\/\/www.miomiorun.com\/fr\/#organization"},"potentialAction":[{"@type":"SearchAction","target":{"@type":"EntryPoint","urlTemplate":"https:\/\/www.miomiorun.com\/fr\/?s={search_term_string}"},"query-input":{"@type":"PropertyValueSpecification","valueRequired":true,"valueName":"search_term_string"}}],"inLanguage":"fr-FR"},{"@type":"Organization","@id":"https:\/\/www.miomiorun.com\/fr\/#organization","name":"MioMio Run","url":"https:\/\/www.miomiorun.com\/fr\/","logo":{"@type":"ImageObject","inLanguage":"fr-FR","@id":"https:\/\/www.miomiorun.com\/fr\/#\/schema\/logo\/image\/","url":"https:\/\/www.miomiorun.com\/app\/uploads\/2019\/12\/logomio.png","contentUrl":"https:\/\/www.miomiorun.com\/app\/uploads\/2019\/12\/logomio.png","width":115,"height":82,"caption":"MioMio Run"},"image":{"@id":"https:\/\/www.miomiorun.com\/fr\/#\/schema\/logo\/image\/"},"sameAs":["https:\/\/www.facebook.com\/miomiorun\/","https:\/\/www.instagram.com\/miomiorun\/"]}]}},"_links":{"self":[{"href":"https:\/\/www.miomiorun.com\/fr\/wp-json\/wp\/v2\/product\/302956","targetHints":{"allow":["GET"]}}],"collection":[{"href":"https:\/\/www.miomiorun.com\/fr\/wp-json\/wp\/v2\/product"}],"about":[{"href":"https:\/\/www.miomiorun.com\/fr\/wp-json\/wp\/v2\/types\/product"}],"wp:featuredmedia":[{"embeddable":true,"href":"https:\/\/www.miomiorun.com\/fr\/wp-json\/wp\/v2\/media\/237860"}],"wp:attachment":[{"href":"https:\/\/www.miomiorun.com\/fr\/wp-json\/wp\/v2\/media?parent=302956"}],"wp:term":[{"taxonomy":"product_brand","embeddable":true,"href":"https:\/\/www.miomiorun.com\/fr\/wp-json\/wp\/v2\/product_brand?post=302956"},{"taxonomy":"product_cat","embeddable":true,"href":"https:\/\/www.miomiorun.com\/fr\/wp-json\/wp\/v2\/product_cat?post=302956"},{"taxonomy":"product_tag","embeddable":true,"href":"https:\/\/www.miomiorun.com\/fr\/wp-json\/wp\/v2\/product_tag?post=302956"}],"curies":[{"name":"wp","href":"https:\/\/api.w.org\/{rel}","templated":true}]}}