{"id":302844,"date":"2025-04-14T18:01:31","date_gmt":"2025-04-14T16:01:31","guid":{"rendered":"https:\/\/miomiorun.com\/?post_type=product&#038;p=302844"},"modified":"2025-11-15T10:08:40","modified_gmt":"2025-11-15T09:08:40","slug":"top-sirio-donna","status":"publish","type":"product","link":"https:\/\/www.miomiorun.com\/fr\/produit\/top-sirio-donna\/","title":{"rendered":"Top Sirio donna"},"content":{"rendered":"<p class=\"\" data-start=\"152\" data-end=\"472\">Il nostro top pi\u00f9 tecnico si rinnova completamente, con un design giovane e moderno pensato per chi vuole unire prestazioni e personalit\u00e0. Pi\u00f9 di una semplice canotta, il <strong data-start=\"323\" data-end=\"336\">Top Sirio<\/strong> \u00e8 una vera e propria t-shirt tecnica senza maniche, progettata per affrontare le corse pi\u00f9 impegnative con leggerezza, comfort e stile.<\/p>\n<p class=\"\" data-start=\"474\" data-end=\"727\">Le <strong data-start=\"477\" data-end=\"496\">spalline larghe<\/strong> lo rendono perfetto per essere indossato anche con lo zaino, mentre lo <strong data-start=\"568\" data-end=\"592\">scollo poco profondo<\/strong> richiama i capi professionali da gara. \u00c8 fresco, elastico e segue ogni movimento del corpo, offrendo una sensazione di libert\u00e0 totale.<\/p>\n<p class=\"\" data-start=\"729\" data-end=\"1034\">Realizzato unendo due tessuti tecnici ultraleggeri \u2014 <strong data-start=\"782\" data-end=\"801\">Think 44 a rete<\/strong> nei pannelli stampati per la massima traspirabilit\u00e0, e <strong data-start=\"857\" data-end=\"869\">Coolwave<\/strong> sui pannelli laterali per favorire ventilazione e comfort \u2014 questo top \u00e8 la scelta ideale per le giornate pi\u00f9 calde, gli allenamenti intensi e le gare pi\u00f9 sfidanti.<\/p>\n<p class=\"\" data-start=\"1036\" data-end=\"1056\"><strong data-start=\"1036\" data-end=\"1056\">Caratteristiche:<\/strong><\/p>\n<ul data-start=\"1057\" data-end=\"1290\">\n<li class=\"\" data-start=\"1057\" data-end=\"1099\">\n<p class=\"\" data-start=\"1059\" data-end=\"1099\">Stile rinnovato, pi\u00f9 giovane e fashion<\/p>\n<\/li>\n<li class=\"\" data-start=\"1100\" data-end=\"1146\">\n<p class=\"\" data-start=\"1102\" data-end=\"1146\">Spalline larghe ideali per l\u2019uso con zaino<\/p>\n<\/li>\n<li class=\"\" data-start=\"1147\" data-end=\"1180\">\n<p class=\"\" data-start=\"1149\" data-end=\"1180\">Scollo tecnico e confortevole<\/p>\n<\/li>\n<li class=\"\" data-start=\"1181\" data-end=\"1240\">\n<p class=\"\" data-start=\"1183\" data-end=\"1240\">Tessuti ultraleggeri e traspiranti: Think 44 e Coolwave<\/p>\n<\/li>\n<li class=\"\" data-start=\"1241\" data-end=\"1290\">\n<p class=\"\" data-start=\"1243\" data-end=\"1290\">Perfetto per gare, trail e allenamenti estivi<\/p>\n<\/li>\n<\/ul>\n","protected":false},"excerpt":{"rendered":"<ul>\n<li class=\"\" data-start=\"1057\" data-end=\"1099\">\n<p class=\"\" data-start=\"1059\" data-end=\"1099\">Stile rinnovato, pi\u00f9 giovane e fashion<\/p>\n<\/li>\n<li class=\"\" data-start=\"1100\" data-end=\"1146\">\n<p class=\"\" data-start=\"1102\" data-end=\"1146\">Spalline larghe ideali per l\u2019uso con zaino<\/p>\n<\/li>\n<li class=\"\" data-start=\"1147\" data-end=\"1180\">\n<p class=\"\" data-start=\"1149\" data-end=\"1180\">Scollo tecnico e confortevole<\/p>\n<\/li>\n<\/ul>\n","protected":false},"featured_media":304613,"template":"","meta":{"_acf_changed":false,"inline_featured_image":false},"product_brand":[],"product_cat":[22598,22596,22595],"product_tag":[23489,23491],"class_list":{"0":"post-302844","1":"product","2":"type-product","3":"status-publish","4":"has-post-thumbnail","6":"product_cat-gilets","7":"product_cat-vetements-pour-femmes","8":"product_cat-femme","9":"product_tag-crazy-idea-fr","10":"product_tag-crazy-idea-femme","11":"pa_attivita-marcher","12":"pa_attivita-trail-fr","13":"pa_colore-top-sirio-w-aster","14":"pa_colore-top-sirio-w-black-zebra-fr","15":"pa_colore-top-sirio-w-lake-fr","16":"pa_colore-top-sirio-w-mandala","17":"pa_colore-top-sirio-w-pop-black","18":"pa_colore-top-sirio-w-print-alpin-flower","19":"pa_colore-top-sirio-w-print-tattoo-fr","20":"pa_marca-crazy-idea-fr","21":"pa_sesso-femme","22":"pa_size-extra-small-fr","23":"pa_size-small-fr","24":"pa_size-medium-fr","25":"pa_size-large-fr","27":"first","28":"instock","29":"sale","30":"taxable","31":"shipping-taxable","32":"purchasable","33":"product-type-variable","34":"wvs-archive-product-wrapper"},"acf":[],"yoast_head":"<!-- This site is optimized with the Yoast SEO plugin v26.8 - https:\/\/yoast.com\/product\/yoast-seo-wordpress\/ -->\n<title>Crazy Idea Top Sirio donna - canotta running - MioMioRun<\/title>\n<meta name=\"description\" content=\"Scopri il nuovo Top Sirio: il top tecnico da running senza maniche, leggero, fresco e ultra traspirante. Ideale per gare, trail e allenamenti intensi. Stile giovane, tessuti tecnici Made in Italy.\" \/>\n<meta name=\"robots\" content=\"index, follow, max-snippet:-1, max-image-preview:large, max-video-preview:-1\" \/>\n<link rel=\"canonical\" href=\"https:\/\/www.miomiorun.com\/fr\/produit\/top-sirio-donna\/\" \/>\n<meta property=\"og:locale\" content=\"fr_FR\" \/>\n<meta property=\"og:type\" content=\"article\" \/>\n<meta property=\"og:title\" content=\"Crazy Idea Top Sirio donna - canotta running - MioMioRun\" \/>\n<meta property=\"og:description\" content=\"Scopri il nuovo Top Sirio: il top tecnico da running senza maniche, leggero, fresco e ultra traspirante. Ideale per gare, trail e allenamenti intensi. Stile giovane, tessuti tecnici Made in Italy.\" \/>\n<meta property=\"og:url\" content=\"https:\/\/www.miomiorun.com\/fr\/produit\/top-sirio-donna\/\" \/>\n<meta property=\"og:site_name\" content=\"MioMioRun\" \/>\n<meta property=\"article:publisher\" content=\"https:\/\/www.facebook.com\/miomiorun\/\" \/>\n<meta property=\"article:modified_time\" content=\"2025-11-15T09:08:40+00:00\" \/>\n<meta property=\"og:image\" content=\"https:\/\/www.miomiorun.com\/app\/uploads\/2025\/04\/crazy-Top-Sirio-W-print-tattoo-S25195043D-00X018.webp\" \/>\n\t<meta property=\"og:image:width\" content=\"600\" \/>\n\t<meta property=\"og:image:height\" content=\"600\" \/>\n\t<meta property=\"og:image:type\" content=\"image\/webp\" \/>\n<meta name=\"twitter:card\" content=\"summary_large_image\" \/>\n<meta name=\"twitter:label1\" content=\"Est. reading time\" \/>\n\t<meta name=\"twitter:data1\" content=\"1 minute\" \/>\n<script type=\"application\/ld+json\" class=\"yoast-schema-graph\">{\"@context\":\"https:\/\/schema.org\",\"@graph\":[{\"@type\":\"WebPage\",\"@id\":\"https:\/\/www.miomiorun.com\/fr\/produit\/top-sirio-donna\/\",\"url\":\"https:\/\/www.miomiorun.com\/fr\/produit\/top-sirio-donna\/\",\"name\":\"Crazy Idea Top Sirio donna - canotta running - MioMioRun\",\"isPartOf\":{\"@id\":\"https:\/\/www.miomiorun.com\/fr\/#website\"},\"primaryImageOfPage\":{\"@id\":\"https:\/\/www.miomiorun.com\/fr\/produit\/top-sirio-donna\/#primaryimage\"},\"image\":{\"@id\":\"https:\/\/www.miomiorun.com\/fr\/produit\/top-sirio-donna\/#primaryimage\"},\"thumbnailUrl\":\"https:\/\/www.miomiorun.com\/app\/uploads\/2025\/04\/crazy-Top-Sirio-W-print-tattoo-S25195043D-00X018.webp\",\"datePublished\":\"2025-04-14T16:01:31+00:00\",\"dateModified\":\"2025-11-15T09:08:40+00:00\",\"description\":\"Scopri il nuovo Top Sirio: il top tecnico da running senza maniche, leggero, fresco e ultra traspirante. Ideale per gare, trail e allenamenti intensi. Stile giovane, tessuti tecnici Made in Italy.\",\"breadcrumb\":{\"@id\":\"https:\/\/www.miomiorun.com\/fr\/produit\/top-sirio-donna\/#breadcrumb\"},\"inLanguage\":\"fr-FR\",\"potentialAction\":[{\"@type\":\"ReadAction\",\"target\":[\"https:\/\/www.miomiorun.com\/fr\/produit\/top-sirio-donna\/\"]}]},{\"@type\":\"ImageObject\",\"inLanguage\":\"fr-FR\",\"@id\":\"https:\/\/www.miomiorun.com\/fr\/produit\/top-sirio-donna\/#primaryimage\",\"url\":\"https:\/\/www.miomiorun.com\/app\/uploads\/2025\/04\/crazy-Top-Sirio-W-print-tattoo-S25195043D-00X018.webp\",\"contentUrl\":\"https:\/\/www.miomiorun.com\/app\/uploads\/2025\/04\/crazy-Top-Sirio-W-print-tattoo-S25195043D-00X018.webp\",\"width\":600,\"height\":600,\"caption\":\"crazy Top Sirio W print tattoo S25195043D-00X018\"},{\"@type\":\"BreadcrumbList\",\"@id\":\"https:\/\/www.miomiorun.com\/fr\/produit\/top-sirio-donna\/#breadcrumb\",\"itemListElement\":[{\"@type\":\"ListItem\",\"position\":1,\"name\":\"Home\",\"item\":\"https:\/\/www.miomiorun.com\/fr\/home-page\/\"},{\"@type\":\"ListItem\",\"position\":2,\"name\":\"Shop\",\"item\":\"https:\/\/www.miomiorun.com\/shop\/\"},{\"@type\":\"ListItem\",\"position\":3,\"name\":\"Top Sirio donna\"}]},{\"@type\":\"WebSite\",\"@id\":\"https:\/\/www.miomiorun.com\/fr\/#website\",\"url\":\"https:\/\/www.miomiorun.com\/fr\/\",\"name\":\"MioMioRun\",\"description\":\"Boutique 100% running et trail\",\"publisher\":{\"@id\":\"https:\/\/www.miomiorun.com\/fr\/#organization\"},\"potentialAction\":[{\"@type\":\"SearchAction\",\"target\":{\"@type\":\"EntryPoint\",\"urlTemplate\":\"https:\/\/www.miomiorun.com\/fr\/?s={search_term_string}\"},\"query-input\":{\"@type\":\"PropertyValueSpecification\",\"valueRequired\":true,\"valueName\":\"search_term_string\"}}],\"inLanguage\":\"fr-FR\"},{\"@type\":\"Organization\",\"@id\":\"https:\/\/www.miomiorun.com\/fr\/#organization\",\"name\":\"MioMio Run\",\"url\":\"https:\/\/www.miomiorun.com\/fr\/\",\"logo\":{\"@type\":\"ImageObject\",\"inLanguage\":\"fr-FR\",\"@id\":\"https:\/\/www.miomiorun.com\/fr\/#\/schema\/logo\/image\/\",\"url\":\"https:\/\/www.miomiorun.com\/app\/uploads\/2019\/12\/logomio.png\",\"contentUrl\":\"https:\/\/www.miomiorun.com\/app\/uploads\/2019\/12\/logomio.png\",\"width\":115,\"height\":82,\"caption\":\"MioMio Run\"},\"image\":{\"@id\":\"https:\/\/www.miomiorun.com\/fr\/#\/schema\/logo\/image\/\"},\"sameAs\":[\"https:\/\/www.facebook.com\/miomiorun\/\",\"https:\/\/www.instagram.com\/miomiorun\/\"]}]}<\/script>\n<!-- \/ Yoast SEO plugin. -->","yoast_head_json":{"title":"Crazy Idea Top Sirio donna - canotta running - MioMioRun","description":"Scopri il nuovo Top Sirio: il top tecnico da running senza maniche, leggero, fresco e ultra traspirante. Ideale per gare, trail e allenamenti intensi. Stile giovane, tessuti tecnici Made in Italy.","robots":{"index":"index","follow":"follow","max-snippet":"max-snippet:-1","max-image-preview":"max-image-preview:large","max-video-preview":"max-video-preview:-1"},"canonical":"https:\/\/www.miomiorun.com\/fr\/produit\/top-sirio-donna\/","og_locale":"fr_FR","og_type":"article","og_title":"Crazy Idea Top Sirio donna - canotta running - MioMioRun","og_description":"Scopri il nuovo Top Sirio: il top tecnico da running senza maniche, leggero, fresco e ultra traspirante. Ideale per gare, trail e allenamenti intensi. Stile giovane, tessuti tecnici Made in Italy.","og_url":"https:\/\/www.miomiorun.com\/fr\/produit\/top-sirio-donna\/","og_site_name":"MioMioRun","article_publisher":"https:\/\/www.facebook.com\/miomiorun\/","article_modified_time":"2025-11-15T09:08:40+00:00","og_image":[{"width":600,"height":600,"url":"https:\/\/www.miomiorun.com\/app\/uploads\/2025\/04\/crazy-Top-Sirio-W-print-tattoo-S25195043D-00X018.webp","type":"image\/webp"}],"twitter_card":"summary_large_image","twitter_misc":{"Est. reading time":"1 minute"},"schema":{"@context":"https:\/\/schema.org","@graph":[{"@type":"WebPage","@id":"https:\/\/www.miomiorun.com\/fr\/produit\/top-sirio-donna\/","url":"https:\/\/www.miomiorun.com\/fr\/produit\/top-sirio-donna\/","name":"Crazy Idea Top Sirio donna - canotta running - MioMioRun","isPartOf":{"@id":"https:\/\/www.miomiorun.com\/fr\/#website"},"primaryImageOfPage":{"@id":"https:\/\/www.miomiorun.com\/fr\/produit\/top-sirio-donna\/#primaryimage"},"image":{"@id":"https:\/\/www.miomiorun.com\/fr\/produit\/top-sirio-donna\/#primaryimage"},"thumbnailUrl":"https:\/\/www.miomiorun.com\/app\/uploads\/2025\/04\/crazy-Top-Sirio-W-print-tattoo-S25195043D-00X018.webp","datePublished":"2025-04-14T16:01:31+00:00","dateModified":"2025-11-15T09:08:40+00:00","description":"Scopri il nuovo Top Sirio: il top tecnico da running senza maniche, leggero, fresco e ultra traspirante. Ideale per gare, trail e allenamenti intensi. Stile giovane, tessuti tecnici Made in Italy.","breadcrumb":{"@id":"https:\/\/www.miomiorun.com\/fr\/produit\/top-sirio-donna\/#breadcrumb"},"inLanguage":"fr-FR","potentialAction":[{"@type":"ReadAction","target":["https:\/\/www.miomiorun.com\/fr\/produit\/top-sirio-donna\/"]}]},{"@type":"ImageObject","inLanguage":"fr-FR","@id":"https:\/\/www.miomiorun.com\/fr\/produit\/top-sirio-donna\/#primaryimage","url":"https:\/\/www.miomiorun.com\/app\/uploads\/2025\/04\/crazy-Top-Sirio-W-print-tattoo-S25195043D-00X018.webp","contentUrl":"https:\/\/www.miomiorun.com\/app\/uploads\/2025\/04\/crazy-Top-Sirio-W-print-tattoo-S25195043D-00X018.webp","width":600,"height":600,"caption":"crazy Top Sirio W print tattoo S25195043D-00X018"},{"@type":"BreadcrumbList","@id":"https:\/\/www.miomiorun.com\/fr\/produit\/top-sirio-donna\/#breadcrumb","itemListElement":[{"@type":"ListItem","position":1,"name":"Home","item":"https:\/\/www.miomiorun.com\/fr\/home-page\/"},{"@type":"ListItem","position":2,"name":"Shop","item":"https:\/\/www.miomiorun.com\/shop\/"},{"@type":"ListItem","position":3,"name":"Top Sirio donna"}]},{"@type":"WebSite","@id":"https:\/\/www.miomiorun.com\/fr\/#website","url":"https:\/\/www.miomiorun.com\/fr\/","name":"MioMioRun","description":"Boutique 100% running et trail","publisher":{"@id":"https:\/\/www.miomiorun.com\/fr\/#organization"},"potentialAction":[{"@type":"SearchAction","target":{"@type":"EntryPoint","urlTemplate":"https:\/\/www.miomiorun.com\/fr\/?s={search_term_string}"},"query-input":{"@type":"PropertyValueSpecification","valueRequired":true,"valueName":"search_term_string"}}],"inLanguage":"fr-FR"},{"@type":"Organization","@id":"https:\/\/www.miomiorun.com\/fr\/#organization","name":"MioMio Run","url":"https:\/\/www.miomiorun.com\/fr\/","logo":{"@type":"ImageObject","inLanguage":"fr-FR","@id":"https:\/\/www.miomiorun.com\/fr\/#\/schema\/logo\/image\/","url":"https:\/\/www.miomiorun.com\/app\/uploads\/2019\/12\/logomio.png","contentUrl":"https:\/\/www.miomiorun.com\/app\/uploads\/2019\/12\/logomio.png","width":115,"height":82,"caption":"MioMio Run"},"image":{"@id":"https:\/\/www.miomiorun.com\/fr\/#\/schema\/logo\/image\/"},"sameAs":["https:\/\/www.facebook.com\/miomiorun\/","https:\/\/www.instagram.com\/miomiorun\/"]}]}},"_links":{"self":[{"href":"https:\/\/www.miomiorun.com\/fr\/wp-json\/wp\/v2\/product\/302844","targetHints":{"allow":["GET"]}}],"collection":[{"href":"https:\/\/www.miomiorun.com\/fr\/wp-json\/wp\/v2\/product"}],"about":[{"href":"https:\/\/www.miomiorun.com\/fr\/wp-json\/wp\/v2\/types\/product"}],"wp:featuredmedia":[{"embeddable":true,"href":"https:\/\/www.miomiorun.com\/fr\/wp-json\/wp\/v2\/media\/304613"}],"wp:attachment":[{"href":"https:\/\/www.miomiorun.com\/fr\/wp-json\/wp\/v2\/media?parent=302844"}],"wp:term":[{"taxonomy":"product_brand","embeddable":true,"href":"https:\/\/www.miomiorun.com\/fr\/wp-json\/wp\/v2\/product_brand?post=302844"},{"taxonomy":"product_cat","embeddable":true,"href":"https:\/\/www.miomiorun.com\/fr\/wp-json\/wp\/v2\/product_cat?post=302844"},{"taxonomy":"product_tag","embeddable":true,"href":"https:\/\/www.miomiorun.com\/fr\/wp-json\/wp\/v2\/product_tag?post=302844"}],"curies":[{"name":"wp","href":"https:\/\/api.w.org\/{rel}","templated":true}]}}