{"id":302339,"date":"2025-04-14T16:42:05","date_gmt":"2025-04-14T14:42:05","guid":{"rendered":"https:\/\/miomiorun.com\/?post_type=product&#038;p=302339"},"modified":"2026-05-08T22:49:49","modified_gmt":"2026-05-08T20:49:49","slug":"clifton-10-femme","status":"publish","type":"product","link":"https:\/\/www.miomiorun.com\/fr\/produit\/clifton-10-femme\/","title":{"rendered":"Clifton 10 femme"},"content":{"rendered":"<p><div class=\"vc-row container\"><div class=\"vc-column\"><div class=\"vc-column-text\"><\/p>\n<h4>Caract\u00e9ristiques techniques<\/h4>\n<p>Cat\u00e9gorie : Amortissement structur\u00e9<br \/>\nD\u00e9calage : 8 mm<br \/>\nPoids : 227 g<br \/>\nId\u00e9al pour : coureurs et marcheurs au pied neutre recherchant un mod\u00e8le \u00e0 l&#8217;amorti optimal et confortable, capable de neutraliser l&#8217;impact au sol, pour des courses et marches de moyenne \u00e0 longue distance.<br \/>\nPoids de l&#8217;athl\u00e8te : 60-70 kg<br \/>\nAllure de course : moyenne (5-6 min\/km)<br \/>\n<a href=\"https:\/\/miomiorun.com\/fr\/guide-des-specificites\/\">Guide de sp\u00e9cification<\/a><\/p>\n<p>.<\/div><\/div><div class=\"vc-column\"><div class=\"vc-column-text\"><\/p>\n<p class=\"\" data-end=\"482\" data-start=\"175\">D\u00e9couvrez la nouvelle g\u00e9n\u00e9ration de Clifton, le mod\u00e8le iconique qui accompagne les coureurs au quotidien depuis plus de 10 ans. Con\u00e7ue pour ceux qui aiment encha\u00eener les kilom\u00e8tres avec l\u00e9g\u00e8ret\u00e9 et fiabilit\u00e9, cette chaussure renouvelle le concept d&#8217;amorti, pour une exp\u00e9rience encore plus fluide et prot\u00e9g\u00e9e.<\/p>\n<p class=\"\" data-end=\"892\" data-start=\"484\"><strong data-end=\"532\" data-start=\"484\">Con\u00e7ue pour la route et la marche,<\/strong> la Clifton int\u00e8gre une tige jacquard respirante et des d\u00e9tails r\u00e9fl\u00e9chissants, assurant visibilit\u00e9 et confort m\u00eame lors de sorties plus longues ou nocturnes. Le syst\u00e8me <strong data-end=\"724\" data-start=\"702\">MetaRocker\u2122 fluide<\/strong> favorise une transition naturelle pas \u00e0 pas, tandis que la nouvelle semelle interm\u00e9diaire en CMEVA et la semelle int\u00e9rieure en EVA profil\u00e9e offrent une r\u00e9ponse souple, stable et dynamique.<\/p>\n<p><strong data-end=\"931\" data-start=\"894\">Quels sont les changements apport\u00e9s \u00e0 la nouvelle version ?<\/strong><\/p>\n<p>3 mm de d\u00e9nivel\u00e9 suppl\u00e9mentaire pour une meilleure sensation de confort<\/p>\n<p>Double fermeture \u00e0 lacets pour maintenir la languette en place \u00e0 tout moment<\/p>\n<p>Am\u00e9lioration du talon et de l&#8217;avant-pied pour un ajustement impeccable<\/p>\n<p>Transition plus douce et plus naturelle sous le pied<\/p>\n<h3 class=\"\" data-end=\"1207\" data-start=\"1180\"><strong data-end=\"1205\" data-start=\"1184\">Pourquoi le choisir<\/strong><\/h3>\n<ul>\n<li data-end=\"1447\" data-start=\"1208\">Ultral\u00e9g\u00e8re et r\u00e9active<\/li>\n<li data-end=\"1447\" data-start=\"1208\">Amortissement pr\u00e9cis et confortable<\/li>\n<li data-end=\"1447\" data-start=\"1208\">Respirabilit\u00e9 maximale gr\u00e2ce \u00e0 la maille jacquard<\/li>\n<li data-end=\"1447\" data-start=\"1208\">D\u00e9tails r\u00e9fl\u00e9chissants pour une course en toute s\u00e9curit\u00e9<\/li>\n<li data-end=\"1447\" data-start=\"1208\">Durable et stable, con\u00e7ue pour vous accompagner au quotidien<\/li>\n<\/ul>\n<p class=\"\" data-end=\"1597\" data-start=\"1449\">Si vous recherchez une chaussure fiable, l\u00e9g\u00e8re et au confort durable pour vos entra\u00eenements quotidiens sur route, <strong data-end=\"1597\" data-start=\"1558\">Clifton est le mod\u00e8le qu&#8217;il vous faut<\/strong>.<\/p>\n<p><\/div><\/div><\/div><div class=\"vc-row container\"><div class=\"vc-column\"><div class=\"vc-column-text\"><\/p>\n<div style=\"width: 1298px;\" class=\"wp-video\"><video class=\"wp-video-shortcode\" id=\"video-302339-1\" width=\"1298\" height=\"1200\" loop autoplay preload=\"metadata\" controls=\"controls\"><source type=\"video\/webm\" src=\"https:\/\/miomiorun.com\/wp-content\/uploads\/2025\/04\/clifton-10.webm?_=1\" \/><a href=\"https:\/\/miomiorun.com\/wp-content\/uploads\/2025\/04\/clifton-10.webm\">https:\/\/miomiorun.com\/wp-content\/uploads\/2025\/04\/clifton-10.webm<\/a><\/video><\/div>\n<p><\/div><\/div><\/div><\/p>\n","protected":false},"excerpt":{"rendered":"<ul>\n<li>Fluide MetaRocker\u2122<\/li>\n<li>3 mm de d\u00e9nivel\u00e9 suppl\u00e9mentaire pour une sensation plus enveloppante.<\/li>\n<li>Con\u00e7ue pour la route et la marche<\/li>\n<\/ul>\n","protected":false},"featured_media":397989,"template":"","meta":{"_acf_changed":false,"inline_featured_image":false},"product_brand":[],"product_cat":[22605,22606],"product_tag":[23478,23494],"class_list":{"0":"post-302339","1":"product","2":"type-product","3":"status-publish","4":"has-post-thumbnail","6":"product_cat-chaussures-pour-femmes","7":"product_cat-neutre","8":"product_tag-hoka-one-one-fr","9":"product_tag-hoka-femme","10":"pa_attivita-lifestyle-fr","11":"pa_attivita-marcher","12":"pa_attivita-running-fr","13":"pa_colore-clifton-10-w-lilac-cream-tangerine-glow","14":"pa_colore-clifton-10-w-midnight-blue-starlight-glo","15":"pa_colore-clifton-10-w-neon-hoka-citrus-sunlight-fr","16":"pa_colore-clifton-10-w-sea-glass-neon-flame","17":"pa_marca-hoka-fr","18":"pa_sesso-femme","19":"pa_size-36-fr","20":"pa_size-37-fr","21":"pa_size-38-fr","23":"pa_size-39-fr","24":"pa_size-40-fr","26":"pa_size-41-fr","28":"first","29":"instock","30":"sale","31":"taxable","32":"shipping-taxable","33":"purchasable","34":"product-type-variable","35":"wvs-archive-product-wrapper"},"acf":[],"yoast_head":"<!-- This site is optimized with the Yoast SEO plugin v26.8 - https:\/\/yoast.com\/product\/yoast-seo-wordpress\/ -->\n<title>Hoka One One Clifton 10 femme - chaussures de course - MioMioRun.com<\/title>\n<meta name=\"description\" content=\"D\u00e9couvrez la nouvelle HOKA Clifton : une chaussure de course l\u00e9g\u00e8re, amortie et stable, id\u00e9ale pour les courses sur route et les randonn\u00e9es. Confort au quotidien et performance en douceur.\" \/>\n<meta name=\"robots\" content=\"index, follow, max-snippet:-1, max-image-preview:large, max-video-preview:-1\" \/>\n<link rel=\"canonical\" href=\"https:\/\/www.miomiorun.com\/fr\/produit\/clifton-10-femme\/\" \/>\n<meta property=\"og:locale\" content=\"fr_FR\" \/>\n<meta property=\"og:type\" content=\"article\" \/>\n<meta property=\"og:title\" content=\"Hoka One One Clifton 10 femme - chaussures de course - MioMioRun.com\" \/>\n<meta property=\"og:description\" content=\"D\u00e9couvrez la nouvelle HOKA Clifton : une chaussure de course l\u00e9g\u00e8re, amortie et stable, id\u00e9ale pour les courses sur route et les randonn\u00e9es. Confort au quotidien et performance en douceur.\" \/>\n<meta property=\"og:url\" content=\"https:\/\/www.miomiorun.com\/fr\/produit\/clifton-10-femme\/\" \/>\n<meta property=\"og:site_name\" content=\"MioMioRun\" \/>\n<meta property=\"article:publisher\" content=\"https:\/\/www.facebook.com\/miomiorun\/\" \/>\n<meta property=\"article:modified_time\" content=\"2026-05-08T20:49:49+00:00\" \/>\n<meta property=\"og:image\" content=\"https:\/\/www.miomiorun.com\/app\/uploads\/2026\/02\/hoka-Clifton-10-W-sea-glass-neon-flame-1162031-SLSSN.webp\" \/>\n\t<meta property=\"og:image:width\" content=\"720\" \/>\n\t<meta property=\"og:image:height\" content=\"720\" \/>\n\t<meta property=\"og:image:type\" content=\"image\/webp\" \/>\n<meta name=\"twitter:card\" content=\"summary_large_image\" \/>\n<meta name=\"twitter:label1\" content=\"Est. reading time\" \/>\n\t<meta name=\"twitter:data1\" content=\"2 minutes\" \/>\n<script type=\"application\/ld+json\" class=\"yoast-schema-graph\">{\"@context\":\"https:\/\/schema.org\",\"@graph\":[{\"@type\":\"WebPage\",\"@id\":\"https:\/\/www.miomiorun.com\/fr\/produit\/clifton-10-femme\/\",\"url\":\"https:\/\/www.miomiorun.com\/fr\/produit\/clifton-10-femme\/\",\"name\":\"Hoka One One Clifton 10 femme - chaussures de course - MioMioRun.com\",\"isPartOf\":{\"@id\":\"https:\/\/www.miomiorun.com\/fr\/#website\"},\"primaryImageOfPage\":{\"@id\":\"https:\/\/www.miomiorun.com\/fr\/produit\/clifton-10-femme\/#primaryimage\"},\"image\":{\"@id\":\"https:\/\/www.miomiorun.com\/fr\/produit\/clifton-10-femme\/#primaryimage\"},\"thumbnailUrl\":\"https:\/\/www.miomiorun.com\/app\/uploads\/2026\/02\/hoka-Clifton-10-W-sea-glass-neon-flame-1162031-SLSSN.webp\",\"datePublished\":\"2025-04-14T14:42:05+00:00\",\"dateModified\":\"2026-05-08T20:49:49+00:00\",\"description\":\"D\u00e9couvrez la nouvelle HOKA Clifton : une chaussure de course l\u00e9g\u00e8re, amortie et stable, id\u00e9ale pour les courses sur route et les randonn\u00e9es. Confort au quotidien et performance en douceur.\",\"breadcrumb\":{\"@id\":\"https:\/\/www.miomiorun.com\/fr\/produit\/clifton-10-femme\/#breadcrumb\"},\"inLanguage\":\"fr-FR\",\"potentialAction\":[{\"@type\":\"ReadAction\",\"target\":[\"https:\/\/www.miomiorun.com\/fr\/produit\/clifton-10-femme\/\"]}]},{\"@type\":\"ImageObject\",\"inLanguage\":\"fr-FR\",\"@id\":\"https:\/\/www.miomiorun.com\/fr\/produit\/clifton-10-femme\/#primaryimage\",\"url\":\"https:\/\/www.miomiorun.com\/app\/uploads\/2026\/02\/hoka-Clifton-10-W-sea-glass-neon-flame-1162031-SLSSN.webp\",\"contentUrl\":\"https:\/\/www.miomiorun.com\/app\/uploads\/2026\/02\/hoka-Clifton-10-W-sea-glass-neon-flame-1162031-SLSSN.webp\",\"width\":720,\"height\":720,\"caption\":\"hoka Clifton 10 W sea glass neon flame 1162031 SLSSN\"},{\"@type\":\"BreadcrumbList\",\"@id\":\"https:\/\/www.miomiorun.com\/fr\/produit\/clifton-10-femme\/#breadcrumb\",\"itemListElement\":[{\"@type\":\"ListItem\",\"position\":1,\"name\":\"Home\",\"item\":\"https:\/\/www.miomiorun.com\/fr\/home-page\/\"},{\"@type\":\"ListItem\",\"position\":2,\"name\":\"Shop\",\"item\":\"https:\/\/www.miomiorun.com\/shop\/\"},{\"@type\":\"ListItem\",\"position\":3,\"name\":\"Clifton 10 femme\"}]},{\"@type\":\"WebSite\",\"@id\":\"https:\/\/www.miomiorun.com\/fr\/#website\",\"url\":\"https:\/\/www.miomiorun.com\/fr\/\",\"name\":\"MioMioRun\",\"description\":\"Boutique 100% running et trail\",\"publisher\":{\"@id\":\"https:\/\/www.miomiorun.com\/fr\/#organization\"},\"potentialAction\":[{\"@type\":\"SearchAction\",\"target\":{\"@type\":\"EntryPoint\",\"urlTemplate\":\"https:\/\/www.miomiorun.com\/fr\/?s={search_term_string}\"},\"query-input\":{\"@type\":\"PropertyValueSpecification\",\"valueRequired\":true,\"valueName\":\"search_term_string\"}}],\"inLanguage\":\"fr-FR\"},{\"@type\":\"Organization\",\"@id\":\"https:\/\/www.miomiorun.com\/fr\/#organization\",\"name\":\"MioMio Run\",\"url\":\"https:\/\/www.miomiorun.com\/fr\/\",\"logo\":{\"@type\":\"ImageObject\",\"inLanguage\":\"fr-FR\",\"@id\":\"https:\/\/www.miomiorun.com\/fr\/#\/schema\/logo\/image\/\",\"url\":\"https:\/\/www.miomiorun.com\/app\/uploads\/2019\/12\/logomio.png\",\"contentUrl\":\"https:\/\/www.miomiorun.com\/app\/uploads\/2019\/12\/logomio.png\",\"width\":115,\"height\":82,\"caption\":\"MioMio Run\"},\"image\":{\"@id\":\"https:\/\/www.miomiorun.com\/fr\/#\/schema\/logo\/image\/\"},\"sameAs\":[\"https:\/\/www.facebook.com\/miomiorun\/\",\"https:\/\/www.instagram.com\/miomiorun\/\"]}]}<\/script>\n<!-- \/ Yoast SEO plugin. -->","yoast_head_json":{"title":"Hoka One One Clifton 10 femme - chaussures de course - MioMioRun.com","description":"D\u00e9couvrez la nouvelle HOKA Clifton : une chaussure de course l\u00e9g\u00e8re, amortie et stable, id\u00e9ale pour les courses sur route et les randonn\u00e9es. Confort au quotidien et performance en douceur.","robots":{"index":"index","follow":"follow","max-snippet":"max-snippet:-1","max-image-preview":"max-image-preview:large","max-video-preview":"max-video-preview:-1"},"canonical":"https:\/\/www.miomiorun.com\/fr\/produit\/clifton-10-femme\/","og_locale":"fr_FR","og_type":"article","og_title":"Hoka One One Clifton 10 femme - chaussures de course - MioMioRun.com","og_description":"D\u00e9couvrez la nouvelle HOKA Clifton : une chaussure de course l\u00e9g\u00e8re, amortie et stable, id\u00e9ale pour les courses sur route et les randonn\u00e9es. Confort au quotidien et performance en douceur.","og_url":"https:\/\/www.miomiorun.com\/fr\/produit\/clifton-10-femme\/","og_site_name":"MioMioRun","article_publisher":"https:\/\/www.facebook.com\/miomiorun\/","article_modified_time":"2026-05-08T20:49:49+00:00","og_image":[{"width":720,"height":720,"url":"https:\/\/www.miomiorun.com\/app\/uploads\/2026\/02\/hoka-Clifton-10-W-sea-glass-neon-flame-1162031-SLSSN.webp","type":"image\/webp"}],"twitter_card":"summary_large_image","twitter_misc":{"Est. reading time":"2 minutes"},"schema":{"@context":"https:\/\/schema.org","@graph":[{"@type":"WebPage","@id":"https:\/\/www.miomiorun.com\/fr\/produit\/clifton-10-femme\/","url":"https:\/\/www.miomiorun.com\/fr\/produit\/clifton-10-femme\/","name":"Hoka One One Clifton 10 femme - chaussures de course - MioMioRun.com","isPartOf":{"@id":"https:\/\/www.miomiorun.com\/fr\/#website"},"primaryImageOfPage":{"@id":"https:\/\/www.miomiorun.com\/fr\/produit\/clifton-10-femme\/#primaryimage"},"image":{"@id":"https:\/\/www.miomiorun.com\/fr\/produit\/clifton-10-femme\/#primaryimage"},"thumbnailUrl":"https:\/\/www.miomiorun.com\/app\/uploads\/2026\/02\/hoka-Clifton-10-W-sea-glass-neon-flame-1162031-SLSSN.webp","datePublished":"2025-04-14T14:42:05+00:00","dateModified":"2026-05-08T20:49:49+00:00","description":"D\u00e9couvrez la nouvelle HOKA Clifton : une chaussure de course l\u00e9g\u00e8re, amortie et stable, id\u00e9ale pour les courses sur route et les randonn\u00e9es. Confort au quotidien et performance en douceur.","breadcrumb":{"@id":"https:\/\/www.miomiorun.com\/fr\/produit\/clifton-10-femme\/#breadcrumb"},"inLanguage":"fr-FR","potentialAction":[{"@type":"ReadAction","target":["https:\/\/www.miomiorun.com\/fr\/produit\/clifton-10-femme\/"]}]},{"@type":"ImageObject","inLanguage":"fr-FR","@id":"https:\/\/www.miomiorun.com\/fr\/produit\/clifton-10-femme\/#primaryimage","url":"https:\/\/www.miomiorun.com\/app\/uploads\/2026\/02\/hoka-Clifton-10-W-sea-glass-neon-flame-1162031-SLSSN.webp","contentUrl":"https:\/\/www.miomiorun.com\/app\/uploads\/2026\/02\/hoka-Clifton-10-W-sea-glass-neon-flame-1162031-SLSSN.webp","width":720,"height":720,"caption":"hoka Clifton 10 W sea glass neon flame 1162031 SLSSN"},{"@type":"BreadcrumbList","@id":"https:\/\/www.miomiorun.com\/fr\/produit\/clifton-10-femme\/#breadcrumb","itemListElement":[{"@type":"ListItem","position":1,"name":"Home","item":"https:\/\/www.miomiorun.com\/fr\/home-page\/"},{"@type":"ListItem","position":2,"name":"Shop","item":"https:\/\/www.miomiorun.com\/shop\/"},{"@type":"ListItem","position":3,"name":"Clifton 10 femme"}]},{"@type":"WebSite","@id":"https:\/\/www.miomiorun.com\/fr\/#website","url":"https:\/\/www.miomiorun.com\/fr\/","name":"MioMioRun","description":"Boutique 100% running et trail","publisher":{"@id":"https:\/\/www.miomiorun.com\/fr\/#organization"},"potentialAction":[{"@type":"SearchAction","target":{"@type":"EntryPoint","urlTemplate":"https:\/\/www.miomiorun.com\/fr\/?s={search_term_string}"},"query-input":{"@type":"PropertyValueSpecification","valueRequired":true,"valueName":"search_term_string"}}],"inLanguage":"fr-FR"},{"@type":"Organization","@id":"https:\/\/www.miomiorun.com\/fr\/#organization","name":"MioMio Run","url":"https:\/\/www.miomiorun.com\/fr\/","logo":{"@type":"ImageObject","inLanguage":"fr-FR","@id":"https:\/\/www.miomiorun.com\/fr\/#\/schema\/logo\/image\/","url":"https:\/\/www.miomiorun.com\/app\/uploads\/2019\/12\/logomio.png","contentUrl":"https:\/\/www.miomiorun.com\/app\/uploads\/2019\/12\/logomio.png","width":115,"height":82,"caption":"MioMio Run"},"image":{"@id":"https:\/\/www.miomiorun.com\/fr\/#\/schema\/logo\/image\/"},"sameAs":["https:\/\/www.facebook.com\/miomiorun\/","https:\/\/www.instagram.com\/miomiorun\/"]}]}},"_links":{"self":[{"href":"https:\/\/www.miomiorun.com\/fr\/wp-json\/wp\/v2\/product\/302339","targetHints":{"allow":["GET"]}}],"collection":[{"href":"https:\/\/www.miomiorun.com\/fr\/wp-json\/wp\/v2\/product"}],"about":[{"href":"https:\/\/www.miomiorun.com\/fr\/wp-json\/wp\/v2\/types\/product"}],"wp:featuredmedia":[{"embeddable":true,"href":"https:\/\/www.miomiorun.com\/fr\/wp-json\/wp\/v2\/media\/397989"}],"wp:attachment":[{"href":"https:\/\/www.miomiorun.com\/fr\/wp-json\/wp\/v2\/media?parent=302339"}],"wp:term":[{"taxonomy":"product_brand","embeddable":true,"href":"https:\/\/www.miomiorun.com\/fr\/wp-json\/wp\/v2\/product_brand?post=302339"},{"taxonomy":"product_cat","embeddable":true,"href":"https:\/\/www.miomiorun.com\/fr\/wp-json\/wp\/v2\/product_cat?post=302339"},{"taxonomy":"product_tag","embeddable":true,"href":"https:\/\/www.miomiorun.com\/fr\/wp-json\/wp\/v2\/product_tag?post=302339"}],"curies":[{"name":"wp","href":"https:\/\/api.w.org\/{rel}","templated":true}]}}