{"id":302051,"date":"2025-04-14T16:22:12","date_gmt":"2025-04-14T14:22:12","guid":{"rendered":"https:\/\/miomiorun.com\/?post_type=product&#038;p=302051"},"modified":"2026-03-26T08:18:13","modified_gmt":"2026-03-26T07:18:13","slug":"clifton-10-homme","status":"publish","type":"product","link":"https:\/\/www.miomiorun.com\/fr\/produit\/clifton-10-homme\/","title":{"rendered":"Clifton 10 homme"},"content":{"rendered":"<p><div class=\"vc-row container\"><div class=\"vc-column\"><div class=\"vc-column-text\"><\/p>\n<h4>Caract\u00e9ristiques techniques<\/h4>\n<p>Cat\u00e9gorie : amorti souple<br \/>\nD\u00e9calage : 8 mm<br \/>\nPoids : 278 g<br \/>\nId\u00e9al pour : les coureurs et les marcheurs \u00e0 foul\u00e9e neutre \u00e0 la recherche d&#8217;un mod\u00e8le parfaitement amorti et confortable, capable de neutraliser les impacts avec le sol, pour les courses et les marches de moyenne et longue distance.<br \/>\nPoids de l&#8217;athl\u00e8te : 70-80 kg<br \/>\nAllure de course : moyenne (5-6 min\/km)<br \/>\n<a href=\"https:\/\/miomiorun.com\/fr\/guide-des-specificites\/\">Guide des caract\u00e9ristiques techniques<\/a><\/p>\n<p><\/div><\/div><div class=\"vc-column\"><div class=\"vc-column-text\"><\/p>\n<p class=\"\" data-start=\"175\" data-end=\"482\">D\u00e9couvrez la nouvelle g\u00e9n\u00e9ration de Clifton, le mod\u00e8le embl\u00e9matique qui accompagne les coureurs dans leurs courses quotidiennes depuis plus de 10 ans. Con\u00e7ue pour ceux qui aiment parcourir des kilom\u00e8tres avec l\u00e9g\u00e8ret\u00e9 et fiabilit\u00e9, cette chaussure renouvelle le concept d&#8217;amorti, offrant une exp\u00e9rience encore plus fluide et prot\u00e9g\u00e9e. <\/p>\n<p class=\"\" data-start=\"484\" data-end=\"892\"><strong data-start=\"484\" data-end=\"532\">Con\u00e7ue pour la route et la marche,<\/strong> la Clifton int\u00e8gre une tige en tissu jacquard respirant et des d\u00e9tails r\u00e9fl\u00e9chissants, garantissant visibilit\u00e9 et confort m\u00eame lors des sorties les plus longues ou en soir\u00e9e. Le syst\u00e8me <strong data-start=\"702\" data-end=\"724\">MetaRocker\u2122 fluide<\/strong> favorise une transition naturelle \u00e0 chaque pas, tandis que la nouvelle semelle interm\u00e9diaire en CMEVA et la semelle int\u00e9rieure moul\u00e9e en EVA offrent une r\u00e9ponse souple, stable et dynamique.<br \/>\n<strong data-start=\"894\" data-end=\"931\">Qu&#8217;est-ce qui change dans la nouvelle version ?<\/p>\n<p>3 mm de drop suppl\u00e9mentaires pour une sensation plus enveloppante<\/p>\n<p>Double boucle pour maintenir la languette en place<\/p>\n<p>Talon et avant-pied perfectionn\u00e9s pour un ajustement impeccable<\/p>\n<p>Transition sous le pied plus fluide et naturelle<\/p>\n<h3 class=\"\" data-start=\"1180\" data-end=\"1207\"><strong data-start=\"1184\" data-end=\"1205\">Pourquoi la choisir<\/strong><\/h3>\n<ul>\n<li data-start=\"1208\" data-end=\"1447\">&nbsp;Ultra-l\u00e9g\u00e8re et r\u00e9active<\/li>\n<li data-start=\"1208\" data-end=\"1447\">Amorti pr\u00e9cis et confortable<\/li>\n<li data-start=\"1208\" data-end=\"1447\">Respirabilit\u00e9 maximale gr\u00e2ce au mesh jacquard<\/li>\n<li data-start=\"1208\" data-end=\"1447\">D\u00e9tails r\u00e9fl\u00e9chissants pour courir en toute s\u00e9curit\u00e9<\/li>\n<li data-start=\"1208\" data-end=\"1447\">R\u00e9sistante et stable, con\u00e7ue pour vous accompagner au quotidien<\/li>\n<\/ul>\n<p class=\"\" data-start=\"1449\" data-end=\"1597\">Si vous recherchez une chaussure fiable, l\u00e9g\u00e8re et offrant un confort durable pour vos entra\u00eenements quotidiens sur route, <strong data-start=\"1558\" data-end=\"1597\">Clifton est le mod\u00e8le qu&#8217;il vous faut.<\/strong><\/p>\n<p><\/div><\/div><\/div><div class=\"vc-row container\"><div class=\"vc-column\"><\/div><\/div><\/strong><\/p>\n","protected":false},"excerpt":{"rendered":"<ul>\n<li>MetaRocker\u2122 fluide<\/li>\n<li>3 mm de drop suppl\u00e9mentaire pour une sensation plus enveloppante<\/li>\n<li>Con\u00e7ue pour la route et la marche<\/li>\n<\/ul>\n","protected":false},"featured_media":428050,"template":"","meta":{"_acf_changed":false,"inline_featured_image":false},"product_brand":[],"product_cat":[24448,24447],"product_tag":[23478,23604],"class_list":{"0":"post-302051","1":"product","2":"type-product","3":"status-publish","4":"has-post-thumbnail","6":"product_cat-chaussures-pour-hommes-fr","7":"product_cat-neutre-fr-3","8":"product_tag-hoka-one-one-fr","9":"product_tag-hoka-homme","10":"pa_attivita-lifestyle-fr","11":"pa_attivita-marcher","12":"pa_attivita-running-fr","13":"pa_colore-clifton-10-ash-grey-neon-green","14":"pa_colore-clifton-10-putty-grout","15":"pa_colore-clifton-10-sage-neon-flame","16":"pa_colore-clifton-10-yellow-gold-tidal-wave","17":"pa_marca-hoka-fr","18":"pa_sesso-homme","19":"pa_size-41-fr","20":"pa_size-42-fr","22":"pa_size-43-fr","23":"pa_size-44-fr","25":"pa_size-45-fr","26":"pa_size-46-fr","28":"pa_size-47-fr","30":"first","31":"instock","32":"sale","33":"taxable","34":"shipping-taxable","35":"purchasable","36":"product-type-variable","37":"wvs-archive-product-wrapper"},"acf":[],"yoast_head":"<!-- This site is optimized with the Yoast SEO plugin v26.8 - https:\/\/yoast.com\/product\/yoast-seo-wordpress\/ -->\n<title>Hoka Clifton 10 homme - chaussures de course pour homme- MioMioRun .com<\/title>\n<meta name=\"description\" content=\"D\u00e9couvrez la nouvelle HOKA Clifton : une chaussure de course l\u00e9g\u00e8re, amortissante et stable, id\u00e9ale pour la course sur route et la marche. Confort au quotidien et performances fluides.\" \/>\n<meta name=\"robots\" content=\"index, follow, max-snippet:-1, max-image-preview:large, max-video-preview:-1\" \/>\n<link rel=\"canonical\" href=\"https:\/\/www.miomiorun.com\/fr\/produit\/clifton-10-homme\/\" \/>\n<meta property=\"og:locale\" content=\"fr_FR\" \/>\n<meta property=\"og:type\" content=\"article\" \/>\n<meta property=\"og:title\" content=\"Hoka Clifton 10 homme - chaussures de course pour homme- MioMioRun .com\" \/>\n<meta property=\"og:description\" content=\"D\u00e9couvrez la nouvelle HOKA Clifton : une chaussure de course l\u00e9g\u00e8re, amortissante et stable, id\u00e9ale pour la course sur route et la marche. Confort au quotidien et performances fluides.\" \/>\n<meta property=\"og:url\" content=\"https:\/\/www.miomiorun.com\/fr\/produit\/clifton-10-homme\/\" \/>\n<meta property=\"og:site_name\" content=\"MioMioRun\" \/>\n<meta property=\"article:publisher\" content=\"https:\/\/www.facebook.com\/miomiorun\/\" \/>\n<meta property=\"article:modified_time\" content=\"2026-03-26T07:18:13+00:00\" \/>\n<meta property=\"og:image\" content=\"https:\/\/www.miomiorun.com\/app\/uploads\/2025\/04\/hoka-Clifton-10-mint-fluorite-luna-moth-1162030-MTFL.webp\" \/>\n\t<meta property=\"og:image:width\" content=\"600\" \/>\n\t<meta property=\"og:image:height\" content=\"600\" \/>\n\t<meta property=\"og:image:type\" content=\"image\/webp\" \/>\n<meta name=\"twitter:card\" content=\"summary_large_image\" \/>\n<meta name=\"twitter:label1\" content=\"Est. reading time\" \/>\n\t<meta name=\"twitter:data1\" content=\"2 minutes\" \/>\n<script type=\"application\/ld+json\" class=\"yoast-schema-graph\">{\"@context\":\"https:\/\/schema.org\",\"@graph\":[{\"@type\":\"WebPage\",\"@id\":\"https:\/\/www.miomiorun.com\/fr\/produit\/clifton-10-homme\/\",\"url\":\"https:\/\/www.miomiorun.com\/fr\/produit\/clifton-10-homme\/\",\"name\":\"Hoka Clifton 10 homme - chaussures de course pour homme- MioMioRun .com\",\"isPartOf\":{\"@id\":\"https:\/\/www.miomiorun.com\/fr\/#website\"},\"primaryImageOfPage\":{\"@id\":\"https:\/\/www.miomiorun.com\/fr\/produit\/clifton-10-homme\/#primaryimage\"},\"image\":{\"@id\":\"https:\/\/www.miomiorun.com\/fr\/produit\/clifton-10-homme\/#primaryimage\"},\"thumbnailUrl\":\"https:\/\/www.miomiorun.com\/app\/uploads\/2026\/04\/hoka-Clifton-10-yellow-gold-tidal-wave-1162030-YDT.webp\",\"datePublished\":\"2025-04-14T14:22:12+00:00\",\"dateModified\":\"2026-03-26T07:18:13+00:00\",\"description\":\"D\u00e9couvrez la nouvelle HOKA Clifton : une chaussure de course l\u00e9g\u00e8re, amortissante et stable, id\u00e9ale pour la course sur route et la marche. Confort au quotidien et performances fluides.\",\"breadcrumb\":{\"@id\":\"https:\/\/www.miomiorun.com\/fr\/produit\/clifton-10-homme\/#breadcrumb\"},\"inLanguage\":\"fr-FR\",\"potentialAction\":[{\"@type\":\"ReadAction\",\"target\":[\"https:\/\/www.miomiorun.com\/fr\/produit\/clifton-10-homme\/\"]}]},{\"@type\":\"ImageObject\",\"inLanguage\":\"fr-FR\",\"@id\":\"https:\/\/www.miomiorun.com\/fr\/produit\/clifton-10-homme\/#primaryimage\",\"url\":\"https:\/\/www.miomiorun.com\/app\/uploads\/2026\/04\/hoka-Clifton-10-yellow-gold-tidal-wave-1162030-YDT.webp\",\"contentUrl\":\"https:\/\/www.miomiorun.com\/app\/uploads\/2026\/04\/hoka-Clifton-10-yellow-gold-tidal-wave-1162030-YDT.webp\",\"width\":720,\"height\":720,\"caption\":\"hoka Clifton 10 yellow gold tidal wave 1162030 YDT\"},{\"@type\":\"BreadcrumbList\",\"@id\":\"https:\/\/www.miomiorun.com\/fr\/produit\/clifton-10-homme\/#breadcrumb\",\"itemListElement\":[{\"@type\":\"ListItem\",\"position\":1,\"name\":\"Home\",\"item\":\"https:\/\/www.miomiorun.com\/fr\/home-page\/\"},{\"@type\":\"ListItem\",\"position\":2,\"name\":\"Shop\",\"item\":\"https:\/\/www.miomiorun.com\/shop\/\"},{\"@type\":\"ListItem\",\"position\":3,\"name\":\"Clifton 10 homme\"}]},{\"@type\":\"WebSite\",\"@id\":\"https:\/\/www.miomiorun.com\/fr\/#website\",\"url\":\"https:\/\/www.miomiorun.com\/fr\/\",\"name\":\"MioMioRun\",\"description\":\"Boutique 100% running et trail\",\"publisher\":{\"@id\":\"https:\/\/www.miomiorun.com\/fr\/#organization\"},\"potentialAction\":[{\"@type\":\"SearchAction\",\"target\":{\"@type\":\"EntryPoint\",\"urlTemplate\":\"https:\/\/www.miomiorun.com\/fr\/?s={search_term_string}\"},\"query-input\":{\"@type\":\"PropertyValueSpecification\",\"valueRequired\":true,\"valueName\":\"search_term_string\"}}],\"inLanguage\":\"fr-FR\"},{\"@type\":\"Organization\",\"@id\":\"https:\/\/www.miomiorun.com\/fr\/#organization\",\"name\":\"MioMio Run\",\"url\":\"https:\/\/www.miomiorun.com\/fr\/\",\"logo\":{\"@type\":\"ImageObject\",\"inLanguage\":\"fr-FR\",\"@id\":\"https:\/\/www.miomiorun.com\/fr\/#\/schema\/logo\/image\/\",\"url\":\"https:\/\/www.miomiorun.com\/app\/uploads\/2019\/12\/logomio.png\",\"contentUrl\":\"https:\/\/www.miomiorun.com\/app\/uploads\/2019\/12\/logomio.png\",\"width\":115,\"height\":82,\"caption\":\"MioMio Run\"},\"image\":{\"@id\":\"https:\/\/www.miomiorun.com\/fr\/#\/schema\/logo\/image\/\"},\"sameAs\":[\"https:\/\/www.facebook.com\/miomiorun\/\",\"https:\/\/www.instagram.com\/miomiorun\/\"]}]}<\/script>\n<!-- \/ Yoast SEO plugin. -->","yoast_head_json":{"title":"Hoka Clifton 10 homme - chaussures de course pour homme- MioMioRun .com","description":"D\u00e9couvrez la nouvelle HOKA Clifton : une chaussure de course l\u00e9g\u00e8re, amortissante et stable, id\u00e9ale pour la course sur route et la marche. Confort au quotidien et performances fluides.","robots":{"index":"index","follow":"follow","max-snippet":"max-snippet:-1","max-image-preview":"max-image-preview:large","max-video-preview":"max-video-preview:-1"},"canonical":"https:\/\/www.miomiorun.com\/fr\/produit\/clifton-10-homme\/","og_locale":"fr_FR","og_type":"article","og_title":"Hoka Clifton 10 homme - chaussures de course pour homme- MioMioRun .com","og_description":"D\u00e9couvrez la nouvelle HOKA Clifton : une chaussure de course l\u00e9g\u00e8re, amortissante et stable, id\u00e9ale pour la course sur route et la marche. Confort au quotidien et performances fluides.","og_url":"https:\/\/www.miomiorun.com\/fr\/produit\/clifton-10-homme\/","og_site_name":"MioMioRun","article_publisher":"https:\/\/www.facebook.com\/miomiorun\/","article_modified_time":"2026-03-26T07:18:13+00:00","og_image":[{"width":600,"height":600,"url":"https:\/\/www.miomiorun.com\/app\/uploads\/2025\/04\/hoka-Clifton-10-mint-fluorite-luna-moth-1162030-MTFL.webp","type":"image\/webp"}],"twitter_card":"summary_large_image","twitter_misc":{"Est. reading time":"2 minutes"},"schema":{"@context":"https:\/\/schema.org","@graph":[{"@type":"WebPage","@id":"https:\/\/www.miomiorun.com\/fr\/produit\/clifton-10-homme\/","url":"https:\/\/www.miomiorun.com\/fr\/produit\/clifton-10-homme\/","name":"Hoka Clifton 10 homme - chaussures de course pour homme- MioMioRun .com","isPartOf":{"@id":"https:\/\/www.miomiorun.com\/fr\/#website"},"primaryImageOfPage":{"@id":"https:\/\/www.miomiorun.com\/fr\/produit\/clifton-10-homme\/#primaryimage"},"image":{"@id":"https:\/\/www.miomiorun.com\/fr\/produit\/clifton-10-homme\/#primaryimage"},"thumbnailUrl":"https:\/\/www.miomiorun.com\/app\/uploads\/2026\/04\/hoka-Clifton-10-yellow-gold-tidal-wave-1162030-YDT.webp","datePublished":"2025-04-14T14:22:12+00:00","dateModified":"2026-03-26T07:18:13+00:00","description":"D\u00e9couvrez la nouvelle HOKA Clifton : une chaussure de course l\u00e9g\u00e8re, amortissante et stable, id\u00e9ale pour la course sur route et la marche. Confort au quotidien et performances fluides.","breadcrumb":{"@id":"https:\/\/www.miomiorun.com\/fr\/produit\/clifton-10-homme\/#breadcrumb"},"inLanguage":"fr-FR","potentialAction":[{"@type":"ReadAction","target":["https:\/\/www.miomiorun.com\/fr\/produit\/clifton-10-homme\/"]}]},{"@type":"ImageObject","inLanguage":"fr-FR","@id":"https:\/\/www.miomiorun.com\/fr\/produit\/clifton-10-homme\/#primaryimage","url":"https:\/\/www.miomiorun.com\/app\/uploads\/2026\/04\/hoka-Clifton-10-yellow-gold-tidal-wave-1162030-YDT.webp","contentUrl":"https:\/\/www.miomiorun.com\/app\/uploads\/2026\/04\/hoka-Clifton-10-yellow-gold-tidal-wave-1162030-YDT.webp","width":720,"height":720,"caption":"hoka Clifton 10 yellow gold tidal wave 1162030 YDT"},{"@type":"BreadcrumbList","@id":"https:\/\/www.miomiorun.com\/fr\/produit\/clifton-10-homme\/#breadcrumb","itemListElement":[{"@type":"ListItem","position":1,"name":"Home","item":"https:\/\/www.miomiorun.com\/fr\/home-page\/"},{"@type":"ListItem","position":2,"name":"Shop","item":"https:\/\/www.miomiorun.com\/shop\/"},{"@type":"ListItem","position":3,"name":"Clifton 10 homme"}]},{"@type":"WebSite","@id":"https:\/\/www.miomiorun.com\/fr\/#website","url":"https:\/\/www.miomiorun.com\/fr\/","name":"MioMioRun","description":"Boutique 100% running et trail","publisher":{"@id":"https:\/\/www.miomiorun.com\/fr\/#organization"},"potentialAction":[{"@type":"SearchAction","target":{"@type":"EntryPoint","urlTemplate":"https:\/\/www.miomiorun.com\/fr\/?s={search_term_string}"},"query-input":{"@type":"PropertyValueSpecification","valueRequired":true,"valueName":"search_term_string"}}],"inLanguage":"fr-FR"},{"@type":"Organization","@id":"https:\/\/www.miomiorun.com\/fr\/#organization","name":"MioMio Run","url":"https:\/\/www.miomiorun.com\/fr\/","logo":{"@type":"ImageObject","inLanguage":"fr-FR","@id":"https:\/\/www.miomiorun.com\/fr\/#\/schema\/logo\/image\/","url":"https:\/\/www.miomiorun.com\/app\/uploads\/2019\/12\/logomio.png","contentUrl":"https:\/\/www.miomiorun.com\/app\/uploads\/2019\/12\/logomio.png","width":115,"height":82,"caption":"MioMio Run"},"image":{"@id":"https:\/\/www.miomiorun.com\/fr\/#\/schema\/logo\/image\/"},"sameAs":["https:\/\/www.facebook.com\/miomiorun\/","https:\/\/www.instagram.com\/miomiorun\/"]}]}},"_links":{"self":[{"href":"https:\/\/www.miomiorun.com\/fr\/wp-json\/wp\/v2\/product\/302051","targetHints":{"allow":["GET"]}}],"collection":[{"href":"https:\/\/www.miomiorun.com\/fr\/wp-json\/wp\/v2\/product"}],"about":[{"href":"https:\/\/www.miomiorun.com\/fr\/wp-json\/wp\/v2\/types\/product"}],"wp:featuredmedia":[{"embeddable":true,"href":"https:\/\/www.miomiorun.com\/fr\/wp-json\/wp\/v2\/media\/428050"}],"wp:attachment":[{"href":"https:\/\/www.miomiorun.com\/fr\/wp-json\/wp\/v2\/media?parent=302051"}],"wp:term":[{"taxonomy":"product_brand","embeddable":true,"href":"https:\/\/www.miomiorun.com\/fr\/wp-json\/wp\/v2\/product_brand?post=302051"},{"taxonomy":"product_cat","embeddable":true,"href":"https:\/\/www.miomiorun.com\/fr\/wp-json\/wp\/v2\/product_cat?post=302051"},{"taxonomy":"product_tag","embeddable":true,"href":"https:\/\/www.miomiorun.com\/fr\/wp-json\/wp\/v2\/product_tag?post=302051"}],"curies":[{"name":"wp","href":"https:\/\/api.w.org\/{rel}","templated":true}]}}