{"id":301406,"date":"2021-09-18T10:33:46","date_gmt":"2021-09-18T08:33:46","guid":{"rendered":"https:\/\/miomiorun.com\/prodotto\/casall-double-up-shorts-donna\/"},"modified":"2025-12-18T12:25:52","modified_gmt":"2025-12-18T11:25:52","slug":"casall-double-up-shorts-femme","status":"publish","type":"product","link":"https:\/\/www.miomiorun.com\/fr\/produit\/casall-double-up-shorts-femme\/","title":{"rendered":"Double Up Shorts femme"},"content":{"rendered":"<p class=\"tw-data-text tw-text-large XcVN5d tw-ta\" dir=\"ltr\" data-placeholder=\"Traduzione\">Avec<strong> Double Up<\/strong> pour femmes, doublez le plaisir gr\u00e2ce \u00e0 ce short en jersey double couche, fabriqu\u00e9 dans le tissu Sensitive, ultra-l\u00e9ger et offrant une excellente gestion de l&#8217;humidit\u00e9. Un tissu ext\u00e9rieur \u00e9l\u00e9gant et soyeux et une couche inf\u00e9rieure ajust\u00e9e et ventil\u00e9e font de ce short un v\u00eatement ludique \u00e0 ajouter \u00e0 votre garde-robe.<\/p>\n<h3 dir=\"ltr\" data-placeholder=\"Traduzione\">Caract\u00e9ristiques<\/h3>\n<ul>\n<li>Tissu high-tech ultra-l\u00e9ger offrant une excellente gestion de l&#8217;humidit\u00e9.<\/li>\n<li>Tissu d&#8217;aspect soyeux.<\/li>\n<li>Pantalon int\u00e9rieur en tissu perfor\u00e9 pour une ventilation optimale. <\/li>\n<li>Couche ext\u00e9rieure \u00e0 la coupe fluide. <\/li>\n<li>Poche sur la jambe droite du pantalon int\u00e9rieur pour vos appareils. <\/li>\n<li>\u00c9lastique souple \u00e0 la taille pour un confort optimal.<\/li>\n<li>Coutures coll\u00e9es pour minimiser les frottements.<\/li>\n<li>Logo Casall r\u00e9fl\u00e9chissant en bas \u00e0 gauche.<\/li>\n<\/ul>\n<p dir=\"ltr\" data-placeholder=\"Traduzione\">\n","protected":false},"excerpt":{"rendered":"<p>Avec Double Up pour femmes, doublez le plaisir gr\u00e2ce \u00e0 ce short en jersey double couche, fabriqu\u00e9 dans le tissu Sensitive, ultra-l\u00e9ger et offrant une excellente gestion de l&#8217;humidit\u00e9. Un tissu ext\u00e9rieur \u00e9l\u00e9gant et soyeux et une couche inf\u00e9rieure ajust\u00e9e et ventil\u00e9e font de ce short un v\u00eatement ludique \u00e0 ajouter \u00e0 votre garde-robe. Caract\u00e9ristiques &hellip; <a href=\"https:\/\/www.miomiorun.com\/fr\/produit\/casall-double-up-shorts-femme\/\">Continued<\/a><\/p>\n","protected":false},"featured_media":233421,"template":"","meta":{"_acf_changed":false,"inline_featured_image":false},"product_brand":[],"product_cat":[24438,24444,24246],"product_tag":[23464,23653],"class_list":{"0":"post-301406","1":"product","2":"type-product","3":"status-publish","4":"has-post-thumbnail","6":"product_cat-pantalon-court-fr-2","7":"product_cat-vetements-pour-femmes-fr","8":"product_cat-offres-pour-les-femmes","9":"product_tag-casall-fr","10":"product_tag-casall-femme","11":"pa_attivita-running-fr","12":"pa_marca-casall-fr","13":"pa_sesso-femme","14":"pa_size-large-fr","16":"first","17":"instock","18":"sale","19":"taxable","20":"shipping-taxable","21":"purchasable","22":"product-type-variable","23":"wvs-archive-product-wrapper"},"acf":[],"yoast_head":"<!-- This site is optimized with the Yoast SEO plugin v26.8 - https:\/\/yoast.com\/product\/yoast-seo-wordpress\/ -->\n<title>Casall Double Up Shorts femme - short de course - MioMioRun<\/title>\n<meta name=\"description\" content=\"Avec Double Up pour femme, doublez le plaisir gr\u00e2ce \u00e0 ce short en jersey double \u00e9paisseur, confectionn\u00e9 dans le tissu Sensitive.\" \/>\n<meta name=\"robots\" content=\"index, follow, max-snippet:-1, max-image-preview:large, max-video-preview:-1\" \/>\n<link rel=\"canonical\" href=\"https:\/\/www.miomiorun.com\/fr\/produit\/casall-double-up-shorts-femme\/\" \/>\n<meta property=\"og:locale\" content=\"fr_FR\" \/>\n<meta property=\"og:type\" content=\"article\" \/>\n<meta property=\"og:title\" content=\"Casall Double Up Shorts femme - short de course - MioMioRun\" \/>\n<meta property=\"og:description\" content=\"Avec Double Up pour femme, doublez le plaisir gr\u00e2ce \u00e0 ce short en jersey double \u00e9paisseur, confectionn\u00e9 dans le tissu Sensitive.\" \/>\n<meta property=\"og:url\" content=\"https:\/\/www.miomiorun.com\/fr\/produit\/casall-double-up-shorts-femme\/\" \/>\n<meta property=\"og:site_name\" content=\"MioMioRun\" \/>\n<meta property=\"article:publisher\" content=\"https:\/\/www.facebook.com\/miomiorun\/\" \/>\n<meta property=\"article:modified_time\" content=\"2025-12-18T11:25:52+00:00\" \/>\n<meta property=\"og:image\" content=\"https:\/\/www.miomiorun.com\/app\/uploads\/2021\/09\/casall-Double-up-shorts-18630-901.jpg\" \/>\n\t<meta property=\"og:image:width\" content=\"600\" \/>\n\t<meta property=\"og:image:height\" content=\"600\" \/>\n\t<meta property=\"og:image:type\" content=\"image\/jpeg\" \/>\n<meta name=\"twitter:card\" content=\"summary_large_image\" \/>\n<meta name=\"twitter:label1\" content=\"Est. reading time\" \/>\n\t<meta name=\"twitter:data1\" content=\"1 minute\" \/>\n<script type=\"application\/ld+json\" class=\"yoast-schema-graph\">{\"@context\":\"https:\/\/schema.org\",\"@graph\":[{\"@type\":\"WebPage\",\"@id\":\"https:\/\/www.miomiorun.com\/fr\/produit\/casall-double-up-shorts-femme\/\",\"url\":\"https:\/\/www.miomiorun.com\/fr\/produit\/casall-double-up-shorts-femme\/\",\"name\":\"Casall Double Up Shorts femme - short de course - MioMioRun\",\"isPartOf\":{\"@id\":\"https:\/\/www.miomiorun.com\/fr\/#website\"},\"primaryImageOfPage\":{\"@id\":\"https:\/\/www.miomiorun.com\/fr\/produit\/casall-double-up-shorts-femme\/#primaryimage\"},\"image\":{\"@id\":\"https:\/\/www.miomiorun.com\/fr\/produit\/casall-double-up-shorts-femme\/#primaryimage\"},\"thumbnailUrl\":\"https:\/\/www.miomiorun.com\/app\/uploads\/2021\/09\/casall-Double-up-shorts-18630-901.jpg\",\"datePublished\":\"2021-09-18T08:33:46+00:00\",\"dateModified\":\"2025-12-18T11:25:52+00:00\",\"description\":\"Avec Double Up pour femme, doublez le plaisir gr\u00e2ce \u00e0 ce short en jersey double \u00e9paisseur, confectionn\u00e9 dans le tissu Sensitive.\",\"breadcrumb\":{\"@id\":\"https:\/\/www.miomiorun.com\/fr\/produit\/casall-double-up-shorts-femme\/#breadcrumb\"},\"inLanguage\":\"fr-FR\",\"potentialAction\":[{\"@type\":\"ReadAction\",\"target\":[\"https:\/\/www.miomiorun.com\/fr\/produit\/casall-double-up-shorts-femme\/\"]}]},{\"@type\":\"ImageObject\",\"inLanguage\":\"fr-FR\",\"@id\":\"https:\/\/www.miomiorun.com\/fr\/produit\/casall-double-up-shorts-femme\/#primaryimage\",\"url\":\"https:\/\/www.miomiorun.com\/app\/uploads\/2021\/09\/casall-Double-up-shorts-18630-901.jpg\",\"contentUrl\":\"https:\/\/www.miomiorun.com\/app\/uploads\/2021\/09\/casall-Double-up-shorts-18630-901.jpg\",\"width\":600,\"height\":600,\"caption\":\"casall-Double-up-shorts-18630-901\"},{\"@type\":\"BreadcrumbList\",\"@id\":\"https:\/\/www.miomiorun.com\/fr\/produit\/casall-double-up-shorts-femme\/#breadcrumb\",\"itemListElement\":[{\"@type\":\"ListItem\",\"position\":1,\"name\":\"Home\",\"item\":\"https:\/\/www.miomiorun.com\/fr\/home-page\/\"},{\"@type\":\"ListItem\",\"position\":2,\"name\":\"Shop\",\"item\":\"https:\/\/www.miomiorun.com\/shop\/\"},{\"@type\":\"ListItem\",\"position\":3,\"name\":\"Double Up Shorts femme\"}]},{\"@type\":\"WebSite\",\"@id\":\"https:\/\/www.miomiorun.com\/fr\/#website\",\"url\":\"https:\/\/www.miomiorun.com\/fr\/\",\"name\":\"MioMioRun\",\"description\":\"Boutique 100% running et trail\",\"publisher\":{\"@id\":\"https:\/\/www.miomiorun.com\/fr\/#organization\"},\"potentialAction\":[{\"@type\":\"SearchAction\",\"target\":{\"@type\":\"EntryPoint\",\"urlTemplate\":\"https:\/\/www.miomiorun.com\/fr\/?s={search_term_string}\"},\"query-input\":{\"@type\":\"PropertyValueSpecification\",\"valueRequired\":true,\"valueName\":\"search_term_string\"}}],\"inLanguage\":\"fr-FR\"},{\"@type\":\"Organization\",\"@id\":\"https:\/\/www.miomiorun.com\/fr\/#organization\",\"name\":\"MioMio Run\",\"url\":\"https:\/\/www.miomiorun.com\/fr\/\",\"logo\":{\"@type\":\"ImageObject\",\"inLanguage\":\"fr-FR\",\"@id\":\"https:\/\/www.miomiorun.com\/fr\/#\/schema\/logo\/image\/\",\"url\":\"https:\/\/www.miomiorun.com\/app\/uploads\/2019\/12\/logomio.png\",\"contentUrl\":\"https:\/\/www.miomiorun.com\/app\/uploads\/2019\/12\/logomio.png\",\"width\":115,\"height\":82,\"caption\":\"MioMio Run\"},\"image\":{\"@id\":\"https:\/\/www.miomiorun.com\/fr\/#\/schema\/logo\/image\/\"},\"sameAs\":[\"https:\/\/www.facebook.com\/miomiorun\/\",\"https:\/\/www.instagram.com\/miomiorun\/\"]}]}<\/script>\n<!-- \/ Yoast SEO plugin. -->","yoast_head_json":{"title":"Casall Double Up Shorts femme - short de course - MioMioRun","description":"Avec Double Up pour femme, doublez le plaisir gr\u00e2ce \u00e0 ce short en jersey double \u00e9paisseur, confectionn\u00e9 dans le tissu Sensitive.","robots":{"index":"index","follow":"follow","max-snippet":"max-snippet:-1","max-image-preview":"max-image-preview:large","max-video-preview":"max-video-preview:-1"},"canonical":"https:\/\/www.miomiorun.com\/fr\/produit\/casall-double-up-shorts-femme\/","og_locale":"fr_FR","og_type":"article","og_title":"Casall Double Up Shorts femme - short de course - MioMioRun","og_description":"Avec Double Up pour femme, doublez le plaisir gr\u00e2ce \u00e0 ce short en jersey double \u00e9paisseur, confectionn\u00e9 dans le tissu Sensitive.","og_url":"https:\/\/www.miomiorun.com\/fr\/produit\/casall-double-up-shorts-femme\/","og_site_name":"MioMioRun","article_publisher":"https:\/\/www.facebook.com\/miomiorun\/","article_modified_time":"2025-12-18T11:25:52+00:00","og_image":[{"width":600,"height":600,"url":"https:\/\/www.miomiorun.com\/app\/uploads\/2021\/09\/casall-Double-up-shorts-18630-901.jpg","type":"image\/jpeg"}],"twitter_card":"summary_large_image","twitter_misc":{"Est. reading time":"1 minute"},"schema":{"@context":"https:\/\/schema.org","@graph":[{"@type":"WebPage","@id":"https:\/\/www.miomiorun.com\/fr\/produit\/casall-double-up-shorts-femme\/","url":"https:\/\/www.miomiorun.com\/fr\/produit\/casall-double-up-shorts-femme\/","name":"Casall Double Up Shorts femme - short de course - MioMioRun","isPartOf":{"@id":"https:\/\/www.miomiorun.com\/fr\/#website"},"primaryImageOfPage":{"@id":"https:\/\/www.miomiorun.com\/fr\/produit\/casall-double-up-shorts-femme\/#primaryimage"},"image":{"@id":"https:\/\/www.miomiorun.com\/fr\/produit\/casall-double-up-shorts-femme\/#primaryimage"},"thumbnailUrl":"https:\/\/www.miomiorun.com\/app\/uploads\/2021\/09\/casall-Double-up-shorts-18630-901.jpg","datePublished":"2021-09-18T08:33:46+00:00","dateModified":"2025-12-18T11:25:52+00:00","description":"Avec Double Up pour femme, doublez le plaisir gr\u00e2ce \u00e0 ce short en jersey double \u00e9paisseur, confectionn\u00e9 dans le tissu Sensitive.","breadcrumb":{"@id":"https:\/\/www.miomiorun.com\/fr\/produit\/casall-double-up-shorts-femme\/#breadcrumb"},"inLanguage":"fr-FR","potentialAction":[{"@type":"ReadAction","target":["https:\/\/www.miomiorun.com\/fr\/produit\/casall-double-up-shorts-femme\/"]}]},{"@type":"ImageObject","inLanguage":"fr-FR","@id":"https:\/\/www.miomiorun.com\/fr\/produit\/casall-double-up-shorts-femme\/#primaryimage","url":"https:\/\/www.miomiorun.com\/app\/uploads\/2021\/09\/casall-Double-up-shorts-18630-901.jpg","contentUrl":"https:\/\/www.miomiorun.com\/app\/uploads\/2021\/09\/casall-Double-up-shorts-18630-901.jpg","width":600,"height":600,"caption":"casall-Double-up-shorts-18630-901"},{"@type":"BreadcrumbList","@id":"https:\/\/www.miomiorun.com\/fr\/produit\/casall-double-up-shorts-femme\/#breadcrumb","itemListElement":[{"@type":"ListItem","position":1,"name":"Home","item":"https:\/\/www.miomiorun.com\/fr\/home-page\/"},{"@type":"ListItem","position":2,"name":"Shop","item":"https:\/\/www.miomiorun.com\/shop\/"},{"@type":"ListItem","position":3,"name":"Double Up Shorts femme"}]},{"@type":"WebSite","@id":"https:\/\/www.miomiorun.com\/fr\/#website","url":"https:\/\/www.miomiorun.com\/fr\/","name":"MioMioRun","description":"Boutique 100% running et trail","publisher":{"@id":"https:\/\/www.miomiorun.com\/fr\/#organization"},"potentialAction":[{"@type":"SearchAction","target":{"@type":"EntryPoint","urlTemplate":"https:\/\/www.miomiorun.com\/fr\/?s={search_term_string}"},"query-input":{"@type":"PropertyValueSpecification","valueRequired":true,"valueName":"search_term_string"}}],"inLanguage":"fr-FR"},{"@type":"Organization","@id":"https:\/\/www.miomiorun.com\/fr\/#organization","name":"MioMio Run","url":"https:\/\/www.miomiorun.com\/fr\/","logo":{"@type":"ImageObject","inLanguage":"fr-FR","@id":"https:\/\/www.miomiorun.com\/fr\/#\/schema\/logo\/image\/","url":"https:\/\/www.miomiorun.com\/app\/uploads\/2019\/12\/logomio.png","contentUrl":"https:\/\/www.miomiorun.com\/app\/uploads\/2019\/12\/logomio.png","width":115,"height":82,"caption":"MioMio Run"},"image":{"@id":"https:\/\/www.miomiorun.com\/fr\/#\/schema\/logo\/image\/"},"sameAs":["https:\/\/www.facebook.com\/miomiorun\/","https:\/\/www.instagram.com\/miomiorun\/"]}]}},"_links":{"self":[{"href":"https:\/\/www.miomiorun.com\/fr\/wp-json\/wp\/v2\/product\/301406","targetHints":{"allow":["GET"]}}],"collection":[{"href":"https:\/\/www.miomiorun.com\/fr\/wp-json\/wp\/v2\/product"}],"about":[{"href":"https:\/\/www.miomiorun.com\/fr\/wp-json\/wp\/v2\/types\/product"}],"wp:featuredmedia":[{"embeddable":true,"href":"https:\/\/www.miomiorun.com\/fr\/wp-json\/wp\/v2\/media\/233421"}],"wp:attachment":[{"href":"https:\/\/www.miomiorun.com\/fr\/wp-json\/wp\/v2\/media?parent=301406"}],"wp:term":[{"taxonomy":"product_brand","embeddable":true,"href":"https:\/\/www.miomiorun.com\/fr\/wp-json\/wp\/v2\/product_brand?post=301406"},{"taxonomy":"product_cat","embeddable":true,"href":"https:\/\/www.miomiorun.com\/fr\/wp-json\/wp\/v2\/product_cat?post=301406"},{"taxonomy":"product_tag","embeddable":true,"href":"https:\/\/www.miomiorun.com\/fr\/wp-json\/wp\/v2\/product_tag?post=301406"}],"curies":[{"name":"wp","href":"https:\/\/api.w.org\/{rel}","templated":true}]}}