{"id":301338,"date":"2025-04-02T10:45:24","date_gmt":"2025-04-02T08:45:24","guid":{"rendered":"https:\/\/miomiorun.com\/prodotto\/gel-trabuco-13-donna\/"},"modified":"2026-04-17T14:08:46","modified_gmt":"2026-04-17T12:08:46","slug":"gel-trabuco-13-femme","status":"publish","type":"product","link":"https:\/\/www.miomiorun.com\/fr\/produit\/gel-trabuco-13-femme\/","title":{"rendered":"Gel-Trabuco 13 femme"},"content":{"rendered":"<div class=\"vc-row container\"><div class=\"vc-column\"><div class=\"vc-column-text\"><\/p>\n<p><strong>Caract\u00e9ristiques techniques<\/strong><\/p>\n<p>Cat\u00e9gorie : amorti sup\u00e9rieur<br \/>\nD\u00e9calage : 8 mm<br \/>\nPoids : 250 g<br \/>\nId\u00e9al pour : coureurs, trail runners et marcheurs \u00e0 la recherche d&#8217;un mod\u00e8le l\u00e9ger, capable d&#8217;apporter souplesse et \u00e9lasticit\u00e9, avec une bonne traction sur les terrains de montagne m\u00eame exigeants.<br \/>\nPoids de l&#8217;athl\u00e8te : 60-70 kg<br \/>\nAllure de course : moyenne (5.00-5.30 min\/km)<br \/>\n<a href=\"https:\/\/miomiorun.com\/fr\/guide-des-specificites\/\">Guide des sp\u00e9cifications<\/a><\/p>\n<p>.<\/div><\/div><div class=\"vc-column\"><div class=\"vc-column-text\">Abordez chaque sentier avec confiance et confort avec la <strong>GEL-TRABUCO 13<\/strong>, la chaussure de trail running parfaite pour les femmes qui aiment explorer la nature en toute libert\u00e9. Gr\u00e2ce \u00e0 la <strong>mousse FF BLAST PLUS ECO<\/strong>, elle offre un excellent amorti, r\u00e9duisant l&#8217;impact sur les articulations et garantissant un confort durable, m\u00eame pendant les courses les plus longues.<\/p>\n<p>La <strong>semelle ASICSGRIP<\/strong> garantit une adh\u00e9rence exceptionnelle sur tous les types de terrain, que vous couriez sur des surfaces humides, rocailleuses ou boueuses, tandis que la <strong>plaque anti-roche<\/strong> prot\u00e8ge vos pieds des pi\u00e8ges des sentiers les plus difficiles. Chaque pas sera s\u00fbr et stable, sans compromis sur le confort.<\/p>\n<p>Disponible dans plusieurs combinaisons de couleurs \u00e9l\u00e9gantes et dans une large gamme de tailles, la <strong>GEL-TRABUCO 13<\/strong> est l&#8217;alli\u00e9e id\u00e9ale pour toutes les aventures sur les sentiers. Choisissez l&#8217;adh\u00e9rence parfaite, la protection et le confort que seule une chaussure de haute qualit\u00e9 peut offrir.<\/p>\n<p>CARACT\u00c9RISTIQUES :<\/p>\n<div class=\"product-features-section\">\n<ul>\n<li class=\"small-reg\">\n<div class=\"small-bold\">Mousse FF BLAST PLUS ECO<\/div>\n<p>Offre un amorti l\u00e9ger et de haute qualit\u00e9 pour un confort accru.<\/li>\n<li class=\"small-reg\">\n<div class=\"small-bold\">Semelle ext\u00e9rieure en caoutchouc ASICSGRIP\u2122<\/div>\n<p>La semelle ext\u00e9rieure en caoutchouc ASICSGRIP\u2122 offre une adh\u00e9rence avanc\u00e9e sur diff\u00e9rents types de terrain.<\/li>\n<li class=\"small-reg\">\n<div class=\"small-bold\">Plaque anti-roche<\/div>\n<p>Prot\u00e8ge les pieds des rochers et des terrains difficiles sans alourdir la chaussure.<\/li>\n<li class=\"small-reg\">\n<div class=\"small-bold\">Technologie GEL au niveau du talon<\/div>\n<p>Offre un confort maximal et absorbe les chocs pour r\u00e9duire l&#8217;impact.<\/li>\n<li class=\"small-reg\">\n<div class=\"small-bold\">Protection contre le sable<\/div>\n<p>Emp\u00eache les d\u00e9bris de p\u00e9n\u00e9trer dans la chaussure.<\/li>\n<li class=\"small-reg\">\n<div class=\"small-bold\">Semelle int\u00e9rieure en EVA<\/div>\n<p>Am\u00e9liore l&#8217;amorti pour r\u00e9duire l&#8217;impact.<\/li>\n<li class=\"small-reg\">\n<div class=\"small-bold\">Tige en mesh technique<\/div>\n<p>Am\u00e9liore la respirabilit\u00e9 pour garder les pieds au frais<\/li>\n<li class=\"small-reg\">\n<div class=\"small-bold\">Verrouillage du lacet<\/div>\n<p>Permet d&#8217;\u00e9viter que les chaussures ne se d\u00e9la\u00e7ent.<\/li>\n<\/ul>\n<\/div>\n<p><\/div><\/div><\/div>\n","protected":false},"excerpt":{"rendered":"<ul>\n<li>Chaussure de trail id\u00e9ale pour tout type d&#8217;excursion sur les sentiers de montagne.<\/li>\n<li>Super adh\u00e9rent sur les rochers et les terrains plus difficiles.<\/li>\n<\/ul>\n","protected":false},"featured_media":270983,"template":"","meta":{"_acf_changed":false,"inline_featured_image":false},"product_brand":[],"product_cat":[24435,24432],"product_tag":[23560,23668],"class_list":{"0":"post-301338","1":"product","2":"type-product","3":"status-publish","4":"has-post-thumbnail","6":"product_cat-chaussures-pour-femmes-fr","7":"product_cat-trail-fr-2","8":"product_tag-asics-fr","9":"product_tag-asics-femme","10":"pa_attivita-outdoor-fr","11":"pa_attivita-trail-fr","12":"pa_colore-trabuco-13-w-black-nova-orange-fr","13":"pa_colore-trabuco-13-w-black-wild-blossom-fr","14":"pa_colore-trabuco-13-w-lichen-rock-cream-fr","15":"pa_marca-asics-fr","16":"pa_sesso-femme","17":"pa_size-37-5-fr","18":"pa_size-38-fr","19":"pa_size-39-fr","20":"pa_size-39-5-fr","21":"pa_size-40-fr","22":"pa_size-40-5-fr","23":"pa_size-41-5-fr","25":"first","26":"instock","27":"sale","28":"taxable","29":"shipping-taxable","30":"purchasable","31":"product-type-variable","32":"wvs-archive-product-wrapper"},"acf":[],"yoast_head":"<!-- This site is optimized with the Yoast SEO plugin v26.8 - https:\/\/yoast.com\/product\/yoast-seo-wordpress\/ -->\n<title>Asics Gel-Trabuco 13 femme - chaussures de trail - MioMioRun<\/title>\n<meta name=\"description\" content=\"La GEL-TRABUCO 13 offre un maximum de confort et d&#039;adh\u00e9rence. La semelle ASICSGRIP et la plaque anti-roche permettent de courir en toute s\u00e9curit\u00e9 sur les sentiers.\" \/>\n<meta name=\"robots\" content=\"index, follow, max-snippet:-1, max-image-preview:large, max-video-preview:-1\" \/>\n<link rel=\"canonical\" href=\"https:\/\/www.miomiorun.com\/fr\/produit\/gel-trabuco-13-femme\/\" \/>\n<meta property=\"og:locale\" content=\"fr_FR\" \/>\n<meta property=\"og:type\" content=\"article\" \/>\n<meta property=\"og:title\" content=\"Asics Gel-Trabuco 13 femme - chaussures de trail - MioMioRun\" \/>\n<meta property=\"og:description\" content=\"La GEL-TRABUCO 13 offre un maximum de confort et d&#039;adh\u00e9rence. La semelle ASICSGRIP et la plaque anti-roche permettent de courir en toute s\u00e9curit\u00e9 sur les sentiers.\" \/>\n<meta property=\"og:url\" content=\"https:\/\/www.miomiorun.com\/fr\/produit\/gel-trabuco-13-femme\/\" \/>\n<meta property=\"og:site_name\" content=\"MioMioRun\" \/>\n<meta property=\"article:publisher\" content=\"https:\/\/www.facebook.com\/miomiorun\/\" \/>\n<meta property=\"article:modified_time\" content=\"2026-04-17T12:08:46+00:00\" \/>\n<meta property=\"og:image\" content=\"https:\/\/www.miomiorun.com\/app\/uploads\/2025\/04\/asics-Trabuco-13-W-purple-oxid-cold-moss-1012B768-500.webp\" \/>\n\t<meta property=\"og:image:width\" content=\"600\" \/>\n\t<meta property=\"og:image:height\" content=\"600\" \/>\n\t<meta property=\"og:image:type\" content=\"image\/webp\" \/>\n<meta name=\"twitter:card\" content=\"summary_large_image\" \/>\n<meta name=\"twitter:label1\" content=\"Est. reading time\" \/>\n\t<meta name=\"twitter:data1\" content=\"2 minutes\" \/>\n<script type=\"application\/ld+json\" class=\"yoast-schema-graph\">{\"@context\":\"https:\/\/schema.org\",\"@graph\":[{\"@type\":\"WebPage\",\"@id\":\"https:\/\/www.miomiorun.com\/fr\/produit\/gel-trabuco-13-femme\/\",\"url\":\"https:\/\/www.miomiorun.com\/fr\/produit\/gel-trabuco-13-femme\/\",\"name\":\"Asics Gel-Trabuco 13 femme - chaussures de trail - MioMioRun\",\"isPartOf\":{\"@id\":\"https:\/\/www.miomiorun.com\/fr\/#website\"},\"primaryImageOfPage\":{\"@id\":\"https:\/\/www.miomiorun.com\/fr\/produit\/gel-trabuco-13-femme\/#primaryimage\"},\"image\":{\"@id\":\"https:\/\/www.miomiorun.com\/fr\/produit\/gel-trabuco-13-femme\/#primaryimage\"},\"thumbnailUrl\":\"https:\/\/www.miomiorun.com\/app\/uploads\/2025\/04\/asics-Trabuco-13-W-purple-oxid-cold-moss-1012B768-500.webp\",\"datePublished\":\"2025-04-02T08:45:24+00:00\",\"dateModified\":\"2026-04-17T12:08:46+00:00\",\"description\":\"La GEL-TRABUCO 13 offre un maximum de confort et d'adh\u00e9rence. La semelle ASICSGRIP et la plaque anti-roche permettent de courir en toute s\u00e9curit\u00e9 sur les sentiers.\",\"breadcrumb\":{\"@id\":\"https:\/\/www.miomiorun.com\/fr\/produit\/gel-trabuco-13-femme\/#breadcrumb\"},\"inLanguage\":\"fr-FR\",\"potentialAction\":[{\"@type\":\"ReadAction\",\"target\":[\"https:\/\/www.miomiorun.com\/fr\/produit\/gel-trabuco-13-femme\/\"]}]},{\"@type\":\"ImageObject\",\"inLanguage\":\"fr-FR\",\"@id\":\"https:\/\/www.miomiorun.com\/fr\/produit\/gel-trabuco-13-femme\/#primaryimage\",\"url\":\"https:\/\/www.miomiorun.com\/app\/uploads\/2025\/04\/asics-Trabuco-13-W-purple-oxid-cold-moss-1012B768-500.webp\",\"contentUrl\":\"https:\/\/www.miomiorun.com\/app\/uploads\/2025\/04\/asics-Trabuco-13-W-purple-oxid-cold-moss-1012B768-500.webp\",\"width\":600,\"height\":600,\"caption\":\"asics Trabuco 13 W purple oxid cold moss 1012B768 500\"},{\"@type\":\"BreadcrumbList\",\"@id\":\"https:\/\/www.miomiorun.com\/fr\/produit\/gel-trabuco-13-femme\/#breadcrumb\",\"itemListElement\":[{\"@type\":\"ListItem\",\"position\":1,\"name\":\"Home\",\"item\":\"https:\/\/www.miomiorun.com\/fr\/home-page\/\"},{\"@type\":\"ListItem\",\"position\":2,\"name\":\"Shop\",\"item\":\"https:\/\/www.miomiorun.com\/shop\/\"},{\"@type\":\"ListItem\",\"position\":3,\"name\":\"Gel-Trabuco 13 femme\"}]},{\"@type\":\"WebSite\",\"@id\":\"https:\/\/www.miomiorun.com\/fr\/#website\",\"url\":\"https:\/\/www.miomiorun.com\/fr\/\",\"name\":\"MioMioRun\",\"description\":\"Boutique 100% running et trail\",\"publisher\":{\"@id\":\"https:\/\/www.miomiorun.com\/fr\/#organization\"},\"potentialAction\":[{\"@type\":\"SearchAction\",\"target\":{\"@type\":\"EntryPoint\",\"urlTemplate\":\"https:\/\/www.miomiorun.com\/fr\/?s={search_term_string}\"},\"query-input\":{\"@type\":\"PropertyValueSpecification\",\"valueRequired\":true,\"valueName\":\"search_term_string\"}}],\"inLanguage\":\"fr-FR\"},{\"@type\":\"Organization\",\"@id\":\"https:\/\/www.miomiorun.com\/fr\/#organization\",\"name\":\"MioMio Run\",\"url\":\"https:\/\/www.miomiorun.com\/fr\/\",\"logo\":{\"@type\":\"ImageObject\",\"inLanguage\":\"fr-FR\",\"@id\":\"https:\/\/www.miomiorun.com\/fr\/#\/schema\/logo\/image\/\",\"url\":\"https:\/\/www.miomiorun.com\/app\/uploads\/2019\/12\/logomio.png\",\"contentUrl\":\"https:\/\/www.miomiorun.com\/app\/uploads\/2019\/12\/logomio.png\",\"width\":115,\"height\":82,\"caption\":\"MioMio Run\"},\"image\":{\"@id\":\"https:\/\/www.miomiorun.com\/fr\/#\/schema\/logo\/image\/\"},\"sameAs\":[\"https:\/\/www.facebook.com\/miomiorun\/\",\"https:\/\/www.instagram.com\/miomiorun\/\"]}]}<\/script>\n<!-- \/ Yoast SEO plugin. -->","yoast_head_json":{"title":"Asics Gel-Trabuco 13 femme - chaussures de trail - MioMioRun","description":"La GEL-TRABUCO 13 offre un maximum de confort et d'adh\u00e9rence. La semelle ASICSGRIP et la plaque anti-roche permettent de courir en toute s\u00e9curit\u00e9 sur les sentiers.","robots":{"index":"index","follow":"follow","max-snippet":"max-snippet:-1","max-image-preview":"max-image-preview:large","max-video-preview":"max-video-preview:-1"},"canonical":"https:\/\/www.miomiorun.com\/fr\/produit\/gel-trabuco-13-femme\/","og_locale":"fr_FR","og_type":"article","og_title":"Asics Gel-Trabuco 13 femme - chaussures de trail - MioMioRun","og_description":"La GEL-TRABUCO 13 offre un maximum de confort et d'adh\u00e9rence. La semelle ASICSGRIP et la plaque anti-roche permettent de courir en toute s\u00e9curit\u00e9 sur les sentiers.","og_url":"https:\/\/www.miomiorun.com\/fr\/produit\/gel-trabuco-13-femme\/","og_site_name":"MioMioRun","article_publisher":"https:\/\/www.facebook.com\/miomiorun\/","article_modified_time":"2026-04-17T12:08:46+00:00","og_image":[{"width":600,"height":600,"url":"https:\/\/www.miomiorun.com\/app\/uploads\/2025\/04\/asics-Trabuco-13-W-purple-oxid-cold-moss-1012B768-500.webp","type":"image\/webp"}],"twitter_card":"summary_large_image","twitter_misc":{"Est. reading time":"2 minutes"},"schema":{"@context":"https:\/\/schema.org","@graph":[{"@type":"WebPage","@id":"https:\/\/www.miomiorun.com\/fr\/produit\/gel-trabuco-13-femme\/","url":"https:\/\/www.miomiorun.com\/fr\/produit\/gel-trabuco-13-femme\/","name":"Asics Gel-Trabuco 13 femme - chaussures de trail - MioMioRun","isPartOf":{"@id":"https:\/\/www.miomiorun.com\/fr\/#website"},"primaryImageOfPage":{"@id":"https:\/\/www.miomiorun.com\/fr\/produit\/gel-trabuco-13-femme\/#primaryimage"},"image":{"@id":"https:\/\/www.miomiorun.com\/fr\/produit\/gel-trabuco-13-femme\/#primaryimage"},"thumbnailUrl":"https:\/\/www.miomiorun.com\/app\/uploads\/2025\/04\/asics-Trabuco-13-W-purple-oxid-cold-moss-1012B768-500.webp","datePublished":"2025-04-02T08:45:24+00:00","dateModified":"2026-04-17T12:08:46+00:00","description":"La GEL-TRABUCO 13 offre un maximum de confort et d'adh\u00e9rence. La semelle ASICSGRIP et la plaque anti-roche permettent de courir en toute s\u00e9curit\u00e9 sur les sentiers.","breadcrumb":{"@id":"https:\/\/www.miomiorun.com\/fr\/produit\/gel-trabuco-13-femme\/#breadcrumb"},"inLanguage":"fr-FR","potentialAction":[{"@type":"ReadAction","target":["https:\/\/www.miomiorun.com\/fr\/produit\/gel-trabuco-13-femme\/"]}]},{"@type":"ImageObject","inLanguage":"fr-FR","@id":"https:\/\/www.miomiorun.com\/fr\/produit\/gel-trabuco-13-femme\/#primaryimage","url":"https:\/\/www.miomiorun.com\/app\/uploads\/2025\/04\/asics-Trabuco-13-W-purple-oxid-cold-moss-1012B768-500.webp","contentUrl":"https:\/\/www.miomiorun.com\/app\/uploads\/2025\/04\/asics-Trabuco-13-W-purple-oxid-cold-moss-1012B768-500.webp","width":600,"height":600,"caption":"asics Trabuco 13 W purple oxid cold moss 1012B768 500"},{"@type":"BreadcrumbList","@id":"https:\/\/www.miomiorun.com\/fr\/produit\/gel-trabuco-13-femme\/#breadcrumb","itemListElement":[{"@type":"ListItem","position":1,"name":"Home","item":"https:\/\/www.miomiorun.com\/fr\/home-page\/"},{"@type":"ListItem","position":2,"name":"Shop","item":"https:\/\/www.miomiorun.com\/shop\/"},{"@type":"ListItem","position":3,"name":"Gel-Trabuco 13 femme"}]},{"@type":"WebSite","@id":"https:\/\/www.miomiorun.com\/fr\/#website","url":"https:\/\/www.miomiorun.com\/fr\/","name":"MioMioRun","description":"Boutique 100% running et trail","publisher":{"@id":"https:\/\/www.miomiorun.com\/fr\/#organization"},"potentialAction":[{"@type":"SearchAction","target":{"@type":"EntryPoint","urlTemplate":"https:\/\/www.miomiorun.com\/fr\/?s={search_term_string}"},"query-input":{"@type":"PropertyValueSpecification","valueRequired":true,"valueName":"search_term_string"}}],"inLanguage":"fr-FR"},{"@type":"Organization","@id":"https:\/\/www.miomiorun.com\/fr\/#organization","name":"MioMio Run","url":"https:\/\/www.miomiorun.com\/fr\/","logo":{"@type":"ImageObject","inLanguage":"fr-FR","@id":"https:\/\/www.miomiorun.com\/fr\/#\/schema\/logo\/image\/","url":"https:\/\/www.miomiorun.com\/app\/uploads\/2019\/12\/logomio.png","contentUrl":"https:\/\/www.miomiorun.com\/app\/uploads\/2019\/12\/logomio.png","width":115,"height":82,"caption":"MioMio Run"},"image":{"@id":"https:\/\/www.miomiorun.com\/fr\/#\/schema\/logo\/image\/"},"sameAs":["https:\/\/www.facebook.com\/miomiorun\/","https:\/\/www.instagram.com\/miomiorun\/"]}]}},"_links":{"self":[{"href":"https:\/\/www.miomiorun.com\/fr\/wp-json\/wp\/v2\/product\/301338","targetHints":{"allow":["GET"]}}],"collection":[{"href":"https:\/\/www.miomiorun.com\/fr\/wp-json\/wp\/v2\/product"}],"about":[{"href":"https:\/\/www.miomiorun.com\/fr\/wp-json\/wp\/v2\/types\/product"}],"wp:featuredmedia":[{"embeddable":true,"href":"https:\/\/www.miomiorun.com\/fr\/wp-json\/wp\/v2\/media\/270983"}],"wp:attachment":[{"href":"https:\/\/www.miomiorun.com\/fr\/wp-json\/wp\/v2\/media?parent=301338"}],"wp:term":[{"taxonomy":"product_brand","embeddable":true,"href":"https:\/\/www.miomiorun.com\/fr\/wp-json\/wp\/v2\/product_brand?post=301338"},{"taxonomy":"product_cat","embeddable":true,"href":"https:\/\/www.miomiorun.com\/fr\/wp-json\/wp\/v2\/product_cat?post=301338"},{"taxonomy":"product_tag","embeddable":true,"href":"https:\/\/www.miomiorun.com\/fr\/wp-json\/wp\/v2\/product_tag?post=301338"}],"curies":[{"name":"wp","href":"https:\/\/api.w.org\/{rel}","templated":true}]}}