{"id":301331,"date":"2025-04-02T11:25:23","date_gmt":"2025-04-02T09:25:23","guid":{"rendered":"https:\/\/miomiorun.com\/prodotto\/novablast-5-tr-donna\/"},"modified":"2026-05-08T22:41:12","modified_gmt":"2026-05-08T20:41:12","slug":"novablast-5-tr-femme","status":"publish","type":"product","link":"https:\/\/www.miomiorun.com\/fr\/produit\/novablast-5-tr-femme\/","title":{"rendered":"Novablast 5 TR femme"},"content":{"rendered":"<div class=\"vc-row container\"><div class=\"vc-column\"><div class=\"vc-column-text\"><\/p>\n<h4>Caract\u00e9ristiques techniques<\/h4>\n<p>Cat\u00e9gorie : Amortissement r\u00e9actif<br \/>\nD\u00e9calage : 8mm<br \/>\nPoids : 219 g<br \/>\nId\u00e9ale pour : les athl\u00e8tes rapides et les entra\u00eenements de course, gr\u00e2ce \u00e0 son amorti souple et r\u00e9actif, elle convient \u00e9galement aux athl\u00e8tes moins performants qui recherchent une chaussure r\u00e9active pour des s\u00e9ances d&#8217;entra\u00eenement courtes \u00e0 moyennes.<br \/>\nPoids de l&#8217;athl\u00e8te : &gt;50 kg<br \/>\nAllure de course : &gt; 4.30 min \/ km<br \/>\n<a href=\"https:\/\/miomiorun.com\/fr\/guide-des-specificites\/\">Guide de sp\u00e9cification<\/a><\/p>\n<p><\/div><\/div><div class=\"vc-column\"><div class=\"vc-column-text\"><\/p>\n<div class=\"desc_block short\">\n<p>Avec une bande de roulement plus profonde qui le rend parfait sur l&#8217;asphalte et les pistes dam\u00e9es.<\/p>\n<\/div>\n<div class=\"desc_block noshow\">\n<p>D\u00e9tails :<\/p>\n<ul>\n<li>Version TR (Traction) dot\u00e9e d&#8217;une bande de roulement plus profonde et plus adh\u00e9rente qui la rend adapt\u00e9e aux s\u00e9ances de course sur asphalte et sur sentiers dam\u00e9s.<\/li>\n<li>Plus fiables que le mod\u00e8le pr\u00e9c\u00e9dent, elles sont id\u00e9ales pour ceux qui recherchent l&#8217;\u00e9quilibre parfait entre r\u00e9activit\u00e9 et amorti pour les s\u00e9ances d&#8217;entra\u00eenement et les comp\u00e9titions.<\/li>\n<li>Tige en Engineered Woven Mesh d&#8217;une seule pi\u00e8ce, l\u00e9g\u00e8re, extensible et confortable, qui enveloppe parfaitement le pied pour un ajustement personnalis\u00e9 et une respirabilit\u00e9 accrue, notamment gr\u00e2ce aux trous situ\u00e9s \u00e0 l&#8217;avant-pied.<\/li>\n<li>Semelle interm\u00e9diaire en FLYTEFOAM Blast+ ECO compound, compos\u00e9e d&#8217;au moins 20 % de mat\u00e9riaux recycl\u00e9s, garantissant un amorti et un retour d&#8217;\u00e9nergie maximums.<\/li>\n<li>G\u00e9om\u00e9trie actualis\u00e9e avec une zone du talon plus structur\u00e9e et un avant-pied plus large pour une meilleure stabilit\u00e9.<\/li>\n<li>Bande de roulement AHAR avec une densit\u00e9 plus faible dans les zones strat\u00e9giques pour une plus grande durabilit\u00e9.<\/li>\n<li>Insertions plus solides et cousues lat\u00e9ralement sur la tige qui aident le pied \u00e0 rester en place, en particulier lors des changements de direction.<\/li>\n<li>Syst\u00e8me de la\u00e7age avec \u0153illets TPU et lacets plats<\/li>\n<li>Zone du talon avec stabilisateur \u00e0 la base et \u00e0 l&#8217;arri\u00e8re, plus solide tout en restant flexible, permettant de soutenir le pied et d&#8217;assurer une foul\u00e9e plus \u00e9quilibr\u00e9e.<\/li>\n<li>Languette fine, large et partiellement int\u00e9gr\u00e9e<\/li>\n<li>Col \u00e9tendu et rembourr\u00e9 \u00e0 l&#8217;arri\u00e8re qui soutient le tendon d&#8217;Achille<\/li>\n<li>Gousset au dos pour faciliter l&#8217;ajustement<\/li>\n<li>D\u00e9tails r\u00e9fl\u00e9chissants<\/li>\n<li>Semelle int\u00e9rieure moul\u00e9e amovible<\/li>\n<\/ul>\n<\/div>\n<div class=\"desc_block noshow\">\n<p><strong>AHAR<\/strong><br \/>\nLe caoutchouc AHAR (Asics High Abrasion Resistance Rubber) est un caoutchouc composite dur utilis\u00e9 dans les zones de la semelle o\u00f9 l&#8217;impact est le plus fort, comme le talon.<\/p>\n<\/div>\n<div class=\"desc_block noshow\">\n<p><strong>AHAR+<\/strong><br \/>\nUne version plus fine et plus l\u00e9g\u00e8re, mais particuli\u00e8rement durable, du caoutchouc AHAR, plac\u00e9e dans les zones d&#8217;impact les plus \u00e9lev\u00e9es de la semelle pour r\u00e9duire l&#8217;usure excessive.<\/p>\n<\/div>\n<div class=\"desc_block noshow\">\n<p><strong>FlyteFoam<\/strong><br \/>\nFlyteFoam est une nouvelle g\u00e9n\u00e9ration d&#8217;amorti l\u00e9ger et durable. La formule innovante de la mousse comprend une combinaison de mat\u00e9riaux qui augmentent la r\u00e9activit\u00e9 au d\u00e9collage avec un effet de boost perceptible.<\/p>\n<\/div>\n<div class=\"desc_block noshow\">\n<p><strong>D\u00e9veloppement durable<\/strong><br \/>\nFabriqu\u00e9 en partie \u00e0 partir de mat\u00e9riaux recycl\u00e9s, ce produit s&#8217;inscrit dans la continuit\u00e9 de l&#8217;engagement d&#8217;Asics en faveur du d\u00e9veloppement durable en l\u00e9guant une plan\u00e8te saine aux g\u00e9n\u00e9rations futures.<\/p>\n<\/div>\n<p><\/div><\/div><\/div>\n","protected":false},"excerpt":{"rendered":"<ul class=\"m-long-description__features\">\n<li class=\"m-long-description__feature\">l\u00e9ger, r\u00e9actif et tr\u00e8s doux.<\/li>\n<li class=\"m-long-description__feature\">Transitions rapides.<\/li>\n<\/ul>\n","protected":false},"featured_media":421162,"template":"","meta":{"_acf_changed":false,"inline_featured_image":false},"product_brand":[],"product_cat":[22605,22606],"product_tag":[23560,23668],"class_list":{"0":"post-301331","1":"product","2":"type-product","3":"status-publish","4":"has-post-thumbnail","6":"product_cat-chaussures-pour-femmes","7":"product_cat-neutre","8":"product_tag-asics-fr","9":"product_tag-asics-femme","10":"pa_attivita-lifestyle-fr","11":"pa_attivita-running-fr","12":"pa_colore-novablast-5-tr-w-light-dust-cacti","13":"pa_marca-asics-fr","14":"pa_sesso-femme","15":"pa_size-38-fr","16":"pa_size-39-fr","17":"pa_size-39-5-fr","18":"pa_size-40-fr","19":"pa_size-40-5-fr","20":"pa_size-41-5-fr","22":"first","23":"instock","24":"sale","25":"taxable","26":"shipping-taxable","27":"purchasable","28":"product-type-variable","29":"wvs-archive-product-wrapper"},"acf":[],"yoast_head":"<!-- This site is optimized with the Yoast SEO plugin v26.8 - https:\/\/yoast.com\/product\/yoast-seo-wordpress\/ -->\n<title>Asics Novablast 5 TR femme - chaussures de course - MioMioRun .com<\/title>\n<meta name=\"description\" content=\"La NOVABLAST 5 TR est un excellent choix pour ceux qui veulent une chaussure plus r\u00e9active sans sacrifier l&#039;adh\u00e9rence au sol. D\u00e9couvrez-la avec nous\" \/>\n<meta name=\"robots\" content=\"index, follow, max-snippet:-1, max-image-preview:large, max-video-preview:-1\" \/>\n<link rel=\"canonical\" href=\"https:\/\/www.miomiorun.com\/fr\/produit\/novablast-5-tr-femme\/\" \/>\n<meta property=\"og:locale\" content=\"fr_FR\" \/>\n<meta property=\"og:type\" content=\"article\" \/>\n<meta property=\"og:title\" content=\"Asics Novablast 5 TR femme - chaussures de course - MioMioRun .com\" \/>\n<meta property=\"og:description\" content=\"La NOVABLAST 5 TR est un excellent choix pour ceux qui veulent une chaussure plus r\u00e9active sans sacrifier l&#039;adh\u00e9rence au sol. D\u00e9couvrez-la avec nous\" \/>\n<meta property=\"og:url\" content=\"https:\/\/www.miomiorun.com\/fr\/produit\/novablast-5-tr-femme\/\" \/>\n<meta property=\"og:site_name\" content=\"MioMioRun\" \/>\n<meta property=\"article:publisher\" content=\"https:\/\/www.facebook.com\/miomiorun\/\" \/>\n<meta property=\"article:modified_time\" content=\"2026-05-08T20:41:12+00:00\" \/>\n<meta property=\"og:image\" content=\"https:\/\/www.miomiorun.com\/app\/uploads\/2026\/03\/asics-Novablast-5-TR-W-light-dust-cacti-1012B983-020.webp\" \/>\n\t<meta property=\"og:image:width\" content=\"720\" \/>\n\t<meta property=\"og:image:height\" content=\"720\" \/>\n\t<meta property=\"og:image:type\" content=\"image\/webp\" \/>\n<meta name=\"twitter:card\" content=\"summary_large_image\" \/>\n<meta name=\"twitter:label1\" content=\"Est. reading time\" \/>\n\t<meta name=\"twitter:data1\" content=\"3 minutes\" \/>\n<script type=\"application\/ld+json\" class=\"yoast-schema-graph\">{\"@context\":\"https:\/\/schema.org\",\"@graph\":[{\"@type\":\"WebPage\",\"@id\":\"https:\/\/www.miomiorun.com\/fr\/produit\/novablast-5-tr-femme\/\",\"url\":\"https:\/\/www.miomiorun.com\/fr\/produit\/novablast-5-tr-femme\/\",\"name\":\"Asics Novablast 5 TR femme - chaussures de course - MioMioRun .com\",\"isPartOf\":{\"@id\":\"https:\/\/www.miomiorun.com\/fr\/#website\"},\"primaryImageOfPage\":{\"@id\":\"https:\/\/www.miomiorun.com\/fr\/produit\/novablast-5-tr-femme\/#primaryimage\"},\"image\":{\"@id\":\"https:\/\/www.miomiorun.com\/fr\/produit\/novablast-5-tr-femme\/#primaryimage\"},\"thumbnailUrl\":\"https:\/\/www.miomiorun.com\/app\/uploads\/2026\/03\/asics-Novablast-5-TR-W-light-dust-cacti-1012B983-020.webp\",\"datePublished\":\"2025-04-02T09:25:23+00:00\",\"dateModified\":\"2026-05-08T20:41:12+00:00\",\"description\":\"La NOVABLAST 5 TR est un excellent choix pour ceux qui veulent une chaussure plus r\u00e9active sans sacrifier l'adh\u00e9rence au sol. D\u00e9couvrez-la avec nous\",\"breadcrumb\":{\"@id\":\"https:\/\/www.miomiorun.com\/fr\/produit\/novablast-5-tr-femme\/#breadcrumb\"},\"inLanguage\":\"fr-FR\",\"potentialAction\":[{\"@type\":\"ReadAction\",\"target\":[\"https:\/\/www.miomiorun.com\/fr\/produit\/novablast-5-tr-femme\/\"]}]},{\"@type\":\"ImageObject\",\"inLanguage\":\"fr-FR\",\"@id\":\"https:\/\/www.miomiorun.com\/fr\/produit\/novablast-5-tr-femme\/#primaryimage\",\"url\":\"https:\/\/www.miomiorun.com\/app\/uploads\/2026\/03\/asics-Novablast-5-TR-W-light-dust-cacti-1012B983-020.webp\",\"contentUrl\":\"https:\/\/www.miomiorun.com\/app\/uploads\/2026\/03\/asics-Novablast-5-TR-W-light-dust-cacti-1012B983-020.webp\",\"width\":720,\"height\":720,\"caption\":\"asics Novablast 5 TR W light dust cacti 1012B983 020\"},{\"@type\":\"BreadcrumbList\",\"@id\":\"https:\/\/www.miomiorun.com\/fr\/produit\/novablast-5-tr-femme\/#breadcrumb\",\"itemListElement\":[{\"@type\":\"ListItem\",\"position\":1,\"name\":\"Home\",\"item\":\"https:\/\/www.miomiorun.com\/fr\/home-page\/\"},{\"@type\":\"ListItem\",\"position\":2,\"name\":\"Shop\",\"item\":\"https:\/\/www.miomiorun.com\/shop\/\"},{\"@type\":\"ListItem\",\"position\":3,\"name\":\"Novablast 5 TR femme\"}]},{\"@type\":\"WebSite\",\"@id\":\"https:\/\/www.miomiorun.com\/fr\/#website\",\"url\":\"https:\/\/www.miomiorun.com\/fr\/\",\"name\":\"MioMioRun\",\"description\":\"Boutique 100% running et trail\",\"publisher\":{\"@id\":\"https:\/\/www.miomiorun.com\/fr\/#organization\"},\"potentialAction\":[{\"@type\":\"SearchAction\",\"target\":{\"@type\":\"EntryPoint\",\"urlTemplate\":\"https:\/\/www.miomiorun.com\/fr\/?s={search_term_string}\"},\"query-input\":{\"@type\":\"PropertyValueSpecification\",\"valueRequired\":true,\"valueName\":\"search_term_string\"}}],\"inLanguage\":\"fr-FR\"},{\"@type\":\"Organization\",\"@id\":\"https:\/\/www.miomiorun.com\/fr\/#organization\",\"name\":\"MioMio Run\",\"url\":\"https:\/\/www.miomiorun.com\/fr\/\",\"logo\":{\"@type\":\"ImageObject\",\"inLanguage\":\"fr-FR\",\"@id\":\"https:\/\/www.miomiorun.com\/fr\/#\/schema\/logo\/image\/\",\"url\":\"https:\/\/www.miomiorun.com\/app\/uploads\/2019\/12\/logomio.png\",\"contentUrl\":\"https:\/\/www.miomiorun.com\/app\/uploads\/2019\/12\/logomio.png\",\"width\":115,\"height\":82,\"caption\":\"MioMio Run\"},\"image\":{\"@id\":\"https:\/\/www.miomiorun.com\/fr\/#\/schema\/logo\/image\/\"},\"sameAs\":[\"https:\/\/www.facebook.com\/miomiorun\/\",\"https:\/\/www.instagram.com\/miomiorun\/\"]}]}<\/script>\n<!-- \/ Yoast SEO plugin. -->","yoast_head_json":{"title":"Asics Novablast 5 TR femme - chaussures de course - MioMioRun .com","description":"La NOVABLAST 5 TR est un excellent choix pour ceux qui veulent une chaussure plus r\u00e9active sans sacrifier l'adh\u00e9rence au sol. D\u00e9couvrez-la avec nous","robots":{"index":"index","follow":"follow","max-snippet":"max-snippet:-1","max-image-preview":"max-image-preview:large","max-video-preview":"max-video-preview:-1"},"canonical":"https:\/\/www.miomiorun.com\/fr\/produit\/novablast-5-tr-femme\/","og_locale":"fr_FR","og_type":"article","og_title":"Asics Novablast 5 TR femme - chaussures de course - MioMioRun .com","og_description":"La NOVABLAST 5 TR est un excellent choix pour ceux qui veulent une chaussure plus r\u00e9active sans sacrifier l'adh\u00e9rence au sol. D\u00e9couvrez-la avec nous","og_url":"https:\/\/www.miomiorun.com\/fr\/produit\/novablast-5-tr-femme\/","og_site_name":"MioMioRun","article_publisher":"https:\/\/www.facebook.com\/miomiorun\/","article_modified_time":"2026-05-08T20:41:12+00:00","og_image":[{"width":720,"height":720,"url":"https:\/\/www.miomiorun.com\/app\/uploads\/2026\/03\/asics-Novablast-5-TR-W-light-dust-cacti-1012B983-020.webp","type":"image\/webp"}],"twitter_card":"summary_large_image","twitter_misc":{"Est. reading time":"3 minutes"},"schema":{"@context":"https:\/\/schema.org","@graph":[{"@type":"WebPage","@id":"https:\/\/www.miomiorun.com\/fr\/produit\/novablast-5-tr-femme\/","url":"https:\/\/www.miomiorun.com\/fr\/produit\/novablast-5-tr-femme\/","name":"Asics Novablast 5 TR femme - chaussures de course - MioMioRun .com","isPartOf":{"@id":"https:\/\/www.miomiorun.com\/fr\/#website"},"primaryImageOfPage":{"@id":"https:\/\/www.miomiorun.com\/fr\/produit\/novablast-5-tr-femme\/#primaryimage"},"image":{"@id":"https:\/\/www.miomiorun.com\/fr\/produit\/novablast-5-tr-femme\/#primaryimage"},"thumbnailUrl":"https:\/\/www.miomiorun.com\/app\/uploads\/2026\/03\/asics-Novablast-5-TR-W-light-dust-cacti-1012B983-020.webp","datePublished":"2025-04-02T09:25:23+00:00","dateModified":"2026-05-08T20:41:12+00:00","description":"La NOVABLAST 5 TR est un excellent choix pour ceux qui veulent une chaussure plus r\u00e9active sans sacrifier l'adh\u00e9rence au sol. D\u00e9couvrez-la avec nous","breadcrumb":{"@id":"https:\/\/www.miomiorun.com\/fr\/produit\/novablast-5-tr-femme\/#breadcrumb"},"inLanguage":"fr-FR","potentialAction":[{"@type":"ReadAction","target":["https:\/\/www.miomiorun.com\/fr\/produit\/novablast-5-tr-femme\/"]}]},{"@type":"ImageObject","inLanguage":"fr-FR","@id":"https:\/\/www.miomiorun.com\/fr\/produit\/novablast-5-tr-femme\/#primaryimage","url":"https:\/\/www.miomiorun.com\/app\/uploads\/2026\/03\/asics-Novablast-5-TR-W-light-dust-cacti-1012B983-020.webp","contentUrl":"https:\/\/www.miomiorun.com\/app\/uploads\/2026\/03\/asics-Novablast-5-TR-W-light-dust-cacti-1012B983-020.webp","width":720,"height":720,"caption":"asics Novablast 5 TR W light dust cacti 1012B983 020"},{"@type":"BreadcrumbList","@id":"https:\/\/www.miomiorun.com\/fr\/produit\/novablast-5-tr-femme\/#breadcrumb","itemListElement":[{"@type":"ListItem","position":1,"name":"Home","item":"https:\/\/www.miomiorun.com\/fr\/home-page\/"},{"@type":"ListItem","position":2,"name":"Shop","item":"https:\/\/www.miomiorun.com\/shop\/"},{"@type":"ListItem","position":3,"name":"Novablast 5 TR femme"}]},{"@type":"WebSite","@id":"https:\/\/www.miomiorun.com\/fr\/#website","url":"https:\/\/www.miomiorun.com\/fr\/","name":"MioMioRun","description":"Boutique 100% running et trail","publisher":{"@id":"https:\/\/www.miomiorun.com\/fr\/#organization"},"potentialAction":[{"@type":"SearchAction","target":{"@type":"EntryPoint","urlTemplate":"https:\/\/www.miomiorun.com\/fr\/?s={search_term_string}"},"query-input":{"@type":"PropertyValueSpecification","valueRequired":true,"valueName":"search_term_string"}}],"inLanguage":"fr-FR"},{"@type":"Organization","@id":"https:\/\/www.miomiorun.com\/fr\/#organization","name":"MioMio Run","url":"https:\/\/www.miomiorun.com\/fr\/","logo":{"@type":"ImageObject","inLanguage":"fr-FR","@id":"https:\/\/www.miomiorun.com\/fr\/#\/schema\/logo\/image\/","url":"https:\/\/www.miomiorun.com\/app\/uploads\/2019\/12\/logomio.png","contentUrl":"https:\/\/www.miomiorun.com\/app\/uploads\/2019\/12\/logomio.png","width":115,"height":82,"caption":"MioMio Run"},"image":{"@id":"https:\/\/www.miomiorun.com\/fr\/#\/schema\/logo\/image\/"},"sameAs":["https:\/\/www.facebook.com\/miomiorun\/","https:\/\/www.instagram.com\/miomiorun\/"]}]}},"_links":{"self":[{"href":"https:\/\/www.miomiorun.com\/fr\/wp-json\/wp\/v2\/product\/301331","targetHints":{"allow":["GET"]}}],"collection":[{"href":"https:\/\/www.miomiorun.com\/fr\/wp-json\/wp\/v2\/product"}],"about":[{"href":"https:\/\/www.miomiorun.com\/fr\/wp-json\/wp\/v2\/types\/product"}],"wp:featuredmedia":[{"embeddable":true,"href":"https:\/\/www.miomiorun.com\/fr\/wp-json\/wp\/v2\/media\/421162"}],"wp:attachment":[{"href":"https:\/\/www.miomiorun.com\/fr\/wp-json\/wp\/v2\/media?parent=301331"}],"wp:term":[{"taxonomy":"product_brand","embeddable":true,"href":"https:\/\/www.miomiorun.com\/fr\/wp-json\/wp\/v2\/product_brand?post=301331"},{"taxonomy":"product_cat","embeddable":true,"href":"https:\/\/www.miomiorun.com\/fr\/wp-json\/wp\/v2\/product_cat?post=301331"},{"taxonomy":"product_tag","embeddable":true,"href":"https:\/\/www.miomiorun.com\/fr\/wp-json\/wp\/v2\/product_tag?post=301331"}],"curies":[{"name":"wp","href":"https:\/\/api.w.org\/{rel}","templated":true}]}}