{"id":301299,"date":"2025-04-03T11:35:25","date_gmt":"2025-04-03T09:35:25","guid":{"rendered":"https:\/\/miomiorun.com\/prodotto\/elite-3-split-short-uomo\/"},"modified":"2026-05-08T22:41:07","modified_gmt":"2026-05-08T20:41:07","slug":"elite-3-split-short-homme","status":"publish","type":"product","link":"https:\/\/www.miomiorun.com\/fr\/produit\/elite-3-split-short-homme\/","title":{"rendered":"Elite 3&#8243; split short homme"},"content":{"rendered":"<p>Le fiable short de course Elite 3&#8243; split est arriv\u00e9. Gr\u00e2ce \u00e0 l&#8217;aide de plusieurs athl\u00e8tes professionnels qui ont soutenu l&#8217;entreprise dans la conception, ce short, au design essentiel et fabriqu\u00e9 dans des mat\u00e9riaux l\u00e9gers, est id\u00e9al pour les courses et les entra\u00eenements de vitesse.<\/p>\n<p>Il est dot\u00e9 d&#8217;une coupe SEMI-ADHERENTE, ce qui signifie qu&#8217;il reste bien ajust\u00e9 tout en permettant une grande libert\u00e9 de mouvement.<\/p>\n<h3 class=\"a-type-h6--big m-long-description__label u-spacing-x-small--bottom\">Id\u00e9al pour :<\/h3>\n<div class=\"m-long-description__best-for-icon\" aria-hidden=\"true\"><img loading=\"lazy\" decoding=\"async\" class=\"a-responsive-image__img\" src=\"https:\/\/www.brooksrunning.com\/on\/demandware.static\/-\/Sites-brooks-master-catalog\/default\/dwd2111c8d\/specs\/PDP-BestFor-FTW-Race.svg\" alt=\"\" width=\"129\" height=\"129\" \/><\/div>\n<div class=\"m-long-description__best-for-icon\" aria-hidden=\"true\">Le jour de la course<\/div>\n<div class=\"m-long-description__best-for-icon\" aria-hidden=\"true\"><img loading=\"lazy\" decoding=\"async\" class=\"a-responsive-image__img\" src=\"https:\/\/www.brooksrunning.com\/on\/demandware.static\/-\/Sites-brooks-master-catalog\/default\/dw57aae252\/specs\/PDP-BestFor-APP-Fit-For-Speed.svg\" alt=\"\" width=\"129\" height=\"129\" \/><\/div>\n<div class=\"m-long-description__best-for-icon\" aria-hidden=\"true\">Entra\u00eenement \u00e0 la vitesse<\/div>\n<div class=\"m-long-description__best-for-icon\" aria-hidden=\"true\"><img loading=\"lazy\" decoding=\"async\" class=\"a-responsive-image__img\" src=\"https:\/\/www.brooksrunning.com\/on\/demandware.static\/-\/Sites-brooks-master-catalog\/default\/dwd365409a\/specs\/PDP-BestFor-APP-Beat-The-Heat.svg\" alt=\"\" width=\"129\" height=\"129\" \/><\/div>\n<div class=\"m-long-description__best-for-text\">Temp\u00e9ratures \u00e9lev\u00e9es<\/div>\n","protected":false},"excerpt":{"rendered":"<ul class=\"m-long-description__features\">\n<li class=\"m-long-description__feature\">\n<div class=\"m-long-description__feature--bullets\" aria-hidden=\"true\">Libert\u00e9 de mouvement<\/div>\n<\/li>\n<li class=\"m-long-description__feature\">\n<div class=\"m-long-description__feature--bullets\" aria-hidden=\"true\">L\u00e9g\u00e8ret\u00e9 et respirabilit\u00e9<\/div>\n<\/li>\n<li class=\"m-long-description__feature\">\n<div class=\"m-long-description__feature--bullets\" aria-hidden=\"true\">Poches pratiques<\/div>\n<\/li>\n<li class=\"m-long-description__feature\">\n<div class=\"m-long-description__feature--bullets\" aria-hidden=\"true\">Espace pour ranger vos essentiels<\/div>\n<\/li>\n<\/ul>\n","protected":false},"featured_media":272517,"template":"","meta":{"_acf_changed":false,"inline_featured_image":false},"product_brand":[],"product_cat":[24477,24482],"product_tag":[23462,23655],"class_list":{"0":"post-301299","1":"product","2":"type-product","3":"status-publish","4":"has-post-thumbnail","6":"product_cat-pantalon-court-fr-3","7":"product_cat-vetements-pour-hommes-fr","8":"product_tag-brooks-fr","9":"product_tag-brooks-homme","10":"pa_attivita-running-fr","11":"pa_attivita-trail-fr","12":"pa_colore-elite-3-split-short-cobalt-fr","13":"pa_marca-brooks-fr","14":"pa_sesso-homme","15":"pa_size-small-fr","17":"first","18":"instock","19":"taxable","20":"shipping-taxable","21":"purchasable","22":"product-type-variable","23":"wvs-archive-product-wrapper"},"acf":[],"yoast_head":"<!-- This site is optimized with the Yoast SEO plugin v26.8 - https:\/\/yoast.com\/product\/yoast-seo-wordpress\/ -->\n<title>Brooks Elite 3&quot; split short homme -Pantalon court d&#039;\u00e9t\u00e9 - MioMioRun<\/title>\n<meta name=\"description\" content=\"Le short de course fiable Elite 3&#039; offre un design l\u00e9ger et a\u00e9rodynamique et une coupe semi-extensible pour les courses et les entra\u00eenements de vitesse.\" \/>\n<meta name=\"robots\" content=\"index, follow, max-snippet:-1, max-image-preview:large, max-video-preview:-1\" \/>\n<link rel=\"canonical\" href=\"https:\/\/www.miomiorun.com\/fr\/produit\/elite-3-split-short-homme\/\" \/>\n<meta property=\"og:locale\" content=\"fr_FR\" \/>\n<meta property=\"og:type\" content=\"article\" \/>\n<meta property=\"og:title\" content=\"Brooks Elite 3&quot; split short homme -Pantalon court d&#039;\u00e9t\u00e9 - MioMioRun\" \/>\n<meta property=\"og:description\" content=\"Le short de course fiable Elite 3&#039; offre un design l\u00e9ger et a\u00e9rodynamique et une coupe semi-extensible pour les courses et les entra\u00eenements de vitesse.\" \/>\n<meta property=\"og:url\" content=\"https:\/\/www.miomiorun.com\/fr\/produit\/elite-3-split-short-homme\/\" \/>\n<meta property=\"og:site_name\" content=\"MioMioRun\" \/>\n<meta property=\"article:publisher\" content=\"https:\/\/www.facebook.com\/miomiorun\/\" \/>\n<meta property=\"article:modified_time\" content=\"2026-05-08T20:41:07+00:00\" \/>\n<meta property=\"og:image\" content=\"https:\/\/www.miomiorun.com\/app\/uploads\/2025\/04\/brooks-Elite-3-split-short-cobalt-211390424.webp\" \/>\n\t<meta property=\"og:image:width\" content=\"600\" \/>\n\t<meta property=\"og:image:height\" content=\"600\" \/>\n\t<meta property=\"og:image:type\" content=\"image\/webp\" \/>\n<meta name=\"twitter:card\" content=\"summary_large_image\" \/>\n<script type=\"application\/ld+json\" class=\"yoast-schema-graph\">{\"@context\":\"https:\/\/schema.org\",\"@graph\":[{\"@type\":\"WebPage\",\"@id\":\"https:\/\/www.miomiorun.com\/fr\/produit\/elite-3-split-short-homme\/\",\"url\":\"https:\/\/www.miomiorun.com\/fr\/produit\/elite-3-split-short-homme\/\",\"name\":\"Brooks Elite 3\\\" split short homme -Pantalon court d'\u00e9t\u00e9 - MioMioRun\",\"isPartOf\":{\"@id\":\"https:\/\/www.miomiorun.com\/fr\/#website\"},\"primaryImageOfPage\":{\"@id\":\"https:\/\/www.miomiorun.com\/fr\/produit\/elite-3-split-short-homme\/#primaryimage\"},\"image\":{\"@id\":\"https:\/\/www.miomiorun.com\/fr\/produit\/elite-3-split-short-homme\/#primaryimage\"},\"thumbnailUrl\":\"https:\/\/www.miomiorun.com\/app\/uploads\/2025\/04\/brooks-Elite-3-split-short-cobalt-211390424.webp\",\"datePublished\":\"2025-04-03T09:35:25+00:00\",\"dateModified\":\"2026-05-08T20:41:07+00:00\",\"description\":\"Le short de course fiable Elite 3' offre un design l\u00e9ger et a\u00e9rodynamique et une coupe semi-extensible pour les courses et les entra\u00eenements de vitesse.\",\"breadcrumb\":{\"@id\":\"https:\/\/www.miomiorun.com\/fr\/produit\/elite-3-split-short-homme\/#breadcrumb\"},\"inLanguage\":\"fr-FR\",\"potentialAction\":[{\"@type\":\"ReadAction\",\"target\":[\"https:\/\/www.miomiorun.com\/fr\/produit\/elite-3-split-short-homme\/\"]}]},{\"@type\":\"ImageObject\",\"inLanguage\":\"fr-FR\",\"@id\":\"https:\/\/www.miomiorun.com\/fr\/produit\/elite-3-split-short-homme\/#primaryimage\",\"url\":\"https:\/\/www.miomiorun.com\/app\/uploads\/2025\/04\/brooks-Elite-3-split-short-cobalt-211390424.webp\",\"contentUrl\":\"https:\/\/www.miomiorun.com\/app\/uploads\/2025\/04\/brooks-Elite-3-split-short-cobalt-211390424.webp\",\"width\":600,\"height\":600,\"caption\":\"brooks Elite 3 split short cobalt 211390424\"},{\"@type\":\"BreadcrumbList\",\"@id\":\"https:\/\/www.miomiorun.com\/fr\/produit\/elite-3-split-short-homme\/#breadcrumb\",\"itemListElement\":[{\"@type\":\"ListItem\",\"position\":1,\"name\":\"Home\",\"item\":\"https:\/\/www.miomiorun.com\/fr\/home-page\/\"},{\"@type\":\"ListItem\",\"position\":2,\"name\":\"Shop\",\"item\":\"https:\/\/www.miomiorun.com\/shop\/\"},{\"@type\":\"ListItem\",\"position\":3,\"name\":\"Elite 3&#8243; split short homme\"}]},{\"@type\":\"WebSite\",\"@id\":\"https:\/\/www.miomiorun.com\/fr\/#website\",\"url\":\"https:\/\/www.miomiorun.com\/fr\/\",\"name\":\"MioMioRun\",\"description\":\"Boutique 100% running et trail\",\"publisher\":{\"@id\":\"https:\/\/www.miomiorun.com\/fr\/#organization\"},\"potentialAction\":[{\"@type\":\"SearchAction\",\"target\":{\"@type\":\"EntryPoint\",\"urlTemplate\":\"https:\/\/www.miomiorun.com\/fr\/?s={search_term_string}\"},\"query-input\":{\"@type\":\"PropertyValueSpecification\",\"valueRequired\":true,\"valueName\":\"search_term_string\"}}],\"inLanguage\":\"fr-FR\"},{\"@type\":\"Organization\",\"@id\":\"https:\/\/www.miomiorun.com\/fr\/#organization\",\"name\":\"MioMio Run\",\"url\":\"https:\/\/www.miomiorun.com\/fr\/\",\"logo\":{\"@type\":\"ImageObject\",\"inLanguage\":\"fr-FR\",\"@id\":\"https:\/\/www.miomiorun.com\/fr\/#\/schema\/logo\/image\/\",\"url\":\"https:\/\/www.miomiorun.com\/app\/uploads\/2019\/12\/logomio.png\",\"contentUrl\":\"https:\/\/www.miomiorun.com\/app\/uploads\/2019\/12\/logomio.png\",\"width\":115,\"height\":82,\"caption\":\"MioMio Run\"},\"image\":{\"@id\":\"https:\/\/www.miomiorun.com\/fr\/#\/schema\/logo\/image\/\"},\"sameAs\":[\"https:\/\/www.facebook.com\/miomiorun\/\",\"https:\/\/www.instagram.com\/miomiorun\/\"]}]}<\/script>\n<!-- \/ Yoast SEO plugin. -->","yoast_head_json":{"title":"Brooks Elite 3\" split short homme -Pantalon court d'\u00e9t\u00e9 - MioMioRun","description":"Le short de course fiable Elite 3' offre un design l\u00e9ger et a\u00e9rodynamique et une coupe semi-extensible pour les courses et les entra\u00eenements de vitesse.","robots":{"index":"index","follow":"follow","max-snippet":"max-snippet:-1","max-image-preview":"max-image-preview:large","max-video-preview":"max-video-preview:-1"},"canonical":"https:\/\/www.miomiorun.com\/fr\/produit\/elite-3-split-short-homme\/","og_locale":"fr_FR","og_type":"article","og_title":"Brooks Elite 3\" split short homme -Pantalon court d'\u00e9t\u00e9 - MioMioRun","og_description":"Le short de course fiable Elite 3' offre un design l\u00e9ger et a\u00e9rodynamique et une coupe semi-extensible pour les courses et les entra\u00eenements de vitesse.","og_url":"https:\/\/www.miomiorun.com\/fr\/produit\/elite-3-split-short-homme\/","og_site_name":"MioMioRun","article_publisher":"https:\/\/www.facebook.com\/miomiorun\/","article_modified_time":"2026-05-08T20:41:07+00:00","og_image":[{"width":600,"height":600,"url":"https:\/\/www.miomiorun.com\/app\/uploads\/2025\/04\/brooks-Elite-3-split-short-cobalt-211390424.webp","type":"image\/webp"}],"twitter_card":"summary_large_image","schema":{"@context":"https:\/\/schema.org","@graph":[{"@type":"WebPage","@id":"https:\/\/www.miomiorun.com\/fr\/produit\/elite-3-split-short-homme\/","url":"https:\/\/www.miomiorun.com\/fr\/produit\/elite-3-split-short-homme\/","name":"Brooks Elite 3\" split short homme -Pantalon court d'\u00e9t\u00e9 - MioMioRun","isPartOf":{"@id":"https:\/\/www.miomiorun.com\/fr\/#website"},"primaryImageOfPage":{"@id":"https:\/\/www.miomiorun.com\/fr\/produit\/elite-3-split-short-homme\/#primaryimage"},"image":{"@id":"https:\/\/www.miomiorun.com\/fr\/produit\/elite-3-split-short-homme\/#primaryimage"},"thumbnailUrl":"https:\/\/www.miomiorun.com\/app\/uploads\/2025\/04\/brooks-Elite-3-split-short-cobalt-211390424.webp","datePublished":"2025-04-03T09:35:25+00:00","dateModified":"2026-05-08T20:41:07+00:00","description":"Le short de course fiable Elite 3' offre un design l\u00e9ger et a\u00e9rodynamique et une coupe semi-extensible pour les courses et les entra\u00eenements de vitesse.","breadcrumb":{"@id":"https:\/\/www.miomiorun.com\/fr\/produit\/elite-3-split-short-homme\/#breadcrumb"},"inLanguage":"fr-FR","potentialAction":[{"@type":"ReadAction","target":["https:\/\/www.miomiorun.com\/fr\/produit\/elite-3-split-short-homme\/"]}]},{"@type":"ImageObject","inLanguage":"fr-FR","@id":"https:\/\/www.miomiorun.com\/fr\/produit\/elite-3-split-short-homme\/#primaryimage","url":"https:\/\/www.miomiorun.com\/app\/uploads\/2025\/04\/brooks-Elite-3-split-short-cobalt-211390424.webp","contentUrl":"https:\/\/www.miomiorun.com\/app\/uploads\/2025\/04\/brooks-Elite-3-split-short-cobalt-211390424.webp","width":600,"height":600,"caption":"brooks Elite 3 split short cobalt 211390424"},{"@type":"BreadcrumbList","@id":"https:\/\/www.miomiorun.com\/fr\/produit\/elite-3-split-short-homme\/#breadcrumb","itemListElement":[{"@type":"ListItem","position":1,"name":"Home","item":"https:\/\/www.miomiorun.com\/fr\/home-page\/"},{"@type":"ListItem","position":2,"name":"Shop","item":"https:\/\/www.miomiorun.com\/shop\/"},{"@type":"ListItem","position":3,"name":"Elite 3&#8243; split short homme"}]},{"@type":"WebSite","@id":"https:\/\/www.miomiorun.com\/fr\/#website","url":"https:\/\/www.miomiorun.com\/fr\/","name":"MioMioRun","description":"Boutique 100% running et trail","publisher":{"@id":"https:\/\/www.miomiorun.com\/fr\/#organization"},"potentialAction":[{"@type":"SearchAction","target":{"@type":"EntryPoint","urlTemplate":"https:\/\/www.miomiorun.com\/fr\/?s={search_term_string}"},"query-input":{"@type":"PropertyValueSpecification","valueRequired":true,"valueName":"search_term_string"}}],"inLanguage":"fr-FR"},{"@type":"Organization","@id":"https:\/\/www.miomiorun.com\/fr\/#organization","name":"MioMio Run","url":"https:\/\/www.miomiorun.com\/fr\/","logo":{"@type":"ImageObject","inLanguage":"fr-FR","@id":"https:\/\/www.miomiorun.com\/fr\/#\/schema\/logo\/image\/","url":"https:\/\/www.miomiorun.com\/app\/uploads\/2019\/12\/logomio.png","contentUrl":"https:\/\/www.miomiorun.com\/app\/uploads\/2019\/12\/logomio.png","width":115,"height":82,"caption":"MioMio Run"},"image":{"@id":"https:\/\/www.miomiorun.com\/fr\/#\/schema\/logo\/image\/"},"sameAs":["https:\/\/www.facebook.com\/miomiorun\/","https:\/\/www.instagram.com\/miomiorun\/"]}]}},"_links":{"self":[{"href":"https:\/\/www.miomiorun.com\/fr\/wp-json\/wp\/v2\/product\/301299","targetHints":{"allow":["GET"]}}],"collection":[{"href":"https:\/\/www.miomiorun.com\/fr\/wp-json\/wp\/v2\/product"}],"about":[{"href":"https:\/\/www.miomiorun.com\/fr\/wp-json\/wp\/v2\/types\/product"}],"wp:featuredmedia":[{"embeddable":true,"href":"https:\/\/www.miomiorun.com\/fr\/wp-json\/wp\/v2\/media\/272517"}],"wp:attachment":[{"href":"https:\/\/www.miomiorun.com\/fr\/wp-json\/wp\/v2\/media?parent=301299"}],"wp:term":[{"taxonomy":"product_brand","embeddable":true,"href":"https:\/\/www.miomiorun.com\/fr\/wp-json\/wp\/v2\/product_brand?post=301299"},{"taxonomy":"product_cat","embeddable":true,"href":"https:\/\/www.miomiorun.com\/fr\/wp-json\/wp\/v2\/product_cat?post=301299"},{"taxonomy":"product_tag","embeddable":true,"href":"https:\/\/www.miomiorun.com\/fr\/wp-json\/wp\/v2\/product_tag?post=301299"}],"curies":[{"name":"wp","href":"https:\/\/api.w.org\/{rel}","templated":true}]}}